{"id":19254,"date":"2025-07-03T13:05:28","date_gmt":"2025-07-03T10:05:28","guid":{"rendered":"https:\/\/skaitytaknyga.lt\/?post_type=product&#038;p=19254"},"modified":"2025-07-08T09:34:11","modified_gmt":"2025-07-08T06:34:11","slug":"ponas-belas-ir-melynasis-eliksyras","status":"publish","type":"product","link":"https:\/\/skaitytaknyga.lt\/en\/produktas\/ponas-belas-ir-melynasis-eliksyras\/","title":{"rendered":"Ponas Belas ir m\u0117lynasis eliksyras"},"content":{"rendered":"<p>Kai kartodavau, jog noriu \u0161uns, jis atsakydavo:<\/p>\n<p>\u2013 Jokio \u0161uns! Laikyti \u0161un\u012f vaistin\u0117je nehigieni\u0161ka.Tai ne\u012fmanoma.<\/p>\n<p>Kuris i\u0161 vaik\u0173 n\u0117ra gird\u0117j\u0119s pana\u0161aus nuosprend\u017eio? Tod\u0117l \u012fsivaizduokit Makso d\u017eiaugsm\u0105, kai j\u0173dviej\u0173 su t\u0117\u010diu namuose galiausiai apsigyveno \u0161uo Belas! O jo atsiradimas lyg ty\u010dia sutapo su keistos senos ponios vizitu, kurio metu ji Makso t\u0117\u010diui padovanojo eliksyro butel\u012f.<\/p>\n<p>Eliksyras veikia ne tik kaip itin stipri tr\u0105\u0161a, bet ir kei\u010dia augalo r\u016b\u0161\u012f. O jo paragav\u0119s Belas netik\u0117tai pavirsta&#8230; \u017emogumi! \u010cia ir prasideda tikrieji nuotykiai!<\/p>\n","protected":false},"excerpt":{"rendered":"<p>Kai kartodavau, jog noriu \u0161uns, jis atsakydavo: \u2013 Jokio \u0161uns! Laikyti \u0161un\u012f vaistin\u0117je nehigieni\u0161ka.Tai ne\u012fmanoma. Kuris i\u0161 vaik\u0173 n\u0117ra gird\u0117j\u0119s pana\u0161aus nuosprend\u017eio? Tod\u0117l \u012fsivaizduokit Makso d\u017eiaugsm\u0105, kai j\u0173dviej\u0173 su t\u0117\u010diu namuose galiausiai apsigyveno \u0161uo Belas! O jo atsiradimas lyg ty\u010dia sutapo su keistos senos ponios vizitu, kurio metu ji Makso t\u0117\u010diui padovanojo eliksyro butel\u012f. Eliksyras veikia ne tik kaip itin stipri tr\u0105\u0161a, bet ir kei\u010dia augalo r\u016b\u0161\u012f. O jo paragav\u0119s Belas netik\u0117tai pavirsta&#8230; \u017emogumi! \u010cia ir prasideda tikrieji nuotykiai!<\/p>\n","protected":false},"featured_media":19256,"comment_status":"open","ping_status":"closed","template":"","meta":{"_acf_changed":false,"site-sidebar-layout":"default","site-content-layout":"","ast-site-content-layout":"default","site-content-style":"default","site-sidebar-style":"default","ast-global-header-display":"","ast-banner-title-visibility":"","ast-main-header-display":"","ast-hfb-above-header-display":"","ast-hfb-below-header-display":"","ast-hfb-mobile-header-display":"","site-post-title":"","ast-breadcrumbs-content":"","ast-featured-img":"","footer-sml-layout":"","ast-disable-related-posts":"","theme-transparent-header-meta":"","adv-header-id-meta":"","stick-header-meta":"","header-above-stick-meta":"","header-main-stick-meta":"","header-below-stick-meta":"","astra-migrate-meta-layouts":"default","ast-page-background-enabled":"default","ast-page-background-meta":{"desktop":{"background-color":"","background-image":"","background-repeat":"repeat","background-position":"center center","background-size":"auto","background-attachment":"scroll","background-type":"","background-media":"","overlay-type":"","overlay-color":"","overlay-opacity":"","overlay-gradient":""},"tablet":{"background-color":"","background-image":"","background-repeat":"repeat","background-position":"center center","background-size":"auto","background-attachment":"scroll","background-type":"","background-media":"","overlay-type":"","overlay-color":"","overlay-opacity":"","overlay-gradient":""},"mobile":{"background-color":"","background-image":"","background-repeat":"repeat","background-position":"center center","background-size":"auto","background-attachment":"scroll","background-type":"","background-media":"","overlay-type":"","overlay-color":"","overlay-opacity":"","overlay-gradient":""}},"ast-content-background-meta":{"desktop":{"background-color":"var(--ast-global-color-4)","background-image":"","background-repeat":"repeat","background-position":"center center","background-size":"auto","background-attachment":"scroll","background-type":"","background-media":"","overlay-type":"","overlay-color":"","overlay-opacity":"","overlay-gradient":""},"tablet":{"background-color":"var(--ast-global-color-4)","background-image":"","background-repeat":"repeat","background-position":"center center","background-size":"auto","background-attachment":"scroll","background-type":"","background-media":"","overlay-type":"","overlay-color":"","overlay-opacity":"","overlay-gradient":""},"mobile":{"background-color":"var(--ast-global-color-4)","background-image":"","background-repeat":"repeat","background-position":"center center","background-size":"auto","background-attachment":"scroll","background-type":"","background-media":"","overlay-type":"","overlay-color":"","overlay-opacity":"","overlay-gradient":""}}},"product_brand":[],"product_cat":[15],"product_tag":[],"class_list":{"0":"post-19254","1":"product","2":"type-product","3":"status-publish","4":"has-post-thumbnail","6":"product_cat-uncategorized","7":"desktop-align-left","8":"tablet-align-left","9":"mobile-align-left","11":"first","12":"instock","13":"shipping-taxable","14":"purchasable","15":"product-type-simple"},"acf":[],"yoast_head":"<!-- This site is optimized with the Yoast SEO plugin v27.4 - https:\/\/yoast.com\/product\/yoast-seo-wordpress\/ -->\n<title>Ponas Belas ir m\u0117lynasis eliksyras<\/title>\n<meta name=\"description\" content=\"Kai kartodavau, jog noriu \u0161uns, jis atsakydavo: \u2013 Jokio \u0161uns! Laikyti \u0161un\u012f vaistin\u0117je nehigieni\u0161ka.Tai ne\u012fmanoma. Kuris i\u0161 vaik\u0173 n\u0117ra gird\u0117j\u0119s pana\u0161aus\" \/>\n<meta name=\"robots\" content=\"index, follow, max-snippet:-1, max-image-preview:large, max-video-preview:-1\" \/>\n<link rel=\"canonical\" href=\"https:\/\/skaitytaknyga.lt\/en\/produktas\/ponas-belas-ir-melynasis-eliksyras\/\" \/>\n<meta property=\"og:locale\" content=\"en_GB\" \/>\n<meta property=\"og:locale:alternate\" content=\"lt_LT\" \/>\n<meta property=\"og:type\" content=\"article\" \/>\n<meta property=\"og:title\" content=\"Ponas Belas ir m\u0117lynasis eliksyras\" \/>\n<meta property=\"og:description\" content=\"Kai kartodavau, jog noriu \u0161uns, jis atsakydavo: \u2013 Jokio \u0161uns! Laikyti \u0161un\u012f vaistin\u0117je nehigieni\u0161ka.Tai ne\u012fmanoma. Kuris i\u0161 vaik\u0173 n\u0117ra gird\u0117j\u0119s pana\u0161aus\" \/>\n<meta property=\"og:url\" content=\"https:\/\/skaitytaknyga.lt\/en\/produktas\/ponas-belas-ir-melynasis-eliksyras\/\" \/>\n<meta property=\"og:site_name\" content=\"Skaitytaknyga\" \/>\n<meta property=\"article:publisher\" content=\"https:\/\/www.facebook.com\/skaitytaknyga\/\" \/>\n<meta property=\"article:modified_time\" content=\"2025-07-08T06:34:11+00:00\" \/>\n<meta property=\"og:image\" content=\"https:\/\/skaitytaknyga.lt\/wp-content\/uploads\/2025\/07\/ponas_belas_ir_melynasis.jpg\" \/>\n\t<meta property=\"og:image:width\" content=\"289\" \/>\n\t<meta property=\"og:image:height\" content=\"400\" \/>\n\t<meta property=\"og:image:type\" content=\"image\/jpeg\" \/>\n<meta name=\"twitter:card\" content=\"summary_large_image\" \/>\n<script type=\"application\/ld+json\" class=\"yoast-schema-graph\">{\"@context\":\"https:\\\/\\\/schema.org\",\"@graph\":[{\"@type\":\"WebPage\",\"@id\":\"https:\\\/\\\/skaitytaknyga.lt\\\/produktas\\\/ponas-belas-ir-melynasis-eliksyras\\\/\",\"url\":\"https:\\\/\\\/skaitytaknyga.lt\\\/produktas\\\/ponas-belas-ir-melynasis-eliksyras\\\/\",\"name\":\"Ponas Belas ir m\u0117lynasis eliksyras\",\"isPartOf\":{\"@id\":\"https:\\\/\\\/skaitytaknyga.lt\\\/#website\"},\"primaryImageOfPage\":{\"@id\":\"https:\\\/\\\/skaitytaknyga.lt\\\/produktas\\\/ponas-belas-ir-melynasis-eliksyras\\\/#primaryimage\"},\"image\":{\"@id\":\"https:\\\/\\\/skaitytaknyga.lt\\\/produktas\\\/ponas-belas-ir-melynasis-eliksyras\\\/#primaryimage\"},\"thumbnailUrl\":\"https:\\\/\\\/skaitytaknyga.lt\\\/wp-content\\\/uploads\\\/2025\\\/07\\\/ponas_belas_ir_melynasis.jpg\",\"datePublished\":\"2025-07-03T10:05:28+00:00\",\"dateModified\":\"2025-07-08T06:34:11+00:00\",\"description\":\"Kai kartodavau, jog noriu \u0161uns, jis atsakydavo: \u2013 Jokio \u0161uns! Laikyti \u0161un\u012f vaistin\u0117je nehigieni\u0161ka.Tai ne\u012fmanoma. Kuris i\u0161 vaik\u0173 n\u0117ra gird\u0117j\u0119s pana\u0161aus\",\"breadcrumb\":{\"@id\":\"https:\\\/\\\/skaitytaknyga.lt\\\/produktas\\\/ponas-belas-ir-melynasis-eliksyras\\\/#breadcrumb\"},\"inLanguage\":\"en-GB\",\"potentialAction\":[{\"@type\":\"ReadAction\",\"target\":[\"https:\\\/\\\/skaitytaknyga.lt\\\/produktas\\\/ponas-belas-ir-melynasis-eliksyras\\\/\"]}]},{\"@type\":\"ImageObject\",\"inLanguage\":\"en-GB\",\"@id\":\"https:\\\/\\\/skaitytaknyga.lt\\\/produktas\\\/ponas-belas-ir-melynasis-eliksyras\\\/#primaryimage\",\"url\":\"https:\\\/\\\/skaitytaknyga.lt\\\/wp-content\\\/uploads\\\/2025\\\/07\\\/ponas_belas_ir_melynasis.jpg\",\"contentUrl\":\"https:\\\/\\\/skaitytaknyga.lt\\\/wp-content\\\/uploads\\\/2025\\\/07\\\/ponas_belas_ir_melynasis.jpg\",\"width\":289,\"height\":400,\"caption\":\"Ponas Belas ir m\u0117lynasis eliksyras\"},{\"@type\":\"BreadcrumbList\",\"@id\":\"https:\\\/\\\/skaitytaknyga.lt\\\/produktas\\\/ponas-belas-ir-melynasis-eliksyras\\\/#breadcrumb\",\"itemListElement\":[{\"@type\":\"ListItem\",\"position\":1,\"name\":\"Home\",\"item\":\"https:\\\/\\\/skaitytaknyga.lt\\\/\"},{\"@type\":\"ListItem\",\"position\":2,\"name\":\"Parduotuv\u0117\",\"item\":\"https:\\\/\\\/skaitytaknyga.lt\\\/knygu-parduotuve\\\/\"},{\"@type\":\"ListItem\",\"position\":3,\"name\":\"Ponas Belas ir m\u0117lynasis eliksyras\"}]},{\"@type\":\"WebSite\",\"@id\":\"https:\\\/\\\/skaitytaknyga.lt\\\/#website\",\"url\":\"https:\\\/\\\/skaitytaknyga.lt\\\/\",\"name\":\"skaitytaknyga.lt\",\"description\":\"Skaitytaknyga.lt \u2013 tai ma\u017eas \u0161eimos verslas, kuris prasid\u0117jo nuo meil\u0117s knygoms ir siekio i\u0161gelb\u0117ti knygas nuo likimo prie konteinerio. Kas vienam nereikalingas daiktas \u2013 kitam lobis, o mes esame tarpininkai, kurie padeda abiems tapti laimingesniems ???? \u017dinome kaip nelengva i\u0161gyventi ma\u017eiems verslams, tad nuo \u0161iol, \u010dia rasite ir kit\u0173, ma\u017e\u0173 \u0161eim\u0173 versl\u0173, rank\u0173 darbo, dovan\u0173 sau ir artimiesiems.\",\"publisher\":{\"@id\":\"https:\\\/\\\/skaitytaknyga.lt\\\/#organization\"},\"potentialAction\":[{\"@type\":\"SearchAction\",\"target\":{\"@type\":\"EntryPoint\",\"urlTemplate\":\"https:\\\/\\\/skaitytaknyga.lt\\\/?s={search_term_string}\"},\"query-input\":{\"@type\":\"PropertyValueSpecification\",\"valueRequired\":true,\"valueName\":\"search_term_string\"}}],\"inLanguage\":\"en-GB\"},{\"@type\":\"Organization\",\"@id\":\"https:\\\/\\\/skaitytaknyga.lt\\\/#organization\",\"name\":\"skaitytaknyga.lt\",\"url\":\"https:\\\/\\\/skaitytaknyga.lt\\\/\",\"logo\":{\"@type\":\"ImageObject\",\"inLanguage\":\"en-GB\",\"@id\":\"https:\\\/\\\/skaitytaknyga.lt\\\/#\\\/schema\\\/logo\\\/image\\\/\",\"url\":\"https:\\\/\\\/skaitytaknyga.lt\\\/wp-content\\\/uploads\\\/2024\\\/05\\\/cropped-cropped-cropped-02_00843_jt3bggkj1j3HLc7SyY6rEUpg.jpeg\",\"contentUrl\":\"https:\\\/\\\/skaitytaknyga.lt\\\/wp-content\\\/uploads\\\/2024\\\/05\\\/cropped-cropped-cropped-02_00843_jt3bggkj1j3HLc7SyY6rEUpg.jpeg\",\"width\":1600,\"height\":1600,\"caption\":\"skaitytaknyga.lt\"},\"image\":{\"@id\":\"https:\\\/\\\/skaitytaknyga.lt\\\/#\\\/schema\\\/logo\\\/image\\\/\"},\"sameAs\":[\"https:\\\/\\\/www.facebook.com\\\/skaitytaknyga\\\/\"]}]}<\/script>\n<!-- \/ Yoast SEO plugin. -->","yoast_head_json":{"title":"Ponas Belas ir m\u0117lynasis eliksyras","description":"Kai kartodavau, jog noriu \u0161uns, jis atsakydavo: \u2013 Jokio \u0161uns! Laikyti \u0161un\u012f vaistin\u0117je nehigieni\u0161ka.Tai ne\u012fmanoma. Kuris i\u0161 vaik\u0173 n\u0117ra gird\u0117j\u0119s pana\u0161aus","robots":{"index":"index","follow":"follow","max-snippet":"max-snippet:-1","max-image-preview":"max-image-preview:large","max-video-preview":"max-video-preview:-1"},"canonical":"https:\/\/skaitytaknyga.lt\/en\/produktas\/ponas-belas-ir-melynasis-eliksyras\/","og_locale":"en_GB","og_type":"article","og_title":"[:lt]Ponas Belas ir m\u0117lynasis eliksyras[:] - Skaitytaknyga","og_description":"Kai kartodavau, jog noriu \u0161uns, jis atsakydavo: \u2013 Jokio \u0161uns! Laikyti \u0161un\u012f vaistin\u0117je nehigieni\u0161ka.Tai ne\u012fmanoma. Kuris i\u0161 vaik\u0173 n\u0117ra gird\u0117j\u0119s pana\u0161aus","og_url":"https:\/\/skaitytaknyga.lt\/en\/produktas\/ponas-belas-ir-melynasis-eliksyras\/","og_site_name":"Skaitytaknyga","article_publisher":"https:\/\/www.facebook.com\/skaitytaknyga\/","article_modified_time":"2025-07-08T06:34:11+00:00","og_image":[{"width":289,"height":400,"url":"https:\/\/skaitytaknyga.lt\/wp-content\/uploads\/2025\/07\/ponas_belas_ir_melynasis.jpg","type":"image\/jpeg"}],"twitter_card":"summary_large_image","schema":{"@context":"https:\/\/schema.org","@graph":[{"@type":"WebPage","@id":"https:\/\/skaitytaknyga.lt\/produktas\/ponas-belas-ir-melynasis-eliksyras\/","url":"https:\/\/skaitytaknyga.lt\/produktas\/ponas-belas-ir-melynasis-eliksyras\/","name":"Ponas Belas ir m\u0117lynasis eliksyras","isPartOf":{"@id":"https:\/\/skaitytaknyga.lt\/#website"},"primaryImageOfPage":{"@id":"https:\/\/skaitytaknyga.lt\/produktas\/ponas-belas-ir-melynasis-eliksyras\/#primaryimage"},"image":{"@id":"https:\/\/skaitytaknyga.lt\/produktas\/ponas-belas-ir-melynasis-eliksyras\/#primaryimage"},"thumbnailUrl":"https:\/\/skaitytaknyga.lt\/wp-content\/uploads\/2025\/07\/ponas_belas_ir_melynasis.jpg","datePublished":"2025-07-03T10:05:28+00:00","dateModified":"2025-07-08T06:34:11+00:00","description":"Kai kartodavau, jog noriu \u0161uns, jis atsakydavo: \u2013 Jokio \u0161uns! Laikyti \u0161un\u012f vaistin\u0117je nehigieni\u0161ka.Tai ne\u012fmanoma. Kuris i\u0161 vaik\u0173 n\u0117ra gird\u0117j\u0119s pana\u0161aus","breadcrumb":{"@id":"https:\/\/skaitytaknyga.lt\/produktas\/ponas-belas-ir-melynasis-eliksyras\/#breadcrumb"},"inLanguage":"en-GB","potentialAction":[{"@type":"ReadAction","target":["https:\/\/skaitytaknyga.lt\/produktas\/ponas-belas-ir-melynasis-eliksyras\/"]}]},{"@type":"ImageObject","inLanguage":"en-GB","@id":"https:\/\/skaitytaknyga.lt\/produktas\/ponas-belas-ir-melynasis-eliksyras\/#primaryimage","url":"https:\/\/skaitytaknyga.lt\/wp-content\/uploads\/2025\/07\/ponas_belas_ir_melynasis.jpg","contentUrl":"https:\/\/skaitytaknyga.lt\/wp-content\/uploads\/2025\/07\/ponas_belas_ir_melynasis.jpg","width":289,"height":400,"caption":"Ponas Belas ir m\u0117lynasis eliksyras"},{"@type":"BreadcrumbList","@id":"https:\/\/skaitytaknyga.lt\/produktas\/ponas-belas-ir-melynasis-eliksyras\/#breadcrumb","itemListElement":[{"@type":"ListItem","position":1,"name":"Home","item":"https:\/\/skaitytaknyga.lt\/"},{"@type":"ListItem","position":2,"name":"Parduotuv\u0117","item":"https:\/\/skaitytaknyga.lt\/knygu-parduotuve\/"},{"@type":"ListItem","position":3,"name":"Ponas Belas ir m\u0117lynasis eliksyras"}]},{"@type":"WebSite","@id":"https:\/\/skaitytaknyga.lt\/#website","url":"https:\/\/skaitytaknyga.lt\/","name":"skaitytaknyga.lt","description":"Skaitytaknyga.lt \u2013 tai ma\u017eas \u0161eimos verslas, kuris prasid\u0117jo nuo meil\u0117s knygoms ir siekio i\u0161gelb\u0117ti knygas nuo likimo prie konteinerio. Kas vienam nereikalingas daiktas \u2013 kitam lobis, o mes esame tarpininkai, kurie padeda abiems tapti laimingesniems ???? \u017dinome kaip nelengva i\u0161gyventi ma\u017eiems verslams, tad nuo \u0161iol, \u010dia rasite ir kit\u0173, ma\u017e\u0173 \u0161eim\u0173 versl\u0173, rank\u0173 darbo, dovan\u0173 sau ir artimiesiems.","publisher":{"@id":"https:\/\/skaitytaknyga.lt\/#organization"},"potentialAction":[{"@type":"SearchAction","target":{"@type":"EntryPoint","urlTemplate":"https:\/\/skaitytaknyga.lt\/?s={search_term_string}"},"query-input":{"@type":"PropertyValueSpecification","valueRequired":true,"valueName":"search_term_string"}}],"inLanguage":"en-GB"},{"@type":"Organization","@id":"https:\/\/skaitytaknyga.lt\/#organization","name":"skaitytaknyga.lt","url":"https:\/\/skaitytaknyga.lt\/","logo":{"@type":"ImageObject","inLanguage":"en-GB","@id":"https:\/\/skaitytaknyga.lt\/#\/schema\/logo\/image\/","url":"https:\/\/skaitytaknyga.lt\/wp-content\/uploads\/2024\/05\/cropped-cropped-cropped-02_00843_jt3bggkj1j3HLc7SyY6rEUpg.jpeg","contentUrl":"https:\/\/skaitytaknyga.lt\/wp-content\/uploads\/2024\/05\/cropped-cropped-cropped-02_00843_jt3bggkj1j3HLc7SyY6rEUpg.jpeg","width":1600,"height":1600,"caption":"skaitytaknyga.lt"},"image":{"@id":"https:\/\/skaitytaknyga.lt\/#\/schema\/logo\/image\/"},"sameAs":["https:\/\/www.facebook.com\/skaitytaknyga\/"]}]}},"_links":{"self":[{"href":"https:\/\/skaitytaknyga.lt\/en\/wp-json\/wp\/v2\/product\/19254","targetHints":{"allow":["GET"]}}],"collection":[{"href":"https:\/\/skaitytaknyga.lt\/en\/wp-json\/wp\/v2\/product"}],"about":[{"href":"https:\/\/skaitytaknyga.lt\/en\/wp-json\/wp\/v2\/types\/product"}],"replies":[{"embeddable":true,"href":"https:\/\/skaitytaknyga.lt\/en\/wp-json\/wp\/v2\/comments?post=19254"}],"wp:featuredmedia":[{"embeddable":true,"href":"https:\/\/skaitytaknyga.lt\/en\/wp-json\/wp\/v2\/media\/19256"}],"wp:attachment":[{"href":"https:\/\/skaitytaknyga.lt\/en\/wp-json\/wp\/v2\/media?parent=19254"}],"wp:term":[{"taxonomy":"product_brand","embeddable":true,"href":"https:\/\/skaitytaknyga.lt\/en\/wp-json\/wp\/v2\/product_brand?post=19254"},{"taxonomy":"product_cat","embeddable":true,"href":"https:\/\/skaitytaknyga.lt\/en\/wp-json\/wp\/v2\/product_cat?post=19254"},{"taxonomy":"product_tag","embeddable":true,"href":"https:\/\/skaitytaknyga.lt\/en\/wp-json\/wp\/v2\/product_tag?post=19254"}],"curies":[{"name":"wp","href":"https:\/\/api.w.org\/{rel}","templated":true}]}}