{"id":19234,"date":"2025-07-03T11:26:37","date_gmt":"2025-07-03T08:26:37","guid":{"rendered":"https:\/\/skaitytaknyga.lt\/?post_type=product&#038;p=19234"},"modified":"2025-07-07T09:26:14","modified_gmt":"2025-07-07T06:26:14","slug":"ponas-tadas","status":"publish","type":"product","link":"https:\/\/skaitytaknyga.lt\/en\/produktas\/ponas-tadas\/","title":{"rendered":"Ponas Tadas"},"content":{"rendered":"<p>Adomas Mickevi\u010dius \u012f\u0117jo \u012f pasaulin\u0119 literat\u016br\u0105 kaip kovingas romantikas: kar\u0161tai gyn\u0117 tautos ir asmenyb\u0117s teis\u0119 \u012f laisv\u0119, protestavo prie\u0161 baud\u017eiav\u0105, kviet\u0117 \u012f kov\u0105 prie\u0161 galing\u0105 anuomet reakcijos tvirtov\u0119 \u2013 carizm\u0105. Jis visokeriopai puosel\u0117jo meil\u0119 gimtajam kra\u0161tui bei jo istorijai. Kaip ir kiti to meto romantikai, skelb\u0117si es\u0105s kilme \u2013 lietuvis, tautybe \u2013 lenkas (gente lithuanus, natione polonus).<\/p>\n<p>Istorin\u0117se poemose \u201eGra\u017eina\u201d, \u201eKonradas Valenrodas\u201d i\u0161auk\u0161tino lietuvius, kovojusius su kry\u017eiuo\u010diais, j\u0173 valingum\u0105, patriotizm\u0105. Jose, kaip ir \u017eymiausioje poemoje \u201ePonas Tadas\u201d, poetizuojama Lietuvos gamta, sukurta daug ry\u0161ki\u0173 lyrini\u0173 Lietuvos kra\u0161tovaizd\u017eio paveiksl\u0173, epi\u0161k\u0173 senosios Lietuvos buities, kasdienio gyvenimo vaizd\u0173. K\u016briniai, ypa\u010d istorin\u0117s poemos, skatino lietuvi\u0173 tautin\u012f jud\u0117jim\u0105, tautin\u0117s savimon\u0117s ugdym\u0105, tur\u0117jo \u012ftakos lietuvi\u0173 literat\u016brai. Nuo mitingo prie A. Mickevi\u010diaus paminklo Vilniuje fakti\u0161kai prasid\u0117jo Lietuvos atgimimas.<\/p>\n","protected":false},"excerpt":{"rendered":"<p>Adomas Mickevi\u010dius \u012f\u0117jo \u012f pasaulin\u0119 literat\u016br\u0105 kaip kovingas romantikas: kar\u0161tai gyn\u0117 tautos ir asmenyb\u0117s teis\u0119 \u012f laisv\u0119, protestavo prie\u0161 baud\u017eiav\u0105, kviet\u0117 \u012f kov\u0105 prie\u0161 galing\u0105 anuomet reakcijos tvirtov\u0119 \u2013 carizm\u0105. Jis visokeriopai puosel\u0117jo meil\u0119 gimtajam kra\u0161tui bei jo istorijai. Kaip ir kiti to meto romantikai, skelb\u0117si es\u0105s kilme \u2013 lietuvis, tautybe \u2013 lenkas (gente lithuanus, natione polonus). Istorin\u0117se poemose \u201eGra\u017eina\u201d, \u201eKonradas Valenrodas\u201d i\u0161auk\u0161tino lietuvius, kovojusius su kry\u017eiuo\u010diais, j\u0173 valingum\u0105, patriotizm\u0105. Jose, kaip ir \u017eymiausioje poemoje \u201ePonas Tadas\u201d, poetizuojama Lietuvos gamta, sukurta daug ry\u0161ki\u0173 lyrini\u0173 Lietuvos kra\u0161tovaizd\u017eio paveiksl\u0173, epi\u0161k\u0173 senosios Lietuvos buities, kasdienio gyvenimo vaizd\u0173. K\u016briniai, ypa\u010d istorin\u0117s poemos, skatino lietuvi\u0173 tautin\u012f jud\u0117jim\u0105, tautin\u0117s savimon\u0117s ugdym\u0105, tur\u0117jo \u012ftakos lietuvi\u0173 literat\u016brai. Nuo mitingo prie A. Mickevi\u010diaus paminklo Vilniuje fakti\u0161kai prasid\u0117jo Lietuvos atgimimas.<\/p>\n","protected":false},"featured_media":19239,"comment_status":"open","ping_status":"closed","template":"","meta":{"_acf_changed":false,"site-sidebar-layout":"default","site-content-layout":"","ast-site-content-layout":"default","site-content-style":"default","site-sidebar-style":"default","ast-global-header-display":"","ast-banner-title-visibility":"","ast-main-header-display":"","ast-hfb-above-header-display":"","ast-hfb-below-header-display":"","ast-hfb-mobile-header-display":"","site-post-title":"","ast-breadcrumbs-content":"","ast-featured-img":"","footer-sml-layout":"","ast-disable-related-posts":"","theme-transparent-header-meta":"","adv-header-id-meta":"","stick-header-meta":"","header-above-stick-meta":"","header-main-stick-meta":"","header-below-stick-meta":"","astra-migrate-meta-layouts":"default","ast-page-background-enabled":"default","ast-page-background-meta":{"desktop":{"background-color":"","background-image":"","background-repeat":"repeat","background-position":"center center","background-size":"auto","background-attachment":"scroll","background-type":"","background-media":"","overlay-type":"","overlay-color":"","overlay-opacity":"","overlay-gradient":""},"tablet":{"background-color":"","background-image":"","background-repeat":"repeat","background-position":"center center","background-size":"auto","background-attachment":"scroll","background-type":"","background-media":"","overlay-type":"","overlay-color":"","overlay-opacity":"","overlay-gradient":""},"mobile":{"background-color":"","background-image":"","background-repeat":"repeat","background-position":"center center","background-size":"auto","background-attachment":"scroll","background-type":"","background-media":"","overlay-type":"","overlay-color":"","overlay-opacity":"","overlay-gradient":""}},"ast-content-background-meta":{"desktop":{"background-color":"var(--ast-global-color-4)","background-image":"","background-repeat":"repeat","background-position":"center center","background-size":"auto","background-attachment":"scroll","background-type":"","background-media":"","overlay-type":"","overlay-color":"","overlay-opacity":"","overlay-gradient":""},"tablet":{"background-color":"var(--ast-global-color-4)","background-image":"","background-repeat":"repeat","background-position":"center center","background-size":"auto","background-attachment":"scroll","background-type":"","background-media":"","overlay-type":"","overlay-color":"","overlay-opacity":"","overlay-gradient":""},"mobile":{"background-color":"var(--ast-global-color-4)","background-image":"","background-repeat":"repeat","background-position":"center center","background-size":"auto","background-attachment":"scroll","background-type":"","background-media":"","overlay-type":"","overlay-color":"","overlay-opacity":"","overlay-gradient":""}}},"product_brand":[],"product_cat":[31],"product_tag":[],"class_list":{"0":"post-19234","1":"product","2":"type-product","3":"status-publish","4":"has-post-thumbnail","6":"product_cat-grozine-literatura","7":"desktop-align-left","8":"tablet-align-left","9":"mobile-align-left","11":"first","12":"instock","13":"shipping-taxable","14":"purchasable","15":"product-type-simple"},"acf":[],"yoast_head":"<!-- This site is optimized with the Yoast SEO plugin v27.4 - https:\/\/yoast.com\/product\/yoast-seo-wordpress\/ -->\n<title>Ponas Tadas<\/title>\n<meta name=\"description\" content=\"Adomas Mickevi\u010dius \u012f\u0117jo \u012f pasaulin\u0119 literat\u016br\u0105 kaip kovingas romantikas: kar\u0161tai gyn\u0117 tautos ir asmenyb\u0117s teis\u0119 \u012f laisv\u0119, protestavo prie\u0161 baud\u017eiav\u0105,\" \/>\n<meta name=\"robots\" content=\"index, follow, max-snippet:-1, max-image-preview:large, max-video-preview:-1\" \/>\n<link rel=\"canonical\" href=\"https:\/\/skaitytaknyga.lt\/en\/produktas\/ponas-tadas\/\" \/>\n<meta property=\"og:locale\" content=\"en_GB\" \/>\n<meta property=\"og:locale:alternate\" content=\"lt_LT\" \/>\n<meta property=\"og:type\" content=\"article\" \/>\n<meta property=\"og:title\" content=\"Ponas Tadas\" \/>\n<meta property=\"og:description\" content=\"Adomas Mickevi\u010dius \u012f\u0117jo \u012f pasaulin\u0119 literat\u016br\u0105 kaip kovingas romantikas: kar\u0161tai gyn\u0117 tautos ir asmenyb\u0117s teis\u0119 \u012f laisv\u0119, protestavo prie\u0161 baud\u017eiav\u0105,\" \/>\n<meta property=\"og:url\" content=\"https:\/\/skaitytaknyga.lt\/en\/produktas\/ponas-tadas\/\" \/>\n<meta property=\"og:site_name\" content=\"Skaitytaknyga\" \/>\n<meta property=\"article:publisher\" content=\"https:\/\/www.facebook.com\/skaitytaknyga\/\" \/>\n<meta property=\"article:modified_time\" content=\"2025-07-07T06:26:14+00:00\" \/>\n<meta property=\"og:image\" content=\"https:\/\/skaitytaknyga.lt\/wp-content\/uploads\/2025\/07\/ponas-tadas.jpeg\" \/>\n\t<meta property=\"og:image:width\" content=\"173\" \/>\n\t<meta property=\"og:image:height\" content=\"292\" \/>\n\t<meta property=\"og:image:type\" content=\"image\/jpeg\" \/>\n<meta name=\"twitter:card\" content=\"summary_large_image\" \/>\n<meta name=\"twitter:label1\" content=\"Estimated reading time\" \/>\n\t<meta name=\"twitter:data1\" content=\"1 minute\" \/>\n<script type=\"application\/ld+json\" class=\"yoast-schema-graph\">{\"@context\":\"https:\\\/\\\/schema.org\",\"@graph\":[{\"@type\":\"WebPage\",\"@id\":\"https:\\\/\\\/skaitytaknyga.lt\\\/produktas\\\/ponas-tadas\\\/\",\"url\":\"https:\\\/\\\/skaitytaknyga.lt\\\/produktas\\\/ponas-tadas\\\/\",\"name\":\"Ponas Tadas\",\"isPartOf\":{\"@id\":\"https:\\\/\\\/skaitytaknyga.lt\\\/#website\"},\"primaryImageOfPage\":{\"@id\":\"https:\\\/\\\/skaitytaknyga.lt\\\/produktas\\\/ponas-tadas\\\/#primaryimage\"},\"image\":{\"@id\":\"https:\\\/\\\/skaitytaknyga.lt\\\/produktas\\\/ponas-tadas\\\/#primaryimage\"},\"thumbnailUrl\":\"https:\\\/\\\/skaitytaknyga.lt\\\/wp-content\\\/uploads\\\/2025\\\/07\\\/ponas-tadas.jpeg\",\"datePublished\":\"2025-07-03T08:26:37+00:00\",\"dateModified\":\"2025-07-07T06:26:14+00:00\",\"description\":\"Adomas Mickevi\u010dius \u012f\u0117jo \u012f pasaulin\u0119 literat\u016br\u0105 kaip kovingas romantikas: kar\u0161tai gyn\u0117 tautos ir asmenyb\u0117s teis\u0119 \u012f laisv\u0119, protestavo prie\u0161 baud\u017eiav\u0105,\",\"breadcrumb\":{\"@id\":\"https:\\\/\\\/skaitytaknyga.lt\\\/produktas\\\/ponas-tadas\\\/#breadcrumb\"},\"inLanguage\":\"en-GB\",\"potentialAction\":[{\"@type\":\"ReadAction\",\"target\":[\"https:\\\/\\\/skaitytaknyga.lt\\\/produktas\\\/ponas-tadas\\\/\"]}]},{\"@type\":\"ImageObject\",\"inLanguage\":\"en-GB\",\"@id\":\"https:\\\/\\\/skaitytaknyga.lt\\\/produktas\\\/ponas-tadas\\\/#primaryimage\",\"url\":\"https:\\\/\\\/skaitytaknyga.lt\\\/wp-content\\\/uploads\\\/2025\\\/07\\\/ponas-tadas.jpeg\",\"contentUrl\":\"https:\\\/\\\/skaitytaknyga.lt\\\/wp-content\\\/uploads\\\/2025\\\/07\\\/ponas-tadas.jpeg\",\"width\":173,\"height\":292,\"caption\":\"Ponas Tadas\"},{\"@type\":\"BreadcrumbList\",\"@id\":\"https:\\\/\\\/skaitytaknyga.lt\\\/produktas\\\/ponas-tadas\\\/#breadcrumb\",\"itemListElement\":[{\"@type\":\"ListItem\",\"position\":1,\"name\":\"Home\",\"item\":\"https:\\\/\\\/skaitytaknyga.lt\\\/\"},{\"@type\":\"ListItem\",\"position\":2,\"name\":\"Parduotuv\u0117\",\"item\":\"https:\\\/\\\/skaitytaknyga.lt\\\/knygu-parduotuve\\\/\"},{\"@type\":\"ListItem\",\"position\":3,\"name\":\"Ponas Tadas\"}]},{\"@type\":\"WebSite\",\"@id\":\"https:\\\/\\\/skaitytaknyga.lt\\\/#website\",\"url\":\"https:\\\/\\\/skaitytaknyga.lt\\\/\",\"name\":\"skaitytaknyga.lt\",\"description\":\"Skaitytaknyga.lt \u2013 tai ma\u017eas \u0161eimos verslas, kuris prasid\u0117jo nuo meil\u0117s knygoms ir siekio i\u0161gelb\u0117ti knygas nuo likimo prie konteinerio. Kas vienam nereikalingas daiktas \u2013 kitam lobis, o mes esame tarpininkai, kurie padeda abiems tapti laimingesniems ???? \u017dinome kaip nelengva i\u0161gyventi ma\u017eiems verslams, tad nuo \u0161iol, \u010dia rasite ir kit\u0173, ma\u017e\u0173 \u0161eim\u0173 versl\u0173, rank\u0173 darbo, dovan\u0173 sau ir artimiesiems.\",\"publisher\":{\"@id\":\"https:\\\/\\\/skaitytaknyga.lt\\\/#organization\"},\"potentialAction\":[{\"@type\":\"SearchAction\",\"target\":{\"@type\":\"EntryPoint\",\"urlTemplate\":\"https:\\\/\\\/skaitytaknyga.lt\\\/?s={search_term_string}\"},\"query-input\":{\"@type\":\"PropertyValueSpecification\",\"valueRequired\":true,\"valueName\":\"search_term_string\"}}],\"inLanguage\":\"en-GB\"},{\"@type\":\"Organization\",\"@id\":\"https:\\\/\\\/skaitytaknyga.lt\\\/#organization\",\"name\":\"skaitytaknyga.lt\",\"url\":\"https:\\\/\\\/skaitytaknyga.lt\\\/\",\"logo\":{\"@type\":\"ImageObject\",\"inLanguage\":\"en-GB\",\"@id\":\"https:\\\/\\\/skaitytaknyga.lt\\\/#\\\/schema\\\/logo\\\/image\\\/\",\"url\":\"https:\\\/\\\/skaitytaknyga.lt\\\/wp-content\\\/uploads\\\/2024\\\/05\\\/cropped-cropped-cropped-02_00843_jt3bggkj1j3HLc7SyY6rEUpg.jpeg\",\"contentUrl\":\"https:\\\/\\\/skaitytaknyga.lt\\\/wp-content\\\/uploads\\\/2024\\\/05\\\/cropped-cropped-cropped-02_00843_jt3bggkj1j3HLc7SyY6rEUpg.jpeg\",\"width\":1600,\"height\":1600,\"caption\":\"skaitytaknyga.lt\"},\"image\":{\"@id\":\"https:\\\/\\\/skaitytaknyga.lt\\\/#\\\/schema\\\/logo\\\/image\\\/\"},\"sameAs\":[\"https:\\\/\\\/www.facebook.com\\\/skaitytaknyga\\\/\"]}]}<\/script>\n<!-- \/ Yoast SEO plugin. -->","yoast_head_json":{"title":"Ponas Tadas","description":"Adomas Mickevi\u010dius \u012f\u0117jo \u012f pasaulin\u0119 literat\u016br\u0105 kaip kovingas romantikas: kar\u0161tai gyn\u0117 tautos ir asmenyb\u0117s teis\u0119 \u012f laisv\u0119, protestavo prie\u0161 baud\u017eiav\u0105,","robots":{"index":"index","follow":"follow","max-snippet":"max-snippet:-1","max-image-preview":"max-image-preview:large","max-video-preview":"max-video-preview:-1"},"canonical":"https:\/\/skaitytaknyga.lt\/en\/produktas\/ponas-tadas\/","og_locale":"en_GB","og_type":"article","og_title":"[:lt]Ponas Tadas[:] - Skaitytaknyga","og_description":"Adomas Mickevi\u010dius \u012f\u0117jo \u012f pasaulin\u0119 literat\u016br\u0105 kaip kovingas romantikas: kar\u0161tai gyn\u0117 tautos ir asmenyb\u0117s teis\u0119 \u012f laisv\u0119, protestavo prie\u0161 baud\u017eiav\u0105,","og_url":"https:\/\/skaitytaknyga.lt\/en\/produktas\/ponas-tadas\/","og_site_name":"Skaitytaknyga","article_publisher":"https:\/\/www.facebook.com\/skaitytaknyga\/","article_modified_time":"2025-07-07T06:26:14+00:00","og_image":[{"width":173,"height":292,"url":"https:\/\/skaitytaknyga.lt\/wp-content\/uploads\/2025\/07\/ponas-tadas.jpeg","type":"image\/jpeg"}],"twitter_card":"summary_large_image","twitter_misc":{"Estimated reading time":"1 minute"},"schema":{"@context":"https:\/\/schema.org","@graph":[{"@type":"WebPage","@id":"https:\/\/skaitytaknyga.lt\/produktas\/ponas-tadas\/","url":"https:\/\/skaitytaknyga.lt\/produktas\/ponas-tadas\/","name":"Ponas Tadas","isPartOf":{"@id":"https:\/\/skaitytaknyga.lt\/#website"},"primaryImageOfPage":{"@id":"https:\/\/skaitytaknyga.lt\/produktas\/ponas-tadas\/#primaryimage"},"image":{"@id":"https:\/\/skaitytaknyga.lt\/produktas\/ponas-tadas\/#primaryimage"},"thumbnailUrl":"https:\/\/skaitytaknyga.lt\/wp-content\/uploads\/2025\/07\/ponas-tadas.jpeg","datePublished":"2025-07-03T08:26:37+00:00","dateModified":"2025-07-07T06:26:14+00:00","description":"Adomas Mickevi\u010dius \u012f\u0117jo \u012f pasaulin\u0119 literat\u016br\u0105 kaip kovingas romantikas: kar\u0161tai gyn\u0117 tautos ir asmenyb\u0117s teis\u0119 \u012f laisv\u0119, protestavo prie\u0161 baud\u017eiav\u0105,","breadcrumb":{"@id":"https:\/\/skaitytaknyga.lt\/produktas\/ponas-tadas\/#breadcrumb"},"inLanguage":"en-GB","potentialAction":[{"@type":"ReadAction","target":["https:\/\/skaitytaknyga.lt\/produktas\/ponas-tadas\/"]}]},{"@type":"ImageObject","inLanguage":"en-GB","@id":"https:\/\/skaitytaknyga.lt\/produktas\/ponas-tadas\/#primaryimage","url":"https:\/\/skaitytaknyga.lt\/wp-content\/uploads\/2025\/07\/ponas-tadas.jpeg","contentUrl":"https:\/\/skaitytaknyga.lt\/wp-content\/uploads\/2025\/07\/ponas-tadas.jpeg","width":173,"height":292,"caption":"Ponas Tadas"},{"@type":"BreadcrumbList","@id":"https:\/\/skaitytaknyga.lt\/produktas\/ponas-tadas\/#breadcrumb","itemListElement":[{"@type":"ListItem","position":1,"name":"Home","item":"https:\/\/skaitytaknyga.lt\/"},{"@type":"ListItem","position":2,"name":"Parduotuv\u0117","item":"https:\/\/skaitytaknyga.lt\/knygu-parduotuve\/"},{"@type":"ListItem","position":3,"name":"Ponas Tadas"}]},{"@type":"WebSite","@id":"https:\/\/skaitytaknyga.lt\/#website","url":"https:\/\/skaitytaknyga.lt\/","name":"skaitytaknyga.lt","description":"Skaitytaknyga.lt \u2013 tai ma\u017eas \u0161eimos verslas, kuris prasid\u0117jo nuo meil\u0117s knygoms ir siekio i\u0161gelb\u0117ti knygas nuo likimo prie konteinerio. Kas vienam nereikalingas daiktas \u2013 kitam lobis, o mes esame tarpininkai, kurie padeda abiems tapti laimingesniems ???? \u017dinome kaip nelengva i\u0161gyventi ma\u017eiems verslams, tad nuo \u0161iol, \u010dia rasite ir kit\u0173, ma\u017e\u0173 \u0161eim\u0173 versl\u0173, rank\u0173 darbo, dovan\u0173 sau ir artimiesiems.","publisher":{"@id":"https:\/\/skaitytaknyga.lt\/#organization"},"potentialAction":[{"@type":"SearchAction","target":{"@type":"EntryPoint","urlTemplate":"https:\/\/skaitytaknyga.lt\/?s={search_term_string}"},"query-input":{"@type":"PropertyValueSpecification","valueRequired":true,"valueName":"search_term_string"}}],"inLanguage":"en-GB"},{"@type":"Organization","@id":"https:\/\/skaitytaknyga.lt\/#organization","name":"skaitytaknyga.lt","url":"https:\/\/skaitytaknyga.lt\/","logo":{"@type":"ImageObject","inLanguage":"en-GB","@id":"https:\/\/skaitytaknyga.lt\/#\/schema\/logo\/image\/","url":"https:\/\/skaitytaknyga.lt\/wp-content\/uploads\/2024\/05\/cropped-cropped-cropped-02_00843_jt3bggkj1j3HLc7SyY6rEUpg.jpeg","contentUrl":"https:\/\/skaitytaknyga.lt\/wp-content\/uploads\/2024\/05\/cropped-cropped-cropped-02_00843_jt3bggkj1j3HLc7SyY6rEUpg.jpeg","width":1600,"height":1600,"caption":"skaitytaknyga.lt"},"image":{"@id":"https:\/\/skaitytaknyga.lt\/#\/schema\/logo\/image\/"},"sameAs":["https:\/\/www.facebook.com\/skaitytaknyga\/"]}]}},"_links":{"self":[{"href":"https:\/\/skaitytaknyga.lt\/en\/wp-json\/wp\/v2\/product\/19234","targetHints":{"allow":["GET"]}}],"collection":[{"href":"https:\/\/skaitytaknyga.lt\/en\/wp-json\/wp\/v2\/product"}],"about":[{"href":"https:\/\/skaitytaknyga.lt\/en\/wp-json\/wp\/v2\/types\/product"}],"replies":[{"embeddable":true,"href":"https:\/\/skaitytaknyga.lt\/en\/wp-json\/wp\/v2\/comments?post=19234"}],"wp:featuredmedia":[{"embeddable":true,"href":"https:\/\/skaitytaknyga.lt\/en\/wp-json\/wp\/v2\/media\/19239"}],"wp:attachment":[{"href":"https:\/\/skaitytaknyga.lt\/en\/wp-json\/wp\/v2\/media?parent=19234"}],"wp:term":[{"taxonomy":"product_brand","embeddable":true,"href":"https:\/\/skaitytaknyga.lt\/en\/wp-json\/wp\/v2\/product_brand?post=19234"},{"taxonomy":"product_cat","embeddable":true,"href":"https:\/\/skaitytaknyga.lt\/en\/wp-json\/wp\/v2\/product_cat?post=19234"},{"taxonomy":"product_tag","embeddable":true,"href":"https:\/\/skaitytaknyga.lt\/en\/wp-json\/wp\/v2\/product_tag?post=19234"}],"curies":[{"name":"wp","href":"https:\/\/api.w.org\/{rel}","templated":true}]}}