{"id":19227,"date":"2025-07-03T11:17:18","date_gmt":"2025-07-03T08:17:18","guid":{"rendered":"https:\/\/skaitytaknyga.lt\/?post_type=product&#038;p=19227"},"modified":"2025-07-07T09:26:15","modified_gmt":"2025-07-07T06:26:15","slug":"ultima","status":"publish","type":"product","link":"https:\/\/skaitytaknyga.lt\/en\/produktas\/ultima\/","title":{"rendered":"ULTIMA"},"content":{"rendered":"<p>Itin brangi\u0173 meno k\u016brini\u0173 pardav\u0117ja Elizabeta Tirlink \u017eino, kas yra klastot\u0117. Juk ir pati Elizabeta tokia&#8230;<\/p>\n<p>Jos tikroji tapatyb\u0117 \u2013 D\u017eudita Re\u0161lei \u2013 u\u017ekasta giliai po melo sluoksniu. \u0160\u012f kart\u0105, patekusi \u012f kruvin\u0105 kry\u017ekel\u0119 tarp rus\u0173 mafijos boso ir korumpuoto ital\u0173 policijos detektyvo, D\u017eudita yra priversta suklastoti meno \u0161edevr\u0105 ir parduoti j\u012f u\u017e daugiau kaip \u0161imt\u0105 milijon\u0173 aukcion\u0173 namuose, kur anks\u010diau dirbo paprasta asistente.<\/p>\n<p>Id\u0117ja apmauti apgail\u0117tin\u0105 buvus\u012f darbdav\u012f ir pasaulin\u0119 meno \u012fstaig\u0105 D\u017euditai kelia jaudul\u012f, bet prisitaikiusi nauj\u0105j\u0105 tapatyb\u0119 ji kelia dar didesn\u012f pavoj\u0173 sau, o i\u0161ai\u0161k\u0117jusi tiesa apie D\u017euditos praeit\u012f \u0161okiruoja.<\/p>\n<p>Yra tik viena gr\u0117sm\u0117, kurios D\u017euditai dar nepavyko perprasti&#8230; Meil\u0117.<\/p>\n<p>ULTIMA \u2013 tre\u010dioji knygos MAESTRA dalis \u2013 ne ma\u017eiau skandalinga ir provokuojanti.<\/p>\n<p>Dar vienas a\u0161trus ir siautulingas romanas. Sunday Mirror<\/p>\n","protected":false},"excerpt":{"rendered":"<p>Itin brangi\u0173 meno k\u016brini\u0173 pardav\u0117ja Elizabeta Tirlink \u017eino, kas yra klastot\u0117. Juk ir pati Elizabeta tokia&#8230; Jos tikroji tapatyb\u0117 \u2013 D\u017eudita Re\u0161lei \u2013 u\u017ekasta giliai po melo sluoksniu. \u0160\u012f kart\u0105, patekusi \u012f kruvin\u0105 kry\u017ekel\u0119 tarp rus\u0173 mafijos boso ir korumpuoto ital\u0173 policijos detektyvo, D\u017eudita yra priversta suklastoti meno \u0161edevr\u0105 ir parduoti j\u012f u\u017e daugiau kaip \u0161imt\u0105 milijon\u0173 aukcion\u0173 namuose, kur anks\u010diau dirbo paprasta asistente. Id\u0117ja apmauti apgail\u0117tin\u0105 buvus\u012f darbdav\u012f ir pasaulin\u0119 meno \u012fstaig\u0105 D\u017euditai kelia jaudul\u012f, bet prisitaikiusi nauj\u0105j\u0105 tapatyb\u0119 ji kelia dar didesn\u012f pavoj\u0173 sau, o i\u0161ai\u0161k\u0117jusi tiesa apie D\u017euditos praeit\u012f \u0161okiruoja. Yra tik viena gr\u0117sm\u0117, kurios D\u017euditai dar nepavyko perprasti&#8230; Meil\u0117. ULTIMA \u2013 tre\u010dioji knygos MAESTRA dalis \u2013 ne ma\u017eiau skandalinga ir provokuojanti. Dar vienas a\u0161trus ir siautulingas romanas. Sunday Mirror<\/p>\n","protected":false},"featured_media":19232,"comment_status":"open","ping_status":"closed","template":"","meta":{"_acf_changed":false,"site-sidebar-layout":"default","site-content-layout":"","ast-site-content-layout":"default","site-content-style":"default","site-sidebar-style":"default","ast-global-header-display":"","ast-banner-title-visibility":"","ast-main-header-display":"","ast-hfb-above-header-display":"","ast-hfb-below-header-display":"","ast-hfb-mobile-header-display":"","site-post-title":"","ast-breadcrumbs-content":"","ast-featured-img":"","footer-sml-layout":"","ast-disable-related-posts":"","theme-transparent-header-meta":"","adv-header-id-meta":"","stick-header-meta":"","header-above-stick-meta":"","header-main-stick-meta":"","header-below-stick-meta":"","astra-migrate-meta-layouts":"default","ast-page-background-enabled":"default","ast-page-background-meta":{"desktop":{"background-color":"","background-image":"","background-repeat":"repeat","background-position":"center center","background-size":"auto","background-attachment":"scroll","background-type":"","background-media":"","overlay-type":"","overlay-color":"","overlay-opacity":"","overlay-gradient":""},"tablet":{"background-color":"","background-image":"","background-repeat":"repeat","background-position":"center center","background-size":"auto","background-attachment":"scroll","background-type":"","background-media":"","overlay-type":"","overlay-color":"","overlay-opacity":"","overlay-gradient":""},"mobile":{"background-color":"","background-image":"","background-repeat":"repeat","background-position":"center center","background-size":"auto","background-attachment":"scroll","background-type":"","background-media":"","overlay-type":"","overlay-color":"","overlay-opacity":"","overlay-gradient":""}},"ast-content-background-meta":{"desktop":{"background-color":"var(--ast-global-color-4)","background-image":"","background-repeat":"repeat","background-position":"center center","background-size":"auto","background-attachment":"scroll","background-type":"","background-media":"","overlay-type":"","overlay-color":"","overlay-opacity":"","overlay-gradient":""},"tablet":{"background-color":"var(--ast-global-color-4)","background-image":"","background-repeat":"repeat","background-position":"center center","background-size":"auto","background-attachment":"scroll","background-type":"","background-media":"","overlay-type":"","overlay-color":"","overlay-opacity":"","overlay-gradient":""},"mobile":{"background-color":"var(--ast-global-color-4)","background-image":"","background-repeat":"repeat","background-position":"center center","background-size":"auto","background-attachment":"scroll","background-type":"","background-media":"","overlay-type":"","overlay-color":"","overlay-opacity":"","overlay-gradient":""}}},"product_brand":[],"product_cat":[31],"product_tag":[],"class_list":{"0":"post-19227","1":"product","2":"type-product","3":"status-publish","4":"has-post-thumbnail","6":"product_cat-grozine-literatura","7":"desktop-align-left","8":"tablet-align-left","9":"mobile-align-left","11":"first","12":"instock","13":"shipping-taxable","14":"purchasable","15":"product-type-simple"},"acf":[],"yoast_head":"<!-- This site is optimized with the Yoast SEO plugin v27.4 - https:\/\/yoast.com\/product\/yoast-seo-wordpress\/ -->\n<title>ULTIMA<\/title>\n<meta name=\"description\" content=\"Itin brangi\u0173 meno k\u016brini\u0173 pardav\u0117ja Elizabeta Tirlink \u017eino, kas yra klastot\u0117. Juk ir pati Elizabeta tokia... Jos tikroji tapatyb\u0117 \u2013 D\u017eudita Re\u0161lei \u2013\" \/>\n<meta name=\"robots\" content=\"index, follow, max-snippet:-1, max-image-preview:large, max-video-preview:-1\" \/>\n<link rel=\"canonical\" href=\"https:\/\/skaitytaknyga.lt\/en\/produktas\/ultima\/\" \/>\n<meta property=\"og:locale\" content=\"en_GB\" \/>\n<meta property=\"og:locale:alternate\" content=\"lt_LT\" \/>\n<meta property=\"og:type\" content=\"article\" \/>\n<meta property=\"og:title\" content=\"ULTIMA\" \/>\n<meta property=\"og:description\" content=\"Itin brangi\u0173 meno k\u016brini\u0173 pardav\u0117ja Elizabeta Tirlink \u017eino, kas yra klastot\u0117. Juk ir pati Elizabeta tokia... Jos tikroji tapatyb\u0117 \u2013 D\u017eudita Re\u0161lei \u2013\" \/>\n<meta property=\"og:url\" content=\"https:\/\/skaitytaknyga.lt\/en\/produktas\/ultima\/\" \/>\n<meta property=\"og:site_name\" content=\"Skaitytaknyga\" \/>\n<meta property=\"article:publisher\" content=\"https:\/\/www.facebook.com\/skaitytaknyga\/\" \/>\n<meta property=\"article:modified_time\" content=\"2025-07-07T06:26:15+00:00\" \/>\n<meta property=\"og:image\" content=\"https:\/\/skaitytaknyga.lt\/wp-content\/uploads\/2025\/07\/ULTIMA.webp\" \/>\n\t<meta property=\"og:image:width\" content=\"368\" \/>\n\t<meta property=\"og:image:height\" content=\"602\" \/>\n\t<meta property=\"og:image:type\" content=\"image\/webp\" \/>\n<meta name=\"twitter:card\" content=\"summary_large_image\" \/>\n<meta name=\"twitter:label1\" content=\"Estimated reading time\" \/>\n\t<meta name=\"twitter:data1\" content=\"1 minute\" \/>\n<script type=\"application\/ld+json\" class=\"yoast-schema-graph\">{\"@context\":\"https:\\\/\\\/schema.org\",\"@graph\":[{\"@type\":\"WebPage\",\"@id\":\"https:\\\/\\\/skaitytaknyga.lt\\\/produktas\\\/ultima\\\/\",\"url\":\"https:\\\/\\\/skaitytaknyga.lt\\\/produktas\\\/ultima\\\/\",\"name\":\"ULTIMA\",\"isPartOf\":{\"@id\":\"https:\\\/\\\/skaitytaknyga.lt\\\/#website\"},\"primaryImageOfPage\":{\"@id\":\"https:\\\/\\\/skaitytaknyga.lt\\\/produktas\\\/ultima\\\/#primaryimage\"},\"image\":{\"@id\":\"https:\\\/\\\/skaitytaknyga.lt\\\/produktas\\\/ultima\\\/#primaryimage\"},\"thumbnailUrl\":\"https:\\\/\\\/skaitytaknyga.lt\\\/wp-content\\\/uploads\\\/2025\\\/07\\\/ULTIMA.webp\",\"datePublished\":\"2025-07-03T08:17:18+00:00\",\"dateModified\":\"2025-07-07T06:26:15+00:00\",\"description\":\"Itin brangi\u0173 meno k\u016brini\u0173 pardav\u0117ja Elizabeta Tirlink \u017eino, kas yra klastot\u0117. Juk ir pati Elizabeta tokia... Jos tikroji tapatyb\u0117 \u2013 D\u017eudita Re\u0161lei \u2013\",\"breadcrumb\":{\"@id\":\"https:\\\/\\\/skaitytaknyga.lt\\\/produktas\\\/ultima\\\/#breadcrumb\"},\"inLanguage\":\"en-GB\",\"potentialAction\":[{\"@type\":\"ReadAction\",\"target\":[\"https:\\\/\\\/skaitytaknyga.lt\\\/produktas\\\/ultima\\\/\"]}]},{\"@type\":\"ImageObject\",\"inLanguage\":\"en-GB\",\"@id\":\"https:\\\/\\\/skaitytaknyga.lt\\\/produktas\\\/ultima\\\/#primaryimage\",\"url\":\"https:\\\/\\\/skaitytaknyga.lt\\\/wp-content\\\/uploads\\\/2025\\\/07\\\/ULTIMA.webp\",\"contentUrl\":\"https:\\\/\\\/skaitytaknyga.lt\\\/wp-content\\\/uploads\\\/2025\\\/07\\\/ULTIMA.webp\",\"width\":368,\"height\":602,\"caption\":\"ULTIMA\"},{\"@type\":\"BreadcrumbList\",\"@id\":\"https:\\\/\\\/skaitytaknyga.lt\\\/produktas\\\/ultima\\\/#breadcrumb\",\"itemListElement\":[{\"@type\":\"ListItem\",\"position\":1,\"name\":\"Home\",\"item\":\"https:\\\/\\\/skaitytaknyga.lt\\\/\"},{\"@type\":\"ListItem\",\"position\":2,\"name\":\"Parduotuv\u0117\",\"item\":\"https:\\\/\\\/skaitytaknyga.lt\\\/knygu-parduotuve\\\/\"},{\"@type\":\"ListItem\",\"position\":3,\"name\":\"ULTIMA\"}]},{\"@type\":\"WebSite\",\"@id\":\"https:\\\/\\\/skaitytaknyga.lt\\\/#website\",\"url\":\"https:\\\/\\\/skaitytaknyga.lt\\\/\",\"name\":\"skaitytaknyga.lt\",\"description\":\"Skaitytaknyga.lt \u2013 tai ma\u017eas \u0161eimos verslas, kuris prasid\u0117jo nuo meil\u0117s knygoms ir siekio i\u0161gelb\u0117ti knygas nuo likimo prie konteinerio. Kas vienam nereikalingas daiktas \u2013 kitam lobis, o mes esame tarpininkai, kurie padeda abiems tapti laimingesniems ???? \u017dinome kaip nelengva i\u0161gyventi ma\u017eiems verslams, tad nuo \u0161iol, \u010dia rasite ir kit\u0173, ma\u017e\u0173 \u0161eim\u0173 versl\u0173, rank\u0173 darbo, dovan\u0173 sau ir artimiesiems.\",\"publisher\":{\"@id\":\"https:\\\/\\\/skaitytaknyga.lt\\\/#organization\"},\"potentialAction\":[{\"@type\":\"SearchAction\",\"target\":{\"@type\":\"EntryPoint\",\"urlTemplate\":\"https:\\\/\\\/skaitytaknyga.lt\\\/?s={search_term_string}\"},\"query-input\":{\"@type\":\"PropertyValueSpecification\",\"valueRequired\":true,\"valueName\":\"search_term_string\"}}],\"inLanguage\":\"en-GB\"},{\"@type\":\"Organization\",\"@id\":\"https:\\\/\\\/skaitytaknyga.lt\\\/#organization\",\"name\":\"skaitytaknyga.lt\",\"url\":\"https:\\\/\\\/skaitytaknyga.lt\\\/\",\"logo\":{\"@type\":\"ImageObject\",\"inLanguage\":\"en-GB\",\"@id\":\"https:\\\/\\\/skaitytaknyga.lt\\\/#\\\/schema\\\/logo\\\/image\\\/\",\"url\":\"https:\\\/\\\/skaitytaknyga.lt\\\/wp-content\\\/uploads\\\/2024\\\/05\\\/cropped-cropped-cropped-02_00843_jt3bggkj1j3HLc7SyY6rEUpg.jpeg\",\"contentUrl\":\"https:\\\/\\\/skaitytaknyga.lt\\\/wp-content\\\/uploads\\\/2024\\\/05\\\/cropped-cropped-cropped-02_00843_jt3bggkj1j3HLc7SyY6rEUpg.jpeg\",\"width\":1600,\"height\":1600,\"caption\":\"skaitytaknyga.lt\"},\"image\":{\"@id\":\"https:\\\/\\\/skaitytaknyga.lt\\\/#\\\/schema\\\/logo\\\/image\\\/\"},\"sameAs\":[\"https:\\\/\\\/www.facebook.com\\\/skaitytaknyga\\\/\"]}]}<\/script>\n<!-- \/ Yoast SEO plugin. -->","yoast_head_json":{"title":"ULTIMA","description":"Itin brangi\u0173 meno k\u016brini\u0173 pardav\u0117ja Elizabeta Tirlink \u017eino, kas yra klastot\u0117. Juk ir pati Elizabeta tokia... Jos tikroji tapatyb\u0117 \u2013 D\u017eudita Re\u0161lei \u2013","robots":{"index":"index","follow":"follow","max-snippet":"max-snippet:-1","max-image-preview":"max-image-preview:large","max-video-preview":"max-video-preview:-1"},"canonical":"https:\/\/skaitytaknyga.lt\/en\/produktas\/ultima\/","og_locale":"en_GB","og_type":"article","og_title":"[:lt]ULTIMA[:] - Skaitytaknyga","og_description":"Itin brangi\u0173 meno k\u016brini\u0173 pardav\u0117ja Elizabeta Tirlink \u017eino, kas yra klastot\u0117. Juk ir pati Elizabeta tokia... Jos tikroji tapatyb\u0117 \u2013 D\u017eudita Re\u0161lei \u2013","og_url":"https:\/\/skaitytaknyga.lt\/en\/produktas\/ultima\/","og_site_name":"Skaitytaknyga","article_publisher":"https:\/\/www.facebook.com\/skaitytaknyga\/","article_modified_time":"2025-07-07T06:26:15+00:00","og_image":[{"width":368,"height":602,"url":"https:\/\/skaitytaknyga.lt\/wp-content\/uploads\/2025\/07\/ULTIMA.webp","type":"image\/webp"}],"twitter_card":"summary_large_image","twitter_misc":{"Estimated reading time":"1 minute"},"schema":{"@context":"https:\/\/schema.org","@graph":[{"@type":"WebPage","@id":"https:\/\/skaitytaknyga.lt\/produktas\/ultima\/","url":"https:\/\/skaitytaknyga.lt\/produktas\/ultima\/","name":"ULTIMA","isPartOf":{"@id":"https:\/\/skaitytaknyga.lt\/#website"},"primaryImageOfPage":{"@id":"https:\/\/skaitytaknyga.lt\/produktas\/ultima\/#primaryimage"},"image":{"@id":"https:\/\/skaitytaknyga.lt\/produktas\/ultima\/#primaryimage"},"thumbnailUrl":"https:\/\/skaitytaknyga.lt\/wp-content\/uploads\/2025\/07\/ULTIMA.webp","datePublished":"2025-07-03T08:17:18+00:00","dateModified":"2025-07-07T06:26:15+00:00","description":"Itin brangi\u0173 meno k\u016brini\u0173 pardav\u0117ja Elizabeta Tirlink \u017eino, kas yra klastot\u0117. Juk ir pati Elizabeta tokia... Jos tikroji tapatyb\u0117 \u2013 D\u017eudita Re\u0161lei \u2013","breadcrumb":{"@id":"https:\/\/skaitytaknyga.lt\/produktas\/ultima\/#breadcrumb"},"inLanguage":"en-GB","potentialAction":[{"@type":"ReadAction","target":["https:\/\/skaitytaknyga.lt\/produktas\/ultima\/"]}]},{"@type":"ImageObject","inLanguage":"en-GB","@id":"https:\/\/skaitytaknyga.lt\/produktas\/ultima\/#primaryimage","url":"https:\/\/skaitytaknyga.lt\/wp-content\/uploads\/2025\/07\/ULTIMA.webp","contentUrl":"https:\/\/skaitytaknyga.lt\/wp-content\/uploads\/2025\/07\/ULTIMA.webp","width":368,"height":602,"caption":"ULTIMA"},{"@type":"BreadcrumbList","@id":"https:\/\/skaitytaknyga.lt\/produktas\/ultima\/#breadcrumb","itemListElement":[{"@type":"ListItem","position":1,"name":"Home","item":"https:\/\/skaitytaknyga.lt\/"},{"@type":"ListItem","position":2,"name":"Parduotuv\u0117","item":"https:\/\/skaitytaknyga.lt\/knygu-parduotuve\/"},{"@type":"ListItem","position":3,"name":"ULTIMA"}]},{"@type":"WebSite","@id":"https:\/\/skaitytaknyga.lt\/#website","url":"https:\/\/skaitytaknyga.lt\/","name":"skaitytaknyga.lt","description":"Skaitytaknyga.lt \u2013 tai ma\u017eas \u0161eimos verslas, kuris prasid\u0117jo nuo meil\u0117s knygoms ir siekio i\u0161gelb\u0117ti knygas nuo likimo prie konteinerio. Kas vienam nereikalingas daiktas \u2013 kitam lobis, o mes esame tarpininkai, kurie padeda abiems tapti laimingesniems ???? \u017dinome kaip nelengva i\u0161gyventi ma\u017eiems verslams, tad nuo \u0161iol, \u010dia rasite ir kit\u0173, ma\u017e\u0173 \u0161eim\u0173 versl\u0173, rank\u0173 darbo, dovan\u0173 sau ir artimiesiems.","publisher":{"@id":"https:\/\/skaitytaknyga.lt\/#organization"},"potentialAction":[{"@type":"SearchAction","target":{"@type":"EntryPoint","urlTemplate":"https:\/\/skaitytaknyga.lt\/?s={search_term_string}"},"query-input":{"@type":"PropertyValueSpecification","valueRequired":true,"valueName":"search_term_string"}}],"inLanguage":"en-GB"},{"@type":"Organization","@id":"https:\/\/skaitytaknyga.lt\/#organization","name":"skaitytaknyga.lt","url":"https:\/\/skaitytaknyga.lt\/","logo":{"@type":"ImageObject","inLanguage":"en-GB","@id":"https:\/\/skaitytaknyga.lt\/#\/schema\/logo\/image\/","url":"https:\/\/skaitytaknyga.lt\/wp-content\/uploads\/2024\/05\/cropped-cropped-cropped-02_00843_jt3bggkj1j3HLc7SyY6rEUpg.jpeg","contentUrl":"https:\/\/skaitytaknyga.lt\/wp-content\/uploads\/2024\/05\/cropped-cropped-cropped-02_00843_jt3bggkj1j3HLc7SyY6rEUpg.jpeg","width":1600,"height":1600,"caption":"skaitytaknyga.lt"},"image":{"@id":"https:\/\/skaitytaknyga.lt\/#\/schema\/logo\/image\/"},"sameAs":["https:\/\/www.facebook.com\/skaitytaknyga\/"]}]}},"_links":{"self":[{"href":"https:\/\/skaitytaknyga.lt\/en\/wp-json\/wp\/v2\/product\/19227","targetHints":{"allow":["GET"]}}],"collection":[{"href":"https:\/\/skaitytaknyga.lt\/en\/wp-json\/wp\/v2\/product"}],"about":[{"href":"https:\/\/skaitytaknyga.lt\/en\/wp-json\/wp\/v2\/types\/product"}],"replies":[{"embeddable":true,"href":"https:\/\/skaitytaknyga.lt\/en\/wp-json\/wp\/v2\/comments?post=19227"}],"wp:featuredmedia":[{"embeddable":true,"href":"https:\/\/skaitytaknyga.lt\/en\/wp-json\/wp\/v2\/media\/19232"}],"wp:attachment":[{"href":"https:\/\/skaitytaknyga.lt\/en\/wp-json\/wp\/v2\/media?parent=19227"}],"wp:term":[{"taxonomy":"product_brand","embeddable":true,"href":"https:\/\/skaitytaknyga.lt\/en\/wp-json\/wp\/v2\/product_brand?post=19227"},{"taxonomy":"product_cat","embeddable":true,"href":"https:\/\/skaitytaknyga.lt\/en\/wp-json\/wp\/v2\/product_cat?post=19227"},{"taxonomy":"product_tag","embeddable":true,"href":"https:\/\/skaitytaknyga.lt\/en\/wp-json\/wp\/v2\/product_tag?post=19227"}],"curies":[{"name":"wp","href":"https:\/\/api.w.org\/{rel}","templated":true}]}}