{"id":19226,"date":"2025-07-03T11:17:17","date_gmt":"2025-07-03T08:17:17","guid":{"rendered":"https:\/\/skaitytaknyga.lt\/?post_type=product&#038;p=19226"},"modified":"2025-07-07T09:26:16","modified_gmt":"2025-07-07T06:26:16","slug":"prancuziskasis-bucinys","status":"publish","type":"product","link":"https:\/\/skaitytaknyga.lt\/en\/produktas\/prancuziskasis-bucinys\/","title":{"rendered":"Pranc\u016bzi\u0161kasis bu\u010dinys"},"content":{"rendered":"<p>Romanas \u201ePranc\u016bzi\u0161kasis bu\u010dinys\u201c \u2013 dar vienas \u017eavus \u201eMa\u017eosios angl\u0117s Pary\u017eiuje\u201c autor\u0117s k\u016brinys. \u012evykiai klostosi mieste, pavergusiame ne vien\u0105 \u0161ird\u012f. Tai jaudinanti, ra\u0161ytojos labai \u0161iltai ir i\u0161mintingai perteikiama istorija apie tikrosios meil\u0117s paie\u0161kas.<\/p>\n<p>Ji \u2013 miela mama i\u0161 Pranc\u016bzijos, drovum\u0105 slepianti vos juntamu sarkazmu. Jis \u2013 jaunas jos kaimynas i\u0161 Belvilio, \u012f pasimatym\u0173 svetain\u0119 Rendez-vous \u012fd\u0117j\u0119s nevykusi\u0105 nuotrauk\u0105&#8230; Akimirka \u2013 ir juodu rado bendr\u0105 kalb\u0105. Gal pam\u0117ginti drauge pa\u0117j\u0117ti gyvenimo keliu?<\/p>\n","protected":false},"excerpt":{"rendered":"<p>Romanas \u201ePranc\u016bzi\u0161kasis bu\u010dinys\u201c \u2013 dar vienas \u017eavus \u201eMa\u017eosios angl\u0117s Pary\u017eiuje\u201c autor\u0117s k\u016brinys. \u012evykiai klostosi mieste, pavergusiame ne vien\u0105 \u0161ird\u012f. Tai jaudinanti, ra\u0161ytojos labai \u0161iltai ir i\u0161mintingai perteikiama istorija apie tikrosios meil\u0117s paie\u0161kas. Ji \u2013 miela mama i\u0161 Pranc\u016bzijos, drovum\u0105 slepianti vos juntamu sarkazmu. Jis \u2013 jaunas jos kaimynas i\u0161 Belvilio, \u012f pasimatym\u0173 svetain\u0119 Rendez-vous \u012fd\u0117j\u0119s nevykusi\u0105 nuotrauk\u0105&#8230; Akimirka \u2013 ir juodu rado bendr\u0105 kalb\u0105. Gal pam\u0117ginti drauge pa\u0117j\u0117ti gyvenimo keliu?<\/p>\n","protected":false},"featured_media":19231,"comment_status":"open","ping_status":"closed","template":"","meta":{"_acf_changed":false,"site-sidebar-layout":"default","site-content-layout":"","ast-site-content-layout":"default","site-content-style":"default","site-sidebar-style":"default","ast-global-header-display":"","ast-banner-title-visibility":"","ast-main-header-display":"","ast-hfb-above-header-display":"","ast-hfb-below-header-display":"","ast-hfb-mobile-header-display":"","site-post-title":"","ast-breadcrumbs-content":"","ast-featured-img":"","footer-sml-layout":"","ast-disable-related-posts":"","theme-transparent-header-meta":"","adv-header-id-meta":"","stick-header-meta":"","header-above-stick-meta":"","header-main-stick-meta":"","header-below-stick-meta":"","astra-migrate-meta-layouts":"default","ast-page-background-enabled":"default","ast-page-background-meta":{"desktop":{"background-color":"","background-image":"","background-repeat":"repeat","background-position":"center center","background-size":"auto","background-attachment":"scroll","background-type":"","background-media":"","overlay-type":"","overlay-color":"","overlay-opacity":"","overlay-gradient":""},"tablet":{"background-color":"","background-image":"","background-repeat":"repeat","background-position":"center center","background-size":"auto","background-attachment":"scroll","background-type":"","background-media":"","overlay-type":"","overlay-color":"","overlay-opacity":"","overlay-gradient":""},"mobile":{"background-color":"","background-image":"","background-repeat":"repeat","background-position":"center center","background-size":"auto","background-attachment":"scroll","background-type":"","background-media":"","overlay-type":"","overlay-color":"","overlay-opacity":"","overlay-gradient":""}},"ast-content-background-meta":{"desktop":{"background-color":"var(--ast-global-color-4)","background-image":"","background-repeat":"repeat","background-position":"center center","background-size":"auto","background-attachment":"scroll","background-type":"","background-media":"","overlay-type":"","overlay-color":"","overlay-opacity":"","overlay-gradient":""},"tablet":{"background-color":"var(--ast-global-color-4)","background-image":"","background-repeat":"repeat","background-position":"center center","background-size":"auto","background-attachment":"scroll","background-type":"","background-media":"","overlay-type":"","overlay-color":"","overlay-opacity":"","overlay-gradient":""},"mobile":{"background-color":"var(--ast-global-color-4)","background-image":"","background-repeat":"repeat","background-position":"center center","background-size":"auto","background-attachment":"scroll","background-type":"","background-media":"","overlay-type":"","overlay-color":"","overlay-opacity":"","overlay-gradient":""}}},"product_brand":[],"product_cat":[31],"product_tag":[],"class_list":{"0":"post-19226","1":"product","2":"type-product","3":"status-publish","4":"has-post-thumbnail","6":"product_cat-grozine-literatura","7":"desktop-align-left","8":"tablet-align-left","9":"mobile-align-left","11":"first","12":"instock","13":"shipping-taxable","14":"purchasable","15":"product-type-simple"},"acf":[],"yoast_head":"<!-- This site is optimized with the Yoast SEO plugin v27.4 - https:\/\/yoast.com\/product\/yoast-seo-wordpress\/ -->\n<title>Pranc\u016bzi\u0161kasis bu\u010dinys<\/title>\n<meta name=\"description\" content=\"Romanas \u201ePranc\u016bzi\u0161kasis bu\u010dinys\u201c \u2013 dar vienas \u017eavus \u201eMa\u017eosios angl\u0117s Pary\u017eiuje\u201c autor\u0117s k\u016brinys. \u012evykiai klostosi mieste, pavergusiame ne vien\u0105 \u0161ird\u012f. Tai\" \/>\n<meta name=\"robots\" content=\"index, follow, max-snippet:-1, max-image-preview:large, max-video-preview:-1\" \/>\n<link rel=\"canonical\" href=\"https:\/\/skaitytaknyga.lt\/en\/produktas\/prancuziskasis-bucinys\/\" \/>\n<meta property=\"og:locale\" content=\"en_GB\" \/>\n<meta property=\"og:locale:alternate\" content=\"lt_LT\" \/>\n<meta property=\"og:type\" content=\"article\" \/>\n<meta property=\"og:title\" content=\"Pranc\u016bzi\u0161kasis bu\u010dinys\" \/>\n<meta property=\"og:description\" content=\"Romanas \u201ePranc\u016bzi\u0161kasis bu\u010dinys\u201c \u2013 dar vienas \u017eavus \u201eMa\u017eosios angl\u0117s Pary\u017eiuje\u201c autor\u0117s k\u016brinys. \u012evykiai klostosi mieste, pavergusiame ne vien\u0105 \u0161ird\u012f. Tai\" \/>\n<meta property=\"og:url\" content=\"https:\/\/skaitytaknyga.lt\/en\/produktas\/prancuziskasis-bucinys\/\" \/>\n<meta property=\"og:site_name\" content=\"Skaitytaknyga\" \/>\n<meta property=\"article:publisher\" content=\"https:\/\/www.facebook.com\/skaitytaknyga\/\" \/>\n<meta property=\"article:modified_time\" content=\"2025-07-07T06:26:16+00:00\" \/>\n<meta property=\"og:image\" content=\"https:\/\/skaitytaknyga.lt\/wp-content\/uploads\/2025\/07\/Prancuziskasis-bucinys.webp\" \/>\n\t<meta property=\"og:image:width\" content=\"300\" \/>\n\t<meta property=\"og:image:height\" content=\"454\" \/>\n\t<meta property=\"og:image:type\" content=\"image\/webp\" \/>\n<meta name=\"twitter:card\" content=\"summary_large_image\" \/>\n<script type=\"application\/ld+json\" class=\"yoast-schema-graph\">{\"@context\":\"https:\\\/\\\/schema.org\",\"@graph\":[{\"@type\":\"WebPage\",\"@id\":\"https:\\\/\\\/skaitytaknyga.lt\\\/produktas\\\/prancuziskasis-bucinys\\\/\",\"url\":\"https:\\\/\\\/skaitytaknyga.lt\\\/produktas\\\/prancuziskasis-bucinys\\\/\",\"name\":\"Pranc\u016bzi\u0161kasis bu\u010dinys\",\"isPartOf\":{\"@id\":\"https:\\\/\\\/skaitytaknyga.lt\\\/#website\"},\"primaryImageOfPage\":{\"@id\":\"https:\\\/\\\/skaitytaknyga.lt\\\/produktas\\\/prancuziskasis-bucinys\\\/#primaryimage\"},\"image\":{\"@id\":\"https:\\\/\\\/skaitytaknyga.lt\\\/produktas\\\/prancuziskasis-bucinys\\\/#primaryimage\"},\"thumbnailUrl\":\"https:\\\/\\\/skaitytaknyga.lt\\\/wp-content\\\/uploads\\\/2025\\\/07\\\/Prancuziskasis-bucinys.webp\",\"datePublished\":\"2025-07-03T08:17:17+00:00\",\"dateModified\":\"2025-07-07T06:26:16+00:00\",\"description\":\"Romanas \u201ePranc\u016bzi\u0161kasis bu\u010dinys\u201c \u2013 dar vienas \u017eavus \u201eMa\u017eosios angl\u0117s Pary\u017eiuje\u201c autor\u0117s k\u016brinys. \u012evykiai klostosi mieste, pavergusiame ne vien\u0105 \u0161ird\u012f. Tai\",\"breadcrumb\":{\"@id\":\"https:\\\/\\\/skaitytaknyga.lt\\\/produktas\\\/prancuziskasis-bucinys\\\/#breadcrumb\"},\"inLanguage\":\"en-GB\",\"potentialAction\":[{\"@type\":\"ReadAction\",\"target\":[\"https:\\\/\\\/skaitytaknyga.lt\\\/produktas\\\/prancuziskasis-bucinys\\\/\"]}]},{\"@type\":\"ImageObject\",\"inLanguage\":\"en-GB\",\"@id\":\"https:\\\/\\\/skaitytaknyga.lt\\\/produktas\\\/prancuziskasis-bucinys\\\/#primaryimage\",\"url\":\"https:\\\/\\\/skaitytaknyga.lt\\\/wp-content\\\/uploads\\\/2025\\\/07\\\/Prancuziskasis-bucinys.webp\",\"contentUrl\":\"https:\\\/\\\/skaitytaknyga.lt\\\/wp-content\\\/uploads\\\/2025\\\/07\\\/Prancuziskasis-bucinys.webp\",\"width\":300,\"height\":454,\"caption\":\"Pranc\u016bzi\u0161kasis bu\u010dinys\"},{\"@type\":\"BreadcrumbList\",\"@id\":\"https:\\\/\\\/skaitytaknyga.lt\\\/produktas\\\/prancuziskasis-bucinys\\\/#breadcrumb\",\"itemListElement\":[{\"@type\":\"ListItem\",\"position\":1,\"name\":\"Home\",\"item\":\"https:\\\/\\\/skaitytaknyga.lt\\\/\"},{\"@type\":\"ListItem\",\"position\":2,\"name\":\"Parduotuv\u0117\",\"item\":\"https:\\\/\\\/skaitytaknyga.lt\\\/knygu-parduotuve\\\/\"},{\"@type\":\"ListItem\",\"position\":3,\"name\":\"Pranc\u016bzi\u0161kasis bu\u010dinys\"}]},{\"@type\":\"WebSite\",\"@id\":\"https:\\\/\\\/skaitytaknyga.lt\\\/#website\",\"url\":\"https:\\\/\\\/skaitytaknyga.lt\\\/\",\"name\":\"skaitytaknyga.lt\",\"description\":\"Skaitytaknyga.lt \u2013 tai ma\u017eas \u0161eimos verslas, kuris prasid\u0117jo nuo meil\u0117s knygoms ir siekio i\u0161gelb\u0117ti knygas nuo likimo prie konteinerio. Kas vienam nereikalingas daiktas \u2013 kitam lobis, o mes esame tarpininkai, kurie padeda abiems tapti laimingesniems ???? \u017dinome kaip nelengva i\u0161gyventi ma\u017eiems verslams, tad nuo \u0161iol, \u010dia rasite ir kit\u0173, ma\u017e\u0173 \u0161eim\u0173 versl\u0173, rank\u0173 darbo, dovan\u0173 sau ir artimiesiems.\",\"publisher\":{\"@id\":\"https:\\\/\\\/skaitytaknyga.lt\\\/#organization\"},\"potentialAction\":[{\"@type\":\"SearchAction\",\"target\":{\"@type\":\"EntryPoint\",\"urlTemplate\":\"https:\\\/\\\/skaitytaknyga.lt\\\/?s={search_term_string}\"},\"query-input\":{\"@type\":\"PropertyValueSpecification\",\"valueRequired\":true,\"valueName\":\"search_term_string\"}}],\"inLanguage\":\"en-GB\"},{\"@type\":\"Organization\",\"@id\":\"https:\\\/\\\/skaitytaknyga.lt\\\/#organization\",\"name\":\"skaitytaknyga.lt\",\"url\":\"https:\\\/\\\/skaitytaknyga.lt\\\/\",\"logo\":{\"@type\":\"ImageObject\",\"inLanguage\":\"en-GB\",\"@id\":\"https:\\\/\\\/skaitytaknyga.lt\\\/#\\\/schema\\\/logo\\\/image\\\/\",\"url\":\"https:\\\/\\\/skaitytaknyga.lt\\\/wp-content\\\/uploads\\\/2024\\\/05\\\/cropped-cropped-cropped-02_00843_jt3bggkj1j3HLc7SyY6rEUpg.jpeg\",\"contentUrl\":\"https:\\\/\\\/skaitytaknyga.lt\\\/wp-content\\\/uploads\\\/2024\\\/05\\\/cropped-cropped-cropped-02_00843_jt3bggkj1j3HLc7SyY6rEUpg.jpeg\",\"width\":1600,\"height\":1600,\"caption\":\"skaitytaknyga.lt\"},\"image\":{\"@id\":\"https:\\\/\\\/skaitytaknyga.lt\\\/#\\\/schema\\\/logo\\\/image\\\/\"},\"sameAs\":[\"https:\\\/\\\/www.facebook.com\\\/skaitytaknyga\\\/\"]}]}<\/script>\n<!-- \/ Yoast SEO plugin. -->","yoast_head_json":{"title":"Pranc\u016bzi\u0161kasis bu\u010dinys","description":"Romanas \u201ePranc\u016bzi\u0161kasis bu\u010dinys\u201c \u2013 dar vienas \u017eavus \u201eMa\u017eosios angl\u0117s Pary\u017eiuje\u201c autor\u0117s k\u016brinys. \u012evykiai klostosi mieste, pavergusiame ne vien\u0105 \u0161ird\u012f. Tai","robots":{"index":"index","follow":"follow","max-snippet":"max-snippet:-1","max-image-preview":"max-image-preview:large","max-video-preview":"max-video-preview:-1"},"canonical":"https:\/\/skaitytaknyga.lt\/en\/produktas\/prancuziskasis-bucinys\/","og_locale":"en_GB","og_type":"article","og_title":"[:lt]Pranc\u016bzi\u0161kasis bu\u010dinys[:] - Skaitytaknyga","og_description":"Romanas \u201ePranc\u016bzi\u0161kasis bu\u010dinys\u201c \u2013 dar vienas \u017eavus \u201eMa\u017eosios angl\u0117s Pary\u017eiuje\u201c autor\u0117s k\u016brinys. \u012evykiai klostosi mieste, pavergusiame ne vien\u0105 \u0161ird\u012f. Tai","og_url":"https:\/\/skaitytaknyga.lt\/en\/produktas\/prancuziskasis-bucinys\/","og_site_name":"Skaitytaknyga","article_publisher":"https:\/\/www.facebook.com\/skaitytaknyga\/","article_modified_time":"2025-07-07T06:26:16+00:00","og_image":[{"width":300,"height":454,"url":"https:\/\/skaitytaknyga.lt\/wp-content\/uploads\/2025\/07\/Prancuziskasis-bucinys.webp","type":"image\/webp"}],"twitter_card":"summary_large_image","schema":{"@context":"https:\/\/schema.org","@graph":[{"@type":"WebPage","@id":"https:\/\/skaitytaknyga.lt\/produktas\/prancuziskasis-bucinys\/","url":"https:\/\/skaitytaknyga.lt\/produktas\/prancuziskasis-bucinys\/","name":"Pranc\u016bzi\u0161kasis bu\u010dinys","isPartOf":{"@id":"https:\/\/skaitytaknyga.lt\/#website"},"primaryImageOfPage":{"@id":"https:\/\/skaitytaknyga.lt\/produktas\/prancuziskasis-bucinys\/#primaryimage"},"image":{"@id":"https:\/\/skaitytaknyga.lt\/produktas\/prancuziskasis-bucinys\/#primaryimage"},"thumbnailUrl":"https:\/\/skaitytaknyga.lt\/wp-content\/uploads\/2025\/07\/Prancuziskasis-bucinys.webp","datePublished":"2025-07-03T08:17:17+00:00","dateModified":"2025-07-07T06:26:16+00:00","description":"Romanas \u201ePranc\u016bzi\u0161kasis bu\u010dinys\u201c \u2013 dar vienas \u017eavus \u201eMa\u017eosios angl\u0117s Pary\u017eiuje\u201c autor\u0117s k\u016brinys. \u012evykiai klostosi mieste, pavergusiame ne vien\u0105 \u0161ird\u012f. Tai","breadcrumb":{"@id":"https:\/\/skaitytaknyga.lt\/produktas\/prancuziskasis-bucinys\/#breadcrumb"},"inLanguage":"en-GB","potentialAction":[{"@type":"ReadAction","target":["https:\/\/skaitytaknyga.lt\/produktas\/prancuziskasis-bucinys\/"]}]},{"@type":"ImageObject","inLanguage":"en-GB","@id":"https:\/\/skaitytaknyga.lt\/produktas\/prancuziskasis-bucinys\/#primaryimage","url":"https:\/\/skaitytaknyga.lt\/wp-content\/uploads\/2025\/07\/Prancuziskasis-bucinys.webp","contentUrl":"https:\/\/skaitytaknyga.lt\/wp-content\/uploads\/2025\/07\/Prancuziskasis-bucinys.webp","width":300,"height":454,"caption":"Pranc\u016bzi\u0161kasis bu\u010dinys"},{"@type":"BreadcrumbList","@id":"https:\/\/skaitytaknyga.lt\/produktas\/prancuziskasis-bucinys\/#breadcrumb","itemListElement":[{"@type":"ListItem","position":1,"name":"Home","item":"https:\/\/skaitytaknyga.lt\/"},{"@type":"ListItem","position":2,"name":"Parduotuv\u0117","item":"https:\/\/skaitytaknyga.lt\/knygu-parduotuve\/"},{"@type":"ListItem","position":3,"name":"Pranc\u016bzi\u0161kasis bu\u010dinys"}]},{"@type":"WebSite","@id":"https:\/\/skaitytaknyga.lt\/#website","url":"https:\/\/skaitytaknyga.lt\/","name":"skaitytaknyga.lt","description":"Skaitytaknyga.lt \u2013 tai ma\u017eas \u0161eimos verslas, kuris prasid\u0117jo nuo meil\u0117s knygoms ir siekio i\u0161gelb\u0117ti knygas nuo likimo prie konteinerio. Kas vienam nereikalingas daiktas \u2013 kitam lobis, o mes esame tarpininkai, kurie padeda abiems tapti laimingesniems ???? \u017dinome kaip nelengva i\u0161gyventi ma\u017eiems verslams, tad nuo \u0161iol, \u010dia rasite ir kit\u0173, ma\u017e\u0173 \u0161eim\u0173 versl\u0173, rank\u0173 darbo, dovan\u0173 sau ir artimiesiems.","publisher":{"@id":"https:\/\/skaitytaknyga.lt\/#organization"},"potentialAction":[{"@type":"SearchAction","target":{"@type":"EntryPoint","urlTemplate":"https:\/\/skaitytaknyga.lt\/?s={search_term_string}"},"query-input":{"@type":"PropertyValueSpecification","valueRequired":true,"valueName":"search_term_string"}}],"inLanguage":"en-GB"},{"@type":"Organization","@id":"https:\/\/skaitytaknyga.lt\/#organization","name":"skaitytaknyga.lt","url":"https:\/\/skaitytaknyga.lt\/","logo":{"@type":"ImageObject","inLanguage":"en-GB","@id":"https:\/\/skaitytaknyga.lt\/#\/schema\/logo\/image\/","url":"https:\/\/skaitytaknyga.lt\/wp-content\/uploads\/2024\/05\/cropped-cropped-cropped-02_00843_jt3bggkj1j3HLc7SyY6rEUpg.jpeg","contentUrl":"https:\/\/skaitytaknyga.lt\/wp-content\/uploads\/2024\/05\/cropped-cropped-cropped-02_00843_jt3bggkj1j3HLc7SyY6rEUpg.jpeg","width":1600,"height":1600,"caption":"skaitytaknyga.lt"},"image":{"@id":"https:\/\/skaitytaknyga.lt\/#\/schema\/logo\/image\/"},"sameAs":["https:\/\/www.facebook.com\/skaitytaknyga\/"]}]}},"_links":{"self":[{"href":"https:\/\/skaitytaknyga.lt\/en\/wp-json\/wp\/v2\/product\/19226","targetHints":{"allow":["GET"]}}],"collection":[{"href":"https:\/\/skaitytaknyga.lt\/en\/wp-json\/wp\/v2\/product"}],"about":[{"href":"https:\/\/skaitytaknyga.lt\/en\/wp-json\/wp\/v2\/types\/product"}],"replies":[{"embeddable":true,"href":"https:\/\/skaitytaknyga.lt\/en\/wp-json\/wp\/v2\/comments?post=19226"}],"wp:featuredmedia":[{"embeddable":true,"href":"https:\/\/skaitytaknyga.lt\/en\/wp-json\/wp\/v2\/media\/19231"}],"wp:attachment":[{"href":"https:\/\/skaitytaknyga.lt\/en\/wp-json\/wp\/v2\/media?parent=19226"}],"wp:term":[{"taxonomy":"product_brand","embeddable":true,"href":"https:\/\/skaitytaknyga.lt\/en\/wp-json\/wp\/v2\/product_brand?post=19226"},{"taxonomy":"product_cat","embeddable":true,"href":"https:\/\/skaitytaknyga.lt\/en\/wp-json\/wp\/v2\/product_cat?post=19226"},{"taxonomy":"product_tag","embeddable":true,"href":"https:\/\/skaitytaknyga.lt\/en\/wp-json\/wp\/v2\/product_tag?post=19226"}],"curies":[{"name":"wp","href":"https:\/\/api.w.org\/{rel}","templated":true}]}}