{"id":19223,"date":"2025-07-03T11:17:17","date_gmt":"2025-07-03T08:17:17","guid":{"rendered":"https:\/\/skaitytaknyga.lt\/?post_type=product&#038;p=19223"},"modified":"2025-07-07T09:26:15","modified_gmt":"2025-07-07T06:26:15","slug":"sugrizimas-i-kavine-pasaulio-pakrasty","status":"publish","type":"product","link":"https:\/\/skaitytaknyga.lt\/en\/produktas\/sugrizimas-i-kavine-pasaulio-pakrasty\/","title":{"rendered":"Sugr\u012f\u017eimas \u012f kavin\u0119 pasaulio pakra\u0161ty"},"content":{"rendered":"<p>\u2013 Ta naktis kavin\u0117je pakeit\u0117 mano gyvenim\u0105. I\u0161mokau to, ko i\u0161 prad\u017ei\u0173 n\u0117 ne\u012fsivaizdavau. Pama\u010diau pasaul\u012f taip, kaip niekada nebuvau mat\u0119s. Dirstel\u0117jau \u012f gyvenim\u0105, kuris buvo geresnis negu geras. Tad nusprend\u017eiau taip ir gyventi.<br \/>\n\u2013 Ir pavyko?<br \/>\nLinktel\u0117jau.<br \/>\n\u2013 Taip.<\/p>\n<p>Amerikie\u010di\u0173 autoriui Johnui P. Strelecky (D\u017eonui P. Streleckiui) buvo trisde\u0161imt treji, kai jo gyvenim\u0105 pakeit\u0119 \u012fvykiai \u012fkv\u0117p\u0117 para\u0161yti knyg\u0105 \u201eKavin\u0117 pasaulio pakra\u0161ty&#8221;. Istorija apie vadybinink\u0105 D\u017eon\u0105, netik\u0117tai u\u017esukus\u012f \u012f keist\u0105 kavin\u0119 ir savo gyvenim\u0105 apvertus\u012f auk\u0161tyn kojomis, netrukus paplito po vis\u0105 pasaul\u012f, buvo i\u0161versta \u012f 26 kalbas. Ir ne veltui \u2013 \u0161is pasakojimas milijonus \u017emoni\u0173 paskatino gyventi taip, kaip nori jie, o ne taip, kaip to reikalauja aplinka. Dabar j\u016bs\u0173 rankose \u2013 antroji autoriaus knyga \u201eSugr\u012f\u017eimas \u012f kavin\u0119 pasaulio pakra\u0161ty&#8221;.<\/p>\n<p>D\u017eono gyvenimas pasikeit\u0117. Jis \u0117m\u0117 gyventi taip, kaip visuomet nor\u0117jo, \u2013 jis keliauja po vis\u0105 pasaul\u012f ir yra laimingas. Atsid\u016br\u0119s Havajuose, staiga v\u0117l pamato kavin\u0119. Ai\u0161ku, neu\u017esukti \u012f j\u0105 D\u017eonas negali. \u012e \u0161i\u0105 kavin\u0119 u\u017eklysta ir D\u017eesika \u2013 susir\u016bpinusi ir \u012fsitempusi verslinink\u0117, labai pana\u0161i \u012f D\u017eon\u0105 prie\u0161 de\u0161imt met\u0173. Kavin\u0117 i\u0161ties daro stebuklus! D\u017eesikai ji pad\u0117s tapti tokiai, kokia ji visuomet svajojo b\u016bti, o D\u017eonui \u2013 \u012ftvirtinti savo surast\u0105 laim\u0119. Kaip jiems tai pavyks? Kuo \u0161i kavin\u0117 tokia ypatinga?<\/p>\n<p>Jei gyvenimas j\u016bs\u0173 netenkina,<br \/>\njei galvojate, kad laim\u0117 yra nepasiekiama,<br \/>\njei iki \u0161iol nesupratote, k\u0105 i\u0161 ties\u0173 tur\u0117tum\u0117te veikti gyvenime,<br \/>\ngaliausiai \u2013 jei tik svajojate apie poky\u010dius, bet nieko nedarote \u2013 u\u017esukite \u012f kavin\u0119 pasaulio pakra\u0161ty. Ji laukia b\u016btent j\u016bs\u0173!<\/p>\n","protected":false},"excerpt":{"rendered":"<p>\u2013 Ta naktis kavin\u0117je pakeit\u0117 mano gyvenim\u0105. I\u0161mokau to, ko i\u0161 prad\u017ei\u0173 n\u0117 ne\u012fsivaizdavau. Pama\u010diau pasaul\u012f taip, kaip niekada nebuvau mat\u0119s. Dirstel\u0117jau \u012f gyvenim\u0105, kuris buvo geresnis negu geras. Tad nusprend\u017eiau taip ir gyventi. \u2013 Ir pavyko? Linktel\u0117jau. \u2013 Taip. Amerikie\u010di\u0173 autoriui Johnui P. Strelecky (D\u017eonui P. Streleckiui) buvo trisde\u0161imt treji, kai jo gyvenim\u0105 pakeit\u0119 \u012fvykiai \u012fkv\u0117p\u0117 para\u0161yti knyg\u0105 \u201eKavin\u0117 pasaulio pakra\u0161ty&#8221;. Istorija apie vadybinink\u0105 D\u017eon\u0105, netik\u0117tai u\u017esukus\u012f \u012f keist\u0105 kavin\u0119 ir savo gyvenim\u0105 apvertus\u012f auk\u0161tyn kojomis, netrukus paplito po vis\u0105 pasaul\u012f, buvo i\u0161versta \u012f 26 kalbas. Ir ne veltui \u2013 \u0161is pasakojimas milijonus \u017emoni\u0173 paskatino gyventi taip, kaip nori jie, o ne taip, kaip to reikalauja aplinka. Dabar j\u016bs\u0173 rankose \u2013 antroji autoriaus knyga \u201eSugr\u012f\u017eimas \u012f kavin\u0119 pasaulio pakra\u0161ty&#8221;. D\u017eono gyvenimas pasikeit\u0117. Jis \u0117m\u0117 gyventi taip, kaip visuomet nor\u0117jo, \u2013 jis keliauja po vis\u0105 pasaul\u012f ir yra laimingas. Atsid\u016br\u0119s Havajuose, staiga v\u0117l pamato kavin\u0119. Ai\u0161ku, neu\u017esukti \u012f j\u0105 D\u017eonas negali. \u012e \u0161i\u0105 kavin\u0119 u\u017eklysta ir D\u017eesika \u2013 susir\u016bpinusi ir \u012fsitempusi verslinink\u0117, labai pana\u0161i \u012f D\u017eon\u0105 prie\u0161 de\u0161imt met\u0173. Kavin\u0117 i\u0161ties daro stebuklus! D\u017eesikai ji pad\u0117s tapti tokiai, kokia ji visuomet svajojo b\u016bti, o D\u017eonui \u2013 \u012ftvirtinti savo surast\u0105 laim\u0119. Kaip jiems tai pavyks? Kuo \u0161i kavin\u0117 tokia ypatinga? Jei gyvenimas j\u016bs\u0173 netenkina, jei galvojate, kad laim\u0117 yra nepasiekiama, jei iki \u0161iol nesupratote, k\u0105 i\u0161 ties\u0173 tur\u0117tum\u0117te veikti gyvenime, galiausiai \u2013 jei tik svajojate apie poky\u010dius, bet nieko nedarote \u2013 u\u017esukite \u012f kavin\u0119 pasaulio pakra\u0161ty. Ji laukia b\u016btent j\u016bs\u0173!<\/p>\n","protected":false},"featured_media":19228,"comment_status":"open","ping_status":"closed","template":"","meta":{"_acf_changed":false,"site-sidebar-layout":"default","site-content-layout":"","ast-site-content-layout":"default","site-content-style":"default","site-sidebar-style":"default","ast-global-header-display":"","ast-banner-title-visibility":"","ast-main-header-display":"","ast-hfb-above-header-display":"","ast-hfb-below-header-display":"","ast-hfb-mobile-header-display":"","site-post-title":"","ast-breadcrumbs-content":"","ast-featured-img":"","footer-sml-layout":"","ast-disable-related-posts":"","theme-transparent-header-meta":"","adv-header-id-meta":"","stick-header-meta":"","header-above-stick-meta":"","header-main-stick-meta":"","header-below-stick-meta":"","astra-migrate-meta-layouts":"default","ast-page-background-enabled":"default","ast-page-background-meta":{"desktop":{"background-color":"","background-image":"","background-repeat":"repeat","background-position":"center center","background-size":"auto","background-attachment":"scroll","background-type":"","background-media":"","overlay-type":"","overlay-color":"","overlay-opacity":"","overlay-gradient":""},"tablet":{"background-color":"","background-image":"","background-repeat":"repeat","background-position":"center center","background-size":"auto","background-attachment":"scroll","background-type":"","background-media":"","overlay-type":"","overlay-color":"","overlay-opacity":"","overlay-gradient":""},"mobile":{"background-color":"","background-image":"","background-repeat":"repeat","background-position":"center center","background-size":"auto","background-attachment":"scroll","background-type":"","background-media":"","overlay-type":"","overlay-color":"","overlay-opacity":"","overlay-gradient":""}},"ast-content-background-meta":{"desktop":{"background-color":"var(--ast-global-color-4)","background-image":"","background-repeat":"repeat","background-position":"center center","background-size":"auto","background-attachment":"scroll","background-type":"","background-media":"","overlay-type":"","overlay-color":"","overlay-opacity":"","overlay-gradient":""},"tablet":{"background-color":"var(--ast-global-color-4)","background-image":"","background-repeat":"repeat","background-position":"center center","background-size":"auto","background-attachment":"scroll","background-type":"","background-media":"","overlay-type":"","overlay-color":"","overlay-opacity":"","overlay-gradient":""},"mobile":{"background-color":"var(--ast-global-color-4)","background-image":"","background-repeat":"repeat","background-position":"center center","background-size":"auto","background-attachment":"scroll","background-type":"","background-media":"","overlay-type":"","overlay-color":"","overlay-opacity":"","overlay-gradient":""}}},"product_brand":[],"product_cat":[31],"product_tag":[],"class_list":{"0":"post-19223","1":"product","2":"type-product","3":"status-publish","4":"has-post-thumbnail","6":"product_cat-grozine-literatura","7":"desktop-align-left","8":"tablet-align-left","9":"mobile-align-left","11":"first","12":"instock","13":"shipping-taxable","14":"purchasable","15":"product-type-simple"},"acf":[],"yoast_head":"<!-- This site is optimized with the Yoast SEO plugin v27.4 - https:\/\/yoast.com\/product\/yoast-seo-wordpress\/ -->\n<title>Sugr\u012f\u017eimas \u012f kavin\u0119 pasaulio pakra\u0161ty<\/title>\n<meta name=\"description\" content=\"\u2013 Ta naktis kavin\u0117je pakeit\u0117 mano gyvenim\u0105. I\u0161mokau to, ko i\u0161 prad\u017ei\u0173 n\u0117 ne\u012fsivaizdavau. Pama\u010diau pasaul\u012f taip, kaip niekada nebuvau mat\u0119s. Dirstel\u0117jau \u012f\" \/>\n<meta name=\"robots\" content=\"index, follow, max-snippet:-1, max-image-preview:large, max-video-preview:-1\" \/>\n<link rel=\"canonical\" href=\"https:\/\/skaitytaknyga.lt\/en\/produktas\/sugrizimas-i-kavine-pasaulio-pakrasty\/\" \/>\n<meta property=\"og:locale\" content=\"en_GB\" \/>\n<meta property=\"og:locale:alternate\" content=\"lt_LT\" \/>\n<meta property=\"og:type\" content=\"article\" \/>\n<meta property=\"og:title\" content=\"Sugr\u012f\u017eimas \u012f kavin\u0119 pasaulio pakra\u0161ty\" \/>\n<meta property=\"og:description\" content=\"\u2013 Ta naktis kavin\u0117je pakeit\u0117 mano gyvenim\u0105. I\u0161mokau to, ko i\u0161 prad\u017ei\u0173 n\u0117 ne\u012fsivaizdavau. Pama\u010diau pasaul\u012f taip, kaip niekada nebuvau mat\u0119s. Dirstel\u0117jau \u012f\" \/>\n<meta property=\"og:url\" content=\"https:\/\/skaitytaknyga.lt\/en\/produktas\/sugrizimas-i-kavine-pasaulio-pakrasty\/\" \/>\n<meta property=\"og:site_name\" content=\"Skaitytaknyga\" \/>\n<meta property=\"article:publisher\" content=\"https:\/\/www.facebook.com\/skaitytaknyga\/\" \/>\n<meta property=\"article:modified_time\" content=\"2025-07-07T06:26:15+00:00\" \/>\n<meta property=\"og:image\" content=\"https:\/\/skaitytaknyga.lt\/wp-content\/uploads\/2025\/07\/Sugrizimas-i-kavine-pasaulio-pakrasty.webp\" \/>\n\t<meta property=\"og:image:width\" content=\"534\" \/>\n\t<meta property=\"og:image:height\" content=\"801\" \/>\n\t<meta property=\"og:image:type\" content=\"image\/webp\" \/>\n<meta name=\"twitter:card\" content=\"summary_large_image\" \/>\n<meta name=\"twitter:label1\" content=\"Estimated reading time\" \/>\n\t<meta name=\"twitter:data1\" content=\"1 minute\" \/>\n<script type=\"application\/ld+json\" class=\"yoast-schema-graph\">{\"@context\":\"https:\\\/\\\/schema.org\",\"@graph\":[{\"@type\":\"WebPage\",\"@id\":\"https:\\\/\\\/skaitytaknyga.lt\\\/produktas\\\/sugrizimas-i-kavine-pasaulio-pakrasty\\\/\",\"url\":\"https:\\\/\\\/skaitytaknyga.lt\\\/produktas\\\/sugrizimas-i-kavine-pasaulio-pakrasty\\\/\",\"name\":\"Sugr\u012f\u017eimas \u012f kavin\u0119 pasaulio pakra\u0161ty\",\"isPartOf\":{\"@id\":\"https:\\\/\\\/skaitytaknyga.lt\\\/#website\"},\"primaryImageOfPage\":{\"@id\":\"https:\\\/\\\/skaitytaknyga.lt\\\/produktas\\\/sugrizimas-i-kavine-pasaulio-pakrasty\\\/#primaryimage\"},\"image\":{\"@id\":\"https:\\\/\\\/skaitytaknyga.lt\\\/produktas\\\/sugrizimas-i-kavine-pasaulio-pakrasty\\\/#primaryimage\"},\"thumbnailUrl\":\"https:\\\/\\\/skaitytaknyga.lt\\\/wp-content\\\/uploads\\\/2025\\\/07\\\/Sugrizimas-i-kavine-pasaulio-pakrasty.webp\",\"datePublished\":\"2025-07-03T08:17:17+00:00\",\"dateModified\":\"2025-07-07T06:26:15+00:00\",\"description\":\"\u2013 Ta naktis kavin\u0117je pakeit\u0117 mano gyvenim\u0105. I\u0161mokau to, ko i\u0161 prad\u017ei\u0173 n\u0117 ne\u012fsivaizdavau. Pama\u010diau pasaul\u012f taip, kaip niekada nebuvau mat\u0119s. Dirstel\u0117jau \u012f\",\"breadcrumb\":{\"@id\":\"https:\\\/\\\/skaitytaknyga.lt\\\/produktas\\\/sugrizimas-i-kavine-pasaulio-pakrasty\\\/#breadcrumb\"},\"inLanguage\":\"en-GB\",\"potentialAction\":[{\"@type\":\"ReadAction\",\"target\":[\"https:\\\/\\\/skaitytaknyga.lt\\\/produktas\\\/sugrizimas-i-kavine-pasaulio-pakrasty\\\/\"]}]},{\"@type\":\"ImageObject\",\"inLanguage\":\"en-GB\",\"@id\":\"https:\\\/\\\/skaitytaknyga.lt\\\/produktas\\\/sugrizimas-i-kavine-pasaulio-pakrasty\\\/#primaryimage\",\"url\":\"https:\\\/\\\/skaitytaknyga.lt\\\/wp-content\\\/uploads\\\/2025\\\/07\\\/Sugrizimas-i-kavine-pasaulio-pakrasty.webp\",\"contentUrl\":\"https:\\\/\\\/skaitytaknyga.lt\\\/wp-content\\\/uploads\\\/2025\\\/07\\\/Sugrizimas-i-kavine-pasaulio-pakrasty.webp\",\"width\":534,\"height\":801,\"caption\":\"Sugr\u012f\u017eimas \u012f kavin\u0119 pasaulio pakra\u0161ty\"},{\"@type\":\"BreadcrumbList\",\"@id\":\"https:\\\/\\\/skaitytaknyga.lt\\\/produktas\\\/sugrizimas-i-kavine-pasaulio-pakrasty\\\/#breadcrumb\",\"itemListElement\":[{\"@type\":\"ListItem\",\"position\":1,\"name\":\"Home\",\"item\":\"https:\\\/\\\/skaitytaknyga.lt\\\/\"},{\"@type\":\"ListItem\",\"position\":2,\"name\":\"Parduotuv\u0117\",\"item\":\"https:\\\/\\\/skaitytaknyga.lt\\\/knygu-parduotuve\\\/\"},{\"@type\":\"ListItem\",\"position\":3,\"name\":\"Sugr\u012f\u017eimas \u012f kavin\u0119 pasaulio pakra\u0161ty\"}]},{\"@type\":\"WebSite\",\"@id\":\"https:\\\/\\\/skaitytaknyga.lt\\\/#website\",\"url\":\"https:\\\/\\\/skaitytaknyga.lt\\\/\",\"name\":\"skaitytaknyga.lt\",\"description\":\"Skaitytaknyga.lt \u2013 tai ma\u017eas \u0161eimos verslas, kuris prasid\u0117jo nuo meil\u0117s knygoms ir siekio i\u0161gelb\u0117ti knygas nuo likimo prie konteinerio. Kas vienam nereikalingas daiktas \u2013 kitam lobis, o mes esame tarpininkai, kurie padeda abiems tapti laimingesniems ???? \u017dinome kaip nelengva i\u0161gyventi ma\u017eiems verslams, tad nuo \u0161iol, \u010dia rasite ir kit\u0173, ma\u017e\u0173 \u0161eim\u0173 versl\u0173, rank\u0173 darbo, dovan\u0173 sau ir artimiesiems.\",\"publisher\":{\"@id\":\"https:\\\/\\\/skaitytaknyga.lt\\\/#organization\"},\"potentialAction\":[{\"@type\":\"SearchAction\",\"target\":{\"@type\":\"EntryPoint\",\"urlTemplate\":\"https:\\\/\\\/skaitytaknyga.lt\\\/?s={search_term_string}\"},\"query-input\":{\"@type\":\"PropertyValueSpecification\",\"valueRequired\":true,\"valueName\":\"search_term_string\"}}],\"inLanguage\":\"en-GB\"},{\"@type\":\"Organization\",\"@id\":\"https:\\\/\\\/skaitytaknyga.lt\\\/#organization\",\"name\":\"skaitytaknyga.lt\",\"url\":\"https:\\\/\\\/skaitytaknyga.lt\\\/\",\"logo\":{\"@type\":\"ImageObject\",\"inLanguage\":\"en-GB\",\"@id\":\"https:\\\/\\\/skaitytaknyga.lt\\\/#\\\/schema\\\/logo\\\/image\\\/\",\"url\":\"https:\\\/\\\/skaitytaknyga.lt\\\/wp-content\\\/uploads\\\/2024\\\/05\\\/cropped-cropped-cropped-02_00843_jt3bggkj1j3HLc7SyY6rEUpg.jpeg\",\"contentUrl\":\"https:\\\/\\\/skaitytaknyga.lt\\\/wp-content\\\/uploads\\\/2024\\\/05\\\/cropped-cropped-cropped-02_00843_jt3bggkj1j3HLc7SyY6rEUpg.jpeg\",\"width\":1600,\"height\":1600,\"caption\":\"skaitytaknyga.lt\"},\"image\":{\"@id\":\"https:\\\/\\\/skaitytaknyga.lt\\\/#\\\/schema\\\/logo\\\/image\\\/\"},\"sameAs\":[\"https:\\\/\\\/www.facebook.com\\\/skaitytaknyga\\\/\"]}]}<\/script>\n<!-- \/ Yoast SEO plugin. -->","yoast_head_json":{"title":"Sugr\u012f\u017eimas \u012f kavin\u0119 pasaulio pakra\u0161ty","description":"\u2013 Ta naktis kavin\u0117je pakeit\u0117 mano gyvenim\u0105. I\u0161mokau to, ko i\u0161 prad\u017ei\u0173 n\u0117 ne\u012fsivaizdavau. Pama\u010diau pasaul\u012f taip, kaip niekada nebuvau mat\u0119s. Dirstel\u0117jau \u012f","robots":{"index":"index","follow":"follow","max-snippet":"max-snippet:-1","max-image-preview":"max-image-preview:large","max-video-preview":"max-video-preview:-1"},"canonical":"https:\/\/skaitytaknyga.lt\/en\/produktas\/sugrizimas-i-kavine-pasaulio-pakrasty\/","og_locale":"en_GB","og_type":"article","og_title":"[:lt]Sugr\u012f\u017eimas \u012f kavin\u0119 pasaulio pakra\u0161ty[:] - Skaitytaknyga","og_description":"\u2013 Ta naktis kavin\u0117je pakeit\u0117 mano gyvenim\u0105. I\u0161mokau to, ko i\u0161 prad\u017ei\u0173 n\u0117 ne\u012fsivaizdavau. Pama\u010diau pasaul\u012f taip, kaip niekada nebuvau mat\u0119s. Dirstel\u0117jau \u012f","og_url":"https:\/\/skaitytaknyga.lt\/en\/produktas\/sugrizimas-i-kavine-pasaulio-pakrasty\/","og_site_name":"Skaitytaknyga","article_publisher":"https:\/\/www.facebook.com\/skaitytaknyga\/","article_modified_time":"2025-07-07T06:26:15+00:00","og_image":[{"width":534,"height":801,"url":"https:\/\/skaitytaknyga.lt\/wp-content\/uploads\/2025\/07\/Sugrizimas-i-kavine-pasaulio-pakrasty.webp","type":"image\/webp"}],"twitter_card":"summary_large_image","twitter_misc":{"Estimated reading time":"1 minute"},"schema":{"@context":"https:\/\/schema.org","@graph":[{"@type":"WebPage","@id":"https:\/\/skaitytaknyga.lt\/produktas\/sugrizimas-i-kavine-pasaulio-pakrasty\/","url":"https:\/\/skaitytaknyga.lt\/produktas\/sugrizimas-i-kavine-pasaulio-pakrasty\/","name":"Sugr\u012f\u017eimas \u012f kavin\u0119 pasaulio pakra\u0161ty","isPartOf":{"@id":"https:\/\/skaitytaknyga.lt\/#website"},"primaryImageOfPage":{"@id":"https:\/\/skaitytaknyga.lt\/produktas\/sugrizimas-i-kavine-pasaulio-pakrasty\/#primaryimage"},"image":{"@id":"https:\/\/skaitytaknyga.lt\/produktas\/sugrizimas-i-kavine-pasaulio-pakrasty\/#primaryimage"},"thumbnailUrl":"https:\/\/skaitytaknyga.lt\/wp-content\/uploads\/2025\/07\/Sugrizimas-i-kavine-pasaulio-pakrasty.webp","datePublished":"2025-07-03T08:17:17+00:00","dateModified":"2025-07-07T06:26:15+00:00","description":"\u2013 Ta naktis kavin\u0117je pakeit\u0117 mano gyvenim\u0105. I\u0161mokau to, ko i\u0161 prad\u017ei\u0173 n\u0117 ne\u012fsivaizdavau. Pama\u010diau pasaul\u012f taip, kaip niekada nebuvau mat\u0119s. Dirstel\u0117jau \u012f","breadcrumb":{"@id":"https:\/\/skaitytaknyga.lt\/produktas\/sugrizimas-i-kavine-pasaulio-pakrasty\/#breadcrumb"},"inLanguage":"en-GB","potentialAction":[{"@type":"ReadAction","target":["https:\/\/skaitytaknyga.lt\/produktas\/sugrizimas-i-kavine-pasaulio-pakrasty\/"]}]},{"@type":"ImageObject","inLanguage":"en-GB","@id":"https:\/\/skaitytaknyga.lt\/produktas\/sugrizimas-i-kavine-pasaulio-pakrasty\/#primaryimage","url":"https:\/\/skaitytaknyga.lt\/wp-content\/uploads\/2025\/07\/Sugrizimas-i-kavine-pasaulio-pakrasty.webp","contentUrl":"https:\/\/skaitytaknyga.lt\/wp-content\/uploads\/2025\/07\/Sugrizimas-i-kavine-pasaulio-pakrasty.webp","width":534,"height":801,"caption":"Sugr\u012f\u017eimas \u012f kavin\u0119 pasaulio pakra\u0161ty"},{"@type":"BreadcrumbList","@id":"https:\/\/skaitytaknyga.lt\/produktas\/sugrizimas-i-kavine-pasaulio-pakrasty\/#breadcrumb","itemListElement":[{"@type":"ListItem","position":1,"name":"Home","item":"https:\/\/skaitytaknyga.lt\/"},{"@type":"ListItem","position":2,"name":"Parduotuv\u0117","item":"https:\/\/skaitytaknyga.lt\/knygu-parduotuve\/"},{"@type":"ListItem","position":3,"name":"Sugr\u012f\u017eimas \u012f kavin\u0119 pasaulio pakra\u0161ty"}]},{"@type":"WebSite","@id":"https:\/\/skaitytaknyga.lt\/#website","url":"https:\/\/skaitytaknyga.lt\/","name":"skaitytaknyga.lt","description":"Skaitytaknyga.lt \u2013 tai ma\u017eas \u0161eimos verslas, kuris prasid\u0117jo nuo meil\u0117s knygoms ir siekio i\u0161gelb\u0117ti knygas nuo likimo prie konteinerio. Kas vienam nereikalingas daiktas \u2013 kitam lobis, o mes esame tarpininkai, kurie padeda abiems tapti laimingesniems ???? \u017dinome kaip nelengva i\u0161gyventi ma\u017eiems verslams, tad nuo \u0161iol, \u010dia rasite ir kit\u0173, ma\u017e\u0173 \u0161eim\u0173 versl\u0173, rank\u0173 darbo, dovan\u0173 sau ir artimiesiems.","publisher":{"@id":"https:\/\/skaitytaknyga.lt\/#organization"},"potentialAction":[{"@type":"SearchAction","target":{"@type":"EntryPoint","urlTemplate":"https:\/\/skaitytaknyga.lt\/?s={search_term_string}"},"query-input":{"@type":"PropertyValueSpecification","valueRequired":true,"valueName":"search_term_string"}}],"inLanguage":"en-GB"},{"@type":"Organization","@id":"https:\/\/skaitytaknyga.lt\/#organization","name":"skaitytaknyga.lt","url":"https:\/\/skaitytaknyga.lt\/","logo":{"@type":"ImageObject","inLanguage":"en-GB","@id":"https:\/\/skaitytaknyga.lt\/#\/schema\/logo\/image\/","url":"https:\/\/skaitytaknyga.lt\/wp-content\/uploads\/2024\/05\/cropped-cropped-cropped-02_00843_jt3bggkj1j3HLc7SyY6rEUpg.jpeg","contentUrl":"https:\/\/skaitytaknyga.lt\/wp-content\/uploads\/2024\/05\/cropped-cropped-cropped-02_00843_jt3bggkj1j3HLc7SyY6rEUpg.jpeg","width":1600,"height":1600,"caption":"skaitytaknyga.lt"},"image":{"@id":"https:\/\/skaitytaknyga.lt\/#\/schema\/logo\/image\/"},"sameAs":["https:\/\/www.facebook.com\/skaitytaknyga\/"]}]}},"_links":{"self":[{"href":"https:\/\/skaitytaknyga.lt\/en\/wp-json\/wp\/v2\/product\/19223","targetHints":{"allow":["GET"]}}],"collection":[{"href":"https:\/\/skaitytaknyga.lt\/en\/wp-json\/wp\/v2\/product"}],"about":[{"href":"https:\/\/skaitytaknyga.lt\/en\/wp-json\/wp\/v2\/types\/product"}],"replies":[{"embeddable":true,"href":"https:\/\/skaitytaknyga.lt\/en\/wp-json\/wp\/v2\/comments?post=19223"}],"wp:featuredmedia":[{"embeddable":true,"href":"https:\/\/skaitytaknyga.lt\/en\/wp-json\/wp\/v2\/media\/19228"}],"wp:attachment":[{"href":"https:\/\/skaitytaknyga.lt\/en\/wp-json\/wp\/v2\/media?parent=19223"}],"wp:term":[{"taxonomy":"product_brand","embeddable":true,"href":"https:\/\/skaitytaknyga.lt\/en\/wp-json\/wp\/v2\/product_brand?post=19223"},{"taxonomy":"product_cat","embeddable":true,"href":"https:\/\/skaitytaknyga.lt\/en\/wp-json\/wp\/v2\/product_cat?post=19223"},{"taxonomy":"product_tag","embeddable":true,"href":"https:\/\/skaitytaknyga.lt\/en\/wp-json\/wp\/v2\/product_tag?post=19223"}],"curies":[{"name":"wp","href":"https:\/\/api.w.org\/{rel}","templated":true}]}}