{"id":19217,"date":"2025-07-03T09:41:58","date_gmt":"2025-07-03T06:41:58","guid":{"rendered":"https:\/\/skaitytaknyga.lt\/?post_type=product&#038;p=19217"},"modified":"2025-09-27T21:41:00","modified_gmt":"2025-09-27T18:41:00","slug":"noriu-didesnio-atlyginimo","status":"publish","type":"product","link":"https:\/\/skaitytaknyga.lt\/en\/produktas\/noriu-didesnio-atlyginimo\/","title":{"rendered":"Noriu didesnio atlyginimo!"},"content":{"rendered":"<p>Da\u017eniausiai per derybas d\u0117l atlyginimo \u012f ring\u0105 i\u0161eina du nelyg\u016bs partneriai: vienoje pus\u0117je vir\u0161ininkas, \u012fvald\u0119s retorik\u0105 ir pa\u017e\u012fstantis situacij\u0105, kitoje pus\u0117je darbuotojas, susijaudin\u0119s ir grau\u017eiamas s\u0105\u017ein\u0117s, kad nori didesnio atlyginimo. Nenuostabu, kad ne vienas jau b\u016bna pralaim\u0117j\u0119s, dar n\u0117 ne\u012f\u017eeng\u0119s \u012f vir\u0161ininko kabinet\u0105.<\/p>\n<p>O i\u0161 tikr\u0173j\u0173 visai nesunku i\u0161sikovoti didesn\u012f atlyginim\u0105. Jeigu pasitik\u0117site savimi, gerai apsvarstysite situacij\u0105 ir kruop\u0161\u010diai pasiruo\u0161ite pokalbiui \u2013 savo tiksl\u0105 tikrai pasieksite.<\/p>\n<p>Devyniuose skyriuose Martinas Wehrle, per ugn\u012f ir vanden\u012f pra\u0117j\u0119s buv\u0119s vadovas ir atlyginim\u0173 konsultantas, \u017eingsnis po \u017eingsnio ves jus svajojamo atlyginimo pak\u0117limo keliu.<\/p>\n","protected":false},"excerpt":{"rendered":"<p>Da\u017eniausiai per derybas d\u0117l atlyginimo \u012f ring\u0105 i\u0161eina du nelyg\u016bs partneriai: vienoje pus\u0117je vir\u0161ininkas, \u012fvald\u0119s retorik\u0105 ir pa\u017e\u012fstantis situacij\u0105, kitoje pus\u0117je darbuotojas, susijaudin\u0119s ir grau\u017eiamas s\u0105\u017ein\u0117s, kad nori didesnio atlyginimo. Nenuostabu, kad ne vienas jau b\u016bna pralaim\u0117j\u0119s, dar n\u0117 ne\u012f\u017eeng\u0119s \u012f vir\u0161ininko kabinet\u0105. O i\u0161 tikr\u0173j\u0173 visai nesunku i\u0161sikovoti didesn\u012f atlyginim\u0105. Jeigu pasitik\u0117site savimi, gerai apsvarstysite situacij\u0105 ir kruop\u0161\u010diai pasiruo\u0161ite pokalbiui \u2013 savo tiksl\u0105 tikrai pasieksite. Devyniuose skyriuose Martinas Wehrle, per ugn\u012f ir vanden\u012f pra\u0117j\u0119s buv\u0119s vadovas ir atlyginim\u0173 konsultantas, \u017eingsnis po \u017eingsnio ves jus svajojamo atlyginimo pak\u0117limo keliu.<\/p>\n","protected":false},"featured_media":19222,"comment_status":"open","ping_status":"closed","template":"","meta":{"_acf_changed":false,"site-sidebar-layout":"default","site-content-layout":"","ast-site-content-layout":"default","site-content-style":"default","site-sidebar-style":"default","ast-global-header-display":"","ast-banner-title-visibility":"","ast-main-header-display":"","ast-hfb-above-header-display":"","ast-hfb-below-header-display":"","ast-hfb-mobile-header-display":"","site-post-title":"","ast-breadcrumbs-content":"","ast-featured-img":"","footer-sml-layout":"","ast-disable-related-posts":"","theme-transparent-header-meta":"","adv-header-id-meta":"","stick-header-meta":"","header-above-stick-meta":"","header-main-stick-meta":"","header-below-stick-meta":"","astra-migrate-meta-layouts":"default","ast-page-background-enabled":"default","ast-page-background-meta":{"desktop":{"background-color":"","background-image":"","background-repeat":"repeat","background-position":"center center","background-size":"auto","background-attachment":"scroll","background-type":"","background-media":"","overlay-type":"","overlay-color":"","overlay-opacity":"","overlay-gradient":""},"tablet":{"background-color":"","background-image":"","background-repeat":"repeat","background-position":"center center","background-size":"auto","background-attachment":"scroll","background-type":"","background-media":"","overlay-type":"","overlay-color":"","overlay-opacity":"","overlay-gradient":""},"mobile":{"background-color":"","background-image":"","background-repeat":"repeat","background-position":"center center","background-size":"auto","background-attachment":"scroll","background-type":"","background-media":"","overlay-type":"","overlay-color":"","overlay-opacity":"","overlay-gradient":""}},"ast-content-background-meta":{"desktop":{"background-color":"var(--ast-global-color-4)","background-image":"","background-repeat":"repeat","background-position":"center center","background-size":"auto","background-attachment":"scroll","background-type":"","background-media":"","overlay-type":"","overlay-color":"","overlay-opacity":"","overlay-gradient":""},"tablet":{"background-color":"var(--ast-global-color-4)","background-image":"","background-repeat":"repeat","background-position":"center center","background-size":"auto","background-attachment":"scroll","background-type":"","background-media":"","overlay-type":"","overlay-color":"","overlay-opacity":"","overlay-gradient":""},"mobile":{"background-color":"var(--ast-global-color-4)","background-image":"","background-repeat":"repeat","background-position":"center center","background-size":"auto","background-attachment":"scroll","background-type":"","background-media":"","overlay-type":"","overlay-color":"","overlay-opacity":"","overlay-gradient":""}}},"product_brand":[],"product_cat":[26],"product_tag":[],"class_list":{"0":"post-19217","1":"product","2":"type-product","3":"status-publish","4":"has-post-thumbnail","6":"product_cat-verslas-vadyba-ir-finansai","7":"desktop-align-left","8":"tablet-align-left","9":"mobile-align-left","11":"first","12":"outofstock","13":"shipping-taxable","14":"purchasable","15":"product-type-simple"},"acf":[],"yoast_head":"<!-- This site is optimized with the Yoast SEO plugin v27.4 - https:\/\/yoast.com\/product\/yoast-seo-wordpress\/ -->\n<title>Noriu didesnio atlyginimo!<\/title>\n<meta name=\"description\" content=\"Da\u017eniausiai per derybas d\u0117l atlyginimo \u012f ring\u0105 i\u0161eina du nelyg\u016bs partneriai: vienoje pus\u0117je vir\u0161ininkas, \u012fvald\u0119s retorik\u0105 ir pa\u017e\u012fstantis situacij\u0105, kitoje\" \/>\n<meta name=\"robots\" content=\"index, follow, max-snippet:-1, max-image-preview:large, max-video-preview:-1\" \/>\n<link rel=\"canonical\" href=\"https:\/\/skaitytaknyga.lt\/en\/produktas\/noriu-didesnio-atlyginimo\/\" \/>\n<meta property=\"og:locale\" content=\"en_GB\" \/>\n<meta property=\"og:locale:alternate\" content=\"lt_LT\" \/>\n<meta property=\"og:type\" content=\"article\" \/>\n<meta property=\"og:title\" content=\"Noriu didesnio atlyginimo!\" \/>\n<meta property=\"og:description\" content=\"Da\u017eniausiai per derybas d\u0117l atlyginimo \u012f ring\u0105 i\u0161eina du nelyg\u016bs partneriai: vienoje pus\u0117je vir\u0161ininkas, \u012fvald\u0119s retorik\u0105 ir pa\u017e\u012fstantis situacij\u0105, kitoje\" \/>\n<meta property=\"og:url\" content=\"https:\/\/skaitytaknyga.lt\/en\/produktas\/noriu-didesnio-atlyginimo\/\" \/>\n<meta property=\"og:site_name\" content=\"Skaitytaknyga\" \/>\n<meta property=\"article:publisher\" content=\"https:\/\/www.facebook.com\/skaitytaknyga\/\" \/>\n<meta property=\"article:modified_time\" content=\"2025-09-27T18:41:00+00:00\" \/>\n<meta property=\"og:image\" content=\"https:\/\/skaitytaknyga.lt\/wp-content\/uploads\/2025\/07\/Noriu-didesnio-atlyginimo.webp\" \/>\n\t<meta property=\"og:image:width\" content=\"549\" \/>\n\t<meta property=\"og:image:height\" content=\"801\" \/>\n\t<meta property=\"og:image:type\" content=\"image\/webp\" \/>\n<meta name=\"twitter:card\" content=\"summary_large_image\" \/>\n<meta name=\"twitter:label1\" content=\"Estimated reading time\" \/>\n\t<meta name=\"twitter:data1\" content=\"1 minute\" \/>\n<script type=\"application\/ld+json\" class=\"yoast-schema-graph\">{\"@context\":\"https:\\\/\\\/schema.org\",\"@graph\":[{\"@type\":\"WebPage\",\"@id\":\"https:\\\/\\\/skaitytaknyga.lt\\\/produktas\\\/noriu-didesnio-atlyginimo\\\/\",\"url\":\"https:\\\/\\\/skaitytaknyga.lt\\\/produktas\\\/noriu-didesnio-atlyginimo\\\/\",\"name\":\"Noriu didesnio atlyginimo!\",\"isPartOf\":{\"@id\":\"https:\\\/\\\/skaitytaknyga.lt\\\/#website\"},\"primaryImageOfPage\":{\"@id\":\"https:\\\/\\\/skaitytaknyga.lt\\\/produktas\\\/noriu-didesnio-atlyginimo\\\/#primaryimage\"},\"image\":{\"@id\":\"https:\\\/\\\/skaitytaknyga.lt\\\/produktas\\\/noriu-didesnio-atlyginimo\\\/#primaryimage\"},\"thumbnailUrl\":\"https:\\\/\\\/skaitytaknyga.lt\\\/wp-content\\\/uploads\\\/2025\\\/07\\\/Noriu-didesnio-atlyginimo.webp\",\"datePublished\":\"2025-07-03T06:41:58+00:00\",\"dateModified\":\"2025-09-27T18:41:00+00:00\",\"description\":\"Da\u017eniausiai per derybas d\u0117l atlyginimo \u012f ring\u0105 i\u0161eina du nelyg\u016bs partneriai: vienoje pus\u0117je vir\u0161ininkas, \u012fvald\u0119s retorik\u0105 ir pa\u017e\u012fstantis situacij\u0105, kitoje\",\"breadcrumb\":{\"@id\":\"https:\\\/\\\/skaitytaknyga.lt\\\/produktas\\\/noriu-didesnio-atlyginimo\\\/#breadcrumb\"},\"inLanguage\":\"en-GB\",\"potentialAction\":[{\"@type\":\"ReadAction\",\"target\":[\"https:\\\/\\\/skaitytaknyga.lt\\\/produktas\\\/noriu-didesnio-atlyginimo\\\/\"]}]},{\"@type\":\"ImageObject\",\"inLanguage\":\"en-GB\",\"@id\":\"https:\\\/\\\/skaitytaknyga.lt\\\/produktas\\\/noriu-didesnio-atlyginimo\\\/#primaryimage\",\"url\":\"https:\\\/\\\/skaitytaknyga.lt\\\/wp-content\\\/uploads\\\/2025\\\/07\\\/Noriu-didesnio-atlyginimo.webp\",\"contentUrl\":\"https:\\\/\\\/skaitytaknyga.lt\\\/wp-content\\\/uploads\\\/2025\\\/07\\\/Noriu-didesnio-atlyginimo.webp\",\"width\":549,\"height\":801},{\"@type\":\"BreadcrumbList\",\"@id\":\"https:\\\/\\\/skaitytaknyga.lt\\\/produktas\\\/noriu-didesnio-atlyginimo\\\/#breadcrumb\",\"itemListElement\":[{\"@type\":\"ListItem\",\"position\":1,\"name\":\"Home\",\"item\":\"https:\\\/\\\/skaitytaknyga.lt\\\/\"},{\"@type\":\"ListItem\",\"position\":2,\"name\":\"Parduotuv\u0117\",\"item\":\"https:\\\/\\\/skaitytaknyga.lt\\\/knygu-parduotuve\\\/\"},{\"@type\":\"ListItem\",\"position\":3,\"name\":\"Noriu didesnio atlyginimo!\"}]},{\"@type\":\"WebSite\",\"@id\":\"https:\\\/\\\/skaitytaknyga.lt\\\/#website\",\"url\":\"https:\\\/\\\/skaitytaknyga.lt\\\/\",\"name\":\"skaitytaknyga.lt\",\"description\":\"Skaitytaknyga.lt \u2013 tai ma\u017eas \u0161eimos verslas, kuris prasid\u0117jo nuo meil\u0117s knygoms ir siekio i\u0161gelb\u0117ti knygas nuo likimo prie konteinerio. Kas vienam nereikalingas daiktas \u2013 kitam lobis, o mes esame tarpininkai, kurie padeda abiems tapti laimingesniems ???? \u017dinome kaip nelengva i\u0161gyventi ma\u017eiems verslams, tad nuo \u0161iol, \u010dia rasite ir kit\u0173, ma\u017e\u0173 \u0161eim\u0173 versl\u0173, rank\u0173 darbo, dovan\u0173 sau ir artimiesiems.\",\"publisher\":{\"@id\":\"https:\\\/\\\/skaitytaknyga.lt\\\/#organization\"},\"potentialAction\":[{\"@type\":\"SearchAction\",\"target\":{\"@type\":\"EntryPoint\",\"urlTemplate\":\"https:\\\/\\\/skaitytaknyga.lt\\\/?s={search_term_string}\"},\"query-input\":{\"@type\":\"PropertyValueSpecification\",\"valueRequired\":true,\"valueName\":\"search_term_string\"}}],\"inLanguage\":\"en-GB\"},{\"@type\":\"Organization\",\"@id\":\"https:\\\/\\\/skaitytaknyga.lt\\\/#organization\",\"name\":\"skaitytaknyga.lt\",\"url\":\"https:\\\/\\\/skaitytaknyga.lt\\\/\",\"logo\":{\"@type\":\"ImageObject\",\"inLanguage\":\"en-GB\",\"@id\":\"https:\\\/\\\/skaitytaknyga.lt\\\/#\\\/schema\\\/logo\\\/image\\\/\",\"url\":\"https:\\\/\\\/skaitytaknyga.lt\\\/wp-content\\\/uploads\\\/2024\\\/05\\\/cropped-cropped-cropped-02_00843_jt3bggkj1j3HLc7SyY6rEUpg.jpeg\",\"contentUrl\":\"https:\\\/\\\/skaitytaknyga.lt\\\/wp-content\\\/uploads\\\/2024\\\/05\\\/cropped-cropped-cropped-02_00843_jt3bggkj1j3HLc7SyY6rEUpg.jpeg\",\"width\":1600,\"height\":1600,\"caption\":\"skaitytaknyga.lt\"},\"image\":{\"@id\":\"https:\\\/\\\/skaitytaknyga.lt\\\/#\\\/schema\\\/logo\\\/image\\\/\"},\"sameAs\":[\"https:\\\/\\\/www.facebook.com\\\/skaitytaknyga\\\/\"]}]}<\/script>\n<!-- \/ Yoast SEO plugin. -->","yoast_head_json":{"title":"Noriu didesnio atlyginimo!","description":"Da\u017eniausiai per derybas d\u0117l atlyginimo \u012f ring\u0105 i\u0161eina du nelyg\u016bs partneriai: vienoje pus\u0117je vir\u0161ininkas, \u012fvald\u0119s retorik\u0105 ir pa\u017e\u012fstantis situacij\u0105, kitoje","robots":{"index":"index","follow":"follow","max-snippet":"max-snippet:-1","max-image-preview":"max-image-preview:large","max-video-preview":"max-video-preview:-1"},"canonical":"https:\/\/skaitytaknyga.lt\/en\/produktas\/noriu-didesnio-atlyginimo\/","og_locale":"en_GB","og_type":"article","og_title":"[:lt]Noriu didesnio atlyginimo![:] - Skaitytaknyga","og_description":"Da\u017eniausiai per derybas d\u0117l atlyginimo \u012f ring\u0105 i\u0161eina du nelyg\u016bs partneriai: vienoje pus\u0117je vir\u0161ininkas, \u012fvald\u0119s retorik\u0105 ir pa\u017e\u012fstantis situacij\u0105, kitoje","og_url":"https:\/\/skaitytaknyga.lt\/en\/produktas\/noriu-didesnio-atlyginimo\/","og_site_name":"Skaitytaknyga","article_publisher":"https:\/\/www.facebook.com\/skaitytaknyga\/","article_modified_time":"2025-09-27T18:41:00+00:00","og_image":[{"width":549,"height":801,"url":"https:\/\/skaitytaknyga.lt\/wp-content\/uploads\/2025\/07\/Noriu-didesnio-atlyginimo.webp","type":"image\/webp"}],"twitter_card":"summary_large_image","twitter_misc":{"Estimated reading time":"1 minute"},"schema":{"@context":"https:\/\/schema.org","@graph":[{"@type":"WebPage","@id":"https:\/\/skaitytaknyga.lt\/produktas\/noriu-didesnio-atlyginimo\/","url":"https:\/\/skaitytaknyga.lt\/produktas\/noriu-didesnio-atlyginimo\/","name":"Noriu didesnio atlyginimo!","isPartOf":{"@id":"https:\/\/skaitytaknyga.lt\/#website"},"primaryImageOfPage":{"@id":"https:\/\/skaitytaknyga.lt\/produktas\/noriu-didesnio-atlyginimo\/#primaryimage"},"image":{"@id":"https:\/\/skaitytaknyga.lt\/produktas\/noriu-didesnio-atlyginimo\/#primaryimage"},"thumbnailUrl":"https:\/\/skaitytaknyga.lt\/wp-content\/uploads\/2025\/07\/Noriu-didesnio-atlyginimo.webp","datePublished":"2025-07-03T06:41:58+00:00","dateModified":"2025-09-27T18:41:00+00:00","description":"Da\u017eniausiai per derybas d\u0117l atlyginimo \u012f ring\u0105 i\u0161eina du nelyg\u016bs partneriai: vienoje pus\u0117je vir\u0161ininkas, \u012fvald\u0119s retorik\u0105 ir pa\u017e\u012fstantis situacij\u0105, kitoje","breadcrumb":{"@id":"https:\/\/skaitytaknyga.lt\/produktas\/noriu-didesnio-atlyginimo\/#breadcrumb"},"inLanguage":"en-GB","potentialAction":[{"@type":"ReadAction","target":["https:\/\/skaitytaknyga.lt\/produktas\/noriu-didesnio-atlyginimo\/"]}]},{"@type":"ImageObject","inLanguage":"en-GB","@id":"https:\/\/skaitytaknyga.lt\/produktas\/noriu-didesnio-atlyginimo\/#primaryimage","url":"https:\/\/skaitytaknyga.lt\/wp-content\/uploads\/2025\/07\/Noriu-didesnio-atlyginimo.webp","contentUrl":"https:\/\/skaitytaknyga.lt\/wp-content\/uploads\/2025\/07\/Noriu-didesnio-atlyginimo.webp","width":549,"height":801},{"@type":"BreadcrumbList","@id":"https:\/\/skaitytaknyga.lt\/produktas\/noriu-didesnio-atlyginimo\/#breadcrumb","itemListElement":[{"@type":"ListItem","position":1,"name":"Home","item":"https:\/\/skaitytaknyga.lt\/"},{"@type":"ListItem","position":2,"name":"Parduotuv\u0117","item":"https:\/\/skaitytaknyga.lt\/knygu-parduotuve\/"},{"@type":"ListItem","position":3,"name":"Noriu didesnio atlyginimo!"}]},{"@type":"WebSite","@id":"https:\/\/skaitytaknyga.lt\/#website","url":"https:\/\/skaitytaknyga.lt\/","name":"skaitytaknyga.lt","description":"Skaitytaknyga.lt \u2013 tai ma\u017eas \u0161eimos verslas, kuris prasid\u0117jo nuo meil\u0117s knygoms ir siekio i\u0161gelb\u0117ti knygas nuo likimo prie konteinerio. Kas vienam nereikalingas daiktas \u2013 kitam lobis, o mes esame tarpininkai, kurie padeda abiems tapti laimingesniems ???? \u017dinome kaip nelengva i\u0161gyventi ma\u017eiems verslams, tad nuo \u0161iol, \u010dia rasite ir kit\u0173, ma\u017e\u0173 \u0161eim\u0173 versl\u0173, rank\u0173 darbo, dovan\u0173 sau ir artimiesiems.","publisher":{"@id":"https:\/\/skaitytaknyga.lt\/#organization"},"potentialAction":[{"@type":"SearchAction","target":{"@type":"EntryPoint","urlTemplate":"https:\/\/skaitytaknyga.lt\/?s={search_term_string}"},"query-input":{"@type":"PropertyValueSpecification","valueRequired":true,"valueName":"search_term_string"}}],"inLanguage":"en-GB"},{"@type":"Organization","@id":"https:\/\/skaitytaknyga.lt\/#organization","name":"skaitytaknyga.lt","url":"https:\/\/skaitytaknyga.lt\/","logo":{"@type":"ImageObject","inLanguage":"en-GB","@id":"https:\/\/skaitytaknyga.lt\/#\/schema\/logo\/image\/","url":"https:\/\/skaitytaknyga.lt\/wp-content\/uploads\/2024\/05\/cropped-cropped-cropped-02_00843_jt3bggkj1j3HLc7SyY6rEUpg.jpeg","contentUrl":"https:\/\/skaitytaknyga.lt\/wp-content\/uploads\/2024\/05\/cropped-cropped-cropped-02_00843_jt3bggkj1j3HLc7SyY6rEUpg.jpeg","width":1600,"height":1600,"caption":"skaitytaknyga.lt"},"image":{"@id":"https:\/\/skaitytaknyga.lt\/#\/schema\/logo\/image\/"},"sameAs":["https:\/\/www.facebook.com\/skaitytaknyga\/"]}]}},"_links":{"self":[{"href":"https:\/\/skaitytaknyga.lt\/en\/wp-json\/wp\/v2\/product\/19217","targetHints":{"allow":["GET"]}}],"collection":[{"href":"https:\/\/skaitytaknyga.lt\/en\/wp-json\/wp\/v2\/product"}],"about":[{"href":"https:\/\/skaitytaknyga.lt\/en\/wp-json\/wp\/v2\/types\/product"}],"replies":[{"embeddable":true,"href":"https:\/\/skaitytaknyga.lt\/en\/wp-json\/wp\/v2\/comments?post=19217"}],"wp:featuredmedia":[{"embeddable":true,"href":"https:\/\/skaitytaknyga.lt\/en\/wp-json\/wp\/v2\/media\/19222"}],"wp:attachment":[{"href":"https:\/\/skaitytaknyga.lt\/en\/wp-json\/wp\/v2\/media?parent=19217"}],"wp:term":[{"taxonomy":"product_brand","embeddable":true,"href":"https:\/\/skaitytaknyga.lt\/en\/wp-json\/wp\/v2\/product_brand?post=19217"},{"taxonomy":"product_cat","embeddable":true,"href":"https:\/\/skaitytaknyga.lt\/en\/wp-json\/wp\/v2\/product_cat?post=19217"},{"taxonomy":"product_tag","embeddable":true,"href":"https:\/\/skaitytaknyga.lt\/en\/wp-json\/wp\/v2\/product_tag?post=19217"}],"curies":[{"name":"wp","href":"https:\/\/api.w.org\/{rel}","templated":true}]}}