{"id":19205,"date":"2025-07-03T09:25:38","date_gmt":"2025-07-03T06:25:38","guid":{"rendered":"https:\/\/skaitytaknyga.lt\/?post_type=product&#038;p=19205"},"modified":"2025-07-03T13:11:07","modified_gmt":"2025-07-03T10:11:07","slug":"krakatuku-pievele","status":"publish","type":"product","link":"https:\/\/skaitytaknyga.lt\/en\/produktas\/krakatuku-pievele\/","title":{"rendered":"Krakatuk\u0173 pievel\u0117"},"content":{"rendered":"<p>Krakatukai \u2013 tai stebuklingas uogas nokinantys kr\u016bmai, o j\u0173 apsupta pievel\u0117 \u2013 ramiausia pasaulyje vieta, kur net ma\u017eam \u017emogeliui i\u0161 te\u0161los negali nieko blogo nutikti. Ragana \u010dia gyvena kurmiarausyje ir i\u0161lenda tik tada, kai reikia, o baisus vandenis viksv\u0173 pri\u017e\u0117lusiomis ausimis \u2013 nekenksmingas kaip avin\u0117lis.<\/p>\n<p>Ta\u010diau vien\u0105 kart\u0105 \u012f \u0161\u012f ma\u017eyt\u012f rojaus kampel\u012f u\u017eklysta nesutramdoma nuotyki\u0173 ie\u0161kotoja \u2013 did\u017eiaaus\u0117 sen\u0117. Jos fantazija tokia galinga, o pasakojimai tokie pana\u0161\u016bs \u012f ties\u0105, kad net i\u0161galvotos b\u016btyb\u0117s atgyja ir ima aktyviai dalyvauti pievel\u0117s gyvenime.<\/p>\n<p>Ra\u0161iau \u0161i\u0105 pasak\u0105 myl\u0117dama visus jos herojus \u2013 ypa\u010d tuos \u201epasi\u0161iau\u0161usius\u201c, m\u0117gstan\u010dius pabamb\u0117ti \u2013 ir tik\u0117dama, kad tokia pievel\u0117 m\u016bs\u0173 Fantazijos \u0161alyje tikrai yra ir net nepatiklus suaug\u0117lis gali j\u0105 atrasti&#8230;<\/p>\n<p>Renata \u0160erelyt\u0117<\/p>\n","protected":false},"excerpt":{"rendered":"<p>Krakatukai \u2013 tai stebuklingas uogas nokinantys kr\u016bmai, o j\u0173 apsupta pievel\u0117 \u2013 ramiausia pasaulyje vieta, kur net ma\u017eam \u017emogeliui i\u0161 te\u0161los negali nieko blogo nutikti. Ragana \u010dia gyvena kurmiarausyje ir i\u0161lenda tik tada, kai reikia, o baisus vandenis viksv\u0173 pri\u017e\u0117lusiomis ausimis \u2013 nekenksmingas kaip avin\u0117lis. Ta\u010diau vien\u0105 kart\u0105 \u012f \u0161\u012f ma\u017eyt\u012f rojaus kampel\u012f u\u017eklysta nesutramdoma nuotyki\u0173 ie\u0161kotoja \u2013 did\u017eiaaus\u0117 sen\u0117. Jos fantazija tokia galinga, o pasakojimai tokie pana\u0161\u016bs \u012f ties\u0105, kad net i\u0161galvotos b\u016btyb\u0117s atgyja ir ima aktyviai dalyvauti pievel\u0117s gyvenime. Ra\u0161iau \u0161i\u0105 pasak\u0105 myl\u0117dama visus jos herojus \u2013 ypa\u010d tuos \u201epasi\u0161iau\u0161usius\u201c, m\u0117gstan\u010dius pabamb\u0117ti \u2013 ir tik\u0117dama, kad tokia pievel\u0117 m\u016bs\u0173 Fantazijos \u0161alyje tikrai yra ir net nepatiklus suaug\u0117lis gali j\u0105 atrasti&#8230; Renata \u0160erelyt\u0117<\/p>\n","protected":false},"featured_media":19209,"comment_status":"open","ping_status":"closed","template":"","meta":{"_acf_changed":false,"site-sidebar-layout":"default","site-content-layout":"","ast-site-content-layout":"default","site-content-style":"default","site-sidebar-style":"default","ast-global-header-display":"","ast-banner-title-visibility":"","ast-main-header-display":"","ast-hfb-above-header-display":"","ast-hfb-below-header-display":"","ast-hfb-mobile-header-display":"","site-post-title":"","ast-breadcrumbs-content":"","ast-featured-img":"","footer-sml-layout":"","ast-disable-related-posts":"","theme-transparent-header-meta":"","adv-header-id-meta":"","stick-header-meta":"","header-above-stick-meta":"","header-main-stick-meta":"","header-below-stick-meta":"","astra-migrate-meta-layouts":"default","ast-page-background-enabled":"default","ast-page-background-meta":{"desktop":{"background-color":"","background-image":"","background-repeat":"repeat","background-position":"center center","background-size":"auto","background-attachment":"scroll","background-type":"","background-media":"","overlay-type":"","overlay-color":"","overlay-opacity":"","overlay-gradient":""},"tablet":{"background-color":"","background-image":"","background-repeat":"repeat","background-position":"center center","background-size":"auto","background-attachment":"scroll","background-type":"","background-media":"","overlay-type":"","overlay-color":"","overlay-opacity":"","overlay-gradient":""},"mobile":{"background-color":"","background-image":"","background-repeat":"repeat","background-position":"center center","background-size":"auto","background-attachment":"scroll","background-type":"","background-media":"","overlay-type":"","overlay-color":"","overlay-opacity":"","overlay-gradient":""}},"ast-content-background-meta":{"desktop":{"background-color":"var(--ast-global-color-4)","background-image":"","background-repeat":"repeat","background-position":"center center","background-size":"auto","background-attachment":"scroll","background-type":"","background-media":"","overlay-type":"","overlay-color":"","overlay-opacity":"","overlay-gradient":""},"tablet":{"background-color":"var(--ast-global-color-4)","background-image":"","background-repeat":"repeat","background-position":"center center","background-size":"auto","background-attachment":"scroll","background-type":"","background-media":"","overlay-type":"","overlay-color":"","overlay-opacity":"","overlay-gradient":""},"mobile":{"background-color":"var(--ast-global-color-4)","background-image":"","background-repeat":"repeat","background-position":"center center","background-size":"auto","background-attachment":"scroll","background-type":"","background-media":"","overlay-type":"","overlay-color":"","overlay-opacity":"","overlay-gradient":""}}},"product_brand":[],"product_cat":[15],"product_tag":[],"class_list":{"0":"post-19205","1":"product","2":"type-product","3":"status-publish","4":"has-post-thumbnail","6":"product_cat-uncategorized","7":"desktop-align-left","8":"tablet-align-left","9":"mobile-align-left","11":"first","12":"instock","13":"shipping-taxable","14":"purchasable","15":"product-type-simple"},"acf":[],"yoast_head":"<!-- This site is optimized with the Yoast SEO plugin v27.4 - https:\/\/yoast.com\/product\/yoast-seo-wordpress\/ -->\n<title>Krakatuk\u0173 pievel\u0117<\/title>\n<meta name=\"description\" content=\"Krakatukai \u2013 tai stebuklingas uogas nokinantys kr\u016bmai, o j\u0173 apsupta pievel\u0117 \u2013 ramiausia pasaulyje vieta, kur net ma\u017eam \u017emogeliui i\u0161 te\u0161los negali nieko\" \/>\n<meta name=\"robots\" content=\"index, follow, max-snippet:-1, max-image-preview:large, max-video-preview:-1\" \/>\n<link rel=\"canonical\" href=\"https:\/\/skaitytaknyga.lt\/en\/produktas\/krakatuku-pievele\/\" \/>\n<meta property=\"og:locale\" content=\"en_GB\" \/>\n<meta property=\"og:locale:alternate\" content=\"lt_LT\" \/>\n<meta property=\"og:type\" content=\"article\" \/>\n<meta property=\"og:title\" content=\"Krakatuk\u0173 pievel\u0117\" \/>\n<meta property=\"og:description\" content=\"Krakatukai \u2013 tai stebuklingas uogas nokinantys kr\u016bmai, o j\u0173 apsupta pievel\u0117 \u2013 ramiausia pasaulyje vieta, kur net ma\u017eam \u017emogeliui i\u0161 te\u0161los negali nieko\" \/>\n<meta property=\"og:url\" content=\"https:\/\/skaitytaknyga.lt\/en\/produktas\/krakatuku-pievele\/\" \/>\n<meta property=\"og:site_name\" content=\"Skaitytaknyga\" \/>\n<meta property=\"article:publisher\" content=\"https:\/\/www.facebook.com\/skaitytaknyga\/\" \/>\n<meta property=\"article:modified_time\" content=\"2025-07-03T10:11:07+00:00\" \/>\n<meta property=\"og:image\" content=\"https:\/\/skaitytaknyga.lt\/wp-content\/uploads\/2025\/07\/Krakatuku-pievele.webp\" \/>\n\t<meta property=\"og:image:width\" content=\"624\" \/>\n\t<meta property=\"og:image:height\" content=\"801\" \/>\n\t<meta property=\"og:image:type\" content=\"image\/webp\" \/>\n<meta name=\"twitter:card\" content=\"summary_large_image\" \/>\n<meta name=\"twitter:label1\" content=\"Estimated reading time\" \/>\n\t<meta name=\"twitter:data1\" content=\"1 minute\" \/>\n<script type=\"application\/ld+json\" class=\"yoast-schema-graph\">{\"@context\":\"https:\\\/\\\/schema.org\",\"@graph\":[{\"@type\":\"WebPage\",\"@id\":\"https:\\\/\\\/skaitytaknyga.lt\\\/produktas\\\/krakatuku-pievele\\\/\",\"url\":\"https:\\\/\\\/skaitytaknyga.lt\\\/produktas\\\/krakatuku-pievele\\\/\",\"name\":\"Krakatuk\u0173 pievel\u0117\",\"isPartOf\":{\"@id\":\"https:\\\/\\\/skaitytaknyga.lt\\\/#website\"},\"primaryImageOfPage\":{\"@id\":\"https:\\\/\\\/skaitytaknyga.lt\\\/produktas\\\/krakatuku-pievele\\\/#primaryimage\"},\"image\":{\"@id\":\"https:\\\/\\\/skaitytaknyga.lt\\\/produktas\\\/krakatuku-pievele\\\/#primaryimage\"},\"thumbnailUrl\":\"https:\\\/\\\/skaitytaknyga.lt\\\/wp-content\\\/uploads\\\/2025\\\/07\\\/Krakatuku-pievele.webp\",\"datePublished\":\"2025-07-03T06:25:38+00:00\",\"dateModified\":\"2025-07-03T10:11:07+00:00\",\"description\":\"Krakatukai \u2013 tai stebuklingas uogas nokinantys kr\u016bmai, o j\u0173 apsupta pievel\u0117 \u2013 ramiausia pasaulyje vieta, kur net ma\u017eam \u017emogeliui i\u0161 te\u0161los negali nieko\",\"breadcrumb\":{\"@id\":\"https:\\\/\\\/skaitytaknyga.lt\\\/produktas\\\/krakatuku-pievele\\\/#breadcrumb\"},\"inLanguage\":\"en-GB\",\"potentialAction\":[{\"@type\":\"ReadAction\",\"target\":[\"https:\\\/\\\/skaitytaknyga.lt\\\/produktas\\\/krakatuku-pievele\\\/\"]}]},{\"@type\":\"ImageObject\",\"inLanguage\":\"en-GB\",\"@id\":\"https:\\\/\\\/skaitytaknyga.lt\\\/produktas\\\/krakatuku-pievele\\\/#primaryimage\",\"url\":\"https:\\\/\\\/skaitytaknyga.lt\\\/wp-content\\\/uploads\\\/2025\\\/07\\\/Krakatuku-pievele.webp\",\"contentUrl\":\"https:\\\/\\\/skaitytaknyga.lt\\\/wp-content\\\/uploads\\\/2025\\\/07\\\/Krakatuku-pievele.webp\",\"width\":624,\"height\":801,\"caption\":\"Krakatuk\u0173 pievel\u0117\"},{\"@type\":\"BreadcrumbList\",\"@id\":\"https:\\\/\\\/skaitytaknyga.lt\\\/produktas\\\/krakatuku-pievele\\\/#breadcrumb\",\"itemListElement\":[{\"@type\":\"ListItem\",\"position\":1,\"name\":\"Home\",\"item\":\"https:\\\/\\\/skaitytaknyga.lt\\\/\"},{\"@type\":\"ListItem\",\"position\":2,\"name\":\"Parduotuv\u0117\",\"item\":\"https:\\\/\\\/skaitytaknyga.lt\\\/knygu-parduotuve\\\/\"},{\"@type\":\"ListItem\",\"position\":3,\"name\":\"Krakatuk\u0173 pievel\u0117\"}]},{\"@type\":\"WebSite\",\"@id\":\"https:\\\/\\\/skaitytaknyga.lt\\\/#website\",\"url\":\"https:\\\/\\\/skaitytaknyga.lt\\\/\",\"name\":\"skaitytaknyga.lt\",\"description\":\"Skaitytaknyga.lt \u2013 tai ma\u017eas \u0161eimos verslas, kuris prasid\u0117jo nuo meil\u0117s knygoms ir siekio i\u0161gelb\u0117ti knygas nuo likimo prie konteinerio. Kas vienam nereikalingas daiktas \u2013 kitam lobis, o mes esame tarpininkai, kurie padeda abiems tapti laimingesniems ???? \u017dinome kaip nelengva i\u0161gyventi ma\u017eiems verslams, tad nuo \u0161iol, \u010dia rasite ir kit\u0173, ma\u017e\u0173 \u0161eim\u0173 versl\u0173, rank\u0173 darbo, dovan\u0173 sau ir artimiesiems.\",\"publisher\":{\"@id\":\"https:\\\/\\\/skaitytaknyga.lt\\\/#organization\"},\"potentialAction\":[{\"@type\":\"SearchAction\",\"target\":{\"@type\":\"EntryPoint\",\"urlTemplate\":\"https:\\\/\\\/skaitytaknyga.lt\\\/?s={search_term_string}\"},\"query-input\":{\"@type\":\"PropertyValueSpecification\",\"valueRequired\":true,\"valueName\":\"search_term_string\"}}],\"inLanguage\":\"en-GB\"},{\"@type\":\"Organization\",\"@id\":\"https:\\\/\\\/skaitytaknyga.lt\\\/#organization\",\"name\":\"skaitytaknyga.lt\",\"url\":\"https:\\\/\\\/skaitytaknyga.lt\\\/\",\"logo\":{\"@type\":\"ImageObject\",\"inLanguage\":\"en-GB\",\"@id\":\"https:\\\/\\\/skaitytaknyga.lt\\\/#\\\/schema\\\/logo\\\/image\\\/\",\"url\":\"https:\\\/\\\/skaitytaknyga.lt\\\/wp-content\\\/uploads\\\/2024\\\/05\\\/cropped-cropped-cropped-02_00843_jt3bggkj1j3HLc7SyY6rEUpg.jpeg\",\"contentUrl\":\"https:\\\/\\\/skaitytaknyga.lt\\\/wp-content\\\/uploads\\\/2024\\\/05\\\/cropped-cropped-cropped-02_00843_jt3bggkj1j3HLc7SyY6rEUpg.jpeg\",\"width\":1600,\"height\":1600,\"caption\":\"skaitytaknyga.lt\"},\"image\":{\"@id\":\"https:\\\/\\\/skaitytaknyga.lt\\\/#\\\/schema\\\/logo\\\/image\\\/\"},\"sameAs\":[\"https:\\\/\\\/www.facebook.com\\\/skaitytaknyga\\\/\"]}]}<\/script>\n<!-- \/ Yoast SEO plugin. -->","yoast_head_json":{"title":"Krakatuk\u0173 pievel\u0117","description":"Krakatukai \u2013 tai stebuklingas uogas nokinantys kr\u016bmai, o j\u0173 apsupta pievel\u0117 \u2013 ramiausia pasaulyje vieta, kur net ma\u017eam \u017emogeliui i\u0161 te\u0161los negali nieko","robots":{"index":"index","follow":"follow","max-snippet":"max-snippet:-1","max-image-preview":"max-image-preview:large","max-video-preview":"max-video-preview:-1"},"canonical":"https:\/\/skaitytaknyga.lt\/en\/produktas\/krakatuku-pievele\/","og_locale":"en_GB","og_type":"article","og_title":"[:lt]Krakatuk\u0173 pievel\u0117[:] - Skaitytaknyga","og_description":"Krakatukai \u2013 tai stebuklingas uogas nokinantys kr\u016bmai, o j\u0173 apsupta pievel\u0117 \u2013 ramiausia pasaulyje vieta, kur net ma\u017eam \u017emogeliui i\u0161 te\u0161los negali nieko","og_url":"https:\/\/skaitytaknyga.lt\/en\/produktas\/krakatuku-pievele\/","og_site_name":"Skaitytaknyga","article_publisher":"https:\/\/www.facebook.com\/skaitytaknyga\/","article_modified_time":"2025-07-03T10:11:07+00:00","og_image":[{"width":624,"height":801,"url":"https:\/\/skaitytaknyga.lt\/wp-content\/uploads\/2025\/07\/Krakatuku-pievele.webp","type":"image\/webp"}],"twitter_card":"summary_large_image","twitter_misc":{"Estimated reading time":"1 minute"},"schema":{"@context":"https:\/\/schema.org","@graph":[{"@type":"WebPage","@id":"https:\/\/skaitytaknyga.lt\/produktas\/krakatuku-pievele\/","url":"https:\/\/skaitytaknyga.lt\/produktas\/krakatuku-pievele\/","name":"Krakatuk\u0173 pievel\u0117","isPartOf":{"@id":"https:\/\/skaitytaknyga.lt\/#website"},"primaryImageOfPage":{"@id":"https:\/\/skaitytaknyga.lt\/produktas\/krakatuku-pievele\/#primaryimage"},"image":{"@id":"https:\/\/skaitytaknyga.lt\/produktas\/krakatuku-pievele\/#primaryimage"},"thumbnailUrl":"https:\/\/skaitytaknyga.lt\/wp-content\/uploads\/2025\/07\/Krakatuku-pievele.webp","datePublished":"2025-07-03T06:25:38+00:00","dateModified":"2025-07-03T10:11:07+00:00","description":"Krakatukai \u2013 tai stebuklingas uogas nokinantys kr\u016bmai, o j\u0173 apsupta pievel\u0117 \u2013 ramiausia pasaulyje vieta, kur net ma\u017eam \u017emogeliui i\u0161 te\u0161los negali nieko","breadcrumb":{"@id":"https:\/\/skaitytaknyga.lt\/produktas\/krakatuku-pievele\/#breadcrumb"},"inLanguage":"en-GB","potentialAction":[{"@type":"ReadAction","target":["https:\/\/skaitytaknyga.lt\/produktas\/krakatuku-pievele\/"]}]},{"@type":"ImageObject","inLanguage":"en-GB","@id":"https:\/\/skaitytaknyga.lt\/produktas\/krakatuku-pievele\/#primaryimage","url":"https:\/\/skaitytaknyga.lt\/wp-content\/uploads\/2025\/07\/Krakatuku-pievele.webp","contentUrl":"https:\/\/skaitytaknyga.lt\/wp-content\/uploads\/2025\/07\/Krakatuku-pievele.webp","width":624,"height":801,"caption":"Krakatuk\u0173 pievel\u0117"},{"@type":"BreadcrumbList","@id":"https:\/\/skaitytaknyga.lt\/produktas\/krakatuku-pievele\/#breadcrumb","itemListElement":[{"@type":"ListItem","position":1,"name":"Home","item":"https:\/\/skaitytaknyga.lt\/"},{"@type":"ListItem","position":2,"name":"Parduotuv\u0117","item":"https:\/\/skaitytaknyga.lt\/knygu-parduotuve\/"},{"@type":"ListItem","position":3,"name":"Krakatuk\u0173 pievel\u0117"}]},{"@type":"WebSite","@id":"https:\/\/skaitytaknyga.lt\/#website","url":"https:\/\/skaitytaknyga.lt\/","name":"skaitytaknyga.lt","description":"Skaitytaknyga.lt \u2013 tai ma\u017eas \u0161eimos verslas, kuris prasid\u0117jo nuo meil\u0117s knygoms ir siekio i\u0161gelb\u0117ti knygas nuo likimo prie konteinerio. Kas vienam nereikalingas daiktas \u2013 kitam lobis, o mes esame tarpininkai, kurie padeda abiems tapti laimingesniems ???? \u017dinome kaip nelengva i\u0161gyventi ma\u017eiems verslams, tad nuo \u0161iol, \u010dia rasite ir kit\u0173, ma\u017e\u0173 \u0161eim\u0173 versl\u0173, rank\u0173 darbo, dovan\u0173 sau ir artimiesiems.","publisher":{"@id":"https:\/\/skaitytaknyga.lt\/#organization"},"potentialAction":[{"@type":"SearchAction","target":{"@type":"EntryPoint","urlTemplate":"https:\/\/skaitytaknyga.lt\/?s={search_term_string}"},"query-input":{"@type":"PropertyValueSpecification","valueRequired":true,"valueName":"search_term_string"}}],"inLanguage":"en-GB"},{"@type":"Organization","@id":"https:\/\/skaitytaknyga.lt\/#organization","name":"skaitytaknyga.lt","url":"https:\/\/skaitytaknyga.lt\/","logo":{"@type":"ImageObject","inLanguage":"en-GB","@id":"https:\/\/skaitytaknyga.lt\/#\/schema\/logo\/image\/","url":"https:\/\/skaitytaknyga.lt\/wp-content\/uploads\/2024\/05\/cropped-cropped-cropped-02_00843_jt3bggkj1j3HLc7SyY6rEUpg.jpeg","contentUrl":"https:\/\/skaitytaknyga.lt\/wp-content\/uploads\/2024\/05\/cropped-cropped-cropped-02_00843_jt3bggkj1j3HLc7SyY6rEUpg.jpeg","width":1600,"height":1600,"caption":"skaitytaknyga.lt"},"image":{"@id":"https:\/\/skaitytaknyga.lt\/#\/schema\/logo\/image\/"},"sameAs":["https:\/\/www.facebook.com\/skaitytaknyga\/"]}]}},"_links":{"self":[{"href":"https:\/\/skaitytaknyga.lt\/en\/wp-json\/wp\/v2\/product\/19205","targetHints":{"allow":["GET"]}}],"collection":[{"href":"https:\/\/skaitytaknyga.lt\/en\/wp-json\/wp\/v2\/product"}],"about":[{"href":"https:\/\/skaitytaknyga.lt\/en\/wp-json\/wp\/v2\/types\/product"}],"replies":[{"embeddable":true,"href":"https:\/\/skaitytaknyga.lt\/en\/wp-json\/wp\/v2\/comments?post=19205"}],"wp:featuredmedia":[{"embeddable":true,"href":"https:\/\/skaitytaknyga.lt\/en\/wp-json\/wp\/v2\/media\/19209"}],"wp:attachment":[{"href":"https:\/\/skaitytaknyga.lt\/en\/wp-json\/wp\/v2\/media?parent=19205"}],"wp:term":[{"taxonomy":"product_brand","embeddable":true,"href":"https:\/\/skaitytaknyga.lt\/en\/wp-json\/wp\/v2\/product_brand?post=19205"},{"taxonomy":"product_cat","embeddable":true,"href":"https:\/\/skaitytaknyga.lt\/en\/wp-json\/wp\/v2\/product_cat?post=19205"},{"taxonomy":"product_tag","embeddable":true,"href":"https:\/\/skaitytaknyga.lt\/en\/wp-json\/wp\/v2\/product_tag?post=19205"}],"curies":[{"name":"wp","href":"https:\/\/api.w.org\/{rel}","templated":true}]}}