{"id":19194,"date":"2025-07-03T09:17:14","date_gmt":"2025-07-03T06:17:14","guid":{"rendered":"https:\/\/skaitytaknyga.lt\/?post_type=product&#038;p=19194"},"modified":"2025-09-04T21:25:10","modified_gmt":"2025-09-04T18:25:10","slug":"basakojis-bingo-pranesejas","status":"publish","type":"product","link":"https:\/\/skaitytaknyga.lt\/en\/produktas\/basakojis-bingo-pranesejas\/","title":{"rendered":"Basakojis bingo prane\u0161\u0117jas"},"content":{"rendered":"<p>\u201eBasakojis bingo prane\u0161\u0117jas&#8221; \u2013 tai \u017eaismingi ir atviri, ironi\u0161ki ir jaudinantys lietuvi\u0173 emigrant\u0173 s\u016bnaus atsiminimai apie dvi jo t\u0117vynes: gyvenim\u0105 Kanadoje ir nuolatin\u012f gr\u012f\u017eim\u0105 \u2013 mintimis ar fizi\u0161kai \u2013 \u012f Lietuv\u0105 nuo XX a. septintojo de\u0161imtme\u010dio iki \u0161i\u0173 dien\u0173.<\/p>\n<p>Sav\u0119s ie\u0161kantis paauglys Toronto priemiestyje, literat\u016brin\u012f keli\u0105 pradedantis jaunuolis bohemi\u0161kame Pary\u017eiuje, jau susiformav\u0119s ra\u0161ytojas, d\u0117stytojas, u\u017e Lietuvos nepriklausomyb\u0119 kovojantis \u017eurnalistas \u2013 visi \u0161ie skirtingi autoriaus veidai atsiminimuose susilieja \u012f vien\u0105 darn\u0173 paveiksl\u0105. Bingo sal\u0117s ir gri\u016bvanti Soviet\u0173 S\u0105junga, ministro pirmininko kabinetas ir Toronto ba\u017eny\u010dios r\u016bsys \u2013 netik\u0117\u010diausiose vietose ir situacijose autorius atranda ir talentingai u\u017efiksuoja subtiliausius gyvenimo atspalvius, juokingas, li\u016bdnas ar net tragi\u0161kas akimirkas. Tai nutr\u016bktgalvi\u0161ki ir kartu i\u0161minties nestokojantys pasakojimai apie tapatyb\u0119, emigracij\u0105, nuolatines nam\u0173 paie\u0161kas, pa\u0161aukim\u0105, darb\u0105, \u0161eim\u0105 ir men\u0105.<\/p>\n<p>\u201eAtsiminimuose precizi\u0161kai, u\u017etikrintai ir su humoru atskleid\u017eiamas naujoje \u017eem\u0117je besiformuojantis imigranto identitetas.&#8221;<br \/>\nCatherine Gildiner<\/p>\n<p>Juokingas ir ilgesingas, visi\u0161kai \u012ftraukiantis ir neabejotinai originalus \u201eBasakojis bingo prane\u0161\u0117jas&#8221; brai\u017eo gyvenimo geografij\u0105: nuo Vestono priemies\u010di\u0173 iki Vilniaus gatvi\u0173, nuo ikoni\u0161k\u0173 Pary\u017eiaus knygyn\u0173 iki paslapting\u0173 Ontarijo e\u017eer\u0173, knib\u017ed\u0117te knib\u017edan\u010di\u0173 e\u0161eri\u0173.<br \/>\nWill Ferguson<\/p>\n<p>\u201eAtsiminimai, kuriuose n\u0117ra pilk\u0173 epizod\u0173, o svarbiausios vietos nublizgintos iki \u0161vyt\u0117jimo.&#8221;<br \/>\nQuill &#038; Quire<\/p>\n<p>Antanas \u0160ileika (g. 1953) \u2013 angli\u0161kai kuriantis lietuvi\u0173 kilm\u0117s Kanados ra\u0161ytojas ir literat\u016bros kritikas. Jo romanas \u201ePogrindis&#8221; \u012ftrauktas \u012f \u201eGlobe and Mail&#8221; 2011 m. geriausi\u0173 knyg\u0173 \u0161imtuk\u0105, o apsakym\u0173 knyga \u201ePirkiniai i\u0161simok\u0117tinai&#8221; pateko \u012f 2015 m. Lietuvos Met\u0173 knygos rinkim\u0173 penketuk\u0105. Atsiminim\u0173 knyga \u201eBasakojis bingo prane\u0161\u0117jas&#8221; penktasis autoriaus k\u016brinys.<\/p>\n","protected":false},"excerpt":{"rendered":"<p>\u201eBasakojis bingo prane\u0161\u0117jas&#8221; \u2013 tai \u017eaismingi ir atviri, ironi\u0161ki ir jaudinantys lietuvi\u0173 emigrant\u0173 s\u016bnaus atsiminimai apie dvi jo t\u0117vynes: gyvenim\u0105 Kanadoje ir nuolatin\u012f gr\u012f\u017eim\u0105 \u2013 mintimis ar fizi\u0161kai \u2013 \u012f Lietuv\u0105 nuo XX a. septintojo de\u0161imtme\u010dio iki \u0161i\u0173 dien\u0173. Sav\u0119s ie\u0161kantis paauglys Toronto priemiestyje, literat\u016brin\u012f keli\u0105 pradedantis jaunuolis bohemi\u0161kame Pary\u017eiuje, jau susiformav\u0119s ra\u0161ytojas, d\u0117stytojas, u\u017e Lietuvos nepriklausomyb\u0119 kovojantis \u017eurnalistas \u2013 visi \u0161ie skirtingi autoriaus veidai atsiminimuose susilieja \u012f vien\u0105 darn\u0173 paveiksl\u0105. Bingo sal\u0117s ir gri\u016bvanti Soviet\u0173 S\u0105junga, ministro pirmininko kabinetas ir Toronto ba\u017eny\u010dios r\u016bsys \u2013 netik\u0117\u010diausiose vietose ir situacijose autorius atranda ir talentingai u\u017efiksuoja subtiliausius gyvenimo atspalvius, juokingas, li\u016bdnas ar net tragi\u0161kas akimirkas. Tai nutr\u016bktgalvi\u0161ki ir kartu i\u0161minties nestokojantys pasakojimai apie tapatyb\u0119, emigracij\u0105, nuolatines nam\u0173 paie\u0161kas, pa\u0161aukim\u0105, darb\u0105, \u0161eim\u0105 ir men\u0105. \u201eAtsiminimuose precizi\u0161kai, u\u017etikrintai ir su humoru atskleid\u017eiamas naujoje \u017eem\u0117je besiformuojantis imigranto identitetas.&#8221; Catherine Gildiner Juokingas ir ilgesingas, visi\u0161kai \u012ftraukiantis ir neabejotinai originalus \u201eBasakojis bingo prane\u0161\u0117jas&#8221; brai\u017eo gyvenimo geografij\u0105: nuo Vestono priemies\u010di\u0173 iki Vilniaus gatvi\u0173, nuo ikoni\u0161k\u0173 Pary\u017eiaus knygyn\u0173 iki paslapting\u0173 Ontarijo e\u017eer\u0173, knib\u017ed\u0117te knib\u017edan\u010di\u0173 e\u0161eri\u0173. Will Ferguson \u201eAtsiminimai, kuriuose n\u0117ra pilk\u0173 epizod\u0173, o svarbiausios vietos nublizgintos iki \u0161vyt\u0117jimo.&#8221; Quill &#038; Quire Antanas \u0160ileika (g. 1953) \u2013 angli\u0161kai kuriantis lietuvi\u0173 kilm\u0117s Kanados ra\u0161ytojas ir literat\u016bros kritikas. Jo romanas \u201ePogrindis&#8221; \u012ftrauktas \u012f \u201eGlobe and Mail&#8221; 2011 m. geriausi\u0173 knyg\u0173 \u0161imtuk\u0105, o apsakym\u0173 knyga \u201ePirkiniai i\u0161simok\u0117tinai&#8221; pateko \u012f 2015 m. Lietuvos Met\u0173 knygos rinkim\u0173 penketuk\u0105. Atsiminim\u0173 knyga \u201eBasakojis bingo prane\u0161\u0117jas&#8221; penktasis autoriaus k\u016brinys.<\/p>\n","protected":false},"featured_media":19199,"comment_status":"open","ping_status":"closed","template":"","meta":{"_acf_changed":false,"site-sidebar-layout":"default","site-content-layout":"","ast-site-content-layout":"default","site-content-style":"default","site-sidebar-style":"default","ast-global-header-display":"","ast-banner-title-visibility":"","ast-main-header-display":"","ast-hfb-above-header-display":"","ast-hfb-below-header-display":"","ast-hfb-mobile-header-display":"","site-post-title":"","ast-breadcrumbs-content":"","ast-featured-img":"","footer-sml-layout":"","ast-disable-related-posts":"","theme-transparent-header-meta":"","adv-header-id-meta":"","stick-header-meta":"","header-above-stick-meta":"","header-main-stick-meta":"","header-below-stick-meta":"","astra-migrate-meta-layouts":"default","ast-page-background-enabled":"default","ast-page-background-meta":{"desktop":{"background-color":"","background-image":"","background-repeat":"repeat","background-position":"center center","background-size":"auto","background-attachment":"scroll","background-type":"","background-media":"","overlay-type":"","overlay-color":"","overlay-opacity":"","overlay-gradient":""},"tablet":{"background-color":"","background-image":"","background-repeat":"repeat","background-position":"center center","background-size":"auto","background-attachment":"scroll","background-type":"","background-media":"","overlay-type":"","overlay-color":"","overlay-opacity":"","overlay-gradient":""},"mobile":{"background-color":"","background-image":"","background-repeat":"repeat","background-position":"center center","background-size":"auto","background-attachment":"scroll","background-type":"","background-media":"","overlay-type":"","overlay-color":"","overlay-opacity":"","overlay-gradient":""}},"ast-content-background-meta":{"desktop":{"background-color":"var(--ast-global-color-4)","background-image":"","background-repeat":"repeat","background-position":"center center","background-size":"auto","background-attachment":"scroll","background-type":"","background-media":"","overlay-type":"","overlay-color":"","overlay-opacity":"","overlay-gradient":""},"tablet":{"background-color":"var(--ast-global-color-4)","background-image":"","background-repeat":"repeat","background-position":"center center","background-size":"auto","background-attachment":"scroll","background-type":"","background-media":"","overlay-type":"","overlay-color":"","overlay-opacity":"","overlay-gradient":""},"mobile":{"background-color":"var(--ast-global-color-4)","background-image":"","background-repeat":"repeat","background-position":"center center","background-size":"auto","background-attachment":"scroll","background-type":"","background-media":"","overlay-type":"","overlay-color":"","overlay-opacity":"","overlay-gradient":""}}},"product_brand":[],"product_cat":[31],"product_tag":[],"class_list":{"0":"post-19194","1":"product","2":"type-product","3":"status-publish","4":"has-post-thumbnail","6":"product_cat-grozine-literatura","7":"desktop-align-left","8":"tablet-align-left","9":"mobile-align-left","11":"first","12":"outofstock","13":"shipping-taxable","14":"purchasable","15":"product-type-simple"},"acf":[],"yoast_head":"<!-- This site is optimized with the Yoast SEO plugin v27.4 - https:\/\/yoast.com\/product\/yoast-seo-wordpress\/ -->\n<title>Basakojis bingo prane\u0161\u0117jas<\/title>\n<meta name=\"description\" content=\"\u201eBasakojis bingo prane\u0161\u0117jas&quot; \u2013 tai \u017eaismingi ir atviri, ironi\u0161ki ir jaudinantys lietuvi\u0173 emigrant\u0173 s\u016bnaus atsiminimai apie dvi jo t\u0117vynes: gyvenim\u0105\" \/>\n<meta name=\"robots\" content=\"index, follow, max-snippet:-1, max-image-preview:large, max-video-preview:-1\" \/>\n<link rel=\"canonical\" href=\"https:\/\/skaitytaknyga.lt\/en\/produktas\/basakojis-bingo-pranesejas\/\" \/>\n<meta property=\"og:locale\" content=\"en_GB\" \/>\n<meta property=\"og:locale:alternate\" content=\"lt_LT\" \/>\n<meta property=\"og:type\" content=\"article\" \/>\n<meta property=\"og:title\" content=\"Basakojis bingo prane\u0161\u0117jas\" \/>\n<meta property=\"og:description\" content=\"\u201eBasakojis bingo prane\u0161\u0117jas&quot; \u2013 tai \u017eaismingi ir atviri, ironi\u0161ki ir jaudinantys lietuvi\u0173 emigrant\u0173 s\u016bnaus atsiminimai apie dvi jo t\u0117vynes: gyvenim\u0105\" \/>\n<meta property=\"og:url\" content=\"https:\/\/skaitytaknyga.lt\/en\/produktas\/basakojis-bingo-pranesejas\/\" \/>\n<meta property=\"og:site_name\" content=\"Skaitytaknyga\" \/>\n<meta property=\"article:publisher\" content=\"https:\/\/www.facebook.com\/skaitytaknyga\/\" \/>\n<meta property=\"article:modified_time\" content=\"2025-09-04T18:25:10+00:00\" \/>\n<meta property=\"og:image\" content=\"https:\/\/skaitytaknyga.lt\/wp-content\/uploads\/2025\/07\/Basakojis-bingo-pranesejas.webp\" \/>\n\t<meta property=\"og:image:width\" content=\"448\" \/>\n\t<meta property=\"og:image:height\" content=\"652\" \/>\n\t<meta property=\"og:image:type\" content=\"image\/webp\" \/>\n<meta name=\"twitter:card\" content=\"summary_large_image\" \/>\n<meta name=\"twitter:label1\" content=\"Estimated reading time\" \/>\n\t<meta name=\"twitter:data1\" content=\"1 minute\" \/>\n<script type=\"application\/ld+json\" class=\"yoast-schema-graph\">{\"@context\":\"https:\\\/\\\/schema.org\",\"@graph\":[{\"@type\":\"WebPage\",\"@id\":\"https:\\\/\\\/skaitytaknyga.lt\\\/produktas\\\/basakojis-bingo-pranesejas\\\/\",\"url\":\"https:\\\/\\\/skaitytaknyga.lt\\\/produktas\\\/basakojis-bingo-pranesejas\\\/\",\"name\":\"Basakojis bingo prane\u0161\u0117jas\",\"isPartOf\":{\"@id\":\"https:\\\/\\\/skaitytaknyga.lt\\\/#website\"},\"primaryImageOfPage\":{\"@id\":\"https:\\\/\\\/skaitytaknyga.lt\\\/produktas\\\/basakojis-bingo-pranesejas\\\/#primaryimage\"},\"image\":{\"@id\":\"https:\\\/\\\/skaitytaknyga.lt\\\/produktas\\\/basakojis-bingo-pranesejas\\\/#primaryimage\"},\"thumbnailUrl\":\"https:\\\/\\\/skaitytaknyga.lt\\\/wp-content\\\/uploads\\\/2025\\\/07\\\/Basakojis-bingo-pranesejas.webp\",\"datePublished\":\"2025-07-03T06:17:14+00:00\",\"dateModified\":\"2025-09-04T18:25:10+00:00\",\"description\":\"\u201eBasakojis bingo prane\u0161\u0117jas\\\" \u2013 tai \u017eaismingi ir atviri, ironi\u0161ki ir jaudinantys lietuvi\u0173 emigrant\u0173 s\u016bnaus atsiminimai apie dvi jo t\u0117vynes: gyvenim\u0105\",\"breadcrumb\":{\"@id\":\"https:\\\/\\\/skaitytaknyga.lt\\\/produktas\\\/basakojis-bingo-pranesejas\\\/#breadcrumb\"},\"inLanguage\":\"en-GB\",\"potentialAction\":[{\"@type\":\"ReadAction\",\"target\":[\"https:\\\/\\\/skaitytaknyga.lt\\\/produktas\\\/basakojis-bingo-pranesejas\\\/\"]}]},{\"@type\":\"ImageObject\",\"inLanguage\":\"en-GB\",\"@id\":\"https:\\\/\\\/skaitytaknyga.lt\\\/produktas\\\/basakojis-bingo-pranesejas\\\/#primaryimage\",\"url\":\"https:\\\/\\\/skaitytaknyga.lt\\\/wp-content\\\/uploads\\\/2025\\\/07\\\/Basakojis-bingo-pranesejas.webp\",\"contentUrl\":\"https:\\\/\\\/skaitytaknyga.lt\\\/wp-content\\\/uploads\\\/2025\\\/07\\\/Basakojis-bingo-pranesejas.webp\",\"width\":448,\"height\":652,\"caption\":\"Basakojis bingo prane\u0161\u0117jas\"},{\"@type\":\"BreadcrumbList\",\"@id\":\"https:\\\/\\\/skaitytaknyga.lt\\\/produktas\\\/basakojis-bingo-pranesejas\\\/#breadcrumb\",\"itemListElement\":[{\"@type\":\"ListItem\",\"position\":1,\"name\":\"Home\",\"item\":\"https:\\\/\\\/skaitytaknyga.lt\\\/\"},{\"@type\":\"ListItem\",\"position\":2,\"name\":\"Parduotuv\u0117\",\"item\":\"https:\\\/\\\/skaitytaknyga.lt\\\/knygu-parduotuve\\\/\"},{\"@type\":\"ListItem\",\"position\":3,\"name\":\"Basakojis bingo prane\u0161\u0117jas\"}]},{\"@type\":\"WebSite\",\"@id\":\"https:\\\/\\\/skaitytaknyga.lt\\\/#website\",\"url\":\"https:\\\/\\\/skaitytaknyga.lt\\\/\",\"name\":\"skaitytaknyga.lt\",\"description\":\"Skaitytaknyga.lt \u2013 tai ma\u017eas \u0161eimos verslas, kuris prasid\u0117jo nuo meil\u0117s knygoms ir siekio i\u0161gelb\u0117ti knygas nuo likimo prie konteinerio. Kas vienam nereikalingas daiktas \u2013 kitam lobis, o mes esame tarpininkai, kurie padeda abiems tapti laimingesniems ???? \u017dinome kaip nelengva i\u0161gyventi ma\u017eiems verslams, tad nuo \u0161iol, \u010dia rasite ir kit\u0173, ma\u017e\u0173 \u0161eim\u0173 versl\u0173, rank\u0173 darbo, dovan\u0173 sau ir artimiesiems.\",\"publisher\":{\"@id\":\"https:\\\/\\\/skaitytaknyga.lt\\\/#organization\"},\"potentialAction\":[{\"@type\":\"SearchAction\",\"target\":{\"@type\":\"EntryPoint\",\"urlTemplate\":\"https:\\\/\\\/skaitytaknyga.lt\\\/?s={search_term_string}\"},\"query-input\":{\"@type\":\"PropertyValueSpecification\",\"valueRequired\":true,\"valueName\":\"search_term_string\"}}],\"inLanguage\":\"en-GB\"},{\"@type\":\"Organization\",\"@id\":\"https:\\\/\\\/skaitytaknyga.lt\\\/#organization\",\"name\":\"skaitytaknyga.lt\",\"url\":\"https:\\\/\\\/skaitytaknyga.lt\\\/\",\"logo\":{\"@type\":\"ImageObject\",\"inLanguage\":\"en-GB\",\"@id\":\"https:\\\/\\\/skaitytaknyga.lt\\\/#\\\/schema\\\/logo\\\/image\\\/\",\"url\":\"https:\\\/\\\/skaitytaknyga.lt\\\/wp-content\\\/uploads\\\/2024\\\/05\\\/cropped-cropped-cropped-02_00843_jt3bggkj1j3HLc7SyY6rEUpg.jpeg\",\"contentUrl\":\"https:\\\/\\\/skaitytaknyga.lt\\\/wp-content\\\/uploads\\\/2024\\\/05\\\/cropped-cropped-cropped-02_00843_jt3bggkj1j3HLc7SyY6rEUpg.jpeg\",\"width\":1600,\"height\":1600,\"caption\":\"skaitytaknyga.lt\"},\"image\":{\"@id\":\"https:\\\/\\\/skaitytaknyga.lt\\\/#\\\/schema\\\/logo\\\/image\\\/\"},\"sameAs\":[\"https:\\\/\\\/www.facebook.com\\\/skaitytaknyga\\\/\"]}]}<\/script>\n<!-- \/ Yoast SEO plugin. -->","yoast_head_json":{"title":"Basakojis bingo prane\u0161\u0117jas","description":"\u201eBasakojis bingo prane\u0161\u0117jas\" \u2013 tai \u017eaismingi ir atviri, ironi\u0161ki ir jaudinantys lietuvi\u0173 emigrant\u0173 s\u016bnaus atsiminimai apie dvi jo t\u0117vynes: gyvenim\u0105","robots":{"index":"index","follow":"follow","max-snippet":"max-snippet:-1","max-image-preview":"max-image-preview:large","max-video-preview":"max-video-preview:-1"},"canonical":"https:\/\/skaitytaknyga.lt\/en\/produktas\/basakojis-bingo-pranesejas\/","og_locale":"en_GB","og_type":"article","og_title":"[:lt]Basakojis bingo prane\u0161\u0117jas[:] - Skaitytaknyga","og_description":"\u201eBasakojis bingo prane\u0161\u0117jas\" \u2013 tai \u017eaismingi ir atviri, ironi\u0161ki ir jaudinantys lietuvi\u0173 emigrant\u0173 s\u016bnaus atsiminimai apie dvi jo t\u0117vynes: gyvenim\u0105","og_url":"https:\/\/skaitytaknyga.lt\/en\/produktas\/basakojis-bingo-pranesejas\/","og_site_name":"Skaitytaknyga","article_publisher":"https:\/\/www.facebook.com\/skaitytaknyga\/","article_modified_time":"2025-09-04T18:25:10+00:00","og_image":[{"width":448,"height":652,"url":"https:\/\/skaitytaknyga.lt\/wp-content\/uploads\/2025\/07\/Basakojis-bingo-pranesejas.webp","type":"image\/webp"}],"twitter_card":"summary_large_image","twitter_misc":{"Estimated reading time":"1 minute"},"schema":{"@context":"https:\/\/schema.org","@graph":[{"@type":"WebPage","@id":"https:\/\/skaitytaknyga.lt\/produktas\/basakojis-bingo-pranesejas\/","url":"https:\/\/skaitytaknyga.lt\/produktas\/basakojis-bingo-pranesejas\/","name":"Basakojis bingo prane\u0161\u0117jas","isPartOf":{"@id":"https:\/\/skaitytaknyga.lt\/#website"},"primaryImageOfPage":{"@id":"https:\/\/skaitytaknyga.lt\/produktas\/basakojis-bingo-pranesejas\/#primaryimage"},"image":{"@id":"https:\/\/skaitytaknyga.lt\/produktas\/basakojis-bingo-pranesejas\/#primaryimage"},"thumbnailUrl":"https:\/\/skaitytaknyga.lt\/wp-content\/uploads\/2025\/07\/Basakojis-bingo-pranesejas.webp","datePublished":"2025-07-03T06:17:14+00:00","dateModified":"2025-09-04T18:25:10+00:00","description":"\u201eBasakojis bingo prane\u0161\u0117jas\" \u2013 tai \u017eaismingi ir atviri, ironi\u0161ki ir jaudinantys lietuvi\u0173 emigrant\u0173 s\u016bnaus atsiminimai apie dvi jo t\u0117vynes: gyvenim\u0105","breadcrumb":{"@id":"https:\/\/skaitytaknyga.lt\/produktas\/basakojis-bingo-pranesejas\/#breadcrumb"},"inLanguage":"en-GB","potentialAction":[{"@type":"ReadAction","target":["https:\/\/skaitytaknyga.lt\/produktas\/basakojis-bingo-pranesejas\/"]}]},{"@type":"ImageObject","inLanguage":"en-GB","@id":"https:\/\/skaitytaknyga.lt\/produktas\/basakojis-bingo-pranesejas\/#primaryimage","url":"https:\/\/skaitytaknyga.lt\/wp-content\/uploads\/2025\/07\/Basakojis-bingo-pranesejas.webp","contentUrl":"https:\/\/skaitytaknyga.lt\/wp-content\/uploads\/2025\/07\/Basakojis-bingo-pranesejas.webp","width":448,"height":652,"caption":"Basakojis bingo prane\u0161\u0117jas"},{"@type":"BreadcrumbList","@id":"https:\/\/skaitytaknyga.lt\/produktas\/basakojis-bingo-pranesejas\/#breadcrumb","itemListElement":[{"@type":"ListItem","position":1,"name":"Home","item":"https:\/\/skaitytaknyga.lt\/"},{"@type":"ListItem","position":2,"name":"Parduotuv\u0117","item":"https:\/\/skaitytaknyga.lt\/knygu-parduotuve\/"},{"@type":"ListItem","position":3,"name":"Basakojis bingo prane\u0161\u0117jas"}]},{"@type":"WebSite","@id":"https:\/\/skaitytaknyga.lt\/#website","url":"https:\/\/skaitytaknyga.lt\/","name":"skaitytaknyga.lt","description":"Skaitytaknyga.lt \u2013 tai ma\u017eas \u0161eimos verslas, kuris prasid\u0117jo nuo meil\u0117s knygoms ir siekio i\u0161gelb\u0117ti knygas nuo likimo prie konteinerio. Kas vienam nereikalingas daiktas \u2013 kitam lobis, o mes esame tarpininkai, kurie padeda abiems tapti laimingesniems ???? \u017dinome kaip nelengva i\u0161gyventi ma\u017eiems verslams, tad nuo \u0161iol, \u010dia rasite ir kit\u0173, ma\u017e\u0173 \u0161eim\u0173 versl\u0173, rank\u0173 darbo, dovan\u0173 sau ir artimiesiems.","publisher":{"@id":"https:\/\/skaitytaknyga.lt\/#organization"},"potentialAction":[{"@type":"SearchAction","target":{"@type":"EntryPoint","urlTemplate":"https:\/\/skaitytaknyga.lt\/?s={search_term_string}"},"query-input":{"@type":"PropertyValueSpecification","valueRequired":true,"valueName":"search_term_string"}}],"inLanguage":"en-GB"},{"@type":"Organization","@id":"https:\/\/skaitytaknyga.lt\/#organization","name":"skaitytaknyga.lt","url":"https:\/\/skaitytaknyga.lt\/","logo":{"@type":"ImageObject","inLanguage":"en-GB","@id":"https:\/\/skaitytaknyga.lt\/#\/schema\/logo\/image\/","url":"https:\/\/skaitytaknyga.lt\/wp-content\/uploads\/2024\/05\/cropped-cropped-cropped-02_00843_jt3bggkj1j3HLc7SyY6rEUpg.jpeg","contentUrl":"https:\/\/skaitytaknyga.lt\/wp-content\/uploads\/2024\/05\/cropped-cropped-cropped-02_00843_jt3bggkj1j3HLc7SyY6rEUpg.jpeg","width":1600,"height":1600,"caption":"skaitytaknyga.lt"},"image":{"@id":"https:\/\/skaitytaknyga.lt\/#\/schema\/logo\/image\/"},"sameAs":["https:\/\/www.facebook.com\/skaitytaknyga\/"]}]}},"_links":{"self":[{"href":"https:\/\/skaitytaknyga.lt\/en\/wp-json\/wp\/v2\/product\/19194","targetHints":{"allow":["GET"]}}],"collection":[{"href":"https:\/\/skaitytaknyga.lt\/en\/wp-json\/wp\/v2\/product"}],"about":[{"href":"https:\/\/skaitytaknyga.lt\/en\/wp-json\/wp\/v2\/types\/product"}],"replies":[{"embeddable":true,"href":"https:\/\/skaitytaknyga.lt\/en\/wp-json\/wp\/v2\/comments?post=19194"}],"wp:featuredmedia":[{"embeddable":true,"href":"https:\/\/skaitytaknyga.lt\/en\/wp-json\/wp\/v2\/media\/19199"}],"wp:attachment":[{"href":"https:\/\/skaitytaknyga.lt\/en\/wp-json\/wp\/v2\/media?parent=19194"}],"wp:term":[{"taxonomy":"product_brand","embeddable":true,"href":"https:\/\/skaitytaknyga.lt\/en\/wp-json\/wp\/v2\/product_brand?post=19194"},{"taxonomy":"product_cat","embeddable":true,"href":"https:\/\/skaitytaknyga.lt\/en\/wp-json\/wp\/v2\/product_cat?post=19194"},{"taxonomy":"product_tag","embeddable":true,"href":"https:\/\/skaitytaknyga.lt\/en\/wp-json\/wp\/v2\/product_tag?post=19194"}],"curies":[{"name":"wp","href":"https:\/\/api.w.org\/{rel}","templated":true}]}}