{"id":19193,"date":"2025-07-03T09:17:14","date_gmt":"2025-07-03T06:17:14","guid":{"rendered":"https:\/\/skaitytaknyga.lt\/?post_type=product&#038;p=19193"},"modified":"2025-07-03T13:10:57","modified_gmt":"2025-07-03T10:10:57","slug":"mano-pirmoji-gamtos-mokslu-enciklopedija","status":"publish","type":"product","link":"https:\/\/skaitytaknyga.lt\/en\/produktas\/mano-pirmoji-gamtos-mokslu-enciklopedija\/","title":{"rendered":"Mano pirmoji gamtos moksl\u0173 enciklopedija"},"content":{"rendered":"<p>Ar \u017einote, kad mokslas yra labai \u012fdomus dalykas? O visi vaikai &#8211; savoti\u0161ki mokslininkai?<\/p>\n<p>Jie m\u0117gsta klausin\u0117ti, steb\u0117ti aplink\u0105, visk\u0105 ai\u0161kintis, o paskui&#8230;suabejoti ir v\u0117l i\u0161 naujo klausti. Vaik\u0173 pasaulyje yra daugyb\u0117 nauj\u0173, jiems dar ne\u017einom\u0173 dalyk\u0173.<\/p>\n<p>Skaitydami \u0161i\u0105 enciklopedij\u0105 vaikai u\u017emegs pirm\u0105 pa\u017eint\u012f su nuostabiu mokslo pasauliu ir patenkins savo smalsum\u0105. \u0160ioje knygel\u0117je jie ras paai\u0161kinim\u0173 apie gyvyb\u0119 \u017dem\u0117je ir pa\u010dios \u017dem\u0117s paslaptis: gyv\u016bnus, augalus, \u017emogaus k\u016bn\u0105, vulkanus, uolienas, ekologij\u0105.<\/p>\n<p>Enciklopedijoje rasite \u012fvairi\u0173 \u017eaidim\u0173, nesud\u0117ting\u0173 u\u017eduo\u010di\u0173 bei linksm\u0173 pie\u0161inuk\u0173.<\/p>\n","protected":false},"excerpt":{"rendered":"<p>Ar \u017einote, kad mokslas yra labai \u012fdomus dalykas? O visi vaikai &#8211; savoti\u0161ki mokslininkai? Jie m\u0117gsta klausin\u0117ti, steb\u0117ti aplink\u0105, visk\u0105 ai\u0161kintis, o paskui&#8230;suabejoti ir v\u0117l i\u0161 naujo klausti. Vaik\u0173 pasaulyje yra daugyb\u0117 nauj\u0173, jiems dar ne\u017einom\u0173 dalyk\u0173. Skaitydami \u0161i\u0105 enciklopedij\u0105 vaikai u\u017emegs pirm\u0105 pa\u017eint\u012f su nuostabiu mokslo pasauliu ir patenkins savo smalsum\u0105. \u0160ioje knygel\u0117je jie ras paai\u0161kinim\u0173 apie gyvyb\u0119 \u017dem\u0117je ir pa\u010dios \u017dem\u0117s paslaptis: gyv\u016bnus, augalus, \u017emogaus k\u016bn\u0105, vulkanus, uolienas, ekologij\u0105. Enciklopedijoje rasite \u012fvairi\u0173 \u017eaidim\u0173, nesud\u0117ting\u0173 u\u017eduo\u010di\u0173 bei linksm\u0173 pie\u0161inuk\u0173.<\/p>\n","protected":false},"featured_media":19198,"comment_status":"open","ping_status":"closed","template":"","meta":{"_acf_changed":false,"site-sidebar-layout":"default","site-content-layout":"","ast-site-content-layout":"default","site-content-style":"default","site-sidebar-style":"default","ast-global-header-display":"","ast-banner-title-visibility":"","ast-main-header-display":"","ast-hfb-above-header-display":"","ast-hfb-below-header-display":"","ast-hfb-mobile-header-display":"","site-post-title":"","ast-breadcrumbs-content":"","ast-featured-img":"","footer-sml-layout":"","ast-disable-related-posts":"","theme-transparent-header-meta":"","adv-header-id-meta":"","stick-header-meta":"","header-above-stick-meta":"","header-main-stick-meta":"","header-below-stick-meta":"","astra-migrate-meta-layouts":"default","ast-page-background-enabled":"default","ast-page-background-meta":{"desktop":{"background-color":"","background-image":"","background-repeat":"repeat","background-position":"center center","background-size":"auto","background-attachment":"scroll","background-type":"","background-media":"","overlay-type":"","overlay-color":"","overlay-opacity":"","overlay-gradient":""},"tablet":{"background-color":"","background-image":"","background-repeat":"repeat","background-position":"center center","background-size":"auto","background-attachment":"scroll","background-type":"","background-media":"","overlay-type":"","overlay-color":"","overlay-opacity":"","overlay-gradient":""},"mobile":{"background-color":"","background-image":"","background-repeat":"repeat","background-position":"center center","background-size":"auto","background-attachment":"scroll","background-type":"","background-media":"","overlay-type":"","overlay-color":"","overlay-opacity":"","overlay-gradient":""}},"ast-content-background-meta":{"desktop":{"background-color":"var(--ast-global-color-4)","background-image":"","background-repeat":"repeat","background-position":"center center","background-size":"auto","background-attachment":"scroll","background-type":"","background-media":"","overlay-type":"","overlay-color":"","overlay-opacity":"","overlay-gradient":""},"tablet":{"background-color":"var(--ast-global-color-4)","background-image":"","background-repeat":"repeat","background-position":"center center","background-size":"auto","background-attachment":"scroll","background-type":"","background-media":"","overlay-type":"","overlay-color":"","overlay-opacity":"","overlay-gradient":""},"mobile":{"background-color":"var(--ast-global-color-4)","background-image":"","background-repeat":"repeat","background-position":"center center","background-size":"auto","background-attachment":"scroll","background-type":"","background-media":"","overlay-type":"","overlay-color":"","overlay-opacity":"","overlay-gradient":""}}},"product_brand":[],"product_cat":[15],"product_tag":[],"class_list":{"0":"post-19193","1":"product","2":"type-product","3":"status-publish","4":"has-post-thumbnail","6":"product_cat-uncategorized","7":"desktop-align-left","8":"tablet-align-left","9":"mobile-align-left","11":"first","12":"instock","13":"shipping-taxable","14":"purchasable","15":"product-type-simple"},"acf":[],"yoast_head":"<!-- This site is optimized with the Yoast SEO plugin v27.4 - https:\/\/yoast.com\/product\/yoast-seo-wordpress\/ -->\n<title>Mano pirmoji gamtos moksl\u0173 enciklopedija<\/title>\n<meta name=\"description\" content=\"Ar \u017einote, kad mokslas yra labai \u012fdomus dalykas? O visi vaikai - savoti\u0161ki mokslininkai? Jie m\u0117gsta klausin\u0117ti, steb\u0117ti aplink\u0105, visk\u0105 ai\u0161kintis, o\" \/>\n<meta name=\"robots\" content=\"index, follow, max-snippet:-1, max-image-preview:large, max-video-preview:-1\" \/>\n<link rel=\"canonical\" href=\"https:\/\/skaitytaknyga.lt\/en\/produktas\/mano-pirmoji-gamtos-mokslu-enciklopedija\/\" \/>\n<meta property=\"og:locale\" content=\"en_GB\" \/>\n<meta property=\"og:locale:alternate\" content=\"lt_LT\" \/>\n<meta property=\"og:type\" content=\"article\" \/>\n<meta property=\"og:title\" content=\"Mano pirmoji gamtos moksl\u0173 enciklopedija\" \/>\n<meta property=\"og:description\" content=\"Ar \u017einote, kad mokslas yra labai \u012fdomus dalykas? O visi vaikai - savoti\u0161ki mokslininkai? Jie m\u0117gsta klausin\u0117ti, steb\u0117ti aplink\u0105, visk\u0105 ai\u0161kintis, o\" \/>\n<meta property=\"og:url\" content=\"https:\/\/skaitytaknyga.lt\/en\/produktas\/mano-pirmoji-gamtos-mokslu-enciklopedija\/\" \/>\n<meta property=\"og:site_name\" content=\"Skaitytaknyga\" \/>\n<meta property=\"article:publisher\" content=\"https:\/\/www.facebook.com\/skaitytaknyga\/\" \/>\n<meta property=\"article:modified_time\" content=\"2025-07-03T10:10:57+00:00\" \/>\n<meta property=\"og:image\" content=\"https:\/\/skaitytaknyga.lt\/wp-content\/uploads\/2025\/07\/Mano-pirmoji-gamtos-mokslu-enciklopedija.jpg\" \/>\n\t<meta property=\"og:image:width\" content=\"500\" \/>\n\t<meta property=\"og:image:height\" content=\"575\" \/>\n\t<meta property=\"og:image:type\" content=\"image\/jpeg\" \/>\n<meta name=\"twitter:card\" content=\"summary_large_image\" \/>\n<meta name=\"twitter:label1\" content=\"Estimated reading time\" \/>\n\t<meta name=\"twitter:data1\" content=\"1 minute\" \/>\n<script type=\"application\/ld+json\" class=\"yoast-schema-graph\">{\"@context\":\"https:\\\/\\\/schema.org\",\"@graph\":[{\"@type\":\"WebPage\",\"@id\":\"https:\\\/\\\/skaitytaknyga.lt\\\/produktas\\\/mano-pirmoji-gamtos-mokslu-enciklopedija\\\/\",\"url\":\"https:\\\/\\\/skaitytaknyga.lt\\\/produktas\\\/mano-pirmoji-gamtos-mokslu-enciklopedija\\\/\",\"name\":\"Mano pirmoji gamtos moksl\u0173 enciklopedija\",\"isPartOf\":{\"@id\":\"https:\\\/\\\/skaitytaknyga.lt\\\/#website\"},\"primaryImageOfPage\":{\"@id\":\"https:\\\/\\\/skaitytaknyga.lt\\\/produktas\\\/mano-pirmoji-gamtos-mokslu-enciklopedija\\\/#primaryimage\"},\"image\":{\"@id\":\"https:\\\/\\\/skaitytaknyga.lt\\\/produktas\\\/mano-pirmoji-gamtos-mokslu-enciklopedija\\\/#primaryimage\"},\"thumbnailUrl\":\"https:\\\/\\\/skaitytaknyga.lt\\\/wp-content\\\/uploads\\\/2025\\\/07\\\/Mano-pirmoji-gamtos-mokslu-enciklopedija.jpg\",\"datePublished\":\"2025-07-03T06:17:14+00:00\",\"dateModified\":\"2025-07-03T10:10:57+00:00\",\"description\":\"Ar \u017einote, kad mokslas yra labai \u012fdomus dalykas? O visi vaikai - savoti\u0161ki mokslininkai? Jie m\u0117gsta klausin\u0117ti, steb\u0117ti aplink\u0105, visk\u0105 ai\u0161kintis, o\",\"breadcrumb\":{\"@id\":\"https:\\\/\\\/skaitytaknyga.lt\\\/produktas\\\/mano-pirmoji-gamtos-mokslu-enciklopedija\\\/#breadcrumb\"},\"inLanguage\":\"en-GB\",\"potentialAction\":[{\"@type\":\"ReadAction\",\"target\":[\"https:\\\/\\\/skaitytaknyga.lt\\\/produktas\\\/mano-pirmoji-gamtos-mokslu-enciklopedija\\\/\"]}]},{\"@type\":\"ImageObject\",\"inLanguage\":\"en-GB\",\"@id\":\"https:\\\/\\\/skaitytaknyga.lt\\\/produktas\\\/mano-pirmoji-gamtos-mokslu-enciklopedija\\\/#primaryimage\",\"url\":\"https:\\\/\\\/skaitytaknyga.lt\\\/wp-content\\\/uploads\\\/2025\\\/07\\\/Mano-pirmoji-gamtos-mokslu-enciklopedija.jpg\",\"contentUrl\":\"https:\\\/\\\/skaitytaknyga.lt\\\/wp-content\\\/uploads\\\/2025\\\/07\\\/Mano-pirmoji-gamtos-mokslu-enciklopedija.jpg\",\"width\":500,\"height\":575},{\"@type\":\"BreadcrumbList\",\"@id\":\"https:\\\/\\\/skaitytaknyga.lt\\\/produktas\\\/mano-pirmoji-gamtos-mokslu-enciklopedija\\\/#breadcrumb\",\"itemListElement\":[{\"@type\":\"ListItem\",\"position\":1,\"name\":\"Home\",\"item\":\"https:\\\/\\\/skaitytaknyga.lt\\\/\"},{\"@type\":\"ListItem\",\"position\":2,\"name\":\"Parduotuv\u0117\",\"item\":\"https:\\\/\\\/skaitytaknyga.lt\\\/knygu-parduotuve\\\/\"},{\"@type\":\"ListItem\",\"position\":3,\"name\":\"Mano pirmoji gamtos moksl\u0173 enciklopedija\"}]},{\"@type\":\"WebSite\",\"@id\":\"https:\\\/\\\/skaitytaknyga.lt\\\/#website\",\"url\":\"https:\\\/\\\/skaitytaknyga.lt\\\/\",\"name\":\"skaitytaknyga.lt\",\"description\":\"Skaitytaknyga.lt \u2013 tai ma\u017eas \u0161eimos verslas, kuris prasid\u0117jo nuo meil\u0117s knygoms ir siekio i\u0161gelb\u0117ti knygas nuo likimo prie konteinerio. Kas vienam nereikalingas daiktas \u2013 kitam lobis, o mes esame tarpininkai, kurie padeda abiems tapti laimingesniems ???? \u017dinome kaip nelengva i\u0161gyventi ma\u017eiems verslams, tad nuo \u0161iol, \u010dia rasite ir kit\u0173, ma\u017e\u0173 \u0161eim\u0173 versl\u0173, rank\u0173 darbo, dovan\u0173 sau ir artimiesiems.\",\"publisher\":{\"@id\":\"https:\\\/\\\/skaitytaknyga.lt\\\/#organization\"},\"potentialAction\":[{\"@type\":\"SearchAction\",\"target\":{\"@type\":\"EntryPoint\",\"urlTemplate\":\"https:\\\/\\\/skaitytaknyga.lt\\\/?s={search_term_string}\"},\"query-input\":{\"@type\":\"PropertyValueSpecification\",\"valueRequired\":true,\"valueName\":\"search_term_string\"}}],\"inLanguage\":\"en-GB\"},{\"@type\":\"Organization\",\"@id\":\"https:\\\/\\\/skaitytaknyga.lt\\\/#organization\",\"name\":\"skaitytaknyga.lt\",\"url\":\"https:\\\/\\\/skaitytaknyga.lt\\\/\",\"logo\":{\"@type\":\"ImageObject\",\"inLanguage\":\"en-GB\",\"@id\":\"https:\\\/\\\/skaitytaknyga.lt\\\/#\\\/schema\\\/logo\\\/image\\\/\",\"url\":\"https:\\\/\\\/skaitytaknyga.lt\\\/wp-content\\\/uploads\\\/2024\\\/05\\\/cropped-cropped-cropped-02_00843_jt3bggkj1j3HLc7SyY6rEUpg.jpeg\",\"contentUrl\":\"https:\\\/\\\/skaitytaknyga.lt\\\/wp-content\\\/uploads\\\/2024\\\/05\\\/cropped-cropped-cropped-02_00843_jt3bggkj1j3HLc7SyY6rEUpg.jpeg\",\"width\":1600,\"height\":1600,\"caption\":\"skaitytaknyga.lt\"},\"image\":{\"@id\":\"https:\\\/\\\/skaitytaknyga.lt\\\/#\\\/schema\\\/logo\\\/image\\\/\"},\"sameAs\":[\"https:\\\/\\\/www.facebook.com\\\/skaitytaknyga\\\/\"]}]}<\/script>\n<!-- \/ Yoast SEO plugin. -->","yoast_head_json":{"title":"Mano pirmoji gamtos moksl\u0173 enciklopedija","description":"Ar \u017einote, kad mokslas yra labai \u012fdomus dalykas? O visi vaikai - savoti\u0161ki mokslininkai? Jie m\u0117gsta klausin\u0117ti, steb\u0117ti aplink\u0105, visk\u0105 ai\u0161kintis, o","robots":{"index":"index","follow":"follow","max-snippet":"max-snippet:-1","max-image-preview":"max-image-preview:large","max-video-preview":"max-video-preview:-1"},"canonical":"https:\/\/skaitytaknyga.lt\/en\/produktas\/mano-pirmoji-gamtos-mokslu-enciklopedija\/","og_locale":"en_GB","og_type":"article","og_title":"[:lt]Mano pirmoji gamtos moksl\u0173 enciklopedija[:] - Skaitytaknyga","og_description":"Ar \u017einote, kad mokslas yra labai \u012fdomus dalykas? O visi vaikai - savoti\u0161ki mokslininkai? Jie m\u0117gsta klausin\u0117ti, steb\u0117ti aplink\u0105, visk\u0105 ai\u0161kintis, o","og_url":"https:\/\/skaitytaknyga.lt\/en\/produktas\/mano-pirmoji-gamtos-mokslu-enciklopedija\/","og_site_name":"Skaitytaknyga","article_publisher":"https:\/\/www.facebook.com\/skaitytaknyga\/","article_modified_time":"2025-07-03T10:10:57+00:00","og_image":[{"width":500,"height":575,"url":"https:\/\/skaitytaknyga.lt\/wp-content\/uploads\/2025\/07\/Mano-pirmoji-gamtos-mokslu-enciklopedija.jpg","type":"image\/jpeg"}],"twitter_card":"summary_large_image","twitter_misc":{"Estimated reading time":"1 minute"},"schema":{"@context":"https:\/\/schema.org","@graph":[{"@type":"WebPage","@id":"https:\/\/skaitytaknyga.lt\/produktas\/mano-pirmoji-gamtos-mokslu-enciklopedija\/","url":"https:\/\/skaitytaknyga.lt\/produktas\/mano-pirmoji-gamtos-mokslu-enciklopedija\/","name":"Mano pirmoji gamtos moksl\u0173 enciklopedija","isPartOf":{"@id":"https:\/\/skaitytaknyga.lt\/#website"},"primaryImageOfPage":{"@id":"https:\/\/skaitytaknyga.lt\/produktas\/mano-pirmoji-gamtos-mokslu-enciklopedija\/#primaryimage"},"image":{"@id":"https:\/\/skaitytaknyga.lt\/produktas\/mano-pirmoji-gamtos-mokslu-enciklopedija\/#primaryimage"},"thumbnailUrl":"https:\/\/skaitytaknyga.lt\/wp-content\/uploads\/2025\/07\/Mano-pirmoji-gamtos-mokslu-enciklopedija.jpg","datePublished":"2025-07-03T06:17:14+00:00","dateModified":"2025-07-03T10:10:57+00:00","description":"Ar \u017einote, kad mokslas yra labai \u012fdomus dalykas? O visi vaikai - savoti\u0161ki mokslininkai? Jie m\u0117gsta klausin\u0117ti, steb\u0117ti aplink\u0105, visk\u0105 ai\u0161kintis, o","breadcrumb":{"@id":"https:\/\/skaitytaknyga.lt\/produktas\/mano-pirmoji-gamtos-mokslu-enciklopedija\/#breadcrumb"},"inLanguage":"en-GB","potentialAction":[{"@type":"ReadAction","target":["https:\/\/skaitytaknyga.lt\/produktas\/mano-pirmoji-gamtos-mokslu-enciklopedija\/"]}]},{"@type":"ImageObject","inLanguage":"en-GB","@id":"https:\/\/skaitytaknyga.lt\/produktas\/mano-pirmoji-gamtos-mokslu-enciklopedija\/#primaryimage","url":"https:\/\/skaitytaknyga.lt\/wp-content\/uploads\/2025\/07\/Mano-pirmoji-gamtos-mokslu-enciklopedija.jpg","contentUrl":"https:\/\/skaitytaknyga.lt\/wp-content\/uploads\/2025\/07\/Mano-pirmoji-gamtos-mokslu-enciklopedija.jpg","width":500,"height":575},{"@type":"BreadcrumbList","@id":"https:\/\/skaitytaknyga.lt\/produktas\/mano-pirmoji-gamtos-mokslu-enciklopedija\/#breadcrumb","itemListElement":[{"@type":"ListItem","position":1,"name":"Home","item":"https:\/\/skaitytaknyga.lt\/"},{"@type":"ListItem","position":2,"name":"Parduotuv\u0117","item":"https:\/\/skaitytaknyga.lt\/knygu-parduotuve\/"},{"@type":"ListItem","position":3,"name":"Mano pirmoji gamtos moksl\u0173 enciklopedija"}]},{"@type":"WebSite","@id":"https:\/\/skaitytaknyga.lt\/#website","url":"https:\/\/skaitytaknyga.lt\/","name":"skaitytaknyga.lt","description":"Skaitytaknyga.lt \u2013 tai ma\u017eas \u0161eimos verslas, kuris prasid\u0117jo nuo meil\u0117s knygoms ir siekio i\u0161gelb\u0117ti knygas nuo likimo prie konteinerio. Kas vienam nereikalingas daiktas \u2013 kitam lobis, o mes esame tarpininkai, kurie padeda abiems tapti laimingesniems ???? \u017dinome kaip nelengva i\u0161gyventi ma\u017eiems verslams, tad nuo \u0161iol, \u010dia rasite ir kit\u0173, ma\u017e\u0173 \u0161eim\u0173 versl\u0173, rank\u0173 darbo, dovan\u0173 sau ir artimiesiems.","publisher":{"@id":"https:\/\/skaitytaknyga.lt\/#organization"},"potentialAction":[{"@type":"SearchAction","target":{"@type":"EntryPoint","urlTemplate":"https:\/\/skaitytaknyga.lt\/?s={search_term_string}"},"query-input":{"@type":"PropertyValueSpecification","valueRequired":true,"valueName":"search_term_string"}}],"inLanguage":"en-GB"},{"@type":"Organization","@id":"https:\/\/skaitytaknyga.lt\/#organization","name":"skaitytaknyga.lt","url":"https:\/\/skaitytaknyga.lt\/","logo":{"@type":"ImageObject","inLanguage":"en-GB","@id":"https:\/\/skaitytaknyga.lt\/#\/schema\/logo\/image\/","url":"https:\/\/skaitytaknyga.lt\/wp-content\/uploads\/2024\/05\/cropped-cropped-cropped-02_00843_jt3bggkj1j3HLc7SyY6rEUpg.jpeg","contentUrl":"https:\/\/skaitytaknyga.lt\/wp-content\/uploads\/2024\/05\/cropped-cropped-cropped-02_00843_jt3bggkj1j3HLc7SyY6rEUpg.jpeg","width":1600,"height":1600,"caption":"skaitytaknyga.lt"},"image":{"@id":"https:\/\/skaitytaknyga.lt\/#\/schema\/logo\/image\/"},"sameAs":["https:\/\/www.facebook.com\/skaitytaknyga\/"]}]}},"_links":{"self":[{"href":"https:\/\/skaitytaknyga.lt\/en\/wp-json\/wp\/v2\/product\/19193","targetHints":{"allow":["GET"]}}],"collection":[{"href":"https:\/\/skaitytaknyga.lt\/en\/wp-json\/wp\/v2\/product"}],"about":[{"href":"https:\/\/skaitytaknyga.lt\/en\/wp-json\/wp\/v2\/types\/product"}],"replies":[{"embeddable":true,"href":"https:\/\/skaitytaknyga.lt\/en\/wp-json\/wp\/v2\/comments?post=19193"}],"wp:featuredmedia":[{"embeddable":true,"href":"https:\/\/skaitytaknyga.lt\/en\/wp-json\/wp\/v2\/media\/19198"}],"wp:attachment":[{"href":"https:\/\/skaitytaknyga.lt\/en\/wp-json\/wp\/v2\/media?parent=19193"}],"wp:term":[{"taxonomy":"product_brand","embeddable":true,"href":"https:\/\/skaitytaknyga.lt\/en\/wp-json\/wp\/v2\/product_brand?post=19193"},{"taxonomy":"product_cat","embeddable":true,"href":"https:\/\/skaitytaknyga.lt\/en\/wp-json\/wp\/v2\/product_cat?post=19193"},{"taxonomy":"product_tag","embeddable":true,"href":"https:\/\/skaitytaknyga.lt\/en\/wp-json\/wp\/v2\/product_tag?post=19193"}],"curies":[{"name":"wp","href":"https:\/\/api.w.org\/{rel}","templated":true}]}}