{"id":19192,"date":"2025-07-03T09:17:13","date_gmt":"2025-07-03T06:17:13","guid":{"rendered":"https:\/\/skaitytaknyga.lt\/?post_type=product&#038;p=19192"},"modified":"2025-07-07T09:26:16","modified_gmt":"2025-07-07T06:26:16","slug":"aukojimo-giesmes","status":"publish","type":"product","link":"https:\/\/skaitytaknyga.lt\/en\/produktas\/aukojimo-giesmes\/","title":{"rendered":"Aukojimo giesm\u0117s"},"content":{"rendered":"<p>Rabindranatas Tagor\u0117 (1861 \u2013 1941) \u2013 Indijos tautos s\u016bnus, geniali, poeti\u0161ka asmenyb\u0117, Vakar\u0173 pasaulyje pagars\u0117jusi savo eil\u0117ra\u0161\u010diais, paties poeto i\u0161verstais \u012f angl\u0173 kalb\u0105.<br \/>\n\u201eAukojimo giesm\u0117s\u201c \u2013 i\u0161 \u017emogaus \u0161irdies i\u0161siver\u017e\u0119s himnas K\u016br\u0117jui, Visatos Valdovui, Absoliutui. <\/p>\n<p>\u0160ios giesm\u0117s \u2013 tai ir \u0161lovinimas, ir ekstaz\u0117, ir mistika, ir tyli malda. Induizmo \u010dia ma\u017ea. R. Tagor\u0117s Dievas nelabai pana\u0161us \u012f kurios nors konkre\u010dios religijos Diev\u0105. Kiekvieno tik\u0117jimo i\u0161pa\u017ein\u0117jas gali skaityti \u201eAukojimo giesmes\u201c kaip mald\u0105. Tod\u0117l nenuostabu, kad poeto t\u0117vynainiai nelaik\u0117 \u0161i\u0173 eil\u0117ra\u0161\u010di\u0173 religine poezija, o Vakar\u0173 skaitytojai, prie\u0161ingai, vadino juos D\u017eiaugsmo Evangelija, nauj\u0173j\u0173 laik\u0173 Dovydo psalm\u0117mis.<\/p>\n<p>Tik\u0117damas Diev\u0105 poetas randa atsakymus \u012f visus b\u016bties klausimus, suvokia gyvenimo prasm\u0119, supranta, kad did\u017eiausia gyvenimo vertyb\u0117 yra meil\u0117.<\/p>\n<p>Dangaus Vie\u0161pa\u010diui jis su begaline meile aukoja save, savo gyvenim\u0105, k\u016bryb\u0105, darbus ir kan\u010dias. \u017davisi juo, yra i\u0161tikimas ir atsidav\u0119s, gieda Jam pasitik\u0117jimo ir d\u017eiugios nuostabos kupinas giesmes.<br \/>\nLyrinis subjektas nepra\u0161o maloni\u0173 sau, visada klusniai sutinka su savo Valdovo valia. Kelyje \u012f Diev\u0105 prasminga ir kan\u010dia, ir skausmas. Vis\u0173 laik\u0173 visiems \u017emon\u0117ms reik\u0161minga malda, kurioje pra\u0161oma stipryb\u0117s eiti Dievo skirtu keliu.<\/p>\n<p>Eil\u0117ra\u0161\u010diuose daug meil\u0117s ne tik Dievui, bet ir gyvenimui, \u017eemei, gamtai, t\u0117vynei, liejasi k\u016brybos ir pa\u017einimo d\u017eiaugsmas, apm\u0105stoma \u017emogaus b\u016btis nuo k\u016bdikyst\u0117s iki mirties. Skaitytojas atsiduria absoliutaus tyrumo pasaulyje.<\/p>\n<p>Sukre\u010diant\u012f \u012fsp\u016bd\u012f palieka paskutinieji eil\u0117ra\u0161\u010diai, kuriuose i\u0161vystame sl\u0117pining\u0105 mirties gro\u017e\u012f. Visas \u017emogaus gyvenimas yra mirties laukimas, bet mirtimi viskas nepasibaigia, ji \u2013 naujos b\u016bties prad\u017eia.<\/p>\n<p>U\u017e \u0161\u012f rinkin\u012f R. Tagor\u0117 gavo Nobelio premij\u0105.<\/p>\n","protected":false},"excerpt":{"rendered":"<p>Rabindranatas Tagor\u0117 (1861 \u2013 1941) \u2013 Indijos tautos s\u016bnus, geniali, poeti\u0161ka asmenyb\u0117, Vakar\u0173 pasaulyje pagars\u0117jusi savo eil\u0117ra\u0161\u010diais, paties poeto i\u0161verstais \u012f angl\u0173 kalb\u0105. \u201eAukojimo giesm\u0117s\u201c \u2013 i\u0161 \u017emogaus \u0161irdies i\u0161siver\u017e\u0119s himnas K\u016br\u0117jui, Visatos Valdovui, Absoliutui. \u0160ios giesm\u0117s \u2013 tai ir \u0161lovinimas, ir ekstaz\u0117, ir mistika, ir tyli malda. Induizmo \u010dia ma\u017ea. R. Tagor\u0117s Dievas nelabai pana\u0161us \u012f kurios nors konkre\u010dios religijos Diev\u0105. Kiekvieno tik\u0117jimo i\u0161pa\u017ein\u0117jas gali skaityti \u201eAukojimo giesmes\u201c kaip mald\u0105. Tod\u0117l nenuostabu, kad poeto t\u0117vynainiai nelaik\u0117 \u0161i\u0173 eil\u0117ra\u0161\u010di\u0173 religine poezija, o Vakar\u0173 skaitytojai, prie\u0161ingai, vadino juos D\u017eiaugsmo Evangelija, nauj\u0173j\u0173 laik\u0173 Dovydo psalm\u0117mis. Tik\u0117damas Diev\u0105 poetas randa atsakymus \u012f visus b\u016bties klausimus, suvokia gyvenimo prasm\u0119, supranta, kad did\u017eiausia gyvenimo vertyb\u0117 yra meil\u0117. Dangaus Vie\u0161pa\u010diui jis su begaline meile aukoja save, savo gyvenim\u0105, k\u016bryb\u0105, darbus ir kan\u010dias. \u017davisi juo, yra i\u0161tikimas ir atsidav\u0119s, gieda Jam pasitik\u0117jimo ir d\u017eiugios nuostabos kupinas giesmes. Lyrinis subjektas nepra\u0161o maloni\u0173 sau, visada klusniai sutinka su savo Valdovo valia. Kelyje \u012f Diev\u0105 prasminga ir kan\u010dia, ir skausmas. Vis\u0173 laik\u0173 visiems \u017emon\u0117ms reik\u0161minga malda, kurioje pra\u0161oma stipryb\u0117s eiti Dievo skirtu keliu. Eil\u0117ra\u0161\u010diuose daug meil\u0117s ne tik Dievui, bet ir gyvenimui, \u017eemei, gamtai, t\u0117vynei, liejasi k\u016brybos ir pa\u017einimo d\u017eiaugsmas, apm\u0105stoma \u017emogaus b\u016btis nuo k\u016bdikyst\u0117s iki mirties. Skaitytojas atsiduria absoliutaus tyrumo pasaulyje. Sukre\u010diant\u012f \u012fsp\u016bd\u012f palieka paskutinieji eil\u0117ra\u0161\u010diai, kuriuose i\u0161vystame sl\u0117pining\u0105 mirties gro\u017e\u012f. Visas \u017emogaus gyvenimas yra mirties laukimas, bet mirtimi viskas nepasibaigia, ji \u2013 naujos b\u016bties prad\u017eia. U\u017e \u0161\u012f rinkin\u012f R. Tagor\u0117 gavo Nobelio premij\u0105.<\/p>\n","protected":false},"featured_media":19197,"comment_status":"open","ping_status":"closed","template":"","meta":{"_acf_changed":false,"site-sidebar-layout":"default","site-content-layout":"","ast-site-content-layout":"default","site-content-style":"default","site-sidebar-style":"default","ast-global-header-display":"","ast-banner-title-visibility":"","ast-main-header-display":"","ast-hfb-above-header-display":"","ast-hfb-below-header-display":"","ast-hfb-mobile-header-display":"","site-post-title":"","ast-breadcrumbs-content":"","ast-featured-img":"","footer-sml-layout":"","ast-disable-related-posts":"","theme-transparent-header-meta":"","adv-header-id-meta":"","stick-header-meta":"","header-above-stick-meta":"","header-main-stick-meta":"","header-below-stick-meta":"","astra-migrate-meta-layouts":"default","ast-page-background-enabled":"default","ast-page-background-meta":{"desktop":{"background-color":"","background-image":"","background-repeat":"repeat","background-position":"center center","background-size":"auto","background-attachment":"scroll","background-type":"","background-media":"","overlay-type":"","overlay-color":"","overlay-opacity":"","overlay-gradient":""},"tablet":{"background-color":"","background-image":"","background-repeat":"repeat","background-position":"center center","background-size":"auto","background-attachment":"scroll","background-type":"","background-media":"","overlay-type":"","overlay-color":"","overlay-opacity":"","overlay-gradient":""},"mobile":{"background-color":"","background-image":"","background-repeat":"repeat","background-position":"center center","background-size":"auto","background-attachment":"scroll","background-type":"","background-media":"","overlay-type":"","overlay-color":"","overlay-opacity":"","overlay-gradient":""}},"ast-content-background-meta":{"desktop":{"background-color":"var(--ast-global-color-4)","background-image":"","background-repeat":"repeat","background-position":"center center","background-size":"auto","background-attachment":"scroll","background-type":"","background-media":"","overlay-type":"","overlay-color":"","overlay-opacity":"","overlay-gradient":""},"tablet":{"background-color":"var(--ast-global-color-4)","background-image":"","background-repeat":"repeat","background-position":"center center","background-size":"auto","background-attachment":"scroll","background-type":"","background-media":"","overlay-type":"","overlay-color":"","overlay-opacity":"","overlay-gradient":""},"mobile":{"background-color":"var(--ast-global-color-4)","background-image":"","background-repeat":"repeat","background-position":"center center","background-size":"auto","background-attachment":"scroll","background-type":"","background-media":"","overlay-type":"","overlay-color":"","overlay-opacity":"","overlay-gradient":""}}},"product_brand":[],"product_cat":[31],"product_tag":[],"class_list":{"0":"post-19192","1":"product","2":"type-product","3":"status-publish","4":"has-post-thumbnail","6":"product_cat-grozine-literatura","7":"desktop-align-left","8":"tablet-align-left","9":"mobile-align-left","11":"first","12":"instock","13":"shipping-taxable","14":"purchasable","15":"product-type-simple"},"acf":[],"yoast_head":"<!-- This site is optimized with the Yoast SEO plugin v27.4 - https:\/\/yoast.com\/product\/yoast-seo-wordpress\/ -->\n<title>Aukojimo giesm\u0117s<\/title>\n<meta name=\"description\" content=\"Rabindranatas Tagor\u0117 (1861 \u2013 1941) \u2013 Indijos tautos s\u016bnus, geniali, poeti\u0161ka asmenyb\u0117, Vakar\u0173 pasaulyje pagars\u0117jusi savo eil\u0117ra\u0161\u010diais, paties poeto\" \/>\n<meta name=\"robots\" content=\"index, follow, max-snippet:-1, max-image-preview:large, max-video-preview:-1\" \/>\n<link rel=\"canonical\" href=\"https:\/\/skaitytaknyga.lt\/en\/produktas\/aukojimo-giesmes\/\" \/>\n<meta property=\"og:locale\" content=\"en_GB\" \/>\n<meta property=\"og:locale:alternate\" content=\"lt_LT\" \/>\n<meta property=\"og:type\" content=\"article\" \/>\n<meta property=\"og:title\" content=\"Aukojimo giesm\u0117s\" \/>\n<meta property=\"og:description\" content=\"Rabindranatas Tagor\u0117 (1861 \u2013 1941) \u2013 Indijos tautos s\u016bnus, geniali, poeti\u0161ka asmenyb\u0117, Vakar\u0173 pasaulyje pagars\u0117jusi savo eil\u0117ra\u0161\u010diais, paties poeto\" \/>\n<meta property=\"og:url\" content=\"https:\/\/skaitytaknyga.lt\/en\/produktas\/aukojimo-giesmes\/\" \/>\n<meta property=\"og:site_name\" content=\"Skaitytaknyga\" \/>\n<meta property=\"article:publisher\" content=\"https:\/\/www.facebook.com\/skaitytaknyga\/\" \/>\n<meta property=\"article:modified_time\" content=\"2025-07-07T06:26:16+00:00\" \/>\n<meta property=\"og:image\" content=\"https:\/\/skaitytaknyga.lt\/wp-content\/uploads\/2025\/07\/Aukojimo-giesmes.webp\" \/>\n\t<meta property=\"og:image:width\" content=\"1196\" \/>\n\t<meta property=\"og:image:height\" content=\"801\" \/>\n\t<meta property=\"og:image:type\" content=\"image\/webp\" \/>\n<meta name=\"twitter:card\" content=\"summary_large_image\" \/>\n<meta name=\"twitter:label1\" content=\"Estimated reading time\" \/>\n\t<meta name=\"twitter:data1\" content=\"1 minute\" \/>\n<script type=\"application\/ld+json\" class=\"yoast-schema-graph\">{\"@context\":\"https:\\\/\\\/schema.org\",\"@graph\":[{\"@type\":\"WebPage\",\"@id\":\"https:\\\/\\\/skaitytaknyga.lt\\\/produktas\\\/aukojimo-giesmes\\\/\",\"url\":\"https:\\\/\\\/skaitytaknyga.lt\\\/produktas\\\/aukojimo-giesmes\\\/\",\"name\":\"Aukojimo giesm\u0117s\",\"isPartOf\":{\"@id\":\"https:\\\/\\\/skaitytaknyga.lt\\\/#website\"},\"primaryImageOfPage\":{\"@id\":\"https:\\\/\\\/skaitytaknyga.lt\\\/produktas\\\/aukojimo-giesmes\\\/#primaryimage\"},\"image\":{\"@id\":\"https:\\\/\\\/skaitytaknyga.lt\\\/produktas\\\/aukojimo-giesmes\\\/#primaryimage\"},\"thumbnailUrl\":\"https:\\\/\\\/skaitytaknyga.lt\\\/wp-content\\\/uploads\\\/2025\\\/07\\\/Aukojimo-giesmes.webp\",\"datePublished\":\"2025-07-03T06:17:13+00:00\",\"dateModified\":\"2025-07-07T06:26:16+00:00\",\"description\":\"Rabindranatas Tagor\u0117 (1861 \u2013 1941) \u2013 Indijos tautos s\u016bnus, geniali, poeti\u0161ka asmenyb\u0117, Vakar\u0173 pasaulyje pagars\u0117jusi savo eil\u0117ra\u0161\u010diais, paties poeto\",\"breadcrumb\":{\"@id\":\"https:\\\/\\\/skaitytaknyga.lt\\\/produktas\\\/aukojimo-giesmes\\\/#breadcrumb\"},\"inLanguage\":\"en-GB\",\"potentialAction\":[{\"@type\":\"ReadAction\",\"target\":[\"https:\\\/\\\/skaitytaknyga.lt\\\/produktas\\\/aukojimo-giesmes\\\/\"]}]},{\"@type\":\"ImageObject\",\"inLanguage\":\"en-GB\",\"@id\":\"https:\\\/\\\/skaitytaknyga.lt\\\/produktas\\\/aukojimo-giesmes\\\/#primaryimage\",\"url\":\"https:\\\/\\\/skaitytaknyga.lt\\\/wp-content\\\/uploads\\\/2025\\\/07\\\/Aukojimo-giesmes.webp\",\"contentUrl\":\"https:\\\/\\\/skaitytaknyga.lt\\\/wp-content\\\/uploads\\\/2025\\\/07\\\/Aukojimo-giesmes.webp\",\"width\":1196,\"height\":801,\"caption\":\"Aukojimo giesm\u0117s\"},{\"@type\":\"BreadcrumbList\",\"@id\":\"https:\\\/\\\/skaitytaknyga.lt\\\/produktas\\\/aukojimo-giesmes\\\/#breadcrumb\",\"itemListElement\":[{\"@type\":\"ListItem\",\"position\":1,\"name\":\"Home\",\"item\":\"https:\\\/\\\/skaitytaknyga.lt\\\/\"},{\"@type\":\"ListItem\",\"position\":2,\"name\":\"Parduotuv\u0117\",\"item\":\"https:\\\/\\\/skaitytaknyga.lt\\\/knygu-parduotuve\\\/\"},{\"@type\":\"ListItem\",\"position\":3,\"name\":\"Aukojimo giesm\u0117s\"}]},{\"@type\":\"WebSite\",\"@id\":\"https:\\\/\\\/skaitytaknyga.lt\\\/#website\",\"url\":\"https:\\\/\\\/skaitytaknyga.lt\\\/\",\"name\":\"skaitytaknyga.lt\",\"description\":\"Skaitytaknyga.lt \u2013 tai ma\u017eas \u0161eimos verslas, kuris prasid\u0117jo nuo meil\u0117s knygoms ir siekio i\u0161gelb\u0117ti knygas nuo likimo prie konteinerio. Kas vienam nereikalingas daiktas \u2013 kitam lobis, o mes esame tarpininkai, kurie padeda abiems tapti laimingesniems ???? \u017dinome kaip nelengva i\u0161gyventi ma\u017eiems verslams, tad nuo \u0161iol, \u010dia rasite ir kit\u0173, ma\u017e\u0173 \u0161eim\u0173 versl\u0173, rank\u0173 darbo, dovan\u0173 sau ir artimiesiems.\",\"publisher\":{\"@id\":\"https:\\\/\\\/skaitytaknyga.lt\\\/#organization\"},\"potentialAction\":[{\"@type\":\"SearchAction\",\"target\":{\"@type\":\"EntryPoint\",\"urlTemplate\":\"https:\\\/\\\/skaitytaknyga.lt\\\/?s={search_term_string}\"},\"query-input\":{\"@type\":\"PropertyValueSpecification\",\"valueRequired\":true,\"valueName\":\"search_term_string\"}}],\"inLanguage\":\"en-GB\"},{\"@type\":\"Organization\",\"@id\":\"https:\\\/\\\/skaitytaknyga.lt\\\/#organization\",\"name\":\"skaitytaknyga.lt\",\"url\":\"https:\\\/\\\/skaitytaknyga.lt\\\/\",\"logo\":{\"@type\":\"ImageObject\",\"inLanguage\":\"en-GB\",\"@id\":\"https:\\\/\\\/skaitytaknyga.lt\\\/#\\\/schema\\\/logo\\\/image\\\/\",\"url\":\"https:\\\/\\\/skaitytaknyga.lt\\\/wp-content\\\/uploads\\\/2024\\\/05\\\/cropped-cropped-cropped-02_00843_jt3bggkj1j3HLc7SyY6rEUpg.jpeg\",\"contentUrl\":\"https:\\\/\\\/skaitytaknyga.lt\\\/wp-content\\\/uploads\\\/2024\\\/05\\\/cropped-cropped-cropped-02_00843_jt3bggkj1j3HLc7SyY6rEUpg.jpeg\",\"width\":1600,\"height\":1600,\"caption\":\"skaitytaknyga.lt\"},\"image\":{\"@id\":\"https:\\\/\\\/skaitytaknyga.lt\\\/#\\\/schema\\\/logo\\\/image\\\/\"},\"sameAs\":[\"https:\\\/\\\/www.facebook.com\\\/skaitytaknyga\\\/\"]}]}<\/script>\n<!-- \/ Yoast SEO plugin. -->","yoast_head_json":{"title":"Aukojimo giesm\u0117s","description":"Rabindranatas Tagor\u0117 (1861 \u2013 1941) \u2013 Indijos tautos s\u016bnus, geniali, poeti\u0161ka asmenyb\u0117, Vakar\u0173 pasaulyje pagars\u0117jusi savo eil\u0117ra\u0161\u010diais, paties poeto","robots":{"index":"index","follow":"follow","max-snippet":"max-snippet:-1","max-image-preview":"max-image-preview:large","max-video-preview":"max-video-preview:-1"},"canonical":"https:\/\/skaitytaknyga.lt\/en\/produktas\/aukojimo-giesmes\/","og_locale":"en_GB","og_type":"article","og_title":"[:lt]Aukojimo giesm\u0117s[:] - Skaitytaknyga","og_description":"Rabindranatas Tagor\u0117 (1861 \u2013 1941) \u2013 Indijos tautos s\u016bnus, geniali, poeti\u0161ka asmenyb\u0117, Vakar\u0173 pasaulyje pagars\u0117jusi savo eil\u0117ra\u0161\u010diais, paties poeto","og_url":"https:\/\/skaitytaknyga.lt\/en\/produktas\/aukojimo-giesmes\/","og_site_name":"Skaitytaknyga","article_publisher":"https:\/\/www.facebook.com\/skaitytaknyga\/","article_modified_time":"2025-07-07T06:26:16+00:00","og_image":[{"width":1196,"height":801,"url":"https:\/\/skaitytaknyga.lt\/wp-content\/uploads\/2025\/07\/Aukojimo-giesmes.webp","type":"image\/webp"}],"twitter_card":"summary_large_image","twitter_misc":{"Estimated reading time":"1 minute"},"schema":{"@context":"https:\/\/schema.org","@graph":[{"@type":"WebPage","@id":"https:\/\/skaitytaknyga.lt\/produktas\/aukojimo-giesmes\/","url":"https:\/\/skaitytaknyga.lt\/produktas\/aukojimo-giesmes\/","name":"Aukojimo giesm\u0117s","isPartOf":{"@id":"https:\/\/skaitytaknyga.lt\/#website"},"primaryImageOfPage":{"@id":"https:\/\/skaitytaknyga.lt\/produktas\/aukojimo-giesmes\/#primaryimage"},"image":{"@id":"https:\/\/skaitytaknyga.lt\/produktas\/aukojimo-giesmes\/#primaryimage"},"thumbnailUrl":"https:\/\/skaitytaknyga.lt\/wp-content\/uploads\/2025\/07\/Aukojimo-giesmes.webp","datePublished":"2025-07-03T06:17:13+00:00","dateModified":"2025-07-07T06:26:16+00:00","description":"Rabindranatas Tagor\u0117 (1861 \u2013 1941) \u2013 Indijos tautos s\u016bnus, geniali, poeti\u0161ka asmenyb\u0117, Vakar\u0173 pasaulyje pagars\u0117jusi savo eil\u0117ra\u0161\u010diais, paties poeto","breadcrumb":{"@id":"https:\/\/skaitytaknyga.lt\/produktas\/aukojimo-giesmes\/#breadcrumb"},"inLanguage":"en-GB","potentialAction":[{"@type":"ReadAction","target":["https:\/\/skaitytaknyga.lt\/produktas\/aukojimo-giesmes\/"]}]},{"@type":"ImageObject","inLanguage":"en-GB","@id":"https:\/\/skaitytaknyga.lt\/produktas\/aukojimo-giesmes\/#primaryimage","url":"https:\/\/skaitytaknyga.lt\/wp-content\/uploads\/2025\/07\/Aukojimo-giesmes.webp","contentUrl":"https:\/\/skaitytaknyga.lt\/wp-content\/uploads\/2025\/07\/Aukojimo-giesmes.webp","width":1196,"height":801,"caption":"Aukojimo giesm\u0117s"},{"@type":"BreadcrumbList","@id":"https:\/\/skaitytaknyga.lt\/produktas\/aukojimo-giesmes\/#breadcrumb","itemListElement":[{"@type":"ListItem","position":1,"name":"Home","item":"https:\/\/skaitytaknyga.lt\/"},{"@type":"ListItem","position":2,"name":"Parduotuv\u0117","item":"https:\/\/skaitytaknyga.lt\/knygu-parduotuve\/"},{"@type":"ListItem","position":3,"name":"Aukojimo giesm\u0117s"}]},{"@type":"WebSite","@id":"https:\/\/skaitytaknyga.lt\/#website","url":"https:\/\/skaitytaknyga.lt\/","name":"skaitytaknyga.lt","description":"Skaitytaknyga.lt \u2013 tai ma\u017eas \u0161eimos verslas, kuris prasid\u0117jo nuo meil\u0117s knygoms ir siekio i\u0161gelb\u0117ti knygas nuo likimo prie konteinerio. Kas vienam nereikalingas daiktas \u2013 kitam lobis, o mes esame tarpininkai, kurie padeda abiems tapti laimingesniems ???? \u017dinome kaip nelengva i\u0161gyventi ma\u017eiems verslams, tad nuo \u0161iol, \u010dia rasite ir kit\u0173, ma\u017e\u0173 \u0161eim\u0173 versl\u0173, rank\u0173 darbo, dovan\u0173 sau ir artimiesiems.","publisher":{"@id":"https:\/\/skaitytaknyga.lt\/#organization"},"potentialAction":[{"@type":"SearchAction","target":{"@type":"EntryPoint","urlTemplate":"https:\/\/skaitytaknyga.lt\/?s={search_term_string}"},"query-input":{"@type":"PropertyValueSpecification","valueRequired":true,"valueName":"search_term_string"}}],"inLanguage":"en-GB"},{"@type":"Organization","@id":"https:\/\/skaitytaknyga.lt\/#organization","name":"skaitytaknyga.lt","url":"https:\/\/skaitytaknyga.lt\/","logo":{"@type":"ImageObject","inLanguage":"en-GB","@id":"https:\/\/skaitytaknyga.lt\/#\/schema\/logo\/image\/","url":"https:\/\/skaitytaknyga.lt\/wp-content\/uploads\/2024\/05\/cropped-cropped-cropped-02_00843_jt3bggkj1j3HLc7SyY6rEUpg.jpeg","contentUrl":"https:\/\/skaitytaknyga.lt\/wp-content\/uploads\/2024\/05\/cropped-cropped-cropped-02_00843_jt3bggkj1j3HLc7SyY6rEUpg.jpeg","width":1600,"height":1600,"caption":"skaitytaknyga.lt"},"image":{"@id":"https:\/\/skaitytaknyga.lt\/#\/schema\/logo\/image\/"},"sameAs":["https:\/\/www.facebook.com\/skaitytaknyga\/"]}]}},"_links":{"self":[{"href":"https:\/\/skaitytaknyga.lt\/en\/wp-json\/wp\/v2\/product\/19192","targetHints":{"allow":["GET"]}}],"collection":[{"href":"https:\/\/skaitytaknyga.lt\/en\/wp-json\/wp\/v2\/product"}],"about":[{"href":"https:\/\/skaitytaknyga.lt\/en\/wp-json\/wp\/v2\/types\/product"}],"replies":[{"embeddable":true,"href":"https:\/\/skaitytaknyga.lt\/en\/wp-json\/wp\/v2\/comments?post=19192"}],"wp:featuredmedia":[{"embeddable":true,"href":"https:\/\/skaitytaknyga.lt\/en\/wp-json\/wp\/v2\/media\/19197"}],"wp:attachment":[{"href":"https:\/\/skaitytaknyga.lt\/en\/wp-json\/wp\/v2\/media?parent=19192"}],"wp:term":[{"taxonomy":"product_brand","embeddable":true,"href":"https:\/\/skaitytaknyga.lt\/en\/wp-json\/wp\/v2\/product_brand?post=19192"},{"taxonomy":"product_cat","embeddable":true,"href":"https:\/\/skaitytaknyga.lt\/en\/wp-json\/wp\/v2\/product_cat?post=19192"},{"taxonomy":"product_tag","embeddable":true,"href":"https:\/\/skaitytaknyga.lt\/en\/wp-json\/wp\/v2\/product_tag?post=19192"}],"curies":[{"name":"wp","href":"https:\/\/api.w.org\/{rel}","templated":true}]}}