{"id":19184,"date":"2025-07-02T15:53:28","date_gmt":"2025-07-02T12:53:28","guid":{"rendered":"https:\/\/skaitytaknyga.lt\/?post_type=product&#038;p=19184"},"modified":"2025-07-07T09:26:17","modified_gmt":"2025-07-07T06:26:17","slug":"mane-vadina-kalendorium","status":"publish","type":"product","link":"https:\/\/skaitytaknyga.lt\/en\/produktas\/mane-vadina-kalendorium\/","title":{"rendered":"Mane vadina Kalendorium"},"content":{"rendered":"<p>\u201eMane vadina Kalendorium\u201c \u2013 tai unikalus naujausios latvi\u0173 literat\u016bros tekstas: prozininko, dramaturgo, aktoriaus ir re\u017eisieriaus Andrio Kalnozolo (g. 1983) romanas, kuris, pasirod\u0119s Latvijoje 2020 m., i\u0161 karto tapo kultiniu, dideliais tira\u017eais leid\u017eiamu, ekranizuojamu ir inscenizuojamu k\u016briniu. Latvi\u0173 literat\u016bros kritikai \u0161iandien lygina \u0161i\u0105 knyg\u0105 su amerikie\u010di\u0173 ra\u0161ytojo Winstono Groomo (1943-2020) romanu \u201eForestas Gampas\u201c.<\/p>\n<p>Pats kil\u0119s i\u0161 Latvijos provincijos, A. Kalnozolas pasakoja nedidelio miestelio \u201ema\u017eo \u017emogaus\u201c istorij\u0105, perteikia j\u0105 psichikos sutrikim\u0105 ir kartu fenomenali\u0105 atmint\u012f turin\u010dio, niekur nedirban\u010dio veik\u0117jo Oskaro, praminto Kalendoriumi, \u017evilgsniu. Knyga para\u0161yta Oskaro dienora\u0161\u010dio forma. Jaunas vyras negali bendrauti su nepa\u017e\u012fstamais \u017emon\u0117mis, tod\u0117l, vietos kunigo paskatintas, pradeda ra\u0161yti dienora\u0161t\u012f. Ra\u0161o j\u012f vaiki\u0161kai naiviai, bet kartu pateikia netik\u0117t\u0173 \u012f\u017evalg\u0173, skvarbiai atveria paradoksali\u0105 dabarties tikrov\u0119 ir paprast\u0173 \u017emoni\u0173 sielos gro\u017e\u012f.<\/p>\n<p>Knygos \u201eMane vadina Kalendorium\u201c pasakotojas grumiasi su savo neuroz\u0117mis, su gyvenimo baime, stengiasi prisijaukinti aplinkin\u012f pasaul\u012f ir \u017emones, susitaikyti su nuolat patiriamu tikrov\u0117s keistumu. Kartu romanas liudija, koks nuostabus gali b\u016bti \u017emogaus protas, kokios didel\u0117s jo dvasin\u0117s galios, kokius kilnius santykius \u017emogus paj\u0117gus susikurti. Atviras ir naivus Oskaras tampa svarbia fig\u016bra miestelio gyvenime: jis ima burti kitus visuomen\u0117s atstumtuosius, r\u016bpintis jais ir bendrais miestelio reikalais. Jo keistas dienora\u0161tis \u012fgyja autenti\u0161kos gyvenimo filosofijos bruo\u017e\u0173.<\/p>\n","protected":false},"excerpt":{"rendered":"<p>\u201eMane vadina Kalendorium\u201c \u2013 tai unikalus naujausios latvi\u0173 literat\u016bros tekstas: prozininko, dramaturgo, aktoriaus ir re\u017eisieriaus Andrio Kalnozolo (g. 1983) romanas, kuris, pasirod\u0119s Latvijoje 2020 m., i\u0161 karto tapo kultiniu, dideliais tira\u017eais leid\u017eiamu, ekranizuojamu ir inscenizuojamu k\u016briniu. Latvi\u0173 literat\u016bros kritikai \u0161iandien lygina \u0161i\u0105 knyg\u0105 su amerikie\u010di\u0173 ra\u0161ytojo Winstono Groomo (1943-2020) romanu \u201eForestas Gampas\u201c. Pats kil\u0119s i\u0161 Latvijos provincijos, A. Kalnozolas pasakoja nedidelio miestelio \u201ema\u017eo \u017emogaus\u201c istorij\u0105, perteikia j\u0105 psichikos sutrikim\u0105 ir kartu fenomenali\u0105 atmint\u012f turin\u010dio, niekur nedirban\u010dio veik\u0117jo Oskaro, praminto Kalendoriumi, \u017evilgsniu. Knyga para\u0161yta Oskaro dienora\u0161\u010dio forma. Jaunas vyras negali bendrauti su nepa\u017e\u012fstamais \u017emon\u0117mis, tod\u0117l, vietos kunigo paskatintas, pradeda ra\u0161yti dienora\u0161t\u012f. Ra\u0161o j\u012f vaiki\u0161kai naiviai, bet kartu pateikia netik\u0117t\u0173 \u012f\u017evalg\u0173, skvarbiai atveria paradoksali\u0105 dabarties tikrov\u0119 ir paprast\u0173 \u017emoni\u0173 sielos gro\u017e\u012f. Knygos \u201eMane vadina Kalendorium\u201c pasakotojas grumiasi su savo neuroz\u0117mis, su gyvenimo baime, stengiasi prisijaukinti aplinkin\u012f pasaul\u012f ir \u017emones, susitaikyti su nuolat patiriamu tikrov\u0117s keistumu. Kartu romanas liudija, koks nuostabus gali b\u016bti \u017emogaus protas, kokios didel\u0117s jo dvasin\u0117s galios, kokius kilnius santykius \u017emogus paj\u0117gus susikurti. Atviras ir naivus Oskaras tampa svarbia fig\u016bra miestelio gyvenime: jis ima burti kitus visuomen\u0117s atstumtuosius, r\u016bpintis jais ir bendrais miestelio reikalais. Jo keistas dienora\u0161tis \u012fgyja autenti\u0161kos gyvenimo filosofijos bruo\u017e\u0173.<\/p>\n","protected":false},"featured_media":19187,"comment_status":"open","ping_status":"closed","template":"","meta":{"_acf_changed":false,"site-sidebar-layout":"default","site-content-layout":"","ast-site-content-layout":"default","site-content-style":"default","site-sidebar-style":"default","ast-global-header-display":"","ast-banner-title-visibility":"","ast-main-header-display":"","ast-hfb-above-header-display":"","ast-hfb-below-header-display":"","ast-hfb-mobile-header-display":"","site-post-title":"","ast-breadcrumbs-content":"","ast-featured-img":"","footer-sml-layout":"","ast-disable-related-posts":"","theme-transparent-header-meta":"","adv-header-id-meta":"","stick-header-meta":"","header-above-stick-meta":"","header-main-stick-meta":"","header-below-stick-meta":"","astra-migrate-meta-layouts":"default","ast-page-background-enabled":"default","ast-page-background-meta":{"desktop":{"background-color":"","background-image":"","background-repeat":"repeat","background-position":"center center","background-size":"auto","background-attachment":"scroll","background-type":"","background-media":"","overlay-type":"","overlay-color":"","overlay-opacity":"","overlay-gradient":""},"tablet":{"background-color":"","background-image":"","background-repeat":"repeat","background-position":"center center","background-size":"auto","background-attachment":"scroll","background-type":"","background-media":"","overlay-type":"","overlay-color":"","overlay-opacity":"","overlay-gradient":""},"mobile":{"background-color":"","background-image":"","background-repeat":"repeat","background-position":"center center","background-size":"auto","background-attachment":"scroll","background-type":"","background-media":"","overlay-type":"","overlay-color":"","overlay-opacity":"","overlay-gradient":""}},"ast-content-background-meta":{"desktop":{"background-color":"var(--ast-global-color-4)","background-image":"","background-repeat":"repeat","background-position":"center center","background-size":"auto","background-attachment":"scroll","background-type":"","background-media":"","overlay-type":"","overlay-color":"","overlay-opacity":"","overlay-gradient":""},"tablet":{"background-color":"var(--ast-global-color-4)","background-image":"","background-repeat":"repeat","background-position":"center center","background-size":"auto","background-attachment":"scroll","background-type":"","background-media":"","overlay-type":"","overlay-color":"","overlay-opacity":"","overlay-gradient":""},"mobile":{"background-color":"var(--ast-global-color-4)","background-image":"","background-repeat":"repeat","background-position":"center center","background-size":"auto","background-attachment":"scroll","background-type":"","background-media":"","overlay-type":"","overlay-color":"","overlay-opacity":"","overlay-gradient":""}}},"product_brand":[],"product_cat":[31],"product_tag":[],"class_list":{"0":"post-19184","1":"product","2":"type-product","3":"status-publish","4":"has-post-thumbnail","6":"product_cat-grozine-literatura","7":"desktop-align-left","8":"tablet-align-left","9":"mobile-align-left","11":"first","12":"instock","13":"shipping-taxable","14":"purchasable","15":"product-type-simple"},"acf":[],"yoast_head":"<!-- This site is optimized with the Yoast SEO plugin v27.4 - https:\/\/yoast.com\/product\/yoast-seo-wordpress\/ -->\n<title>Mane vadina Kalendorium<\/title>\n<meta name=\"description\" content=\"\u201eMane vadina Kalendorium\u201c \u2013 tai unikalus naujausios latvi\u0173 literat\u016bros tekstas: prozininko, dramaturgo, aktoriaus ir re\u017eisieriaus Andrio Kalnozolo (g.\" \/>\n<meta name=\"robots\" content=\"index, follow, max-snippet:-1, max-image-preview:large, max-video-preview:-1\" \/>\n<link rel=\"canonical\" href=\"https:\/\/skaitytaknyga.lt\/en\/produktas\/mane-vadina-kalendorium\/\" \/>\n<meta property=\"og:locale\" content=\"en_GB\" \/>\n<meta property=\"og:locale:alternate\" content=\"lt_LT\" \/>\n<meta property=\"og:type\" content=\"article\" \/>\n<meta property=\"og:title\" content=\"Mane vadina Kalendorium\" \/>\n<meta property=\"og:description\" content=\"\u201eMane vadina Kalendorium\u201c \u2013 tai unikalus naujausios latvi\u0173 literat\u016bros tekstas: prozininko, dramaturgo, aktoriaus ir re\u017eisieriaus Andrio Kalnozolo (g.\" \/>\n<meta property=\"og:url\" content=\"https:\/\/skaitytaknyga.lt\/en\/produktas\/mane-vadina-kalendorium\/\" \/>\n<meta property=\"og:site_name\" content=\"Skaitytaknyga\" \/>\n<meta property=\"article:publisher\" content=\"https:\/\/www.facebook.com\/skaitytaknyga\/\" \/>\n<meta property=\"article:modified_time\" content=\"2025-07-07T06:26:17+00:00\" \/>\n<meta property=\"og:image\" content=\"https:\/\/skaitytaknyga.lt\/wp-content\/uploads\/2025\/07\/Mane-vadina-Kalendorium.webp\" \/>\n\t<meta property=\"og:image:width\" content=\"553\" \/>\n\t<meta property=\"og:image:height\" content=\"801\" \/>\n\t<meta property=\"og:image:type\" content=\"image\/webp\" \/>\n<meta name=\"twitter:card\" content=\"summary_large_image\" \/>\n<meta name=\"twitter:label1\" content=\"Estimated reading time\" \/>\n\t<meta name=\"twitter:data1\" content=\"1 minute\" \/>\n<script type=\"application\/ld+json\" class=\"yoast-schema-graph\">{\"@context\":\"https:\\\/\\\/schema.org\",\"@graph\":[{\"@type\":\"WebPage\",\"@id\":\"https:\\\/\\\/skaitytaknyga.lt\\\/produktas\\\/mane-vadina-kalendorium\\\/\",\"url\":\"https:\\\/\\\/skaitytaknyga.lt\\\/produktas\\\/mane-vadina-kalendorium\\\/\",\"name\":\"Mane vadina Kalendorium\",\"isPartOf\":{\"@id\":\"https:\\\/\\\/skaitytaknyga.lt\\\/#website\"},\"primaryImageOfPage\":{\"@id\":\"https:\\\/\\\/skaitytaknyga.lt\\\/produktas\\\/mane-vadina-kalendorium\\\/#primaryimage\"},\"image\":{\"@id\":\"https:\\\/\\\/skaitytaknyga.lt\\\/produktas\\\/mane-vadina-kalendorium\\\/#primaryimage\"},\"thumbnailUrl\":\"https:\\\/\\\/skaitytaknyga.lt\\\/wp-content\\\/uploads\\\/2025\\\/07\\\/Mane-vadina-Kalendorium.webp\",\"datePublished\":\"2025-07-02T12:53:28+00:00\",\"dateModified\":\"2025-07-07T06:26:17+00:00\",\"description\":\"\u201eMane vadina Kalendorium\u201c \u2013 tai unikalus naujausios latvi\u0173 literat\u016bros tekstas: prozininko, dramaturgo, aktoriaus ir re\u017eisieriaus Andrio Kalnozolo (g.\",\"breadcrumb\":{\"@id\":\"https:\\\/\\\/skaitytaknyga.lt\\\/produktas\\\/mane-vadina-kalendorium\\\/#breadcrumb\"},\"inLanguage\":\"en-GB\",\"potentialAction\":[{\"@type\":\"ReadAction\",\"target\":[\"https:\\\/\\\/skaitytaknyga.lt\\\/produktas\\\/mane-vadina-kalendorium\\\/\"]}]},{\"@type\":\"ImageObject\",\"inLanguage\":\"en-GB\",\"@id\":\"https:\\\/\\\/skaitytaknyga.lt\\\/produktas\\\/mane-vadina-kalendorium\\\/#primaryimage\",\"url\":\"https:\\\/\\\/skaitytaknyga.lt\\\/wp-content\\\/uploads\\\/2025\\\/07\\\/Mane-vadina-Kalendorium.webp\",\"contentUrl\":\"https:\\\/\\\/skaitytaknyga.lt\\\/wp-content\\\/uploads\\\/2025\\\/07\\\/Mane-vadina-Kalendorium.webp\",\"width\":553,\"height\":801},{\"@type\":\"BreadcrumbList\",\"@id\":\"https:\\\/\\\/skaitytaknyga.lt\\\/produktas\\\/mane-vadina-kalendorium\\\/#breadcrumb\",\"itemListElement\":[{\"@type\":\"ListItem\",\"position\":1,\"name\":\"Home\",\"item\":\"https:\\\/\\\/skaitytaknyga.lt\\\/\"},{\"@type\":\"ListItem\",\"position\":2,\"name\":\"Parduotuv\u0117\",\"item\":\"https:\\\/\\\/skaitytaknyga.lt\\\/knygu-parduotuve\\\/\"},{\"@type\":\"ListItem\",\"position\":3,\"name\":\"Mane vadina Kalendorium\"}]},{\"@type\":\"WebSite\",\"@id\":\"https:\\\/\\\/skaitytaknyga.lt\\\/#website\",\"url\":\"https:\\\/\\\/skaitytaknyga.lt\\\/\",\"name\":\"skaitytaknyga.lt\",\"description\":\"Skaitytaknyga.lt \u2013 tai ma\u017eas \u0161eimos verslas, kuris prasid\u0117jo nuo meil\u0117s knygoms ir siekio i\u0161gelb\u0117ti knygas nuo likimo prie konteinerio. Kas vienam nereikalingas daiktas \u2013 kitam lobis, o mes esame tarpininkai, kurie padeda abiems tapti laimingesniems ???? \u017dinome kaip nelengva i\u0161gyventi ma\u017eiems verslams, tad nuo \u0161iol, \u010dia rasite ir kit\u0173, ma\u017e\u0173 \u0161eim\u0173 versl\u0173, rank\u0173 darbo, dovan\u0173 sau ir artimiesiems.\",\"publisher\":{\"@id\":\"https:\\\/\\\/skaitytaknyga.lt\\\/#organization\"},\"potentialAction\":[{\"@type\":\"SearchAction\",\"target\":{\"@type\":\"EntryPoint\",\"urlTemplate\":\"https:\\\/\\\/skaitytaknyga.lt\\\/?s={search_term_string}\"},\"query-input\":{\"@type\":\"PropertyValueSpecification\",\"valueRequired\":true,\"valueName\":\"search_term_string\"}}],\"inLanguage\":\"en-GB\"},{\"@type\":\"Organization\",\"@id\":\"https:\\\/\\\/skaitytaknyga.lt\\\/#organization\",\"name\":\"skaitytaknyga.lt\",\"url\":\"https:\\\/\\\/skaitytaknyga.lt\\\/\",\"logo\":{\"@type\":\"ImageObject\",\"inLanguage\":\"en-GB\",\"@id\":\"https:\\\/\\\/skaitytaknyga.lt\\\/#\\\/schema\\\/logo\\\/image\\\/\",\"url\":\"https:\\\/\\\/skaitytaknyga.lt\\\/wp-content\\\/uploads\\\/2024\\\/05\\\/cropped-cropped-cropped-02_00843_jt3bggkj1j3HLc7SyY6rEUpg.jpeg\",\"contentUrl\":\"https:\\\/\\\/skaitytaknyga.lt\\\/wp-content\\\/uploads\\\/2024\\\/05\\\/cropped-cropped-cropped-02_00843_jt3bggkj1j3HLc7SyY6rEUpg.jpeg\",\"width\":1600,\"height\":1600,\"caption\":\"skaitytaknyga.lt\"},\"image\":{\"@id\":\"https:\\\/\\\/skaitytaknyga.lt\\\/#\\\/schema\\\/logo\\\/image\\\/\"},\"sameAs\":[\"https:\\\/\\\/www.facebook.com\\\/skaitytaknyga\\\/\"]}]}<\/script>\n<!-- \/ Yoast SEO plugin. -->","yoast_head_json":{"title":"Mane vadina Kalendorium","description":"\u201eMane vadina Kalendorium\u201c \u2013 tai unikalus naujausios latvi\u0173 literat\u016bros tekstas: prozininko, dramaturgo, aktoriaus ir re\u017eisieriaus Andrio Kalnozolo (g.","robots":{"index":"index","follow":"follow","max-snippet":"max-snippet:-1","max-image-preview":"max-image-preview:large","max-video-preview":"max-video-preview:-1"},"canonical":"https:\/\/skaitytaknyga.lt\/en\/produktas\/mane-vadina-kalendorium\/","og_locale":"en_GB","og_type":"article","og_title":"[:lt]Mane vadina Kalendorium[:] - Skaitytaknyga","og_description":"\u201eMane vadina Kalendorium\u201c \u2013 tai unikalus naujausios latvi\u0173 literat\u016bros tekstas: prozininko, dramaturgo, aktoriaus ir re\u017eisieriaus Andrio Kalnozolo (g.","og_url":"https:\/\/skaitytaknyga.lt\/en\/produktas\/mane-vadina-kalendorium\/","og_site_name":"Skaitytaknyga","article_publisher":"https:\/\/www.facebook.com\/skaitytaknyga\/","article_modified_time":"2025-07-07T06:26:17+00:00","og_image":[{"width":553,"height":801,"url":"https:\/\/skaitytaknyga.lt\/wp-content\/uploads\/2025\/07\/Mane-vadina-Kalendorium.webp","type":"image\/webp"}],"twitter_card":"summary_large_image","twitter_misc":{"Estimated reading time":"1 minute"},"schema":{"@context":"https:\/\/schema.org","@graph":[{"@type":"WebPage","@id":"https:\/\/skaitytaknyga.lt\/produktas\/mane-vadina-kalendorium\/","url":"https:\/\/skaitytaknyga.lt\/produktas\/mane-vadina-kalendorium\/","name":"Mane vadina Kalendorium","isPartOf":{"@id":"https:\/\/skaitytaknyga.lt\/#website"},"primaryImageOfPage":{"@id":"https:\/\/skaitytaknyga.lt\/produktas\/mane-vadina-kalendorium\/#primaryimage"},"image":{"@id":"https:\/\/skaitytaknyga.lt\/produktas\/mane-vadina-kalendorium\/#primaryimage"},"thumbnailUrl":"https:\/\/skaitytaknyga.lt\/wp-content\/uploads\/2025\/07\/Mane-vadina-Kalendorium.webp","datePublished":"2025-07-02T12:53:28+00:00","dateModified":"2025-07-07T06:26:17+00:00","description":"\u201eMane vadina Kalendorium\u201c \u2013 tai unikalus naujausios latvi\u0173 literat\u016bros tekstas: prozininko, dramaturgo, aktoriaus ir re\u017eisieriaus Andrio Kalnozolo (g.","breadcrumb":{"@id":"https:\/\/skaitytaknyga.lt\/produktas\/mane-vadina-kalendorium\/#breadcrumb"},"inLanguage":"en-GB","potentialAction":[{"@type":"ReadAction","target":["https:\/\/skaitytaknyga.lt\/produktas\/mane-vadina-kalendorium\/"]}]},{"@type":"ImageObject","inLanguage":"en-GB","@id":"https:\/\/skaitytaknyga.lt\/produktas\/mane-vadina-kalendorium\/#primaryimage","url":"https:\/\/skaitytaknyga.lt\/wp-content\/uploads\/2025\/07\/Mane-vadina-Kalendorium.webp","contentUrl":"https:\/\/skaitytaknyga.lt\/wp-content\/uploads\/2025\/07\/Mane-vadina-Kalendorium.webp","width":553,"height":801},{"@type":"BreadcrumbList","@id":"https:\/\/skaitytaknyga.lt\/produktas\/mane-vadina-kalendorium\/#breadcrumb","itemListElement":[{"@type":"ListItem","position":1,"name":"Home","item":"https:\/\/skaitytaknyga.lt\/"},{"@type":"ListItem","position":2,"name":"Parduotuv\u0117","item":"https:\/\/skaitytaknyga.lt\/knygu-parduotuve\/"},{"@type":"ListItem","position":3,"name":"Mane vadina Kalendorium"}]},{"@type":"WebSite","@id":"https:\/\/skaitytaknyga.lt\/#website","url":"https:\/\/skaitytaknyga.lt\/","name":"skaitytaknyga.lt","description":"Skaitytaknyga.lt \u2013 tai ma\u017eas \u0161eimos verslas, kuris prasid\u0117jo nuo meil\u0117s knygoms ir siekio i\u0161gelb\u0117ti knygas nuo likimo prie konteinerio. Kas vienam nereikalingas daiktas \u2013 kitam lobis, o mes esame tarpininkai, kurie padeda abiems tapti laimingesniems ???? \u017dinome kaip nelengva i\u0161gyventi ma\u017eiems verslams, tad nuo \u0161iol, \u010dia rasite ir kit\u0173, ma\u017e\u0173 \u0161eim\u0173 versl\u0173, rank\u0173 darbo, dovan\u0173 sau ir artimiesiems.","publisher":{"@id":"https:\/\/skaitytaknyga.lt\/#organization"},"potentialAction":[{"@type":"SearchAction","target":{"@type":"EntryPoint","urlTemplate":"https:\/\/skaitytaknyga.lt\/?s={search_term_string}"},"query-input":{"@type":"PropertyValueSpecification","valueRequired":true,"valueName":"search_term_string"}}],"inLanguage":"en-GB"},{"@type":"Organization","@id":"https:\/\/skaitytaknyga.lt\/#organization","name":"skaitytaknyga.lt","url":"https:\/\/skaitytaknyga.lt\/","logo":{"@type":"ImageObject","inLanguage":"en-GB","@id":"https:\/\/skaitytaknyga.lt\/#\/schema\/logo\/image\/","url":"https:\/\/skaitytaknyga.lt\/wp-content\/uploads\/2024\/05\/cropped-cropped-cropped-02_00843_jt3bggkj1j3HLc7SyY6rEUpg.jpeg","contentUrl":"https:\/\/skaitytaknyga.lt\/wp-content\/uploads\/2024\/05\/cropped-cropped-cropped-02_00843_jt3bggkj1j3HLc7SyY6rEUpg.jpeg","width":1600,"height":1600,"caption":"skaitytaknyga.lt"},"image":{"@id":"https:\/\/skaitytaknyga.lt\/#\/schema\/logo\/image\/"},"sameAs":["https:\/\/www.facebook.com\/skaitytaknyga\/"]}]}},"_links":{"self":[{"href":"https:\/\/skaitytaknyga.lt\/en\/wp-json\/wp\/v2\/product\/19184","targetHints":{"allow":["GET"]}}],"collection":[{"href":"https:\/\/skaitytaknyga.lt\/en\/wp-json\/wp\/v2\/product"}],"about":[{"href":"https:\/\/skaitytaknyga.lt\/en\/wp-json\/wp\/v2\/types\/product"}],"replies":[{"embeddable":true,"href":"https:\/\/skaitytaknyga.lt\/en\/wp-json\/wp\/v2\/comments?post=19184"}],"wp:featuredmedia":[{"embeddable":true,"href":"https:\/\/skaitytaknyga.lt\/en\/wp-json\/wp\/v2\/media\/19187"}],"wp:attachment":[{"href":"https:\/\/skaitytaknyga.lt\/en\/wp-json\/wp\/v2\/media?parent=19184"}],"wp:term":[{"taxonomy":"product_brand","embeddable":true,"href":"https:\/\/skaitytaknyga.lt\/en\/wp-json\/wp\/v2\/product_brand?post=19184"},{"taxonomy":"product_cat","embeddable":true,"href":"https:\/\/skaitytaknyga.lt\/en\/wp-json\/wp\/v2\/product_cat?post=19184"},{"taxonomy":"product_tag","embeddable":true,"href":"https:\/\/skaitytaknyga.lt\/en\/wp-json\/wp\/v2\/product_tag?post=19184"}],"curies":[{"name":"wp","href":"https:\/\/api.w.org\/{rel}","templated":true}]}}