{"id":19182,"date":"2025-07-02T15:53:27","date_gmt":"2025-07-02T12:53:27","guid":{"rendered":"https:\/\/skaitytaknyga.lt\/?post_type=product&#038;p=19182"},"modified":"2025-07-02T15:56:24","modified_gmt":"2025-07-02T12:56:24","slug":"baisus-dalykas-nutikes-barnabiui-broketui","status":"publish","type":"product","link":"https:\/\/skaitytaknyga.lt\/en\/produktas\/baisus-dalykas-nutikes-barnabiui-broketui\/","title":{"rendered":"Baisus dalykas, nutik\u0119s Barnabiui Broketui"},"content":{"rendered":"<p>John Boyne (D\u017eonas Boinas) \u2013 garsus airi\u0173 ra\u0161ytojas, a\u0161tuoni\u0173 knyg\u0173 suaugusiems ir keturi\u0173 vaikams autorius. Jo knygos i\u0161verstos \u012f 46 kalbas.<\/p>\n<p>Tai labai nepatogu, net \u012f mokykl\u0105 tenka eiti su sm\u0117lio pripilta kuprine, kad nepakilt\u0173 nuo \u017eem\u0117s. Ir tai labai nepatinka jo t\u0117vams, kurie labiausiai pasaulyje bijo i\u0161siskirti i\u0161 kit\u0173. O vien\u0105 dien\u0105 nutinka baisus dalykas\u2026<\/p>\n<p>Kaip tik tada prasideda Barnabio, skraidan\u010dio berniuko, kelion\u0117 aplink pasaul\u012f. Jis sutinka daug keist\u0173 \u017emoni\u0173, susiranda nauj\u0173 draug\u0173, kurie, kaip ir jis, yra truput\u012f kitokie. Jie Barnab\u012f i\u0161moko \u012fvairiausi\u0173 dalyk\u0173. Svarbiausia pamoka \u2013 nereikia bijoti ir g\u0117dytis b\u016bti tokiam, koks esi, nesvarbu, kad esi kitoks.<\/p>\n<p>\u201eSkai\u010diau, ver\u010diau, verkiau&#8230; ir juokiausi. Vos u\u017evertusi paskutin\u012f puslap\u012f, prad\u0117jau ilg\u0117tis Barnabio. Nor\u0117\u010diau, kad \u0161i\u0105 knyg\u0105 paskaityt\u0173 ne tik vaikai, bet ir j\u0173 t\u0117veliai. Tam, kad pak\u0117l\u0119 galvas nuo pilkos kasdienyb\u0117s, kitaip pa\u017evelgt\u0173 ne tik \u012f savo vaikus, bet ir \u012f d\u017eiugi\u0105 mus supan\u010dio pasaulio \u012fvairov\u0119. Dabar, kai man li\u016bdna ar nuobodu, pak\u0117lusi akis ie\u0161kau to ma\u017eo berniuko, pro stoglang\u012f kylan\u010dio \u012f \u017evaig\u017ed\u0117t\u0105 nakties dang\u0173 \u2013 jo laukia nauji draugai, ne\u012ftik\u0117tini nuotykiai ir dar nematyti kra\u0161tai. Jis tarsi sako man \u2013 juk viskas dar prie\u0161 akis!\u201c<br \/>\nVioleta Pal\u010dinskait\u0117, knygos vert\u0117ja<\/p>\n","protected":false},"excerpt":{"rendered":"<p>John Boyne (D\u017eonas Boinas) \u2013 garsus airi\u0173 ra\u0161ytojas, a\u0161tuoni\u0173 knyg\u0173 suaugusiems ir keturi\u0173 vaikams autorius. Jo knygos i\u0161verstos \u012f 46 kalbas. Tai labai nepatogu, net \u012f mokykl\u0105 tenka eiti su sm\u0117lio pripilta kuprine, kad nepakilt\u0173 nuo \u017eem\u0117s. Ir tai labai nepatinka jo t\u0117vams, kurie labiausiai pasaulyje bijo i\u0161siskirti i\u0161 kit\u0173. O vien\u0105 dien\u0105 nutinka baisus dalykas\u2026 Kaip tik tada prasideda Barnabio, skraidan\u010dio berniuko, kelion\u0117 aplink pasaul\u012f. Jis sutinka daug keist\u0173 \u017emoni\u0173, susiranda nauj\u0173 draug\u0173, kurie, kaip ir jis, yra truput\u012f kitokie. Jie Barnab\u012f i\u0161moko \u012fvairiausi\u0173 dalyk\u0173. Svarbiausia pamoka \u2013 nereikia bijoti ir g\u0117dytis b\u016bti tokiam, koks esi, nesvarbu, kad esi kitoks. \u201eSkai\u010diau, ver\u010diau, verkiau&#8230; ir juokiausi. Vos u\u017evertusi paskutin\u012f puslap\u012f, prad\u0117jau ilg\u0117tis Barnabio. Nor\u0117\u010diau, kad \u0161i\u0105 knyg\u0105 paskaityt\u0173 ne tik vaikai, bet ir j\u0173 t\u0117veliai. Tam, kad pak\u0117l\u0119 galvas nuo pilkos kasdienyb\u0117s, kitaip pa\u017evelgt\u0173 ne tik \u012f savo vaikus, bet ir \u012f d\u017eiugi\u0105 mus supan\u010dio pasaulio \u012fvairov\u0119. Dabar, kai man li\u016bdna ar nuobodu, pak\u0117lusi akis ie\u0161kau to ma\u017eo berniuko, pro stoglang\u012f kylan\u010dio \u012f \u017evaig\u017ed\u0117t\u0105 nakties dang\u0173 \u2013 jo laukia nauji draugai, ne\u012ftik\u0117tini nuotykiai ir dar nematyti kra\u0161tai. Jis tarsi sako man \u2013 juk viskas dar prie\u0161 akis!\u201c Violeta Pal\u010dinskait\u0117, knygos vert\u0117ja<\/p>\n","protected":false},"featured_media":19185,"comment_status":"open","ping_status":"closed","template":"","meta":{"_acf_changed":false,"site-sidebar-layout":"default","site-content-layout":"","ast-site-content-layout":"default","site-content-style":"default","site-sidebar-style":"default","ast-global-header-display":"","ast-banner-title-visibility":"","ast-main-header-display":"","ast-hfb-above-header-display":"","ast-hfb-below-header-display":"","ast-hfb-mobile-header-display":"","site-post-title":"","ast-breadcrumbs-content":"","ast-featured-img":"","footer-sml-layout":"","ast-disable-related-posts":"","theme-transparent-header-meta":"","adv-header-id-meta":"","stick-header-meta":"","header-above-stick-meta":"","header-main-stick-meta":"","header-below-stick-meta":"","astra-migrate-meta-layouts":"default","ast-page-background-enabled":"default","ast-page-background-meta":{"desktop":{"background-color":"","background-image":"","background-repeat":"repeat","background-position":"center center","background-size":"auto","background-attachment":"scroll","background-type":"","background-media":"","overlay-type":"","overlay-color":"","overlay-opacity":"","overlay-gradient":""},"tablet":{"background-color":"","background-image":"","background-repeat":"repeat","background-position":"center center","background-size":"auto","background-attachment":"scroll","background-type":"","background-media":"","overlay-type":"","overlay-color":"","overlay-opacity":"","overlay-gradient":""},"mobile":{"background-color":"","background-image":"","background-repeat":"repeat","background-position":"center center","background-size":"auto","background-attachment":"scroll","background-type":"","background-media":"","overlay-type":"","overlay-color":"","overlay-opacity":"","overlay-gradient":""}},"ast-content-background-meta":{"desktop":{"background-color":"var(--ast-global-color-4)","background-image":"","background-repeat":"repeat","background-position":"center center","background-size":"auto","background-attachment":"scroll","background-type":"","background-media":"","overlay-type":"","overlay-color":"","overlay-opacity":"","overlay-gradient":""},"tablet":{"background-color":"var(--ast-global-color-4)","background-image":"","background-repeat":"repeat","background-position":"center center","background-size":"auto","background-attachment":"scroll","background-type":"","background-media":"","overlay-type":"","overlay-color":"","overlay-opacity":"","overlay-gradient":""},"mobile":{"background-color":"var(--ast-global-color-4)","background-image":"","background-repeat":"repeat","background-position":"center center","background-size":"auto","background-attachment":"scroll","background-type":"","background-media":"","overlay-type":"","overlay-color":"","overlay-opacity":"","overlay-gradient":""}}},"product_brand":[],"product_cat":[15],"product_tag":[],"class_list":{"0":"post-19182","1":"product","2":"type-product","3":"status-publish","4":"has-post-thumbnail","6":"product_cat-uncategorized","7":"desktop-align-left","8":"tablet-align-left","9":"mobile-align-left","11":"first","12":"instock","13":"shipping-taxable","14":"purchasable","15":"product-type-simple"},"acf":[],"yoast_head":"<!-- This site is optimized with the Yoast SEO plugin v27.4 - https:\/\/yoast.com\/product\/yoast-seo-wordpress\/ -->\n<title>Baisus dalykas, nutik\u0119s Barnabiui Broketui<\/title>\n<meta name=\"description\" content=\"John Boyne (D\u017eonas Boinas) \u2013 garsus airi\u0173 ra\u0161ytojas, a\u0161tuoni\u0173 knyg\u0173 suaugusiems ir keturi\u0173 vaikams autorius. Jo knygos i\u0161verstos \u012f 46 kalbas. Tai labai\" \/>\n<meta name=\"robots\" content=\"index, follow, max-snippet:-1, max-image-preview:large, max-video-preview:-1\" \/>\n<link rel=\"canonical\" href=\"https:\/\/skaitytaknyga.lt\/en\/produktas\/baisus-dalykas-nutikes-barnabiui-broketui\/\" \/>\n<meta property=\"og:locale\" content=\"en_GB\" \/>\n<meta property=\"og:locale:alternate\" content=\"lt_LT\" \/>\n<meta property=\"og:type\" content=\"article\" \/>\n<meta property=\"og:title\" content=\"Baisus dalykas, nutik\u0119s Barnabiui Broketui\" \/>\n<meta property=\"og:description\" content=\"John Boyne (D\u017eonas Boinas) \u2013 garsus airi\u0173 ra\u0161ytojas, a\u0161tuoni\u0173 knyg\u0173 suaugusiems ir keturi\u0173 vaikams autorius. Jo knygos i\u0161verstos \u012f 46 kalbas. Tai labai\" \/>\n<meta property=\"og:url\" content=\"https:\/\/skaitytaknyga.lt\/en\/produktas\/baisus-dalykas-nutikes-barnabiui-broketui\/\" \/>\n<meta property=\"og:site_name\" content=\"Skaitytaknyga\" \/>\n<meta property=\"article:publisher\" content=\"https:\/\/www.facebook.com\/skaitytaknyga\/\" \/>\n<meta property=\"article:modified_time\" content=\"2025-07-02T12:56:24+00:00\" \/>\n<meta property=\"og:image\" content=\"https:\/\/skaitytaknyga.lt\/wp-content\/uploads\/2025\/07\/Baisus-dalykas-nutikes-Barnabiui-Broketui.webp\" \/>\n\t<meta property=\"og:image:width\" content=\"534\" \/>\n\t<meta property=\"og:image:height\" content=\"801\" \/>\n\t<meta property=\"og:image:type\" content=\"image\/webp\" \/>\n<meta name=\"twitter:card\" content=\"summary_large_image\" \/>\n<meta name=\"twitter:label1\" content=\"Estimated reading time\" \/>\n\t<meta name=\"twitter:data1\" content=\"1 minute\" \/>\n<script type=\"application\/ld+json\" class=\"yoast-schema-graph\">{\"@context\":\"https:\\\/\\\/schema.org\",\"@graph\":[{\"@type\":\"WebPage\",\"@id\":\"https:\\\/\\\/skaitytaknyga.lt\\\/produktas\\\/baisus-dalykas-nutikes-barnabiui-broketui\\\/\",\"url\":\"https:\\\/\\\/skaitytaknyga.lt\\\/produktas\\\/baisus-dalykas-nutikes-barnabiui-broketui\\\/\",\"name\":\"Baisus dalykas, nutik\u0119s Barnabiui Broketui\",\"isPartOf\":{\"@id\":\"https:\\\/\\\/skaitytaknyga.lt\\\/#website\"},\"primaryImageOfPage\":{\"@id\":\"https:\\\/\\\/skaitytaknyga.lt\\\/produktas\\\/baisus-dalykas-nutikes-barnabiui-broketui\\\/#primaryimage\"},\"image\":{\"@id\":\"https:\\\/\\\/skaitytaknyga.lt\\\/produktas\\\/baisus-dalykas-nutikes-barnabiui-broketui\\\/#primaryimage\"},\"thumbnailUrl\":\"https:\\\/\\\/skaitytaknyga.lt\\\/wp-content\\\/uploads\\\/2025\\\/07\\\/Baisus-dalykas-nutikes-Barnabiui-Broketui.webp\",\"datePublished\":\"2025-07-02T12:53:27+00:00\",\"dateModified\":\"2025-07-02T12:56:24+00:00\",\"description\":\"John Boyne (D\u017eonas Boinas) \u2013 garsus airi\u0173 ra\u0161ytojas, a\u0161tuoni\u0173 knyg\u0173 suaugusiems ir keturi\u0173 vaikams autorius. Jo knygos i\u0161verstos \u012f 46 kalbas. Tai labai\",\"breadcrumb\":{\"@id\":\"https:\\\/\\\/skaitytaknyga.lt\\\/produktas\\\/baisus-dalykas-nutikes-barnabiui-broketui\\\/#breadcrumb\"},\"inLanguage\":\"en-GB\",\"potentialAction\":[{\"@type\":\"ReadAction\",\"target\":[\"https:\\\/\\\/skaitytaknyga.lt\\\/produktas\\\/baisus-dalykas-nutikes-barnabiui-broketui\\\/\"]}]},{\"@type\":\"ImageObject\",\"inLanguage\":\"en-GB\",\"@id\":\"https:\\\/\\\/skaitytaknyga.lt\\\/produktas\\\/baisus-dalykas-nutikes-barnabiui-broketui\\\/#primaryimage\",\"url\":\"https:\\\/\\\/skaitytaknyga.lt\\\/wp-content\\\/uploads\\\/2025\\\/07\\\/Baisus-dalykas-nutikes-Barnabiui-Broketui.webp\",\"contentUrl\":\"https:\\\/\\\/skaitytaknyga.lt\\\/wp-content\\\/uploads\\\/2025\\\/07\\\/Baisus-dalykas-nutikes-Barnabiui-Broketui.webp\",\"width\":534,\"height\":801},{\"@type\":\"BreadcrumbList\",\"@id\":\"https:\\\/\\\/skaitytaknyga.lt\\\/produktas\\\/baisus-dalykas-nutikes-barnabiui-broketui\\\/#breadcrumb\",\"itemListElement\":[{\"@type\":\"ListItem\",\"position\":1,\"name\":\"Home\",\"item\":\"https:\\\/\\\/skaitytaknyga.lt\\\/\"},{\"@type\":\"ListItem\",\"position\":2,\"name\":\"Parduotuv\u0117\",\"item\":\"https:\\\/\\\/skaitytaknyga.lt\\\/knygu-parduotuve\\\/\"},{\"@type\":\"ListItem\",\"position\":3,\"name\":\"Baisus dalykas, nutik\u0119s Barnabiui Broketui\"}]},{\"@type\":\"WebSite\",\"@id\":\"https:\\\/\\\/skaitytaknyga.lt\\\/#website\",\"url\":\"https:\\\/\\\/skaitytaknyga.lt\\\/\",\"name\":\"skaitytaknyga.lt\",\"description\":\"Skaitytaknyga.lt \u2013 tai ma\u017eas \u0161eimos verslas, kuris prasid\u0117jo nuo meil\u0117s knygoms ir siekio i\u0161gelb\u0117ti knygas nuo likimo prie konteinerio. Kas vienam nereikalingas daiktas \u2013 kitam lobis, o mes esame tarpininkai, kurie padeda abiems tapti laimingesniems ???? \u017dinome kaip nelengva i\u0161gyventi ma\u017eiems verslams, tad nuo \u0161iol, \u010dia rasite ir kit\u0173, ma\u017e\u0173 \u0161eim\u0173 versl\u0173, rank\u0173 darbo, dovan\u0173 sau ir artimiesiems.\",\"publisher\":{\"@id\":\"https:\\\/\\\/skaitytaknyga.lt\\\/#organization\"},\"potentialAction\":[{\"@type\":\"SearchAction\",\"target\":{\"@type\":\"EntryPoint\",\"urlTemplate\":\"https:\\\/\\\/skaitytaknyga.lt\\\/?s={search_term_string}\"},\"query-input\":{\"@type\":\"PropertyValueSpecification\",\"valueRequired\":true,\"valueName\":\"search_term_string\"}}],\"inLanguage\":\"en-GB\"},{\"@type\":\"Organization\",\"@id\":\"https:\\\/\\\/skaitytaknyga.lt\\\/#organization\",\"name\":\"skaitytaknyga.lt\",\"url\":\"https:\\\/\\\/skaitytaknyga.lt\\\/\",\"logo\":{\"@type\":\"ImageObject\",\"inLanguage\":\"en-GB\",\"@id\":\"https:\\\/\\\/skaitytaknyga.lt\\\/#\\\/schema\\\/logo\\\/image\\\/\",\"url\":\"https:\\\/\\\/skaitytaknyga.lt\\\/wp-content\\\/uploads\\\/2024\\\/05\\\/cropped-cropped-cropped-02_00843_jt3bggkj1j3HLc7SyY6rEUpg.jpeg\",\"contentUrl\":\"https:\\\/\\\/skaitytaknyga.lt\\\/wp-content\\\/uploads\\\/2024\\\/05\\\/cropped-cropped-cropped-02_00843_jt3bggkj1j3HLc7SyY6rEUpg.jpeg\",\"width\":1600,\"height\":1600,\"caption\":\"skaitytaknyga.lt\"},\"image\":{\"@id\":\"https:\\\/\\\/skaitytaknyga.lt\\\/#\\\/schema\\\/logo\\\/image\\\/\"},\"sameAs\":[\"https:\\\/\\\/www.facebook.com\\\/skaitytaknyga\\\/\"]}]}<\/script>\n<!-- \/ Yoast SEO plugin. -->","yoast_head_json":{"title":"Baisus dalykas, nutik\u0119s Barnabiui Broketui","description":"John Boyne (D\u017eonas Boinas) \u2013 garsus airi\u0173 ra\u0161ytojas, a\u0161tuoni\u0173 knyg\u0173 suaugusiems ir keturi\u0173 vaikams autorius. Jo knygos i\u0161verstos \u012f 46 kalbas. Tai labai","robots":{"index":"index","follow":"follow","max-snippet":"max-snippet:-1","max-image-preview":"max-image-preview:large","max-video-preview":"max-video-preview:-1"},"canonical":"https:\/\/skaitytaknyga.lt\/en\/produktas\/baisus-dalykas-nutikes-barnabiui-broketui\/","og_locale":"en_GB","og_type":"article","og_title":"[:lt]Baisus dalykas, nutik\u0119s Barnabiui Broketui[:] - Skaitytaknyga","og_description":"John Boyne (D\u017eonas Boinas) \u2013 garsus airi\u0173 ra\u0161ytojas, a\u0161tuoni\u0173 knyg\u0173 suaugusiems ir keturi\u0173 vaikams autorius. Jo knygos i\u0161verstos \u012f 46 kalbas. Tai labai","og_url":"https:\/\/skaitytaknyga.lt\/en\/produktas\/baisus-dalykas-nutikes-barnabiui-broketui\/","og_site_name":"Skaitytaknyga","article_publisher":"https:\/\/www.facebook.com\/skaitytaknyga\/","article_modified_time":"2025-07-02T12:56:24+00:00","og_image":[{"width":534,"height":801,"url":"https:\/\/skaitytaknyga.lt\/wp-content\/uploads\/2025\/07\/Baisus-dalykas-nutikes-Barnabiui-Broketui.webp","type":"image\/webp"}],"twitter_card":"summary_large_image","twitter_misc":{"Estimated reading time":"1 minute"},"schema":{"@context":"https:\/\/schema.org","@graph":[{"@type":"WebPage","@id":"https:\/\/skaitytaknyga.lt\/produktas\/baisus-dalykas-nutikes-barnabiui-broketui\/","url":"https:\/\/skaitytaknyga.lt\/produktas\/baisus-dalykas-nutikes-barnabiui-broketui\/","name":"Baisus dalykas, nutik\u0119s Barnabiui Broketui","isPartOf":{"@id":"https:\/\/skaitytaknyga.lt\/#website"},"primaryImageOfPage":{"@id":"https:\/\/skaitytaknyga.lt\/produktas\/baisus-dalykas-nutikes-barnabiui-broketui\/#primaryimage"},"image":{"@id":"https:\/\/skaitytaknyga.lt\/produktas\/baisus-dalykas-nutikes-barnabiui-broketui\/#primaryimage"},"thumbnailUrl":"https:\/\/skaitytaknyga.lt\/wp-content\/uploads\/2025\/07\/Baisus-dalykas-nutikes-Barnabiui-Broketui.webp","datePublished":"2025-07-02T12:53:27+00:00","dateModified":"2025-07-02T12:56:24+00:00","description":"John Boyne (D\u017eonas Boinas) \u2013 garsus airi\u0173 ra\u0161ytojas, a\u0161tuoni\u0173 knyg\u0173 suaugusiems ir keturi\u0173 vaikams autorius. Jo knygos i\u0161verstos \u012f 46 kalbas. Tai labai","breadcrumb":{"@id":"https:\/\/skaitytaknyga.lt\/produktas\/baisus-dalykas-nutikes-barnabiui-broketui\/#breadcrumb"},"inLanguage":"en-GB","potentialAction":[{"@type":"ReadAction","target":["https:\/\/skaitytaknyga.lt\/produktas\/baisus-dalykas-nutikes-barnabiui-broketui\/"]}]},{"@type":"ImageObject","inLanguage":"en-GB","@id":"https:\/\/skaitytaknyga.lt\/produktas\/baisus-dalykas-nutikes-barnabiui-broketui\/#primaryimage","url":"https:\/\/skaitytaknyga.lt\/wp-content\/uploads\/2025\/07\/Baisus-dalykas-nutikes-Barnabiui-Broketui.webp","contentUrl":"https:\/\/skaitytaknyga.lt\/wp-content\/uploads\/2025\/07\/Baisus-dalykas-nutikes-Barnabiui-Broketui.webp","width":534,"height":801},{"@type":"BreadcrumbList","@id":"https:\/\/skaitytaknyga.lt\/produktas\/baisus-dalykas-nutikes-barnabiui-broketui\/#breadcrumb","itemListElement":[{"@type":"ListItem","position":1,"name":"Home","item":"https:\/\/skaitytaknyga.lt\/"},{"@type":"ListItem","position":2,"name":"Parduotuv\u0117","item":"https:\/\/skaitytaknyga.lt\/knygu-parduotuve\/"},{"@type":"ListItem","position":3,"name":"Baisus dalykas, nutik\u0119s Barnabiui Broketui"}]},{"@type":"WebSite","@id":"https:\/\/skaitytaknyga.lt\/#website","url":"https:\/\/skaitytaknyga.lt\/","name":"skaitytaknyga.lt","description":"Skaitytaknyga.lt \u2013 tai ma\u017eas \u0161eimos verslas, kuris prasid\u0117jo nuo meil\u0117s knygoms ir siekio i\u0161gelb\u0117ti knygas nuo likimo prie konteinerio. Kas vienam nereikalingas daiktas \u2013 kitam lobis, o mes esame tarpininkai, kurie padeda abiems tapti laimingesniems ???? \u017dinome kaip nelengva i\u0161gyventi ma\u017eiems verslams, tad nuo \u0161iol, \u010dia rasite ir kit\u0173, ma\u017e\u0173 \u0161eim\u0173 versl\u0173, rank\u0173 darbo, dovan\u0173 sau ir artimiesiems.","publisher":{"@id":"https:\/\/skaitytaknyga.lt\/#organization"},"potentialAction":[{"@type":"SearchAction","target":{"@type":"EntryPoint","urlTemplate":"https:\/\/skaitytaknyga.lt\/?s={search_term_string}"},"query-input":{"@type":"PropertyValueSpecification","valueRequired":true,"valueName":"search_term_string"}}],"inLanguage":"en-GB"},{"@type":"Organization","@id":"https:\/\/skaitytaknyga.lt\/#organization","name":"skaitytaknyga.lt","url":"https:\/\/skaitytaknyga.lt\/","logo":{"@type":"ImageObject","inLanguage":"en-GB","@id":"https:\/\/skaitytaknyga.lt\/#\/schema\/logo\/image\/","url":"https:\/\/skaitytaknyga.lt\/wp-content\/uploads\/2024\/05\/cropped-cropped-cropped-02_00843_jt3bggkj1j3HLc7SyY6rEUpg.jpeg","contentUrl":"https:\/\/skaitytaknyga.lt\/wp-content\/uploads\/2024\/05\/cropped-cropped-cropped-02_00843_jt3bggkj1j3HLc7SyY6rEUpg.jpeg","width":1600,"height":1600,"caption":"skaitytaknyga.lt"},"image":{"@id":"https:\/\/skaitytaknyga.lt\/#\/schema\/logo\/image\/"},"sameAs":["https:\/\/www.facebook.com\/skaitytaknyga\/"]}]}},"_links":{"self":[{"href":"https:\/\/skaitytaknyga.lt\/en\/wp-json\/wp\/v2\/product\/19182","targetHints":{"allow":["GET"]}}],"collection":[{"href":"https:\/\/skaitytaknyga.lt\/en\/wp-json\/wp\/v2\/product"}],"about":[{"href":"https:\/\/skaitytaknyga.lt\/en\/wp-json\/wp\/v2\/types\/product"}],"replies":[{"embeddable":true,"href":"https:\/\/skaitytaknyga.lt\/en\/wp-json\/wp\/v2\/comments?post=19182"}],"wp:featuredmedia":[{"embeddable":true,"href":"https:\/\/skaitytaknyga.lt\/en\/wp-json\/wp\/v2\/media\/19185"}],"wp:attachment":[{"href":"https:\/\/skaitytaknyga.lt\/en\/wp-json\/wp\/v2\/media?parent=19182"}],"wp:term":[{"taxonomy":"product_brand","embeddable":true,"href":"https:\/\/skaitytaknyga.lt\/en\/wp-json\/wp\/v2\/product_brand?post=19182"},{"taxonomy":"product_cat","embeddable":true,"href":"https:\/\/skaitytaknyga.lt\/en\/wp-json\/wp\/v2\/product_cat?post=19182"},{"taxonomy":"product_tag","embeddable":true,"href":"https:\/\/skaitytaknyga.lt\/en\/wp-json\/wp\/v2\/product_tag?post=19182"}],"curies":[{"name":"wp","href":"https:\/\/api.w.org\/{rel}","templated":true}]}}