{"id":19178,"date":"2025-07-02T15:45:24","date_gmt":"2025-07-02T12:45:24","guid":{"rendered":"https:\/\/skaitytaknyga.lt\/?post_type=product&#038;p=19178"},"modified":"2025-09-17T19:44:53","modified_gmt":"2025-09-17T16:44:53","slug":"krikscionybes-lietuvoje-istorija","status":"publish","type":"product","link":"https:\/\/skaitytaknyga.lt\/en\/produktas\/krikscionybes-lietuvoje-istorija\/","title":{"rendered":"Krik\u0161\u010dionyb\u0117s Lietuvoje istorija"},"content":{"rendered":"<p>\u0160i knyga \u2013 t\u016bkstantmet\u0117s krik\u0161\u010dionyb\u0117s Lietuvoje istorija. Jos ribos \u2013 nuo \u0161v. Brunono Kverfurtie\u010dio misijos 1009 m. iki Lietuvos Respublikos ir \u0160ventojo Sosto sutar\u010di\u0173 pasira\u0161ymo 2000 m.<\/p>\n<p>Tai knyga, kurioje atvirai pasakojama apie krik\u0161\u010dionyb\u0117s vargus ir laim\u0117jimus, tikin\u010di\u0173j\u0173 netobulum\u0105 ir \u0161ventum\u0105, tik\u0117jimo austr\u0105 ir jo netektis. Diplomatiniai pagoni\u0161kosios valstyb\u0117s vingiai bendraujant su Europa, Ba\u017eny\u010dios reformos sukeltos krik\u0161\u010dioni\u0173 tarpusavio kovos, tautinio atgimimo laik\u0173 kolizijos, sovietme\u010dio i\u0161davyst\u0117s ir heroizmas jungiasi \u012f vientis\u0105 pasakojim\u0105, kuris baigsis tik tada, kai baigsis \u017emonijos istorija.<\/p>\n","protected":false},"excerpt":{"rendered":"<p>\u0160i knyga \u2013 t\u016bkstantmet\u0117s krik\u0161\u010dionyb\u0117s Lietuvoje istorija. Jos ribos \u2013 nuo \u0161v. Brunono Kverfurtie\u010dio misijos 1009 m. iki Lietuvos Respublikos ir \u0160ventojo Sosto sutar\u010di\u0173 pasira\u0161ymo 2000 m. Tai knyga, kurioje atvirai pasakojama apie krik\u0161\u010dionyb\u0117s vargus ir laim\u0117jimus, tikin\u010di\u0173j\u0173 netobulum\u0105 ir \u0161ventum\u0105, tik\u0117jimo austr\u0105 ir jo netektis. Diplomatiniai pagoni\u0161kosios valstyb\u0117s vingiai bendraujant su Europa, Ba\u017eny\u010dios reformos sukeltos krik\u0161\u010dioni\u0173 tarpusavio kovos, tautinio atgimimo laik\u0173 kolizijos, sovietme\u010dio i\u0161davyst\u0117s ir heroizmas jungiasi \u012f vientis\u0105 pasakojim\u0105, kuris baigsis tik tada, kai baigsis \u017emonijos istorija.<\/p>\n","protected":false},"featured_media":19180,"comment_status":"open","ping_status":"closed","template":"","meta":{"_acf_changed":false,"site-sidebar-layout":"default","site-content-layout":"","ast-site-content-layout":"default","site-content-style":"default","site-sidebar-style":"default","ast-global-header-display":"","ast-banner-title-visibility":"","ast-main-header-display":"","ast-hfb-above-header-display":"","ast-hfb-below-header-display":"","ast-hfb-mobile-header-display":"","site-post-title":"","ast-breadcrumbs-content":"","ast-featured-img":"","footer-sml-layout":"","ast-disable-related-posts":"","theme-transparent-header-meta":"","adv-header-id-meta":"","stick-header-meta":"","header-above-stick-meta":"","header-main-stick-meta":"","header-below-stick-meta":"","astra-migrate-meta-layouts":"default","ast-page-background-enabled":"default","ast-page-background-meta":{"desktop":{"background-color":"","background-image":"","background-repeat":"repeat","background-position":"center center","background-size":"auto","background-attachment":"scroll","background-type":"","background-media":"","overlay-type":"","overlay-color":"","overlay-opacity":"","overlay-gradient":""},"tablet":{"background-color":"","background-image":"","background-repeat":"repeat","background-position":"center center","background-size":"auto","background-attachment":"scroll","background-type":"","background-media":"","overlay-type":"","overlay-color":"","overlay-opacity":"","overlay-gradient":""},"mobile":{"background-color":"","background-image":"","background-repeat":"repeat","background-position":"center center","background-size":"auto","background-attachment":"scroll","background-type":"","background-media":"","overlay-type":"","overlay-color":"","overlay-opacity":"","overlay-gradient":""}},"ast-content-background-meta":{"desktop":{"background-color":"var(--ast-global-color-4)","background-image":"","background-repeat":"repeat","background-position":"center center","background-size":"auto","background-attachment":"scroll","background-type":"","background-media":"","overlay-type":"","overlay-color":"","overlay-opacity":"","overlay-gradient":""},"tablet":{"background-color":"var(--ast-global-color-4)","background-image":"","background-repeat":"repeat","background-position":"center center","background-size":"auto","background-attachment":"scroll","background-type":"","background-media":"","overlay-type":"","overlay-color":"","overlay-opacity":"","overlay-gradient":""},"mobile":{"background-color":"var(--ast-global-color-4)","background-image":"","background-repeat":"repeat","background-position":"center center","background-size":"auto","background-attachment":"scroll","background-type":"","background-media":"","overlay-type":"","overlay-color":"","overlay-opacity":"","overlay-gradient":""}}},"product_brand":[],"product_cat":[165],"product_tag":[],"class_list":{"0":"post-19178","1":"product","2":"type-product","3":"status-publish","4":"has-post-thumbnail","6":"product_cat-religija-filosofija-ir-ezoterika","7":"desktop-align-left","8":"tablet-align-left","9":"mobile-align-left","11":"first","12":"instock","13":"shipping-taxable","14":"purchasable","15":"product-type-simple"},"acf":[],"yoast_head":"<!-- This site is optimized with the Yoast SEO plugin v27.4 - https:\/\/yoast.com\/product\/yoast-seo-wordpress\/ -->\n<title>Krik\u0161\u010dionyb\u0117s Lietuvoje istorija<\/title>\n<meta name=\"description\" content=\"\u0160i knyga \u2013 t\u016bkstantmet\u0117s krik\u0161\u010dionyb\u0117s Lietuvoje istorija. Jos ribos \u2013 nuo \u0161v. Brunono Kverfurtie\u010dio misijos 1009 m. iki Lietuvos Respublikos ir \u0160ventojo\" \/>\n<meta name=\"robots\" content=\"index, follow, max-snippet:-1, max-image-preview:large, max-video-preview:-1\" \/>\n<link rel=\"canonical\" href=\"https:\/\/skaitytaknyga.lt\/en\/produktas\/krikscionybes-lietuvoje-istorija\/\" \/>\n<meta property=\"og:locale\" content=\"en_GB\" \/>\n<meta property=\"og:locale:alternate\" content=\"lt_LT\" \/>\n<meta property=\"og:type\" content=\"article\" \/>\n<meta property=\"og:title\" content=\"Krik\u0161\u010dionyb\u0117s Lietuvoje istorija\" \/>\n<meta property=\"og:description\" content=\"\u0160i knyga \u2013 t\u016bkstantmet\u0117s krik\u0161\u010dionyb\u0117s Lietuvoje istorija. Jos ribos \u2013 nuo \u0161v. Brunono Kverfurtie\u010dio misijos 1009 m. iki Lietuvos Respublikos ir \u0160ventojo\" \/>\n<meta property=\"og:url\" content=\"https:\/\/skaitytaknyga.lt\/en\/produktas\/krikscionybes-lietuvoje-istorija\/\" \/>\n<meta property=\"og:site_name\" content=\"Skaitytaknyga\" \/>\n<meta property=\"article:publisher\" content=\"https:\/\/www.facebook.com\/skaitytaknyga\/\" \/>\n<meta property=\"article:modified_time\" content=\"2025-09-17T16:44:53+00:00\" \/>\n<meta property=\"og:image\" content=\"https:\/\/skaitytaknyga.lt\/wp-content\/uploads\/2025\/07\/Krikscionybes-Lietuvoje-istorija.webp\" \/>\n\t<meta property=\"og:image:width\" content=\"517\" \/>\n\t<meta property=\"og:image:height\" content=\"801\" \/>\n\t<meta property=\"og:image:type\" content=\"image\/webp\" \/>\n<meta name=\"twitter:card\" content=\"summary_large_image\" \/>\n<script type=\"application\/ld+json\" class=\"yoast-schema-graph\">{\"@context\":\"https:\\\/\\\/schema.org\",\"@graph\":[{\"@type\":\"WebPage\",\"@id\":\"https:\\\/\\\/skaitytaknyga.lt\\\/produktas\\\/krikscionybes-lietuvoje-istorija\\\/\",\"url\":\"https:\\\/\\\/skaitytaknyga.lt\\\/produktas\\\/krikscionybes-lietuvoje-istorija\\\/\",\"name\":\"Krik\u0161\u010dionyb\u0117s Lietuvoje istorija\",\"isPartOf\":{\"@id\":\"https:\\\/\\\/skaitytaknyga.lt\\\/#website\"},\"primaryImageOfPage\":{\"@id\":\"https:\\\/\\\/skaitytaknyga.lt\\\/produktas\\\/krikscionybes-lietuvoje-istorija\\\/#primaryimage\"},\"image\":{\"@id\":\"https:\\\/\\\/skaitytaknyga.lt\\\/produktas\\\/krikscionybes-lietuvoje-istorija\\\/#primaryimage\"},\"thumbnailUrl\":\"https:\\\/\\\/skaitytaknyga.lt\\\/wp-content\\\/uploads\\\/2025\\\/07\\\/Krikscionybes-Lietuvoje-istorija.webp\",\"datePublished\":\"2025-07-02T12:45:24+00:00\",\"dateModified\":\"2025-09-17T16:44:53+00:00\",\"description\":\"\u0160i knyga \u2013 t\u016bkstantmet\u0117s krik\u0161\u010dionyb\u0117s Lietuvoje istorija. Jos ribos \u2013 nuo \u0161v. Brunono Kverfurtie\u010dio misijos 1009 m. iki Lietuvos Respublikos ir \u0160ventojo\",\"breadcrumb\":{\"@id\":\"https:\\\/\\\/skaitytaknyga.lt\\\/produktas\\\/krikscionybes-lietuvoje-istorija\\\/#breadcrumb\"},\"inLanguage\":\"en-GB\",\"potentialAction\":[{\"@type\":\"ReadAction\",\"target\":[\"https:\\\/\\\/skaitytaknyga.lt\\\/produktas\\\/krikscionybes-lietuvoje-istorija\\\/\"]}]},{\"@type\":\"ImageObject\",\"inLanguage\":\"en-GB\",\"@id\":\"https:\\\/\\\/skaitytaknyga.lt\\\/produktas\\\/krikscionybes-lietuvoje-istorija\\\/#primaryimage\",\"url\":\"https:\\\/\\\/skaitytaknyga.lt\\\/wp-content\\\/uploads\\\/2025\\\/07\\\/Krikscionybes-Lietuvoje-istorija.webp\",\"contentUrl\":\"https:\\\/\\\/skaitytaknyga.lt\\\/wp-content\\\/uploads\\\/2025\\\/07\\\/Krikscionybes-Lietuvoje-istorija.webp\",\"width\":517,\"height\":801,\"caption\":\"Krik\u0161\u010dionyb\u0117s Lietuvoje istorija\"},{\"@type\":\"BreadcrumbList\",\"@id\":\"https:\\\/\\\/skaitytaknyga.lt\\\/produktas\\\/krikscionybes-lietuvoje-istorija\\\/#breadcrumb\",\"itemListElement\":[{\"@type\":\"ListItem\",\"position\":1,\"name\":\"Home\",\"item\":\"https:\\\/\\\/skaitytaknyga.lt\\\/\"},{\"@type\":\"ListItem\",\"position\":2,\"name\":\"Parduotuv\u0117\",\"item\":\"https:\\\/\\\/skaitytaknyga.lt\\\/knygu-parduotuve\\\/\"},{\"@type\":\"ListItem\",\"position\":3,\"name\":\"Krik\u0161\u010dionyb\u0117s Lietuvoje istorija\"}]},{\"@type\":\"WebSite\",\"@id\":\"https:\\\/\\\/skaitytaknyga.lt\\\/#website\",\"url\":\"https:\\\/\\\/skaitytaknyga.lt\\\/\",\"name\":\"skaitytaknyga.lt\",\"description\":\"Skaitytaknyga.lt \u2013 tai ma\u017eas \u0161eimos verslas, kuris prasid\u0117jo nuo meil\u0117s knygoms ir siekio i\u0161gelb\u0117ti knygas nuo likimo prie konteinerio. Kas vienam nereikalingas daiktas \u2013 kitam lobis, o mes esame tarpininkai, kurie padeda abiems tapti laimingesniems ???? \u017dinome kaip nelengva i\u0161gyventi ma\u017eiems verslams, tad nuo \u0161iol, \u010dia rasite ir kit\u0173, ma\u017e\u0173 \u0161eim\u0173 versl\u0173, rank\u0173 darbo, dovan\u0173 sau ir artimiesiems.\",\"publisher\":{\"@id\":\"https:\\\/\\\/skaitytaknyga.lt\\\/#organization\"},\"potentialAction\":[{\"@type\":\"SearchAction\",\"target\":{\"@type\":\"EntryPoint\",\"urlTemplate\":\"https:\\\/\\\/skaitytaknyga.lt\\\/?s={search_term_string}\"},\"query-input\":{\"@type\":\"PropertyValueSpecification\",\"valueRequired\":true,\"valueName\":\"search_term_string\"}}],\"inLanguage\":\"en-GB\"},{\"@type\":\"Organization\",\"@id\":\"https:\\\/\\\/skaitytaknyga.lt\\\/#organization\",\"name\":\"skaitytaknyga.lt\",\"url\":\"https:\\\/\\\/skaitytaknyga.lt\\\/\",\"logo\":{\"@type\":\"ImageObject\",\"inLanguage\":\"en-GB\",\"@id\":\"https:\\\/\\\/skaitytaknyga.lt\\\/#\\\/schema\\\/logo\\\/image\\\/\",\"url\":\"https:\\\/\\\/skaitytaknyga.lt\\\/wp-content\\\/uploads\\\/2024\\\/05\\\/cropped-cropped-cropped-02_00843_jt3bggkj1j3HLc7SyY6rEUpg.jpeg\",\"contentUrl\":\"https:\\\/\\\/skaitytaknyga.lt\\\/wp-content\\\/uploads\\\/2024\\\/05\\\/cropped-cropped-cropped-02_00843_jt3bggkj1j3HLc7SyY6rEUpg.jpeg\",\"width\":1600,\"height\":1600,\"caption\":\"skaitytaknyga.lt\"},\"image\":{\"@id\":\"https:\\\/\\\/skaitytaknyga.lt\\\/#\\\/schema\\\/logo\\\/image\\\/\"},\"sameAs\":[\"https:\\\/\\\/www.facebook.com\\\/skaitytaknyga\\\/\"]}]}<\/script>\n<!-- \/ Yoast SEO plugin. -->","yoast_head_json":{"title":"Krik\u0161\u010dionyb\u0117s Lietuvoje istorija","description":"\u0160i knyga \u2013 t\u016bkstantmet\u0117s krik\u0161\u010dionyb\u0117s Lietuvoje istorija. Jos ribos \u2013 nuo \u0161v. Brunono Kverfurtie\u010dio misijos 1009 m. iki Lietuvos Respublikos ir \u0160ventojo","robots":{"index":"index","follow":"follow","max-snippet":"max-snippet:-1","max-image-preview":"max-image-preview:large","max-video-preview":"max-video-preview:-1"},"canonical":"https:\/\/skaitytaknyga.lt\/en\/produktas\/krikscionybes-lietuvoje-istorija\/","og_locale":"en_GB","og_type":"article","og_title":"[:lt]Krik\u0161\u010dionyb\u0117s Lietuvoje istorija[:] - Skaitytaknyga","og_description":"\u0160i knyga \u2013 t\u016bkstantmet\u0117s krik\u0161\u010dionyb\u0117s Lietuvoje istorija. Jos ribos \u2013 nuo \u0161v. Brunono Kverfurtie\u010dio misijos 1009 m. iki Lietuvos Respublikos ir \u0160ventojo","og_url":"https:\/\/skaitytaknyga.lt\/en\/produktas\/krikscionybes-lietuvoje-istorija\/","og_site_name":"Skaitytaknyga","article_publisher":"https:\/\/www.facebook.com\/skaitytaknyga\/","article_modified_time":"2025-09-17T16:44:53+00:00","og_image":[{"width":517,"height":801,"url":"https:\/\/skaitytaknyga.lt\/wp-content\/uploads\/2025\/07\/Krikscionybes-Lietuvoje-istorija.webp","type":"image\/webp"}],"twitter_card":"summary_large_image","schema":{"@context":"https:\/\/schema.org","@graph":[{"@type":"WebPage","@id":"https:\/\/skaitytaknyga.lt\/produktas\/krikscionybes-lietuvoje-istorija\/","url":"https:\/\/skaitytaknyga.lt\/produktas\/krikscionybes-lietuvoje-istorija\/","name":"Krik\u0161\u010dionyb\u0117s Lietuvoje istorija","isPartOf":{"@id":"https:\/\/skaitytaknyga.lt\/#website"},"primaryImageOfPage":{"@id":"https:\/\/skaitytaknyga.lt\/produktas\/krikscionybes-lietuvoje-istorija\/#primaryimage"},"image":{"@id":"https:\/\/skaitytaknyga.lt\/produktas\/krikscionybes-lietuvoje-istorija\/#primaryimage"},"thumbnailUrl":"https:\/\/skaitytaknyga.lt\/wp-content\/uploads\/2025\/07\/Krikscionybes-Lietuvoje-istorija.webp","datePublished":"2025-07-02T12:45:24+00:00","dateModified":"2025-09-17T16:44:53+00:00","description":"\u0160i knyga \u2013 t\u016bkstantmet\u0117s krik\u0161\u010dionyb\u0117s Lietuvoje istorija. Jos ribos \u2013 nuo \u0161v. Brunono Kverfurtie\u010dio misijos 1009 m. iki Lietuvos Respublikos ir \u0160ventojo","breadcrumb":{"@id":"https:\/\/skaitytaknyga.lt\/produktas\/krikscionybes-lietuvoje-istorija\/#breadcrumb"},"inLanguage":"en-GB","potentialAction":[{"@type":"ReadAction","target":["https:\/\/skaitytaknyga.lt\/produktas\/krikscionybes-lietuvoje-istorija\/"]}]},{"@type":"ImageObject","inLanguage":"en-GB","@id":"https:\/\/skaitytaknyga.lt\/produktas\/krikscionybes-lietuvoje-istorija\/#primaryimage","url":"https:\/\/skaitytaknyga.lt\/wp-content\/uploads\/2025\/07\/Krikscionybes-Lietuvoje-istorija.webp","contentUrl":"https:\/\/skaitytaknyga.lt\/wp-content\/uploads\/2025\/07\/Krikscionybes-Lietuvoje-istorija.webp","width":517,"height":801,"caption":"Krik\u0161\u010dionyb\u0117s Lietuvoje istorija"},{"@type":"BreadcrumbList","@id":"https:\/\/skaitytaknyga.lt\/produktas\/krikscionybes-lietuvoje-istorija\/#breadcrumb","itemListElement":[{"@type":"ListItem","position":1,"name":"Home","item":"https:\/\/skaitytaknyga.lt\/"},{"@type":"ListItem","position":2,"name":"Parduotuv\u0117","item":"https:\/\/skaitytaknyga.lt\/knygu-parduotuve\/"},{"@type":"ListItem","position":3,"name":"Krik\u0161\u010dionyb\u0117s Lietuvoje istorija"}]},{"@type":"WebSite","@id":"https:\/\/skaitytaknyga.lt\/#website","url":"https:\/\/skaitytaknyga.lt\/","name":"skaitytaknyga.lt","description":"Skaitytaknyga.lt \u2013 tai ma\u017eas \u0161eimos verslas, kuris prasid\u0117jo nuo meil\u0117s knygoms ir siekio i\u0161gelb\u0117ti knygas nuo likimo prie konteinerio. Kas vienam nereikalingas daiktas \u2013 kitam lobis, o mes esame tarpininkai, kurie padeda abiems tapti laimingesniems ???? \u017dinome kaip nelengva i\u0161gyventi ma\u017eiems verslams, tad nuo \u0161iol, \u010dia rasite ir kit\u0173, ma\u017e\u0173 \u0161eim\u0173 versl\u0173, rank\u0173 darbo, dovan\u0173 sau ir artimiesiems.","publisher":{"@id":"https:\/\/skaitytaknyga.lt\/#organization"},"potentialAction":[{"@type":"SearchAction","target":{"@type":"EntryPoint","urlTemplate":"https:\/\/skaitytaknyga.lt\/?s={search_term_string}"},"query-input":{"@type":"PropertyValueSpecification","valueRequired":true,"valueName":"search_term_string"}}],"inLanguage":"en-GB"},{"@type":"Organization","@id":"https:\/\/skaitytaknyga.lt\/#organization","name":"skaitytaknyga.lt","url":"https:\/\/skaitytaknyga.lt\/","logo":{"@type":"ImageObject","inLanguage":"en-GB","@id":"https:\/\/skaitytaknyga.lt\/#\/schema\/logo\/image\/","url":"https:\/\/skaitytaknyga.lt\/wp-content\/uploads\/2024\/05\/cropped-cropped-cropped-02_00843_jt3bggkj1j3HLc7SyY6rEUpg.jpeg","contentUrl":"https:\/\/skaitytaknyga.lt\/wp-content\/uploads\/2024\/05\/cropped-cropped-cropped-02_00843_jt3bggkj1j3HLc7SyY6rEUpg.jpeg","width":1600,"height":1600,"caption":"skaitytaknyga.lt"},"image":{"@id":"https:\/\/skaitytaknyga.lt\/#\/schema\/logo\/image\/"},"sameAs":["https:\/\/www.facebook.com\/skaitytaknyga\/"]}]}},"_links":{"self":[{"href":"https:\/\/skaitytaknyga.lt\/en\/wp-json\/wp\/v2\/product\/19178","targetHints":{"allow":["GET"]}}],"collection":[{"href":"https:\/\/skaitytaknyga.lt\/en\/wp-json\/wp\/v2\/product"}],"about":[{"href":"https:\/\/skaitytaknyga.lt\/en\/wp-json\/wp\/v2\/types\/product"}],"replies":[{"embeddable":true,"href":"https:\/\/skaitytaknyga.lt\/en\/wp-json\/wp\/v2\/comments?post=19178"}],"wp:featuredmedia":[{"embeddable":true,"href":"https:\/\/skaitytaknyga.lt\/en\/wp-json\/wp\/v2\/media\/19180"}],"wp:attachment":[{"href":"https:\/\/skaitytaknyga.lt\/en\/wp-json\/wp\/v2\/media?parent=19178"}],"wp:term":[{"taxonomy":"product_brand","embeddable":true,"href":"https:\/\/skaitytaknyga.lt\/en\/wp-json\/wp\/v2\/product_brand?post=19178"},{"taxonomy":"product_cat","embeddable":true,"href":"https:\/\/skaitytaknyga.lt\/en\/wp-json\/wp\/v2\/product_cat?post=19178"},{"taxonomy":"product_tag","embeddable":true,"href":"https:\/\/skaitytaknyga.lt\/en\/wp-json\/wp\/v2\/product_tag?post=19178"}],"curies":[{"name":"wp","href":"https:\/\/api.w.org\/{rel}","templated":true}]}}