{"id":19176,"date":"2025-07-02T15:45:23","date_gmt":"2025-07-02T12:45:23","guid":{"rendered":"https:\/\/skaitytaknyga.lt\/?post_type=product&#038;p=19176"},"modified":"2025-09-28T20:59:56","modified_gmt":"2025-09-28T17:59:56","slug":"hete-bi-stebuklingu-butybiu-gydytoja","status":"publish","type":"product","link":"https:\/\/skaitytaknyga.lt\/en\/produktas\/hete-bi-stebuklingu-butybiu-gydytoja\/","title":{"rendered":"Het\u0117 Bi &#8211; stebukling\u0173 b\u016btybi\u0173 gydytoja"},"content":{"rendered":"<p>Kart\u0105 mergait\u0117, vardu Hariet\u0117, paklaus\u0117 savo mamos: o kas gydo f\u0117jas ir undines, kai jos suserga? Jos mama Linds\u0117 Teilor su drauge Siuzana Smit ilgai galvojo, kol suprato \u2013 ogi stebukling\u0173 b\u016btybi\u0173 gydytojai! Sutikusios ra\u0161ytoj\u0105 Kler\u0119 Beiker ir pasivadinusios Klere Teilor-Smit jos visos kartu ir suk\u016br\u0117 Pasak\u0117nijos karalyst\u0119.<br \/>\n\u017denk \u012f j\u0105.<br \/>\nNes ten \u2013 ma\u017eoji Het\u0117 Bi, kuri kaip tik ir r\u016bpinasi drakonais, vienaragiais, undin\u0117mis \u2013 ir f\u0117jomis. Klastingasis kip\u0161\u0173 karalius Karigeidis suk\u0117l\u0117 audr\u0105 ir ledo gabal\u0117lis sudrask\u0117 f\u0117jos sparnel\u012f. Dar blogiau \u2013 bjaurusis karalius pagrob\u0117 ir f\u0117jos galias! Kaip Hetei sutvarkyti sparnel\u012f ir gr\u0105\u017einti f\u0117jai stebuklingus geb\u0117jimus? Jai teks leistis \u012f pavojing\u0105 \u017eyg\u012f&#8230;<\/p>\n<p>Jei tau patinka f\u0117jos, jei m\u0117gsti nuotykius ir svajoji apie stebukling\u0105 \u0161al\u012f, kurioje gali b\u016bti reikalinga, \u2013 keliauk \u012f pasaki\u0161k\u0173 b\u016btybi\u0173 pasaul\u012f kartu su Hete!<\/p>\n","protected":false},"excerpt":{"rendered":"<p>Kart\u0105 mergait\u0117, vardu Hariet\u0117, paklaus\u0117 savo mamos: o kas gydo f\u0117jas ir undines, kai jos suserga? Jos mama Linds\u0117 Teilor su drauge Siuzana Smit ilgai galvojo, kol suprato \u2013 ogi stebukling\u0173 b\u016btybi\u0173 gydytojai! Sutikusios ra\u0161ytoj\u0105 Kler\u0119 Beiker ir pasivadinusios Klere Teilor-Smit jos visos kartu ir suk\u016br\u0117 Pasak\u0117nijos karalyst\u0119. \u017denk \u012f j\u0105. Nes ten \u2013 ma\u017eoji Het\u0117 Bi, kuri kaip tik ir r\u016bpinasi drakonais, vienaragiais, undin\u0117mis \u2013 ir f\u0117jomis. Klastingasis kip\u0161\u0173 karalius Karigeidis suk\u0117l\u0117 audr\u0105 ir ledo gabal\u0117lis sudrask\u0117 f\u0117jos sparnel\u012f. Dar blogiau \u2013 bjaurusis karalius pagrob\u0117 ir f\u0117jos galias! Kaip Hetei sutvarkyti sparnel\u012f ir gr\u0105\u017einti f\u0117jai stebuklingus geb\u0117jimus? Jai teks leistis \u012f pavojing\u0105 \u017eyg\u012f&#8230; Jei tau patinka f\u0117jos, jei m\u0117gsti nuotykius ir svajoji apie stebukling\u0105 \u0161al\u012f, kurioje gali b\u016bti reikalinga, \u2013 keliauk \u012f pasaki\u0161k\u0173 b\u016btybi\u0173 pasaul\u012f kartu su Hete!<\/p>\n","protected":false},"featured_media":19179,"comment_status":"open","ping_status":"closed","template":"","meta":{"_acf_changed":false,"site-sidebar-layout":"default","site-content-layout":"","ast-site-content-layout":"default","site-content-style":"default","site-sidebar-style":"default","ast-global-header-display":"","ast-banner-title-visibility":"","ast-main-header-display":"","ast-hfb-above-header-display":"","ast-hfb-below-header-display":"","ast-hfb-mobile-header-display":"","site-post-title":"","ast-breadcrumbs-content":"","ast-featured-img":"","footer-sml-layout":"","ast-disable-related-posts":"","theme-transparent-header-meta":"","adv-header-id-meta":"","stick-header-meta":"","header-above-stick-meta":"","header-main-stick-meta":"","header-below-stick-meta":"","astra-migrate-meta-layouts":"default","ast-page-background-enabled":"default","ast-page-background-meta":{"desktop":{"background-color":"","background-image":"","background-repeat":"repeat","background-position":"center center","background-size":"auto","background-attachment":"scroll","background-type":"","background-media":"","overlay-type":"","overlay-color":"","overlay-opacity":"","overlay-gradient":""},"tablet":{"background-color":"","background-image":"","background-repeat":"repeat","background-position":"center center","background-size":"auto","background-attachment":"scroll","background-type":"","background-media":"","overlay-type":"","overlay-color":"","overlay-opacity":"","overlay-gradient":""},"mobile":{"background-color":"","background-image":"","background-repeat":"repeat","background-position":"center center","background-size":"auto","background-attachment":"scroll","background-type":"","background-media":"","overlay-type":"","overlay-color":"","overlay-opacity":"","overlay-gradient":""}},"ast-content-background-meta":{"desktop":{"background-color":"var(--ast-global-color-4)","background-image":"","background-repeat":"repeat","background-position":"center center","background-size":"auto","background-attachment":"scroll","background-type":"","background-media":"","overlay-type":"","overlay-color":"","overlay-opacity":"","overlay-gradient":""},"tablet":{"background-color":"var(--ast-global-color-4)","background-image":"","background-repeat":"repeat","background-position":"center center","background-size":"auto","background-attachment":"scroll","background-type":"","background-media":"","overlay-type":"","overlay-color":"","overlay-opacity":"","overlay-gradient":""},"mobile":{"background-color":"var(--ast-global-color-4)","background-image":"","background-repeat":"repeat","background-position":"center center","background-size":"auto","background-attachment":"scroll","background-type":"","background-media":"","overlay-type":"","overlay-color":"","overlay-opacity":"","overlay-gradient":""}}},"product_brand":[],"product_cat":[15],"product_tag":[],"class_list":{"0":"post-19176","1":"product","2":"type-product","3":"status-publish","4":"has-post-thumbnail","6":"product_cat-uncategorized","7":"desktop-align-left","8":"tablet-align-left","9":"mobile-align-left","11":"first","12":"outofstock","13":"shipping-taxable","14":"purchasable","15":"product-type-simple"},"acf":[],"yoast_head":"<!-- This site is optimized with the Yoast SEO plugin v27.4 - https:\/\/yoast.com\/product\/yoast-seo-wordpress\/ -->\n<title>Het\u0117 Bi - stebukling\u0173 b\u016btybi\u0173 gydytoja<\/title>\n<meta name=\"description\" content=\"Kart\u0105 mergait\u0117, vardu Hariet\u0117, paklaus\u0117 savo mamos: o kas gydo f\u0117jas ir undines, kai jos suserga? Jos mama Linds\u0117 Teilor su drauge Siuzana Smit ilgai\" \/>\n<meta name=\"robots\" content=\"index, follow, max-snippet:-1, max-image-preview:large, max-video-preview:-1\" \/>\n<link rel=\"canonical\" href=\"https:\/\/skaitytaknyga.lt\/en\/produktas\/hete-bi-stebuklingu-butybiu-gydytoja\/\" \/>\n<meta property=\"og:locale\" content=\"en_GB\" \/>\n<meta property=\"og:locale:alternate\" content=\"lt_LT\" \/>\n<meta property=\"og:type\" content=\"article\" \/>\n<meta property=\"og:title\" content=\"Het\u0117 Bi - stebukling\u0173 b\u016btybi\u0173 gydytoja\" \/>\n<meta property=\"og:description\" content=\"Kart\u0105 mergait\u0117, vardu Hariet\u0117, paklaus\u0117 savo mamos: o kas gydo f\u0117jas ir undines, kai jos suserga? Jos mama Linds\u0117 Teilor su drauge Siuzana Smit ilgai\" \/>\n<meta property=\"og:url\" content=\"https:\/\/skaitytaknyga.lt\/en\/produktas\/hete-bi-stebuklingu-butybiu-gydytoja\/\" \/>\n<meta property=\"og:site_name\" content=\"Skaitytaknyga\" \/>\n<meta property=\"article:publisher\" content=\"https:\/\/www.facebook.com\/skaitytaknyga\/\" \/>\n<meta property=\"article:modified_time\" content=\"2025-09-28T17:59:56+00:00\" \/>\n<meta property=\"og:image\" content=\"https:\/\/skaitytaknyga.lt\/wp-content\/uploads\/2025\/07\/Hete-Bi-stebuklingu-butybiu-gydytoja.jpg\" \/>\n\t<meta property=\"og:image:width\" content=\"292\" \/>\n\t<meta property=\"og:image:height\" content=\"450\" \/>\n\t<meta property=\"og:image:type\" content=\"image\/jpeg\" \/>\n<meta name=\"twitter:card\" content=\"summary_large_image\" \/>\n<meta name=\"twitter:label1\" content=\"Estimated reading time\" \/>\n\t<meta name=\"twitter:data1\" content=\"1 minute\" \/>\n<script type=\"application\/ld+json\" class=\"yoast-schema-graph\">{\"@context\":\"https:\\\/\\\/schema.org\",\"@graph\":[{\"@type\":\"WebPage\",\"@id\":\"https:\\\/\\\/skaitytaknyga.lt\\\/produktas\\\/hete-bi-stebuklingu-butybiu-gydytoja\\\/\",\"url\":\"https:\\\/\\\/skaitytaknyga.lt\\\/produktas\\\/hete-bi-stebuklingu-butybiu-gydytoja\\\/\",\"name\":\"Het\u0117 Bi - stebukling\u0173 b\u016btybi\u0173 gydytoja\",\"isPartOf\":{\"@id\":\"https:\\\/\\\/skaitytaknyga.lt\\\/#website\"},\"primaryImageOfPage\":{\"@id\":\"https:\\\/\\\/skaitytaknyga.lt\\\/produktas\\\/hete-bi-stebuklingu-butybiu-gydytoja\\\/#primaryimage\"},\"image\":{\"@id\":\"https:\\\/\\\/skaitytaknyga.lt\\\/produktas\\\/hete-bi-stebuklingu-butybiu-gydytoja\\\/#primaryimage\"},\"thumbnailUrl\":\"https:\\\/\\\/skaitytaknyga.lt\\\/wp-content\\\/uploads\\\/2025\\\/07\\\/Hete-Bi-stebuklingu-butybiu-gydytoja.jpg\",\"datePublished\":\"2025-07-02T12:45:23+00:00\",\"dateModified\":\"2025-09-28T17:59:56+00:00\",\"description\":\"Kart\u0105 mergait\u0117, vardu Hariet\u0117, paklaus\u0117 savo mamos: o kas gydo f\u0117jas ir undines, kai jos suserga? Jos mama Linds\u0117 Teilor su drauge Siuzana Smit ilgai\",\"breadcrumb\":{\"@id\":\"https:\\\/\\\/skaitytaknyga.lt\\\/produktas\\\/hete-bi-stebuklingu-butybiu-gydytoja\\\/#breadcrumb\"},\"inLanguage\":\"en-GB\",\"potentialAction\":[{\"@type\":\"ReadAction\",\"target\":[\"https:\\\/\\\/skaitytaknyga.lt\\\/produktas\\\/hete-bi-stebuklingu-butybiu-gydytoja\\\/\"]}]},{\"@type\":\"ImageObject\",\"inLanguage\":\"en-GB\",\"@id\":\"https:\\\/\\\/skaitytaknyga.lt\\\/produktas\\\/hete-bi-stebuklingu-butybiu-gydytoja\\\/#primaryimage\",\"url\":\"https:\\\/\\\/skaitytaknyga.lt\\\/wp-content\\\/uploads\\\/2025\\\/07\\\/Hete-Bi-stebuklingu-butybiu-gydytoja.jpg\",\"contentUrl\":\"https:\\\/\\\/skaitytaknyga.lt\\\/wp-content\\\/uploads\\\/2025\\\/07\\\/Hete-Bi-stebuklingu-butybiu-gydytoja.jpg\",\"width\":292,\"height\":450},{\"@type\":\"BreadcrumbList\",\"@id\":\"https:\\\/\\\/skaitytaknyga.lt\\\/produktas\\\/hete-bi-stebuklingu-butybiu-gydytoja\\\/#breadcrumb\",\"itemListElement\":[{\"@type\":\"ListItem\",\"position\":1,\"name\":\"Home\",\"item\":\"https:\\\/\\\/skaitytaknyga.lt\\\/\"},{\"@type\":\"ListItem\",\"position\":2,\"name\":\"Parduotuv\u0117\",\"item\":\"https:\\\/\\\/skaitytaknyga.lt\\\/knygu-parduotuve\\\/\"},{\"@type\":\"ListItem\",\"position\":3,\"name\":\"Het\u0117 Bi &#8211; stebukling\u0173 b\u016btybi\u0173 gydytoja\"}]},{\"@type\":\"WebSite\",\"@id\":\"https:\\\/\\\/skaitytaknyga.lt\\\/#website\",\"url\":\"https:\\\/\\\/skaitytaknyga.lt\\\/\",\"name\":\"skaitytaknyga.lt\",\"description\":\"Skaitytaknyga.lt \u2013 tai ma\u017eas \u0161eimos verslas, kuris prasid\u0117jo nuo meil\u0117s knygoms ir siekio i\u0161gelb\u0117ti knygas nuo likimo prie konteinerio. Kas vienam nereikalingas daiktas \u2013 kitam lobis, o mes esame tarpininkai, kurie padeda abiems tapti laimingesniems ???? \u017dinome kaip nelengva i\u0161gyventi ma\u017eiems verslams, tad nuo \u0161iol, \u010dia rasite ir kit\u0173, ma\u017e\u0173 \u0161eim\u0173 versl\u0173, rank\u0173 darbo, dovan\u0173 sau ir artimiesiems.\",\"publisher\":{\"@id\":\"https:\\\/\\\/skaitytaknyga.lt\\\/#organization\"},\"potentialAction\":[{\"@type\":\"SearchAction\",\"target\":{\"@type\":\"EntryPoint\",\"urlTemplate\":\"https:\\\/\\\/skaitytaknyga.lt\\\/?s={search_term_string}\"},\"query-input\":{\"@type\":\"PropertyValueSpecification\",\"valueRequired\":true,\"valueName\":\"search_term_string\"}}],\"inLanguage\":\"en-GB\"},{\"@type\":\"Organization\",\"@id\":\"https:\\\/\\\/skaitytaknyga.lt\\\/#organization\",\"name\":\"skaitytaknyga.lt\",\"url\":\"https:\\\/\\\/skaitytaknyga.lt\\\/\",\"logo\":{\"@type\":\"ImageObject\",\"inLanguage\":\"en-GB\",\"@id\":\"https:\\\/\\\/skaitytaknyga.lt\\\/#\\\/schema\\\/logo\\\/image\\\/\",\"url\":\"https:\\\/\\\/skaitytaknyga.lt\\\/wp-content\\\/uploads\\\/2024\\\/05\\\/cropped-cropped-cropped-02_00843_jt3bggkj1j3HLc7SyY6rEUpg.jpeg\",\"contentUrl\":\"https:\\\/\\\/skaitytaknyga.lt\\\/wp-content\\\/uploads\\\/2024\\\/05\\\/cropped-cropped-cropped-02_00843_jt3bggkj1j3HLc7SyY6rEUpg.jpeg\",\"width\":1600,\"height\":1600,\"caption\":\"skaitytaknyga.lt\"},\"image\":{\"@id\":\"https:\\\/\\\/skaitytaknyga.lt\\\/#\\\/schema\\\/logo\\\/image\\\/\"},\"sameAs\":[\"https:\\\/\\\/www.facebook.com\\\/skaitytaknyga\\\/\"]}]}<\/script>\n<!-- \/ Yoast SEO plugin. -->","yoast_head_json":{"title":"Het\u0117 Bi - stebukling\u0173 b\u016btybi\u0173 gydytoja","description":"Kart\u0105 mergait\u0117, vardu Hariet\u0117, paklaus\u0117 savo mamos: o kas gydo f\u0117jas ir undines, kai jos suserga? Jos mama Linds\u0117 Teilor su drauge Siuzana Smit ilgai","robots":{"index":"index","follow":"follow","max-snippet":"max-snippet:-1","max-image-preview":"max-image-preview:large","max-video-preview":"max-video-preview:-1"},"canonical":"https:\/\/skaitytaknyga.lt\/en\/produktas\/hete-bi-stebuklingu-butybiu-gydytoja\/","og_locale":"en_GB","og_type":"article","og_title":"[:lt]Het\u0117 Bi - stebukling\u0173 b\u016btybi\u0173 gydytoja[:] - Skaitytaknyga","og_description":"Kart\u0105 mergait\u0117, vardu Hariet\u0117, paklaus\u0117 savo mamos: o kas gydo f\u0117jas ir undines, kai jos suserga? Jos mama Linds\u0117 Teilor su drauge Siuzana Smit ilgai","og_url":"https:\/\/skaitytaknyga.lt\/en\/produktas\/hete-bi-stebuklingu-butybiu-gydytoja\/","og_site_name":"Skaitytaknyga","article_publisher":"https:\/\/www.facebook.com\/skaitytaknyga\/","article_modified_time":"2025-09-28T17:59:56+00:00","og_image":[{"width":292,"height":450,"url":"https:\/\/skaitytaknyga.lt\/wp-content\/uploads\/2025\/07\/Hete-Bi-stebuklingu-butybiu-gydytoja.jpg","type":"image\/jpeg"}],"twitter_card":"summary_large_image","twitter_misc":{"Estimated reading time":"1 minute"},"schema":{"@context":"https:\/\/schema.org","@graph":[{"@type":"WebPage","@id":"https:\/\/skaitytaknyga.lt\/produktas\/hete-bi-stebuklingu-butybiu-gydytoja\/","url":"https:\/\/skaitytaknyga.lt\/produktas\/hete-bi-stebuklingu-butybiu-gydytoja\/","name":"Het\u0117 Bi - stebukling\u0173 b\u016btybi\u0173 gydytoja","isPartOf":{"@id":"https:\/\/skaitytaknyga.lt\/#website"},"primaryImageOfPage":{"@id":"https:\/\/skaitytaknyga.lt\/produktas\/hete-bi-stebuklingu-butybiu-gydytoja\/#primaryimage"},"image":{"@id":"https:\/\/skaitytaknyga.lt\/produktas\/hete-bi-stebuklingu-butybiu-gydytoja\/#primaryimage"},"thumbnailUrl":"https:\/\/skaitytaknyga.lt\/wp-content\/uploads\/2025\/07\/Hete-Bi-stebuklingu-butybiu-gydytoja.jpg","datePublished":"2025-07-02T12:45:23+00:00","dateModified":"2025-09-28T17:59:56+00:00","description":"Kart\u0105 mergait\u0117, vardu Hariet\u0117, paklaus\u0117 savo mamos: o kas gydo f\u0117jas ir undines, kai jos suserga? Jos mama Linds\u0117 Teilor su drauge Siuzana Smit ilgai","breadcrumb":{"@id":"https:\/\/skaitytaknyga.lt\/produktas\/hete-bi-stebuklingu-butybiu-gydytoja\/#breadcrumb"},"inLanguage":"en-GB","potentialAction":[{"@type":"ReadAction","target":["https:\/\/skaitytaknyga.lt\/produktas\/hete-bi-stebuklingu-butybiu-gydytoja\/"]}]},{"@type":"ImageObject","inLanguage":"en-GB","@id":"https:\/\/skaitytaknyga.lt\/produktas\/hete-bi-stebuklingu-butybiu-gydytoja\/#primaryimage","url":"https:\/\/skaitytaknyga.lt\/wp-content\/uploads\/2025\/07\/Hete-Bi-stebuklingu-butybiu-gydytoja.jpg","contentUrl":"https:\/\/skaitytaknyga.lt\/wp-content\/uploads\/2025\/07\/Hete-Bi-stebuklingu-butybiu-gydytoja.jpg","width":292,"height":450},{"@type":"BreadcrumbList","@id":"https:\/\/skaitytaknyga.lt\/produktas\/hete-bi-stebuklingu-butybiu-gydytoja\/#breadcrumb","itemListElement":[{"@type":"ListItem","position":1,"name":"Home","item":"https:\/\/skaitytaknyga.lt\/"},{"@type":"ListItem","position":2,"name":"Parduotuv\u0117","item":"https:\/\/skaitytaknyga.lt\/knygu-parduotuve\/"},{"@type":"ListItem","position":3,"name":"Het\u0117 Bi &#8211; stebukling\u0173 b\u016btybi\u0173 gydytoja"}]},{"@type":"WebSite","@id":"https:\/\/skaitytaknyga.lt\/#website","url":"https:\/\/skaitytaknyga.lt\/","name":"skaitytaknyga.lt","description":"Skaitytaknyga.lt \u2013 tai ma\u017eas \u0161eimos verslas, kuris prasid\u0117jo nuo meil\u0117s knygoms ir siekio i\u0161gelb\u0117ti knygas nuo likimo prie konteinerio. Kas vienam nereikalingas daiktas \u2013 kitam lobis, o mes esame tarpininkai, kurie padeda abiems tapti laimingesniems ???? \u017dinome kaip nelengva i\u0161gyventi ma\u017eiems verslams, tad nuo \u0161iol, \u010dia rasite ir kit\u0173, ma\u017e\u0173 \u0161eim\u0173 versl\u0173, rank\u0173 darbo, dovan\u0173 sau ir artimiesiems.","publisher":{"@id":"https:\/\/skaitytaknyga.lt\/#organization"},"potentialAction":[{"@type":"SearchAction","target":{"@type":"EntryPoint","urlTemplate":"https:\/\/skaitytaknyga.lt\/?s={search_term_string}"},"query-input":{"@type":"PropertyValueSpecification","valueRequired":true,"valueName":"search_term_string"}}],"inLanguage":"en-GB"},{"@type":"Organization","@id":"https:\/\/skaitytaknyga.lt\/#organization","name":"skaitytaknyga.lt","url":"https:\/\/skaitytaknyga.lt\/","logo":{"@type":"ImageObject","inLanguage":"en-GB","@id":"https:\/\/skaitytaknyga.lt\/#\/schema\/logo\/image\/","url":"https:\/\/skaitytaknyga.lt\/wp-content\/uploads\/2024\/05\/cropped-cropped-cropped-02_00843_jt3bggkj1j3HLc7SyY6rEUpg.jpeg","contentUrl":"https:\/\/skaitytaknyga.lt\/wp-content\/uploads\/2024\/05\/cropped-cropped-cropped-02_00843_jt3bggkj1j3HLc7SyY6rEUpg.jpeg","width":1600,"height":1600,"caption":"skaitytaknyga.lt"},"image":{"@id":"https:\/\/skaitytaknyga.lt\/#\/schema\/logo\/image\/"},"sameAs":["https:\/\/www.facebook.com\/skaitytaknyga\/"]}]}},"_links":{"self":[{"href":"https:\/\/skaitytaknyga.lt\/en\/wp-json\/wp\/v2\/product\/19176","targetHints":{"allow":["GET"]}}],"collection":[{"href":"https:\/\/skaitytaknyga.lt\/en\/wp-json\/wp\/v2\/product"}],"about":[{"href":"https:\/\/skaitytaknyga.lt\/en\/wp-json\/wp\/v2\/types\/product"}],"replies":[{"embeddable":true,"href":"https:\/\/skaitytaknyga.lt\/en\/wp-json\/wp\/v2\/comments?post=19176"}],"wp:featuredmedia":[{"embeddable":true,"href":"https:\/\/skaitytaknyga.lt\/en\/wp-json\/wp\/v2\/media\/19179"}],"wp:attachment":[{"href":"https:\/\/skaitytaknyga.lt\/en\/wp-json\/wp\/v2\/media?parent=19176"}],"wp:term":[{"taxonomy":"product_brand","embeddable":true,"href":"https:\/\/skaitytaknyga.lt\/en\/wp-json\/wp\/v2\/product_brand?post=19176"},{"taxonomy":"product_cat","embeddable":true,"href":"https:\/\/skaitytaknyga.lt\/en\/wp-json\/wp\/v2\/product_cat?post=19176"},{"taxonomy":"product_tag","embeddable":true,"href":"https:\/\/skaitytaknyga.lt\/en\/wp-json\/wp\/v2\/product_tag?post=19176"}],"curies":[{"name":"wp","href":"https:\/\/api.w.org\/{rel}","templated":true}]}}