{"id":19171,"date":"2025-07-02T15:38:36","date_gmt":"2025-07-02T12:38:36","guid":{"rendered":"https:\/\/skaitytaknyga.lt\/?post_type=product&#038;p=19171"},"modified":"2025-07-07T09:54:41","modified_gmt":"2025-07-07T06:54:41","slug":"akimirkos-tironija","status":"publish","type":"product","link":"https:\/\/skaitytaknyga.lt\/en\/produktas\/akimirkos-tironija\/","title":{"rendered":"Akimirkos tironija"},"content":{"rendered":"<p>Kas gal\u0117jo tik\u0117tis, kad laik\u0105 taupan\u010dios technologijos, pradedant faksais, elektroniniu pa\u0161tu ir mobiliaisiais telefonais, taps vis didesnio laiko tr\u016bkumo prie\u017eastimi? Dabar, kai 24 valandas per par\u0105 teori\u0161kai esame online, turime kovoti u\u017e teis\u0119 b\u016bti nepasiekiami \u2013 teis\u0119 gyventi ir galvoti l\u0117\u010diau.<\/p>\n<p>T. H. Eriksenas mano, kad pagrindin\u0117 problemos prie\u017eastis \u2013 tai greita pl\u0117tra visko, kas susij\u0119 su bendravimu, pradedant internetu, baigiant oro linijomis. Rezultatas \u2013 potencialiai pra\u017e\u016btingas, nes esama pavojaus, kad gyvenimas Vakar\u0173 visuomen\u0117je gali susiskaidyti \u012f atskirus nesusijusius fragmentus. Thomas Hyllandas Eriksenas \u2013 Oslo universiteto Technologijos, inovacij\u0173 ir kult\u016bros centro socialin\u0117s antropologijos profesorius, daugyb\u0117s knyg\u0173 antropologijos klausimais autorius.<\/p>\n<p>\u201eAkimirkos tironija\u201c \u012frodin\u0117ja, kad l\u0117tas laikas tampa vis didesne prabanga \u0161iame informacijos am\u017eiuje. Tai objektyvus, gausybe pavyzd\u017ei\u0173 paremtas diagnostinis m\u016bs\u0173 skub\u0117jimo eros \u012fvertinimas. Knyga atskleid\u017eia, kaip tokie rei\u0161kiniai kaip muilo operos, korespondencija, jaunimo kult\u016bra, reklama ir \u201elaisvas darbo grafikas\u201c pakl\u016bsta logikai, pagr\u012fstai informacin\u0117mis technologijomis, ir kaip \u0161ie rei\u0161kiniai susij\u0119 su moderniosios visuomen\u0117s istorija. Tuo pa\u010diu atveriami technologijomis pagr\u012fstos \u0161i\u0173 dien\u0173 visuomen\u0117s prie\u0161taravimai.<\/p>\n","protected":false},"excerpt":{"rendered":"<p>Kas gal\u0117jo tik\u0117tis, kad laik\u0105 taupan\u010dios technologijos, pradedant faksais, elektroniniu pa\u0161tu ir mobiliaisiais telefonais, taps vis didesnio laiko tr\u016bkumo prie\u017eastimi? Dabar, kai 24 valandas per par\u0105 teori\u0161kai esame online, turime kovoti u\u017e teis\u0119 b\u016bti nepasiekiami \u2013 teis\u0119 gyventi ir galvoti l\u0117\u010diau. T. H. Eriksenas mano, kad pagrindin\u0117 problemos prie\u017eastis \u2013 tai greita pl\u0117tra visko, kas susij\u0119 su bendravimu, pradedant internetu, baigiant oro linijomis. Rezultatas \u2013 potencialiai pra\u017e\u016btingas, nes esama pavojaus, kad gyvenimas Vakar\u0173 visuomen\u0117je gali susiskaidyti \u012f atskirus nesusijusius fragmentus. Thomas Hyllandas Eriksenas \u2013 Oslo universiteto Technologijos, inovacij\u0173 ir kult\u016bros centro socialin\u0117s antropologijos profesorius, daugyb\u0117s knyg\u0173 antropologijos klausimais autorius. \u201eAkimirkos tironija\u201c \u012frodin\u0117ja, kad l\u0117tas laikas tampa vis didesne prabanga \u0161iame informacijos am\u017eiuje. Tai objektyvus, gausybe pavyzd\u017ei\u0173 paremtas diagnostinis m\u016bs\u0173 skub\u0117jimo eros \u012fvertinimas. Knyga atskleid\u017eia, kaip tokie rei\u0161kiniai kaip muilo operos, korespondencija, jaunimo kult\u016bra, reklama ir \u201elaisvas darbo grafikas\u201c pakl\u016bsta logikai, pagr\u012fstai informacin\u0117mis technologijomis, ir kaip \u0161ie rei\u0161kiniai susij\u0119 su moderniosios visuomen\u0117s istorija. Tuo pa\u010diu atveriami technologijomis pagr\u012fstos \u0161i\u0173 dien\u0173 visuomen\u0117s prie\u0161taravimai.<\/p>\n","protected":false},"featured_media":19174,"comment_status":"open","ping_status":"closed","template":"","meta":{"_acf_changed":false,"site-sidebar-layout":"default","site-content-layout":"","ast-site-content-layout":"default","site-content-style":"default","site-sidebar-style":"default","ast-global-header-display":"","ast-banner-title-visibility":"","ast-main-header-display":"","ast-hfb-above-header-display":"","ast-hfb-below-header-display":"","ast-hfb-mobile-header-display":"","site-post-title":"","ast-breadcrumbs-content":"","ast-featured-img":"","footer-sml-layout":"","ast-disable-related-posts":"","theme-transparent-header-meta":"","adv-header-id-meta":"","stick-header-meta":"","header-above-stick-meta":"","header-main-stick-meta":"","header-below-stick-meta":"","astra-migrate-meta-layouts":"default","ast-page-background-enabled":"default","ast-page-background-meta":{"desktop":{"background-color":"","background-image":"","background-repeat":"repeat","background-position":"center center","background-size":"auto","background-attachment":"scroll","background-type":"","background-media":"","overlay-type":"","overlay-color":"","overlay-opacity":"","overlay-gradient":""},"tablet":{"background-color":"","background-image":"","background-repeat":"repeat","background-position":"center center","background-size":"auto","background-attachment":"scroll","background-type":"","background-media":"","overlay-type":"","overlay-color":"","overlay-opacity":"","overlay-gradient":""},"mobile":{"background-color":"","background-image":"","background-repeat":"repeat","background-position":"center center","background-size":"auto","background-attachment":"scroll","background-type":"","background-media":"","overlay-type":"","overlay-color":"","overlay-opacity":"","overlay-gradient":""}},"ast-content-background-meta":{"desktop":{"background-color":"var(--ast-global-color-4)","background-image":"","background-repeat":"repeat","background-position":"center center","background-size":"auto","background-attachment":"scroll","background-type":"","background-media":"","overlay-type":"","overlay-color":"","overlay-opacity":"","overlay-gradient":""},"tablet":{"background-color":"var(--ast-global-color-4)","background-image":"","background-repeat":"repeat","background-position":"center center","background-size":"auto","background-attachment":"scroll","background-type":"","background-media":"","overlay-type":"","overlay-color":"","overlay-opacity":"","overlay-gradient":""},"mobile":{"background-color":"var(--ast-global-color-4)","background-image":"","background-repeat":"repeat","background-position":"center center","background-size":"auto","background-attachment":"scroll","background-type":"","background-media":"","overlay-type":"","overlay-color":"","overlay-opacity":"","overlay-gradient":""}}},"product_brand":[],"product_cat":[165],"product_tag":[],"class_list":{"0":"post-19171","1":"product","2":"type-product","3":"status-publish","4":"has-post-thumbnail","6":"product_cat-religija-filosofija-ir-ezoterika","7":"desktop-align-left","8":"tablet-align-left","9":"mobile-align-left","11":"first","12":"instock","13":"shipping-taxable","14":"purchasable","15":"product-type-simple"},"acf":[],"yoast_head":"<!-- This site is optimized with the Yoast SEO plugin v27.4 - https:\/\/yoast.com\/product\/yoast-seo-wordpress\/ -->\n<title>Akimirkos tironija<\/title>\n<meta name=\"description\" content=\"Kas gal\u0117jo tik\u0117tis, kad laik\u0105 taupan\u010dios technologijos, pradedant faksais, elektroniniu pa\u0161tu ir mobiliaisiais telefonais, taps vis didesnio laiko tr\u016bkumo\" \/>\n<meta name=\"robots\" content=\"index, follow, max-snippet:-1, max-image-preview:large, max-video-preview:-1\" \/>\n<link rel=\"canonical\" href=\"https:\/\/skaitytaknyga.lt\/en\/produktas\/akimirkos-tironija\/\" \/>\n<meta property=\"og:locale\" content=\"en_GB\" \/>\n<meta property=\"og:locale:alternate\" content=\"lt_LT\" \/>\n<meta property=\"og:type\" content=\"article\" \/>\n<meta property=\"og:title\" content=\"Akimirkos tironija\" \/>\n<meta property=\"og:description\" content=\"Kas gal\u0117jo tik\u0117tis, kad laik\u0105 taupan\u010dios technologijos, pradedant faksais, elektroniniu pa\u0161tu ir mobiliaisiais telefonais, taps vis didesnio laiko tr\u016bkumo\" \/>\n<meta property=\"og:url\" content=\"https:\/\/skaitytaknyga.lt\/en\/produktas\/akimirkos-tironija\/\" \/>\n<meta property=\"og:site_name\" content=\"Skaitytaknyga\" \/>\n<meta property=\"article:publisher\" content=\"https:\/\/www.facebook.com\/skaitytaknyga\/\" \/>\n<meta property=\"article:modified_time\" content=\"2025-07-07T06:54:41+00:00\" \/>\n<meta property=\"og:image\" content=\"https:\/\/skaitytaknyga.lt\/wp-content\/uploads\/2025\/07\/Akimirkos-tironija.webp\" \/>\n\t<meta property=\"og:image:width\" content=\"534\" \/>\n\t<meta property=\"og:image:height\" content=\"800\" \/>\n\t<meta property=\"og:image:type\" content=\"image\/webp\" \/>\n<meta name=\"twitter:card\" content=\"summary_large_image\" \/>\n<meta name=\"twitter:label1\" content=\"Estimated reading time\" \/>\n\t<meta name=\"twitter:data1\" content=\"1 minute\" \/>\n<script type=\"application\/ld+json\" class=\"yoast-schema-graph\">{\"@context\":\"https:\\\/\\\/schema.org\",\"@graph\":[{\"@type\":\"WebPage\",\"@id\":\"https:\\\/\\\/skaitytaknyga.lt\\\/produktas\\\/akimirkos-tironija\\\/\",\"url\":\"https:\\\/\\\/skaitytaknyga.lt\\\/produktas\\\/akimirkos-tironija\\\/\",\"name\":\"Akimirkos tironija\",\"isPartOf\":{\"@id\":\"https:\\\/\\\/skaitytaknyga.lt\\\/#website\"},\"primaryImageOfPage\":{\"@id\":\"https:\\\/\\\/skaitytaknyga.lt\\\/produktas\\\/akimirkos-tironija\\\/#primaryimage\"},\"image\":{\"@id\":\"https:\\\/\\\/skaitytaknyga.lt\\\/produktas\\\/akimirkos-tironija\\\/#primaryimage\"},\"thumbnailUrl\":\"https:\\\/\\\/skaitytaknyga.lt\\\/wp-content\\\/uploads\\\/2025\\\/07\\\/Akimirkos-tironija.webp\",\"datePublished\":\"2025-07-02T12:38:36+00:00\",\"dateModified\":\"2025-07-07T06:54:41+00:00\",\"description\":\"Kas gal\u0117jo tik\u0117tis, kad laik\u0105 taupan\u010dios technologijos, pradedant faksais, elektroniniu pa\u0161tu ir mobiliaisiais telefonais, taps vis didesnio laiko tr\u016bkumo\",\"breadcrumb\":{\"@id\":\"https:\\\/\\\/skaitytaknyga.lt\\\/produktas\\\/akimirkos-tironija\\\/#breadcrumb\"},\"inLanguage\":\"en-GB\",\"potentialAction\":[{\"@type\":\"ReadAction\",\"target\":[\"https:\\\/\\\/skaitytaknyga.lt\\\/produktas\\\/akimirkos-tironija\\\/\"]}]},{\"@type\":\"ImageObject\",\"inLanguage\":\"en-GB\",\"@id\":\"https:\\\/\\\/skaitytaknyga.lt\\\/produktas\\\/akimirkos-tironija\\\/#primaryimage\",\"url\":\"https:\\\/\\\/skaitytaknyga.lt\\\/wp-content\\\/uploads\\\/2025\\\/07\\\/Akimirkos-tironija.webp\",\"contentUrl\":\"https:\\\/\\\/skaitytaknyga.lt\\\/wp-content\\\/uploads\\\/2025\\\/07\\\/Akimirkos-tironija.webp\",\"width\":534,\"height\":800},{\"@type\":\"BreadcrumbList\",\"@id\":\"https:\\\/\\\/skaitytaknyga.lt\\\/produktas\\\/akimirkos-tironija\\\/#breadcrumb\",\"itemListElement\":[{\"@type\":\"ListItem\",\"position\":1,\"name\":\"Home\",\"item\":\"https:\\\/\\\/skaitytaknyga.lt\\\/\"},{\"@type\":\"ListItem\",\"position\":2,\"name\":\"Parduotuv\u0117\",\"item\":\"https:\\\/\\\/skaitytaknyga.lt\\\/knygu-parduotuve\\\/\"},{\"@type\":\"ListItem\",\"position\":3,\"name\":\"Akimirkos tironija\"}]},{\"@type\":\"WebSite\",\"@id\":\"https:\\\/\\\/skaitytaknyga.lt\\\/#website\",\"url\":\"https:\\\/\\\/skaitytaknyga.lt\\\/\",\"name\":\"skaitytaknyga.lt\",\"description\":\"Skaitytaknyga.lt \u2013 tai ma\u017eas \u0161eimos verslas, kuris prasid\u0117jo nuo meil\u0117s knygoms ir siekio i\u0161gelb\u0117ti knygas nuo likimo prie konteinerio. Kas vienam nereikalingas daiktas \u2013 kitam lobis, o mes esame tarpininkai, kurie padeda abiems tapti laimingesniems ???? \u017dinome kaip nelengva i\u0161gyventi ma\u017eiems verslams, tad nuo \u0161iol, \u010dia rasite ir kit\u0173, ma\u017e\u0173 \u0161eim\u0173 versl\u0173, rank\u0173 darbo, dovan\u0173 sau ir artimiesiems.\",\"publisher\":{\"@id\":\"https:\\\/\\\/skaitytaknyga.lt\\\/#organization\"},\"potentialAction\":[{\"@type\":\"SearchAction\",\"target\":{\"@type\":\"EntryPoint\",\"urlTemplate\":\"https:\\\/\\\/skaitytaknyga.lt\\\/?s={search_term_string}\"},\"query-input\":{\"@type\":\"PropertyValueSpecification\",\"valueRequired\":true,\"valueName\":\"search_term_string\"}}],\"inLanguage\":\"en-GB\"},{\"@type\":\"Organization\",\"@id\":\"https:\\\/\\\/skaitytaknyga.lt\\\/#organization\",\"name\":\"skaitytaknyga.lt\",\"url\":\"https:\\\/\\\/skaitytaknyga.lt\\\/\",\"logo\":{\"@type\":\"ImageObject\",\"inLanguage\":\"en-GB\",\"@id\":\"https:\\\/\\\/skaitytaknyga.lt\\\/#\\\/schema\\\/logo\\\/image\\\/\",\"url\":\"https:\\\/\\\/skaitytaknyga.lt\\\/wp-content\\\/uploads\\\/2024\\\/05\\\/cropped-cropped-cropped-02_00843_jt3bggkj1j3HLc7SyY6rEUpg.jpeg\",\"contentUrl\":\"https:\\\/\\\/skaitytaknyga.lt\\\/wp-content\\\/uploads\\\/2024\\\/05\\\/cropped-cropped-cropped-02_00843_jt3bggkj1j3HLc7SyY6rEUpg.jpeg\",\"width\":1600,\"height\":1600,\"caption\":\"skaitytaknyga.lt\"},\"image\":{\"@id\":\"https:\\\/\\\/skaitytaknyga.lt\\\/#\\\/schema\\\/logo\\\/image\\\/\"},\"sameAs\":[\"https:\\\/\\\/www.facebook.com\\\/skaitytaknyga\\\/\"]}]}<\/script>\n<!-- \/ Yoast SEO plugin. -->","yoast_head_json":{"title":"Akimirkos tironija","description":"Kas gal\u0117jo tik\u0117tis, kad laik\u0105 taupan\u010dios technologijos, pradedant faksais, elektroniniu pa\u0161tu ir mobiliaisiais telefonais, taps vis didesnio laiko tr\u016bkumo","robots":{"index":"index","follow":"follow","max-snippet":"max-snippet:-1","max-image-preview":"max-image-preview:large","max-video-preview":"max-video-preview:-1"},"canonical":"https:\/\/skaitytaknyga.lt\/en\/produktas\/akimirkos-tironija\/","og_locale":"en_GB","og_type":"article","og_title":"[:lt]Akimirkos tironija[:] - Skaitytaknyga","og_description":"Kas gal\u0117jo tik\u0117tis, kad laik\u0105 taupan\u010dios technologijos, pradedant faksais, elektroniniu pa\u0161tu ir mobiliaisiais telefonais, taps vis didesnio laiko tr\u016bkumo","og_url":"https:\/\/skaitytaknyga.lt\/en\/produktas\/akimirkos-tironija\/","og_site_name":"Skaitytaknyga","article_publisher":"https:\/\/www.facebook.com\/skaitytaknyga\/","article_modified_time":"2025-07-07T06:54:41+00:00","og_image":[{"width":534,"height":800,"url":"https:\/\/skaitytaknyga.lt\/wp-content\/uploads\/2025\/07\/Akimirkos-tironija.webp","type":"image\/webp"}],"twitter_card":"summary_large_image","twitter_misc":{"Estimated reading time":"1 minute"},"schema":{"@context":"https:\/\/schema.org","@graph":[{"@type":"WebPage","@id":"https:\/\/skaitytaknyga.lt\/produktas\/akimirkos-tironija\/","url":"https:\/\/skaitytaknyga.lt\/produktas\/akimirkos-tironija\/","name":"Akimirkos tironija","isPartOf":{"@id":"https:\/\/skaitytaknyga.lt\/#website"},"primaryImageOfPage":{"@id":"https:\/\/skaitytaknyga.lt\/produktas\/akimirkos-tironija\/#primaryimage"},"image":{"@id":"https:\/\/skaitytaknyga.lt\/produktas\/akimirkos-tironija\/#primaryimage"},"thumbnailUrl":"https:\/\/skaitytaknyga.lt\/wp-content\/uploads\/2025\/07\/Akimirkos-tironija.webp","datePublished":"2025-07-02T12:38:36+00:00","dateModified":"2025-07-07T06:54:41+00:00","description":"Kas gal\u0117jo tik\u0117tis, kad laik\u0105 taupan\u010dios technologijos, pradedant faksais, elektroniniu pa\u0161tu ir mobiliaisiais telefonais, taps vis didesnio laiko tr\u016bkumo","breadcrumb":{"@id":"https:\/\/skaitytaknyga.lt\/produktas\/akimirkos-tironija\/#breadcrumb"},"inLanguage":"en-GB","potentialAction":[{"@type":"ReadAction","target":["https:\/\/skaitytaknyga.lt\/produktas\/akimirkos-tironija\/"]}]},{"@type":"ImageObject","inLanguage":"en-GB","@id":"https:\/\/skaitytaknyga.lt\/produktas\/akimirkos-tironija\/#primaryimage","url":"https:\/\/skaitytaknyga.lt\/wp-content\/uploads\/2025\/07\/Akimirkos-tironija.webp","contentUrl":"https:\/\/skaitytaknyga.lt\/wp-content\/uploads\/2025\/07\/Akimirkos-tironija.webp","width":534,"height":800},{"@type":"BreadcrumbList","@id":"https:\/\/skaitytaknyga.lt\/produktas\/akimirkos-tironija\/#breadcrumb","itemListElement":[{"@type":"ListItem","position":1,"name":"Home","item":"https:\/\/skaitytaknyga.lt\/"},{"@type":"ListItem","position":2,"name":"Parduotuv\u0117","item":"https:\/\/skaitytaknyga.lt\/knygu-parduotuve\/"},{"@type":"ListItem","position":3,"name":"Akimirkos tironija"}]},{"@type":"WebSite","@id":"https:\/\/skaitytaknyga.lt\/#website","url":"https:\/\/skaitytaknyga.lt\/","name":"skaitytaknyga.lt","description":"Skaitytaknyga.lt \u2013 tai ma\u017eas \u0161eimos verslas, kuris prasid\u0117jo nuo meil\u0117s knygoms ir siekio i\u0161gelb\u0117ti knygas nuo likimo prie konteinerio. Kas vienam nereikalingas daiktas \u2013 kitam lobis, o mes esame tarpininkai, kurie padeda abiems tapti laimingesniems ???? \u017dinome kaip nelengva i\u0161gyventi ma\u017eiems verslams, tad nuo \u0161iol, \u010dia rasite ir kit\u0173, ma\u017e\u0173 \u0161eim\u0173 versl\u0173, rank\u0173 darbo, dovan\u0173 sau ir artimiesiems.","publisher":{"@id":"https:\/\/skaitytaknyga.lt\/#organization"},"potentialAction":[{"@type":"SearchAction","target":{"@type":"EntryPoint","urlTemplate":"https:\/\/skaitytaknyga.lt\/?s={search_term_string}"},"query-input":{"@type":"PropertyValueSpecification","valueRequired":true,"valueName":"search_term_string"}}],"inLanguage":"en-GB"},{"@type":"Organization","@id":"https:\/\/skaitytaknyga.lt\/#organization","name":"skaitytaknyga.lt","url":"https:\/\/skaitytaknyga.lt\/","logo":{"@type":"ImageObject","inLanguage":"en-GB","@id":"https:\/\/skaitytaknyga.lt\/#\/schema\/logo\/image\/","url":"https:\/\/skaitytaknyga.lt\/wp-content\/uploads\/2024\/05\/cropped-cropped-cropped-02_00843_jt3bggkj1j3HLc7SyY6rEUpg.jpeg","contentUrl":"https:\/\/skaitytaknyga.lt\/wp-content\/uploads\/2024\/05\/cropped-cropped-cropped-02_00843_jt3bggkj1j3HLc7SyY6rEUpg.jpeg","width":1600,"height":1600,"caption":"skaitytaknyga.lt"},"image":{"@id":"https:\/\/skaitytaknyga.lt\/#\/schema\/logo\/image\/"},"sameAs":["https:\/\/www.facebook.com\/skaitytaknyga\/"]}]}},"_links":{"self":[{"href":"https:\/\/skaitytaknyga.lt\/en\/wp-json\/wp\/v2\/product\/19171","targetHints":{"allow":["GET"]}}],"collection":[{"href":"https:\/\/skaitytaknyga.lt\/en\/wp-json\/wp\/v2\/product"}],"about":[{"href":"https:\/\/skaitytaknyga.lt\/en\/wp-json\/wp\/v2\/types\/product"}],"replies":[{"embeddable":true,"href":"https:\/\/skaitytaknyga.lt\/en\/wp-json\/wp\/v2\/comments?post=19171"}],"wp:featuredmedia":[{"embeddable":true,"href":"https:\/\/skaitytaknyga.lt\/en\/wp-json\/wp\/v2\/media\/19174"}],"wp:attachment":[{"href":"https:\/\/skaitytaknyga.lt\/en\/wp-json\/wp\/v2\/media?parent=19171"}],"wp:term":[{"taxonomy":"product_brand","embeddable":true,"href":"https:\/\/skaitytaknyga.lt\/en\/wp-json\/wp\/v2\/product_brand?post=19171"},{"taxonomy":"product_cat","embeddable":true,"href":"https:\/\/skaitytaknyga.lt\/en\/wp-json\/wp\/v2\/product_cat?post=19171"},{"taxonomy":"product_tag","embeddable":true,"href":"https:\/\/skaitytaknyga.lt\/en\/wp-json\/wp\/v2\/product_tag?post=19171"}],"curies":[{"name":"wp","href":"https:\/\/api.w.org\/{rel}","templated":true}]}}