{"id":19170,"date":"2025-07-02T15:38:36","date_gmt":"2025-07-02T12:38:36","guid":{"rendered":"https:\/\/skaitytaknyga.lt\/?post_type=product&#038;p=19170"},"modified":"2026-04-23T12:00:19","modified_gmt":"2026-04-23T09:00:19","slug":"septynaukstis-kalnas","status":"publish","type":"product","link":"https:\/\/skaitytaknyga.lt\/en\/produktas\/septynaukstis-kalnas\/","title":{"rendered":"Septynauk\u0161tis kalnas"},"content":{"rendered":"<p>\u201eSeptynauk\u0161tis kalnas\u201c &#8211; viena i\u0161 garsiausi\u0173 vis\u0173 laik\u0173 knyg\u0173 apie tai, kaip \u017emogus ie\u0161kojo tik\u0117jimo ir ramyb\u0117s.<\/p>\n<p>Dar b\u016bdamas dvide\u0161imtmetis, aistringas ir talentingas Thomas Mertonas pajuto, kad pasaulieti\u0161kas gyvenimas ne\u012fstengia numal\u0161inti j\u012f kamuojan\u010dio nerimo. Smalsumas dvasios dalykams paskatino j\u012f pasikrik\u0161tyti kataliku ir galiausiai atved\u0117 \u012f trapist\u0173 vienuolyn\u0105 &#8211; tarp \u201eketuri\u0173 mano naujosios laisv\u0117s sien\u0173\u201c. Ten jis ir para\u0161\u0117 \u0161\u012f nepaprast\u0105 liudijim\u0105, nepakartojam\u0105 dvasios autobiografij\u0105, istorij\u0105 \u017emogaus, pasitraukusio i\u0161 pasaulio tik po to, kai patyr\u0117, k\u0105 rei\u0161kia b\u016bti \u012f j\u012f visi\u0161kai panirusiam. Per pus\u0161imt\u012f met\u0173 nuo pirmosios publikacijos datos \u201eSeptynauk\u0161tis kalnas\u201c buvo pripa\u017eintas kaip vienas \u012ftakingiausi\u0173 m\u016bs\u0173 laik\u0173 religini\u0173 veikal\u0173. Jis i\u0161verstas \u012f daugiau negu dvide\u0161imt kalb\u0173 ir vienokiais ar kitokiais b\u016bdais perkeit\u0117 milijon\u0173 \u017emoni\u0173 gyvenimus.<\/p>\n<p>Thomas Mertonas gim\u0117 1915 m. Pranc\u016bzijoje. Net po to, kai pasirinko kontempliatyv\u0173 maldos gyvenim\u0105, jis nesiliov\u0117 palaik\u0119s ry\u0161i\u0173 su garsiausiais jo laik\u0173 aktyvistais, menininkais, politikais ir teologais, para\u0161\u0117 daug knyg\u0173, straipsni\u0173 ir es\u0117. Jis mir\u0117 1968 m. vie\u0161\u0117damas Tailande.<\/p>\n","protected":false},"excerpt":{"rendered":"<p>\u201eSeptynauk\u0161tis kalnas\u201c &#8211; viena i\u0161 garsiausi\u0173 vis\u0173 laik\u0173 knyg\u0173 apie tai, kaip \u017emogus ie\u0161kojo tik\u0117jimo ir ramyb\u0117s. Dar b\u016bdamas dvide\u0161imtmetis, aistringas ir talentingas Thomas Mertonas pajuto, kad pasaulieti\u0161kas gyvenimas ne\u012fstengia numal\u0161inti j\u012f kamuojan\u010dio nerimo. Smalsumas dvasios dalykams paskatino j\u012f pasikrik\u0161tyti kataliku ir galiausiai atved\u0117 \u012f trapist\u0173 vienuolyn\u0105 &#8211; tarp \u201eketuri\u0173 mano naujosios laisv\u0117s sien\u0173\u201c. Ten jis ir para\u0161\u0117 \u0161\u012f nepaprast\u0105 liudijim\u0105, nepakartojam\u0105 dvasios autobiografij\u0105, istorij\u0105 \u017emogaus, pasitraukusio i\u0161 pasaulio tik po to, kai patyr\u0117, k\u0105 rei\u0161kia b\u016bti \u012f j\u012f visi\u0161kai panirusiam. Per pus\u0161imt\u012f met\u0173 nuo pirmosios publikacijos datos \u201eSeptynauk\u0161tis kalnas\u201c buvo pripa\u017eintas kaip vienas \u012ftakingiausi\u0173 m\u016bs\u0173 laik\u0173 religini\u0173 veikal\u0173. Jis i\u0161verstas \u012f daugiau negu dvide\u0161imt kalb\u0173 ir vienokiais ar kitokiais b\u016bdais perkeit\u0117 milijon\u0173 \u017emoni\u0173 gyvenimus. Thomas Mertonas gim\u0117 1915 m. Pranc\u016bzijoje. Net po to, kai pasirinko kontempliatyv\u0173 maldos gyvenim\u0105, jis nesiliov\u0117 palaik\u0119s ry\u0161i\u0173 su garsiausiais jo laik\u0173 aktyvistais, menininkais, politikais ir teologais, para\u0161\u0117 daug knyg\u0173, straipsni\u0173 ir es\u0117. Jis mir\u0117 1968 m. vie\u0161\u0117damas Tailande.<\/p>\n","protected":false},"featured_media":19173,"comment_status":"open","ping_status":"closed","template":"","meta":{"_acf_changed":false,"site-sidebar-layout":"default","site-content-layout":"","ast-site-content-layout":"default","site-content-style":"default","site-sidebar-style":"default","ast-global-header-display":"","ast-banner-title-visibility":"","ast-main-header-display":"","ast-hfb-above-header-display":"","ast-hfb-below-header-display":"","ast-hfb-mobile-header-display":"","site-post-title":"","ast-breadcrumbs-content":"","ast-featured-img":"","footer-sml-layout":"","ast-disable-related-posts":"","theme-transparent-header-meta":"default","adv-header-id-meta":"","stick-header-meta":"","header-above-stick-meta":"","header-main-stick-meta":"","header-below-stick-meta":"","astra-migrate-meta-layouts":"set","ast-page-background-enabled":"default","ast-page-background-meta":{"desktop":{"background-color":"","background-image":"","background-repeat":"repeat","background-position":"center center","background-size":"auto","background-attachment":"scroll","background-type":"","background-media":"","overlay-type":"","overlay-color":"","overlay-opacity":"","overlay-gradient":""},"tablet":{"background-color":"","background-image":"","background-repeat":"repeat","background-position":"center center","background-size":"auto","background-attachment":"scroll","background-type":"","background-media":"","overlay-type":"","overlay-color":"","overlay-opacity":"","overlay-gradient":""},"mobile":{"background-color":"","background-image":"","background-repeat":"repeat","background-position":"center center","background-size":"auto","background-attachment":"scroll","background-type":"","background-media":"","overlay-type":"","overlay-color":"","overlay-opacity":"","overlay-gradient":""}},"ast-content-background-meta":{"desktop":{"background-color":"var(--ast-global-color-4)","background-image":"","background-repeat":"repeat","background-position":"center center","background-size":"auto","background-attachment":"scroll","background-type":"","background-media":"","overlay-type":"","overlay-color":"","overlay-opacity":"","overlay-gradient":""},"tablet":{"background-color":"var(--ast-global-color-4)","background-image":"","background-repeat":"repeat","background-position":"center center","background-size":"auto","background-attachment":"scroll","background-type":"","background-media":"","overlay-type":"","overlay-color":"","overlay-opacity":"","overlay-gradient":""},"mobile":{"background-color":"var(--ast-global-color-4)","background-image":"","background-repeat":"repeat","background-position":"center center","background-size":"auto","background-attachment":"scroll","background-type":"","background-media":"","overlay-type":"","overlay-color":"","overlay-opacity":"","overlay-gradient":""}}},"product_brand":[],"product_cat":[9753],"product_tag":[],"class_list":{"0":"post-19170","1":"product","2":"type-product","3":"status-publish","4":"has-post-thumbnail","6":"product_cat-religija","7":"desktop-align-left","8":"tablet-align-left","9":"mobile-align-left","11":"first","12":"instock","13":"shipping-taxable","14":"purchasable","15":"product-type-simple"},"acf":[],"yoast_head":"<!-- This site is optimized with the Yoast SEO plugin v27.4 - https:\/\/yoast.com\/product\/yoast-seo-wordpress\/ -->\n<title>Septynauk\u0161tis kalnas<\/title>\n<meta name=\"description\" content=\"\u201eSeptynauk\u0161tis kalnas\u201c - viena i\u0161 garsiausi\u0173 vis\u0173 laik\u0173 knyg\u0173 apie tai, kaip \u017emogus ie\u0161kojo tik\u0117jimo ir ramyb\u0117s. Dar b\u016bdamas dvide\u0161imtmetis, aistringas ir\" \/>\n<meta name=\"robots\" content=\"index, follow, max-snippet:-1, max-image-preview:large, max-video-preview:-1\" \/>\n<link rel=\"canonical\" href=\"https:\/\/skaitytaknyga.lt\/en\/produktas\/septynaukstis-kalnas\/\" \/>\n<meta property=\"og:locale\" content=\"en_GB\" \/>\n<meta property=\"og:locale:alternate\" content=\"lt_LT\" \/>\n<meta property=\"og:type\" content=\"article\" \/>\n<meta property=\"og:title\" content=\"Septynauk\u0161tis kalnas\" \/>\n<meta property=\"og:description\" content=\"\u201eSeptynauk\u0161tis kalnas\u201c - viena i\u0161 garsiausi\u0173 vis\u0173 laik\u0173 knyg\u0173 apie tai, kaip \u017emogus ie\u0161kojo tik\u0117jimo ir ramyb\u0117s. Dar b\u016bdamas dvide\u0161imtmetis, aistringas ir\" \/>\n<meta property=\"og:url\" content=\"https:\/\/skaitytaknyga.lt\/en\/produktas\/septynaukstis-kalnas\/\" \/>\n<meta property=\"og:site_name\" content=\"Skaitytaknyga\" \/>\n<meta property=\"article:publisher\" content=\"https:\/\/www.facebook.com\/skaitytaknyga\/\" \/>\n<meta property=\"article:modified_time\" content=\"2026-04-23T09:00:19+00:00\" \/>\n<meta property=\"og:image\" content=\"https:\/\/skaitytaknyga.lt\/wp-content\/uploads\/2025\/07\/Septynaukstis-kalnas.webp\" \/>\n\t<meta property=\"og:image:width\" content=\"505\" \/>\n\t<meta property=\"og:image:height\" content=\"801\" \/>\n\t<meta property=\"og:image:type\" content=\"image\/webp\" \/>\n<meta name=\"twitter:card\" content=\"summary_large_image\" \/>\n<meta name=\"twitter:label1\" content=\"Estimated reading time\" \/>\n\t<meta name=\"twitter:data1\" content=\"2 minutes\" \/>\n<script type=\"application\/ld+json\" class=\"yoast-schema-graph\">{\"@context\":\"https:\\\/\\\/schema.org\",\"@graph\":[{\"@type\":\"WebPage\",\"@id\":\"https:\\\/\\\/skaitytaknyga.lt\\\/produktas\\\/septynaukstis-kalnas\\\/\",\"url\":\"https:\\\/\\\/skaitytaknyga.lt\\\/produktas\\\/septynaukstis-kalnas\\\/\",\"name\":\"Septynauk\u0161tis kalnas\",\"isPartOf\":{\"@id\":\"https:\\\/\\\/skaitytaknyga.lt\\\/#website\"},\"primaryImageOfPage\":{\"@id\":\"https:\\\/\\\/skaitytaknyga.lt\\\/produktas\\\/septynaukstis-kalnas\\\/#primaryimage\"},\"image\":{\"@id\":\"https:\\\/\\\/skaitytaknyga.lt\\\/produktas\\\/septynaukstis-kalnas\\\/#primaryimage\"},\"thumbnailUrl\":\"https:\\\/\\\/skaitytaknyga.lt\\\/wp-content\\\/uploads\\\/2025\\\/07\\\/Septynaukstis-kalnas.webp\",\"datePublished\":\"2025-07-02T12:38:36+00:00\",\"dateModified\":\"2026-04-23T09:00:19+00:00\",\"description\":\"\u201eSeptynauk\u0161tis kalnas\u201c - viena i\u0161 garsiausi\u0173 vis\u0173 laik\u0173 knyg\u0173 apie tai, kaip \u017emogus ie\u0161kojo tik\u0117jimo ir ramyb\u0117s. Dar b\u016bdamas dvide\u0161imtmetis, aistringas ir\",\"breadcrumb\":{\"@id\":\"https:\\\/\\\/skaitytaknyga.lt\\\/produktas\\\/septynaukstis-kalnas\\\/#breadcrumb\"},\"inLanguage\":\"en-GB\",\"potentialAction\":[{\"@type\":\"ReadAction\",\"target\":[\"https:\\\/\\\/skaitytaknyga.lt\\\/produktas\\\/septynaukstis-kalnas\\\/\"]}]},{\"@type\":\"ImageObject\",\"inLanguage\":\"en-GB\",\"@id\":\"https:\\\/\\\/skaitytaknyga.lt\\\/produktas\\\/septynaukstis-kalnas\\\/#primaryimage\",\"url\":\"https:\\\/\\\/skaitytaknyga.lt\\\/wp-content\\\/uploads\\\/2025\\\/07\\\/Septynaukstis-kalnas.webp\",\"contentUrl\":\"https:\\\/\\\/skaitytaknyga.lt\\\/wp-content\\\/uploads\\\/2025\\\/07\\\/Septynaukstis-kalnas.webp\",\"width\":505,\"height\":801,\"caption\":\"Septynauk\u0161tis kalnas\"},{\"@type\":\"BreadcrumbList\",\"@id\":\"https:\\\/\\\/skaitytaknyga.lt\\\/produktas\\\/septynaukstis-kalnas\\\/#breadcrumb\",\"itemListElement\":[{\"@type\":\"ListItem\",\"position\":1,\"name\":\"Home\",\"item\":\"https:\\\/\\\/skaitytaknyga.lt\\\/\"},{\"@type\":\"ListItem\",\"position\":2,\"name\":\"Parduotuv\u0117\",\"item\":\"https:\\\/\\\/skaitytaknyga.lt\\\/knygu-parduotuve\\\/\"},{\"@type\":\"ListItem\",\"position\":3,\"name\":\"Septynauk\u0161tis kalnas\"}]},{\"@type\":\"WebSite\",\"@id\":\"https:\\\/\\\/skaitytaknyga.lt\\\/#website\",\"url\":\"https:\\\/\\\/skaitytaknyga.lt\\\/\",\"name\":\"skaitytaknyga.lt\",\"description\":\"Skaitytaknyga.lt \u2013 tai ma\u017eas \u0161eimos verslas, kuris prasid\u0117jo nuo meil\u0117s knygoms ir siekio i\u0161gelb\u0117ti knygas nuo likimo prie konteinerio. Kas vienam nereikalingas daiktas \u2013 kitam lobis, o mes esame tarpininkai, kurie padeda abiems tapti laimingesniems ???? \u017dinome kaip nelengva i\u0161gyventi ma\u017eiems verslams, tad nuo \u0161iol, \u010dia rasite ir kit\u0173, ma\u017e\u0173 \u0161eim\u0173 versl\u0173, rank\u0173 darbo, dovan\u0173 sau ir artimiesiems.\",\"publisher\":{\"@id\":\"https:\\\/\\\/skaitytaknyga.lt\\\/#organization\"},\"potentialAction\":[{\"@type\":\"SearchAction\",\"target\":{\"@type\":\"EntryPoint\",\"urlTemplate\":\"https:\\\/\\\/skaitytaknyga.lt\\\/?s={search_term_string}\"},\"query-input\":{\"@type\":\"PropertyValueSpecification\",\"valueRequired\":true,\"valueName\":\"search_term_string\"}}],\"inLanguage\":\"en-GB\"},{\"@type\":\"Organization\",\"@id\":\"https:\\\/\\\/skaitytaknyga.lt\\\/#organization\",\"name\":\"skaitytaknyga.lt\",\"url\":\"https:\\\/\\\/skaitytaknyga.lt\\\/\",\"logo\":{\"@type\":\"ImageObject\",\"inLanguage\":\"en-GB\",\"@id\":\"https:\\\/\\\/skaitytaknyga.lt\\\/#\\\/schema\\\/logo\\\/image\\\/\",\"url\":\"https:\\\/\\\/skaitytaknyga.lt\\\/wp-content\\\/uploads\\\/2024\\\/05\\\/cropped-cropped-cropped-02_00843_jt3bggkj1j3HLc7SyY6rEUpg.jpeg\",\"contentUrl\":\"https:\\\/\\\/skaitytaknyga.lt\\\/wp-content\\\/uploads\\\/2024\\\/05\\\/cropped-cropped-cropped-02_00843_jt3bggkj1j3HLc7SyY6rEUpg.jpeg\",\"width\":1600,\"height\":1600,\"caption\":\"skaitytaknyga.lt\"},\"image\":{\"@id\":\"https:\\\/\\\/skaitytaknyga.lt\\\/#\\\/schema\\\/logo\\\/image\\\/\"},\"sameAs\":[\"https:\\\/\\\/www.facebook.com\\\/skaitytaknyga\\\/\"]}]}<\/script>\n<!-- \/ Yoast SEO plugin. -->","yoast_head_json":{"title":"Septynauk\u0161tis kalnas","description":"\u201eSeptynauk\u0161tis kalnas\u201c - viena i\u0161 garsiausi\u0173 vis\u0173 laik\u0173 knyg\u0173 apie tai, kaip \u017emogus ie\u0161kojo tik\u0117jimo ir ramyb\u0117s. Dar b\u016bdamas dvide\u0161imtmetis, aistringas ir","robots":{"index":"index","follow":"follow","max-snippet":"max-snippet:-1","max-image-preview":"max-image-preview:large","max-video-preview":"max-video-preview:-1"},"canonical":"https:\/\/skaitytaknyga.lt\/en\/produktas\/septynaukstis-kalnas\/","og_locale":"en_GB","og_type":"article","og_title":"[:lt]Septynauk\u0161tis kalnas[:] - Skaitytaknyga","og_description":"\u201eSeptynauk\u0161tis kalnas\u201c - viena i\u0161 garsiausi\u0173 vis\u0173 laik\u0173 knyg\u0173 apie tai, kaip \u017emogus ie\u0161kojo tik\u0117jimo ir ramyb\u0117s. Dar b\u016bdamas dvide\u0161imtmetis, aistringas ir","og_url":"https:\/\/skaitytaknyga.lt\/en\/produktas\/septynaukstis-kalnas\/","og_site_name":"Skaitytaknyga","article_publisher":"https:\/\/www.facebook.com\/skaitytaknyga\/","article_modified_time":"2026-04-23T09:00:19+00:00","og_image":[{"width":505,"height":801,"url":"https:\/\/skaitytaknyga.lt\/wp-content\/uploads\/2025\/07\/Septynaukstis-kalnas.webp","type":"image\/webp"}],"twitter_card":"summary_large_image","twitter_misc":{"Estimated reading time":"2 minutes"},"schema":{"@context":"https:\/\/schema.org","@graph":[{"@type":"WebPage","@id":"https:\/\/skaitytaknyga.lt\/produktas\/septynaukstis-kalnas\/","url":"https:\/\/skaitytaknyga.lt\/produktas\/septynaukstis-kalnas\/","name":"Septynauk\u0161tis kalnas","isPartOf":{"@id":"https:\/\/skaitytaknyga.lt\/#website"},"primaryImageOfPage":{"@id":"https:\/\/skaitytaknyga.lt\/produktas\/septynaukstis-kalnas\/#primaryimage"},"image":{"@id":"https:\/\/skaitytaknyga.lt\/produktas\/septynaukstis-kalnas\/#primaryimage"},"thumbnailUrl":"https:\/\/skaitytaknyga.lt\/wp-content\/uploads\/2025\/07\/Septynaukstis-kalnas.webp","datePublished":"2025-07-02T12:38:36+00:00","dateModified":"2026-04-23T09:00:19+00:00","description":"\u201eSeptynauk\u0161tis kalnas\u201c - viena i\u0161 garsiausi\u0173 vis\u0173 laik\u0173 knyg\u0173 apie tai, kaip \u017emogus ie\u0161kojo tik\u0117jimo ir ramyb\u0117s. Dar b\u016bdamas dvide\u0161imtmetis, aistringas ir","breadcrumb":{"@id":"https:\/\/skaitytaknyga.lt\/produktas\/septynaukstis-kalnas\/#breadcrumb"},"inLanguage":"en-GB","potentialAction":[{"@type":"ReadAction","target":["https:\/\/skaitytaknyga.lt\/produktas\/septynaukstis-kalnas\/"]}]},{"@type":"ImageObject","inLanguage":"en-GB","@id":"https:\/\/skaitytaknyga.lt\/produktas\/septynaukstis-kalnas\/#primaryimage","url":"https:\/\/skaitytaknyga.lt\/wp-content\/uploads\/2025\/07\/Septynaukstis-kalnas.webp","contentUrl":"https:\/\/skaitytaknyga.lt\/wp-content\/uploads\/2025\/07\/Septynaukstis-kalnas.webp","width":505,"height":801,"caption":"Septynauk\u0161tis kalnas"},{"@type":"BreadcrumbList","@id":"https:\/\/skaitytaknyga.lt\/produktas\/septynaukstis-kalnas\/#breadcrumb","itemListElement":[{"@type":"ListItem","position":1,"name":"Home","item":"https:\/\/skaitytaknyga.lt\/"},{"@type":"ListItem","position":2,"name":"Parduotuv\u0117","item":"https:\/\/skaitytaknyga.lt\/knygu-parduotuve\/"},{"@type":"ListItem","position":3,"name":"Septynauk\u0161tis kalnas"}]},{"@type":"WebSite","@id":"https:\/\/skaitytaknyga.lt\/#website","url":"https:\/\/skaitytaknyga.lt\/","name":"skaitytaknyga.lt","description":"Skaitytaknyga.lt \u2013 tai ma\u017eas \u0161eimos verslas, kuris prasid\u0117jo nuo meil\u0117s knygoms ir siekio i\u0161gelb\u0117ti knygas nuo likimo prie konteinerio. Kas vienam nereikalingas daiktas \u2013 kitam lobis, o mes esame tarpininkai, kurie padeda abiems tapti laimingesniems ???? \u017dinome kaip nelengva i\u0161gyventi ma\u017eiems verslams, tad nuo \u0161iol, \u010dia rasite ir kit\u0173, ma\u017e\u0173 \u0161eim\u0173 versl\u0173, rank\u0173 darbo, dovan\u0173 sau ir artimiesiems.","publisher":{"@id":"https:\/\/skaitytaknyga.lt\/#organization"},"potentialAction":[{"@type":"SearchAction","target":{"@type":"EntryPoint","urlTemplate":"https:\/\/skaitytaknyga.lt\/?s={search_term_string}"},"query-input":{"@type":"PropertyValueSpecification","valueRequired":true,"valueName":"search_term_string"}}],"inLanguage":"en-GB"},{"@type":"Organization","@id":"https:\/\/skaitytaknyga.lt\/#organization","name":"skaitytaknyga.lt","url":"https:\/\/skaitytaknyga.lt\/","logo":{"@type":"ImageObject","inLanguage":"en-GB","@id":"https:\/\/skaitytaknyga.lt\/#\/schema\/logo\/image\/","url":"https:\/\/skaitytaknyga.lt\/wp-content\/uploads\/2024\/05\/cropped-cropped-cropped-02_00843_jt3bggkj1j3HLc7SyY6rEUpg.jpeg","contentUrl":"https:\/\/skaitytaknyga.lt\/wp-content\/uploads\/2024\/05\/cropped-cropped-cropped-02_00843_jt3bggkj1j3HLc7SyY6rEUpg.jpeg","width":1600,"height":1600,"caption":"skaitytaknyga.lt"},"image":{"@id":"https:\/\/skaitytaknyga.lt\/#\/schema\/logo\/image\/"},"sameAs":["https:\/\/www.facebook.com\/skaitytaknyga\/"]}]}},"_links":{"self":[{"href":"https:\/\/skaitytaknyga.lt\/en\/wp-json\/wp\/v2\/product\/19170","targetHints":{"allow":["GET"]}}],"collection":[{"href":"https:\/\/skaitytaknyga.lt\/en\/wp-json\/wp\/v2\/product"}],"about":[{"href":"https:\/\/skaitytaknyga.lt\/en\/wp-json\/wp\/v2\/types\/product"}],"replies":[{"embeddable":true,"href":"https:\/\/skaitytaknyga.lt\/en\/wp-json\/wp\/v2\/comments?post=19170"}],"wp:featuredmedia":[{"embeddable":true,"href":"https:\/\/skaitytaknyga.lt\/en\/wp-json\/wp\/v2\/media\/19173"}],"wp:attachment":[{"href":"https:\/\/skaitytaknyga.lt\/en\/wp-json\/wp\/v2\/media?parent=19170"}],"wp:term":[{"taxonomy":"product_brand","embeddable":true,"href":"https:\/\/skaitytaknyga.lt\/en\/wp-json\/wp\/v2\/product_brand?post=19170"},{"taxonomy":"product_cat","embeddable":true,"href":"https:\/\/skaitytaknyga.lt\/en\/wp-json\/wp\/v2\/product_cat?post=19170"},{"taxonomy":"product_tag","embeddable":true,"href":"https:\/\/skaitytaknyga.lt\/en\/wp-json\/wp\/v2\/product_tag?post=19170"}],"curies":[{"name":"wp","href":"https:\/\/api.w.org\/{rel}","templated":true}]}}