{"id":19163,"date":"2025-07-02T15:29:15","date_gmt":"2025-07-02T12:29:15","guid":{"rendered":"https:\/\/skaitytaknyga.lt\/?post_type=product&#038;p=19163"},"modified":"2025-09-14T19:06:21","modified_gmt":"2025-09-14T16:06:21","slug":"nepaprasta-edvardo-tiuleino-kelione","status":"publish","type":"product","link":"https:\/\/skaitytaknyga.lt\/en\/produktas\/nepaprasta-edvardo-tiuleino-kelione\/","title":{"rendered":"Nepaprasta Edvardo Tiuleino kelion\u0117"},"content":{"rendered":"<p>Skirta 0\u201399 m.<\/p>\n<p>\u2013 A\u0161 tave myliu, Edvardai, \u2013 kiekvien\u0105 vakar\u0105 sakydavo Abilena. I\u0161tarusi tuos \u017eod\u017eius, ji imdavo laukti beveik tik\u0117damasi, kad Edvardas taip pat jai k\u0105 nors pasakys.<\/p>\n<p>Bet jis neatsakydavo. Kol vien\u0105 dien\u0105&#8230;<\/p>\n<p>Ten auk\u0161tai auk\u0161tai, vandenyno pavir\u0161iuje, keleivinis garlaivis su Abilena denyje plauk\u0117 sau pirmyn. O porcelianinis triu\u0161is gal\u0173 gale pasiek\u0117 vandenyno dugn\u0105&#8230;<\/p>\n<p>Taip prasid\u0117jo nepaprasta, kupina i\u0161bandym\u0173 ir sud\u0117ting\u0173 situacij\u0173 Edvardo Tiuleino kelion\u0117. Kelion\u0117, kuri t\u0119sis tol, kol porcelianin\u0117je triu\u0161io \u0161irdyje apsigyvens mergait\u0117, vardu Abilena, senas \u017evejys su \u017emona, benamis klaj\u016bnas ir \u0161uo, berniukas, grojantis l\u016bpine armonik\u0117le ir jo sesut\u0117. Kol \u0161irdis ims myl\u0117ti, atradusi gyvenimo gro\u017e\u012f.<\/p>\n<p>Kate DiKamilo u\u017e \u0161i\u0105 knyg\u0105 \u012fteiktas Bostono Globe-Horn apdovanojimas<br \/>\nJAV t\u0117vai i\u0161rinko \u201eNepaprast\u0105 Edvardo Tiuleino kelion\u0119\u201c kaip geriausi\u0105 knyg\u0105 vaikams<br \/>\n\u017durnalas \u201eSchool Library Journal\u201c \u012ftrauk\u0117 j\u0105 tarp 100 geriausi\u0173 vis\u0173 laik\u0173 knyg\u0173 jauniesiems skaitytojams<br \/>\nReik\u0161mingiausias ir meni\u0161kiausias 2012 met\u0173 vertimas vaikams. Apdovanojim\u0105 skyr\u0117 Tarptautin\u0117s vaik\u0173 ir jaunimo literat\u016bros asociacijos (IBBY) Lietuvos skyrius.<\/p>\n","protected":false},"excerpt":{"rendered":"<p>Skirta 0\u201399 m. \u2013 A\u0161 tave myliu, Edvardai, \u2013 kiekvien\u0105 vakar\u0105 sakydavo Abilena. I\u0161tarusi tuos \u017eod\u017eius, ji imdavo laukti beveik tik\u0117damasi, kad Edvardas taip pat jai k\u0105 nors pasakys. Bet jis neatsakydavo. Kol vien\u0105 dien\u0105&#8230; Ten auk\u0161tai auk\u0161tai, vandenyno pavir\u0161iuje, keleivinis garlaivis su Abilena denyje plauk\u0117 sau pirmyn. O porcelianinis triu\u0161is gal\u0173 gale pasiek\u0117 vandenyno dugn\u0105&#8230; Taip prasid\u0117jo nepaprasta, kupina i\u0161bandym\u0173 ir sud\u0117ting\u0173 situacij\u0173 Edvardo Tiuleino kelion\u0117. Kelion\u0117, kuri t\u0119sis tol, kol porcelianin\u0117je triu\u0161io \u0161irdyje apsigyvens mergait\u0117, vardu Abilena, senas \u017evejys su \u017emona, benamis klaj\u016bnas ir \u0161uo, berniukas, grojantis l\u016bpine armonik\u0117le ir jo sesut\u0117. Kol \u0161irdis ims myl\u0117ti, atradusi gyvenimo gro\u017e\u012f. Kate DiKamilo u\u017e \u0161i\u0105 knyg\u0105 \u012fteiktas Bostono Globe-Horn apdovanojimas JAV t\u0117vai i\u0161rinko \u201eNepaprast\u0105 Edvardo Tiuleino kelion\u0119\u201c kaip geriausi\u0105 knyg\u0105 vaikams \u017durnalas \u201eSchool Library Journal\u201c \u012ftrauk\u0117 j\u0105 tarp 100 geriausi\u0173 vis\u0173 laik\u0173 knyg\u0173 jauniesiems skaitytojams Reik\u0161mingiausias ir meni\u0161kiausias 2012 met\u0173 vertimas vaikams. Apdovanojim\u0105 skyr\u0117 Tarptautin\u0117s vaik\u0173 ir jaunimo literat\u016bros asociacijos (IBBY) Lietuvos skyrius.<\/p>\n","protected":false},"featured_media":19162,"comment_status":"open","ping_status":"closed","template":"","meta":{"_acf_changed":false,"site-sidebar-layout":"default","site-content-layout":"","ast-site-content-layout":"default","site-content-style":"default","site-sidebar-style":"default","ast-global-header-display":"","ast-banner-title-visibility":"","ast-main-header-display":"","ast-hfb-above-header-display":"","ast-hfb-below-header-display":"","ast-hfb-mobile-header-display":"","site-post-title":"","ast-breadcrumbs-content":"","ast-featured-img":"","footer-sml-layout":"","ast-disable-related-posts":"","theme-transparent-header-meta":"","adv-header-id-meta":"","stick-header-meta":"","header-above-stick-meta":"","header-main-stick-meta":"","header-below-stick-meta":"","astra-migrate-meta-layouts":"default","ast-page-background-enabled":"default","ast-page-background-meta":{"desktop":{"background-color":"","background-image":"","background-repeat":"repeat","background-position":"center center","background-size":"auto","background-attachment":"scroll","background-type":"","background-media":"","overlay-type":"","overlay-color":"","overlay-opacity":"","overlay-gradient":""},"tablet":{"background-color":"","background-image":"","background-repeat":"repeat","background-position":"center center","background-size":"auto","background-attachment":"scroll","background-type":"","background-media":"","overlay-type":"","overlay-color":"","overlay-opacity":"","overlay-gradient":""},"mobile":{"background-color":"","background-image":"","background-repeat":"repeat","background-position":"center center","background-size":"auto","background-attachment":"scroll","background-type":"","background-media":"","overlay-type":"","overlay-color":"","overlay-opacity":"","overlay-gradient":""}},"ast-content-background-meta":{"desktop":{"background-color":"var(--ast-global-color-4)","background-image":"","background-repeat":"repeat","background-position":"center center","background-size":"auto","background-attachment":"scroll","background-type":"","background-media":"","overlay-type":"","overlay-color":"","overlay-opacity":"","overlay-gradient":""},"tablet":{"background-color":"var(--ast-global-color-4)","background-image":"","background-repeat":"repeat","background-position":"center center","background-size":"auto","background-attachment":"scroll","background-type":"","background-media":"","overlay-type":"","overlay-color":"","overlay-opacity":"","overlay-gradient":""},"mobile":{"background-color":"var(--ast-global-color-4)","background-image":"","background-repeat":"repeat","background-position":"center center","background-size":"auto","background-attachment":"scroll","background-type":"","background-media":"","overlay-type":"","overlay-color":"","overlay-opacity":"","overlay-gradient":""}}},"product_brand":[],"product_cat":[15],"product_tag":[],"class_list":{"0":"post-19163","1":"product","2":"type-product","3":"status-publish","4":"has-post-thumbnail","6":"product_cat-uncategorized","7":"desktop-align-left","8":"tablet-align-left","9":"mobile-align-left","11":"first","12":"outofstock","13":"shipping-taxable","14":"purchasable","15":"product-type-simple"},"acf":[],"yoast_head":"<!-- This site is optimized with the Yoast SEO plugin v27.4 - https:\/\/yoast.com\/product\/yoast-seo-wordpress\/ -->\n<title>Nepaprasta Edvardo Tiuleino kelion\u0117<\/title>\n<meta name=\"description\" content=\"Skirta 0\u201399 m. \u2013 A\u0161 tave myliu, Edvardai, \u2013 kiekvien\u0105 vakar\u0105 sakydavo Abilena. I\u0161tarusi tuos \u017eod\u017eius, ji imdavo laukti beveik tik\u0117damasi, kad Edvardas\" \/>\n<meta name=\"robots\" content=\"index, follow, max-snippet:-1, max-image-preview:large, max-video-preview:-1\" \/>\n<link rel=\"canonical\" href=\"https:\/\/skaitytaknyga.lt\/en\/produktas\/nepaprasta-edvardo-tiuleino-kelione\/\" \/>\n<meta property=\"og:locale\" content=\"en_GB\" \/>\n<meta property=\"og:locale:alternate\" content=\"lt_LT\" \/>\n<meta property=\"og:type\" content=\"article\" \/>\n<meta property=\"og:title\" content=\"Nepaprasta Edvardo Tiuleino kelion\u0117\" \/>\n<meta property=\"og:description\" content=\"Skirta 0\u201399 m. \u2013 A\u0161 tave myliu, Edvardai, \u2013 kiekvien\u0105 vakar\u0105 sakydavo Abilena. I\u0161tarusi tuos \u017eod\u017eius, ji imdavo laukti beveik tik\u0117damasi, kad Edvardas\" \/>\n<meta property=\"og:url\" content=\"https:\/\/skaitytaknyga.lt\/en\/produktas\/nepaprasta-edvardo-tiuleino-kelione\/\" \/>\n<meta property=\"og:site_name\" content=\"Skaitytaknyga\" \/>\n<meta property=\"article:publisher\" content=\"https:\/\/www.facebook.com\/skaitytaknyga\/\" \/>\n<meta property=\"article:modified_time\" content=\"2025-09-14T16:06:21+00:00\" \/>\n<meta property=\"og:image\" content=\"https:\/\/skaitytaknyga.lt\/wp-content\/uploads\/2025\/07\/Nepaprasta-Edvardo-Tiuleino-kelione.webp\" \/>\n\t<meta property=\"og:image:width\" content=\"351\" \/>\n\t<meta property=\"og:image:height\" content=\"400\" \/>\n\t<meta property=\"og:image:type\" content=\"image\/webp\" \/>\n<meta name=\"twitter:card\" content=\"summary_large_image\" \/>\n<meta name=\"twitter:label1\" content=\"Estimated reading time\" \/>\n\t<meta name=\"twitter:data1\" content=\"1 minute\" \/>\n<script type=\"application\/ld+json\" class=\"yoast-schema-graph\">{\"@context\":\"https:\\\/\\\/schema.org\",\"@graph\":[{\"@type\":\"WebPage\",\"@id\":\"https:\\\/\\\/skaitytaknyga.lt\\\/produktas\\\/nepaprasta-edvardo-tiuleino-kelione\\\/\",\"url\":\"https:\\\/\\\/skaitytaknyga.lt\\\/produktas\\\/nepaprasta-edvardo-tiuleino-kelione\\\/\",\"name\":\"Nepaprasta Edvardo Tiuleino kelion\u0117\",\"isPartOf\":{\"@id\":\"https:\\\/\\\/skaitytaknyga.lt\\\/#website\"},\"primaryImageOfPage\":{\"@id\":\"https:\\\/\\\/skaitytaknyga.lt\\\/produktas\\\/nepaprasta-edvardo-tiuleino-kelione\\\/#primaryimage\"},\"image\":{\"@id\":\"https:\\\/\\\/skaitytaknyga.lt\\\/produktas\\\/nepaprasta-edvardo-tiuleino-kelione\\\/#primaryimage\"},\"thumbnailUrl\":\"https:\\\/\\\/skaitytaknyga.lt\\\/wp-content\\\/uploads\\\/2025\\\/07\\\/Nepaprasta-Edvardo-Tiuleino-kelione.webp\",\"datePublished\":\"2025-07-02T12:29:15+00:00\",\"dateModified\":\"2025-09-14T16:06:21+00:00\",\"description\":\"Skirta 0\u201399 m. \u2013 A\u0161 tave myliu, Edvardai, \u2013 kiekvien\u0105 vakar\u0105 sakydavo Abilena. I\u0161tarusi tuos \u017eod\u017eius, ji imdavo laukti beveik tik\u0117damasi, kad Edvardas\",\"breadcrumb\":{\"@id\":\"https:\\\/\\\/skaitytaknyga.lt\\\/produktas\\\/nepaprasta-edvardo-tiuleino-kelione\\\/#breadcrumb\"},\"inLanguage\":\"en-GB\",\"potentialAction\":[{\"@type\":\"ReadAction\",\"target\":[\"https:\\\/\\\/skaitytaknyga.lt\\\/produktas\\\/nepaprasta-edvardo-tiuleino-kelione\\\/\"]}]},{\"@type\":\"ImageObject\",\"inLanguage\":\"en-GB\",\"@id\":\"https:\\\/\\\/skaitytaknyga.lt\\\/produktas\\\/nepaprasta-edvardo-tiuleino-kelione\\\/#primaryimage\",\"url\":\"https:\\\/\\\/skaitytaknyga.lt\\\/wp-content\\\/uploads\\\/2025\\\/07\\\/Nepaprasta-Edvardo-Tiuleino-kelione.webp\",\"contentUrl\":\"https:\\\/\\\/skaitytaknyga.lt\\\/wp-content\\\/uploads\\\/2025\\\/07\\\/Nepaprasta-Edvardo-Tiuleino-kelione.webp\",\"width\":351,\"height\":400,\"caption\":\"Nepaprasta Edvardo Tiuleino kelion\u0117\"},{\"@type\":\"BreadcrumbList\",\"@id\":\"https:\\\/\\\/skaitytaknyga.lt\\\/produktas\\\/nepaprasta-edvardo-tiuleino-kelione\\\/#breadcrumb\",\"itemListElement\":[{\"@type\":\"ListItem\",\"position\":1,\"name\":\"Home\",\"item\":\"https:\\\/\\\/skaitytaknyga.lt\\\/\"},{\"@type\":\"ListItem\",\"position\":2,\"name\":\"Parduotuv\u0117\",\"item\":\"https:\\\/\\\/skaitytaknyga.lt\\\/knygu-parduotuve\\\/\"},{\"@type\":\"ListItem\",\"position\":3,\"name\":\"Nepaprasta Edvardo Tiuleino kelion\u0117\"}]},{\"@type\":\"WebSite\",\"@id\":\"https:\\\/\\\/skaitytaknyga.lt\\\/#website\",\"url\":\"https:\\\/\\\/skaitytaknyga.lt\\\/\",\"name\":\"skaitytaknyga.lt\",\"description\":\"Skaitytaknyga.lt \u2013 tai ma\u017eas \u0161eimos verslas, kuris prasid\u0117jo nuo meil\u0117s knygoms ir siekio i\u0161gelb\u0117ti knygas nuo likimo prie konteinerio. Kas vienam nereikalingas daiktas \u2013 kitam lobis, o mes esame tarpininkai, kurie padeda abiems tapti laimingesniems ???? \u017dinome kaip nelengva i\u0161gyventi ma\u017eiems verslams, tad nuo \u0161iol, \u010dia rasite ir kit\u0173, ma\u017e\u0173 \u0161eim\u0173 versl\u0173, rank\u0173 darbo, dovan\u0173 sau ir artimiesiems.\",\"publisher\":{\"@id\":\"https:\\\/\\\/skaitytaknyga.lt\\\/#organization\"},\"potentialAction\":[{\"@type\":\"SearchAction\",\"target\":{\"@type\":\"EntryPoint\",\"urlTemplate\":\"https:\\\/\\\/skaitytaknyga.lt\\\/?s={search_term_string}\"},\"query-input\":{\"@type\":\"PropertyValueSpecification\",\"valueRequired\":true,\"valueName\":\"search_term_string\"}}],\"inLanguage\":\"en-GB\"},{\"@type\":\"Organization\",\"@id\":\"https:\\\/\\\/skaitytaknyga.lt\\\/#organization\",\"name\":\"skaitytaknyga.lt\",\"url\":\"https:\\\/\\\/skaitytaknyga.lt\\\/\",\"logo\":{\"@type\":\"ImageObject\",\"inLanguage\":\"en-GB\",\"@id\":\"https:\\\/\\\/skaitytaknyga.lt\\\/#\\\/schema\\\/logo\\\/image\\\/\",\"url\":\"https:\\\/\\\/skaitytaknyga.lt\\\/wp-content\\\/uploads\\\/2024\\\/05\\\/cropped-cropped-cropped-02_00843_jt3bggkj1j3HLc7SyY6rEUpg.jpeg\",\"contentUrl\":\"https:\\\/\\\/skaitytaknyga.lt\\\/wp-content\\\/uploads\\\/2024\\\/05\\\/cropped-cropped-cropped-02_00843_jt3bggkj1j3HLc7SyY6rEUpg.jpeg\",\"width\":1600,\"height\":1600,\"caption\":\"skaitytaknyga.lt\"},\"image\":{\"@id\":\"https:\\\/\\\/skaitytaknyga.lt\\\/#\\\/schema\\\/logo\\\/image\\\/\"},\"sameAs\":[\"https:\\\/\\\/www.facebook.com\\\/skaitytaknyga\\\/\"]}]}<\/script>\n<!-- \/ Yoast SEO plugin. -->","yoast_head_json":{"title":"Nepaprasta Edvardo Tiuleino kelion\u0117","description":"Skirta 0\u201399 m. \u2013 A\u0161 tave myliu, Edvardai, \u2013 kiekvien\u0105 vakar\u0105 sakydavo Abilena. I\u0161tarusi tuos \u017eod\u017eius, ji imdavo laukti beveik tik\u0117damasi, kad Edvardas","robots":{"index":"index","follow":"follow","max-snippet":"max-snippet:-1","max-image-preview":"max-image-preview:large","max-video-preview":"max-video-preview:-1"},"canonical":"https:\/\/skaitytaknyga.lt\/en\/produktas\/nepaprasta-edvardo-tiuleino-kelione\/","og_locale":"en_GB","og_type":"article","og_title":"[:lt]Nepaprasta Edvardo Tiuleino kelion\u0117[:] - Skaitytaknyga","og_description":"Skirta 0\u201399 m. \u2013 A\u0161 tave myliu, Edvardai, \u2013 kiekvien\u0105 vakar\u0105 sakydavo Abilena. I\u0161tarusi tuos \u017eod\u017eius, ji imdavo laukti beveik tik\u0117damasi, kad Edvardas","og_url":"https:\/\/skaitytaknyga.lt\/en\/produktas\/nepaprasta-edvardo-tiuleino-kelione\/","og_site_name":"Skaitytaknyga","article_publisher":"https:\/\/www.facebook.com\/skaitytaknyga\/","article_modified_time":"2025-09-14T16:06:21+00:00","og_image":[{"width":351,"height":400,"url":"https:\/\/skaitytaknyga.lt\/wp-content\/uploads\/2025\/07\/Nepaprasta-Edvardo-Tiuleino-kelione.webp","type":"image\/webp"}],"twitter_card":"summary_large_image","twitter_misc":{"Estimated reading time":"1 minute"},"schema":{"@context":"https:\/\/schema.org","@graph":[{"@type":"WebPage","@id":"https:\/\/skaitytaknyga.lt\/produktas\/nepaprasta-edvardo-tiuleino-kelione\/","url":"https:\/\/skaitytaknyga.lt\/produktas\/nepaprasta-edvardo-tiuleino-kelione\/","name":"Nepaprasta Edvardo Tiuleino kelion\u0117","isPartOf":{"@id":"https:\/\/skaitytaknyga.lt\/#website"},"primaryImageOfPage":{"@id":"https:\/\/skaitytaknyga.lt\/produktas\/nepaprasta-edvardo-tiuleino-kelione\/#primaryimage"},"image":{"@id":"https:\/\/skaitytaknyga.lt\/produktas\/nepaprasta-edvardo-tiuleino-kelione\/#primaryimage"},"thumbnailUrl":"https:\/\/skaitytaknyga.lt\/wp-content\/uploads\/2025\/07\/Nepaprasta-Edvardo-Tiuleino-kelione.webp","datePublished":"2025-07-02T12:29:15+00:00","dateModified":"2025-09-14T16:06:21+00:00","description":"Skirta 0\u201399 m. \u2013 A\u0161 tave myliu, Edvardai, \u2013 kiekvien\u0105 vakar\u0105 sakydavo Abilena. I\u0161tarusi tuos \u017eod\u017eius, ji imdavo laukti beveik tik\u0117damasi, kad Edvardas","breadcrumb":{"@id":"https:\/\/skaitytaknyga.lt\/produktas\/nepaprasta-edvardo-tiuleino-kelione\/#breadcrumb"},"inLanguage":"en-GB","potentialAction":[{"@type":"ReadAction","target":["https:\/\/skaitytaknyga.lt\/produktas\/nepaprasta-edvardo-tiuleino-kelione\/"]}]},{"@type":"ImageObject","inLanguage":"en-GB","@id":"https:\/\/skaitytaknyga.lt\/produktas\/nepaprasta-edvardo-tiuleino-kelione\/#primaryimage","url":"https:\/\/skaitytaknyga.lt\/wp-content\/uploads\/2025\/07\/Nepaprasta-Edvardo-Tiuleino-kelione.webp","contentUrl":"https:\/\/skaitytaknyga.lt\/wp-content\/uploads\/2025\/07\/Nepaprasta-Edvardo-Tiuleino-kelione.webp","width":351,"height":400,"caption":"Nepaprasta Edvardo Tiuleino kelion\u0117"},{"@type":"BreadcrumbList","@id":"https:\/\/skaitytaknyga.lt\/produktas\/nepaprasta-edvardo-tiuleino-kelione\/#breadcrumb","itemListElement":[{"@type":"ListItem","position":1,"name":"Home","item":"https:\/\/skaitytaknyga.lt\/"},{"@type":"ListItem","position":2,"name":"Parduotuv\u0117","item":"https:\/\/skaitytaknyga.lt\/knygu-parduotuve\/"},{"@type":"ListItem","position":3,"name":"Nepaprasta Edvardo Tiuleino kelion\u0117"}]},{"@type":"WebSite","@id":"https:\/\/skaitytaknyga.lt\/#website","url":"https:\/\/skaitytaknyga.lt\/","name":"skaitytaknyga.lt","description":"Skaitytaknyga.lt \u2013 tai ma\u017eas \u0161eimos verslas, kuris prasid\u0117jo nuo meil\u0117s knygoms ir siekio i\u0161gelb\u0117ti knygas nuo likimo prie konteinerio. Kas vienam nereikalingas daiktas \u2013 kitam lobis, o mes esame tarpininkai, kurie padeda abiems tapti laimingesniems ???? \u017dinome kaip nelengva i\u0161gyventi ma\u017eiems verslams, tad nuo \u0161iol, \u010dia rasite ir kit\u0173, ma\u017e\u0173 \u0161eim\u0173 versl\u0173, rank\u0173 darbo, dovan\u0173 sau ir artimiesiems.","publisher":{"@id":"https:\/\/skaitytaknyga.lt\/#organization"},"potentialAction":[{"@type":"SearchAction","target":{"@type":"EntryPoint","urlTemplate":"https:\/\/skaitytaknyga.lt\/?s={search_term_string}"},"query-input":{"@type":"PropertyValueSpecification","valueRequired":true,"valueName":"search_term_string"}}],"inLanguage":"en-GB"},{"@type":"Organization","@id":"https:\/\/skaitytaknyga.lt\/#organization","name":"skaitytaknyga.lt","url":"https:\/\/skaitytaknyga.lt\/","logo":{"@type":"ImageObject","inLanguage":"en-GB","@id":"https:\/\/skaitytaknyga.lt\/#\/schema\/logo\/image\/","url":"https:\/\/skaitytaknyga.lt\/wp-content\/uploads\/2024\/05\/cropped-cropped-cropped-02_00843_jt3bggkj1j3HLc7SyY6rEUpg.jpeg","contentUrl":"https:\/\/skaitytaknyga.lt\/wp-content\/uploads\/2024\/05\/cropped-cropped-cropped-02_00843_jt3bggkj1j3HLc7SyY6rEUpg.jpeg","width":1600,"height":1600,"caption":"skaitytaknyga.lt"},"image":{"@id":"https:\/\/skaitytaknyga.lt\/#\/schema\/logo\/image\/"},"sameAs":["https:\/\/www.facebook.com\/skaitytaknyga\/"]}]}},"_links":{"self":[{"href":"https:\/\/skaitytaknyga.lt\/en\/wp-json\/wp\/v2\/product\/19163","targetHints":{"allow":["GET"]}}],"collection":[{"href":"https:\/\/skaitytaknyga.lt\/en\/wp-json\/wp\/v2\/product"}],"about":[{"href":"https:\/\/skaitytaknyga.lt\/en\/wp-json\/wp\/v2\/types\/product"}],"replies":[{"embeddable":true,"href":"https:\/\/skaitytaknyga.lt\/en\/wp-json\/wp\/v2\/comments?post=19163"}],"wp:featuredmedia":[{"embeddable":true,"href":"https:\/\/skaitytaknyga.lt\/en\/wp-json\/wp\/v2\/media\/19162"}],"wp:attachment":[{"href":"https:\/\/skaitytaknyga.lt\/en\/wp-json\/wp\/v2\/media?parent=19163"}],"wp:term":[{"taxonomy":"product_brand","embeddable":true,"href":"https:\/\/skaitytaknyga.lt\/en\/wp-json\/wp\/v2\/product_brand?post=19163"},{"taxonomy":"product_cat","embeddable":true,"href":"https:\/\/skaitytaknyga.lt\/en\/wp-json\/wp\/v2\/product_cat?post=19163"},{"taxonomy":"product_tag","embeddable":true,"href":"https:\/\/skaitytaknyga.lt\/en\/wp-json\/wp\/v2\/product_tag?post=19163"}],"curies":[{"name":"wp","href":"https:\/\/api.w.org\/{rel}","templated":true}]}}