{"id":19159,"date":"2025-07-02T15:19:24","date_gmt":"2025-07-02T12:19:24","guid":{"rendered":"https:\/\/skaitytaknyga.lt\/?post_type=product&#038;p=19159"},"modified":"2025-07-02T15:59:47","modified_gmt":"2025-07-02T12:59:47","slug":"bardo-nuotykiai-ir-zygiai","status":"publish","type":"product","link":"https:\/\/skaitytaknyga.lt\/en\/produktas\/bardo-nuotykiai-ir-zygiai\/","title":{"rendered":"Bardo nuotykiai ir \u017eygiai"},"content":{"rendered":"<p>Vaik\u0173 m\u0117gstamo ra\u0161ytojo Jono Avy\u017eiaus sukurtas pasakojimas apie i\u0161tikim\u0105 \u0161eimos bi\u010diul\u012f niufaundlend\u0105 Bard\u0105, apie jo i\u0161daigas ir nepakartojamus nuotykius.<\/p>\n<p>\u0160ioje apysakoje jums papasakojau apie i\u0161tikim\u0105 m\u016bs\u0173 \u0161eimos bi\u010diul\u012f, kuris penkiolika met\u0173 savo buvimu \u0161ild\u0117 mums \u0161irdis ir linksmino kr\u0117sdamas nekaltas i\u0161daigas. Deja, ketveri metai ant jo kapelio vasar\u0105 \u017eydi g\u0117l\u0117s, o ruden\u012f \u0161aln\u0173 pak\u0105sti lapai tarsi gelsvi drugiai leid\u017eiasi ant paminklin\u0117s lentos su i\u0161kaltu u\u017era\u0161u: Niufaundlendas Bardas \u2013 knygos \u201eBardo nuotykiai ir \u017eygiai\u201c herojus. Galite visaip pagalvoti, ta\u010diau perskait\u0119 apysak\u0105 iki galo suprasite, kad grafas de Niufaundlendas, kaip a\u0161 juokais j\u012f pavadindavau smagaus \u0161\u0117lsmo valand\u0117l\u0117mis, tikrai nusipelno tokio pagerbimo.<\/p>\n<p>Kai kam i\u0161 j\u016bs\u0173 gali kilti mintis, kad Bardas b\u016bt\u0173 pagerbtas dar labiau, jeigu para\u0161y\u010diau apie j\u012f \u0161ios knygos t\u0119sin\u012f. Galimas daiktas, kad tokios pabaiga, kaip patys suprantate, neb\u016bt\u0173 linksma. O li\u016bdn\u0173 pasakojim\u0173 vaikai nem\u0117gsta.<\/p>\n<p>Taigi tegu \u0161aunusis ni\u016bfaundlendas Bardas vis\u0173 m\u016bs\u0173 atmintyje i\u0161lieka jaunas, kre\u010diantis smagias i\u0161daigas, u\u017e meil\u0119 atsid\u0117kojantis meile ir visad pasiry\u017e\u0119s paaukoti gyvyb\u0119 u\u017e \u017emog\u0173, kuriame jo narsi, klastos nepripa\u017e\u012fstanti \u0161irdis surado tikr\u0105 draug\u0105.<\/p>\n","protected":false},"excerpt":{"rendered":"<p>Vaik\u0173 m\u0117gstamo ra\u0161ytojo Jono Avy\u017eiaus sukurtas pasakojimas apie i\u0161tikim\u0105 \u0161eimos bi\u010diul\u012f niufaundlend\u0105 Bard\u0105, apie jo i\u0161daigas ir nepakartojamus nuotykius. \u0160ioje apysakoje jums papasakojau apie i\u0161tikim\u0105 m\u016bs\u0173 \u0161eimos bi\u010diul\u012f, kuris penkiolika met\u0173 savo buvimu \u0161ild\u0117 mums \u0161irdis ir linksmino kr\u0117sdamas nekaltas i\u0161daigas. Deja, ketveri metai ant jo kapelio vasar\u0105 \u017eydi g\u0117l\u0117s, o ruden\u012f \u0161aln\u0173 pak\u0105sti lapai tarsi gelsvi drugiai leid\u017eiasi ant paminklin\u0117s lentos su i\u0161kaltu u\u017era\u0161u: Niufaundlendas Bardas \u2013 knygos \u201eBardo nuotykiai ir \u017eygiai\u201c herojus. Galite visaip pagalvoti, ta\u010diau perskait\u0119 apysak\u0105 iki galo suprasite, kad grafas de Niufaundlendas, kaip a\u0161 juokais j\u012f pavadindavau smagaus \u0161\u0117lsmo valand\u0117l\u0117mis, tikrai nusipelno tokio pagerbimo. Kai kam i\u0161 j\u016bs\u0173 gali kilti mintis, kad Bardas b\u016bt\u0173 pagerbtas dar labiau, jeigu para\u0161y\u010diau apie j\u012f \u0161ios knygos t\u0119sin\u012f. Galimas daiktas, kad tokios pabaiga, kaip patys suprantate, neb\u016bt\u0173 linksma. O li\u016bdn\u0173 pasakojim\u0173 vaikai nem\u0117gsta. Taigi tegu \u0161aunusis ni\u016bfaundlendas Bardas vis\u0173 m\u016bs\u0173 atmintyje i\u0161lieka jaunas, kre\u010diantis smagias i\u0161daigas, u\u017e meil\u0119 atsid\u0117kojantis meile ir visad pasiry\u017e\u0119s paaukoti gyvyb\u0119 u\u017e \u017emog\u0173, kuriame jo narsi, klastos nepripa\u017e\u012fstanti \u0161irdis surado tikr\u0105 draug\u0105.<\/p>\n","protected":false},"featured_media":19188,"comment_status":"open","ping_status":"closed","template":"","meta":{"_acf_changed":false,"site-sidebar-layout":"default","site-content-layout":"","ast-site-content-layout":"default","site-content-style":"default","site-sidebar-style":"default","ast-global-header-display":"","ast-banner-title-visibility":"","ast-main-header-display":"","ast-hfb-above-header-display":"","ast-hfb-below-header-display":"","ast-hfb-mobile-header-display":"","site-post-title":"","ast-breadcrumbs-content":"","ast-featured-img":"","footer-sml-layout":"","ast-disable-related-posts":"","theme-transparent-header-meta":"default","adv-header-id-meta":"","stick-header-meta":"","header-above-stick-meta":"","header-main-stick-meta":"","header-below-stick-meta":"","astra-migrate-meta-layouts":"set","ast-page-background-enabled":"default","ast-page-background-meta":{"desktop":{"background-color":"","background-image":"","background-repeat":"repeat","background-position":"center center","background-size":"auto","background-attachment":"scroll","background-type":"","background-media":"","overlay-type":"","overlay-color":"","overlay-opacity":"","overlay-gradient":""},"tablet":{"background-color":"","background-image":"","background-repeat":"repeat","background-position":"center center","background-size":"auto","background-attachment":"scroll","background-type":"","background-media":"","overlay-type":"","overlay-color":"","overlay-opacity":"","overlay-gradient":""},"mobile":{"background-color":"","background-image":"","background-repeat":"repeat","background-position":"center center","background-size":"auto","background-attachment":"scroll","background-type":"","background-media":"","overlay-type":"","overlay-color":"","overlay-opacity":"","overlay-gradient":""}},"ast-content-background-meta":{"desktop":{"background-color":"var(--ast-global-color-4)","background-image":"","background-repeat":"repeat","background-position":"center center","background-size":"auto","background-attachment":"scroll","background-type":"","background-media":"","overlay-type":"","overlay-color":"","overlay-opacity":"","overlay-gradient":""},"tablet":{"background-color":"var(--ast-global-color-4)","background-image":"","background-repeat":"repeat","background-position":"center center","background-size":"auto","background-attachment":"scroll","background-type":"","background-media":"","overlay-type":"","overlay-color":"","overlay-opacity":"","overlay-gradient":""},"mobile":{"background-color":"var(--ast-global-color-4)","background-image":"","background-repeat":"repeat","background-position":"center center","background-size":"auto","background-attachment":"scroll","background-type":"","background-media":"","overlay-type":"","overlay-color":"","overlay-opacity":"","overlay-gradient":""}}},"product_brand":[],"product_cat":[15],"product_tag":[],"class_list":{"0":"post-19159","1":"product","2":"type-product","3":"status-publish","4":"has-post-thumbnail","6":"product_cat-uncategorized","7":"desktop-align-left","8":"tablet-align-left","9":"mobile-align-left","11":"first","12":"instock","13":"shipping-taxable","14":"purchasable","15":"product-type-simple"},"acf":[],"yoast_head":"<!-- This site is optimized with the Yoast SEO plugin v27.4 - https:\/\/yoast.com\/product\/yoast-seo-wordpress\/ -->\n<title>Bardo nuotykiai ir \u017eygiai<\/title>\n<meta name=\"description\" content=\"Vaik\u0173 m\u0117gstamo ra\u0161ytojo Jono Avy\u017eiaus sukurtas pasakojimas apie i\u0161tikim\u0105 \u0161eimos bi\u010diul\u012f niufaundlend\u0105 Bard\u0105, apie jo i\u0161daigas ir nepakartojamus nuotykius.\" \/>\n<meta name=\"robots\" content=\"index, follow, max-snippet:-1, max-image-preview:large, max-video-preview:-1\" \/>\n<link rel=\"canonical\" href=\"https:\/\/skaitytaknyga.lt\/en\/produktas\/bardo-nuotykiai-ir-zygiai\/\" \/>\n<meta property=\"og:locale\" content=\"en_GB\" \/>\n<meta property=\"og:locale:alternate\" content=\"lt_LT\" \/>\n<meta property=\"og:type\" content=\"article\" \/>\n<meta property=\"og:title\" content=\"Bardo nuotykiai ir \u017eygiai\" \/>\n<meta property=\"og:description\" content=\"Vaik\u0173 m\u0117gstamo ra\u0161ytojo Jono Avy\u017eiaus sukurtas pasakojimas apie i\u0161tikim\u0105 \u0161eimos bi\u010diul\u012f niufaundlend\u0105 Bard\u0105, apie jo i\u0161daigas ir nepakartojamus nuotykius.\" \/>\n<meta property=\"og:url\" content=\"https:\/\/skaitytaknyga.lt\/en\/produktas\/bardo-nuotykiai-ir-zygiai\/\" \/>\n<meta property=\"og:site_name\" content=\"Skaitytaknyga\" \/>\n<meta property=\"article:publisher\" content=\"https:\/\/www.facebook.com\/skaitytaknyga\/\" \/>\n<meta property=\"article:modified_time\" content=\"2025-07-02T12:59:47+00:00\" \/>\n<meta property=\"og:image\" content=\"https:\/\/skaitytaknyga.lt\/wp-content\/uploads\/2025\/07\/1505978632_jpg_0007.webp\" \/>\n\t<meta property=\"og:image:width\" content=\"746\" \/>\n\t<meta property=\"og:image:height\" content=\"801\" \/>\n\t<meta property=\"og:image:type\" content=\"image\/webp\" \/>\n<meta name=\"twitter:card\" content=\"summary_large_image\" \/>\n<meta name=\"twitter:label1\" content=\"Estimated reading time\" \/>\n\t<meta name=\"twitter:data1\" content=\"2 minutes\" \/>\n<script type=\"application\/ld+json\" class=\"yoast-schema-graph\">{\"@context\":\"https:\\\/\\\/schema.org\",\"@graph\":[{\"@type\":\"WebPage\",\"@id\":\"https:\\\/\\\/skaitytaknyga.lt\\\/produktas\\\/bardo-nuotykiai-ir-zygiai\\\/\",\"url\":\"https:\\\/\\\/skaitytaknyga.lt\\\/produktas\\\/bardo-nuotykiai-ir-zygiai\\\/\",\"name\":\"Bardo nuotykiai ir \u017eygiai\",\"isPartOf\":{\"@id\":\"https:\\\/\\\/skaitytaknyga.lt\\\/#website\"},\"primaryImageOfPage\":{\"@id\":\"https:\\\/\\\/skaitytaknyga.lt\\\/produktas\\\/bardo-nuotykiai-ir-zygiai\\\/#primaryimage\"},\"image\":{\"@id\":\"https:\\\/\\\/skaitytaknyga.lt\\\/produktas\\\/bardo-nuotykiai-ir-zygiai\\\/#primaryimage\"},\"thumbnailUrl\":\"https:\\\/\\\/skaitytaknyga.lt\\\/wp-content\\\/uploads\\\/2025\\\/07\\\/1505978632_jpg_0007.webp\",\"datePublished\":\"2025-07-02T12:19:24+00:00\",\"dateModified\":\"2025-07-02T12:59:47+00:00\",\"description\":\"Vaik\u0173 m\u0117gstamo ra\u0161ytojo Jono Avy\u017eiaus sukurtas pasakojimas apie i\u0161tikim\u0105 \u0161eimos bi\u010diul\u012f niufaundlend\u0105 Bard\u0105, apie jo i\u0161daigas ir nepakartojamus nuotykius.\",\"breadcrumb\":{\"@id\":\"https:\\\/\\\/skaitytaknyga.lt\\\/produktas\\\/bardo-nuotykiai-ir-zygiai\\\/#breadcrumb\"},\"inLanguage\":\"en-GB\",\"potentialAction\":[{\"@type\":\"ReadAction\",\"target\":[\"https:\\\/\\\/skaitytaknyga.lt\\\/produktas\\\/bardo-nuotykiai-ir-zygiai\\\/\"]}]},{\"@type\":\"ImageObject\",\"inLanguage\":\"en-GB\",\"@id\":\"https:\\\/\\\/skaitytaknyga.lt\\\/produktas\\\/bardo-nuotykiai-ir-zygiai\\\/#primaryimage\",\"url\":\"https:\\\/\\\/skaitytaknyga.lt\\\/wp-content\\\/uploads\\\/2025\\\/07\\\/1505978632_jpg_0007.webp\",\"contentUrl\":\"https:\\\/\\\/skaitytaknyga.lt\\\/wp-content\\\/uploads\\\/2025\\\/07\\\/1505978632_jpg_0007.webp\",\"width\":746,\"height\":801,\"caption\":\"Bardo nuotykiai ir \u017eygiai\"},{\"@type\":\"BreadcrumbList\",\"@id\":\"https:\\\/\\\/skaitytaknyga.lt\\\/produktas\\\/bardo-nuotykiai-ir-zygiai\\\/#breadcrumb\",\"itemListElement\":[{\"@type\":\"ListItem\",\"position\":1,\"name\":\"Home\",\"item\":\"https:\\\/\\\/skaitytaknyga.lt\\\/\"},{\"@type\":\"ListItem\",\"position\":2,\"name\":\"Parduotuv\u0117\",\"item\":\"https:\\\/\\\/skaitytaknyga.lt\\\/knygu-parduotuve\\\/\"},{\"@type\":\"ListItem\",\"position\":3,\"name\":\"Bardo nuotykiai ir \u017eygiai\"}]},{\"@type\":\"WebSite\",\"@id\":\"https:\\\/\\\/skaitytaknyga.lt\\\/#website\",\"url\":\"https:\\\/\\\/skaitytaknyga.lt\\\/\",\"name\":\"skaitytaknyga.lt\",\"description\":\"Skaitytaknyga.lt \u2013 tai ma\u017eas \u0161eimos verslas, kuris prasid\u0117jo nuo meil\u0117s knygoms ir siekio i\u0161gelb\u0117ti knygas nuo likimo prie konteinerio. Kas vienam nereikalingas daiktas \u2013 kitam lobis, o mes esame tarpininkai, kurie padeda abiems tapti laimingesniems ???? \u017dinome kaip nelengva i\u0161gyventi ma\u017eiems verslams, tad nuo \u0161iol, \u010dia rasite ir kit\u0173, ma\u017e\u0173 \u0161eim\u0173 versl\u0173, rank\u0173 darbo, dovan\u0173 sau ir artimiesiems.\",\"publisher\":{\"@id\":\"https:\\\/\\\/skaitytaknyga.lt\\\/#organization\"},\"potentialAction\":[{\"@type\":\"SearchAction\",\"target\":{\"@type\":\"EntryPoint\",\"urlTemplate\":\"https:\\\/\\\/skaitytaknyga.lt\\\/?s={search_term_string}\"},\"query-input\":{\"@type\":\"PropertyValueSpecification\",\"valueRequired\":true,\"valueName\":\"search_term_string\"}}],\"inLanguage\":\"en-GB\"},{\"@type\":\"Organization\",\"@id\":\"https:\\\/\\\/skaitytaknyga.lt\\\/#organization\",\"name\":\"skaitytaknyga.lt\",\"url\":\"https:\\\/\\\/skaitytaknyga.lt\\\/\",\"logo\":{\"@type\":\"ImageObject\",\"inLanguage\":\"en-GB\",\"@id\":\"https:\\\/\\\/skaitytaknyga.lt\\\/#\\\/schema\\\/logo\\\/image\\\/\",\"url\":\"https:\\\/\\\/skaitytaknyga.lt\\\/wp-content\\\/uploads\\\/2024\\\/05\\\/cropped-cropped-cropped-02_00843_jt3bggkj1j3HLc7SyY6rEUpg.jpeg\",\"contentUrl\":\"https:\\\/\\\/skaitytaknyga.lt\\\/wp-content\\\/uploads\\\/2024\\\/05\\\/cropped-cropped-cropped-02_00843_jt3bggkj1j3HLc7SyY6rEUpg.jpeg\",\"width\":1600,\"height\":1600,\"caption\":\"skaitytaknyga.lt\"},\"image\":{\"@id\":\"https:\\\/\\\/skaitytaknyga.lt\\\/#\\\/schema\\\/logo\\\/image\\\/\"},\"sameAs\":[\"https:\\\/\\\/www.facebook.com\\\/skaitytaknyga\\\/\"]}]}<\/script>\n<!-- \/ Yoast SEO plugin. -->","yoast_head_json":{"title":"Bardo nuotykiai ir \u017eygiai","description":"Vaik\u0173 m\u0117gstamo ra\u0161ytojo Jono Avy\u017eiaus sukurtas pasakojimas apie i\u0161tikim\u0105 \u0161eimos bi\u010diul\u012f niufaundlend\u0105 Bard\u0105, apie jo i\u0161daigas ir nepakartojamus nuotykius.","robots":{"index":"index","follow":"follow","max-snippet":"max-snippet:-1","max-image-preview":"max-image-preview:large","max-video-preview":"max-video-preview:-1"},"canonical":"https:\/\/skaitytaknyga.lt\/en\/produktas\/bardo-nuotykiai-ir-zygiai\/","og_locale":"en_GB","og_type":"article","og_title":"[:lt]Bardo nuotykiai ir \u017eygiai[:] - Skaitytaknyga","og_description":"Vaik\u0173 m\u0117gstamo ra\u0161ytojo Jono Avy\u017eiaus sukurtas pasakojimas apie i\u0161tikim\u0105 \u0161eimos bi\u010diul\u012f niufaundlend\u0105 Bard\u0105, apie jo i\u0161daigas ir nepakartojamus nuotykius.","og_url":"https:\/\/skaitytaknyga.lt\/en\/produktas\/bardo-nuotykiai-ir-zygiai\/","og_site_name":"Skaitytaknyga","article_publisher":"https:\/\/www.facebook.com\/skaitytaknyga\/","article_modified_time":"2025-07-02T12:59:47+00:00","og_image":[{"width":746,"height":801,"url":"https:\/\/skaitytaknyga.lt\/wp-content\/uploads\/2025\/07\/1505978632_jpg_0007.webp","type":"image\/webp"}],"twitter_card":"summary_large_image","twitter_misc":{"Estimated reading time":"2 minutes"},"schema":{"@context":"https:\/\/schema.org","@graph":[{"@type":"WebPage","@id":"https:\/\/skaitytaknyga.lt\/produktas\/bardo-nuotykiai-ir-zygiai\/","url":"https:\/\/skaitytaknyga.lt\/produktas\/bardo-nuotykiai-ir-zygiai\/","name":"Bardo nuotykiai ir \u017eygiai","isPartOf":{"@id":"https:\/\/skaitytaknyga.lt\/#website"},"primaryImageOfPage":{"@id":"https:\/\/skaitytaknyga.lt\/produktas\/bardo-nuotykiai-ir-zygiai\/#primaryimage"},"image":{"@id":"https:\/\/skaitytaknyga.lt\/produktas\/bardo-nuotykiai-ir-zygiai\/#primaryimage"},"thumbnailUrl":"https:\/\/skaitytaknyga.lt\/wp-content\/uploads\/2025\/07\/1505978632_jpg_0007.webp","datePublished":"2025-07-02T12:19:24+00:00","dateModified":"2025-07-02T12:59:47+00:00","description":"Vaik\u0173 m\u0117gstamo ra\u0161ytojo Jono Avy\u017eiaus sukurtas pasakojimas apie i\u0161tikim\u0105 \u0161eimos bi\u010diul\u012f niufaundlend\u0105 Bard\u0105, apie jo i\u0161daigas ir nepakartojamus nuotykius.","breadcrumb":{"@id":"https:\/\/skaitytaknyga.lt\/produktas\/bardo-nuotykiai-ir-zygiai\/#breadcrumb"},"inLanguage":"en-GB","potentialAction":[{"@type":"ReadAction","target":["https:\/\/skaitytaknyga.lt\/produktas\/bardo-nuotykiai-ir-zygiai\/"]}]},{"@type":"ImageObject","inLanguage":"en-GB","@id":"https:\/\/skaitytaknyga.lt\/produktas\/bardo-nuotykiai-ir-zygiai\/#primaryimage","url":"https:\/\/skaitytaknyga.lt\/wp-content\/uploads\/2025\/07\/1505978632_jpg_0007.webp","contentUrl":"https:\/\/skaitytaknyga.lt\/wp-content\/uploads\/2025\/07\/1505978632_jpg_0007.webp","width":746,"height":801,"caption":"Bardo nuotykiai ir \u017eygiai"},{"@type":"BreadcrumbList","@id":"https:\/\/skaitytaknyga.lt\/produktas\/bardo-nuotykiai-ir-zygiai\/#breadcrumb","itemListElement":[{"@type":"ListItem","position":1,"name":"Home","item":"https:\/\/skaitytaknyga.lt\/"},{"@type":"ListItem","position":2,"name":"Parduotuv\u0117","item":"https:\/\/skaitytaknyga.lt\/knygu-parduotuve\/"},{"@type":"ListItem","position":3,"name":"Bardo nuotykiai ir \u017eygiai"}]},{"@type":"WebSite","@id":"https:\/\/skaitytaknyga.lt\/#website","url":"https:\/\/skaitytaknyga.lt\/","name":"skaitytaknyga.lt","description":"Skaitytaknyga.lt \u2013 tai ma\u017eas \u0161eimos verslas, kuris prasid\u0117jo nuo meil\u0117s knygoms ir siekio i\u0161gelb\u0117ti knygas nuo likimo prie konteinerio. Kas vienam nereikalingas daiktas \u2013 kitam lobis, o mes esame tarpininkai, kurie padeda abiems tapti laimingesniems ???? \u017dinome kaip nelengva i\u0161gyventi ma\u017eiems verslams, tad nuo \u0161iol, \u010dia rasite ir kit\u0173, ma\u017e\u0173 \u0161eim\u0173 versl\u0173, rank\u0173 darbo, dovan\u0173 sau ir artimiesiems.","publisher":{"@id":"https:\/\/skaitytaknyga.lt\/#organization"},"potentialAction":[{"@type":"SearchAction","target":{"@type":"EntryPoint","urlTemplate":"https:\/\/skaitytaknyga.lt\/?s={search_term_string}"},"query-input":{"@type":"PropertyValueSpecification","valueRequired":true,"valueName":"search_term_string"}}],"inLanguage":"en-GB"},{"@type":"Organization","@id":"https:\/\/skaitytaknyga.lt\/#organization","name":"skaitytaknyga.lt","url":"https:\/\/skaitytaknyga.lt\/","logo":{"@type":"ImageObject","inLanguage":"en-GB","@id":"https:\/\/skaitytaknyga.lt\/#\/schema\/logo\/image\/","url":"https:\/\/skaitytaknyga.lt\/wp-content\/uploads\/2024\/05\/cropped-cropped-cropped-02_00843_jt3bggkj1j3HLc7SyY6rEUpg.jpeg","contentUrl":"https:\/\/skaitytaknyga.lt\/wp-content\/uploads\/2024\/05\/cropped-cropped-cropped-02_00843_jt3bggkj1j3HLc7SyY6rEUpg.jpeg","width":1600,"height":1600,"caption":"skaitytaknyga.lt"},"image":{"@id":"https:\/\/skaitytaknyga.lt\/#\/schema\/logo\/image\/"},"sameAs":["https:\/\/www.facebook.com\/skaitytaknyga\/"]}]}},"_links":{"self":[{"href":"https:\/\/skaitytaknyga.lt\/en\/wp-json\/wp\/v2\/product\/19159","targetHints":{"allow":["GET"]}}],"collection":[{"href":"https:\/\/skaitytaknyga.lt\/en\/wp-json\/wp\/v2\/product"}],"about":[{"href":"https:\/\/skaitytaknyga.lt\/en\/wp-json\/wp\/v2\/types\/product"}],"replies":[{"embeddable":true,"href":"https:\/\/skaitytaknyga.lt\/en\/wp-json\/wp\/v2\/comments?post=19159"}],"wp:featuredmedia":[{"embeddable":true,"href":"https:\/\/skaitytaknyga.lt\/en\/wp-json\/wp\/v2\/media\/19188"}],"wp:attachment":[{"href":"https:\/\/skaitytaknyga.lt\/en\/wp-json\/wp\/v2\/media?parent=19159"}],"wp:term":[{"taxonomy":"product_brand","embeddable":true,"href":"https:\/\/skaitytaknyga.lt\/en\/wp-json\/wp\/v2\/product_brand?post=19159"},{"taxonomy":"product_cat","embeddable":true,"href":"https:\/\/skaitytaknyga.lt\/en\/wp-json\/wp\/v2\/product_cat?post=19159"},{"taxonomy":"product_tag","embeddable":true,"href":"https:\/\/skaitytaknyga.lt\/en\/wp-json\/wp\/v2\/product_tag?post=19159"}],"curies":[{"name":"wp","href":"https:\/\/api.w.org\/{rel}","templated":true}]}}