{"id":19156,"date":"2025-07-02T15:16:33","date_gmt":"2025-07-02T12:16:33","guid":{"rendered":"https:\/\/skaitytaknyga.lt\/?post_type=product&#038;p=19156"},"modified":"2025-07-02T15:27:42","modified_gmt":"2025-07-02T12:27:42","slug":"prancuzija-kelioniu-vadovas","status":"publish","type":"product","link":"https:\/\/skaitytaknyga.lt\/en\/produktas\/prancuzija-kelioniu-vadovas\/","title":{"rendered":"Pranc\u016bzija. Kelioni\u0173 vadovas"},"content":{"rendered":"<p>DAUGYB\u0116 NUOTRAUK\u0172, ILIUSTRACIJ\u0172 IR \u017dEM\u0116LAPI\u0172<br \/>\nPRANC\u016aZIJOS SKONIAI \u2013VIETIN\u0116 PRODUKCIJA IR KLASIKINIAI PATIEKALAI<br \/>\nVIS\u0172 SVARBIAUSI\u0172 LANKYTIN\u0172 VIET\u0172 SKERSPJ\u016aVIAI IR AUK\u0160T\u0172 PLANAI<br \/>\nDID\u017dIULIS VIE\u0160BU\u010cI\u0172 IR RESTORAN\u0172 PASIRINKIMAS<br \/>\nLANKYTINOS VIETOS, PAPL\u016aDIMIAI, TURG\u016aS IR \u0160VENT\u0116S KIEKVIENAME MIESTE<br \/>\nVAIZDINGI MAR\u0160RUTAI IR TEMIN\u0116S KELION\u0116S<\/p>\n","protected":false},"excerpt":{"rendered":"<p>DAUGYB\u0116 NUOTRAUK\u0172, ILIUSTRACIJ\u0172 IR \u017dEM\u0116LAPI\u0172 PRANC\u016aZIJOS SKONIAI \u2013VIETIN\u0116 PRODUKCIJA IR KLASIKINIAI PATIEKALAI VIS\u0172 SVARBIAUSI\u0172 LANKYTIN\u0172 VIET\u0172 SKERSPJ\u016aVIAI IR AUK\u0160T\u0172 PLANAI DID\u017dIULIS VIE\u0160BU\u010cI\u0172 IR RESTORAN\u0172 PASIRINKIMAS LANKYTINOS VIETOS, PAPL\u016aDIMIAI, TURG\u016aS IR \u0160VENT\u0116S KIEKVIENAME MIESTE VAIZDINGI MAR\u0160RUTAI IR TEMIN\u0116S KELION\u0116S<\/p>\n","protected":false},"featured_media":19161,"comment_status":"open","ping_status":"closed","template":"","meta":{"_acf_changed":false,"site-sidebar-layout":"default","site-content-layout":"","ast-site-content-layout":"default","site-content-style":"default","site-sidebar-style":"default","ast-global-header-display":"","ast-banner-title-visibility":"","ast-main-header-display":"","ast-hfb-above-header-display":"","ast-hfb-below-header-display":"","ast-hfb-mobile-header-display":"","site-post-title":"","ast-breadcrumbs-content":"","ast-featured-img":"","footer-sml-layout":"","ast-disable-related-posts":"","theme-transparent-header-meta":"","adv-header-id-meta":"","stick-header-meta":"","header-above-stick-meta":"","header-main-stick-meta":"","header-below-stick-meta":"","astra-migrate-meta-layouts":"default","ast-page-background-enabled":"default","ast-page-background-meta":{"desktop":{"background-color":"","background-image":"","background-repeat":"repeat","background-position":"center center","background-size":"auto","background-attachment":"scroll","background-type":"","background-media":"","overlay-type":"","overlay-color":"","overlay-opacity":"","overlay-gradient":""},"tablet":{"background-color":"","background-image":"","background-repeat":"repeat","background-position":"center center","background-size":"auto","background-attachment":"scroll","background-type":"","background-media":"","overlay-type":"","overlay-color":"","overlay-opacity":"","overlay-gradient":""},"mobile":{"background-color":"","background-image":"","background-repeat":"repeat","background-position":"center center","background-size":"auto","background-attachment":"scroll","background-type":"","background-media":"","overlay-type":"","overlay-color":"","overlay-opacity":"","overlay-gradient":""}},"ast-content-background-meta":{"desktop":{"background-color":"var(--ast-global-color-4)","background-image":"","background-repeat":"repeat","background-position":"center center","background-size":"auto","background-attachment":"scroll","background-type":"","background-media":"","overlay-type":"","overlay-color":"","overlay-opacity":"","overlay-gradient":""},"tablet":{"background-color":"var(--ast-global-color-4)","background-image":"","background-repeat":"repeat","background-position":"center center","background-size":"auto","background-attachment":"scroll","background-type":"","background-media":"","overlay-type":"","overlay-color":"","overlay-opacity":"","overlay-gradient":""},"mobile":{"background-color":"var(--ast-global-color-4)","background-image":"","background-repeat":"repeat","background-position":"center center","background-size":"auto","background-attachment":"scroll","background-type":"","background-media":"","overlay-type":"","overlay-color":"","overlay-opacity":"","overlay-gradient":""}}},"product_brand":[],"product_cat":[15],"product_tag":[],"class_list":{"0":"post-19156","1":"product","2":"type-product","3":"status-publish","4":"has-post-thumbnail","6":"product_cat-uncategorized","7":"desktop-align-left","8":"tablet-align-left","9":"mobile-align-left","11":"first","12":"instock","13":"shipping-taxable","14":"purchasable","15":"product-type-simple"},"acf":[],"yoast_head":"<!-- This site is optimized with the Yoast SEO plugin v27.4 - https:\/\/yoast.com\/product\/yoast-seo-wordpress\/ -->\n<title>Pranc\u016bzija. Kelioni\u0173 vadovas<\/title>\n<meta name=\"description\" content=\"DAUGYB\u0116 NUOTRAUK\u0172, ILIUSTRACIJ\u0172 IR \u017dEM\u0116LAPI\u0172 PRANC\u016aZIJOS SKONIAI \u2013VIETIN\u0116 PRODUKCIJA IR KLASIKINIAI PATIEKALAI VIS\u0172 SVARBIAUSI\u0172 LANKYTIN\u0172 VIET\u0172\" \/>\n<meta name=\"robots\" content=\"index, follow, max-snippet:-1, max-image-preview:large, max-video-preview:-1\" \/>\n<link rel=\"canonical\" href=\"https:\/\/skaitytaknyga.lt\/en\/produktas\/prancuzija-kelioniu-vadovas\/\" \/>\n<meta property=\"og:locale\" content=\"en_GB\" \/>\n<meta property=\"og:locale:alternate\" content=\"lt_LT\" \/>\n<meta property=\"og:type\" content=\"article\" \/>\n<meta property=\"og:title\" content=\"Pranc\u016bzija. Kelioni\u0173 vadovas\" \/>\n<meta property=\"og:description\" content=\"DAUGYB\u0116 NUOTRAUK\u0172, ILIUSTRACIJ\u0172 IR \u017dEM\u0116LAPI\u0172 PRANC\u016aZIJOS SKONIAI \u2013VIETIN\u0116 PRODUKCIJA IR KLASIKINIAI PATIEKALAI VIS\u0172 SVARBIAUSI\u0172 LANKYTIN\u0172 VIET\u0172\" \/>\n<meta property=\"og:url\" content=\"https:\/\/skaitytaknyga.lt\/en\/produktas\/prancuzija-kelioniu-vadovas\/\" \/>\n<meta property=\"og:site_name\" content=\"Skaitytaknyga\" \/>\n<meta property=\"article:publisher\" content=\"https:\/\/www.facebook.com\/skaitytaknyga\/\" \/>\n<meta property=\"article:modified_time\" content=\"2025-07-02T12:27:42+00:00\" \/>\n<meta property=\"og:image\" content=\"https:\/\/skaitytaknyga.lt\/wp-content\/uploads\/2025\/07\/Prancuzija.-Kelioniu-vadovas.webp\" \/>\n\t<meta property=\"og:image:width\" content=\"470\" \/>\n\t<meta property=\"og:image:height\" content=\"801\" \/>\n\t<meta property=\"og:image:type\" content=\"image\/webp\" \/>\n<meta name=\"twitter:card\" content=\"summary_large_image\" \/>\n<script type=\"application\/ld+json\" class=\"yoast-schema-graph\">{\"@context\":\"https:\\\/\\\/schema.org\",\"@graph\":[{\"@type\":\"WebPage\",\"@id\":\"https:\\\/\\\/skaitytaknyga.lt\\\/produktas\\\/prancuzija-kelioniu-vadovas\\\/\",\"url\":\"https:\\\/\\\/skaitytaknyga.lt\\\/produktas\\\/prancuzija-kelioniu-vadovas\\\/\",\"name\":\"Pranc\u016bzija. Kelioni\u0173 vadovas\",\"isPartOf\":{\"@id\":\"https:\\\/\\\/skaitytaknyga.lt\\\/#website\"},\"primaryImageOfPage\":{\"@id\":\"https:\\\/\\\/skaitytaknyga.lt\\\/produktas\\\/prancuzija-kelioniu-vadovas\\\/#primaryimage\"},\"image\":{\"@id\":\"https:\\\/\\\/skaitytaknyga.lt\\\/produktas\\\/prancuzija-kelioniu-vadovas\\\/#primaryimage\"},\"thumbnailUrl\":\"https:\\\/\\\/skaitytaknyga.lt\\\/wp-content\\\/uploads\\\/2025\\\/07\\\/Prancuzija.-Kelioniu-vadovas.webp\",\"datePublished\":\"2025-07-02T12:16:33+00:00\",\"dateModified\":\"2025-07-02T12:27:42+00:00\",\"description\":\"DAUGYB\u0116 NUOTRAUK\u0172, ILIUSTRACIJ\u0172 IR \u017dEM\u0116LAPI\u0172 PRANC\u016aZIJOS SKONIAI \u2013VIETIN\u0116 PRODUKCIJA IR KLASIKINIAI PATIEKALAI VIS\u0172 SVARBIAUSI\u0172 LANKYTIN\u0172 VIET\u0172\",\"breadcrumb\":{\"@id\":\"https:\\\/\\\/skaitytaknyga.lt\\\/produktas\\\/prancuzija-kelioniu-vadovas\\\/#breadcrumb\"},\"inLanguage\":\"en-GB\",\"potentialAction\":[{\"@type\":\"ReadAction\",\"target\":[\"https:\\\/\\\/skaitytaknyga.lt\\\/produktas\\\/prancuzija-kelioniu-vadovas\\\/\"]}]},{\"@type\":\"ImageObject\",\"inLanguage\":\"en-GB\",\"@id\":\"https:\\\/\\\/skaitytaknyga.lt\\\/produktas\\\/prancuzija-kelioniu-vadovas\\\/#primaryimage\",\"url\":\"https:\\\/\\\/skaitytaknyga.lt\\\/wp-content\\\/uploads\\\/2025\\\/07\\\/Prancuzija.-Kelioniu-vadovas.webp\",\"contentUrl\":\"https:\\\/\\\/skaitytaknyga.lt\\\/wp-content\\\/uploads\\\/2025\\\/07\\\/Prancuzija.-Kelioniu-vadovas.webp\",\"width\":470,\"height\":801,\"caption\":\"Pranc\u016bzija. Kelioni\u0173 vadovas\"},{\"@type\":\"BreadcrumbList\",\"@id\":\"https:\\\/\\\/skaitytaknyga.lt\\\/produktas\\\/prancuzija-kelioniu-vadovas\\\/#breadcrumb\",\"itemListElement\":[{\"@type\":\"ListItem\",\"position\":1,\"name\":\"Home\",\"item\":\"https:\\\/\\\/skaitytaknyga.lt\\\/\"},{\"@type\":\"ListItem\",\"position\":2,\"name\":\"Parduotuv\u0117\",\"item\":\"https:\\\/\\\/skaitytaknyga.lt\\\/knygu-parduotuve\\\/\"},{\"@type\":\"ListItem\",\"position\":3,\"name\":\"Pranc\u016bzija. Kelioni\u0173 vadovas\"}]},{\"@type\":\"WebSite\",\"@id\":\"https:\\\/\\\/skaitytaknyga.lt\\\/#website\",\"url\":\"https:\\\/\\\/skaitytaknyga.lt\\\/\",\"name\":\"skaitytaknyga.lt\",\"description\":\"Skaitytaknyga.lt \u2013 tai ma\u017eas \u0161eimos verslas, kuris prasid\u0117jo nuo meil\u0117s knygoms ir siekio i\u0161gelb\u0117ti knygas nuo likimo prie konteinerio. Kas vienam nereikalingas daiktas \u2013 kitam lobis, o mes esame tarpininkai, kurie padeda abiems tapti laimingesniems ???? \u017dinome kaip nelengva i\u0161gyventi ma\u017eiems verslams, tad nuo \u0161iol, \u010dia rasite ir kit\u0173, ma\u017e\u0173 \u0161eim\u0173 versl\u0173, rank\u0173 darbo, dovan\u0173 sau ir artimiesiems.\",\"publisher\":{\"@id\":\"https:\\\/\\\/skaitytaknyga.lt\\\/#organization\"},\"potentialAction\":[{\"@type\":\"SearchAction\",\"target\":{\"@type\":\"EntryPoint\",\"urlTemplate\":\"https:\\\/\\\/skaitytaknyga.lt\\\/?s={search_term_string}\"},\"query-input\":{\"@type\":\"PropertyValueSpecification\",\"valueRequired\":true,\"valueName\":\"search_term_string\"}}],\"inLanguage\":\"en-GB\"},{\"@type\":\"Organization\",\"@id\":\"https:\\\/\\\/skaitytaknyga.lt\\\/#organization\",\"name\":\"skaitytaknyga.lt\",\"url\":\"https:\\\/\\\/skaitytaknyga.lt\\\/\",\"logo\":{\"@type\":\"ImageObject\",\"inLanguage\":\"en-GB\",\"@id\":\"https:\\\/\\\/skaitytaknyga.lt\\\/#\\\/schema\\\/logo\\\/image\\\/\",\"url\":\"https:\\\/\\\/skaitytaknyga.lt\\\/wp-content\\\/uploads\\\/2024\\\/05\\\/cropped-cropped-cropped-02_00843_jt3bggkj1j3HLc7SyY6rEUpg.jpeg\",\"contentUrl\":\"https:\\\/\\\/skaitytaknyga.lt\\\/wp-content\\\/uploads\\\/2024\\\/05\\\/cropped-cropped-cropped-02_00843_jt3bggkj1j3HLc7SyY6rEUpg.jpeg\",\"width\":1600,\"height\":1600,\"caption\":\"skaitytaknyga.lt\"},\"image\":{\"@id\":\"https:\\\/\\\/skaitytaknyga.lt\\\/#\\\/schema\\\/logo\\\/image\\\/\"},\"sameAs\":[\"https:\\\/\\\/www.facebook.com\\\/skaitytaknyga\\\/\"]}]}<\/script>\n<!-- \/ Yoast SEO plugin. -->","yoast_head_json":{"title":"Pranc\u016bzija. Kelioni\u0173 vadovas","description":"DAUGYB\u0116 NUOTRAUK\u0172, ILIUSTRACIJ\u0172 IR \u017dEM\u0116LAPI\u0172 PRANC\u016aZIJOS SKONIAI \u2013VIETIN\u0116 PRODUKCIJA IR KLASIKINIAI PATIEKALAI VIS\u0172 SVARBIAUSI\u0172 LANKYTIN\u0172 VIET\u0172","robots":{"index":"index","follow":"follow","max-snippet":"max-snippet:-1","max-image-preview":"max-image-preview:large","max-video-preview":"max-video-preview:-1"},"canonical":"https:\/\/skaitytaknyga.lt\/en\/produktas\/prancuzija-kelioniu-vadovas\/","og_locale":"en_GB","og_type":"article","og_title":"[:lt]Pranc\u016bzija. Kelioni\u0173 vadovas[:] - Skaitytaknyga","og_description":"DAUGYB\u0116 NUOTRAUK\u0172, ILIUSTRACIJ\u0172 IR \u017dEM\u0116LAPI\u0172 PRANC\u016aZIJOS SKONIAI \u2013VIETIN\u0116 PRODUKCIJA IR KLASIKINIAI PATIEKALAI VIS\u0172 SVARBIAUSI\u0172 LANKYTIN\u0172 VIET\u0172","og_url":"https:\/\/skaitytaknyga.lt\/en\/produktas\/prancuzija-kelioniu-vadovas\/","og_site_name":"Skaitytaknyga","article_publisher":"https:\/\/www.facebook.com\/skaitytaknyga\/","article_modified_time":"2025-07-02T12:27:42+00:00","og_image":[{"width":470,"height":801,"url":"https:\/\/skaitytaknyga.lt\/wp-content\/uploads\/2025\/07\/Prancuzija.-Kelioniu-vadovas.webp","type":"image\/webp"}],"twitter_card":"summary_large_image","schema":{"@context":"https:\/\/schema.org","@graph":[{"@type":"WebPage","@id":"https:\/\/skaitytaknyga.lt\/produktas\/prancuzija-kelioniu-vadovas\/","url":"https:\/\/skaitytaknyga.lt\/produktas\/prancuzija-kelioniu-vadovas\/","name":"Pranc\u016bzija. Kelioni\u0173 vadovas","isPartOf":{"@id":"https:\/\/skaitytaknyga.lt\/#website"},"primaryImageOfPage":{"@id":"https:\/\/skaitytaknyga.lt\/produktas\/prancuzija-kelioniu-vadovas\/#primaryimage"},"image":{"@id":"https:\/\/skaitytaknyga.lt\/produktas\/prancuzija-kelioniu-vadovas\/#primaryimage"},"thumbnailUrl":"https:\/\/skaitytaknyga.lt\/wp-content\/uploads\/2025\/07\/Prancuzija.-Kelioniu-vadovas.webp","datePublished":"2025-07-02T12:16:33+00:00","dateModified":"2025-07-02T12:27:42+00:00","description":"DAUGYB\u0116 NUOTRAUK\u0172, ILIUSTRACIJ\u0172 IR \u017dEM\u0116LAPI\u0172 PRANC\u016aZIJOS SKONIAI \u2013VIETIN\u0116 PRODUKCIJA IR KLASIKINIAI PATIEKALAI VIS\u0172 SVARBIAUSI\u0172 LANKYTIN\u0172 VIET\u0172","breadcrumb":{"@id":"https:\/\/skaitytaknyga.lt\/produktas\/prancuzija-kelioniu-vadovas\/#breadcrumb"},"inLanguage":"en-GB","potentialAction":[{"@type":"ReadAction","target":["https:\/\/skaitytaknyga.lt\/produktas\/prancuzija-kelioniu-vadovas\/"]}]},{"@type":"ImageObject","inLanguage":"en-GB","@id":"https:\/\/skaitytaknyga.lt\/produktas\/prancuzija-kelioniu-vadovas\/#primaryimage","url":"https:\/\/skaitytaknyga.lt\/wp-content\/uploads\/2025\/07\/Prancuzija.-Kelioniu-vadovas.webp","contentUrl":"https:\/\/skaitytaknyga.lt\/wp-content\/uploads\/2025\/07\/Prancuzija.-Kelioniu-vadovas.webp","width":470,"height":801,"caption":"Pranc\u016bzija. Kelioni\u0173 vadovas"},{"@type":"BreadcrumbList","@id":"https:\/\/skaitytaknyga.lt\/produktas\/prancuzija-kelioniu-vadovas\/#breadcrumb","itemListElement":[{"@type":"ListItem","position":1,"name":"Home","item":"https:\/\/skaitytaknyga.lt\/"},{"@type":"ListItem","position":2,"name":"Parduotuv\u0117","item":"https:\/\/skaitytaknyga.lt\/knygu-parduotuve\/"},{"@type":"ListItem","position":3,"name":"Pranc\u016bzija. Kelioni\u0173 vadovas"}]},{"@type":"WebSite","@id":"https:\/\/skaitytaknyga.lt\/#website","url":"https:\/\/skaitytaknyga.lt\/","name":"skaitytaknyga.lt","description":"Skaitytaknyga.lt \u2013 tai ma\u017eas \u0161eimos verslas, kuris prasid\u0117jo nuo meil\u0117s knygoms ir siekio i\u0161gelb\u0117ti knygas nuo likimo prie konteinerio. Kas vienam nereikalingas daiktas \u2013 kitam lobis, o mes esame tarpininkai, kurie padeda abiems tapti laimingesniems ???? \u017dinome kaip nelengva i\u0161gyventi ma\u017eiems verslams, tad nuo \u0161iol, \u010dia rasite ir kit\u0173, ma\u017e\u0173 \u0161eim\u0173 versl\u0173, rank\u0173 darbo, dovan\u0173 sau ir artimiesiems.","publisher":{"@id":"https:\/\/skaitytaknyga.lt\/#organization"},"potentialAction":[{"@type":"SearchAction","target":{"@type":"EntryPoint","urlTemplate":"https:\/\/skaitytaknyga.lt\/?s={search_term_string}"},"query-input":{"@type":"PropertyValueSpecification","valueRequired":true,"valueName":"search_term_string"}}],"inLanguage":"en-GB"},{"@type":"Organization","@id":"https:\/\/skaitytaknyga.lt\/#organization","name":"skaitytaknyga.lt","url":"https:\/\/skaitytaknyga.lt\/","logo":{"@type":"ImageObject","inLanguage":"en-GB","@id":"https:\/\/skaitytaknyga.lt\/#\/schema\/logo\/image\/","url":"https:\/\/skaitytaknyga.lt\/wp-content\/uploads\/2024\/05\/cropped-cropped-cropped-02_00843_jt3bggkj1j3HLc7SyY6rEUpg.jpeg","contentUrl":"https:\/\/skaitytaknyga.lt\/wp-content\/uploads\/2024\/05\/cropped-cropped-cropped-02_00843_jt3bggkj1j3HLc7SyY6rEUpg.jpeg","width":1600,"height":1600,"caption":"skaitytaknyga.lt"},"image":{"@id":"https:\/\/skaitytaknyga.lt\/#\/schema\/logo\/image\/"},"sameAs":["https:\/\/www.facebook.com\/skaitytaknyga\/"]}]}},"_links":{"self":[{"href":"https:\/\/skaitytaknyga.lt\/en\/wp-json\/wp\/v2\/product\/19156","targetHints":{"allow":["GET"]}}],"collection":[{"href":"https:\/\/skaitytaknyga.lt\/en\/wp-json\/wp\/v2\/product"}],"about":[{"href":"https:\/\/skaitytaknyga.lt\/en\/wp-json\/wp\/v2\/types\/product"}],"replies":[{"embeddable":true,"href":"https:\/\/skaitytaknyga.lt\/en\/wp-json\/wp\/v2\/comments?post=19156"}],"wp:featuredmedia":[{"embeddable":true,"href":"https:\/\/skaitytaknyga.lt\/en\/wp-json\/wp\/v2\/media\/19161"}],"wp:attachment":[{"href":"https:\/\/skaitytaknyga.lt\/en\/wp-json\/wp\/v2\/media?parent=19156"}],"wp:term":[{"taxonomy":"product_brand","embeddable":true,"href":"https:\/\/skaitytaknyga.lt\/en\/wp-json\/wp\/v2\/product_brand?post=19156"},{"taxonomy":"product_cat","embeddable":true,"href":"https:\/\/skaitytaknyga.lt\/en\/wp-json\/wp\/v2\/product_cat?post=19156"},{"taxonomy":"product_tag","embeddable":true,"href":"https:\/\/skaitytaknyga.lt\/en\/wp-json\/wp\/v2\/product_tag?post=19156"}],"curies":[{"name":"wp","href":"https:\/\/api.w.org\/{rel}","templated":true}]}}