{"id":19155,"date":"2025-07-02T15:16:33","date_gmt":"2025-07-02T12:16:33","guid":{"rendered":"https:\/\/skaitytaknyga.lt\/?post_type=product&#038;p=19155"},"modified":"2025-09-27T18:59:38","modified_gmt":"2025-09-27T15:59:38","slug":"lt-2","status":"publish","type":"product","link":"https:\/\/skaitytaknyga.lt\/en\/produktas\/lt-2\/","title":{"rendered":"Viena diena senov\u0117s Romoje"},"content":{"rendered":"<p>Alberto Angela (Alberto And\u017eela, g. 1962 m.) \u2013 ital\u0173 paleontologas, gamtos tyrin\u0117tojas ir ra\u0161ytojas. Italijoje jis geriausiai \u017einomas kaip mokslo populiarinimo laid\u0173 ved\u0117jas Rai Tre televizijos kanale.<\/p>\n<p>Eilin\u0117 diena. Roma, 115 m. po Kr. Valdo imperatorius Trajanas, valstyb\u0117 ple\u010diasi ir klesti. \u0160\u0117lstanti publika m\u0117gaujasi gladiatori\u0173 kautyn\u0117mis Koliziejuje. Tiberio pakrant\u0117se svaigulingai puotauja patricijai, o termos laukia kilming\u0173 klient\u0173 kasdien\u0117ms masa\u017e\u0173 ir kvapi\u0173j\u0173 aliej\u0173 proced\u016broms. Taip gyvena Romos imperija \u2013 ir visa tai dabar galima beveik matyti savo akimis. Nes knyga Viena diena Senov\u0117s Romoje\u201d leid\u017eia pagyventi dien\u0105 kaip tikram romie\u010diui: atsibusti, pusry\u010diauti, pasivaik\u0161\u010dioti miesto gatv\u0117mis. Alberto Angela nepailsdamas ved\u017eioja skaitytoj\u0105 po romie\u010di\u0173 pasaul\u012f: nuo 6 ryto, kai miestas pabunda, iki pat vidurnak\u010dio.<\/p>\n<p>Nuo tada, kai dominus pasir\u0105\u017eo lovoje, iki nakties, kai paskutiniai girtuokliai u\u017edaro tavernos duris ir dairosi nakvyn\u0117s. Senov\u0117s Rom\u0105 knygoje mes galime matyti, pajusti ir netgi u\u017euosti, bastytis po turting\u0173j\u0173 namus, besi\u017eavint prabangiai \u012frengtais interjerais, u\u017esukti \u012f virtuv\u0119 ir pasmalsauti, kas \u0161iandien gaminama pietums, aplankyti verg\u0173 turg\u0173 ir steb\u0117ti gladiatori\u0173 kovas Koliziejuje. Paklausyti Forume skaitom\u0173 eili\u0173 ir vie\u0161uose tualetuose pasakojam\u0173 juokeli\u0173, su\u017einoti, k\u0105 romie\u010diai galvojo apie tik\u0117jim\u0105 ir seks\u0105, kaip sprend\u0117 aplinkosaugos problemas ir kur mesdavo \u0161iuk\u0161les, i\u0161mokti paruo\u0161ti flamingo kepsn\u012f ir taisyklingai apsigobti tog\u0105.<\/p>\n<p>\u0160i\u0173 puslapi\u0173 tikslas \u2013 atgaivinti senov\u0117s Romos griuv\u0117sius parodant kasdien\u012f gyvenim\u0105, atsakant \u012f labai paprastus klausimus: koks buvo jausmas einant gatve? Kokie buvo praeivi\u0173 veidai? Kas matyti i\u0161 balkon\u0173? Kaip kvep\u0117jo maistas? Kokia lotyn\u0173 kalba skamb\u0117jo gatv\u0117se? Kaip pirmieji saul\u0117s spinduliai ap\u0161viesdavo Kapitolijaus \u0161ventyklas?\u201d<\/p>\n<p>\u0160i knyga skirta visiems, m\u0117gstantiems keliones laiku. Ir visiems, kurie planuoja kelion\u0119 \u012f Rom\u0105, o taip pat tiems, kurie ten jau buvo. Nes po \u201eVienos dienos Senov\u0117s Romoje\u201d atsiras daugyb\u0117 prie\u017eas\u010di\u0173 dar kart\u0105 sugr\u012f\u017eti \u012f Am\u017ein\u0105j\u012f miest\u0105.<\/p>\n","protected":false},"excerpt":{"rendered":"<p>Alberto Angela (Alberto And\u017eela, g. 1962 m.) \u2013 ital\u0173 paleontologas, gamtos tyrin\u0117tojas ir ra\u0161ytojas. Italijoje jis geriausiai \u017einomas kaip mokslo populiarinimo laid\u0173 ved\u0117jas Rai Tre televizijos kanale. Eilin\u0117 diena. Roma, 115 m. po Kr. Valdo imperatorius Trajanas, valstyb\u0117 ple\u010diasi ir klesti. \u0160\u0117lstanti publika m\u0117gaujasi gladiatori\u0173 kautyn\u0117mis Koliziejuje. Tiberio pakrant\u0117se svaigulingai puotauja patricijai, o termos laukia kilming\u0173 klient\u0173 kasdien\u0117ms masa\u017e\u0173 ir kvapi\u0173j\u0173 aliej\u0173 proced\u016broms. Taip gyvena Romos imperija \u2013 ir visa tai dabar galima beveik matyti savo akimis. Nes knyga Viena diena Senov\u0117s Romoje\u201d leid\u017eia pagyventi dien\u0105 kaip tikram romie\u010diui: atsibusti, pusry\u010diauti, pasivaik\u0161\u010dioti miesto gatv\u0117mis. Alberto Angela nepailsdamas ved\u017eioja skaitytoj\u0105 po romie\u010di\u0173 pasaul\u012f: nuo 6 ryto, kai miestas pabunda, iki pat vidurnak\u010dio. Nuo tada, kai dominus pasir\u0105\u017eo lovoje, iki nakties, kai paskutiniai girtuokliai u\u017edaro tavernos duris ir dairosi nakvyn\u0117s. Senov\u0117s Rom\u0105 knygoje mes galime matyti, pajusti ir netgi u\u017euosti, bastytis po turting\u0173j\u0173 namus, besi\u017eavint prabangiai \u012frengtais interjerais, u\u017esukti \u012f virtuv\u0119 ir pasmalsauti, kas \u0161iandien gaminama pietums, aplankyti verg\u0173 turg\u0173 ir steb\u0117ti gladiatori\u0173 kovas Koliziejuje. Paklausyti Forume skaitom\u0173 eili\u0173 ir vie\u0161uose tualetuose pasakojam\u0173 juokeli\u0173, su\u017einoti, k\u0105 romie\u010diai galvojo apie tik\u0117jim\u0105 ir seks\u0105, kaip sprend\u0117 aplinkosaugos problemas ir kur mesdavo \u0161iuk\u0161les, i\u0161mokti paruo\u0161ti flamingo kepsn\u012f ir taisyklingai apsigobti tog\u0105. \u0160i\u0173 puslapi\u0173 tikslas \u2013 atgaivinti senov\u0117s Romos griuv\u0117sius parodant kasdien\u012f gyvenim\u0105, atsakant \u012f labai paprastus klausimus: koks buvo jausmas einant gatve? Kokie buvo praeivi\u0173 veidai? Kas matyti i\u0161 balkon\u0173? Kaip kvep\u0117jo maistas? Kokia lotyn\u0173 kalba skamb\u0117jo gatv\u0117se? Kaip pirmieji saul\u0117s spinduliai ap\u0161viesdavo Kapitolijaus \u0161ventyklas?\u201d \u0160i knyga skirta visiems, m\u0117gstantiems keliones laiku. Ir visiems, kurie planuoja kelion\u0119 \u012f Rom\u0105, o taip pat tiems, kurie ten jau buvo. Nes po \u201eVienos dienos Senov\u0117s Romoje\u201d atsiras daugyb\u0117 prie\u017eas\u010di\u0173 dar kart\u0105 sugr\u012f\u017eti \u012f Am\u017ein\u0105j\u012f miest\u0105.<\/p>\n","protected":false},"featured_media":19166,"comment_status":"open","ping_status":"closed","template":"","meta":{"_acf_changed":false,"site-sidebar-layout":"default","site-content-layout":"","ast-site-content-layout":"default","site-content-style":"default","site-sidebar-style":"default","ast-global-header-display":"","ast-banner-title-visibility":"","ast-main-header-display":"","ast-hfb-above-header-display":"","ast-hfb-below-header-display":"","ast-hfb-mobile-header-display":"","site-post-title":"","ast-breadcrumbs-content":"","ast-featured-img":"","footer-sml-layout":"","ast-disable-related-posts":"","theme-transparent-header-meta":"","adv-header-id-meta":"","stick-header-meta":"","header-above-stick-meta":"","header-main-stick-meta":"","header-below-stick-meta":"","astra-migrate-meta-layouts":"default","ast-page-background-enabled":"default","ast-page-background-meta":{"desktop":{"background-color":"","background-image":"","background-repeat":"repeat","background-position":"center center","background-size":"auto","background-attachment":"scroll","background-type":"","background-media":"","overlay-type":"","overlay-color":"","overlay-opacity":"","overlay-gradient":""},"tablet":{"background-color":"","background-image":"","background-repeat":"repeat","background-position":"center center","background-size":"auto","background-attachment":"scroll","background-type":"","background-media":"","overlay-type":"","overlay-color":"","overlay-opacity":"","overlay-gradient":""},"mobile":{"background-color":"","background-image":"","background-repeat":"repeat","background-position":"center center","background-size":"auto","background-attachment":"scroll","background-type":"","background-media":"","overlay-type":"","overlay-color":"","overlay-opacity":"","overlay-gradient":""}},"ast-content-background-meta":{"desktop":{"background-color":"var(--ast-global-color-4)","background-image":"","background-repeat":"repeat","background-position":"center center","background-size":"auto","background-attachment":"scroll","background-type":"","background-media":"","overlay-type":"","overlay-color":"","overlay-opacity":"","overlay-gradient":""},"tablet":{"background-color":"var(--ast-global-color-4)","background-image":"","background-repeat":"repeat","background-position":"center center","background-size":"auto","background-attachment":"scroll","background-type":"","background-media":"","overlay-type":"","overlay-color":"","overlay-opacity":"","overlay-gradient":""},"mobile":{"background-color":"var(--ast-global-color-4)","background-image":"","background-repeat":"repeat","background-position":"center center","background-size":"auto","background-attachment":"scroll","background-type":"","background-media":"","overlay-type":"","overlay-color":"","overlay-opacity":"","overlay-gradient":""}}},"product_brand":[],"product_cat":[174],"product_tag":[],"class_list":{"0":"post-19155","1":"product","2":"type-product","3":"status-publish","4":"has-post-thumbnail","6":"product_cat-istorija-ir-politologija","7":"desktop-align-left","8":"tablet-align-left","9":"mobile-align-left","11":"first","12":"outofstock","13":"shipping-taxable","14":"purchasable","15":"product-type-simple"},"acf":[],"yoast_head":"<!-- This site is optimized with the Yoast SEO plugin v27.4 - https:\/\/yoast.com\/product\/yoast-seo-wordpress\/ -->\n<title>Viena diena senov\u0117s Romoje<\/title>\n<meta name=\"description\" content=\"Alberto Angela (Alberto And\u017eela, g. 1962 m.) \u2013 ital\u0173 paleontologas, gamtos tyrin\u0117tojas ir ra\u0161ytojas. Italijoje jis geriausiai \u017einomas kaip mokslo\" \/>\n<meta name=\"robots\" content=\"index, follow, max-snippet:-1, max-image-preview:large, max-video-preview:-1\" \/>\n<link rel=\"canonical\" href=\"https:\/\/skaitytaknyga.lt\/en\/produktas\/lt-2\/\" \/>\n<meta property=\"og:locale\" content=\"en_GB\" \/>\n<meta property=\"og:locale:alternate\" content=\"lt_LT\" \/>\n<meta property=\"og:type\" content=\"article\" \/>\n<meta property=\"og:title\" content=\"Viena diena senov\u0117s Romoje\" \/>\n<meta property=\"og:description\" content=\"Alberto Angela (Alberto And\u017eela, g. 1962 m.) \u2013 ital\u0173 paleontologas, gamtos tyrin\u0117tojas ir ra\u0161ytojas. Italijoje jis geriausiai \u017einomas kaip mokslo\" \/>\n<meta property=\"og:url\" content=\"https:\/\/skaitytaknyga.lt\/en\/produktas\/lt-2\/\" \/>\n<meta property=\"og:site_name\" content=\"Skaitytaknyga\" \/>\n<meta property=\"article:publisher\" content=\"https:\/\/www.facebook.com\/skaitytaknyga\/\" \/>\n<meta property=\"article:modified_time\" content=\"2025-09-27T15:59:38+00:00\" \/>\n<meta property=\"og:image\" content=\"https:\/\/skaitytaknyga.lt\/wp-content\/uploads\/2025\/07\/Viena-diena-senoves-Romoje.webp\" \/>\n\t<meta property=\"og:image:width\" content=\"400\" \/>\n\t<meta property=\"og:image:height\" content=\"578\" \/>\n\t<meta property=\"og:image:type\" content=\"image\/webp\" \/>\n<meta name=\"twitter:card\" content=\"summary_large_image\" \/>\n<meta name=\"twitter:label1\" content=\"Estimated reading time\" \/>\n\t<meta name=\"twitter:data1\" content=\"2 minutes\" \/>\n<script type=\"application\/ld+json\" class=\"yoast-schema-graph\">{\"@context\":\"https:\\\/\\\/schema.org\",\"@graph\":[{\"@type\":\"WebPage\",\"@id\":\"https:\\\/\\\/skaitytaknyga.lt\\\/produktas\\\/lt-2\\\/\",\"url\":\"https:\\\/\\\/skaitytaknyga.lt\\\/produktas\\\/lt-2\\\/\",\"name\":\"Viena diena senov\u0117s Romoje\",\"isPartOf\":{\"@id\":\"https:\\\/\\\/skaitytaknyga.lt\\\/#website\"},\"primaryImageOfPage\":{\"@id\":\"https:\\\/\\\/skaitytaknyga.lt\\\/produktas\\\/lt-2\\\/#primaryimage\"},\"image\":{\"@id\":\"https:\\\/\\\/skaitytaknyga.lt\\\/produktas\\\/lt-2\\\/#primaryimage\"},\"thumbnailUrl\":\"https:\\\/\\\/skaitytaknyga.lt\\\/wp-content\\\/uploads\\\/2025\\\/07\\\/Viena-diena-senoves-Romoje.webp\",\"datePublished\":\"2025-07-02T12:16:33+00:00\",\"dateModified\":\"2025-09-27T15:59:38+00:00\",\"description\":\"Alberto Angela (Alberto And\u017eela, g. 1962 m.) \u2013 ital\u0173 paleontologas, gamtos tyrin\u0117tojas ir ra\u0161ytojas. Italijoje jis geriausiai \u017einomas kaip mokslo\",\"breadcrumb\":{\"@id\":\"https:\\\/\\\/skaitytaknyga.lt\\\/produktas\\\/lt-2\\\/#breadcrumb\"},\"inLanguage\":\"en-GB\",\"potentialAction\":[{\"@type\":\"ReadAction\",\"target\":[\"https:\\\/\\\/skaitytaknyga.lt\\\/produktas\\\/lt-2\\\/\"]}]},{\"@type\":\"ImageObject\",\"inLanguage\":\"en-GB\",\"@id\":\"https:\\\/\\\/skaitytaknyga.lt\\\/produktas\\\/lt-2\\\/#primaryimage\",\"url\":\"https:\\\/\\\/skaitytaknyga.lt\\\/wp-content\\\/uploads\\\/2025\\\/07\\\/Viena-diena-senoves-Romoje.webp\",\"contentUrl\":\"https:\\\/\\\/skaitytaknyga.lt\\\/wp-content\\\/uploads\\\/2025\\\/07\\\/Viena-diena-senoves-Romoje.webp\",\"width\":400,\"height\":578,\"caption\":\"Viena diena senov\u0117s Romoje\"},{\"@type\":\"BreadcrumbList\",\"@id\":\"https:\\\/\\\/skaitytaknyga.lt\\\/produktas\\\/lt-2\\\/#breadcrumb\",\"itemListElement\":[{\"@type\":\"ListItem\",\"position\":1,\"name\":\"Home\",\"item\":\"https:\\\/\\\/skaitytaknyga.lt\\\/\"},{\"@type\":\"ListItem\",\"position\":2,\"name\":\"Parduotuv\u0117\",\"item\":\"https:\\\/\\\/skaitytaknyga.lt\\\/knygu-parduotuve\\\/\"},{\"@type\":\"ListItem\",\"position\":3,\"name\":\"Viena diena senov\u0117s Romoje\"}]},{\"@type\":\"WebSite\",\"@id\":\"https:\\\/\\\/skaitytaknyga.lt\\\/#website\",\"url\":\"https:\\\/\\\/skaitytaknyga.lt\\\/\",\"name\":\"skaitytaknyga.lt\",\"description\":\"Skaitytaknyga.lt \u2013 tai ma\u017eas \u0161eimos verslas, kuris prasid\u0117jo nuo meil\u0117s knygoms ir siekio i\u0161gelb\u0117ti knygas nuo likimo prie konteinerio. Kas vienam nereikalingas daiktas \u2013 kitam lobis, o mes esame tarpininkai, kurie padeda abiems tapti laimingesniems ???? \u017dinome kaip nelengva i\u0161gyventi ma\u017eiems verslams, tad nuo \u0161iol, \u010dia rasite ir kit\u0173, ma\u017e\u0173 \u0161eim\u0173 versl\u0173, rank\u0173 darbo, dovan\u0173 sau ir artimiesiems.\",\"publisher\":{\"@id\":\"https:\\\/\\\/skaitytaknyga.lt\\\/#organization\"},\"potentialAction\":[{\"@type\":\"SearchAction\",\"target\":{\"@type\":\"EntryPoint\",\"urlTemplate\":\"https:\\\/\\\/skaitytaknyga.lt\\\/?s={search_term_string}\"},\"query-input\":{\"@type\":\"PropertyValueSpecification\",\"valueRequired\":true,\"valueName\":\"search_term_string\"}}],\"inLanguage\":\"en-GB\"},{\"@type\":\"Organization\",\"@id\":\"https:\\\/\\\/skaitytaknyga.lt\\\/#organization\",\"name\":\"skaitytaknyga.lt\",\"url\":\"https:\\\/\\\/skaitytaknyga.lt\\\/\",\"logo\":{\"@type\":\"ImageObject\",\"inLanguage\":\"en-GB\",\"@id\":\"https:\\\/\\\/skaitytaknyga.lt\\\/#\\\/schema\\\/logo\\\/image\\\/\",\"url\":\"https:\\\/\\\/skaitytaknyga.lt\\\/wp-content\\\/uploads\\\/2024\\\/05\\\/cropped-cropped-cropped-02_00843_jt3bggkj1j3HLc7SyY6rEUpg.jpeg\",\"contentUrl\":\"https:\\\/\\\/skaitytaknyga.lt\\\/wp-content\\\/uploads\\\/2024\\\/05\\\/cropped-cropped-cropped-02_00843_jt3bggkj1j3HLc7SyY6rEUpg.jpeg\",\"width\":1600,\"height\":1600,\"caption\":\"skaitytaknyga.lt\"},\"image\":{\"@id\":\"https:\\\/\\\/skaitytaknyga.lt\\\/#\\\/schema\\\/logo\\\/image\\\/\"},\"sameAs\":[\"https:\\\/\\\/www.facebook.com\\\/skaitytaknyga\\\/\"]}]}<\/script>\n<!-- \/ Yoast SEO plugin. -->","yoast_head_json":{"title":"Viena diena senov\u0117s Romoje","description":"Alberto Angela (Alberto And\u017eela, g. 1962 m.) \u2013 ital\u0173 paleontologas, gamtos tyrin\u0117tojas ir ra\u0161ytojas. Italijoje jis geriausiai \u017einomas kaip mokslo","robots":{"index":"index","follow":"follow","max-snippet":"max-snippet:-1","max-image-preview":"max-image-preview:large","max-video-preview":"max-video-preview:-1"},"canonical":"https:\/\/skaitytaknyga.lt\/en\/produktas\/lt-2\/","og_locale":"en_GB","og_type":"article","og_title":"[:lt]Viena diena senov\u0117s Romoje[:] - Skaitytaknyga","og_description":"Alberto Angela (Alberto And\u017eela, g. 1962 m.) \u2013 ital\u0173 paleontologas, gamtos tyrin\u0117tojas ir ra\u0161ytojas. Italijoje jis geriausiai \u017einomas kaip mokslo","og_url":"https:\/\/skaitytaknyga.lt\/en\/produktas\/lt-2\/","og_site_name":"Skaitytaknyga","article_publisher":"https:\/\/www.facebook.com\/skaitytaknyga\/","article_modified_time":"2025-09-27T15:59:38+00:00","og_image":[{"width":400,"height":578,"url":"https:\/\/skaitytaknyga.lt\/wp-content\/uploads\/2025\/07\/Viena-diena-senoves-Romoje.webp","type":"image\/webp"}],"twitter_card":"summary_large_image","twitter_misc":{"Estimated reading time":"2 minutes"},"schema":{"@context":"https:\/\/schema.org","@graph":[{"@type":"WebPage","@id":"https:\/\/skaitytaknyga.lt\/produktas\/lt-2\/","url":"https:\/\/skaitytaknyga.lt\/produktas\/lt-2\/","name":"Viena diena senov\u0117s Romoje","isPartOf":{"@id":"https:\/\/skaitytaknyga.lt\/#website"},"primaryImageOfPage":{"@id":"https:\/\/skaitytaknyga.lt\/produktas\/lt-2\/#primaryimage"},"image":{"@id":"https:\/\/skaitytaknyga.lt\/produktas\/lt-2\/#primaryimage"},"thumbnailUrl":"https:\/\/skaitytaknyga.lt\/wp-content\/uploads\/2025\/07\/Viena-diena-senoves-Romoje.webp","datePublished":"2025-07-02T12:16:33+00:00","dateModified":"2025-09-27T15:59:38+00:00","description":"Alberto Angela (Alberto And\u017eela, g. 1962 m.) \u2013 ital\u0173 paleontologas, gamtos tyrin\u0117tojas ir ra\u0161ytojas. Italijoje jis geriausiai \u017einomas kaip mokslo","breadcrumb":{"@id":"https:\/\/skaitytaknyga.lt\/produktas\/lt-2\/#breadcrumb"},"inLanguage":"en-GB","potentialAction":[{"@type":"ReadAction","target":["https:\/\/skaitytaknyga.lt\/produktas\/lt-2\/"]}]},{"@type":"ImageObject","inLanguage":"en-GB","@id":"https:\/\/skaitytaknyga.lt\/produktas\/lt-2\/#primaryimage","url":"https:\/\/skaitytaknyga.lt\/wp-content\/uploads\/2025\/07\/Viena-diena-senoves-Romoje.webp","contentUrl":"https:\/\/skaitytaknyga.lt\/wp-content\/uploads\/2025\/07\/Viena-diena-senoves-Romoje.webp","width":400,"height":578,"caption":"Viena diena senov\u0117s Romoje"},{"@type":"BreadcrumbList","@id":"https:\/\/skaitytaknyga.lt\/produktas\/lt-2\/#breadcrumb","itemListElement":[{"@type":"ListItem","position":1,"name":"Home","item":"https:\/\/skaitytaknyga.lt\/"},{"@type":"ListItem","position":2,"name":"Parduotuv\u0117","item":"https:\/\/skaitytaknyga.lt\/knygu-parduotuve\/"},{"@type":"ListItem","position":3,"name":"Viena diena senov\u0117s Romoje"}]},{"@type":"WebSite","@id":"https:\/\/skaitytaknyga.lt\/#website","url":"https:\/\/skaitytaknyga.lt\/","name":"skaitytaknyga.lt","description":"Skaitytaknyga.lt \u2013 tai ma\u017eas \u0161eimos verslas, kuris prasid\u0117jo nuo meil\u0117s knygoms ir siekio i\u0161gelb\u0117ti knygas nuo likimo prie konteinerio. Kas vienam nereikalingas daiktas \u2013 kitam lobis, o mes esame tarpininkai, kurie padeda abiems tapti laimingesniems ???? \u017dinome kaip nelengva i\u0161gyventi ma\u017eiems verslams, tad nuo \u0161iol, \u010dia rasite ir kit\u0173, ma\u017e\u0173 \u0161eim\u0173 versl\u0173, rank\u0173 darbo, dovan\u0173 sau ir artimiesiems.","publisher":{"@id":"https:\/\/skaitytaknyga.lt\/#organization"},"potentialAction":[{"@type":"SearchAction","target":{"@type":"EntryPoint","urlTemplate":"https:\/\/skaitytaknyga.lt\/?s={search_term_string}"},"query-input":{"@type":"PropertyValueSpecification","valueRequired":true,"valueName":"search_term_string"}}],"inLanguage":"en-GB"},{"@type":"Organization","@id":"https:\/\/skaitytaknyga.lt\/#organization","name":"skaitytaknyga.lt","url":"https:\/\/skaitytaknyga.lt\/","logo":{"@type":"ImageObject","inLanguage":"en-GB","@id":"https:\/\/skaitytaknyga.lt\/#\/schema\/logo\/image\/","url":"https:\/\/skaitytaknyga.lt\/wp-content\/uploads\/2024\/05\/cropped-cropped-cropped-02_00843_jt3bggkj1j3HLc7SyY6rEUpg.jpeg","contentUrl":"https:\/\/skaitytaknyga.lt\/wp-content\/uploads\/2024\/05\/cropped-cropped-cropped-02_00843_jt3bggkj1j3HLc7SyY6rEUpg.jpeg","width":1600,"height":1600,"caption":"skaitytaknyga.lt"},"image":{"@id":"https:\/\/skaitytaknyga.lt\/#\/schema\/logo\/image\/"},"sameAs":["https:\/\/www.facebook.com\/skaitytaknyga\/"]}]}},"_links":{"self":[{"href":"https:\/\/skaitytaknyga.lt\/en\/wp-json\/wp\/v2\/product\/19155","targetHints":{"allow":["GET"]}}],"collection":[{"href":"https:\/\/skaitytaknyga.lt\/en\/wp-json\/wp\/v2\/product"}],"about":[{"href":"https:\/\/skaitytaknyga.lt\/en\/wp-json\/wp\/v2\/types\/product"}],"replies":[{"embeddable":true,"href":"https:\/\/skaitytaknyga.lt\/en\/wp-json\/wp\/v2\/comments?post=19155"}],"wp:featuredmedia":[{"embeddable":true,"href":"https:\/\/skaitytaknyga.lt\/en\/wp-json\/wp\/v2\/media\/19166"}],"wp:attachment":[{"href":"https:\/\/skaitytaknyga.lt\/en\/wp-json\/wp\/v2\/media?parent=19155"}],"wp:term":[{"taxonomy":"product_brand","embeddable":true,"href":"https:\/\/skaitytaknyga.lt\/en\/wp-json\/wp\/v2\/product_brand?post=19155"},{"taxonomy":"product_cat","embeddable":true,"href":"https:\/\/skaitytaknyga.lt\/en\/wp-json\/wp\/v2\/product_cat?post=19155"},{"taxonomy":"product_tag","embeddable":true,"href":"https:\/\/skaitytaknyga.lt\/en\/wp-json\/wp\/v2\/product_tag?post=19155"}],"curies":[{"name":"wp","href":"https:\/\/api.w.org\/{rel}","templated":true}]}}