{"id":19153,"date":"2025-07-02T15:16:32","date_gmt":"2025-07-02T12:16:32","guid":{"rendered":"https:\/\/skaitytaknyga.lt\/?post_type=product&#038;p=19153"},"modified":"2025-07-02T15:27:42","modified_gmt":"2025-07-02T12:27:42","slug":"elonas-muskas-tesla-spacex-ir-fantastines-ateities-paieskos","status":"publish","type":"product","link":"https:\/\/skaitytaknyga.lt\/en\/produktas\/elonas-muskas-tesla-spacex-ir-fantastines-ateities-paieskos\/","title":{"rendered":"Elonas Muskas: \u201eTesla\u201c, \u201eSpaceX\u201c ir fantastin\u0117s ateities paie\u0161kos"},"content":{"rendered":"<p>Tarptautinis bestseleris<br \/>\nNew York Times bestseleris<br \/>\nOne of the Best Books of the Year by The Wall Street Journal<br \/>\n#1 Business bestseller UK knygynuose Waterstones<\/p>\n<p>\u201eManai, a\u0161 nenormalus?&#8221; Tokiu intriguojan\u010diu E. Musko klausimu pradedamas biografinis Ashlee Vance pasakojimas apie genijaus i\u0161 Piet\u0173 Afrikos kelion\u0119 \u012f pasaulin\u012f verslo elit\u0105. \u0160i kelion\u0117 kupina pakilim\u0173 ir nuosmuki\u0173, i\u0161bandym\u0173 ir triumfo akimirk\u0173, o svarbiausia \u2013 atsidavimo savo darbui, id\u0117joms ir siekiui pakeisti pasaul\u012f. \u201eNor\u0117\u010diau mirti \u017einodamas, kad \u017emonijos laukia \u0161viesi ateitis&#8221;, \u2013 sako E. Muskas. Ir tai n\u0117ra tu\u0161ti pa\u017eadai! Tik jam vienam \u017einomu b\u016bdu jis sugeb\u0117jo vienu metu pasiekti did\u017eiausi\u0105 de\u0161imtme\u010dio pa\u017eang\u0105 kosmoso, automobili\u0173 ir energetikos sektoriuose.<\/p>\n<p>E. Musko sukurta bendrov\u0117 \u201eSpaceX&#8221; nuskraidino atsarg\u0173 kapsul\u0119 \u012f Tarptautin\u0119 kosmin\u0119 stot\u012f ir saugiai sugr\u0105\u017eino j\u0105 atgal \u012f \u017dem\u0119. Tai privert\u0117 nutilti Elono at\u017evilgiu skepti\u0161kiausiai nusiteikusius mokslininkus net gin\u010duose apie, regis, utopi\u0161k\u0105 jo id\u0117j\u0105 \u2013 Marso apgyvendinim\u0105. Kita jo bendrov\u0117, \u201eTesla Motors&#8221;, suk\u016br\u0117 \u201eModel S&#8221;, o v\u0117liau \u2013 ir visureig\u012f \u201eModel X&#8221; \u2013 i\u0161skirtinius elektra varomus automobilius, at\u0117musius am\u0105 visai automobili\u0173 pramonei. Ir tai \u2212 dar ne viskas. E. Muskas yra spar\u010diai augan\u010dios saul\u0117s energetikos \u012fmon\u0117s \u201eSolar City&#8221; \u012fk\u016br\u0117jas.<\/p>\n<p>Taigi \u0161i knyga \u2013 apie E. Musko pasaul\u012f, kuriame mokslin\u0117 fantastika paver\u010diama realybe. Nenustebkite, jei artimiausioje ateityje mes visi vienaip ar kitaip tapsime jo pasaulio dalimi.<\/p>\n","protected":false},"excerpt":{"rendered":"<p>Tarptautinis bestseleris New York Times bestseleris One of the Best Books of the Year by The Wall Street Journal #1 Business bestseller UK knygynuose Waterstones \u201eManai, a\u0161 nenormalus?&#8221; Tokiu intriguojan\u010diu E. Musko klausimu pradedamas biografinis Ashlee Vance pasakojimas apie genijaus i\u0161 Piet\u0173 Afrikos kelion\u0119 \u012f pasaulin\u012f verslo elit\u0105. \u0160i kelion\u0117 kupina pakilim\u0173 ir nuosmuki\u0173, i\u0161bandym\u0173 ir triumfo akimirk\u0173, o svarbiausia \u2013 atsidavimo savo darbui, id\u0117joms ir siekiui pakeisti pasaul\u012f. \u201eNor\u0117\u010diau mirti \u017einodamas, kad \u017emonijos laukia \u0161viesi ateitis&#8221;, \u2013 sako E. Muskas. Ir tai n\u0117ra tu\u0161ti pa\u017eadai! Tik jam vienam \u017einomu b\u016bdu jis sugeb\u0117jo vienu metu pasiekti did\u017eiausi\u0105 de\u0161imtme\u010dio pa\u017eang\u0105 kosmoso, automobili\u0173 ir energetikos sektoriuose. E. Musko sukurta bendrov\u0117 \u201eSpaceX&#8221; nuskraidino atsarg\u0173 kapsul\u0119 \u012f Tarptautin\u0119 kosmin\u0119 stot\u012f ir saugiai sugr\u0105\u017eino j\u0105 atgal \u012f \u017dem\u0119. Tai privert\u0117 nutilti Elono at\u017evilgiu skepti\u0161kiausiai nusiteikusius mokslininkus net gin\u010duose apie, regis, utopi\u0161k\u0105 jo id\u0117j\u0105 \u2013 Marso apgyvendinim\u0105. Kita jo bendrov\u0117, \u201eTesla Motors&#8221;, suk\u016br\u0117 \u201eModel S&#8221;, o v\u0117liau \u2013 ir visureig\u012f \u201eModel X&#8221; \u2013 i\u0161skirtinius elektra varomus automobilius, at\u0117musius am\u0105 visai automobili\u0173 pramonei. Ir tai \u2212 dar ne viskas. E. Muskas yra spar\u010diai augan\u010dios saul\u0117s energetikos \u012fmon\u0117s \u201eSolar City&#8221; \u012fk\u016br\u0117jas. Taigi \u0161i knyga \u2013 apie E. Musko pasaul\u012f, kuriame mokslin\u0117 fantastika paver\u010diama realybe. Nenustebkite, jei artimiausioje ateityje mes visi vienaip ar kitaip tapsime jo pasaulio dalimi.<\/p>\n","protected":false},"featured_media":19158,"comment_status":"open","ping_status":"closed","template":"","meta":{"_acf_changed":false,"site-sidebar-layout":"default","site-content-layout":"","ast-site-content-layout":"default","site-content-style":"default","site-sidebar-style":"default","ast-global-header-display":"","ast-banner-title-visibility":"","ast-main-header-display":"","ast-hfb-above-header-display":"","ast-hfb-below-header-display":"","ast-hfb-mobile-header-display":"","site-post-title":"","ast-breadcrumbs-content":"","ast-featured-img":"","footer-sml-layout":"","ast-disable-related-posts":"","theme-transparent-header-meta":"","adv-header-id-meta":"","stick-header-meta":"","header-above-stick-meta":"","header-main-stick-meta":"","header-below-stick-meta":"","astra-migrate-meta-layouts":"default","ast-page-background-enabled":"default","ast-page-background-meta":{"desktop":{"background-color":"","background-image":"","background-repeat":"repeat","background-position":"center center","background-size":"auto","background-attachment":"scroll","background-type":"","background-media":"","overlay-type":"","overlay-color":"","overlay-opacity":"","overlay-gradient":""},"tablet":{"background-color":"","background-image":"","background-repeat":"repeat","background-position":"center center","background-size":"auto","background-attachment":"scroll","background-type":"","background-media":"","overlay-type":"","overlay-color":"","overlay-opacity":"","overlay-gradient":""},"mobile":{"background-color":"","background-image":"","background-repeat":"repeat","background-position":"center center","background-size":"auto","background-attachment":"scroll","background-type":"","background-media":"","overlay-type":"","overlay-color":"","overlay-opacity":"","overlay-gradient":""}},"ast-content-background-meta":{"desktop":{"background-color":"var(--ast-global-color-4)","background-image":"","background-repeat":"repeat","background-position":"center center","background-size":"auto","background-attachment":"scroll","background-type":"","background-media":"","overlay-type":"","overlay-color":"","overlay-opacity":"","overlay-gradient":""},"tablet":{"background-color":"var(--ast-global-color-4)","background-image":"","background-repeat":"repeat","background-position":"center center","background-size":"auto","background-attachment":"scroll","background-type":"","background-media":"","overlay-type":"","overlay-color":"","overlay-opacity":"","overlay-gradient":""},"mobile":{"background-color":"var(--ast-global-color-4)","background-image":"","background-repeat":"repeat","background-position":"center center","background-size":"auto","background-attachment":"scroll","background-type":"","background-media":"","overlay-type":"","overlay-color":"","overlay-opacity":"","overlay-gradient":""}}},"product_brand":[],"product_cat":[15],"product_tag":[],"class_list":{"0":"post-19153","1":"product","2":"type-product","3":"status-publish","4":"has-post-thumbnail","6":"product_cat-uncategorized","7":"desktop-align-left","8":"tablet-align-left","9":"mobile-align-left","11":"first","12":"instock","13":"shipping-taxable","14":"purchasable","15":"product-type-simple"},"acf":[],"yoast_head":"<!-- This site is optimized with the Yoast SEO plugin v27.4 - https:\/\/yoast.com\/product\/yoast-seo-wordpress\/ -->\n<title>Elonas Muskas: \u201eTesla\u201c, \u201eSpaceX\u201c ir fantastin\u0117s ateities paie\u0161kos<\/title>\n<meta name=\"description\" content=\"Tarptautinis bestseleris New York Times bestseleris One of the Best Books of the Year by The Wall Street Journal #1 Business bestseller UK knygynuose\" \/>\n<meta name=\"robots\" content=\"index, follow, max-snippet:-1, max-image-preview:large, max-video-preview:-1\" \/>\n<link rel=\"canonical\" href=\"https:\/\/skaitytaknyga.lt\/en\/produktas\/elonas-muskas-tesla-spacex-ir-fantastines-ateities-paieskos\/\" \/>\n<meta property=\"og:locale\" content=\"en_GB\" \/>\n<meta property=\"og:locale:alternate\" content=\"lt_LT\" \/>\n<meta property=\"og:type\" content=\"article\" \/>\n<meta property=\"og:title\" content=\"Elonas Muskas: \u201eTesla\u201c, \u201eSpaceX\u201c ir fantastin\u0117s ateities paie\u0161kos\" \/>\n<meta property=\"og:description\" content=\"Tarptautinis bestseleris New York Times bestseleris One of the Best Books of the Year by The Wall Street Journal #1 Business bestseller UK knygynuose\" \/>\n<meta property=\"og:url\" content=\"https:\/\/skaitytaknyga.lt\/en\/produktas\/elonas-muskas-tesla-spacex-ir-fantastines-ateities-paieskos\/\" \/>\n<meta property=\"og:site_name\" content=\"Skaitytaknyga\" \/>\n<meta property=\"article:publisher\" content=\"https:\/\/www.facebook.com\/skaitytaknyga\/\" \/>\n<meta property=\"article:modified_time\" content=\"2025-07-02T12:27:42+00:00\" \/>\n<meta property=\"og:image\" content=\"https:\/\/skaitytaknyga.lt\/wp-content\/uploads\/2025\/07\/Elonas-Muskas-\u201eTesla-\u201eSpaceX-ir-fantastines-ateities-paieskos.webp\" \/>\n\t<meta property=\"og:image:width\" content=\"541\" \/>\n\t<meta property=\"og:image:height\" content=\"801\" \/>\n\t<meta property=\"og:image:type\" content=\"image\/webp\" \/>\n<meta name=\"twitter:card\" content=\"summary_large_image\" \/>\n<meta name=\"twitter:label1\" content=\"Estimated reading time\" \/>\n\t<meta name=\"twitter:data1\" content=\"1 minute\" \/>\n<script type=\"application\/ld+json\" class=\"yoast-schema-graph\">{\"@context\":\"https:\\\/\\\/schema.org\",\"@graph\":[{\"@type\":\"WebPage\",\"@id\":\"https:\\\/\\\/skaitytaknyga.lt\\\/produktas\\\/elonas-muskas-tesla-spacex-ir-fantastines-ateities-paieskos\\\/\",\"url\":\"https:\\\/\\\/skaitytaknyga.lt\\\/produktas\\\/elonas-muskas-tesla-spacex-ir-fantastines-ateities-paieskos\\\/\",\"name\":\"Elonas Muskas: \u201eTesla\u201c, \u201eSpaceX\u201c ir fantastin\u0117s ateities paie\u0161kos\",\"isPartOf\":{\"@id\":\"https:\\\/\\\/skaitytaknyga.lt\\\/#website\"},\"primaryImageOfPage\":{\"@id\":\"https:\\\/\\\/skaitytaknyga.lt\\\/produktas\\\/elonas-muskas-tesla-spacex-ir-fantastines-ateities-paieskos\\\/#primaryimage\"},\"image\":{\"@id\":\"https:\\\/\\\/skaitytaknyga.lt\\\/produktas\\\/elonas-muskas-tesla-spacex-ir-fantastines-ateities-paieskos\\\/#primaryimage\"},\"thumbnailUrl\":\"https:\\\/\\\/skaitytaknyga.lt\\\/wp-content\\\/uploads\\\/2025\\\/07\\\/Elonas-Muskas-\u201eTesla-\u201eSpaceX-ir-fantastines-ateities-paieskos.webp\",\"datePublished\":\"2025-07-02T12:16:32+00:00\",\"dateModified\":\"2025-07-02T12:27:42+00:00\",\"description\":\"Tarptautinis bestseleris New York Times bestseleris One of the Best Books of the Year by The Wall Street Journal #1 Business bestseller UK knygynuose\",\"breadcrumb\":{\"@id\":\"https:\\\/\\\/skaitytaknyga.lt\\\/produktas\\\/elonas-muskas-tesla-spacex-ir-fantastines-ateities-paieskos\\\/#breadcrumb\"},\"inLanguage\":\"en-GB\",\"potentialAction\":[{\"@type\":\"ReadAction\",\"target\":[\"https:\\\/\\\/skaitytaknyga.lt\\\/produktas\\\/elonas-muskas-tesla-spacex-ir-fantastines-ateities-paieskos\\\/\"]}]},{\"@type\":\"ImageObject\",\"inLanguage\":\"en-GB\",\"@id\":\"https:\\\/\\\/skaitytaknyga.lt\\\/produktas\\\/elonas-muskas-tesla-spacex-ir-fantastines-ateities-paieskos\\\/#primaryimage\",\"url\":\"https:\\\/\\\/skaitytaknyga.lt\\\/wp-content\\\/uploads\\\/2025\\\/07\\\/Elonas-Muskas-\u201eTesla-\u201eSpaceX-ir-fantastines-ateities-paieskos.webp\",\"contentUrl\":\"https:\\\/\\\/skaitytaknyga.lt\\\/wp-content\\\/uploads\\\/2025\\\/07\\\/Elonas-Muskas-\u201eTesla-\u201eSpaceX-ir-fantastines-ateities-paieskos.webp\",\"width\":541,\"height\":801},{\"@type\":\"BreadcrumbList\",\"@id\":\"https:\\\/\\\/skaitytaknyga.lt\\\/produktas\\\/elonas-muskas-tesla-spacex-ir-fantastines-ateities-paieskos\\\/#breadcrumb\",\"itemListElement\":[{\"@type\":\"ListItem\",\"position\":1,\"name\":\"Home\",\"item\":\"https:\\\/\\\/skaitytaknyga.lt\\\/\"},{\"@type\":\"ListItem\",\"position\":2,\"name\":\"Parduotuv\u0117\",\"item\":\"https:\\\/\\\/skaitytaknyga.lt\\\/knygu-parduotuve\\\/\"},{\"@type\":\"ListItem\",\"position\":3,\"name\":\"Elonas Muskas: \u201eTesla\u201c, \u201eSpaceX\u201c ir fantastin\u0117s ateities paie\u0161kos\"}]},{\"@type\":\"WebSite\",\"@id\":\"https:\\\/\\\/skaitytaknyga.lt\\\/#website\",\"url\":\"https:\\\/\\\/skaitytaknyga.lt\\\/\",\"name\":\"skaitytaknyga.lt\",\"description\":\"Skaitytaknyga.lt \u2013 tai ma\u017eas \u0161eimos verslas, kuris prasid\u0117jo nuo meil\u0117s knygoms ir siekio i\u0161gelb\u0117ti knygas nuo likimo prie konteinerio. Kas vienam nereikalingas daiktas \u2013 kitam lobis, o mes esame tarpininkai, kurie padeda abiems tapti laimingesniems ???? \u017dinome kaip nelengva i\u0161gyventi ma\u017eiems verslams, tad nuo \u0161iol, \u010dia rasite ir kit\u0173, ma\u017e\u0173 \u0161eim\u0173 versl\u0173, rank\u0173 darbo, dovan\u0173 sau ir artimiesiems.\",\"publisher\":{\"@id\":\"https:\\\/\\\/skaitytaknyga.lt\\\/#organization\"},\"potentialAction\":[{\"@type\":\"SearchAction\",\"target\":{\"@type\":\"EntryPoint\",\"urlTemplate\":\"https:\\\/\\\/skaitytaknyga.lt\\\/?s={search_term_string}\"},\"query-input\":{\"@type\":\"PropertyValueSpecification\",\"valueRequired\":true,\"valueName\":\"search_term_string\"}}],\"inLanguage\":\"en-GB\"},{\"@type\":\"Organization\",\"@id\":\"https:\\\/\\\/skaitytaknyga.lt\\\/#organization\",\"name\":\"skaitytaknyga.lt\",\"url\":\"https:\\\/\\\/skaitytaknyga.lt\\\/\",\"logo\":{\"@type\":\"ImageObject\",\"inLanguage\":\"en-GB\",\"@id\":\"https:\\\/\\\/skaitytaknyga.lt\\\/#\\\/schema\\\/logo\\\/image\\\/\",\"url\":\"https:\\\/\\\/skaitytaknyga.lt\\\/wp-content\\\/uploads\\\/2024\\\/05\\\/cropped-cropped-cropped-02_00843_jt3bggkj1j3HLc7SyY6rEUpg.jpeg\",\"contentUrl\":\"https:\\\/\\\/skaitytaknyga.lt\\\/wp-content\\\/uploads\\\/2024\\\/05\\\/cropped-cropped-cropped-02_00843_jt3bggkj1j3HLc7SyY6rEUpg.jpeg\",\"width\":1600,\"height\":1600,\"caption\":\"skaitytaknyga.lt\"},\"image\":{\"@id\":\"https:\\\/\\\/skaitytaknyga.lt\\\/#\\\/schema\\\/logo\\\/image\\\/\"},\"sameAs\":[\"https:\\\/\\\/www.facebook.com\\\/skaitytaknyga\\\/\"]}]}<\/script>\n<!-- \/ Yoast SEO plugin. -->","yoast_head_json":{"title":"Elonas Muskas: \u201eTesla\u201c, \u201eSpaceX\u201c ir fantastin\u0117s ateities paie\u0161kos","description":"Tarptautinis bestseleris New York Times bestseleris One of the Best Books of the Year by The Wall Street Journal #1 Business bestseller UK knygynuose","robots":{"index":"index","follow":"follow","max-snippet":"max-snippet:-1","max-image-preview":"max-image-preview:large","max-video-preview":"max-video-preview:-1"},"canonical":"https:\/\/skaitytaknyga.lt\/en\/produktas\/elonas-muskas-tesla-spacex-ir-fantastines-ateities-paieskos\/","og_locale":"en_GB","og_type":"article","og_title":"[:lt]Elonas Muskas: \u201eTesla\u201c, \u201eSpaceX\u201c ir fantastin\u0117s ateities paie\u0161kos[:] - Skaitytaknyga","og_description":"Tarptautinis bestseleris New York Times bestseleris One of the Best Books of the Year by The Wall Street Journal #1 Business bestseller UK knygynuose","og_url":"https:\/\/skaitytaknyga.lt\/en\/produktas\/elonas-muskas-tesla-spacex-ir-fantastines-ateities-paieskos\/","og_site_name":"Skaitytaknyga","article_publisher":"https:\/\/www.facebook.com\/skaitytaknyga\/","article_modified_time":"2025-07-02T12:27:42+00:00","og_image":[{"width":541,"height":801,"url":"https:\/\/skaitytaknyga.lt\/wp-content\/uploads\/2025\/07\/Elonas-Muskas-\u201eTesla-\u201eSpaceX-ir-fantastines-ateities-paieskos.webp","type":"image\/webp"}],"twitter_card":"summary_large_image","twitter_misc":{"Estimated reading time":"1 minute"},"schema":{"@context":"https:\/\/schema.org","@graph":[{"@type":"WebPage","@id":"https:\/\/skaitytaknyga.lt\/produktas\/elonas-muskas-tesla-spacex-ir-fantastines-ateities-paieskos\/","url":"https:\/\/skaitytaknyga.lt\/produktas\/elonas-muskas-tesla-spacex-ir-fantastines-ateities-paieskos\/","name":"Elonas Muskas: \u201eTesla\u201c, \u201eSpaceX\u201c ir fantastin\u0117s ateities paie\u0161kos","isPartOf":{"@id":"https:\/\/skaitytaknyga.lt\/#website"},"primaryImageOfPage":{"@id":"https:\/\/skaitytaknyga.lt\/produktas\/elonas-muskas-tesla-spacex-ir-fantastines-ateities-paieskos\/#primaryimage"},"image":{"@id":"https:\/\/skaitytaknyga.lt\/produktas\/elonas-muskas-tesla-spacex-ir-fantastines-ateities-paieskos\/#primaryimage"},"thumbnailUrl":"https:\/\/skaitytaknyga.lt\/wp-content\/uploads\/2025\/07\/Elonas-Muskas-\u201eTesla-\u201eSpaceX-ir-fantastines-ateities-paieskos.webp","datePublished":"2025-07-02T12:16:32+00:00","dateModified":"2025-07-02T12:27:42+00:00","description":"Tarptautinis bestseleris New York Times bestseleris One of the Best Books of the Year by The Wall Street Journal #1 Business bestseller UK knygynuose","breadcrumb":{"@id":"https:\/\/skaitytaknyga.lt\/produktas\/elonas-muskas-tesla-spacex-ir-fantastines-ateities-paieskos\/#breadcrumb"},"inLanguage":"en-GB","potentialAction":[{"@type":"ReadAction","target":["https:\/\/skaitytaknyga.lt\/produktas\/elonas-muskas-tesla-spacex-ir-fantastines-ateities-paieskos\/"]}]},{"@type":"ImageObject","inLanguage":"en-GB","@id":"https:\/\/skaitytaknyga.lt\/produktas\/elonas-muskas-tesla-spacex-ir-fantastines-ateities-paieskos\/#primaryimage","url":"https:\/\/skaitytaknyga.lt\/wp-content\/uploads\/2025\/07\/Elonas-Muskas-\u201eTesla-\u201eSpaceX-ir-fantastines-ateities-paieskos.webp","contentUrl":"https:\/\/skaitytaknyga.lt\/wp-content\/uploads\/2025\/07\/Elonas-Muskas-\u201eTesla-\u201eSpaceX-ir-fantastines-ateities-paieskos.webp","width":541,"height":801},{"@type":"BreadcrumbList","@id":"https:\/\/skaitytaknyga.lt\/produktas\/elonas-muskas-tesla-spacex-ir-fantastines-ateities-paieskos\/#breadcrumb","itemListElement":[{"@type":"ListItem","position":1,"name":"Home","item":"https:\/\/skaitytaknyga.lt\/"},{"@type":"ListItem","position":2,"name":"Parduotuv\u0117","item":"https:\/\/skaitytaknyga.lt\/knygu-parduotuve\/"},{"@type":"ListItem","position":3,"name":"Elonas Muskas: \u201eTesla\u201c, \u201eSpaceX\u201c ir fantastin\u0117s ateities paie\u0161kos"}]},{"@type":"WebSite","@id":"https:\/\/skaitytaknyga.lt\/#website","url":"https:\/\/skaitytaknyga.lt\/","name":"skaitytaknyga.lt","description":"Skaitytaknyga.lt \u2013 tai ma\u017eas \u0161eimos verslas, kuris prasid\u0117jo nuo meil\u0117s knygoms ir siekio i\u0161gelb\u0117ti knygas nuo likimo prie konteinerio. Kas vienam nereikalingas daiktas \u2013 kitam lobis, o mes esame tarpininkai, kurie padeda abiems tapti laimingesniems ???? \u017dinome kaip nelengva i\u0161gyventi ma\u017eiems verslams, tad nuo \u0161iol, \u010dia rasite ir kit\u0173, ma\u017e\u0173 \u0161eim\u0173 versl\u0173, rank\u0173 darbo, dovan\u0173 sau ir artimiesiems.","publisher":{"@id":"https:\/\/skaitytaknyga.lt\/#organization"},"potentialAction":[{"@type":"SearchAction","target":{"@type":"EntryPoint","urlTemplate":"https:\/\/skaitytaknyga.lt\/?s={search_term_string}"},"query-input":{"@type":"PropertyValueSpecification","valueRequired":true,"valueName":"search_term_string"}}],"inLanguage":"en-GB"},{"@type":"Organization","@id":"https:\/\/skaitytaknyga.lt\/#organization","name":"skaitytaknyga.lt","url":"https:\/\/skaitytaknyga.lt\/","logo":{"@type":"ImageObject","inLanguage":"en-GB","@id":"https:\/\/skaitytaknyga.lt\/#\/schema\/logo\/image\/","url":"https:\/\/skaitytaknyga.lt\/wp-content\/uploads\/2024\/05\/cropped-cropped-cropped-02_00843_jt3bggkj1j3HLc7SyY6rEUpg.jpeg","contentUrl":"https:\/\/skaitytaknyga.lt\/wp-content\/uploads\/2024\/05\/cropped-cropped-cropped-02_00843_jt3bggkj1j3HLc7SyY6rEUpg.jpeg","width":1600,"height":1600,"caption":"skaitytaknyga.lt"},"image":{"@id":"https:\/\/skaitytaknyga.lt\/#\/schema\/logo\/image\/"},"sameAs":["https:\/\/www.facebook.com\/skaitytaknyga\/"]}]}},"_links":{"self":[{"href":"https:\/\/skaitytaknyga.lt\/en\/wp-json\/wp\/v2\/product\/19153","targetHints":{"allow":["GET"]}}],"collection":[{"href":"https:\/\/skaitytaknyga.lt\/en\/wp-json\/wp\/v2\/product"}],"about":[{"href":"https:\/\/skaitytaknyga.lt\/en\/wp-json\/wp\/v2\/types\/product"}],"replies":[{"embeddable":true,"href":"https:\/\/skaitytaknyga.lt\/en\/wp-json\/wp\/v2\/comments?post=19153"}],"wp:featuredmedia":[{"embeddable":true,"href":"https:\/\/skaitytaknyga.lt\/en\/wp-json\/wp\/v2\/media\/19158"}],"wp:attachment":[{"href":"https:\/\/skaitytaknyga.lt\/en\/wp-json\/wp\/v2\/media?parent=19153"}],"wp:term":[{"taxonomy":"product_brand","embeddable":true,"href":"https:\/\/skaitytaknyga.lt\/en\/wp-json\/wp\/v2\/product_brand?post=19153"},{"taxonomy":"product_cat","embeddable":true,"href":"https:\/\/skaitytaknyga.lt\/en\/wp-json\/wp\/v2\/product_cat?post=19153"},{"taxonomy":"product_tag","embeddable":true,"href":"https:\/\/skaitytaknyga.lt\/en\/wp-json\/wp\/v2\/product_tag?post=19153"}],"curies":[{"name":"wp","href":"https:\/\/api.w.org\/{rel}","templated":true}]}}