{"id":19142,"date":"2025-07-02T14:46:02","date_gmt":"2025-07-02T11:46:02","guid":{"rendered":"https:\/\/skaitytaknyga.lt\/?post_type=product&#038;p=19142"},"modified":"2026-03-18T09:28:29","modified_gmt":"2026-03-18T07:28:29","slug":"laiskai-is-kabulo","status":"publish","type":"product","link":"https:\/\/skaitytaknyga.lt\/en\/produktas\/laiskai-is-kabulo\/","title":{"rendered":"Lai\u0161kai i\u0161 Kabulo"},"content":{"rendered":"<p>\u201eKabule gyvensi? KABULE??? Tame, kuris Afganistane?.. Kabulas&#8230; Hmmm.\u201c Toks buvo vienas i\u0161 pirm\u0173j\u0173 lai\u0161k\u0173, kuri\u0173 sulaukiau draugams prane\u0161usi, kad kraustausi \u012f kar\u0105. Tuomet \u012f bi\u010diulio nuostab\u0105 atsakiau \u0161ypsen\u0117le. Bet jei b\u016b\u010diau \u017einojusi, kur pirmiausia pakli\u016bsiu, gal b\u016b\u010diau prirai\u010diusi dar daugiau klaustuk\u0173.<\/p>\n<p>Egl\u0117 Digryt\u0117 (g. 1980 m.) \u2013 \u017eurnalist\u0117, dirbusi \u012fvairiuose nacionaliniuose dienra\u0161\u010diuose, naujien\u0173 portaluose. Afganistane pirm\u0105 kart\u0105 lank\u0117si 2009 m. apra\u0161yti ten tarnavusi\u0173 Lietuvos kari\u0173 gyvenimo. 2010\u20132011 m. \u0117jo Europos S\u0105jungos atstovyb\u0117s ir specialiojo pasiuntinio Afganistane Vygaudo U\u0161acko patar\u0117jos komunikacijos klausimais pareigas.<\/p>\n<p>Afganistane nuolat turi suktis i\u0161 pad\u0117ties, nes retai kas b\u016bna taip, kaip namie. Kaip gatv\u0117je susikalb\u0117ti su policininku, kuris nemoka jokios kitos, tik gimt\u0105j\u0105 kalb\u0105? Kaip nusiplauti muil\u0105, kai besimaudant du\u0161e liaujasi b\u0117g\u0119s vanduo? Kaip pareiti sutemus, jei neturi \u017eibintuv\u0117lio, aplink \u2013 n\u0117 \u017eiburio, o danguje \u2013 nei m\u0117nulio, nei \u017evaig\u017ed\u017ei\u0173? K\u0105 daryti, jei namie aptinki ant kilimo \u012fsitaisius\u012f skorpion\u0105? K\u0105 valgyti, kai \u0161aldytuvas tu\u0161\u010dias, nes vakar netur\u0117jai laiko nuva\u017eiuoti \u012f parduotuv\u0119, o \u0161iandien jau nebegalima, nes miest\u0105 drebina sprogimai?<\/p>\n<p>Visi galvoja, kad ten blogai. Ir i\u0161 tikr\u0173j\u0173 blogai, bet autor\u0117 palengva sklaido \u0161i\u0105 \u0161al\u012f gaubian\u010dius mitus, pasakoja apie kunkuliuojant\u012f gyvenim\u0105, \u017emones ir kult\u016br\u0105, kit\u0105 religij\u0105 ir kitokius papro\u010dius, savit\u0105 po\u017ei\u016br\u012f \u012f moteris ir vakarie\u010dius ir atvirai \u012fsp\u0117ja apie gresian\u010dius pavojus.<\/p>\n","protected":false},"excerpt":{"rendered":"<p>\u201eKabule gyvensi? KABULE??? Tame, kuris Afganistane?.. Kabulas&#8230; Hmmm.\u201c Toks buvo vienas i\u0161 pirm\u0173j\u0173 lai\u0161k\u0173, kuri\u0173 sulaukiau draugams prane\u0161usi, kad kraustausi \u012f kar\u0105. Tuomet \u012f bi\u010diulio nuostab\u0105 atsakiau \u0161ypsen\u0117le. Bet jei b\u016b\u010diau \u017einojusi, kur pirmiausia pakli\u016bsiu, gal b\u016b\u010diau prirai\u010diusi dar daugiau klaustuk\u0173. Egl\u0117 Digryt\u0117 (g. 1980 m.) \u2013 \u017eurnalist\u0117, dirbusi \u012fvairiuose nacionaliniuose dienra\u0161\u010diuose, naujien\u0173 portaluose. Afganistane pirm\u0105 kart\u0105 lank\u0117si 2009 m. apra\u0161yti ten tarnavusi\u0173 Lietuvos kari\u0173 gyvenimo. 2010\u20132011 m. \u0117jo Europos S\u0105jungos atstovyb\u0117s ir specialiojo pasiuntinio Afganistane Vygaudo U\u0161acko patar\u0117jos komunikacijos klausimais pareigas. Afganistane nuolat turi suktis i\u0161 pad\u0117ties, nes retai kas b\u016bna taip, kaip namie. Kaip gatv\u0117je susikalb\u0117ti su policininku, kuris nemoka jokios kitos, tik gimt\u0105j\u0105 kalb\u0105? Kaip nusiplauti muil\u0105, kai besimaudant du\u0161e liaujasi b\u0117g\u0119s vanduo? Kaip pareiti sutemus, jei neturi \u017eibintuv\u0117lio, aplink \u2013 n\u0117 \u017eiburio, o danguje \u2013 nei m\u0117nulio, nei \u017evaig\u017ed\u017ei\u0173? K\u0105 daryti, jei namie aptinki ant kilimo \u012fsitaisius\u012f skorpion\u0105? K\u0105 valgyti, kai \u0161aldytuvas tu\u0161\u010dias, nes vakar netur\u0117jai laiko nuva\u017eiuoti \u012f parduotuv\u0119, o \u0161iandien jau nebegalima, nes miest\u0105 drebina sprogimai? Visi galvoja, kad ten blogai. Ir i\u0161 tikr\u0173j\u0173 blogai, bet autor\u0117 palengva sklaido \u0161i\u0105 \u0161al\u012f gaubian\u010dius mitus, pasakoja apie kunkuliuojant\u012f gyvenim\u0105, \u017emones ir kult\u016br\u0105, kit\u0105 religij\u0105 ir kitokius papro\u010dius, savit\u0105 po\u017ei\u016br\u012f \u012f moteris ir vakarie\u010dius ir atvirai \u012fsp\u0117ja apie gresian\u010dius pavojus.<\/p>\n","protected":false},"featured_media":19148,"comment_status":"open","ping_status":"closed","template":"","meta":{"_acf_changed":false,"site-sidebar-layout":"default","site-content-layout":"","ast-site-content-layout":"default","site-content-style":"default","site-sidebar-style":"default","ast-global-header-display":"","ast-banner-title-visibility":"","ast-main-header-display":"","ast-hfb-above-header-display":"","ast-hfb-below-header-display":"","ast-hfb-mobile-header-display":"","site-post-title":"","ast-breadcrumbs-content":"","ast-featured-img":"","footer-sml-layout":"","ast-disable-related-posts":"","theme-transparent-header-meta":"default","adv-header-id-meta":"","stick-header-meta":"","header-above-stick-meta":"","header-main-stick-meta":"","header-below-stick-meta":"","astra-migrate-meta-layouts":"set","ast-page-background-enabled":"default","ast-page-background-meta":{"desktop":{"background-color":"","background-image":"","background-repeat":"repeat","background-position":"center center","background-size":"auto","background-attachment":"scroll","background-type":"","background-media":"","overlay-type":"","overlay-color":"","overlay-opacity":"","overlay-gradient":""},"tablet":{"background-color":"","background-image":"","background-repeat":"repeat","background-position":"center center","background-size":"auto","background-attachment":"scroll","background-type":"","background-media":"","overlay-type":"","overlay-color":"","overlay-opacity":"","overlay-gradient":""},"mobile":{"background-color":"","background-image":"","background-repeat":"repeat","background-position":"center center","background-size":"auto","background-attachment":"scroll","background-type":"","background-media":"","overlay-type":"","overlay-color":"","overlay-opacity":"","overlay-gradient":""}},"ast-content-background-meta":{"desktop":{"background-color":"var(--ast-global-color-4)","background-image":"","background-repeat":"repeat","background-position":"center center","background-size":"auto","background-attachment":"scroll","background-type":"","background-media":"","overlay-type":"","overlay-color":"","overlay-opacity":"","overlay-gradient":""},"tablet":{"background-color":"var(--ast-global-color-4)","background-image":"","background-repeat":"repeat","background-position":"center center","background-size":"auto","background-attachment":"scroll","background-type":"","background-media":"","overlay-type":"","overlay-color":"","overlay-opacity":"","overlay-gradient":""},"mobile":{"background-color":"var(--ast-global-color-4)","background-image":"","background-repeat":"repeat","background-position":"center center","background-size":"auto","background-attachment":"scroll","background-type":"","background-media":"","overlay-type":"","overlay-color":"","overlay-opacity":"","overlay-gradient":""}}},"product_brand":[],"product_cat":[448],"product_tag":[],"class_list":{"0":"post-19142","1":"product","2":"type-product","3":"status-publish","4":"has-post-thumbnail","6":"product_cat-keliones","7":"desktop-align-left","8":"tablet-align-left","9":"mobile-align-left","11":"first","12":"instock","13":"shipping-taxable","14":"purchasable","15":"product-type-simple"},"acf":[],"yoast_head":"<!-- This site is optimized with the Yoast SEO plugin v27.4 - https:\/\/yoast.com\/product\/yoast-seo-wordpress\/ -->\n<title>Lai\u0161kai i\u0161 Kabulo<\/title>\n<meta name=\"description\" content=\"\u201eKabule gyvensi? KABULE??? Tame, kuris Afganistane?.. Kabulas... Hmmm.\u201c Toks buvo vienas i\u0161 pirm\u0173j\u0173 lai\u0161k\u0173, kuri\u0173 sulaukiau draugams prane\u0161usi, kad\" \/>\n<meta name=\"robots\" content=\"index, follow, max-snippet:-1, max-image-preview:large, max-video-preview:-1\" \/>\n<link rel=\"canonical\" href=\"https:\/\/skaitytaknyga.lt\/en\/produktas\/laiskai-is-kabulo\/\" \/>\n<meta property=\"og:locale\" content=\"en_GB\" \/>\n<meta property=\"og:locale:alternate\" content=\"lt_LT\" \/>\n<meta property=\"og:type\" content=\"article\" \/>\n<meta property=\"og:title\" content=\"Lai\u0161kai i\u0161 Kabulo\" \/>\n<meta property=\"og:description\" content=\"\u201eKabule gyvensi? KABULE??? Tame, kuris Afganistane?.. Kabulas... Hmmm.\u201c Toks buvo vienas i\u0161 pirm\u0173j\u0173 lai\u0161k\u0173, kuri\u0173 sulaukiau draugams prane\u0161usi, kad\" \/>\n<meta property=\"og:url\" content=\"https:\/\/skaitytaknyga.lt\/en\/produktas\/laiskai-is-kabulo\/\" \/>\n<meta property=\"og:site_name\" content=\"Skaitytaknyga\" \/>\n<meta property=\"article:publisher\" content=\"https:\/\/www.facebook.com\/skaitytaknyga\/\" \/>\n<meta property=\"article:modified_time\" content=\"2026-03-18T07:28:29+00:00\" \/>\n<meta property=\"og:image\" content=\"https:\/\/skaitytaknyga.lt\/wp-content\/uploads\/2025\/07\/1462883104_9786094660085laiskaiiskabulo.webp\" \/>\n\t<meta property=\"og:image:width\" content=\"434\" \/>\n\t<meta property=\"og:image:height\" content=\"627\" \/>\n\t<meta property=\"og:image:type\" content=\"image\/webp\" \/>\n<meta name=\"twitter:card\" content=\"summary_large_image\" \/>\n<meta name=\"twitter:label1\" content=\"Estimated reading time\" \/>\n\t<meta name=\"twitter:data1\" content=\"2 minutes\" \/>\n<script type=\"application\/ld+json\" class=\"yoast-schema-graph\">{\"@context\":\"https:\\\/\\\/schema.org\",\"@graph\":[{\"@type\":\"WebPage\",\"@id\":\"https:\\\/\\\/skaitytaknyga.lt\\\/produktas\\\/laiskai-is-kabulo\\\/\",\"url\":\"https:\\\/\\\/skaitytaknyga.lt\\\/produktas\\\/laiskai-is-kabulo\\\/\",\"name\":\"Lai\u0161kai i\u0161 Kabulo\",\"isPartOf\":{\"@id\":\"https:\\\/\\\/skaitytaknyga.lt\\\/#website\"},\"primaryImageOfPage\":{\"@id\":\"https:\\\/\\\/skaitytaknyga.lt\\\/produktas\\\/laiskai-is-kabulo\\\/#primaryimage\"},\"image\":{\"@id\":\"https:\\\/\\\/skaitytaknyga.lt\\\/produktas\\\/laiskai-is-kabulo\\\/#primaryimage\"},\"thumbnailUrl\":\"https:\\\/\\\/skaitytaknyga.lt\\\/wp-content\\\/uploads\\\/2025\\\/07\\\/1462883104_9786094660085laiskaiiskabulo.webp\",\"datePublished\":\"2025-07-02T11:46:02+00:00\",\"dateModified\":\"2026-03-18T07:28:29+00:00\",\"description\":\"\u201eKabule gyvensi? KABULE??? Tame, kuris Afganistane?.. Kabulas... Hmmm.\u201c Toks buvo vienas i\u0161 pirm\u0173j\u0173 lai\u0161k\u0173, kuri\u0173 sulaukiau draugams prane\u0161usi, kad\",\"breadcrumb\":{\"@id\":\"https:\\\/\\\/skaitytaknyga.lt\\\/produktas\\\/laiskai-is-kabulo\\\/#breadcrumb\"},\"inLanguage\":\"en-GB\",\"potentialAction\":[{\"@type\":\"ReadAction\",\"target\":[\"https:\\\/\\\/skaitytaknyga.lt\\\/produktas\\\/laiskai-is-kabulo\\\/\"]}]},{\"@type\":\"ImageObject\",\"inLanguage\":\"en-GB\",\"@id\":\"https:\\\/\\\/skaitytaknyga.lt\\\/produktas\\\/laiskai-is-kabulo\\\/#primaryimage\",\"url\":\"https:\\\/\\\/skaitytaknyga.lt\\\/wp-content\\\/uploads\\\/2025\\\/07\\\/1462883104_9786094660085laiskaiiskabulo.webp\",\"contentUrl\":\"https:\\\/\\\/skaitytaknyga.lt\\\/wp-content\\\/uploads\\\/2025\\\/07\\\/1462883104_9786094660085laiskaiiskabulo.webp\",\"width\":434,\"height\":627,\"caption\":\"Lai\u0161kai i\u0161 Kabulo\"},{\"@type\":\"BreadcrumbList\",\"@id\":\"https:\\\/\\\/skaitytaknyga.lt\\\/produktas\\\/laiskai-is-kabulo\\\/#breadcrumb\",\"itemListElement\":[{\"@type\":\"ListItem\",\"position\":1,\"name\":\"Home\",\"item\":\"https:\\\/\\\/skaitytaknyga.lt\\\/\"},{\"@type\":\"ListItem\",\"position\":2,\"name\":\"Parduotuv\u0117\",\"item\":\"https:\\\/\\\/skaitytaknyga.lt\\\/knygu-parduotuve\\\/\"},{\"@type\":\"ListItem\",\"position\":3,\"name\":\"Lai\u0161kai i\u0161 Kabulo\"}]},{\"@type\":\"WebSite\",\"@id\":\"https:\\\/\\\/skaitytaknyga.lt\\\/#website\",\"url\":\"https:\\\/\\\/skaitytaknyga.lt\\\/\",\"name\":\"skaitytaknyga.lt\",\"description\":\"Skaitytaknyga.lt \u2013 tai ma\u017eas \u0161eimos verslas, kuris prasid\u0117jo nuo meil\u0117s knygoms ir siekio i\u0161gelb\u0117ti knygas nuo likimo prie konteinerio. Kas vienam nereikalingas daiktas \u2013 kitam lobis, o mes esame tarpininkai, kurie padeda abiems tapti laimingesniems ???? \u017dinome kaip nelengva i\u0161gyventi ma\u017eiems verslams, tad nuo \u0161iol, \u010dia rasite ir kit\u0173, ma\u017e\u0173 \u0161eim\u0173 versl\u0173, rank\u0173 darbo, dovan\u0173 sau ir artimiesiems.\",\"publisher\":{\"@id\":\"https:\\\/\\\/skaitytaknyga.lt\\\/#organization\"},\"potentialAction\":[{\"@type\":\"SearchAction\",\"target\":{\"@type\":\"EntryPoint\",\"urlTemplate\":\"https:\\\/\\\/skaitytaknyga.lt\\\/?s={search_term_string}\"},\"query-input\":{\"@type\":\"PropertyValueSpecification\",\"valueRequired\":true,\"valueName\":\"search_term_string\"}}],\"inLanguage\":\"en-GB\"},{\"@type\":\"Organization\",\"@id\":\"https:\\\/\\\/skaitytaknyga.lt\\\/#organization\",\"name\":\"skaitytaknyga.lt\",\"url\":\"https:\\\/\\\/skaitytaknyga.lt\\\/\",\"logo\":{\"@type\":\"ImageObject\",\"inLanguage\":\"en-GB\",\"@id\":\"https:\\\/\\\/skaitytaknyga.lt\\\/#\\\/schema\\\/logo\\\/image\\\/\",\"url\":\"https:\\\/\\\/skaitytaknyga.lt\\\/wp-content\\\/uploads\\\/2024\\\/05\\\/cropped-cropped-cropped-02_00843_jt3bggkj1j3HLc7SyY6rEUpg.jpeg\",\"contentUrl\":\"https:\\\/\\\/skaitytaknyga.lt\\\/wp-content\\\/uploads\\\/2024\\\/05\\\/cropped-cropped-cropped-02_00843_jt3bggkj1j3HLc7SyY6rEUpg.jpeg\",\"width\":1600,\"height\":1600,\"caption\":\"skaitytaknyga.lt\"},\"image\":{\"@id\":\"https:\\\/\\\/skaitytaknyga.lt\\\/#\\\/schema\\\/logo\\\/image\\\/\"},\"sameAs\":[\"https:\\\/\\\/www.facebook.com\\\/skaitytaknyga\\\/\"]}]}<\/script>\n<!-- \/ Yoast SEO plugin. -->","yoast_head_json":{"title":"Lai\u0161kai i\u0161 Kabulo","description":"\u201eKabule gyvensi? KABULE??? Tame, kuris Afganistane?.. Kabulas... Hmmm.\u201c Toks buvo vienas i\u0161 pirm\u0173j\u0173 lai\u0161k\u0173, kuri\u0173 sulaukiau draugams prane\u0161usi, kad","robots":{"index":"index","follow":"follow","max-snippet":"max-snippet:-1","max-image-preview":"max-image-preview:large","max-video-preview":"max-video-preview:-1"},"canonical":"https:\/\/skaitytaknyga.lt\/en\/produktas\/laiskai-is-kabulo\/","og_locale":"en_GB","og_type":"article","og_title":"[:lt]Lai\u0161kai i\u0161 Kabulo[:] - Skaitytaknyga","og_description":"\u201eKabule gyvensi? KABULE??? Tame, kuris Afganistane?.. Kabulas... Hmmm.\u201c Toks buvo vienas i\u0161 pirm\u0173j\u0173 lai\u0161k\u0173, kuri\u0173 sulaukiau draugams prane\u0161usi, kad","og_url":"https:\/\/skaitytaknyga.lt\/en\/produktas\/laiskai-is-kabulo\/","og_site_name":"Skaitytaknyga","article_publisher":"https:\/\/www.facebook.com\/skaitytaknyga\/","article_modified_time":"2026-03-18T07:28:29+00:00","og_image":[{"width":434,"height":627,"url":"https:\/\/skaitytaknyga.lt\/wp-content\/uploads\/2025\/07\/1462883104_9786094660085laiskaiiskabulo.webp","type":"image\/webp"}],"twitter_card":"summary_large_image","twitter_misc":{"Estimated reading time":"2 minutes"},"schema":{"@context":"https:\/\/schema.org","@graph":[{"@type":"WebPage","@id":"https:\/\/skaitytaknyga.lt\/produktas\/laiskai-is-kabulo\/","url":"https:\/\/skaitytaknyga.lt\/produktas\/laiskai-is-kabulo\/","name":"Lai\u0161kai i\u0161 Kabulo","isPartOf":{"@id":"https:\/\/skaitytaknyga.lt\/#website"},"primaryImageOfPage":{"@id":"https:\/\/skaitytaknyga.lt\/produktas\/laiskai-is-kabulo\/#primaryimage"},"image":{"@id":"https:\/\/skaitytaknyga.lt\/produktas\/laiskai-is-kabulo\/#primaryimage"},"thumbnailUrl":"https:\/\/skaitytaknyga.lt\/wp-content\/uploads\/2025\/07\/1462883104_9786094660085laiskaiiskabulo.webp","datePublished":"2025-07-02T11:46:02+00:00","dateModified":"2026-03-18T07:28:29+00:00","description":"\u201eKabule gyvensi? KABULE??? Tame, kuris Afganistane?.. Kabulas... Hmmm.\u201c Toks buvo vienas i\u0161 pirm\u0173j\u0173 lai\u0161k\u0173, kuri\u0173 sulaukiau draugams prane\u0161usi, kad","breadcrumb":{"@id":"https:\/\/skaitytaknyga.lt\/produktas\/laiskai-is-kabulo\/#breadcrumb"},"inLanguage":"en-GB","potentialAction":[{"@type":"ReadAction","target":["https:\/\/skaitytaknyga.lt\/produktas\/laiskai-is-kabulo\/"]}]},{"@type":"ImageObject","inLanguage":"en-GB","@id":"https:\/\/skaitytaknyga.lt\/produktas\/laiskai-is-kabulo\/#primaryimage","url":"https:\/\/skaitytaknyga.lt\/wp-content\/uploads\/2025\/07\/1462883104_9786094660085laiskaiiskabulo.webp","contentUrl":"https:\/\/skaitytaknyga.lt\/wp-content\/uploads\/2025\/07\/1462883104_9786094660085laiskaiiskabulo.webp","width":434,"height":627,"caption":"Lai\u0161kai i\u0161 Kabulo"},{"@type":"BreadcrumbList","@id":"https:\/\/skaitytaknyga.lt\/produktas\/laiskai-is-kabulo\/#breadcrumb","itemListElement":[{"@type":"ListItem","position":1,"name":"Home","item":"https:\/\/skaitytaknyga.lt\/"},{"@type":"ListItem","position":2,"name":"Parduotuv\u0117","item":"https:\/\/skaitytaknyga.lt\/knygu-parduotuve\/"},{"@type":"ListItem","position":3,"name":"Lai\u0161kai i\u0161 Kabulo"}]},{"@type":"WebSite","@id":"https:\/\/skaitytaknyga.lt\/#website","url":"https:\/\/skaitytaknyga.lt\/","name":"skaitytaknyga.lt","description":"Skaitytaknyga.lt \u2013 tai ma\u017eas \u0161eimos verslas, kuris prasid\u0117jo nuo meil\u0117s knygoms ir siekio i\u0161gelb\u0117ti knygas nuo likimo prie konteinerio. Kas vienam nereikalingas daiktas \u2013 kitam lobis, o mes esame tarpininkai, kurie padeda abiems tapti laimingesniems ???? \u017dinome kaip nelengva i\u0161gyventi ma\u017eiems verslams, tad nuo \u0161iol, \u010dia rasite ir kit\u0173, ma\u017e\u0173 \u0161eim\u0173 versl\u0173, rank\u0173 darbo, dovan\u0173 sau ir artimiesiems.","publisher":{"@id":"https:\/\/skaitytaknyga.lt\/#organization"},"potentialAction":[{"@type":"SearchAction","target":{"@type":"EntryPoint","urlTemplate":"https:\/\/skaitytaknyga.lt\/?s={search_term_string}"},"query-input":{"@type":"PropertyValueSpecification","valueRequired":true,"valueName":"search_term_string"}}],"inLanguage":"en-GB"},{"@type":"Organization","@id":"https:\/\/skaitytaknyga.lt\/#organization","name":"skaitytaknyga.lt","url":"https:\/\/skaitytaknyga.lt\/","logo":{"@type":"ImageObject","inLanguage":"en-GB","@id":"https:\/\/skaitytaknyga.lt\/#\/schema\/logo\/image\/","url":"https:\/\/skaitytaknyga.lt\/wp-content\/uploads\/2024\/05\/cropped-cropped-cropped-02_00843_jt3bggkj1j3HLc7SyY6rEUpg.jpeg","contentUrl":"https:\/\/skaitytaknyga.lt\/wp-content\/uploads\/2024\/05\/cropped-cropped-cropped-02_00843_jt3bggkj1j3HLc7SyY6rEUpg.jpeg","width":1600,"height":1600,"caption":"skaitytaknyga.lt"},"image":{"@id":"https:\/\/skaitytaknyga.lt\/#\/schema\/logo\/image\/"},"sameAs":["https:\/\/www.facebook.com\/skaitytaknyga\/"]}]}},"_links":{"self":[{"href":"https:\/\/skaitytaknyga.lt\/en\/wp-json\/wp\/v2\/product\/19142","targetHints":{"allow":["GET"]}}],"collection":[{"href":"https:\/\/skaitytaknyga.lt\/en\/wp-json\/wp\/v2\/product"}],"about":[{"href":"https:\/\/skaitytaknyga.lt\/en\/wp-json\/wp\/v2\/types\/product"}],"replies":[{"embeddable":true,"href":"https:\/\/skaitytaknyga.lt\/en\/wp-json\/wp\/v2\/comments?post=19142"}],"wp:featuredmedia":[{"embeddable":true,"href":"https:\/\/skaitytaknyga.lt\/en\/wp-json\/wp\/v2\/media\/19148"}],"wp:attachment":[{"href":"https:\/\/skaitytaknyga.lt\/en\/wp-json\/wp\/v2\/media?parent=19142"}],"wp:term":[{"taxonomy":"product_brand","embeddable":true,"href":"https:\/\/skaitytaknyga.lt\/en\/wp-json\/wp\/v2\/product_brand?post=19142"},{"taxonomy":"product_cat","embeddable":true,"href":"https:\/\/skaitytaknyga.lt\/en\/wp-json\/wp\/v2\/product_cat?post=19142"},{"taxonomy":"product_tag","embeddable":true,"href":"https:\/\/skaitytaknyga.lt\/en\/wp-json\/wp\/v2\/product_tag?post=19142"}],"curies":[{"name":"wp","href":"https:\/\/api.w.org\/{rel}","templated":true}]}}