{"id":19141,"date":"2025-07-02T14:46:02","date_gmt":"2025-07-02T11:46:02","guid":{"rendered":"https:\/\/skaitytaknyga.lt\/?post_type=product&#038;p=19141"},"modified":"2025-09-09T19:05:34","modified_gmt":"2025-09-09T16:05:34","slug":"hedonistes-uzrasai","status":"publish","type":"product","link":"https:\/\/skaitytaknyga.lt\/en\/produktas\/hedonistes-uzrasai\/","title":{"rendered":"Hedonist\u0117s u\u017era\u0161ai (yra kelios d\u0117mel\u0117s)"},"content":{"rendered":"<p>\u201eHedonist\u0117s u\u017era\u0161ai&#8221; \u2013 tai knyga, kuri\u0105 nor\u0117sis visada tur\u0117ti po ranka.<\/p>\n<p>Tai \u2013 ne saviugdos vadov\u0117lis, o dienora\u0161tis-pokalbis, savoti\u0161kos autor\u0117s mantros kiekvienos dienos ar savait\u0117s prad\u017eiai.<\/p>\n<p>Kasdienyb\u0117s smulkmenos, humoras, i\u0161mintis, menas gyventi, menas d\u017eiaugtis, keli la\u0161ai li\u016bdesio ir gera doz\u0117 optimizmo.<\/p>\n<p>Ra\u0161ymo terapija ramina, i\u0161laisvina, guod\u017eia, \u012fkvepia ir gydo \u2013 pildykite tu\u0161\u010dias eilutes savo pa\u010di\u0173 mintimis.<\/p>\n<p>Autor\u0117s mintis iliustruoja garsaus pranc\u016bz\u0173 fotografo Georges&#8217;o Dambier (1925\u20132011) nuotraukos, dvelkian\u010dios tikr\u0105ja nostalgi\u0161ka elegancija, pary\u017eieti\u0161ka prabanga ir pranc\u016bzi\u0161kos femme fatale paslaptimis.<\/p>\n<p>Pranc\u016bzijoje gyvenanti ir pranc\u016bzi\u0161ku gyvenimo d\u017eiaugsmu tryk\u0161tanti ra\u0161ytoja \u012fsitikinusi: kartais vienas sakinys gali tapti tuo stebuklingu \u201ekavos puodeliu&#8221;, kuris pa\u017eadins ir paruo\u0161 tobulai dienai, \u2013 beliks j\u0105 \u012fsimintinai nugyventi.<\/p>\n<p>\u201eHedonist\u0117s u\u017era\u0161ai&#8221; \u2013 tai ne saviugdos vadov\u0117lis, o dienora\u0161tis-pokalbis, galb\u016bt keliantis daugiau klausim\u0173 duodantis nei atsakym\u0173, ta\u010diau b\u016btent j\u0173 ie\u0161kodami mokom\u0117s. Tai savoti\u0161kos autor\u0117s mantros kiekvienos dienos ar savait\u0117s prad\u017eiai, padedan\u010dios suvokti, \u2013 laim\u0117 slypi kasdienyb\u0117s smulkmenose, o procesas yra daug svarbiau nei pasiektas tikslas, tod\u0117l neverta gyventi tausojant jausmus. Humoras, i\u0161mintis, keli la\u0161ai li\u016bdesio ir gera doz\u0117 optimizmo \u2013 kokteilis, kurio gali tik\u0117tis skanaudamas k\u016brin\u012f.<\/p>\n<p>Autor\u0117 kvie\u010dia skaitytojus drauge ra\u0161yti \u0161i\u0105 knyg\u0105 \u2013 tu\u0161ti puslapiai ar eilut\u0117s skirti skaitytoj\u0173 mintims \u012fam\u017einti. Nes ra\u0161ymas ramina, i\u0161laisvina, guod\u017eia, \u012fkvepia ir gydo.<\/p>\n<p>Knyga pripildyta pranc\u016bzi\u0161ko art de vivre \u2013 meno gyventi ir joie de vivre \u2013 gyvenimo d\u017eiaugsmo. \u0160i\u0173 men\u0173 autor\u0117 kasdien mokosi i\u0161 pranc\u016bz\u0173, prisiekusi\u0173 hedonistini\u0173 id\u0117j\u0173 verg\u0173, kuriems gyvenimas \u2013 tai \u017eaidimas, manan\u010di\u0173, kad pasaul\u012f i\u0161gelb\u0117s intelektas ir plaisir \u2013 malonumas, estetika.<\/p>\n","protected":false},"excerpt":{"rendered":"<p>\u201eHedonist\u0117s u\u017era\u0161ai&#8221; \u2013 tai knyga, kuri\u0105 nor\u0117sis visada tur\u0117ti po ranka. Tai \u2013 ne saviugdos vadov\u0117lis, o dienora\u0161tis-pokalbis, savoti\u0161kos autor\u0117s mantros kiekvienos dienos ar savait\u0117s prad\u017eiai. Kasdienyb\u0117s smulkmenos, humoras, i\u0161mintis, menas gyventi, menas d\u017eiaugtis, keli la\u0161ai li\u016bdesio ir gera doz\u0117 optimizmo. Ra\u0161ymo terapija ramina, i\u0161laisvina, guod\u017eia, \u012fkvepia ir gydo \u2013 pildykite tu\u0161\u010dias eilutes savo pa\u010di\u0173 mintimis. Autor\u0117s mintis iliustruoja garsaus pranc\u016bz\u0173 fotografo Georges&#8217;o Dambier (1925\u20132011) nuotraukos, dvelkian\u010dios tikr\u0105ja nostalgi\u0161ka elegancija, pary\u017eieti\u0161ka prabanga ir pranc\u016bzi\u0161kos femme fatale paslaptimis. Pranc\u016bzijoje gyvenanti ir pranc\u016bzi\u0161ku gyvenimo d\u017eiaugsmu tryk\u0161tanti ra\u0161ytoja \u012fsitikinusi: kartais vienas sakinys gali tapti tuo stebuklingu \u201ekavos puodeliu&#8221;, kuris pa\u017eadins ir paruo\u0161 tobulai dienai, \u2013 beliks j\u0105 \u012fsimintinai nugyventi. \u201eHedonist\u0117s u\u017era\u0161ai&#8221; \u2013 tai ne saviugdos vadov\u0117lis, o dienora\u0161tis-pokalbis, galb\u016bt keliantis daugiau klausim\u0173 duodantis nei atsakym\u0173, ta\u010diau b\u016btent j\u0173 ie\u0161kodami mokom\u0117s. Tai savoti\u0161kos autor\u0117s mantros kiekvienos dienos ar savait\u0117s prad\u017eiai, padedan\u010dios suvokti, \u2013 laim\u0117 slypi kasdienyb\u0117s smulkmenose, o procesas yra daug svarbiau nei pasiektas tikslas, tod\u0117l neverta gyventi tausojant jausmus. Humoras, i\u0161mintis, keli la\u0161ai li\u016bdesio ir gera doz\u0117 optimizmo \u2013 kokteilis, kurio gali tik\u0117tis skanaudamas k\u016brin\u012f. Autor\u0117 kvie\u010dia skaitytojus drauge ra\u0161yti \u0161i\u0105 knyg\u0105 \u2013 tu\u0161ti puslapiai ar eilut\u0117s skirti skaitytoj\u0173 mintims \u012fam\u017einti. Nes ra\u0161ymas ramina, i\u0161laisvina, guod\u017eia, \u012fkvepia ir gydo. Knyga pripildyta pranc\u016bzi\u0161ko art de vivre \u2013 meno gyventi ir joie de vivre \u2013 gyvenimo d\u017eiaugsmo. \u0160i\u0173 men\u0173 autor\u0117 kasdien mokosi i\u0161 pranc\u016bz\u0173, prisiekusi\u0173 hedonistini\u0173 id\u0117j\u0173 verg\u0173, kuriems gyvenimas \u2013 tai \u017eaidimas, manan\u010di\u0173, kad pasaul\u012f i\u0161gelb\u0117s intelektas ir plaisir \u2013 malonumas, estetika.<\/p>\n","protected":false},"featured_media":19149,"comment_status":"open","ping_status":"closed","template":"","meta":{"_acf_changed":false,"site-sidebar-layout":"default","site-content-layout":"","ast-site-content-layout":"default","site-content-style":"default","site-sidebar-style":"default","ast-global-header-display":"","ast-banner-title-visibility":"","ast-main-header-display":"","ast-hfb-above-header-display":"","ast-hfb-below-header-display":"","ast-hfb-mobile-header-display":"","site-post-title":"","ast-breadcrumbs-content":"","ast-featured-img":"","footer-sml-layout":"","ast-disable-related-posts":"","theme-transparent-header-meta":"","adv-header-id-meta":"","stick-header-meta":"","header-above-stick-meta":"","header-main-stick-meta":"","header-below-stick-meta":"","astra-migrate-meta-layouts":"default","ast-page-background-enabled":"default","ast-page-background-meta":{"desktop":{"background-color":"","background-image":"","background-repeat":"repeat","background-position":"center center","background-size":"auto","background-attachment":"scroll","background-type":"","background-media":"","overlay-type":"","overlay-color":"","overlay-opacity":"","overlay-gradient":""},"tablet":{"background-color":"","background-image":"","background-repeat":"repeat","background-position":"center center","background-size":"auto","background-attachment":"scroll","background-type":"","background-media":"","overlay-type":"","overlay-color":"","overlay-opacity":"","overlay-gradient":""},"mobile":{"background-color":"","background-image":"","background-repeat":"repeat","background-position":"center center","background-size":"auto","background-attachment":"scroll","background-type":"","background-media":"","overlay-type":"","overlay-color":"","overlay-opacity":"","overlay-gradient":""}},"ast-content-background-meta":{"desktop":{"background-color":"var(--ast-global-color-4)","background-image":"","background-repeat":"repeat","background-position":"center center","background-size":"auto","background-attachment":"scroll","background-type":"","background-media":"","overlay-type":"","overlay-color":"","overlay-opacity":"","overlay-gradient":""},"tablet":{"background-color":"var(--ast-global-color-4)","background-image":"","background-repeat":"repeat","background-position":"center center","background-size":"auto","background-attachment":"scroll","background-type":"","background-media":"","overlay-type":"","overlay-color":"","overlay-opacity":"","overlay-gradient":""},"mobile":{"background-color":"var(--ast-global-color-4)","background-image":"","background-repeat":"repeat","background-position":"center center","background-size":"auto","background-attachment":"scroll","background-type":"","background-media":"","overlay-type":"","overlay-color":"","overlay-opacity":"","overlay-gradient":""}}},"product_brand":[],"product_cat":[31],"product_tag":[],"class_list":{"0":"post-19141","1":"product","2":"type-product","3":"status-publish","4":"has-post-thumbnail","6":"product_cat-grozine-literatura","7":"desktop-align-left","8":"tablet-align-left","9":"mobile-align-left","11":"first","12":"outofstock","13":"shipping-taxable","14":"purchasable","15":"product-type-simple"},"acf":[],"yoast_head":"<!-- This site is optimized with the Yoast SEO plugin v27.4 - https:\/\/yoast.com\/product\/yoast-seo-wordpress\/ -->\n<title>Hedonist\u0117s u\u017era\u0161ai (yra kelios d\u0117mel\u0117s)<\/title>\n<meta name=\"description\" content=\"\u201eHedonist\u0117s u\u017era\u0161ai&quot; \u2013 tai knyga, kuri\u0105 nor\u0117sis visada tur\u0117ti po ranka. Tai \u2013 ne saviugdos vadov\u0117lis, o dienora\u0161tis-pokalbis, savoti\u0161kos autor\u0117s mantros\" \/>\n<meta name=\"robots\" content=\"index, follow, max-snippet:-1, max-image-preview:large, max-video-preview:-1\" \/>\n<link rel=\"canonical\" href=\"https:\/\/skaitytaknyga.lt\/en\/produktas\/hedonistes-uzrasai\/\" \/>\n<meta property=\"og:locale\" content=\"en_GB\" \/>\n<meta property=\"og:locale:alternate\" content=\"lt_LT\" \/>\n<meta property=\"og:type\" content=\"article\" \/>\n<meta property=\"og:title\" content=\"Hedonist\u0117s u\u017era\u0161ai (yra kelios d\u0117mel\u0117s)\" \/>\n<meta property=\"og:description\" content=\"\u201eHedonist\u0117s u\u017era\u0161ai&quot; \u2013 tai knyga, kuri\u0105 nor\u0117sis visada tur\u0117ti po ranka. Tai \u2013 ne saviugdos vadov\u0117lis, o dienora\u0161tis-pokalbis, savoti\u0161kos autor\u0117s mantros\" \/>\n<meta property=\"og:url\" content=\"https:\/\/skaitytaknyga.lt\/en\/produktas\/hedonistes-uzrasai\/\" \/>\n<meta property=\"og:site_name\" content=\"Skaitytaknyga\" \/>\n<meta property=\"article:publisher\" content=\"https:\/\/www.facebook.com\/skaitytaknyga\/\" \/>\n<meta property=\"article:modified_time\" content=\"2025-09-09T16:05:34+00:00\" \/>\n<meta property=\"og:image\" content=\"https:\/\/skaitytaknyga.lt\/wp-content\/uploads\/2025\/07\/Hedonistes-uzrasai.webp\" \/>\n\t<meta property=\"og:image:width\" content=\"275\" \/>\n\t<meta property=\"og:image:height\" content=\"600\" \/>\n\t<meta property=\"og:image:type\" content=\"image\/webp\" \/>\n<meta name=\"twitter:card\" content=\"summary_large_image\" \/>\n<meta name=\"twitter:label1\" content=\"Estimated reading time\" \/>\n\t<meta name=\"twitter:data1\" content=\"2 minutes\" \/>\n<script type=\"application\/ld+json\" class=\"yoast-schema-graph\">{\"@context\":\"https:\\\/\\\/schema.org\",\"@graph\":[{\"@type\":\"WebPage\",\"@id\":\"https:\\\/\\\/skaitytaknyga.lt\\\/produktas\\\/hedonistes-uzrasai\\\/\",\"url\":\"https:\\\/\\\/skaitytaknyga.lt\\\/produktas\\\/hedonistes-uzrasai\\\/\",\"name\":\"Hedonist\u0117s u\u017era\u0161ai (yra kelios d\u0117mel\u0117s)\",\"isPartOf\":{\"@id\":\"https:\\\/\\\/skaitytaknyga.lt\\\/#website\"},\"primaryImageOfPage\":{\"@id\":\"https:\\\/\\\/skaitytaknyga.lt\\\/produktas\\\/hedonistes-uzrasai\\\/#primaryimage\"},\"image\":{\"@id\":\"https:\\\/\\\/skaitytaknyga.lt\\\/produktas\\\/hedonistes-uzrasai\\\/#primaryimage\"},\"thumbnailUrl\":\"https:\\\/\\\/skaitytaknyga.lt\\\/wp-content\\\/uploads\\\/2025\\\/07\\\/Hedonistes-uzrasai.webp\",\"datePublished\":\"2025-07-02T11:46:02+00:00\",\"dateModified\":\"2025-09-09T16:05:34+00:00\",\"description\":\"\u201eHedonist\u0117s u\u017era\u0161ai\\\" \u2013 tai knyga, kuri\u0105 nor\u0117sis visada tur\u0117ti po ranka. Tai \u2013 ne saviugdos vadov\u0117lis, o dienora\u0161tis-pokalbis, savoti\u0161kos autor\u0117s mantros\",\"breadcrumb\":{\"@id\":\"https:\\\/\\\/skaitytaknyga.lt\\\/produktas\\\/hedonistes-uzrasai\\\/#breadcrumb\"},\"inLanguage\":\"en-GB\",\"potentialAction\":[{\"@type\":\"ReadAction\",\"target\":[\"https:\\\/\\\/skaitytaknyga.lt\\\/produktas\\\/hedonistes-uzrasai\\\/\"]}]},{\"@type\":\"ImageObject\",\"inLanguage\":\"en-GB\",\"@id\":\"https:\\\/\\\/skaitytaknyga.lt\\\/produktas\\\/hedonistes-uzrasai\\\/#primaryimage\",\"url\":\"https:\\\/\\\/skaitytaknyga.lt\\\/wp-content\\\/uploads\\\/2025\\\/07\\\/Hedonistes-uzrasai.webp\",\"contentUrl\":\"https:\\\/\\\/skaitytaknyga.lt\\\/wp-content\\\/uploads\\\/2025\\\/07\\\/Hedonistes-uzrasai.webp\",\"width\":275,\"height\":600,\"caption\":\"Hedonist\u0117s u\u017era\u0161ai\"},{\"@type\":\"BreadcrumbList\",\"@id\":\"https:\\\/\\\/skaitytaknyga.lt\\\/produktas\\\/hedonistes-uzrasai\\\/#breadcrumb\",\"itemListElement\":[{\"@type\":\"ListItem\",\"position\":1,\"name\":\"Home\",\"item\":\"https:\\\/\\\/skaitytaknyga.lt\\\/\"},{\"@type\":\"ListItem\",\"position\":2,\"name\":\"Parduotuv\u0117\",\"item\":\"https:\\\/\\\/skaitytaknyga.lt\\\/knygu-parduotuve\\\/\"},{\"@type\":\"ListItem\",\"position\":3,\"name\":\"Hedonist\u0117s u\u017era\u0161ai (yra kelios d\u0117mel\u0117s)\"}]},{\"@type\":\"WebSite\",\"@id\":\"https:\\\/\\\/skaitytaknyga.lt\\\/#website\",\"url\":\"https:\\\/\\\/skaitytaknyga.lt\\\/\",\"name\":\"skaitytaknyga.lt\",\"description\":\"Skaitytaknyga.lt \u2013 tai ma\u017eas \u0161eimos verslas, kuris prasid\u0117jo nuo meil\u0117s knygoms ir siekio i\u0161gelb\u0117ti knygas nuo likimo prie konteinerio. Kas vienam nereikalingas daiktas \u2013 kitam lobis, o mes esame tarpininkai, kurie padeda abiems tapti laimingesniems ???? \u017dinome kaip nelengva i\u0161gyventi ma\u017eiems verslams, tad nuo \u0161iol, \u010dia rasite ir kit\u0173, ma\u017e\u0173 \u0161eim\u0173 versl\u0173, rank\u0173 darbo, dovan\u0173 sau ir artimiesiems.\",\"publisher\":{\"@id\":\"https:\\\/\\\/skaitytaknyga.lt\\\/#organization\"},\"potentialAction\":[{\"@type\":\"SearchAction\",\"target\":{\"@type\":\"EntryPoint\",\"urlTemplate\":\"https:\\\/\\\/skaitytaknyga.lt\\\/?s={search_term_string}\"},\"query-input\":{\"@type\":\"PropertyValueSpecification\",\"valueRequired\":true,\"valueName\":\"search_term_string\"}}],\"inLanguage\":\"en-GB\"},{\"@type\":\"Organization\",\"@id\":\"https:\\\/\\\/skaitytaknyga.lt\\\/#organization\",\"name\":\"skaitytaknyga.lt\",\"url\":\"https:\\\/\\\/skaitytaknyga.lt\\\/\",\"logo\":{\"@type\":\"ImageObject\",\"inLanguage\":\"en-GB\",\"@id\":\"https:\\\/\\\/skaitytaknyga.lt\\\/#\\\/schema\\\/logo\\\/image\\\/\",\"url\":\"https:\\\/\\\/skaitytaknyga.lt\\\/wp-content\\\/uploads\\\/2024\\\/05\\\/cropped-cropped-cropped-02_00843_jt3bggkj1j3HLc7SyY6rEUpg.jpeg\",\"contentUrl\":\"https:\\\/\\\/skaitytaknyga.lt\\\/wp-content\\\/uploads\\\/2024\\\/05\\\/cropped-cropped-cropped-02_00843_jt3bggkj1j3HLc7SyY6rEUpg.jpeg\",\"width\":1600,\"height\":1600,\"caption\":\"skaitytaknyga.lt\"},\"image\":{\"@id\":\"https:\\\/\\\/skaitytaknyga.lt\\\/#\\\/schema\\\/logo\\\/image\\\/\"},\"sameAs\":[\"https:\\\/\\\/www.facebook.com\\\/skaitytaknyga\\\/\"]}]}<\/script>\n<!-- \/ Yoast SEO plugin. -->","yoast_head_json":{"title":"Hedonist\u0117s u\u017era\u0161ai (yra kelios d\u0117mel\u0117s)","description":"\u201eHedonist\u0117s u\u017era\u0161ai\" \u2013 tai knyga, kuri\u0105 nor\u0117sis visada tur\u0117ti po ranka. Tai \u2013 ne saviugdos vadov\u0117lis, o dienora\u0161tis-pokalbis, savoti\u0161kos autor\u0117s mantros","robots":{"index":"index","follow":"follow","max-snippet":"max-snippet:-1","max-image-preview":"max-image-preview:large","max-video-preview":"max-video-preview:-1"},"canonical":"https:\/\/skaitytaknyga.lt\/en\/produktas\/hedonistes-uzrasai\/","og_locale":"en_GB","og_type":"article","og_title":"[:lt]Hedonist\u0117s u\u017era\u0161ai (yra kelios d\u0117mel\u0117s)[:] - Skaitytaknyga","og_description":"\u201eHedonist\u0117s u\u017era\u0161ai\" \u2013 tai knyga, kuri\u0105 nor\u0117sis visada tur\u0117ti po ranka. Tai \u2013 ne saviugdos vadov\u0117lis, o dienora\u0161tis-pokalbis, savoti\u0161kos autor\u0117s mantros","og_url":"https:\/\/skaitytaknyga.lt\/en\/produktas\/hedonistes-uzrasai\/","og_site_name":"Skaitytaknyga","article_publisher":"https:\/\/www.facebook.com\/skaitytaknyga\/","article_modified_time":"2025-09-09T16:05:34+00:00","og_image":[{"width":275,"height":600,"url":"https:\/\/skaitytaknyga.lt\/wp-content\/uploads\/2025\/07\/Hedonistes-uzrasai.webp","type":"image\/webp"}],"twitter_card":"summary_large_image","twitter_misc":{"Estimated reading time":"2 minutes"},"schema":{"@context":"https:\/\/schema.org","@graph":[{"@type":"WebPage","@id":"https:\/\/skaitytaknyga.lt\/produktas\/hedonistes-uzrasai\/","url":"https:\/\/skaitytaknyga.lt\/produktas\/hedonistes-uzrasai\/","name":"Hedonist\u0117s u\u017era\u0161ai (yra kelios d\u0117mel\u0117s)","isPartOf":{"@id":"https:\/\/skaitytaknyga.lt\/#website"},"primaryImageOfPage":{"@id":"https:\/\/skaitytaknyga.lt\/produktas\/hedonistes-uzrasai\/#primaryimage"},"image":{"@id":"https:\/\/skaitytaknyga.lt\/produktas\/hedonistes-uzrasai\/#primaryimage"},"thumbnailUrl":"https:\/\/skaitytaknyga.lt\/wp-content\/uploads\/2025\/07\/Hedonistes-uzrasai.webp","datePublished":"2025-07-02T11:46:02+00:00","dateModified":"2025-09-09T16:05:34+00:00","description":"\u201eHedonist\u0117s u\u017era\u0161ai\" \u2013 tai knyga, kuri\u0105 nor\u0117sis visada tur\u0117ti po ranka. Tai \u2013 ne saviugdos vadov\u0117lis, o dienora\u0161tis-pokalbis, savoti\u0161kos autor\u0117s mantros","breadcrumb":{"@id":"https:\/\/skaitytaknyga.lt\/produktas\/hedonistes-uzrasai\/#breadcrumb"},"inLanguage":"en-GB","potentialAction":[{"@type":"ReadAction","target":["https:\/\/skaitytaknyga.lt\/produktas\/hedonistes-uzrasai\/"]}]},{"@type":"ImageObject","inLanguage":"en-GB","@id":"https:\/\/skaitytaknyga.lt\/produktas\/hedonistes-uzrasai\/#primaryimage","url":"https:\/\/skaitytaknyga.lt\/wp-content\/uploads\/2025\/07\/Hedonistes-uzrasai.webp","contentUrl":"https:\/\/skaitytaknyga.lt\/wp-content\/uploads\/2025\/07\/Hedonistes-uzrasai.webp","width":275,"height":600,"caption":"Hedonist\u0117s u\u017era\u0161ai"},{"@type":"BreadcrumbList","@id":"https:\/\/skaitytaknyga.lt\/produktas\/hedonistes-uzrasai\/#breadcrumb","itemListElement":[{"@type":"ListItem","position":1,"name":"Home","item":"https:\/\/skaitytaknyga.lt\/"},{"@type":"ListItem","position":2,"name":"Parduotuv\u0117","item":"https:\/\/skaitytaknyga.lt\/knygu-parduotuve\/"},{"@type":"ListItem","position":3,"name":"Hedonist\u0117s u\u017era\u0161ai (yra kelios d\u0117mel\u0117s)"}]},{"@type":"WebSite","@id":"https:\/\/skaitytaknyga.lt\/#website","url":"https:\/\/skaitytaknyga.lt\/","name":"skaitytaknyga.lt","description":"Skaitytaknyga.lt \u2013 tai ma\u017eas \u0161eimos verslas, kuris prasid\u0117jo nuo meil\u0117s knygoms ir siekio i\u0161gelb\u0117ti knygas nuo likimo prie konteinerio. Kas vienam nereikalingas daiktas \u2013 kitam lobis, o mes esame tarpininkai, kurie padeda abiems tapti laimingesniems ???? \u017dinome kaip nelengva i\u0161gyventi ma\u017eiems verslams, tad nuo \u0161iol, \u010dia rasite ir kit\u0173, ma\u017e\u0173 \u0161eim\u0173 versl\u0173, rank\u0173 darbo, dovan\u0173 sau ir artimiesiems.","publisher":{"@id":"https:\/\/skaitytaknyga.lt\/#organization"},"potentialAction":[{"@type":"SearchAction","target":{"@type":"EntryPoint","urlTemplate":"https:\/\/skaitytaknyga.lt\/?s={search_term_string}"},"query-input":{"@type":"PropertyValueSpecification","valueRequired":true,"valueName":"search_term_string"}}],"inLanguage":"en-GB"},{"@type":"Organization","@id":"https:\/\/skaitytaknyga.lt\/#organization","name":"skaitytaknyga.lt","url":"https:\/\/skaitytaknyga.lt\/","logo":{"@type":"ImageObject","inLanguage":"en-GB","@id":"https:\/\/skaitytaknyga.lt\/#\/schema\/logo\/image\/","url":"https:\/\/skaitytaknyga.lt\/wp-content\/uploads\/2024\/05\/cropped-cropped-cropped-02_00843_jt3bggkj1j3HLc7SyY6rEUpg.jpeg","contentUrl":"https:\/\/skaitytaknyga.lt\/wp-content\/uploads\/2024\/05\/cropped-cropped-cropped-02_00843_jt3bggkj1j3HLc7SyY6rEUpg.jpeg","width":1600,"height":1600,"caption":"skaitytaknyga.lt"},"image":{"@id":"https:\/\/skaitytaknyga.lt\/#\/schema\/logo\/image\/"},"sameAs":["https:\/\/www.facebook.com\/skaitytaknyga\/"]}]}},"_links":{"self":[{"href":"https:\/\/skaitytaknyga.lt\/en\/wp-json\/wp\/v2\/product\/19141","targetHints":{"allow":["GET"]}}],"collection":[{"href":"https:\/\/skaitytaknyga.lt\/en\/wp-json\/wp\/v2\/product"}],"about":[{"href":"https:\/\/skaitytaknyga.lt\/en\/wp-json\/wp\/v2\/types\/product"}],"replies":[{"embeddable":true,"href":"https:\/\/skaitytaknyga.lt\/en\/wp-json\/wp\/v2\/comments?post=19141"}],"wp:featuredmedia":[{"embeddable":true,"href":"https:\/\/skaitytaknyga.lt\/en\/wp-json\/wp\/v2\/media\/19149"}],"wp:attachment":[{"href":"https:\/\/skaitytaknyga.lt\/en\/wp-json\/wp\/v2\/media?parent=19141"}],"wp:term":[{"taxonomy":"product_brand","embeddable":true,"href":"https:\/\/skaitytaknyga.lt\/en\/wp-json\/wp\/v2\/product_brand?post=19141"},{"taxonomy":"product_cat","embeddable":true,"href":"https:\/\/skaitytaknyga.lt\/en\/wp-json\/wp\/v2\/product_cat?post=19141"},{"taxonomy":"product_tag","embeddable":true,"href":"https:\/\/skaitytaknyga.lt\/en\/wp-json\/wp\/v2\/product_tag?post=19141"}],"curies":[{"name":"wp","href":"https:\/\/api.w.org\/{rel}","templated":true}]}}