{"id":19139,"date":"2025-07-02T14:46:02","date_gmt":"2025-07-02T11:46:02","guid":{"rendered":"https:\/\/skaitytaknyga.lt\/?post_type=product&#038;p=19139"},"modified":"2025-07-02T15:13:25","modified_gmt":"2025-07-02T12:13:25","slug":"mazoji-vienarage-kaip-gera-tureti-draugu","status":"publish","type":"product","link":"https:\/\/skaitytaknyga.lt\/en\/produktas\/mazoji-vienarage-kaip-gera-tureti-draugu\/","title":{"rendered":"MA\u017dOJI VIENARAG\u0116: kaip gera tur\u0117ti draug\u0173"},"content":{"rendered":"<p>Mila Berg ir Marina Kr\u00e4mer suk\u016br\u0117 labai jauki\u0105 istorij\u0105 apie ma\u017e\u0105j\u0105 vienarag\u0119. \u017dvaig\u017edel\u0117 ne tokia kaip visi vienaragiai: nemoka ji nei vaivoryk\u0161t\u0117mis \u0161uoliuoti, nei padang\u0117mis skrieti. Net savo i\u0161vaizda ji skiriasi nuo kit\u0173. \u017dvaig\u017edelei d\u0117l to neramu ir nejauku. Gerai bent tiek, kad ji turi tikr\u0173 i\u0161tikim\u0173 draug\u0173. O vien\u0105 kart\u0105&#8230;<\/p>\n<p>I\u0161 pa\u010di\u0173 auk\u0161tybi\u0173 tiesiai \u017dvaig\u017edelei po kojomis nukrinta tikr\u0173 tikriausia \u017evaig\u017ed\u0117! Vienarag\u0117 skuba jai pad\u0117ti \u2013 juk nepaliksi naujojo draugo b\u0117doje. Tada visai nesvarbu, kaip atrodai, k\u0105 moki ar k\u0105 apie tave galvoja kiti. Svarbiausia tik\u0117ti savimi. O jei ir draugai palaiko \u2013 \u012fvyksta tikr\u0173 tikriausi stebuklai.<\/p>\n<p>\u201eMa\u017eoji vienarag\u0117: kaip gera tur\u0117ti draug\u0173&#8221; \u2013 \u017eaisminga paveiksl\u0117li\u0173 knyga su \u0161vytin\u010diomis iliustracijomis.<\/p>\n","protected":false},"excerpt":{"rendered":"<p>Mila Berg ir Marina Kr\u00e4mer suk\u016br\u0117 labai jauki\u0105 istorij\u0105 apie ma\u017e\u0105j\u0105 vienarag\u0119. \u017dvaig\u017edel\u0117 ne tokia kaip visi vienaragiai: nemoka ji nei vaivoryk\u0161t\u0117mis \u0161uoliuoti, nei padang\u0117mis skrieti. Net savo i\u0161vaizda ji skiriasi nuo kit\u0173. \u017dvaig\u017edelei d\u0117l to neramu ir nejauku. Gerai bent tiek, kad ji turi tikr\u0173 i\u0161tikim\u0173 draug\u0173. O vien\u0105 kart\u0105&#8230; I\u0161 pa\u010di\u0173 auk\u0161tybi\u0173 tiesiai \u017dvaig\u017edelei po kojomis nukrinta tikr\u0173 tikriausia \u017evaig\u017ed\u0117! Vienarag\u0117 skuba jai pad\u0117ti \u2013 juk nepaliksi naujojo draugo b\u0117doje. Tada visai nesvarbu, kaip atrodai, k\u0105 moki ar k\u0105 apie tave galvoja kiti. Svarbiausia tik\u0117ti savimi. O jei ir draugai palaiko \u2013 \u012fvyksta tikr\u0173 tikriausi stebuklai. \u201eMa\u017eoji vienarag\u0117: kaip gera tur\u0117ti draug\u0173&#8221; \u2013 \u017eaisminga paveiksl\u0117li\u0173 knyga su \u0161vytin\u010diomis iliustracijomis.<\/p>\n","protected":false},"featured_media":19144,"comment_status":"open","ping_status":"closed","template":"","meta":{"_acf_changed":false,"site-sidebar-layout":"default","site-content-layout":"","ast-site-content-layout":"default","site-content-style":"default","site-sidebar-style":"default","ast-global-header-display":"","ast-banner-title-visibility":"","ast-main-header-display":"","ast-hfb-above-header-display":"","ast-hfb-below-header-display":"","ast-hfb-mobile-header-display":"","site-post-title":"","ast-breadcrumbs-content":"","ast-featured-img":"","footer-sml-layout":"","ast-disable-related-posts":"","theme-transparent-header-meta":"","adv-header-id-meta":"","stick-header-meta":"","header-above-stick-meta":"","header-main-stick-meta":"","header-below-stick-meta":"","astra-migrate-meta-layouts":"default","ast-page-background-enabled":"default","ast-page-background-meta":{"desktop":{"background-color":"","background-image":"","background-repeat":"repeat","background-position":"center center","background-size":"auto","background-attachment":"scroll","background-type":"","background-media":"","overlay-type":"","overlay-color":"","overlay-opacity":"","overlay-gradient":""},"tablet":{"background-color":"","background-image":"","background-repeat":"repeat","background-position":"center center","background-size":"auto","background-attachment":"scroll","background-type":"","background-media":"","overlay-type":"","overlay-color":"","overlay-opacity":"","overlay-gradient":""},"mobile":{"background-color":"","background-image":"","background-repeat":"repeat","background-position":"center center","background-size":"auto","background-attachment":"scroll","background-type":"","background-media":"","overlay-type":"","overlay-color":"","overlay-opacity":"","overlay-gradient":""}},"ast-content-background-meta":{"desktop":{"background-color":"var(--ast-global-color-4)","background-image":"","background-repeat":"repeat","background-position":"center center","background-size":"auto","background-attachment":"scroll","background-type":"","background-media":"","overlay-type":"","overlay-color":"","overlay-opacity":"","overlay-gradient":""},"tablet":{"background-color":"var(--ast-global-color-4)","background-image":"","background-repeat":"repeat","background-position":"center center","background-size":"auto","background-attachment":"scroll","background-type":"","background-media":"","overlay-type":"","overlay-color":"","overlay-opacity":"","overlay-gradient":""},"mobile":{"background-color":"var(--ast-global-color-4)","background-image":"","background-repeat":"repeat","background-position":"center center","background-size":"auto","background-attachment":"scroll","background-type":"","background-media":"","overlay-type":"","overlay-color":"","overlay-opacity":"","overlay-gradient":""}}},"product_brand":[],"product_cat":[15],"product_tag":[],"class_list":{"0":"post-19139","1":"product","2":"type-product","3":"status-publish","4":"has-post-thumbnail","6":"product_cat-uncategorized","7":"desktop-align-left","8":"tablet-align-left","9":"mobile-align-left","11":"first","12":"instock","13":"shipping-taxable","14":"purchasable","15":"product-type-simple"},"acf":[],"yoast_head":"<!-- This site is optimized with the Yoast SEO plugin v27.4 - https:\/\/yoast.com\/product\/yoast-seo-wordpress\/ -->\n<title>MA\u017dOJI VIENARAG\u0116: kaip gera tur\u0117ti draug\u0173<\/title>\n<meta name=\"description\" content=\"Mila Berg ir Marina Kr\u00e4mer suk\u016br\u0117 labai jauki\u0105 istorij\u0105 apie ma\u017e\u0105j\u0105 vienarag\u0119. \u017dvaig\u017edel\u0117 ne tokia kaip visi vienaragiai: nemoka ji nei vaivoryk\u0161t\u0117mis\" \/>\n<meta name=\"robots\" content=\"index, follow, max-snippet:-1, max-image-preview:large, max-video-preview:-1\" \/>\n<link rel=\"canonical\" href=\"https:\/\/skaitytaknyga.lt\/en\/produktas\/mazoji-vienarage-kaip-gera-tureti-draugu\/\" \/>\n<meta property=\"og:locale\" content=\"en_GB\" \/>\n<meta property=\"og:locale:alternate\" content=\"lt_LT\" \/>\n<meta property=\"og:type\" content=\"article\" \/>\n<meta property=\"og:title\" content=\"MA\u017dOJI VIENARAG\u0116: kaip gera tur\u0117ti draug\u0173\" \/>\n<meta property=\"og:description\" content=\"Mila Berg ir Marina Kr\u00e4mer suk\u016br\u0117 labai jauki\u0105 istorij\u0105 apie ma\u017e\u0105j\u0105 vienarag\u0119. \u017dvaig\u017edel\u0117 ne tokia kaip visi vienaragiai: nemoka ji nei vaivoryk\u0161t\u0117mis\" \/>\n<meta property=\"og:url\" content=\"https:\/\/skaitytaknyga.lt\/en\/produktas\/mazoji-vienarage-kaip-gera-tureti-draugu\/\" \/>\n<meta property=\"og:site_name\" content=\"Skaitytaknyga\" \/>\n<meta property=\"article:publisher\" content=\"https:\/\/www.facebook.com\/skaitytaknyga\/\" \/>\n<meta property=\"article:modified_time\" content=\"2025-07-02T12:13:25+00:00\" \/>\n<meta property=\"og:image\" content=\"https:\/\/skaitytaknyga.lt\/wp-content\/uploads\/2025\/07\/MAZOJI-VIENARAGE-kaip-gera-tureti-draugu.webp\" \/>\n\t<meta property=\"og:image:width\" content=\"618\" \/>\n\t<meta property=\"og:image:height\" content=\"801\" \/>\n\t<meta property=\"og:image:type\" content=\"image\/webp\" \/>\n<meta name=\"twitter:card\" content=\"summary_large_image\" \/>\n<meta name=\"twitter:label1\" content=\"Estimated reading time\" \/>\n\t<meta name=\"twitter:data1\" content=\"1 minute\" \/>\n<script type=\"application\/ld+json\" class=\"yoast-schema-graph\">{\"@context\":\"https:\\\/\\\/schema.org\",\"@graph\":[{\"@type\":\"WebPage\",\"@id\":\"https:\\\/\\\/skaitytaknyga.lt\\\/produktas\\\/mazoji-vienarage-kaip-gera-tureti-draugu\\\/\",\"url\":\"https:\\\/\\\/skaitytaknyga.lt\\\/produktas\\\/mazoji-vienarage-kaip-gera-tureti-draugu\\\/\",\"name\":\"MA\u017dOJI VIENARAG\u0116: kaip gera tur\u0117ti draug\u0173\",\"isPartOf\":{\"@id\":\"https:\\\/\\\/skaitytaknyga.lt\\\/#website\"},\"primaryImageOfPage\":{\"@id\":\"https:\\\/\\\/skaitytaknyga.lt\\\/produktas\\\/mazoji-vienarage-kaip-gera-tureti-draugu\\\/#primaryimage\"},\"image\":{\"@id\":\"https:\\\/\\\/skaitytaknyga.lt\\\/produktas\\\/mazoji-vienarage-kaip-gera-tureti-draugu\\\/#primaryimage\"},\"thumbnailUrl\":\"https:\\\/\\\/skaitytaknyga.lt\\\/wp-content\\\/uploads\\\/2025\\\/07\\\/MAZOJI-VIENARAGE-kaip-gera-tureti-draugu.webp\",\"datePublished\":\"2025-07-02T11:46:02+00:00\",\"dateModified\":\"2025-07-02T12:13:25+00:00\",\"description\":\"Mila Berg ir Marina Kr\u00e4mer suk\u016br\u0117 labai jauki\u0105 istorij\u0105 apie ma\u017e\u0105j\u0105 vienarag\u0119. \u017dvaig\u017edel\u0117 ne tokia kaip visi vienaragiai: nemoka ji nei vaivoryk\u0161t\u0117mis\",\"breadcrumb\":{\"@id\":\"https:\\\/\\\/skaitytaknyga.lt\\\/produktas\\\/mazoji-vienarage-kaip-gera-tureti-draugu\\\/#breadcrumb\"},\"inLanguage\":\"en-GB\",\"potentialAction\":[{\"@type\":\"ReadAction\",\"target\":[\"https:\\\/\\\/skaitytaknyga.lt\\\/produktas\\\/mazoji-vienarage-kaip-gera-tureti-draugu\\\/\"]}]},{\"@type\":\"ImageObject\",\"inLanguage\":\"en-GB\",\"@id\":\"https:\\\/\\\/skaitytaknyga.lt\\\/produktas\\\/mazoji-vienarage-kaip-gera-tureti-draugu\\\/#primaryimage\",\"url\":\"https:\\\/\\\/skaitytaknyga.lt\\\/wp-content\\\/uploads\\\/2025\\\/07\\\/MAZOJI-VIENARAGE-kaip-gera-tureti-draugu.webp\",\"contentUrl\":\"https:\\\/\\\/skaitytaknyga.lt\\\/wp-content\\\/uploads\\\/2025\\\/07\\\/MAZOJI-VIENARAGE-kaip-gera-tureti-draugu.webp\",\"width\":618,\"height\":801},{\"@type\":\"BreadcrumbList\",\"@id\":\"https:\\\/\\\/skaitytaknyga.lt\\\/produktas\\\/mazoji-vienarage-kaip-gera-tureti-draugu\\\/#breadcrumb\",\"itemListElement\":[{\"@type\":\"ListItem\",\"position\":1,\"name\":\"Home\",\"item\":\"https:\\\/\\\/skaitytaknyga.lt\\\/\"},{\"@type\":\"ListItem\",\"position\":2,\"name\":\"Parduotuv\u0117\",\"item\":\"https:\\\/\\\/skaitytaknyga.lt\\\/knygu-parduotuve\\\/\"},{\"@type\":\"ListItem\",\"position\":3,\"name\":\"MA\u017dOJI VIENARAG\u0116: kaip gera tur\u0117ti draug\u0173\"}]},{\"@type\":\"WebSite\",\"@id\":\"https:\\\/\\\/skaitytaknyga.lt\\\/#website\",\"url\":\"https:\\\/\\\/skaitytaknyga.lt\\\/\",\"name\":\"skaitytaknyga.lt\",\"description\":\"Skaitytaknyga.lt \u2013 tai ma\u017eas \u0161eimos verslas, kuris prasid\u0117jo nuo meil\u0117s knygoms ir siekio i\u0161gelb\u0117ti knygas nuo likimo prie konteinerio. Kas vienam nereikalingas daiktas \u2013 kitam lobis, o mes esame tarpininkai, kurie padeda abiems tapti laimingesniems ???? \u017dinome kaip nelengva i\u0161gyventi ma\u017eiems verslams, tad nuo \u0161iol, \u010dia rasite ir kit\u0173, ma\u017e\u0173 \u0161eim\u0173 versl\u0173, rank\u0173 darbo, dovan\u0173 sau ir artimiesiems.\",\"publisher\":{\"@id\":\"https:\\\/\\\/skaitytaknyga.lt\\\/#organization\"},\"potentialAction\":[{\"@type\":\"SearchAction\",\"target\":{\"@type\":\"EntryPoint\",\"urlTemplate\":\"https:\\\/\\\/skaitytaknyga.lt\\\/?s={search_term_string}\"},\"query-input\":{\"@type\":\"PropertyValueSpecification\",\"valueRequired\":true,\"valueName\":\"search_term_string\"}}],\"inLanguage\":\"en-GB\"},{\"@type\":\"Organization\",\"@id\":\"https:\\\/\\\/skaitytaknyga.lt\\\/#organization\",\"name\":\"skaitytaknyga.lt\",\"url\":\"https:\\\/\\\/skaitytaknyga.lt\\\/\",\"logo\":{\"@type\":\"ImageObject\",\"inLanguage\":\"en-GB\",\"@id\":\"https:\\\/\\\/skaitytaknyga.lt\\\/#\\\/schema\\\/logo\\\/image\\\/\",\"url\":\"https:\\\/\\\/skaitytaknyga.lt\\\/wp-content\\\/uploads\\\/2024\\\/05\\\/cropped-cropped-cropped-02_00843_jt3bggkj1j3HLc7SyY6rEUpg.jpeg\",\"contentUrl\":\"https:\\\/\\\/skaitytaknyga.lt\\\/wp-content\\\/uploads\\\/2024\\\/05\\\/cropped-cropped-cropped-02_00843_jt3bggkj1j3HLc7SyY6rEUpg.jpeg\",\"width\":1600,\"height\":1600,\"caption\":\"skaitytaknyga.lt\"},\"image\":{\"@id\":\"https:\\\/\\\/skaitytaknyga.lt\\\/#\\\/schema\\\/logo\\\/image\\\/\"},\"sameAs\":[\"https:\\\/\\\/www.facebook.com\\\/skaitytaknyga\\\/\"]}]}<\/script>\n<!-- \/ Yoast SEO plugin. -->","yoast_head_json":{"title":"MA\u017dOJI VIENARAG\u0116: kaip gera tur\u0117ti draug\u0173","description":"Mila Berg ir Marina Kr\u00e4mer suk\u016br\u0117 labai jauki\u0105 istorij\u0105 apie ma\u017e\u0105j\u0105 vienarag\u0119. \u017dvaig\u017edel\u0117 ne tokia kaip visi vienaragiai: nemoka ji nei vaivoryk\u0161t\u0117mis","robots":{"index":"index","follow":"follow","max-snippet":"max-snippet:-1","max-image-preview":"max-image-preview:large","max-video-preview":"max-video-preview:-1"},"canonical":"https:\/\/skaitytaknyga.lt\/en\/produktas\/mazoji-vienarage-kaip-gera-tureti-draugu\/","og_locale":"en_GB","og_type":"article","og_title":"[:lt]MA\u017dOJI VIENARAG\u0116: kaip gera tur\u0117ti draug\u0173[:] - Skaitytaknyga","og_description":"Mila Berg ir Marina Kr\u00e4mer suk\u016br\u0117 labai jauki\u0105 istorij\u0105 apie ma\u017e\u0105j\u0105 vienarag\u0119. \u017dvaig\u017edel\u0117 ne tokia kaip visi vienaragiai: nemoka ji nei vaivoryk\u0161t\u0117mis","og_url":"https:\/\/skaitytaknyga.lt\/en\/produktas\/mazoji-vienarage-kaip-gera-tureti-draugu\/","og_site_name":"Skaitytaknyga","article_publisher":"https:\/\/www.facebook.com\/skaitytaknyga\/","article_modified_time":"2025-07-02T12:13:25+00:00","og_image":[{"width":618,"height":801,"url":"https:\/\/skaitytaknyga.lt\/wp-content\/uploads\/2025\/07\/MAZOJI-VIENARAGE-kaip-gera-tureti-draugu.webp","type":"image\/webp"}],"twitter_card":"summary_large_image","twitter_misc":{"Estimated reading time":"1 minute"},"schema":{"@context":"https:\/\/schema.org","@graph":[{"@type":"WebPage","@id":"https:\/\/skaitytaknyga.lt\/produktas\/mazoji-vienarage-kaip-gera-tureti-draugu\/","url":"https:\/\/skaitytaknyga.lt\/produktas\/mazoji-vienarage-kaip-gera-tureti-draugu\/","name":"MA\u017dOJI VIENARAG\u0116: kaip gera tur\u0117ti draug\u0173","isPartOf":{"@id":"https:\/\/skaitytaknyga.lt\/#website"},"primaryImageOfPage":{"@id":"https:\/\/skaitytaknyga.lt\/produktas\/mazoji-vienarage-kaip-gera-tureti-draugu\/#primaryimage"},"image":{"@id":"https:\/\/skaitytaknyga.lt\/produktas\/mazoji-vienarage-kaip-gera-tureti-draugu\/#primaryimage"},"thumbnailUrl":"https:\/\/skaitytaknyga.lt\/wp-content\/uploads\/2025\/07\/MAZOJI-VIENARAGE-kaip-gera-tureti-draugu.webp","datePublished":"2025-07-02T11:46:02+00:00","dateModified":"2025-07-02T12:13:25+00:00","description":"Mila Berg ir Marina Kr\u00e4mer suk\u016br\u0117 labai jauki\u0105 istorij\u0105 apie ma\u017e\u0105j\u0105 vienarag\u0119. \u017dvaig\u017edel\u0117 ne tokia kaip visi vienaragiai: nemoka ji nei vaivoryk\u0161t\u0117mis","breadcrumb":{"@id":"https:\/\/skaitytaknyga.lt\/produktas\/mazoji-vienarage-kaip-gera-tureti-draugu\/#breadcrumb"},"inLanguage":"en-GB","potentialAction":[{"@type":"ReadAction","target":["https:\/\/skaitytaknyga.lt\/produktas\/mazoji-vienarage-kaip-gera-tureti-draugu\/"]}]},{"@type":"ImageObject","inLanguage":"en-GB","@id":"https:\/\/skaitytaknyga.lt\/produktas\/mazoji-vienarage-kaip-gera-tureti-draugu\/#primaryimage","url":"https:\/\/skaitytaknyga.lt\/wp-content\/uploads\/2025\/07\/MAZOJI-VIENARAGE-kaip-gera-tureti-draugu.webp","contentUrl":"https:\/\/skaitytaknyga.lt\/wp-content\/uploads\/2025\/07\/MAZOJI-VIENARAGE-kaip-gera-tureti-draugu.webp","width":618,"height":801},{"@type":"BreadcrumbList","@id":"https:\/\/skaitytaknyga.lt\/produktas\/mazoji-vienarage-kaip-gera-tureti-draugu\/#breadcrumb","itemListElement":[{"@type":"ListItem","position":1,"name":"Home","item":"https:\/\/skaitytaknyga.lt\/"},{"@type":"ListItem","position":2,"name":"Parduotuv\u0117","item":"https:\/\/skaitytaknyga.lt\/knygu-parduotuve\/"},{"@type":"ListItem","position":3,"name":"MA\u017dOJI VIENARAG\u0116: kaip gera tur\u0117ti draug\u0173"}]},{"@type":"WebSite","@id":"https:\/\/skaitytaknyga.lt\/#website","url":"https:\/\/skaitytaknyga.lt\/","name":"skaitytaknyga.lt","description":"Skaitytaknyga.lt \u2013 tai ma\u017eas \u0161eimos verslas, kuris prasid\u0117jo nuo meil\u0117s knygoms ir siekio i\u0161gelb\u0117ti knygas nuo likimo prie konteinerio. Kas vienam nereikalingas daiktas \u2013 kitam lobis, o mes esame tarpininkai, kurie padeda abiems tapti laimingesniems ???? \u017dinome kaip nelengva i\u0161gyventi ma\u017eiems verslams, tad nuo \u0161iol, \u010dia rasite ir kit\u0173, ma\u017e\u0173 \u0161eim\u0173 versl\u0173, rank\u0173 darbo, dovan\u0173 sau ir artimiesiems.","publisher":{"@id":"https:\/\/skaitytaknyga.lt\/#organization"},"potentialAction":[{"@type":"SearchAction","target":{"@type":"EntryPoint","urlTemplate":"https:\/\/skaitytaknyga.lt\/?s={search_term_string}"},"query-input":{"@type":"PropertyValueSpecification","valueRequired":true,"valueName":"search_term_string"}}],"inLanguage":"en-GB"},{"@type":"Organization","@id":"https:\/\/skaitytaknyga.lt\/#organization","name":"skaitytaknyga.lt","url":"https:\/\/skaitytaknyga.lt\/","logo":{"@type":"ImageObject","inLanguage":"en-GB","@id":"https:\/\/skaitytaknyga.lt\/#\/schema\/logo\/image\/","url":"https:\/\/skaitytaknyga.lt\/wp-content\/uploads\/2024\/05\/cropped-cropped-cropped-02_00843_jt3bggkj1j3HLc7SyY6rEUpg.jpeg","contentUrl":"https:\/\/skaitytaknyga.lt\/wp-content\/uploads\/2024\/05\/cropped-cropped-cropped-02_00843_jt3bggkj1j3HLc7SyY6rEUpg.jpeg","width":1600,"height":1600,"caption":"skaitytaknyga.lt"},"image":{"@id":"https:\/\/skaitytaknyga.lt\/#\/schema\/logo\/image\/"},"sameAs":["https:\/\/www.facebook.com\/skaitytaknyga\/"]}]}},"_links":{"self":[{"href":"https:\/\/skaitytaknyga.lt\/en\/wp-json\/wp\/v2\/product\/19139","targetHints":{"allow":["GET"]}}],"collection":[{"href":"https:\/\/skaitytaknyga.lt\/en\/wp-json\/wp\/v2\/product"}],"about":[{"href":"https:\/\/skaitytaknyga.lt\/en\/wp-json\/wp\/v2\/types\/product"}],"replies":[{"embeddable":true,"href":"https:\/\/skaitytaknyga.lt\/en\/wp-json\/wp\/v2\/comments?post=19139"}],"wp:featuredmedia":[{"embeddable":true,"href":"https:\/\/skaitytaknyga.lt\/en\/wp-json\/wp\/v2\/media\/19144"}],"wp:attachment":[{"href":"https:\/\/skaitytaknyga.lt\/en\/wp-json\/wp\/v2\/media?parent=19139"}],"wp:term":[{"taxonomy":"product_brand","embeddable":true,"href":"https:\/\/skaitytaknyga.lt\/en\/wp-json\/wp\/v2\/product_brand?post=19139"},{"taxonomy":"product_cat","embeddable":true,"href":"https:\/\/skaitytaknyga.lt\/en\/wp-json\/wp\/v2\/product_cat?post=19139"},{"taxonomy":"product_tag","embeddable":true,"href":"https:\/\/skaitytaknyga.lt\/en\/wp-json\/wp\/v2\/product_tag?post=19139"}],"curies":[{"name":"wp","href":"https:\/\/api.w.org\/{rel}","templated":true}]}}