{"id":19138,"date":"2025-07-02T14:46:01","date_gmt":"2025-07-02T11:46:01","guid":{"rendered":"https:\/\/skaitytaknyga.lt\/?post_type=product&#038;p=19138"},"modified":"2025-07-07T09:26:19","modified_gmt":"2025-07-07T06:26:19","slug":"amzinojo-miesto-balade","status":"publish","type":"product","link":"https:\/\/skaitytaknyga.lt\/en\/produktas\/amzinojo-miesto-balade\/","title":{"rendered":"Am\u017einojo miesto balad\u0117"},"content":{"rendered":"<p>1870 metai. Italija. Roma. Am\u017einasis miestas ir trys \u017emon\u0117s, m\u0117ginantys rasti jame savo viet\u0105. Na\u0161laitis Pietras svajoja pakeisti pasaul\u012f su fotoaparatu rankose, jo \u012fmot\u0117 grafien\u0117 Silvija trok\u0161ta b\u016bti laisva ir nepriklausoma, o su cirku po \u0161al\u012f keliaujanti paaugl\u0117 Marta nori myl\u0117ti ir b\u016bti mylima.<\/p>\n<p>Skirtingi keliai juos atveda \u012f Rom\u0105 \u2013 diding\u0105 ir u\u017eburiant\u012f, kartu pavojing\u0105 miest\u0105. Jo gatv\u0117se siau\u010dia nusikalt\u0117liai ir liepsnoja kovos d\u0117l Italijos suvienijimo lau\u017eai. Roma atvyk\u0117liams siun\u010dia vien\u0105 i\u0161bandym\u0105 po kito, skaud\u016bs likimo sm\u016bgiai \u012f \u0161ipulius dau\u017eo svajones. Atsid\u016br\u0119 lemting\u0173 \u012fvyki\u0173 epicentre Pietras, Silvija ir Marta rizikuoja gyvybe, bet ir mirtino pavojaus akivaizdoje nei\u0161si\u017eada svajon\u0117s kurti nauj\u0105 pasaul\u012f, saug\u0173 visiems ir kiekvienam i\u0161 j\u0173.<\/p>\n<p>Knygomis \u201e\u017dmogus, kuris dovanojo svajones&#8221; ir \u201eLaisv\u0117s dukros&#8221; Lietuvos skaitytojus paker\u0117j\u0119s italas Luca Di Fulvio romane \u201eAm\u017einojo miesto balad\u0117&#8221; neria \u012f audringus Italijos valstyb\u0117s suvienijimo istorijos verpetus.<\/p>\n<p>Talentingas bestseleri\u0173 autorius meistri\u0161kai aud\u017eia pasakojim\u0105 apie neramum\u0173 purtomoje Romoje susitikusi\u0173 dviej\u0173 jaunuoli\u0173 \u2013 Pietro ir Martos meil\u0119 ir j\u0173 kov\u0105 d\u0117l Italijos ateities. Knyga nuo pirm\u0173 puslapi\u0173 prikausto d\u0117mes\u012f ir \u012ftraukia \u012f nuotyki\u0173 kupin\u0105 pasaul\u012f.<\/p>\n<p>Jausmingas ir stiprus romanas apie ypating\u0105 Italijos istorijos etap\u0105 ir tris \u017emones, tapusius to meto liudininkais, apie \u0161i\u0173 veik\u0117j\u0173 pastangas \u012fsitvirtinti pavojingame pasaulyje, kov\u0105 d\u0117l teis\u0117s myl\u0117ti ir gyventi.<\/p>\n","protected":false},"excerpt":{"rendered":"<p>1870 metai. Italija. Roma. Am\u017einasis miestas ir trys \u017emon\u0117s, m\u0117ginantys rasti jame savo viet\u0105. Na\u0161laitis Pietras svajoja pakeisti pasaul\u012f su fotoaparatu rankose, jo \u012fmot\u0117 grafien\u0117 Silvija trok\u0161ta b\u016bti laisva ir nepriklausoma, o su cirku po \u0161al\u012f keliaujanti paaugl\u0117 Marta nori myl\u0117ti ir b\u016bti mylima. Skirtingi keliai juos atveda \u012f Rom\u0105 \u2013 diding\u0105 ir u\u017eburiant\u012f, kartu pavojing\u0105 miest\u0105. Jo gatv\u0117se siau\u010dia nusikalt\u0117liai ir liepsnoja kovos d\u0117l Italijos suvienijimo lau\u017eai. Roma atvyk\u0117liams siun\u010dia vien\u0105 i\u0161bandym\u0105 po kito, skaud\u016bs likimo sm\u016bgiai \u012f \u0161ipulius dau\u017eo svajones. Atsid\u016br\u0119 lemting\u0173 \u012fvyki\u0173 epicentre Pietras, Silvija ir Marta rizikuoja gyvybe, bet ir mirtino pavojaus akivaizdoje nei\u0161si\u017eada svajon\u0117s kurti nauj\u0105 pasaul\u012f, saug\u0173 visiems ir kiekvienam i\u0161 j\u0173. Knygomis \u201e\u017dmogus, kuris dovanojo svajones&#8221; ir \u201eLaisv\u0117s dukros&#8221; Lietuvos skaitytojus paker\u0117j\u0119s italas Luca Di Fulvio romane \u201eAm\u017einojo miesto balad\u0117&#8221; neria \u012f audringus Italijos valstyb\u0117s suvienijimo istorijos verpetus. Talentingas bestseleri\u0173 autorius meistri\u0161kai aud\u017eia pasakojim\u0105 apie neramum\u0173 purtomoje Romoje susitikusi\u0173 dviej\u0173 jaunuoli\u0173 \u2013 Pietro ir Martos meil\u0119 ir j\u0173 kov\u0105 d\u0117l Italijos ateities. Knyga nuo pirm\u0173 puslapi\u0173 prikausto d\u0117mes\u012f ir \u012ftraukia \u012f nuotyki\u0173 kupin\u0105 pasaul\u012f. Jausmingas ir stiprus romanas apie ypating\u0105 Italijos istorijos etap\u0105 ir tris \u017emones, tapusius to meto liudininkais, apie \u0161i\u0173 veik\u0117j\u0173 pastangas \u012fsitvirtinti pavojingame pasaulyje, kov\u0105 d\u0117l teis\u0117s myl\u0117ti ir gyventi.<\/p>\n","protected":false},"featured_media":19143,"comment_status":"open","ping_status":"closed","template":"","meta":{"_acf_changed":false,"site-sidebar-layout":"default","site-content-layout":"","ast-site-content-layout":"default","site-content-style":"default","site-sidebar-style":"default","ast-global-header-display":"","ast-banner-title-visibility":"","ast-main-header-display":"","ast-hfb-above-header-display":"","ast-hfb-below-header-display":"","ast-hfb-mobile-header-display":"","site-post-title":"","ast-breadcrumbs-content":"","ast-featured-img":"","footer-sml-layout":"","ast-disable-related-posts":"","theme-transparent-header-meta":"","adv-header-id-meta":"","stick-header-meta":"","header-above-stick-meta":"","header-main-stick-meta":"","header-below-stick-meta":"","astra-migrate-meta-layouts":"default","ast-page-background-enabled":"default","ast-page-background-meta":{"desktop":{"background-color":"","background-image":"","background-repeat":"repeat","background-position":"center center","background-size":"auto","background-attachment":"scroll","background-type":"","background-media":"","overlay-type":"","overlay-color":"","overlay-opacity":"","overlay-gradient":""},"tablet":{"background-color":"","background-image":"","background-repeat":"repeat","background-position":"center center","background-size":"auto","background-attachment":"scroll","background-type":"","background-media":"","overlay-type":"","overlay-color":"","overlay-opacity":"","overlay-gradient":""},"mobile":{"background-color":"","background-image":"","background-repeat":"repeat","background-position":"center center","background-size":"auto","background-attachment":"scroll","background-type":"","background-media":"","overlay-type":"","overlay-color":"","overlay-opacity":"","overlay-gradient":""}},"ast-content-background-meta":{"desktop":{"background-color":"var(--ast-global-color-4)","background-image":"","background-repeat":"repeat","background-position":"center center","background-size":"auto","background-attachment":"scroll","background-type":"","background-media":"","overlay-type":"","overlay-color":"","overlay-opacity":"","overlay-gradient":""},"tablet":{"background-color":"var(--ast-global-color-4)","background-image":"","background-repeat":"repeat","background-position":"center center","background-size":"auto","background-attachment":"scroll","background-type":"","background-media":"","overlay-type":"","overlay-color":"","overlay-opacity":"","overlay-gradient":""},"mobile":{"background-color":"var(--ast-global-color-4)","background-image":"","background-repeat":"repeat","background-position":"center center","background-size":"auto","background-attachment":"scroll","background-type":"","background-media":"","overlay-type":"","overlay-color":"","overlay-opacity":"","overlay-gradient":""}}},"product_brand":[],"product_cat":[31],"product_tag":[],"class_list":{"0":"post-19138","1":"product","2":"type-product","3":"status-publish","4":"has-post-thumbnail","6":"product_cat-grozine-literatura","7":"desktop-align-left","8":"tablet-align-left","9":"mobile-align-left","11":"first","12":"instock","13":"shipping-taxable","14":"purchasable","15":"product-type-simple"},"acf":[],"yoast_head":"<!-- This site is optimized with the Yoast SEO plugin v27.4 - https:\/\/yoast.com\/product\/yoast-seo-wordpress\/ -->\n<title>Am\u017einojo miesto balad\u0117<\/title>\n<meta name=\"description\" content=\"1870 metai. Italija. Roma. Am\u017einasis miestas ir trys \u017emon\u0117s, m\u0117ginantys rasti jame savo viet\u0105. Na\u0161laitis Pietras svajoja pakeisti pasaul\u012f su fotoaparatu\" \/>\n<meta name=\"robots\" content=\"index, follow, max-snippet:-1, max-image-preview:large, max-video-preview:-1\" \/>\n<link rel=\"canonical\" href=\"https:\/\/skaitytaknyga.lt\/en\/produktas\/amzinojo-miesto-balade\/\" \/>\n<meta property=\"og:locale\" content=\"en_GB\" \/>\n<meta property=\"og:locale:alternate\" content=\"lt_LT\" \/>\n<meta property=\"og:type\" content=\"article\" \/>\n<meta property=\"og:title\" content=\"Am\u017einojo miesto balad\u0117\" \/>\n<meta property=\"og:description\" content=\"1870 metai. Italija. Roma. Am\u017einasis miestas ir trys \u017emon\u0117s, m\u0117ginantys rasti jame savo viet\u0105. Na\u0161laitis Pietras svajoja pakeisti pasaul\u012f su fotoaparatu\" \/>\n<meta property=\"og:url\" content=\"https:\/\/skaitytaknyga.lt\/en\/produktas\/amzinojo-miesto-balade\/\" \/>\n<meta property=\"og:site_name\" content=\"Skaitytaknyga\" \/>\n<meta property=\"article:publisher\" content=\"https:\/\/www.facebook.com\/skaitytaknyga\/\" \/>\n<meta property=\"article:modified_time\" content=\"2025-07-07T06:26:19+00:00\" \/>\n<meta property=\"og:image\" content=\"https:\/\/skaitytaknyga.lt\/wp-content\/uploads\/2025\/07\/Amzinojo-miesto-balade.webp\" \/>\n\t<meta property=\"og:image:width\" content=\"403\" \/>\n\t<meta property=\"og:image:height\" content=\"600\" \/>\n\t<meta property=\"og:image:type\" content=\"image\/webp\" \/>\n<meta name=\"twitter:card\" content=\"summary_large_image\" \/>\n<meta name=\"twitter:label1\" content=\"Estimated reading time\" \/>\n\t<meta name=\"twitter:data1\" content=\"1 minute\" \/>\n<script type=\"application\/ld+json\" class=\"yoast-schema-graph\">{\"@context\":\"https:\\\/\\\/schema.org\",\"@graph\":[{\"@type\":\"WebPage\",\"@id\":\"https:\\\/\\\/skaitytaknyga.lt\\\/produktas\\\/amzinojo-miesto-balade\\\/\",\"url\":\"https:\\\/\\\/skaitytaknyga.lt\\\/produktas\\\/amzinojo-miesto-balade\\\/\",\"name\":\"Am\u017einojo miesto balad\u0117\",\"isPartOf\":{\"@id\":\"https:\\\/\\\/skaitytaknyga.lt\\\/#website\"},\"primaryImageOfPage\":{\"@id\":\"https:\\\/\\\/skaitytaknyga.lt\\\/produktas\\\/amzinojo-miesto-balade\\\/#primaryimage\"},\"image\":{\"@id\":\"https:\\\/\\\/skaitytaknyga.lt\\\/produktas\\\/amzinojo-miesto-balade\\\/#primaryimage\"},\"thumbnailUrl\":\"https:\\\/\\\/skaitytaknyga.lt\\\/wp-content\\\/uploads\\\/2025\\\/07\\\/Amzinojo-miesto-balade.webp\",\"datePublished\":\"2025-07-02T11:46:01+00:00\",\"dateModified\":\"2025-07-07T06:26:19+00:00\",\"description\":\"1870 metai. Italija. Roma. Am\u017einasis miestas ir trys \u017emon\u0117s, m\u0117ginantys rasti jame savo viet\u0105. Na\u0161laitis Pietras svajoja pakeisti pasaul\u012f su fotoaparatu\",\"breadcrumb\":{\"@id\":\"https:\\\/\\\/skaitytaknyga.lt\\\/produktas\\\/amzinojo-miesto-balade\\\/#breadcrumb\"},\"inLanguage\":\"en-GB\",\"potentialAction\":[{\"@type\":\"ReadAction\",\"target\":[\"https:\\\/\\\/skaitytaknyga.lt\\\/produktas\\\/amzinojo-miesto-balade\\\/\"]}]},{\"@type\":\"ImageObject\",\"inLanguage\":\"en-GB\",\"@id\":\"https:\\\/\\\/skaitytaknyga.lt\\\/produktas\\\/amzinojo-miesto-balade\\\/#primaryimage\",\"url\":\"https:\\\/\\\/skaitytaknyga.lt\\\/wp-content\\\/uploads\\\/2025\\\/07\\\/Amzinojo-miesto-balade.webp\",\"contentUrl\":\"https:\\\/\\\/skaitytaknyga.lt\\\/wp-content\\\/uploads\\\/2025\\\/07\\\/Amzinojo-miesto-balade.webp\",\"width\":403,\"height\":600,\"caption\":\"Am\u017einojo miesto balad\u0117\"},{\"@type\":\"BreadcrumbList\",\"@id\":\"https:\\\/\\\/skaitytaknyga.lt\\\/produktas\\\/amzinojo-miesto-balade\\\/#breadcrumb\",\"itemListElement\":[{\"@type\":\"ListItem\",\"position\":1,\"name\":\"Home\",\"item\":\"https:\\\/\\\/skaitytaknyga.lt\\\/\"},{\"@type\":\"ListItem\",\"position\":2,\"name\":\"Parduotuv\u0117\",\"item\":\"https:\\\/\\\/skaitytaknyga.lt\\\/knygu-parduotuve\\\/\"},{\"@type\":\"ListItem\",\"position\":3,\"name\":\"Am\u017einojo miesto balad\u0117\"}]},{\"@type\":\"WebSite\",\"@id\":\"https:\\\/\\\/skaitytaknyga.lt\\\/#website\",\"url\":\"https:\\\/\\\/skaitytaknyga.lt\\\/\",\"name\":\"skaitytaknyga.lt\",\"description\":\"Skaitytaknyga.lt \u2013 tai ma\u017eas \u0161eimos verslas, kuris prasid\u0117jo nuo meil\u0117s knygoms ir siekio i\u0161gelb\u0117ti knygas nuo likimo prie konteinerio. Kas vienam nereikalingas daiktas \u2013 kitam lobis, o mes esame tarpininkai, kurie padeda abiems tapti laimingesniems ???? \u017dinome kaip nelengva i\u0161gyventi ma\u017eiems verslams, tad nuo \u0161iol, \u010dia rasite ir kit\u0173, ma\u017e\u0173 \u0161eim\u0173 versl\u0173, rank\u0173 darbo, dovan\u0173 sau ir artimiesiems.\",\"publisher\":{\"@id\":\"https:\\\/\\\/skaitytaknyga.lt\\\/#organization\"},\"potentialAction\":[{\"@type\":\"SearchAction\",\"target\":{\"@type\":\"EntryPoint\",\"urlTemplate\":\"https:\\\/\\\/skaitytaknyga.lt\\\/?s={search_term_string}\"},\"query-input\":{\"@type\":\"PropertyValueSpecification\",\"valueRequired\":true,\"valueName\":\"search_term_string\"}}],\"inLanguage\":\"en-GB\"},{\"@type\":\"Organization\",\"@id\":\"https:\\\/\\\/skaitytaknyga.lt\\\/#organization\",\"name\":\"skaitytaknyga.lt\",\"url\":\"https:\\\/\\\/skaitytaknyga.lt\\\/\",\"logo\":{\"@type\":\"ImageObject\",\"inLanguage\":\"en-GB\",\"@id\":\"https:\\\/\\\/skaitytaknyga.lt\\\/#\\\/schema\\\/logo\\\/image\\\/\",\"url\":\"https:\\\/\\\/skaitytaknyga.lt\\\/wp-content\\\/uploads\\\/2024\\\/05\\\/cropped-cropped-cropped-02_00843_jt3bggkj1j3HLc7SyY6rEUpg.jpeg\",\"contentUrl\":\"https:\\\/\\\/skaitytaknyga.lt\\\/wp-content\\\/uploads\\\/2024\\\/05\\\/cropped-cropped-cropped-02_00843_jt3bggkj1j3HLc7SyY6rEUpg.jpeg\",\"width\":1600,\"height\":1600,\"caption\":\"skaitytaknyga.lt\"},\"image\":{\"@id\":\"https:\\\/\\\/skaitytaknyga.lt\\\/#\\\/schema\\\/logo\\\/image\\\/\"},\"sameAs\":[\"https:\\\/\\\/www.facebook.com\\\/skaitytaknyga\\\/\"]}]}<\/script>\n<!-- \/ Yoast SEO plugin. -->","yoast_head_json":{"title":"Am\u017einojo miesto balad\u0117","description":"1870 metai. Italija. Roma. Am\u017einasis miestas ir trys \u017emon\u0117s, m\u0117ginantys rasti jame savo viet\u0105. Na\u0161laitis Pietras svajoja pakeisti pasaul\u012f su fotoaparatu","robots":{"index":"index","follow":"follow","max-snippet":"max-snippet:-1","max-image-preview":"max-image-preview:large","max-video-preview":"max-video-preview:-1"},"canonical":"https:\/\/skaitytaknyga.lt\/en\/produktas\/amzinojo-miesto-balade\/","og_locale":"en_GB","og_type":"article","og_title":"[:lt]Am\u017einojo miesto balad\u0117[:] - Skaitytaknyga","og_description":"1870 metai. Italija. Roma. Am\u017einasis miestas ir trys \u017emon\u0117s, m\u0117ginantys rasti jame savo viet\u0105. Na\u0161laitis Pietras svajoja pakeisti pasaul\u012f su fotoaparatu","og_url":"https:\/\/skaitytaknyga.lt\/en\/produktas\/amzinojo-miesto-balade\/","og_site_name":"Skaitytaknyga","article_publisher":"https:\/\/www.facebook.com\/skaitytaknyga\/","article_modified_time":"2025-07-07T06:26:19+00:00","og_image":[{"width":403,"height":600,"url":"https:\/\/skaitytaknyga.lt\/wp-content\/uploads\/2025\/07\/Amzinojo-miesto-balade.webp","type":"image\/webp"}],"twitter_card":"summary_large_image","twitter_misc":{"Estimated reading time":"1 minute"},"schema":{"@context":"https:\/\/schema.org","@graph":[{"@type":"WebPage","@id":"https:\/\/skaitytaknyga.lt\/produktas\/amzinojo-miesto-balade\/","url":"https:\/\/skaitytaknyga.lt\/produktas\/amzinojo-miesto-balade\/","name":"Am\u017einojo miesto balad\u0117","isPartOf":{"@id":"https:\/\/skaitytaknyga.lt\/#website"},"primaryImageOfPage":{"@id":"https:\/\/skaitytaknyga.lt\/produktas\/amzinojo-miesto-balade\/#primaryimage"},"image":{"@id":"https:\/\/skaitytaknyga.lt\/produktas\/amzinojo-miesto-balade\/#primaryimage"},"thumbnailUrl":"https:\/\/skaitytaknyga.lt\/wp-content\/uploads\/2025\/07\/Amzinojo-miesto-balade.webp","datePublished":"2025-07-02T11:46:01+00:00","dateModified":"2025-07-07T06:26:19+00:00","description":"1870 metai. Italija. Roma. Am\u017einasis miestas ir trys \u017emon\u0117s, m\u0117ginantys rasti jame savo viet\u0105. Na\u0161laitis Pietras svajoja pakeisti pasaul\u012f su fotoaparatu","breadcrumb":{"@id":"https:\/\/skaitytaknyga.lt\/produktas\/amzinojo-miesto-balade\/#breadcrumb"},"inLanguage":"en-GB","potentialAction":[{"@type":"ReadAction","target":["https:\/\/skaitytaknyga.lt\/produktas\/amzinojo-miesto-balade\/"]}]},{"@type":"ImageObject","inLanguage":"en-GB","@id":"https:\/\/skaitytaknyga.lt\/produktas\/amzinojo-miesto-balade\/#primaryimage","url":"https:\/\/skaitytaknyga.lt\/wp-content\/uploads\/2025\/07\/Amzinojo-miesto-balade.webp","contentUrl":"https:\/\/skaitytaknyga.lt\/wp-content\/uploads\/2025\/07\/Amzinojo-miesto-balade.webp","width":403,"height":600,"caption":"Am\u017einojo miesto balad\u0117"},{"@type":"BreadcrumbList","@id":"https:\/\/skaitytaknyga.lt\/produktas\/amzinojo-miesto-balade\/#breadcrumb","itemListElement":[{"@type":"ListItem","position":1,"name":"Home","item":"https:\/\/skaitytaknyga.lt\/"},{"@type":"ListItem","position":2,"name":"Parduotuv\u0117","item":"https:\/\/skaitytaknyga.lt\/knygu-parduotuve\/"},{"@type":"ListItem","position":3,"name":"Am\u017einojo miesto balad\u0117"}]},{"@type":"WebSite","@id":"https:\/\/skaitytaknyga.lt\/#website","url":"https:\/\/skaitytaknyga.lt\/","name":"skaitytaknyga.lt","description":"Skaitytaknyga.lt \u2013 tai ma\u017eas \u0161eimos verslas, kuris prasid\u0117jo nuo meil\u0117s knygoms ir siekio i\u0161gelb\u0117ti knygas nuo likimo prie konteinerio. Kas vienam nereikalingas daiktas \u2013 kitam lobis, o mes esame tarpininkai, kurie padeda abiems tapti laimingesniems ???? \u017dinome kaip nelengva i\u0161gyventi ma\u017eiems verslams, tad nuo \u0161iol, \u010dia rasite ir kit\u0173, ma\u017e\u0173 \u0161eim\u0173 versl\u0173, rank\u0173 darbo, dovan\u0173 sau ir artimiesiems.","publisher":{"@id":"https:\/\/skaitytaknyga.lt\/#organization"},"potentialAction":[{"@type":"SearchAction","target":{"@type":"EntryPoint","urlTemplate":"https:\/\/skaitytaknyga.lt\/?s={search_term_string}"},"query-input":{"@type":"PropertyValueSpecification","valueRequired":true,"valueName":"search_term_string"}}],"inLanguage":"en-GB"},{"@type":"Organization","@id":"https:\/\/skaitytaknyga.lt\/#organization","name":"skaitytaknyga.lt","url":"https:\/\/skaitytaknyga.lt\/","logo":{"@type":"ImageObject","inLanguage":"en-GB","@id":"https:\/\/skaitytaknyga.lt\/#\/schema\/logo\/image\/","url":"https:\/\/skaitytaknyga.lt\/wp-content\/uploads\/2024\/05\/cropped-cropped-cropped-02_00843_jt3bggkj1j3HLc7SyY6rEUpg.jpeg","contentUrl":"https:\/\/skaitytaknyga.lt\/wp-content\/uploads\/2024\/05\/cropped-cropped-cropped-02_00843_jt3bggkj1j3HLc7SyY6rEUpg.jpeg","width":1600,"height":1600,"caption":"skaitytaknyga.lt"},"image":{"@id":"https:\/\/skaitytaknyga.lt\/#\/schema\/logo\/image\/"},"sameAs":["https:\/\/www.facebook.com\/skaitytaknyga\/"]}]}},"_links":{"self":[{"href":"https:\/\/skaitytaknyga.lt\/en\/wp-json\/wp\/v2\/product\/19138","targetHints":{"allow":["GET"]}}],"collection":[{"href":"https:\/\/skaitytaknyga.lt\/en\/wp-json\/wp\/v2\/product"}],"about":[{"href":"https:\/\/skaitytaknyga.lt\/en\/wp-json\/wp\/v2\/types\/product"}],"replies":[{"embeddable":true,"href":"https:\/\/skaitytaknyga.lt\/en\/wp-json\/wp\/v2\/comments?post=19138"}],"wp:featuredmedia":[{"embeddable":true,"href":"https:\/\/skaitytaknyga.lt\/en\/wp-json\/wp\/v2\/media\/19143"}],"wp:attachment":[{"href":"https:\/\/skaitytaknyga.lt\/en\/wp-json\/wp\/v2\/media?parent=19138"}],"wp:term":[{"taxonomy":"product_brand","embeddable":true,"href":"https:\/\/skaitytaknyga.lt\/en\/wp-json\/wp\/v2\/product_brand?post=19138"},{"taxonomy":"product_cat","embeddable":true,"href":"https:\/\/skaitytaknyga.lt\/en\/wp-json\/wp\/v2\/product_cat?post=19138"},{"taxonomy":"product_tag","embeddable":true,"href":"https:\/\/skaitytaknyga.lt\/en\/wp-json\/wp\/v2\/product_tag?post=19138"}],"curies":[{"name":"wp","href":"https:\/\/api.w.org\/{rel}","templated":true}]}}