{"id":19126,"date":"2025-07-01T22:07:34","date_gmt":"2025-07-01T19:07:34","guid":{"rendered":"https:\/\/skaitytaknyga.lt\/?post_type=product&#038;p=19126"},"modified":"2025-07-02T15:13:25","modified_gmt":"2025-07-02T12:13:25","slug":"salomeja-neris-fragmento-poetika","status":"publish","type":"product","link":"https:\/\/skaitytaknyga.lt\/en\/produktas\/salomeja-neris-fragmento-poetika\/","title":{"rendered":"Salom\u0117ja N\u0117ris: fragmento poetika"},"content":{"rendered":"<p>Knyga skirta Salom\u0117jos N\u0117ries (1904\u20131945) \u0161imtme\u010diui.<\/p>\n<p>Fragmentais, \u012fvade susietais su fragmento poetikos principais, atskleid\u017eiami poet\u0117s gyvenimo ir k\u016brybos momentai, intencijos, i\u0161ry\u0161kintos laiko, daugkartinio tekst\u0173 skaitymo, matymo patirties. Pirmajame skirsnyje \u201eGyvenime tu mano\u2026\u201c gilinamasi \u012f gyvenimo peripetijas; antrajame \u201eO gal \u0161irdis manoji prasiver\u017e\u0117 balsu?\u201c dominuoja pasaul\u0117vaizd\u017eio linijos. Tre\u010diasis (\u201eJeigu i\u0161tisos poet\u0173 kartos\u2026\u201c) sutelktas \u012f kalb\u0105, poetin\u0119 technik\u0105. Paskutinis skyrius \u201eNeapeisi\u201c \u017eymi br\u016bk\u0161n\u012f, pirm\u0105j\u0105 rib\u0105, kuri\u0105, ry\u0161kindamas k\u016br\u0117jo viet\u0105 kult\u016broje, paprastai u\u017ebr\u0117\u017eia \u0161imtmetis.<\/p>\n<p>Autorius: Viktorija Daujotyt\u0117<br \/>\nLeid\u0117jas: Lietuvos ra\u0161ytoj\u0173 s\u0105jungos leidykla<br \/>\nMetai: 2004<br \/>\nPuslapiai: 238<br \/>\nISBN: 9789986393450<br \/>\nVersijos kodas: PT.<br \/>\nFormatas: 14,5 x 22 cm, kieti vir\u0161eliai<br \/>\nKalba: Lietuvi\u0173<\/p>\n","protected":false},"excerpt":{"rendered":"<p>Knyga skirta Salom\u0117jos N\u0117ries (1904\u20131945) \u0161imtme\u010diui. Fragmentais, \u012fvade susietais su fragmento poetikos principais, atskleid\u017eiami poet\u0117s gyvenimo ir k\u016brybos momentai, intencijos, i\u0161ry\u0161kintos laiko, daugkartinio tekst\u0173 skaitymo, matymo patirties. Pirmajame skirsnyje \u201eGyvenime tu mano\u2026\u201c gilinamasi \u012f gyvenimo peripetijas; antrajame \u201eO gal \u0161irdis manoji prasiver\u017e\u0117 balsu?\u201c dominuoja pasaul\u0117vaizd\u017eio linijos. Tre\u010diasis (\u201eJeigu i\u0161tisos poet\u0173 kartos\u2026\u201c) sutelktas \u012f kalb\u0105, poetin\u0119 technik\u0105. Paskutinis skyrius \u201eNeapeisi\u201c \u017eymi br\u016bk\u0161n\u012f, pirm\u0105j\u0105 rib\u0105, kuri\u0105, ry\u0161kindamas k\u016br\u0117jo viet\u0105 kult\u016broje, paprastai u\u017ebr\u0117\u017eia \u0161imtmetis. Autorius: Viktorija Daujotyt\u0117 Leid\u0117jas: Lietuvos ra\u0161ytoj\u0173 s\u0105jungos leidykla Metai: 2004 Puslapiai: 238 ISBN: 9789986393450 Versijos kodas: PT. Formatas: 14,5 x 22 cm, kieti vir\u0161eliai Kalba: Lietuvi\u0173<\/p>\n","protected":false},"featured_media":19127,"comment_status":"closed","ping_status":"closed","template":"","meta":{"_acf_changed":false,"site-sidebar-layout":"default","site-content-layout":"","ast-site-content-layout":"default","site-content-style":"default","site-sidebar-style":"default","ast-global-header-display":"","ast-banner-title-visibility":"","ast-main-header-display":"","ast-hfb-above-header-display":"","ast-hfb-below-header-display":"","ast-hfb-mobile-header-display":"","site-post-title":"","ast-breadcrumbs-content":"","ast-featured-img":"","footer-sml-layout":"","ast-disable-related-posts":"","theme-transparent-header-meta":"default","adv-header-id-meta":"","stick-header-meta":"","header-above-stick-meta":"","header-main-stick-meta":"","header-below-stick-meta":"","astra-migrate-meta-layouts":"set","ast-page-background-enabled":"default","ast-page-background-meta":{"desktop":{"background-color":"","background-image":"","background-repeat":"repeat","background-position":"center center","background-size":"auto","background-attachment":"scroll","background-type":"","background-media":"","overlay-type":"","overlay-color":"","overlay-opacity":"","overlay-gradient":""},"tablet":{"background-color":"","background-image":"","background-repeat":"repeat","background-position":"center center","background-size":"auto","background-attachment":"scroll","background-type":"","background-media":"","overlay-type":"","overlay-color":"","overlay-opacity":"","overlay-gradient":""},"mobile":{"background-color":"","background-image":"","background-repeat":"repeat","background-position":"center center","background-size":"auto","background-attachment":"scroll","background-type":"","background-media":"","overlay-type":"","overlay-color":"","overlay-opacity":"","overlay-gradient":""}},"ast-content-background-meta":{"desktop":{"background-color":"var(--ast-global-color-4)","background-image":"","background-repeat":"repeat","background-position":"center center","background-size":"auto","background-attachment":"scroll","background-type":"","background-media":"","overlay-type":"","overlay-color":"","overlay-opacity":"","overlay-gradient":""},"tablet":{"background-color":"var(--ast-global-color-4)","background-image":"","background-repeat":"repeat","background-position":"center center","background-size":"auto","background-attachment":"scroll","background-type":"","background-media":"","overlay-type":"","overlay-color":"","overlay-opacity":"","overlay-gradient":""},"mobile":{"background-color":"var(--ast-global-color-4)","background-image":"","background-repeat":"repeat","background-position":"center center","background-size":"auto","background-attachment":"scroll","background-type":"","background-media":"","overlay-type":"","overlay-color":"","overlay-opacity":"","overlay-gradient":""}}},"product_brand":[],"product_cat":[15],"product_tag":[2045,1492,1809,2981,2969],"class_list":{"0":"post-19126","1":"product","2":"type-product","3":"status-publish","4":"has-post-thumbnail","6":"product_cat-uncategorized","7":"product_tag-biografija","8":"product_tag-literatura","9":"product_tag-poezija","10":"product_tag-salomeja-neris","11":"product_tag-viktorija-daujotyte","12":"desktop-align-left","13":"tablet-align-left","14":"mobile-align-left","16":"first","17":"instock","18":"shipping-taxable","19":"purchasable","20":"product-type-simple"},"acf":[],"yoast_head":"<!-- This site is optimized with the Yoast SEO plugin v27.4 - https:\/\/yoast.com\/product\/yoast-seo-wordpress\/ -->\n<title>Salom\u0117ja N\u0117ris: fragmento poetika<\/title>\n<meta name=\"description\" content=\"Knyga skirta Salom\u0117jos N\u0117ries (1904\u20131945) \u0161imtme\u010diui. Fragmentais, \u012fvade susietais su fragmento poetikos principais, atskleid\u017eiami poet\u0117s gyvenimo ir\" \/>\n<meta name=\"robots\" content=\"index, follow, max-snippet:-1, max-image-preview:large, max-video-preview:-1\" \/>\n<link rel=\"canonical\" href=\"https:\/\/skaitytaknyga.lt\/en\/produktas\/salomeja-neris-fragmento-poetika\/\" \/>\n<meta property=\"og:locale\" content=\"en_GB\" \/>\n<meta property=\"og:locale:alternate\" content=\"lt_LT\" \/>\n<meta property=\"og:type\" content=\"article\" \/>\n<meta property=\"og:title\" content=\"Salom\u0117ja N\u0117ris: fragmento poetika\" \/>\n<meta property=\"og:description\" content=\"Knyga skirta Salom\u0117jos N\u0117ries (1904\u20131945) \u0161imtme\u010diui. Fragmentais, \u012fvade susietais su fragmento poetikos principais, atskleid\u017eiami poet\u0117s gyvenimo ir\" \/>\n<meta property=\"og:url\" content=\"https:\/\/skaitytaknyga.lt\/en\/produktas\/salomeja-neris-fragmento-poetika\/\" \/>\n<meta property=\"og:site_name\" content=\"Skaitytaknyga\" \/>\n<meta property=\"article:publisher\" content=\"https:\/\/www.facebook.com\/skaitytaknyga\/\" \/>\n<meta property=\"article:modified_time\" content=\"2025-07-02T12:13:25+00:00\" \/>\n<meta property=\"og:image\" content=\"https:\/\/skaitytaknyga.lt\/wp-content\/uploads\/2025\/07\/Salomeja-Neris-fragmento-poetika.webp\" \/>\n\t<meta property=\"og:image:width\" content=\"522\" \/>\n\t<meta property=\"og:image:height\" content=\"800\" \/>\n\t<meta property=\"og:image:type\" content=\"image\/webp\" \/>\n<meta name=\"twitter:card\" content=\"summary_large_image\" \/>\n<meta name=\"twitter:label1\" content=\"Estimated reading time\" \/>\n\t<meta name=\"twitter:data1\" content=\"1 minute\" \/>\n<script type=\"application\/ld+json\" class=\"yoast-schema-graph\">{\"@context\":\"https:\\\/\\\/schema.org\",\"@graph\":[{\"@type\":\"WebPage\",\"@id\":\"https:\\\/\\\/skaitytaknyga.lt\\\/produktas\\\/salomeja-neris-fragmento-poetika\\\/\",\"url\":\"https:\\\/\\\/skaitytaknyga.lt\\\/produktas\\\/salomeja-neris-fragmento-poetika\\\/\",\"name\":\"Salom\u0117ja N\u0117ris: fragmento poetika\",\"isPartOf\":{\"@id\":\"https:\\\/\\\/skaitytaknyga.lt\\\/#website\"},\"primaryImageOfPage\":{\"@id\":\"https:\\\/\\\/skaitytaknyga.lt\\\/produktas\\\/salomeja-neris-fragmento-poetika\\\/#primaryimage\"},\"image\":{\"@id\":\"https:\\\/\\\/skaitytaknyga.lt\\\/produktas\\\/salomeja-neris-fragmento-poetika\\\/#primaryimage\"},\"thumbnailUrl\":\"https:\\\/\\\/skaitytaknyga.lt\\\/wp-content\\\/uploads\\\/2025\\\/07\\\/Salomeja-Neris-fragmento-poetika.webp\",\"datePublished\":\"2025-07-01T19:07:34+00:00\",\"dateModified\":\"2025-07-02T12:13:25+00:00\",\"description\":\"Knyga skirta Salom\u0117jos N\u0117ries (1904\u20131945) \u0161imtme\u010diui. Fragmentais, \u012fvade susietais su fragmento poetikos principais, atskleid\u017eiami poet\u0117s gyvenimo ir\",\"breadcrumb\":{\"@id\":\"https:\\\/\\\/skaitytaknyga.lt\\\/produktas\\\/salomeja-neris-fragmento-poetika\\\/#breadcrumb\"},\"inLanguage\":\"en-GB\",\"potentialAction\":[{\"@type\":\"ReadAction\",\"target\":[\"https:\\\/\\\/skaitytaknyga.lt\\\/produktas\\\/salomeja-neris-fragmento-poetika\\\/\"]}]},{\"@type\":\"ImageObject\",\"inLanguage\":\"en-GB\",\"@id\":\"https:\\\/\\\/skaitytaknyga.lt\\\/produktas\\\/salomeja-neris-fragmento-poetika\\\/#primaryimage\",\"url\":\"https:\\\/\\\/skaitytaknyga.lt\\\/wp-content\\\/uploads\\\/2025\\\/07\\\/Salomeja-Neris-fragmento-poetika.webp\",\"contentUrl\":\"https:\\\/\\\/skaitytaknyga.lt\\\/wp-content\\\/uploads\\\/2025\\\/07\\\/Salomeja-Neris-fragmento-poetika.webp\",\"width\":522,\"height\":800,\"caption\":\"Salom\u0117ja N\u0117ris: fragmento poetika\"},{\"@type\":\"BreadcrumbList\",\"@id\":\"https:\\\/\\\/skaitytaknyga.lt\\\/produktas\\\/salomeja-neris-fragmento-poetika\\\/#breadcrumb\",\"itemListElement\":[{\"@type\":\"ListItem\",\"position\":1,\"name\":\"Home\",\"item\":\"https:\\\/\\\/skaitytaknyga.lt\\\/\"},{\"@type\":\"ListItem\",\"position\":2,\"name\":\"Parduotuv\u0117\",\"item\":\"https:\\\/\\\/skaitytaknyga.lt\\\/knygu-parduotuve\\\/\"},{\"@type\":\"ListItem\",\"position\":3,\"name\":\"Salom\u0117ja N\u0117ris: fragmento poetika\"}]},{\"@type\":\"WebSite\",\"@id\":\"https:\\\/\\\/skaitytaknyga.lt\\\/#website\",\"url\":\"https:\\\/\\\/skaitytaknyga.lt\\\/\",\"name\":\"skaitytaknyga.lt\",\"description\":\"Skaitytaknyga.lt \u2013 tai ma\u017eas \u0161eimos verslas, kuris prasid\u0117jo nuo meil\u0117s knygoms ir siekio i\u0161gelb\u0117ti knygas nuo likimo prie konteinerio. Kas vienam nereikalingas daiktas \u2013 kitam lobis, o mes esame tarpininkai, kurie padeda abiems tapti laimingesniems ???? \u017dinome kaip nelengva i\u0161gyventi ma\u017eiems verslams, tad nuo \u0161iol, \u010dia rasite ir kit\u0173, ma\u017e\u0173 \u0161eim\u0173 versl\u0173, rank\u0173 darbo, dovan\u0173 sau ir artimiesiems.\",\"publisher\":{\"@id\":\"https:\\\/\\\/skaitytaknyga.lt\\\/#organization\"},\"potentialAction\":[{\"@type\":\"SearchAction\",\"target\":{\"@type\":\"EntryPoint\",\"urlTemplate\":\"https:\\\/\\\/skaitytaknyga.lt\\\/?s={search_term_string}\"},\"query-input\":{\"@type\":\"PropertyValueSpecification\",\"valueRequired\":true,\"valueName\":\"search_term_string\"}}],\"inLanguage\":\"en-GB\"},{\"@type\":\"Organization\",\"@id\":\"https:\\\/\\\/skaitytaknyga.lt\\\/#organization\",\"name\":\"skaitytaknyga.lt\",\"url\":\"https:\\\/\\\/skaitytaknyga.lt\\\/\",\"logo\":{\"@type\":\"ImageObject\",\"inLanguage\":\"en-GB\",\"@id\":\"https:\\\/\\\/skaitytaknyga.lt\\\/#\\\/schema\\\/logo\\\/image\\\/\",\"url\":\"https:\\\/\\\/skaitytaknyga.lt\\\/wp-content\\\/uploads\\\/2024\\\/05\\\/cropped-cropped-cropped-02_00843_jt3bggkj1j3HLc7SyY6rEUpg.jpeg\",\"contentUrl\":\"https:\\\/\\\/skaitytaknyga.lt\\\/wp-content\\\/uploads\\\/2024\\\/05\\\/cropped-cropped-cropped-02_00843_jt3bggkj1j3HLc7SyY6rEUpg.jpeg\",\"width\":1600,\"height\":1600,\"caption\":\"skaitytaknyga.lt\"},\"image\":{\"@id\":\"https:\\\/\\\/skaitytaknyga.lt\\\/#\\\/schema\\\/logo\\\/image\\\/\"},\"sameAs\":[\"https:\\\/\\\/www.facebook.com\\\/skaitytaknyga\\\/\"]}]}<\/script>\n<!-- \/ Yoast SEO plugin. -->","yoast_head_json":{"title":"Salom\u0117ja N\u0117ris: fragmento poetika","description":"Knyga skirta Salom\u0117jos N\u0117ries (1904\u20131945) \u0161imtme\u010diui. Fragmentais, \u012fvade susietais su fragmento poetikos principais, atskleid\u017eiami poet\u0117s gyvenimo ir","robots":{"index":"index","follow":"follow","max-snippet":"max-snippet:-1","max-image-preview":"max-image-preview:large","max-video-preview":"max-video-preview:-1"},"canonical":"https:\/\/skaitytaknyga.lt\/en\/produktas\/salomeja-neris-fragmento-poetika\/","og_locale":"en_GB","og_type":"article","og_title":"[:lt]Salom\u0117ja N\u0117ris: fragmento poetika[:] - Skaitytaknyga","og_description":"Knyga skirta Salom\u0117jos N\u0117ries (1904\u20131945) \u0161imtme\u010diui. Fragmentais, \u012fvade susietais su fragmento poetikos principais, atskleid\u017eiami poet\u0117s gyvenimo ir","og_url":"https:\/\/skaitytaknyga.lt\/en\/produktas\/salomeja-neris-fragmento-poetika\/","og_site_name":"Skaitytaknyga","article_publisher":"https:\/\/www.facebook.com\/skaitytaknyga\/","article_modified_time":"2025-07-02T12:13:25+00:00","og_image":[{"width":522,"height":800,"url":"https:\/\/skaitytaknyga.lt\/wp-content\/uploads\/2025\/07\/Salomeja-Neris-fragmento-poetika.webp","type":"image\/webp"}],"twitter_card":"summary_large_image","twitter_misc":{"Estimated reading time":"1 minute"},"schema":{"@context":"https:\/\/schema.org","@graph":[{"@type":"WebPage","@id":"https:\/\/skaitytaknyga.lt\/produktas\/salomeja-neris-fragmento-poetika\/","url":"https:\/\/skaitytaknyga.lt\/produktas\/salomeja-neris-fragmento-poetika\/","name":"Salom\u0117ja N\u0117ris: fragmento poetika","isPartOf":{"@id":"https:\/\/skaitytaknyga.lt\/#website"},"primaryImageOfPage":{"@id":"https:\/\/skaitytaknyga.lt\/produktas\/salomeja-neris-fragmento-poetika\/#primaryimage"},"image":{"@id":"https:\/\/skaitytaknyga.lt\/produktas\/salomeja-neris-fragmento-poetika\/#primaryimage"},"thumbnailUrl":"https:\/\/skaitytaknyga.lt\/wp-content\/uploads\/2025\/07\/Salomeja-Neris-fragmento-poetika.webp","datePublished":"2025-07-01T19:07:34+00:00","dateModified":"2025-07-02T12:13:25+00:00","description":"Knyga skirta Salom\u0117jos N\u0117ries (1904\u20131945) \u0161imtme\u010diui. Fragmentais, \u012fvade susietais su fragmento poetikos principais, atskleid\u017eiami poet\u0117s gyvenimo ir","breadcrumb":{"@id":"https:\/\/skaitytaknyga.lt\/produktas\/salomeja-neris-fragmento-poetika\/#breadcrumb"},"inLanguage":"en-GB","potentialAction":[{"@type":"ReadAction","target":["https:\/\/skaitytaknyga.lt\/produktas\/salomeja-neris-fragmento-poetika\/"]}]},{"@type":"ImageObject","inLanguage":"en-GB","@id":"https:\/\/skaitytaknyga.lt\/produktas\/salomeja-neris-fragmento-poetika\/#primaryimage","url":"https:\/\/skaitytaknyga.lt\/wp-content\/uploads\/2025\/07\/Salomeja-Neris-fragmento-poetika.webp","contentUrl":"https:\/\/skaitytaknyga.lt\/wp-content\/uploads\/2025\/07\/Salomeja-Neris-fragmento-poetika.webp","width":522,"height":800,"caption":"Salom\u0117ja N\u0117ris: fragmento poetika"},{"@type":"BreadcrumbList","@id":"https:\/\/skaitytaknyga.lt\/produktas\/salomeja-neris-fragmento-poetika\/#breadcrumb","itemListElement":[{"@type":"ListItem","position":1,"name":"Home","item":"https:\/\/skaitytaknyga.lt\/"},{"@type":"ListItem","position":2,"name":"Parduotuv\u0117","item":"https:\/\/skaitytaknyga.lt\/knygu-parduotuve\/"},{"@type":"ListItem","position":3,"name":"Salom\u0117ja N\u0117ris: fragmento poetika"}]},{"@type":"WebSite","@id":"https:\/\/skaitytaknyga.lt\/#website","url":"https:\/\/skaitytaknyga.lt\/","name":"skaitytaknyga.lt","description":"Skaitytaknyga.lt \u2013 tai ma\u017eas \u0161eimos verslas, kuris prasid\u0117jo nuo meil\u0117s knygoms ir siekio i\u0161gelb\u0117ti knygas nuo likimo prie konteinerio. Kas vienam nereikalingas daiktas \u2013 kitam lobis, o mes esame tarpininkai, kurie padeda abiems tapti laimingesniems ???? \u017dinome kaip nelengva i\u0161gyventi ma\u017eiems verslams, tad nuo \u0161iol, \u010dia rasite ir kit\u0173, ma\u017e\u0173 \u0161eim\u0173 versl\u0173, rank\u0173 darbo, dovan\u0173 sau ir artimiesiems.","publisher":{"@id":"https:\/\/skaitytaknyga.lt\/#organization"},"potentialAction":[{"@type":"SearchAction","target":{"@type":"EntryPoint","urlTemplate":"https:\/\/skaitytaknyga.lt\/?s={search_term_string}"},"query-input":{"@type":"PropertyValueSpecification","valueRequired":true,"valueName":"search_term_string"}}],"inLanguage":"en-GB"},{"@type":"Organization","@id":"https:\/\/skaitytaknyga.lt\/#organization","name":"skaitytaknyga.lt","url":"https:\/\/skaitytaknyga.lt\/","logo":{"@type":"ImageObject","inLanguage":"en-GB","@id":"https:\/\/skaitytaknyga.lt\/#\/schema\/logo\/image\/","url":"https:\/\/skaitytaknyga.lt\/wp-content\/uploads\/2024\/05\/cropped-cropped-cropped-02_00843_jt3bggkj1j3HLc7SyY6rEUpg.jpeg","contentUrl":"https:\/\/skaitytaknyga.lt\/wp-content\/uploads\/2024\/05\/cropped-cropped-cropped-02_00843_jt3bggkj1j3HLc7SyY6rEUpg.jpeg","width":1600,"height":1600,"caption":"skaitytaknyga.lt"},"image":{"@id":"https:\/\/skaitytaknyga.lt\/#\/schema\/logo\/image\/"},"sameAs":["https:\/\/www.facebook.com\/skaitytaknyga\/"]}]}},"_links":{"self":[{"href":"https:\/\/skaitytaknyga.lt\/en\/wp-json\/wp\/v2\/product\/19126","targetHints":{"allow":["GET"]}}],"collection":[{"href":"https:\/\/skaitytaknyga.lt\/en\/wp-json\/wp\/v2\/product"}],"about":[{"href":"https:\/\/skaitytaknyga.lt\/en\/wp-json\/wp\/v2\/types\/product"}],"replies":[{"embeddable":true,"href":"https:\/\/skaitytaknyga.lt\/en\/wp-json\/wp\/v2\/comments?post=19126"}],"wp:featuredmedia":[{"embeddable":true,"href":"https:\/\/skaitytaknyga.lt\/en\/wp-json\/wp\/v2\/media\/19127"}],"wp:attachment":[{"href":"https:\/\/skaitytaknyga.lt\/en\/wp-json\/wp\/v2\/media?parent=19126"}],"wp:term":[{"taxonomy":"product_brand","embeddable":true,"href":"https:\/\/skaitytaknyga.lt\/en\/wp-json\/wp\/v2\/product_brand?post=19126"},{"taxonomy":"product_cat","embeddable":true,"href":"https:\/\/skaitytaknyga.lt\/en\/wp-json\/wp\/v2\/product_cat?post=19126"},{"taxonomy":"product_tag","embeddable":true,"href":"https:\/\/skaitytaknyga.lt\/en\/wp-json\/wp\/v2\/product_tag?post=19126"}],"curies":[{"name":"wp","href":"https:\/\/api.w.org\/{rel}","templated":true}]}}