{"id":19116,"date":"2025-06-28T17:14:34","date_gmt":"2025-06-28T14:14:34","guid":{"rendered":"https:\/\/skaitytaknyga.lt\/?post_type=product&#038;p=19116"},"modified":"2025-07-07T09:26:19","modified_gmt":"2025-07-07T06:26:19","slug":"365-trumpi-pasakojimai-sielai","status":"publish","type":"product","link":"https:\/\/skaitytaknyga.lt\/en\/produktas\/365-trumpi-pasakojimai-sielai\/","title":{"rendered":"365 trumpi pasakojimai sielai"},"content":{"rendered":"<p>\u0160ioje knygoje yra 365 trumpi pasakojimai &#8211; lygiai tiek, kiek metuose dien\u0173. Jie &#8211; lyg ma\u017eyt\u0117s i\u0161minties piliul\u0117s, tod\u0117l perskaityti reik\u0117t\u0173 ne vienu pris\u0117dimu. Per dien\u0105 pakanka \u201ei\u0161gerti\u201c vien\u0105 piliul\u0119. Leiskite, kad ji \u201ei\u0161tirpt\u0173\u201c j\u016bs\u0173 mintyse.<\/p>\n<p>Kiekvienas pasakojimas &#8211; tarsi skrynel\u0117: atverkite j\u0105, suraskite joje t\u0105 kartais labai pavyd\u017eiai saugom\u0105 s\u0117kl\u0105 ir leiskite jai sudygti j\u016bs\u0173 sielos dirvoje. Perskait\u0119s pasakojim\u0105 n\u0117 vienas neliks toks, koks buvo prie\u0161 tai.<\/p>\n<p>Bruno Ferrero dirba religin\u0117s pedagogikos srityje. Jis yra \u012fvairi\u0173 aukl\u0117jam\u0173j\u0173 knyg\u0173 bei pasisekimo sulaukusios pasakojim\u0173 rinkini\u0173 serijos autorius.<\/p>\n","protected":false},"excerpt":{"rendered":"<p>\u0160ioje knygoje yra 365 trumpi pasakojimai &#8211; lygiai tiek, kiek metuose dien\u0173. Jie &#8211; lyg ma\u017eyt\u0117s i\u0161minties piliul\u0117s, tod\u0117l perskaityti reik\u0117t\u0173 ne vienu pris\u0117dimu. Per dien\u0105 pakanka \u201ei\u0161gerti\u201c vien\u0105 piliul\u0119. Leiskite, kad ji \u201ei\u0161tirpt\u0173\u201c j\u016bs\u0173 mintyse. Kiekvienas pasakojimas &#8211; tarsi skrynel\u0117: atverkite j\u0105, suraskite joje t\u0105 kartais labai pavyd\u017eiai saugom\u0105 s\u0117kl\u0105 ir leiskite jai sudygti j\u016bs\u0173 sielos dirvoje. Perskait\u0119s pasakojim\u0105 n\u0117 vienas neliks toks, koks buvo prie\u0161 tai. Bruno Ferrero dirba religin\u0117s pedagogikos srityje. Jis yra \u012fvairi\u0173 aukl\u0117jam\u0173j\u0173 knyg\u0173 bei pasisekimo sulaukusios pasakojim\u0173 rinkini\u0173 serijos autorius.<\/p>\n","protected":false},"featured_media":19129,"comment_status":"open","ping_status":"closed","template":"","meta":{"_acf_changed":false,"site-sidebar-layout":"default","site-content-layout":"","ast-site-content-layout":"default","site-content-style":"default","site-sidebar-style":"default","ast-global-header-display":"","ast-banner-title-visibility":"","ast-main-header-display":"","ast-hfb-above-header-display":"","ast-hfb-below-header-display":"","ast-hfb-mobile-header-display":"","site-post-title":"","ast-breadcrumbs-content":"","ast-featured-img":"","footer-sml-layout":"","ast-disable-related-posts":"","theme-transparent-header-meta":"","adv-header-id-meta":"","stick-header-meta":"","header-above-stick-meta":"","header-main-stick-meta":"","header-below-stick-meta":"","astra-migrate-meta-layouts":"default","ast-page-background-enabled":"default","ast-page-background-meta":{"desktop":{"background-color":"","background-image":"","background-repeat":"repeat","background-position":"center center","background-size":"auto","background-attachment":"scroll","background-type":"","background-media":"","overlay-type":"","overlay-color":"","overlay-opacity":"","overlay-gradient":""},"tablet":{"background-color":"","background-image":"","background-repeat":"repeat","background-position":"center center","background-size":"auto","background-attachment":"scroll","background-type":"","background-media":"","overlay-type":"","overlay-color":"","overlay-opacity":"","overlay-gradient":""},"mobile":{"background-color":"","background-image":"","background-repeat":"repeat","background-position":"center center","background-size":"auto","background-attachment":"scroll","background-type":"","background-media":"","overlay-type":"","overlay-color":"","overlay-opacity":"","overlay-gradient":""}},"ast-content-background-meta":{"desktop":{"background-color":"var(--ast-global-color-4)","background-image":"","background-repeat":"repeat","background-position":"center center","background-size":"auto","background-attachment":"scroll","background-type":"","background-media":"","overlay-type":"","overlay-color":"","overlay-opacity":"","overlay-gradient":""},"tablet":{"background-color":"var(--ast-global-color-4)","background-image":"","background-repeat":"repeat","background-position":"center center","background-size":"auto","background-attachment":"scroll","background-type":"","background-media":"","overlay-type":"","overlay-color":"","overlay-opacity":"","overlay-gradient":""},"mobile":{"background-color":"var(--ast-global-color-4)","background-image":"","background-repeat":"repeat","background-position":"center center","background-size":"auto","background-attachment":"scroll","background-type":"","background-media":"","overlay-type":"","overlay-color":"","overlay-opacity":"","overlay-gradient":""}}},"product_brand":[],"product_cat":[31],"product_tag":[],"class_list":{"0":"post-19116","1":"product","2":"type-product","3":"status-publish","4":"has-post-thumbnail","6":"product_cat-grozine-literatura","7":"desktop-align-left","8":"tablet-align-left","9":"mobile-align-left","11":"first","12":"instock","13":"shipping-taxable","14":"purchasable","15":"product-type-simple"},"acf":[],"yoast_head":"<!-- This site is optimized with the Yoast SEO plugin v27.4 - https:\/\/yoast.com\/product\/yoast-seo-wordpress\/ -->\n<title>365 trumpi pasakojimai sielai<\/title>\n<meta name=\"description\" content=\"\u0160ioje knygoje yra 365 trumpi pasakojimai - lygiai tiek, kiek metuose dien\u0173. Jie - lyg ma\u017eyt\u0117s i\u0161minties piliul\u0117s, tod\u0117l perskaityti reik\u0117t\u0173 ne vienu\" \/>\n<meta name=\"robots\" content=\"index, follow, max-snippet:-1, max-image-preview:large, max-video-preview:-1\" \/>\n<link rel=\"canonical\" href=\"https:\/\/skaitytaknyga.lt\/en\/produktas\/365-trumpi-pasakojimai-sielai\/\" \/>\n<meta property=\"og:locale\" content=\"en_GB\" \/>\n<meta property=\"og:locale:alternate\" content=\"lt_LT\" \/>\n<meta property=\"og:type\" content=\"article\" \/>\n<meta property=\"og:title\" content=\"365 trumpi pasakojimai sielai\" \/>\n<meta property=\"og:description\" content=\"\u0160ioje knygoje yra 365 trumpi pasakojimai - lygiai tiek, kiek metuose dien\u0173. Jie - lyg ma\u017eyt\u0117s i\u0161minties piliul\u0117s, tod\u0117l perskaityti reik\u0117t\u0173 ne vienu\" \/>\n<meta property=\"og:url\" content=\"https:\/\/skaitytaknyga.lt\/en\/produktas\/365-trumpi-pasakojimai-sielai\/\" \/>\n<meta property=\"og:site_name\" content=\"Skaitytaknyga\" \/>\n<meta property=\"article:publisher\" content=\"https:\/\/www.facebook.com\/skaitytaknyga\/\" \/>\n<meta property=\"article:modified_time\" content=\"2025-07-07T06:26:19+00:00\" \/>\n<meta property=\"og:image\" content=\"https:\/\/skaitytaknyga.lt\/wp-content\/uploads\/2025\/07\/365-trumpi-pasakojimai-sielai.webp\" \/>\n\t<meta property=\"og:image:width\" content=\"400\" \/>\n\t<meta property=\"og:image:height\" content=\"548\" \/>\n\t<meta property=\"og:image:type\" content=\"image\/webp\" \/>\n<meta name=\"twitter:card\" content=\"summary_large_image\" \/>\n<meta name=\"twitter:label1\" content=\"Estimated reading time\" \/>\n\t<meta name=\"twitter:data1\" content=\"1 minute\" \/>\n<script type=\"application\/ld+json\" class=\"yoast-schema-graph\">{\"@context\":\"https:\\\/\\\/schema.org\",\"@graph\":[{\"@type\":\"WebPage\",\"@id\":\"https:\\\/\\\/skaitytaknyga.lt\\\/produktas\\\/365-trumpi-pasakojimai-sielai\\\/\",\"url\":\"https:\\\/\\\/skaitytaknyga.lt\\\/produktas\\\/365-trumpi-pasakojimai-sielai\\\/\",\"name\":\"365 trumpi pasakojimai sielai\",\"isPartOf\":{\"@id\":\"https:\\\/\\\/skaitytaknyga.lt\\\/#website\"},\"primaryImageOfPage\":{\"@id\":\"https:\\\/\\\/skaitytaknyga.lt\\\/produktas\\\/365-trumpi-pasakojimai-sielai\\\/#primaryimage\"},\"image\":{\"@id\":\"https:\\\/\\\/skaitytaknyga.lt\\\/produktas\\\/365-trumpi-pasakojimai-sielai\\\/#primaryimage\"},\"thumbnailUrl\":\"https:\\\/\\\/skaitytaknyga.lt\\\/wp-content\\\/uploads\\\/2025\\\/07\\\/365-trumpi-pasakojimai-sielai.webp\",\"datePublished\":\"2025-06-28T14:14:34+00:00\",\"dateModified\":\"2025-07-07T06:26:19+00:00\",\"description\":\"\u0160ioje knygoje yra 365 trumpi pasakojimai - lygiai tiek, kiek metuose dien\u0173. Jie - lyg ma\u017eyt\u0117s i\u0161minties piliul\u0117s, tod\u0117l perskaityti reik\u0117t\u0173 ne vienu\",\"breadcrumb\":{\"@id\":\"https:\\\/\\\/skaitytaknyga.lt\\\/produktas\\\/365-trumpi-pasakojimai-sielai\\\/#breadcrumb\"},\"inLanguage\":\"en-GB\",\"potentialAction\":[{\"@type\":\"ReadAction\",\"target\":[\"https:\\\/\\\/skaitytaknyga.lt\\\/produktas\\\/365-trumpi-pasakojimai-sielai\\\/\"]}]},{\"@type\":\"ImageObject\",\"inLanguage\":\"en-GB\",\"@id\":\"https:\\\/\\\/skaitytaknyga.lt\\\/produktas\\\/365-trumpi-pasakojimai-sielai\\\/#primaryimage\",\"url\":\"https:\\\/\\\/skaitytaknyga.lt\\\/wp-content\\\/uploads\\\/2025\\\/07\\\/365-trumpi-pasakojimai-sielai.webp\",\"contentUrl\":\"https:\\\/\\\/skaitytaknyga.lt\\\/wp-content\\\/uploads\\\/2025\\\/07\\\/365-trumpi-pasakojimai-sielai.webp\",\"width\":400,\"height\":548,\"caption\":\"365 trumpi pasakojimai sielai\"},{\"@type\":\"BreadcrumbList\",\"@id\":\"https:\\\/\\\/skaitytaknyga.lt\\\/produktas\\\/365-trumpi-pasakojimai-sielai\\\/#breadcrumb\",\"itemListElement\":[{\"@type\":\"ListItem\",\"position\":1,\"name\":\"Home\",\"item\":\"https:\\\/\\\/skaitytaknyga.lt\\\/\"},{\"@type\":\"ListItem\",\"position\":2,\"name\":\"Parduotuv\u0117\",\"item\":\"https:\\\/\\\/skaitytaknyga.lt\\\/knygu-parduotuve\\\/\"},{\"@type\":\"ListItem\",\"position\":3,\"name\":\"365 trumpi pasakojimai sielai\"}]},{\"@type\":\"WebSite\",\"@id\":\"https:\\\/\\\/skaitytaknyga.lt\\\/#website\",\"url\":\"https:\\\/\\\/skaitytaknyga.lt\\\/\",\"name\":\"skaitytaknyga.lt\",\"description\":\"Skaitytaknyga.lt \u2013 tai ma\u017eas \u0161eimos verslas, kuris prasid\u0117jo nuo meil\u0117s knygoms ir siekio i\u0161gelb\u0117ti knygas nuo likimo prie konteinerio. Kas vienam nereikalingas daiktas \u2013 kitam lobis, o mes esame tarpininkai, kurie padeda abiems tapti laimingesniems ???? \u017dinome kaip nelengva i\u0161gyventi ma\u017eiems verslams, tad nuo \u0161iol, \u010dia rasite ir kit\u0173, ma\u017e\u0173 \u0161eim\u0173 versl\u0173, rank\u0173 darbo, dovan\u0173 sau ir artimiesiems.\",\"publisher\":{\"@id\":\"https:\\\/\\\/skaitytaknyga.lt\\\/#organization\"},\"potentialAction\":[{\"@type\":\"SearchAction\",\"target\":{\"@type\":\"EntryPoint\",\"urlTemplate\":\"https:\\\/\\\/skaitytaknyga.lt\\\/?s={search_term_string}\"},\"query-input\":{\"@type\":\"PropertyValueSpecification\",\"valueRequired\":true,\"valueName\":\"search_term_string\"}}],\"inLanguage\":\"en-GB\"},{\"@type\":\"Organization\",\"@id\":\"https:\\\/\\\/skaitytaknyga.lt\\\/#organization\",\"name\":\"skaitytaknyga.lt\",\"url\":\"https:\\\/\\\/skaitytaknyga.lt\\\/\",\"logo\":{\"@type\":\"ImageObject\",\"inLanguage\":\"en-GB\",\"@id\":\"https:\\\/\\\/skaitytaknyga.lt\\\/#\\\/schema\\\/logo\\\/image\\\/\",\"url\":\"https:\\\/\\\/skaitytaknyga.lt\\\/wp-content\\\/uploads\\\/2024\\\/05\\\/cropped-cropped-cropped-02_00843_jt3bggkj1j3HLc7SyY6rEUpg.jpeg\",\"contentUrl\":\"https:\\\/\\\/skaitytaknyga.lt\\\/wp-content\\\/uploads\\\/2024\\\/05\\\/cropped-cropped-cropped-02_00843_jt3bggkj1j3HLc7SyY6rEUpg.jpeg\",\"width\":1600,\"height\":1600,\"caption\":\"skaitytaknyga.lt\"},\"image\":{\"@id\":\"https:\\\/\\\/skaitytaknyga.lt\\\/#\\\/schema\\\/logo\\\/image\\\/\"},\"sameAs\":[\"https:\\\/\\\/www.facebook.com\\\/skaitytaknyga\\\/\"]}]}<\/script>\n<!-- \/ Yoast SEO plugin. -->","yoast_head_json":{"title":"365 trumpi pasakojimai sielai","description":"\u0160ioje knygoje yra 365 trumpi pasakojimai - lygiai tiek, kiek metuose dien\u0173. Jie - lyg ma\u017eyt\u0117s i\u0161minties piliul\u0117s, tod\u0117l perskaityti reik\u0117t\u0173 ne vienu","robots":{"index":"index","follow":"follow","max-snippet":"max-snippet:-1","max-image-preview":"max-image-preview:large","max-video-preview":"max-video-preview:-1"},"canonical":"https:\/\/skaitytaknyga.lt\/en\/produktas\/365-trumpi-pasakojimai-sielai\/","og_locale":"en_GB","og_type":"article","og_title":"[:lt]365 trumpi pasakojimai sielai[:] - Skaitytaknyga","og_description":"\u0160ioje knygoje yra 365 trumpi pasakojimai - lygiai tiek, kiek metuose dien\u0173. Jie - lyg ma\u017eyt\u0117s i\u0161minties piliul\u0117s, tod\u0117l perskaityti reik\u0117t\u0173 ne vienu","og_url":"https:\/\/skaitytaknyga.lt\/en\/produktas\/365-trumpi-pasakojimai-sielai\/","og_site_name":"Skaitytaknyga","article_publisher":"https:\/\/www.facebook.com\/skaitytaknyga\/","article_modified_time":"2025-07-07T06:26:19+00:00","og_image":[{"width":400,"height":548,"url":"https:\/\/skaitytaknyga.lt\/wp-content\/uploads\/2025\/07\/365-trumpi-pasakojimai-sielai.webp","type":"image\/webp"}],"twitter_card":"summary_large_image","twitter_misc":{"Estimated reading time":"1 minute"},"schema":{"@context":"https:\/\/schema.org","@graph":[{"@type":"WebPage","@id":"https:\/\/skaitytaknyga.lt\/produktas\/365-trumpi-pasakojimai-sielai\/","url":"https:\/\/skaitytaknyga.lt\/produktas\/365-trumpi-pasakojimai-sielai\/","name":"365 trumpi pasakojimai sielai","isPartOf":{"@id":"https:\/\/skaitytaknyga.lt\/#website"},"primaryImageOfPage":{"@id":"https:\/\/skaitytaknyga.lt\/produktas\/365-trumpi-pasakojimai-sielai\/#primaryimage"},"image":{"@id":"https:\/\/skaitytaknyga.lt\/produktas\/365-trumpi-pasakojimai-sielai\/#primaryimage"},"thumbnailUrl":"https:\/\/skaitytaknyga.lt\/wp-content\/uploads\/2025\/07\/365-trumpi-pasakojimai-sielai.webp","datePublished":"2025-06-28T14:14:34+00:00","dateModified":"2025-07-07T06:26:19+00:00","description":"\u0160ioje knygoje yra 365 trumpi pasakojimai - lygiai tiek, kiek metuose dien\u0173. Jie - lyg ma\u017eyt\u0117s i\u0161minties piliul\u0117s, tod\u0117l perskaityti reik\u0117t\u0173 ne vienu","breadcrumb":{"@id":"https:\/\/skaitytaknyga.lt\/produktas\/365-trumpi-pasakojimai-sielai\/#breadcrumb"},"inLanguage":"en-GB","potentialAction":[{"@type":"ReadAction","target":["https:\/\/skaitytaknyga.lt\/produktas\/365-trumpi-pasakojimai-sielai\/"]}]},{"@type":"ImageObject","inLanguage":"en-GB","@id":"https:\/\/skaitytaknyga.lt\/produktas\/365-trumpi-pasakojimai-sielai\/#primaryimage","url":"https:\/\/skaitytaknyga.lt\/wp-content\/uploads\/2025\/07\/365-trumpi-pasakojimai-sielai.webp","contentUrl":"https:\/\/skaitytaknyga.lt\/wp-content\/uploads\/2025\/07\/365-trumpi-pasakojimai-sielai.webp","width":400,"height":548,"caption":"365 trumpi pasakojimai sielai"},{"@type":"BreadcrumbList","@id":"https:\/\/skaitytaknyga.lt\/produktas\/365-trumpi-pasakojimai-sielai\/#breadcrumb","itemListElement":[{"@type":"ListItem","position":1,"name":"Home","item":"https:\/\/skaitytaknyga.lt\/"},{"@type":"ListItem","position":2,"name":"Parduotuv\u0117","item":"https:\/\/skaitytaknyga.lt\/knygu-parduotuve\/"},{"@type":"ListItem","position":3,"name":"365 trumpi pasakojimai sielai"}]},{"@type":"WebSite","@id":"https:\/\/skaitytaknyga.lt\/#website","url":"https:\/\/skaitytaknyga.lt\/","name":"skaitytaknyga.lt","description":"Skaitytaknyga.lt \u2013 tai ma\u017eas \u0161eimos verslas, kuris prasid\u0117jo nuo meil\u0117s knygoms ir siekio i\u0161gelb\u0117ti knygas nuo likimo prie konteinerio. Kas vienam nereikalingas daiktas \u2013 kitam lobis, o mes esame tarpininkai, kurie padeda abiems tapti laimingesniems ???? \u017dinome kaip nelengva i\u0161gyventi ma\u017eiems verslams, tad nuo \u0161iol, \u010dia rasite ir kit\u0173, ma\u017e\u0173 \u0161eim\u0173 versl\u0173, rank\u0173 darbo, dovan\u0173 sau ir artimiesiems.","publisher":{"@id":"https:\/\/skaitytaknyga.lt\/#organization"},"potentialAction":[{"@type":"SearchAction","target":{"@type":"EntryPoint","urlTemplate":"https:\/\/skaitytaknyga.lt\/?s={search_term_string}"},"query-input":{"@type":"PropertyValueSpecification","valueRequired":true,"valueName":"search_term_string"}}],"inLanguage":"en-GB"},{"@type":"Organization","@id":"https:\/\/skaitytaknyga.lt\/#organization","name":"skaitytaknyga.lt","url":"https:\/\/skaitytaknyga.lt\/","logo":{"@type":"ImageObject","inLanguage":"en-GB","@id":"https:\/\/skaitytaknyga.lt\/#\/schema\/logo\/image\/","url":"https:\/\/skaitytaknyga.lt\/wp-content\/uploads\/2024\/05\/cropped-cropped-cropped-02_00843_jt3bggkj1j3HLc7SyY6rEUpg.jpeg","contentUrl":"https:\/\/skaitytaknyga.lt\/wp-content\/uploads\/2024\/05\/cropped-cropped-cropped-02_00843_jt3bggkj1j3HLc7SyY6rEUpg.jpeg","width":1600,"height":1600,"caption":"skaitytaknyga.lt"},"image":{"@id":"https:\/\/skaitytaknyga.lt\/#\/schema\/logo\/image\/"},"sameAs":["https:\/\/www.facebook.com\/skaitytaknyga\/"]}]}},"_links":{"self":[{"href":"https:\/\/skaitytaknyga.lt\/en\/wp-json\/wp\/v2\/product\/19116","targetHints":{"allow":["GET"]}}],"collection":[{"href":"https:\/\/skaitytaknyga.lt\/en\/wp-json\/wp\/v2\/product"}],"about":[{"href":"https:\/\/skaitytaknyga.lt\/en\/wp-json\/wp\/v2\/types\/product"}],"replies":[{"embeddable":true,"href":"https:\/\/skaitytaknyga.lt\/en\/wp-json\/wp\/v2\/comments?post=19116"}],"wp:featuredmedia":[{"embeddable":true,"href":"https:\/\/skaitytaknyga.lt\/en\/wp-json\/wp\/v2\/media\/19129"}],"wp:attachment":[{"href":"https:\/\/skaitytaknyga.lt\/en\/wp-json\/wp\/v2\/media?parent=19116"}],"wp:term":[{"taxonomy":"product_brand","embeddable":true,"href":"https:\/\/skaitytaknyga.lt\/en\/wp-json\/wp\/v2\/product_brand?post=19116"},{"taxonomy":"product_cat","embeddable":true,"href":"https:\/\/skaitytaknyga.lt\/en\/wp-json\/wp\/v2\/product_cat?post=19116"},{"taxonomy":"product_tag","embeddable":true,"href":"https:\/\/skaitytaknyga.lt\/en\/wp-json\/wp\/v2\/product_tag?post=19116"}],"curies":[{"name":"wp","href":"https:\/\/api.w.org\/{rel}","templated":true}]}}