{"id":19115,"date":"2025-06-28T17:14:34","date_gmt":"2025-06-28T14:14:34","guid":{"rendered":"https:\/\/skaitytaknyga.lt\/?post_type=product&#038;p=19115"},"modified":"2026-01-28T11:55:10","modified_gmt":"2026-01-28T09:55:10","slug":"prozako-karta","status":"publish","type":"product","link":"https:\/\/skaitytaknyga.lt\/en\/produktas\/prozako-karta\/","title":{"rendered":"Prozako karta"},"content":{"rendered":"<p>\u201eProzaco karta\u201c (1994), tapusi kultine knyga ne tik Amerikoje, bet ir Europoje, pasakoja apie did\u017eiul\u0119 tu\u0161tum\u0105, kurioje atsid\u016br\u0117 jauni amerikie\u010diai, u\u017eaug\u0119 \u201eg\u0117li\u0173 vaik\u0173\u201c \u0161eimose. Knygos heroj\u0117 Elizabeth, u\u017eklupta depresijos, lankosi pas psichiatrus, vartoja vaistus, o galiausiai bando nusi\u017eudyti. Ar Prozacas, antidepresantas, taps i\u0161sigelb\u0117jimu milijonams nevilties kamuojam\u0173 \u017emoni\u0173?<\/p>\n<p>\u201eTaigi: esu i\u0161 Niujorko, mano mama \u2013 viduriniosios klas\u0117s \u017eyd\u0117, o t\u0117vas kil\u0119s i\u0161 balt\u0173j\u0173 sluoksni\u0173 dugno; jie i\u0161siskyr\u0117, kai man buvo dveji, mama vis\u0105 laik\u0105 buvo bedarb\u0117, o t\u0117vas nepad\u0117jo ar beveik nepad\u0117jo man\u0119s auginti; mums visada viskam tr\u016bkdavo pinig\u0173 ir, kiek prisimenu, mano vaikyst\u0117 buvo i\u0161tisas param\u0173 ar speciali\u0173 nuolaid\u0173 s\u016bkurys.\u201c<\/p>\n<p>Taip apie save kalba Elizabeth Wurtzel, 32 met\u0173 dviej\u0173 knyg\u0173 \u2013 \u201eProzaco karta\u201c ir \u201eKal\u0117\u201c (1998) \u2013 autor\u0117. Pasaulyje, kuriame nebeliko nieko pastovaus, \u017emoni\u0173 santykiai per daug trap\u016bs, kad b\u016bt\u0173 ilgalaikiai, intymumas yra tik iliuzija, o seksas gali atne\u0161ti mirt\u012f, labai sunku susikurti savo identitet\u0105, leid\u017eiant\u012f i\u0161gyventi. Elizabeth slapst\u0117si nuo klas\u0117s draug\u0173, pjaust\u0117si kojas, lank\u0117si pas psichiatrus, vartojo vaistus, o galiausiai band\u0117 nusi\u017eudyti. Ar Prozacas taps i\u0161sigelb\u0117jimu jai ir 6 milijonams j\u012f vartojan\u010di\u0173 \u017emoni\u0173?<\/p>\n<p>Autorius: Elizabeth Wurtzel<br \/>\nLeid\u0117jas: Tyto alba<br \/>\nMetai: 2000<br \/>\nPuslapiai: 345<br \/>\nISBN-10: 9986161606<br \/>\nISBN-13: 9789986161608<br \/>\nFormatas: 14,5 x 21,5 cm, mink\u0161ti vir\u0161eliai<br \/>\nKalba: Lietuvi\u0173<br \/>\nVert\u0117jas: Au\u0161ra Simanavi\u010di\u016bt\u0117<\/p>\n","protected":false},"excerpt":{"rendered":"<p>\u201eProzaco karta\u201c (1994), tapusi kultine knyga ne tik Amerikoje, bet ir Europoje, pasakoja apie did\u017eiul\u0119 tu\u0161tum\u0105, kurioje atsid\u016br\u0117 jauni amerikie\u010diai, u\u017eaug\u0119 \u201eg\u0117li\u0173 vaik\u0173\u201c \u0161eimose. Knygos heroj\u0117 Elizabeth, u\u017eklupta depresijos, lankosi pas psichiatrus, vartoja vaistus, o galiausiai bando nusi\u017eudyti. Ar Prozacas, antidepresantas, taps i\u0161sigelb\u0117jimu milijonams nevilties kamuojam\u0173 \u017emoni\u0173? \u201eTaigi: esu i\u0161 Niujorko, mano mama \u2013 viduriniosios klas\u0117s \u017eyd\u0117, o t\u0117vas kil\u0119s i\u0161 balt\u0173j\u0173 sluoksni\u0173 dugno; jie i\u0161siskyr\u0117, kai man buvo dveji, mama vis\u0105 laik\u0105 buvo bedarb\u0117, o t\u0117vas nepad\u0117jo ar beveik nepad\u0117jo man\u0119s auginti; mums visada viskam tr\u016bkdavo pinig\u0173 ir, kiek prisimenu, mano vaikyst\u0117 buvo i\u0161tisas param\u0173 ar speciali\u0173 nuolaid\u0173 s\u016bkurys.\u201c Taip apie save kalba Elizabeth Wurtzel, 32 met\u0173 dviej\u0173 knyg\u0173 \u2013 \u201eProzaco karta\u201c ir \u201eKal\u0117\u201c (1998) \u2013 autor\u0117. Pasaulyje, kuriame nebeliko nieko pastovaus, \u017emoni\u0173 santykiai per daug trap\u016bs, kad b\u016bt\u0173 ilgalaikiai, intymumas yra tik iliuzija, o seksas gali atne\u0161ti mirt\u012f, labai sunku susikurti savo identitet\u0105, leid\u017eiant\u012f i\u0161gyventi. Elizabeth slapst\u0117si nuo klas\u0117s draug\u0173, pjaust\u0117si kojas, lank\u0117si pas psichiatrus, vartojo vaistus, o galiausiai band\u0117 nusi\u017eudyti. Ar Prozacas taps i\u0161sigelb\u0117jimu jai ir 6 milijonams j\u012f vartojan\u010di\u0173 \u017emoni\u0173? Autorius: Elizabeth Wurtzel Leid\u0117jas: Tyto alba Metai: 2000 Puslapiai: 345 ISBN-10: 9986161606 ISBN-13: 9789986161608 Formatas: 14,5 x 21,5 cm, mink\u0161ti vir\u0161eliai Kalba: Lietuvi\u0173 Vert\u0117jas: Au\u0161ra Simanavi\u010di\u016bt\u0117<\/p>\n","protected":false},"featured_media":22753,"comment_status":"open","ping_status":"closed","template":"","meta":{"_acf_changed":false,"site-sidebar-layout":"default","site-content-layout":"","ast-site-content-layout":"default","site-content-style":"default","site-sidebar-style":"default","ast-global-header-display":"","ast-banner-title-visibility":"","ast-main-header-display":"","ast-hfb-above-header-display":"","ast-hfb-below-header-display":"","ast-hfb-mobile-header-display":"","site-post-title":"","ast-breadcrumbs-content":"","ast-featured-img":"","footer-sml-layout":"","ast-disable-related-posts":"","theme-transparent-header-meta":"default","adv-header-id-meta":"","stick-header-meta":"","header-above-stick-meta":"","header-main-stick-meta":"","header-below-stick-meta":"","astra-migrate-meta-layouts":"set","ast-page-background-enabled":"default","ast-page-background-meta":{"desktop":{"background-color":"","background-image":"","background-repeat":"repeat","background-position":"center center","background-size":"auto","background-attachment":"scroll","background-type":"","background-media":"","overlay-type":"","overlay-color":"","overlay-opacity":"","overlay-gradient":""},"tablet":{"background-color":"","background-image":"","background-repeat":"repeat","background-position":"center center","background-size":"auto","background-attachment":"scroll","background-type":"","background-media":"","overlay-type":"","overlay-color":"","overlay-opacity":"","overlay-gradient":""},"mobile":{"background-color":"","background-image":"","background-repeat":"repeat","background-position":"center center","background-size":"auto","background-attachment":"scroll","background-type":"","background-media":"","overlay-type":"","overlay-color":"","overlay-opacity":"","overlay-gradient":""}},"ast-content-background-meta":{"desktop":{"background-color":"var(--ast-global-color-4)","background-image":"","background-repeat":"repeat","background-position":"center center","background-size":"auto","background-attachment":"scroll","background-type":"","background-media":"","overlay-type":"","overlay-color":"","overlay-opacity":"","overlay-gradient":""},"tablet":{"background-color":"var(--ast-global-color-4)","background-image":"","background-repeat":"repeat","background-position":"center center","background-size":"auto","background-attachment":"scroll","background-type":"","background-media":"","overlay-type":"","overlay-color":"","overlay-opacity":"","overlay-gradient":""},"mobile":{"background-color":"var(--ast-global-color-4)","background-image":"","background-repeat":"repeat","background-position":"center center","background-size":"auto","background-attachment":"scroll","background-type":"","background-media":"","overlay-type":"","overlay-color":"","overlay-opacity":"","overlay-gradient":""}}},"product_brand":[],"product_cat":[31],"product_tag":[],"class_list":{"0":"post-19115","1":"product","2":"type-product","3":"status-publish","4":"has-post-thumbnail","6":"product_cat-grozine-literatura","7":"desktop-align-left","8":"tablet-align-left","9":"mobile-align-left","11":"first","12":"instock","13":"shipping-taxable","14":"purchasable","15":"product-type-simple"},"acf":[],"yoast_head":"<!-- This site is optimized with the Yoast SEO plugin v27.4 - https:\/\/yoast.com\/product\/yoast-seo-wordpress\/ -->\n<title>Prozako karta<\/title>\n<meta name=\"description\" content=\"\u201eProzaco karta\u201c (1994), tapusi kultine knyga ne tik Amerikoje, bet ir Europoje, pasakoja apie did\u017eiul\u0119 tu\u0161tum\u0105, kurioje atsid\u016br\u0117 jauni amerikie\u010diai,\" \/>\n<meta name=\"robots\" content=\"index, follow, max-snippet:-1, max-image-preview:large, max-video-preview:-1\" \/>\n<link rel=\"canonical\" href=\"https:\/\/skaitytaknyga.lt\/en\/produktas\/prozako-karta\/\" \/>\n<meta property=\"og:locale\" content=\"en_GB\" \/>\n<meta property=\"og:locale:alternate\" content=\"lt_LT\" \/>\n<meta property=\"og:type\" content=\"article\" \/>\n<meta property=\"og:title\" content=\"Prozako karta\" \/>\n<meta property=\"og:description\" content=\"\u201eProzaco karta\u201c (1994), tapusi kultine knyga ne tik Amerikoje, bet ir Europoje, pasakoja apie did\u017eiul\u0119 tu\u0161tum\u0105, kurioje atsid\u016br\u0117 jauni amerikie\u010diai,\" \/>\n<meta property=\"og:url\" content=\"https:\/\/skaitytaknyga.lt\/en\/produktas\/prozako-karta\/\" \/>\n<meta property=\"og:site_name\" content=\"Skaitytaknyga\" \/>\n<meta property=\"article:publisher\" content=\"https:\/\/www.facebook.com\/skaitytaknyga\/\" \/>\n<meta property=\"article:modified_time\" content=\"2026-01-28T09:55:10+00:00\" \/>\n<meta property=\"og:image\" content=\"https:\/\/skaitytaknyga.lt\/wp-content\/uploads\/2025\/06\/Prozako-karta-1.webp\" \/>\n\t<meta property=\"og:image:width\" content=\"300\" \/>\n\t<meta property=\"og:image:height\" content=\"466\" \/>\n\t<meta property=\"og:image:type\" content=\"image\/webp\" \/>\n<meta name=\"twitter:card\" content=\"summary_large_image\" \/>\n<meta name=\"twitter:label1\" content=\"Estimated reading time\" \/>\n\t<meta name=\"twitter:data1\" content=\"2 minutes\" \/>\n<script type=\"application\/ld+json\" class=\"yoast-schema-graph\">{\"@context\":\"https:\\\/\\\/schema.org\",\"@graph\":[{\"@type\":\"WebPage\",\"@id\":\"https:\\\/\\\/skaitytaknyga.lt\\\/produktas\\\/prozako-karta\\\/\",\"url\":\"https:\\\/\\\/skaitytaknyga.lt\\\/produktas\\\/prozako-karta\\\/\",\"name\":\"Prozako karta\",\"isPartOf\":{\"@id\":\"https:\\\/\\\/skaitytaknyga.lt\\\/#website\"},\"primaryImageOfPage\":{\"@id\":\"https:\\\/\\\/skaitytaknyga.lt\\\/produktas\\\/prozako-karta\\\/#primaryimage\"},\"image\":{\"@id\":\"https:\\\/\\\/skaitytaknyga.lt\\\/produktas\\\/prozako-karta\\\/#primaryimage\"},\"thumbnailUrl\":\"https:\\\/\\\/skaitytaknyga.lt\\\/wp-content\\\/uploads\\\/2025\\\/06\\\/Prozako-karta-1.webp\",\"datePublished\":\"2025-06-28T14:14:34+00:00\",\"dateModified\":\"2026-01-28T09:55:10+00:00\",\"description\":\"\u201eProzaco karta\u201c (1994), tapusi kultine knyga ne tik Amerikoje, bet ir Europoje, pasakoja apie did\u017eiul\u0119 tu\u0161tum\u0105, kurioje atsid\u016br\u0117 jauni amerikie\u010diai,\",\"breadcrumb\":{\"@id\":\"https:\\\/\\\/skaitytaknyga.lt\\\/produktas\\\/prozako-karta\\\/#breadcrumb\"},\"inLanguage\":\"en-GB\",\"potentialAction\":[{\"@type\":\"ReadAction\",\"target\":[\"https:\\\/\\\/skaitytaknyga.lt\\\/produktas\\\/prozako-karta\\\/\"]}]},{\"@type\":\"ImageObject\",\"inLanguage\":\"en-GB\",\"@id\":\"https:\\\/\\\/skaitytaknyga.lt\\\/produktas\\\/prozako-karta\\\/#primaryimage\",\"url\":\"https:\\\/\\\/skaitytaknyga.lt\\\/wp-content\\\/uploads\\\/2025\\\/06\\\/Prozako-karta-1.webp\",\"contentUrl\":\"https:\\\/\\\/skaitytaknyga.lt\\\/wp-content\\\/uploads\\\/2025\\\/06\\\/Prozako-karta-1.webp\",\"width\":300,\"height\":466,\"caption\":\"Prozako karta\"},{\"@type\":\"BreadcrumbList\",\"@id\":\"https:\\\/\\\/skaitytaknyga.lt\\\/produktas\\\/prozako-karta\\\/#breadcrumb\",\"itemListElement\":[{\"@type\":\"ListItem\",\"position\":1,\"name\":\"Home\",\"item\":\"https:\\\/\\\/skaitytaknyga.lt\\\/\"},{\"@type\":\"ListItem\",\"position\":2,\"name\":\"Parduotuv\u0117\",\"item\":\"https:\\\/\\\/skaitytaknyga.lt\\\/knygu-parduotuve\\\/\"},{\"@type\":\"ListItem\",\"position\":3,\"name\":\"Prozako karta\"}]},{\"@type\":\"WebSite\",\"@id\":\"https:\\\/\\\/skaitytaknyga.lt\\\/#website\",\"url\":\"https:\\\/\\\/skaitytaknyga.lt\\\/\",\"name\":\"skaitytaknyga.lt\",\"description\":\"Skaitytaknyga.lt \u2013 tai ma\u017eas \u0161eimos verslas, kuris prasid\u0117jo nuo meil\u0117s knygoms ir siekio i\u0161gelb\u0117ti knygas nuo likimo prie konteinerio. Kas vienam nereikalingas daiktas \u2013 kitam lobis, o mes esame tarpininkai, kurie padeda abiems tapti laimingesniems ???? \u017dinome kaip nelengva i\u0161gyventi ma\u017eiems verslams, tad nuo \u0161iol, \u010dia rasite ir kit\u0173, ma\u017e\u0173 \u0161eim\u0173 versl\u0173, rank\u0173 darbo, dovan\u0173 sau ir artimiesiems.\",\"publisher\":{\"@id\":\"https:\\\/\\\/skaitytaknyga.lt\\\/#organization\"},\"potentialAction\":[{\"@type\":\"SearchAction\",\"target\":{\"@type\":\"EntryPoint\",\"urlTemplate\":\"https:\\\/\\\/skaitytaknyga.lt\\\/?s={search_term_string}\"},\"query-input\":{\"@type\":\"PropertyValueSpecification\",\"valueRequired\":true,\"valueName\":\"search_term_string\"}}],\"inLanguage\":\"en-GB\"},{\"@type\":\"Organization\",\"@id\":\"https:\\\/\\\/skaitytaknyga.lt\\\/#organization\",\"name\":\"skaitytaknyga.lt\",\"url\":\"https:\\\/\\\/skaitytaknyga.lt\\\/\",\"logo\":{\"@type\":\"ImageObject\",\"inLanguage\":\"en-GB\",\"@id\":\"https:\\\/\\\/skaitytaknyga.lt\\\/#\\\/schema\\\/logo\\\/image\\\/\",\"url\":\"https:\\\/\\\/skaitytaknyga.lt\\\/wp-content\\\/uploads\\\/2024\\\/05\\\/cropped-cropped-cropped-02_00843_jt3bggkj1j3HLc7SyY6rEUpg.jpeg\",\"contentUrl\":\"https:\\\/\\\/skaitytaknyga.lt\\\/wp-content\\\/uploads\\\/2024\\\/05\\\/cropped-cropped-cropped-02_00843_jt3bggkj1j3HLc7SyY6rEUpg.jpeg\",\"width\":1600,\"height\":1600,\"caption\":\"skaitytaknyga.lt\"},\"image\":{\"@id\":\"https:\\\/\\\/skaitytaknyga.lt\\\/#\\\/schema\\\/logo\\\/image\\\/\"},\"sameAs\":[\"https:\\\/\\\/www.facebook.com\\\/skaitytaknyga\\\/\"]}]}<\/script>\n<!-- \/ Yoast SEO plugin. -->","yoast_head_json":{"title":"Prozako karta","description":"\u201eProzaco karta\u201c (1994), tapusi kultine knyga ne tik Amerikoje, bet ir Europoje, pasakoja apie did\u017eiul\u0119 tu\u0161tum\u0105, kurioje atsid\u016br\u0117 jauni amerikie\u010diai,","robots":{"index":"index","follow":"follow","max-snippet":"max-snippet:-1","max-image-preview":"max-image-preview:large","max-video-preview":"max-video-preview:-1"},"canonical":"https:\/\/skaitytaknyga.lt\/en\/produktas\/prozako-karta\/","og_locale":"en_GB","og_type":"article","og_title":"[:lt]Prozako karta[:] - Skaitytaknyga","og_description":"\u201eProzaco karta\u201c (1994), tapusi kultine knyga ne tik Amerikoje, bet ir Europoje, pasakoja apie did\u017eiul\u0119 tu\u0161tum\u0105, kurioje atsid\u016br\u0117 jauni amerikie\u010diai,","og_url":"https:\/\/skaitytaknyga.lt\/en\/produktas\/prozako-karta\/","og_site_name":"Skaitytaknyga","article_publisher":"https:\/\/www.facebook.com\/skaitytaknyga\/","article_modified_time":"2026-01-28T09:55:10+00:00","og_image":[{"width":300,"height":466,"url":"https:\/\/skaitytaknyga.lt\/wp-content\/uploads\/2025\/06\/Prozako-karta-1.webp","type":"image\/webp"}],"twitter_card":"summary_large_image","twitter_misc":{"Estimated reading time":"2 minutes"},"schema":{"@context":"https:\/\/schema.org","@graph":[{"@type":"WebPage","@id":"https:\/\/skaitytaknyga.lt\/produktas\/prozako-karta\/","url":"https:\/\/skaitytaknyga.lt\/produktas\/prozako-karta\/","name":"Prozako karta","isPartOf":{"@id":"https:\/\/skaitytaknyga.lt\/#website"},"primaryImageOfPage":{"@id":"https:\/\/skaitytaknyga.lt\/produktas\/prozako-karta\/#primaryimage"},"image":{"@id":"https:\/\/skaitytaknyga.lt\/produktas\/prozako-karta\/#primaryimage"},"thumbnailUrl":"https:\/\/skaitytaknyga.lt\/wp-content\/uploads\/2025\/06\/Prozako-karta-1.webp","datePublished":"2025-06-28T14:14:34+00:00","dateModified":"2026-01-28T09:55:10+00:00","description":"\u201eProzaco karta\u201c (1994), tapusi kultine knyga ne tik Amerikoje, bet ir Europoje, pasakoja apie did\u017eiul\u0119 tu\u0161tum\u0105, kurioje atsid\u016br\u0117 jauni amerikie\u010diai,","breadcrumb":{"@id":"https:\/\/skaitytaknyga.lt\/produktas\/prozako-karta\/#breadcrumb"},"inLanguage":"en-GB","potentialAction":[{"@type":"ReadAction","target":["https:\/\/skaitytaknyga.lt\/produktas\/prozako-karta\/"]}]},{"@type":"ImageObject","inLanguage":"en-GB","@id":"https:\/\/skaitytaknyga.lt\/produktas\/prozako-karta\/#primaryimage","url":"https:\/\/skaitytaknyga.lt\/wp-content\/uploads\/2025\/06\/Prozako-karta-1.webp","contentUrl":"https:\/\/skaitytaknyga.lt\/wp-content\/uploads\/2025\/06\/Prozako-karta-1.webp","width":300,"height":466,"caption":"Prozako karta"},{"@type":"BreadcrumbList","@id":"https:\/\/skaitytaknyga.lt\/produktas\/prozako-karta\/#breadcrumb","itemListElement":[{"@type":"ListItem","position":1,"name":"Home","item":"https:\/\/skaitytaknyga.lt\/"},{"@type":"ListItem","position":2,"name":"Parduotuv\u0117","item":"https:\/\/skaitytaknyga.lt\/knygu-parduotuve\/"},{"@type":"ListItem","position":3,"name":"Prozako karta"}]},{"@type":"WebSite","@id":"https:\/\/skaitytaknyga.lt\/#website","url":"https:\/\/skaitytaknyga.lt\/","name":"skaitytaknyga.lt","description":"Skaitytaknyga.lt \u2013 tai ma\u017eas \u0161eimos verslas, kuris prasid\u0117jo nuo meil\u0117s knygoms ir siekio i\u0161gelb\u0117ti knygas nuo likimo prie konteinerio. Kas vienam nereikalingas daiktas \u2013 kitam lobis, o mes esame tarpininkai, kurie padeda abiems tapti laimingesniems ???? \u017dinome kaip nelengva i\u0161gyventi ma\u017eiems verslams, tad nuo \u0161iol, \u010dia rasite ir kit\u0173, ma\u017e\u0173 \u0161eim\u0173 versl\u0173, rank\u0173 darbo, dovan\u0173 sau ir artimiesiems.","publisher":{"@id":"https:\/\/skaitytaknyga.lt\/#organization"},"potentialAction":[{"@type":"SearchAction","target":{"@type":"EntryPoint","urlTemplate":"https:\/\/skaitytaknyga.lt\/?s={search_term_string}"},"query-input":{"@type":"PropertyValueSpecification","valueRequired":true,"valueName":"search_term_string"}}],"inLanguage":"en-GB"},{"@type":"Organization","@id":"https:\/\/skaitytaknyga.lt\/#organization","name":"skaitytaknyga.lt","url":"https:\/\/skaitytaknyga.lt\/","logo":{"@type":"ImageObject","inLanguage":"en-GB","@id":"https:\/\/skaitytaknyga.lt\/#\/schema\/logo\/image\/","url":"https:\/\/skaitytaknyga.lt\/wp-content\/uploads\/2024\/05\/cropped-cropped-cropped-02_00843_jt3bggkj1j3HLc7SyY6rEUpg.jpeg","contentUrl":"https:\/\/skaitytaknyga.lt\/wp-content\/uploads\/2024\/05\/cropped-cropped-cropped-02_00843_jt3bggkj1j3HLc7SyY6rEUpg.jpeg","width":1600,"height":1600,"caption":"skaitytaknyga.lt"},"image":{"@id":"https:\/\/skaitytaknyga.lt\/#\/schema\/logo\/image\/"},"sameAs":["https:\/\/www.facebook.com\/skaitytaknyga\/"]}]}},"_links":{"self":[{"href":"https:\/\/skaitytaknyga.lt\/en\/wp-json\/wp\/v2\/product\/19115","targetHints":{"allow":["GET"]}}],"collection":[{"href":"https:\/\/skaitytaknyga.lt\/en\/wp-json\/wp\/v2\/product"}],"about":[{"href":"https:\/\/skaitytaknyga.lt\/en\/wp-json\/wp\/v2\/types\/product"}],"replies":[{"embeddable":true,"href":"https:\/\/skaitytaknyga.lt\/en\/wp-json\/wp\/v2\/comments?post=19115"}],"wp:featuredmedia":[{"embeddable":true,"href":"https:\/\/skaitytaknyga.lt\/en\/wp-json\/wp\/v2\/media\/22753"}],"wp:attachment":[{"href":"https:\/\/skaitytaknyga.lt\/en\/wp-json\/wp\/v2\/media?parent=19115"}],"wp:term":[{"taxonomy":"product_brand","embeddable":true,"href":"https:\/\/skaitytaknyga.lt\/en\/wp-json\/wp\/v2\/product_brand?post=19115"},{"taxonomy":"product_cat","embeddable":true,"href":"https:\/\/skaitytaknyga.lt\/en\/wp-json\/wp\/v2\/product_cat?post=19115"},{"taxonomy":"product_tag","embeddable":true,"href":"https:\/\/skaitytaknyga.lt\/en\/wp-json\/wp\/v2\/product_tag?post=19115"}],"curies":[{"name":"wp","href":"https:\/\/api.w.org\/{rel}","templated":true}]}}