{"id":19114,"date":"2025-06-28T17:14:33","date_gmt":"2025-06-28T14:14:33","guid":{"rendered":"https:\/\/skaitytaknyga.lt\/?post_type=product&#038;p=19114"},"modified":"2026-01-26T19:35:19","modified_gmt":"2026-01-26T17:35:19","slug":"kokios-spalvos-yra-buckis","status":"publish","type":"product","link":"https:\/\/skaitytaknyga.lt\/en\/produktas\/kokios-spalvos-yra-buckis\/","title":{"rendered":"Kokios spalvos yra bu\u010dkis?"},"content":{"rendered":"<p>Ar kada susim\u0105st\u0117te, kokios spalvos yra bu\u010dkis? Jei paklaustum\u0117te savo vaik\u0173, sulauktum\u0117te \u012fvairiausi\u0173 atsakym\u0173 \u2013 vieniems jis ro\u017einis, kaip bra\u0161kinis kremas, kitiems \u2013 \u012fvairiaspalvis it pabarstukai ant kekso, tretiems \u2013 m\u0117lynas ir svajingas kaip dangus.<\/p>\n<p>Smalsi pasakos heroj\u0117 sumi\u0161us \u2013 ji nori nupai\u0161yti bu\u010dk\u012f, ta\u010diau niekada n\u0117ra to dariusi. Koks jis tur\u0117t\u0173 b\u016bti? Apgalvodama kiekvien\u0105 spalv\u0105, kiekvien\u0105 u\u017e ir prie\u0161 Minimon\u0117 \u0161maik\u0161\u010diai ir k\u016brybi\u0161kai \u017evelgia \u012f pasaul\u012f. Visgi tikrasis atsakymas ateina tada, kai mama j\u0105 meiliai pabu\u010diuoja.<\/p>\n<p>O kokios spalvos yra J\u016bs\u0173 bu\u010dkis?<\/p>\n<p>Knyga \u201eKokios spalvos yra bu\u010dkis?\u201c skatina smalsum\u0105, pa\u017einimo d\u017eiaugsm\u0105, k\u016brybi\u0161kum\u0105, kritin\u012f m\u0105stym\u0105.<\/p>\n","protected":false},"excerpt":{"rendered":"<p>Ar kada susim\u0105st\u0117te, kokios spalvos yra bu\u010dkis? Jei paklaustum\u0117te savo vaik\u0173, sulauktum\u0117te \u012fvairiausi\u0173 atsakym\u0173 \u2013 vieniems jis ro\u017einis, kaip bra\u0161kinis kremas, kitiems \u2013 \u012fvairiaspalvis it pabarstukai ant kekso, tretiems \u2013 m\u0117lynas ir svajingas kaip dangus. Smalsi pasakos heroj\u0117 sumi\u0161us \u2013 ji nori nupai\u0161yti bu\u010dk\u012f, ta\u010diau niekada n\u0117ra to dariusi. Koks jis tur\u0117t\u0173 b\u016bti? Apgalvodama kiekvien\u0105 spalv\u0105, kiekvien\u0105 u\u017e ir prie\u0161 Minimon\u0117 \u0161maik\u0161\u010diai ir k\u016brybi\u0161kai \u017evelgia \u012f pasaul\u012f. Visgi tikrasis atsakymas ateina tada, kai mama j\u0105 meiliai pabu\u010diuoja. O kokios spalvos yra J\u016bs\u0173 bu\u010dkis? Knyga \u201eKokios spalvos yra bu\u010dkis?\u201c skatina smalsum\u0105, pa\u017einimo d\u017eiaugsm\u0105, k\u016brybi\u0161kum\u0105, kritin\u012f m\u0105stym\u0105.<\/p>\n","protected":false},"featured_media":19122,"comment_status":"open","ping_status":"closed","template":"","meta":{"_acf_changed":false,"site-sidebar-layout":"default","site-content-layout":"","ast-site-content-layout":"default","site-content-style":"default","site-sidebar-style":"default","ast-global-header-display":"","ast-banner-title-visibility":"","ast-main-header-display":"","ast-hfb-above-header-display":"","ast-hfb-below-header-display":"","ast-hfb-mobile-header-display":"","site-post-title":"","ast-breadcrumbs-content":"","ast-featured-img":"","footer-sml-layout":"","ast-disable-related-posts":"","theme-transparent-header-meta":"","adv-header-id-meta":"","stick-header-meta":"","header-above-stick-meta":"","header-main-stick-meta":"","header-below-stick-meta":"","astra-migrate-meta-layouts":"default","ast-page-background-enabled":"default","ast-page-background-meta":{"desktop":{"background-color":"","background-image":"","background-repeat":"repeat","background-position":"center center","background-size":"auto","background-attachment":"scroll","background-type":"","background-media":"","overlay-type":"","overlay-color":"","overlay-opacity":"","overlay-gradient":""},"tablet":{"background-color":"","background-image":"","background-repeat":"repeat","background-position":"center center","background-size":"auto","background-attachment":"scroll","background-type":"","background-media":"","overlay-type":"","overlay-color":"","overlay-opacity":"","overlay-gradient":""},"mobile":{"background-color":"","background-image":"","background-repeat":"repeat","background-position":"center center","background-size":"auto","background-attachment":"scroll","background-type":"","background-media":"","overlay-type":"","overlay-color":"","overlay-opacity":"","overlay-gradient":""}},"ast-content-background-meta":{"desktop":{"background-color":"var(--ast-global-color-4)","background-image":"","background-repeat":"repeat","background-position":"center center","background-size":"auto","background-attachment":"scroll","background-type":"","background-media":"","overlay-type":"","overlay-color":"","overlay-opacity":"","overlay-gradient":""},"tablet":{"background-color":"var(--ast-global-color-4)","background-image":"","background-repeat":"repeat","background-position":"center center","background-size":"auto","background-attachment":"scroll","background-type":"","background-media":"","overlay-type":"","overlay-color":"","overlay-opacity":"","overlay-gradient":""},"mobile":{"background-color":"var(--ast-global-color-4)","background-image":"","background-repeat":"repeat","background-position":"center center","background-size":"auto","background-attachment":"scroll","background-type":"","background-media":"","overlay-type":"","overlay-color":"","overlay-opacity":"","overlay-gradient":""}}},"product_brand":[],"product_cat":[15],"product_tag":[],"class_list":{"0":"post-19114","1":"product","2":"type-product","3":"status-publish","4":"has-post-thumbnail","6":"product_cat-uncategorized","7":"desktop-align-left","8":"tablet-align-left","9":"mobile-align-left","11":"first","12":"outofstock","13":"shipping-taxable","14":"purchasable","15":"product-type-simple"},"acf":[],"yoast_head":"<!-- This site is optimized with the Yoast SEO plugin v27.4 - https:\/\/yoast.com\/product\/yoast-seo-wordpress\/ -->\n<title>Kokios spalvos yra bu\u010dkis?<\/title>\n<meta name=\"description\" content=\"Ar kada susim\u0105st\u0117te, kokios spalvos yra bu\u010dkis? Jei paklaustum\u0117te savo vaik\u0173, sulauktum\u0117te \u012fvairiausi\u0173 atsakym\u0173 \u2013 vieniems jis ro\u017einis, kaip bra\u0161kinis\" \/>\n<meta name=\"robots\" content=\"index, follow, max-snippet:-1, max-image-preview:large, max-video-preview:-1\" \/>\n<link rel=\"canonical\" href=\"https:\/\/skaitytaknyga.lt\/en\/produktas\/kokios-spalvos-yra-buckis\/\" \/>\n<meta property=\"og:locale\" content=\"en_GB\" \/>\n<meta property=\"og:locale:alternate\" content=\"lt_LT\" \/>\n<meta property=\"og:type\" content=\"article\" \/>\n<meta property=\"og:title\" content=\"Kokios spalvos yra bu\u010dkis?\" \/>\n<meta property=\"og:description\" content=\"Ar kada susim\u0105st\u0117te, kokios spalvos yra bu\u010dkis? Jei paklaustum\u0117te savo vaik\u0173, sulauktum\u0117te \u012fvairiausi\u0173 atsakym\u0173 \u2013 vieniems jis ro\u017einis, kaip bra\u0161kinis\" \/>\n<meta property=\"og:url\" content=\"https:\/\/skaitytaknyga.lt\/en\/produktas\/kokios-spalvos-yra-buckis\/\" \/>\n<meta property=\"og:site_name\" content=\"Skaitytaknyga\" \/>\n<meta property=\"article:publisher\" content=\"https:\/\/www.facebook.com\/skaitytaknyga\/\" \/>\n<meta property=\"article:modified_time\" content=\"2026-01-26T17:35:19+00:00\" \/>\n<meta property=\"og:image\" content=\"https:\/\/skaitytaknyga.lt\/wp-content\/uploads\/2025\/06\/Kokios-spalvos-yra-buckis.webp\" \/>\n\t<meta property=\"og:image:width\" content=\"1090\" \/>\n\t<meta property=\"og:image:height\" content=\"801\" \/>\n\t<meta property=\"og:image:type\" content=\"image\/webp\" \/>\n<meta name=\"twitter:card\" content=\"summary_large_image\" \/>\n<meta name=\"twitter:label1\" content=\"Estimated reading time\" \/>\n\t<meta name=\"twitter:data1\" content=\"1 minute\" \/>\n<script type=\"application\/ld+json\" class=\"yoast-schema-graph\">{\"@context\":\"https:\\\/\\\/schema.org\",\"@graph\":[{\"@type\":\"WebPage\",\"@id\":\"https:\\\/\\\/skaitytaknyga.lt\\\/produktas\\\/kokios-spalvos-yra-buckis\\\/\",\"url\":\"https:\\\/\\\/skaitytaknyga.lt\\\/produktas\\\/kokios-spalvos-yra-buckis\\\/\",\"name\":\"Kokios spalvos yra bu\u010dkis?\",\"isPartOf\":{\"@id\":\"https:\\\/\\\/skaitytaknyga.lt\\\/#website\"},\"primaryImageOfPage\":{\"@id\":\"https:\\\/\\\/skaitytaknyga.lt\\\/produktas\\\/kokios-spalvos-yra-buckis\\\/#primaryimage\"},\"image\":{\"@id\":\"https:\\\/\\\/skaitytaknyga.lt\\\/produktas\\\/kokios-spalvos-yra-buckis\\\/#primaryimage\"},\"thumbnailUrl\":\"https:\\\/\\\/skaitytaknyga.lt\\\/wp-content\\\/uploads\\\/2025\\\/06\\\/Kokios-spalvos-yra-buckis.webp\",\"datePublished\":\"2025-06-28T14:14:33+00:00\",\"dateModified\":\"2026-01-26T17:35:19+00:00\",\"description\":\"Ar kada susim\u0105st\u0117te, kokios spalvos yra bu\u010dkis? Jei paklaustum\u0117te savo vaik\u0173, sulauktum\u0117te \u012fvairiausi\u0173 atsakym\u0173 \u2013 vieniems jis ro\u017einis, kaip bra\u0161kinis\",\"breadcrumb\":{\"@id\":\"https:\\\/\\\/skaitytaknyga.lt\\\/produktas\\\/kokios-spalvos-yra-buckis\\\/#breadcrumb\"},\"inLanguage\":\"en-GB\",\"potentialAction\":[{\"@type\":\"ReadAction\",\"target\":[\"https:\\\/\\\/skaitytaknyga.lt\\\/produktas\\\/kokios-spalvos-yra-buckis\\\/\"]}]},{\"@type\":\"ImageObject\",\"inLanguage\":\"en-GB\",\"@id\":\"https:\\\/\\\/skaitytaknyga.lt\\\/produktas\\\/kokios-spalvos-yra-buckis\\\/#primaryimage\",\"url\":\"https:\\\/\\\/skaitytaknyga.lt\\\/wp-content\\\/uploads\\\/2025\\\/06\\\/Kokios-spalvos-yra-buckis.webp\",\"contentUrl\":\"https:\\\/\\\/skaitytaknyga.lt\\\/wp-content\\\/uploads\\\/2025\\\/06\\\/Kokios-spalvos-yra-buckis.webp\",\"width\":1090,\"height\":801,\"caption\":\"Kokios spalvos yra bu\u010dkis?\"},{\"@type\":\"BreadcrumbList\",\"@id\":\"https:\\\/\\\/skaitytaknyga.lt\\\/produktas\\\/kokios-spalvos-yra-buckis\\\/#breadcrumb\",\"itemListElement\":[{\"@type\":\"ListItem\",\"position\":1,\"name\":\"Home\",\"item\":\"https:\\\/\\\/skaitytaknyga.lt\\\/\"},{\"@type\":\"ListItem\",\"position\":2,\"name\":\"Parduotuv\u0117\",\"item\":\"https:\\\/\\\/skaitytaknyga.lt\\\/knygu-parduotuve\\\/\"},{\"@type\":\"ListItem\",\"position\":3,\"name\":\"Kokios spalvos yra bu\u010dkis?\"}]},{\"@type\":\"WebSite\",\"@id\":\"https:\\\/\\\/skaitytaknyga.lt\\\/#website\",\"url\":\"https:\\\/\\\/skaitytaknyga.lt\\\/\",\"name\":\"skaitytaknyga.lt\",\"description\":\"Skaitytaknyga.lt \u2013 tai ma\u017eas \u0161eimos verslas, kuris prasid\u0117jo nuo meil\u0117s knygoms ir siekio i\u0161gelb\u0117ti knygas nuo likimo prie konteinerio. Kas vienam nereikalingas daiktas \u2013 kitam lobis, o mes esame tarpininkai, kurie padeda abiems tapti laimingesniems ???? \u017dinome kaip nelengva i\u0161gyventi ma\u017eiems verslams, tad nuo \u0161iol, \u010dia rasite ir kit\u0173, ma\u017e\u0173 \u0161eim\u0173 versl\u0173, rank\u0173 darbo, dovan\u0173 sau ir artimiesiems.\",\"publisher\":{\"@id\":\"https:\\\/\\\/skaitytaknyga.lt\\\/#organization\"},\"potentialAction\":[{\"@type\":\"SearchAction\",\"target\":{\"@type\":\"EntryPoint\",\"urlTemplate\":\"https:\\\/\\\/skaitytaknyga.lt\\\/?s={search_term_string}\"},\"query-input\":{\"@type\":\"PropertyValueSpecification\",\"valueRequired\":true,\"valueName\":\"search_term_string\"}}],\"inLanguage\":\"en-GB\"},{\"@type\":\"Organization\",\"@id\":\"https:\\\/\\\/skaitytaknyga.lt\\\/#organization\",\"name\":\"skaitytaknyga.lt\",\"url\":\"https:\\\/\\\/skaitytaknyga.lt\\\/\",\"logo\":{\"@type\":\"ImageObject\",\"inLanguage\":\"en-GB\",\"@id\":\"https:\\\/\\\/skaitytaknyga.lt\\\/#\\\/schema\\\/logo\\\/image\\\/\",\"url\":\"https:\\\/\\\/skaitytaknyga.lt\\\/wp-content\\\/uploads\\\/2024\\\/05\\\/cropped-cropped-cropped-02_00843_jt3bggkj1j3HLc7SyY6rEUpg.jpeg\",\"contentUrl\":\"https:\\\/\\\/skaitytaknyga.lt\\\/wp-content\\\/uploads\\\/2024\\\/05\\\/cropped-cropped-cropped-02_00843_jt3bggkj1j3HLc7SyY6rEUpg.jpeg\",\"width\":1600,\"height\":1600,\"caption\":\"skaitytaknyga.lt\"},\"image\":{\"@id\":\"https:\\\/\\\/skaitytaknyga.lt\\\/#\\\/schema\\\/logo\\\/image\\\/\"},\"sameAs\":[\"https:\\\/\\\/www.facebook.com\\\/skaitytaknyga\\\/\"]}]}<\/script>\n<!-- \/ Yoast SEO plugin. -->","yoast_head_json":{"title":"Kokios spalvos yra bu\u010dkis?","description":"Ar kada susim\u0105st\u0117te, kokios spalvos yra bu\u010dkis? Jei paklaustum\u0117te savo vaik\u0173, sulauktum\u0117te \u012fvairiausi\u0173 atsakym\u0173 \u2013 vieniems jis ro\u017einis, kaip bra\u0161kinis","robots":{"index":"index","follow":"follow","max-snippet":"max-snippet:-1","max-image-preview":"max-image-preview:large","max-video-preview":"max-video-preview:-1"},"canonical":"https:\/\/skaitytaknyga.lt\/en\/produktas\/kokios-spalvos-yra-buckis\/","og_locale":"en_GB","og_type":"article","og_title":"[:lt]Kokios spalvos yra bu\u010dkis?[:] - Skaitytaknyga","og_description":"Ar kada susim\u0105st\u0117te, kokios spalvos yra bu\u010dkis? Jei paklaustum\u0117te savo vaik\u0173, sulauktum\u0117te \u012fvairiausi\u0173 atsakym\u0173 \u2013 vieniems jis ro\u017einis, kaip bra\u0161kinis","og_url":"https:\/\/skaitytaknyga.lt\/en\/produktas\/kokios-spalvos-yra-buckis\/","og_site_name":"Skaitytaknyga","article_publisher":"https:\/\/www.facebook.com\/skaitytaknyga\/","article_modified_time":"2026-01-26T17:35:19+00:00","og_image":[{"width":1090,"height":801,"url":"https:\/\/skaitytaknyga.lt\/wp-content\/uploads\/2025\/06\/Kokios-spalvos-yra-buckis.webp","type":"image\/webp"}],"twitter_card":"summary_large_image","twitter_misc":{"Estimated reading time":"1 minute"},"schema":{"@context":"https:\/\/schema.org","@graph":[{"@type":"WebPage","@id":"https:\/\/skaitytaknyga.lt\/produktas\/kokios-spalvos-yra-buckis\/","url":"https:\/\/skaitytaknyga.lt\/produktas\/kokios-spalvos-yra-buckis\/","name":"Kokios spalvos yra bu\u010dkis?","isPartOf":{"@id":"https:\/\/skaitytaknyga.lt\/#website"},"primaryImageOfPage":{"@id":"https:\/\/skaitytaknyga.lt\/produktas\/kokios-spalvos-yra-buckis\/#primaryimage"},"image":{"@id":"https:\/\/skaitytaknyga.lt\/produktas\/kokios-spalvos-yra-buckis\/#primaryimage"},"thumbnailUrl":"https:\/\/skaitytaknyga.lt\/wp-content\/uploads\/2025\/06\/Kokios-spalvos-yra-buckis.webp","datePublished":"2025-06-28T14:14:33+00:00","dateModified":"2026-01-26T17:35:19+00:00","description":"Ar kada susim\u0105st\u0117te, kokios spalvos yra bu\u010dkis? Jei paklaustum\u0117te savo vaik\u0173, sulauktum\u0117te \u012fvairiausi\u0173 atsakym\u0173 \u2013 vieniems jis ro\u017einis, kaip bra\u0161kinis","breadcrumb":{"@id":"https:\/\/skaitytaknyga.lt\/produktas\/kokios-spalvos-yra-buckis\/#breadcrumb"},"inLanguage":"en-GB","potentialAction":[{"@type":"ReadAction","target":["https:\/\/skaitytaknyga.lt\/produktas\/kokios-spalvos-yra-buckis\/"]}]},{"@type":"ImageObject","inLanguage":"en-GB","@id":"https:\/\/skaitytaknyga.lt\/produktas\/kokios-spalvos-yra-buckis\/#primaryimage","url":"https:\/\/skaitytaknyga.lt\/wp-content\/uploads\/2025\/06\/Kokios-spalvos-yra-buckis.webp","contentUrl":"https:\/\/skaitytaknyga.lt\/wp-content\/uploads\/2025\/06\/Kokios-spalvos-yra-buckis.webp","width":1090,"height":801,"caption":"Kokios spalvos yra bu\u010dkis?"},{"@type":"BreadcrumbList","@id":"https:\/\/skaitytaknyga.lt\/produktas\/kokios-spalvos-yra-buckis\/#breadcrumb","itemListElement":[{"@type":"ListItem","position":1,"name":"Home","item":"https:\/\/skaitytaknyga.lt\/"},{"@type":"ListItem","position":2,"name":"Parduotuv\u0117","item":"https:\/\/skaitytaknyga.lt\/knygu-parduotuve\/"},{"@type":"ListItem","position":3,"name":"Kokios spalvos yra bu\u010dkis?"}]},{"@type":"WebSite","@id":"https:\/\/skaitytaknyga.lt\/#website","url":"https:\/\/skaitytaknyga.lt\/","name":"skaitytaknyga.lt","description":"Skaitytaknyga.lt \u2013 tai ma\u017eas \u0161eimos verslas, kuris prasid\u0117jo nuo meil\u0117s knygoms ir siekio i\u0161gelb\u0117ti knygas nuo likimo prie konteinerio. Kas vienam nereikalingas daiktas \u2013 kitam lobis, o mes esame tarpininkai, kurie padeda abiems tapti laimingesniems ???? \u017dinome kaip nelengva i\u0161gyventi ma\u017eiems verslams, tad nuo \u0161iol, \u010dia rasite ir kit\u0173, ma\u017e\u0173 \u0161eim\u0173 versl\u0173, rank\u0173 darbo, dovan\u0173 sau ir artimiesiems.","publisher":{"@id":"https:\/\/skaitytaknyga.lt\/#organization"},"potentialAction":[{"@type":"SearchAction","target":{"@type":"EntryPoint","urlTemplate":"https:\/\/skaitytaknyga.lt\/?s={search_term_string}"},"query-input":{"@type":"PropertyValueSpecification","valueRequired":true,"valueName":"search_term_string"}}],"inLanguage":"en-GB"},{"@type":"Organization","@id":"https:\/\/skaitytaknyga.lt\/#organization","name":"skaitytaknyga.lt","url":"https:\/\/skaitytaknyga.lt\/","logo":{"@type":"ImageObject","inLanguage":"en-GB","@id":"https:\/\/skaitytaknyga.lt\/#\/schema\/logo\/image\/","url":"https:\/\/skaitytaknyga.lt\/wp-content\/uploads\/2024\/05\/cropped-cropped-cropped-02_00843_jt3bggkj1j3HLc7SyY6rEUpg.jpeg","contentUrl":"https:\/\/skaitytaknyga.lt\/wp-content\/uploads\/2024\/05\/cropped-cropped-cropped-02_00843_jt3bggkj1j3HLc7SyY6rEUpg.jpeg","width":1600,"height":1600,"caption":"skaitytaknyga.lt"},"image":{"@id":"https:\/\/skaitytaknyga.lt\/#\/schema\/logo\/image\/"},"sameAs":["https:\/\/www.facebook.com\/skaitytaknyga\/"]}]}},"_links":{"self":[{"href":"https:\/\/skaitytaknyga.lt\/en\/wp-json\/wp\/v2\/product\/19114","targetHints":{"allow":["GET"]}}],"collection":[{"href":"https:\/\/skaitytaknyga.lt\/en\/wp-json\/wp\/v2\/product"}],"about":[{"href":"https:\/\/skaitytaknyga.lt\/en\/wp-json\/wp\/v2\/types\/product"}],"replies":[{"embeddable":true,"href":"https:\/\/skaitytaknyga.lt\/en\/wp-json\/wp\/v2\/comments?post=19114"}],"wp:featuredmedia":[{"embeddable":true,"href":"https:\/\/skaitytaknyga.lt\/en\/wp-json\/wp\/v2\/media\/19122"}],"wp:attachment":[{"href":"https:\/\/skaitytaknyga.lt\/en\/wp-json\/wp\/v2\/media?parent=19114"}],"wp:term":[{"taxonomy":"product_brand","embeddable":true,"href":"https:\/\/skaitytaknyga.lt\/en\/wp-json\/wp\/v2\/product_brand?post=19114"},{"taxonomy":"product_cat","embeddable":true,"href":"https:\/\/skaitytaknyga.lt\/en\/wp-json\/wp\/v2\/product_cat?post=19114"},{"taxonomy":"product_tag","embeddable":true,"href":"https:\/\/skaitytaknyga.lt\/en\/wp-json\/wp\/v2\/product_tag?post=19114"}],"curies":[{"name":"wp","href":"https:\/\/api.w.org\/{rel}","templated":true}]}}