{"id":19108,"date":"2025-06-28T17:08:31","date_gmt":"2025-06-28T14:08:31","guid":{"rendered":"https:\/\/skaitytaknyga.lt\/?post_type=product&#038;p=19108"},"modified":"2025-07-02T15:15:04","modified_gmt":"2025-07-02T12:15:04","slug":"apie-gyvunus-trumpos-istorijos","status":"publish","type":"product","link":"https:\/\/skaitytaknyga.lt\/en\/produktas\/apie-gyvunus-trumpos-istorijos\/","title":{"rendered":"Apie gyv\u016bnus. Trumpos istorijos"},"content":{"rendered":"<p>Ar \u017einote, kad K\u0119stu\u010dio Kasparavi\u010diaus sukurt\u0173 istorij\u0173 m\u0117gsta klausytis ne tik vaikai, bet ir daiktai, kurie gyvena dailininko namuose? Bet kai t\u0105 pa\u010di\u0105 istorij\u0105 klausaisi daugyb\u0119 kart\u0173, ji gali \u012fgristi iki gyvo kaulo. Taip nusprend\u0117 K\u0119stu\u010dio batas ir pasi\u016bl\u0117 para\u0161yti nauj\u0105 istorij\u0105 apie&#8230; p\u016bkuot\u0105 padar\u0105, kuris moka kniaukti ir nuolat \u0161laistosi aplink nam\u0105.<\/p>\n<p>\u201eApie gyv\u016bnus. Trumpos istorijos\u201c \u2013 tai rinktin\u0117, kurioje sutiksime ne tik kates, \u0161unis, bet ir pelikan\u0105, pingvinus, kurm\u012f ir dar daug kit\u0173 K\u0119stu\u010dio Kasparavi\u010diaus draug\u0173 i\u0161 jo knyg\u0173 \u201eKvailos istorijos\u201c, \u201eTrumpos istorijos\u201c ir \u201eBra\u0161ki\u0173 diena\u201c. Pamatysite \u2013 net toks ma\u017eas ir l\u0117tas gyv\u016bn\u0117lis kaip sraig\u0117 gali b\u016bti ne ma\u017eiau svarbus u\u017e didel\u012f balt\u0105j\u012f lok\u012f!<\/p>\n","protected":false},"excerpt":{"rendered":"<p>Ar \u017einote, kad K\u0119stu\u010dio Kasparavi\u010diaus sukurt\u0173 istorij\u0173 m\u0117gsta klausytis ne tik vaikai, bet ir daiktai, kurie gyvena dailininko namuose? Bet kai t\u0105 pa\u010di\u0105 istorij\u0105 klausaisi daugyb\u0119 kart\u0173, ji gali \u012fgristi iki gyvo kaulo. Taip nusprend\u0117 K\u0119stu\u010dio batas ir pasi\u016bl\u0117 para\u0161yti nauj\u0105 istorij\u0105 apie&#8230; p\u016bkuot\u0105 padar\u0105, kuris moka kniaukti ir nuolat \u0161laistosi aplink nam\u0105. \u201eApie gyv\u016bnus. Trumpos istorijos\u201c \u2013 tai rinktin\u0117, kurioje sutiksime ne tik kates, \u0161unis, bet ir pelikan\u0105, pingvinus, kurm\u012f ir dar daug kit\u0173 K\u0119stu\u010dio Kasparavi\u010diaus draug\u0173 i\u0161 jo knyg\u0173 \u201eKvailos istorijos\u201c, \u201eTrumpos istorijos\u201c ir \u201eBra\u0161ki\u0173 diena\u201c. Pamatysite \u2013 net toks ma\u017eas ir l\u0117tas gyv\u016bn\u0117lis kaip sraig\u0117 gali b\u016bti ne ma\u017eiau svarbus u\u017e didel\u012f balt\u0105j\u012f lok\u012f!<\/p>\n","protected":false},"featured_media":19120,"comment_status":"open","ping_status":"closed","template":"","meta":{"_acf_changed":false,"site-sidebar-layout":"default","site-content-layout":"","ast-site-content-layout":"default","site-content-style":"default","site-sidebar-style":"default","ast-global-header-display":"","ast-banner-title-visibility":"","ast-main-header-display":"","ast-hfb-above-header-display":"","ast-hfb-below-header-display":"","ast-hfb-mobile-header-display":"","site-post-title":"","ast-breadcrumbs-content":"","ast-featured-img":"","footer-sml-layout":"","ast-disable-related-posts":"","theme-transparent-header-meta":"","adv-header-id-meta":"","stick-header-meta":"","header-above-stick-meta":"","header-main-stick-meta":"","header-below-stick-meta":"","astra-migrate-meta-layouts":"default","ast-page-background-enabled":"default","ast-page-background-meta":{"desktop":{"background-color":"","background-image":"","background-repeat":"repeat","background-position":"center center","background-size":"auto","background-attachment":"scroll","background-type":"","background-media":"","overlay-type":"","overlay-color":"","overlay-opacity":"","overlay-gradient":""},"tablet":{"background-color":"","background-image":"","background-repeat":"repeat","background-position":"center center","background-size":"auto","background-attachment":"scroll","background-type":"","background-media":"","overlay-type":"","overlay-color":"","overlay-opacity":"","overlay-gradient":""},"mobile":{"background-color":"","background-image":"","background-repeat":"repeat","background-position":"center center","background-size":"auto","background-attachment":"scroll","background-type":"","background-media":"","overlay-type":"","overlay-color":"","overlay-opacity":"","overlay-gradient":""}},"ast-content-background-meta":{"desktop":{"background-color":"var(--ast-global-color-4)","background-image":"","background-repeat":"repeat","background-position":"center center","background-size":"auto","background-attachment":"scroll","background-type":"","background-media":"","overlay-type":"","overlay-color":"","overlay-opacity":"","overlay-gradient":""},"tablet":{"background-color":"var(--ast-global-color-4)","background-image":"","background-repeat":"repeat","background-position":"center center","background-size":"auto","background-attachment":"scroll","background-type":"","background-media":"","overlay-type":"","overlay-color":"","overlay-opacity":"","overlay-gradient":""},"mobile":{"background-color":"var(--ast-global-color-4)","background-image":"","background-repeat":"repeat","background-position":"center center","background-size":"auto","background-attachment":"scroll","background-type":"","background-media":"","overlay-type":"","overlay-color":"","overlay-opacity":"","overlay-gradient":""}}},"product_brand":[],"product_cat":[15],"product_tag":[],"class_list":{"0":"post-19108","1":"product","2":"type-product","3":"status-publish","4":"has-post-thumbnail","6":"product_cat-uncategorized","7":"desktop-align-left","8":"tablet-align-left","9":"mobile-align-left","11":"first","12":"instock","13":"shipping-taxable","14":"purchasable","15":"product-type-simple"},"acf":[],"yoast_head":"<!-- This site is optimized with the Yoast SEO plugin v27.4 - https:\/\/yoast.com\/product\/yoast-seo-wordpress\/ -->\n<title>Apie gyv\u016bnus. Trumpos istorijos<\/title>\n<meta name=\"description\" content=\"Ar \u017einote, kad K\u0119stu\u010dio Kasparavi\u010diaus sukurt\u0173 istorij\u0173 m\u0117gsta klausytis ne tik vaikai, bet ir daiktai, kurie gyvena dailininko namuose? Bet kai t\u0105 pa\u010di\u0105\" \/>\n<meta name=\"robots\" content=\"index, follow, max-snippet:-1, max-image-preview:large, max-video-preview:-1\" \/>\n<link rel=\"canonical\" href=\"https:\/\/skaitytaknyga.lt\/en\/produktas\/apie-gyvunus-trumpos-istorijos\/\" \/>\n<meta property=\"og:locale\" content=\"en_GB\" \/>\n<meta property=\"og:locale:alternate\" content=\"lt_LT\" \/>\n<meta property=\"og:type\" content=\"article\" \/>\n<meta property=\"og:title\" content=\"Apie gyv\u016bnus. Trumpos istorijos\" \/>\n<meta property=\"og:description\" content=\"Ar \u017einote, kad K\u0119stu\u010dio Kasparavi\u010diaus sukurt\u0173 istorij\u0173 m\u0117gsta klausytis ne tik vaikai, bet ir daiktai, kurie gyvena dailininko namuose? Bet kai t\u0105 pa\u010di\u0105\" \/>\n<meta property=\"og:url\" content=\"https:\/\/skaitytaknyga.lt\/en\/produktas\/apie-gyvunus-trumpos-istorijos\/\" \/>\n<meta property=\"og:site_name\" content=\"Skaitytaknyga\" \/>\n<meta property=\"article:publisher\" content=\"https:\/\/www.facebook.com\/skaitytaknyga\/\" \/>\n<meta property=\"article:modified_time\" content=\"2025-07-02T12:15:04+00:00\" \/>\n<meta property=\"og:image\" content=\"https:\/\/skaitytaknyga.lt\/wp-content\/uploads\/2025\/06\/Apie-gyvunus.-Trumpos-istorijos.jpg\" \/>\n\t<meta property=\"og:image:width\" content=\"295\" \/>\n\t<meta property=\"og:image:height\" content=\"322\" \/>\n\t<meta property=\"og:image:type\" content=\"image\/jpeg\" \/>\n<meta name=\"twitter:card\" content=\"summary_large_image\" \/>\n<meta name=\"twitter:label1\" content=\"Estimated reading time\" \/>\n\t<meta name=\"twitter:data1\" content=\"1 minute\" \/>\n<script type=\"application\/ld+json\" class=\"yoast-schema-graph\">{\"@context\":\"https:\\\/\\\/schema.org\",\"@graph\":[{\"@type\":\"WebPage\",\"@id\":\"https:\\\/\\\/skaitytaknyga.lt\\\/produktas\\\/apie-gyvunus-trumpos-istorijos\\\/\",\"url\":\"https:\\\/\\\/skaitytaknyga.lt\\\/produktas\\\/apie-gyvunus-trumpos-istorijos\\\/\",\"name\":\"Apie gyv\u016bnus. Trumpos istorijos\",\"isPartOf\":{\"@id\":\"https:\\\/\\\/skaitytaknyga.lt\\\/#website\"},\"primaryImageOfPage\":{\"@id\":\"https:\\\/\\\/skaitytaknyga.lt\\\/produktas\\\/apie-gyvunus-trumpos-istorijos\\\/#primaryimage\"},\"image\":{\"@id\":\"https:\\\/\\\/skaitytaknyga.lt\\\/produktas\\\/apie-gyvunus-trumpos-istorijos\\\/#primaryimage\"},\"thumbnailUrl\":\"https:\\\/\\\/skaitytaknyga.lt\\\/wp-content\\\/uploads\\\/2025\\\/06\\\/Apie-gyvunus.-Trumpos-istorijos.jpg\",\"datePublished\":\"2025-06-28T14:08:31+00:00\",\"dateModified\":\"2025-07-02T12:15:04+00:00\",\"description\":\"Ar \u017einote, kad K\u0119stu\u010dio Kasparavi\u010diaus sukurt\u0173 istorij\u0173 m\u0117gsta klausytis ne tik vaikai, bet ir daiktai, kurie gyvena dailininko namuose? Bet kai t\u0105 pa\u010di\u0105\",\"breadcrumb\":{\"@id\":\"https:\\\/\\\/skaitytaknyga.lt\\\/produktas\\\/apie-gyvunus-trumpos-istorijos\\\/#breadcrumb\"},\"inLanguage\":\"en-GB\",\"potentialAction\":[{\"@type\":\"ReadAction\",\"target\":[\"https:\\\/\\\/skaitytaknyga.lt\\\/produktas\\\/apie-gyvunus-trumpos-istorijos\\\/\"]}]},{\"@type\":\"ImageObject\",\"inLanguage\":\"en-GB\",\"@id\":\"https:\\\/\\\/skaitytaknyga.lt\\\/produktas\\\/apie-gyvunus-trumpos-istorijos\\\/#primaryimage\",\"url\":\"https:\\\/\\\/skaitytaknyga.lt\\\/wp-content\\\/uploads\\\/2025\\\/06\\\/Apie-gyvunus.-Trumpos-istorijos.jpg\",\"contentUrl\":\"https:\\\/\\\/skaitytaknyga.lt\\\/wp-content\\\/uploads\\\/2025\\\/06\\\/Apie-gyvunus.-Trumpos-istorijos.jpg\",\"width\":295,\"height\":322,\"caption\":\"Apie gyv\u016bnus. Trumpos istorijos\"},{\"@type\":\"BreadcrumbList\",\"@id\":\"https:\\\/\\\/skaitytaknyga.lt\\\/produktas\\\/apie-gyvunus-trumpos-istorijos\\\/#breadcrumb\",\"itemListElement\":[{\"@type\":\"ListItem\",\"position\":1,\"name\":\"Home\",\"item\":\"https:\\\/\\\/skaitytaknyga.lt\\\/\"},{\"@type\":\"ListItem\",\"position\":2,\"name\":\"Parduotuv\u0117\",\"item\":\"https:\\\/\\\/skaitytaknyga.lt\\\/knygu-parduotuve\\\/\"},{\"@type\":\"ListItem\",\"position\":3,\"name\":\"Apie gyv\u016bnus. Trumpos istorijos\"}]},{\"@type\":\"WebSite\",\"@id\":\"https:\\\/\\\/skaitytaknyga.lt\\\/#website\",\"url\":\"https:\\\/\\\/skaitytaknyga.lt\\\/\",\"name\":\"skaitytaknyga.lt\",\"description\":\"Skaitytaknyga.lt \u2013 tai ma\u017eas \u0161eimos verslas, kuris prasid\u0117jo nuo meil\u0117s knygoms ir siekio i\u0161gelb\u0117ti knygas nuo likimo prie konteinerio. Kas vienam nereikalingas daiktas \u2013 kitam lobis, o mes esame tarpininkai, kurie padeda abiems tapti laimingesniems ???? \u017dinome kaip nelengva i\u0161gyventi ma\u017eiems verslams, tad nuo \u0161iol, \u010dia rasite ir kit\u0173, ma\u017e\u0173 \u0161eim\u0173 versl\u0173, rank\u0173 darbo, dovan\u0173 sau ir artimiesiems.\",\"publisher\":{\"@id\":\"https:\\\/\\\/skaitytaknyga.lt\\\/#organization\"},\"potentialAction\":[{\"@type\":\"SearchAction\",\"target\":{\"@type\":\"EntryPoint\",\"urlTemplate\":\"https:\\\/\\\/skaitytaknyga.lt\\\/?s={search_term_string}\"},\"query-input\":{\"@type\":\"PropertyValueSpecification\",\"valueRequired\":true,\"valueName\":\"search_term_string\"}}],\"inLanguage\":\"en-GB\"},{\"@type\":\"Organization\",\"@id\":\"https:\\\/\\\/skaitytaknyga.lt\\\/#organization\",\"name\":\"skaitytaknyga.lt\",\"url\":\"https:\\\/\\\/skaitytaknyga.lt\\\/\",\"logo\":{\"@type\":\"ImageObject\",\"inLanguage\":\"en-GB\",\"@id\":\"https:\\\/\\\/skaitytaknyga.lt\\\/#\\\/schema\\\/logo\\\/image\\\/\",\"url\":\"https:\\\/\\\/skaitytaknyga.lt\\\/wp-content\\\/uploads\\\/2024\\\/05\\\/cropped-cropped-cropped-02_00843_jt3bggkj1j3HLc7SyY6rEUpg.jpeg\",\"contentUrl\":\"https:\\\/\\\/skaitytaknyga.lt\\\/wp-content\\\/uploads\\\/2024\\\/05\\\/cropped-cropped-cropped-02_00843_jt3bggkj1j3HLc7SyY6rEUpg.jpeg\",\"width\":1600,\"height\":1600,\"caption\":\"skaitytaknyga.lt\"},\"image\":{\"@id\":\"https:\\\/\\\/skaitytaknyga.lt\\\/#\\\/schema\\\/logo\\\/image\\\/\"},\"sameAs\":[\"https:\\\/\\\/www.facebook.com\\\/skaitytaknyga\\\/\"]}]}<\/script>\n<!-- \/ Yoast SEO plugin. -->","yoast_head_json":{"title":"Apie gyv\u016bnus. Trumpos istorijos","description":"Ar \u017einote, kad K\u0119stu\u010dio Kasparavi\u010diaus sukurt\u0173 istorij\u0173 m\u0117gsta klausytis ne tik vaikai, bet ir daiktai, kurie gyvena dailininko namuose? Bet kai t\u0105 pa\u010di\u0105","robots":{"index":"index","follow":"follow","max-snippet":"max-snippet:-1","max-image-preview":"max-image-preview:large","max-video-preview":"max-video-preview:-1"},"canonical":"https:\/\/skaitytaknyga.lt\/en\/produktas\/apie-gyvunus-trumpos-istorijos\/","og_locale":"en_GB","og_type":"article","og_title":"[:lt]Apie gyv\u016bnus. Trumpos istorijos[:] - Skaitytaknyga","og_description":"Ar \u017einote, kad K\u0119stu\u010dio Kasparavi\u010diaus sukurt\u0173 istorij\u0173 m\u0117gsta klausytis ne tik vaikai, bet ir daiktai, kurie gyvena dailininko namuose? Bet kai t\u0105 pa\u010di\u0105","og_url":"https:\/\/skaitytaknyga.lt\/en\/produktas\/apie-gyvunus-trumpos-istorijos\/","og_site_name":"Skaitytaknyga","article_publisher":"https:\/\/www.facebook.com\/skaitytaknyga\/","article_modified_time":"2025-07-02T12:15:04+00:00","og_image":[{"width":295,"height":322,"url":"https:\/\/skaitytaknyga.lt\/wp-content\/uploads\/2025\/06\/Apie-gyvunus.-Trumpos-istorijos.jpg","type":"image\/jpeg"}],"twitter_card":"summary_large_image","twitter_misc":{"Estimated reading time":"1 minute"},"schema":{"@context":"https:\/\/schema.org","@graph":[{"@type":"WebPage","@id":"https:\/\/skaitytaknyga.lt\/produktas\/apie-gyvunus-trumpos-istorijos\/","url":"https:\/\/skaitytaknyga.lt\/produktas\/apie-gyvunus-trumpos-istorijos\/","name":"Apie gyv\u016bnus. Trumpos istorijos","isPartOf":{"@id":"https:\/\/skaitytaknyga.lt\/#website"},"primaryImageOfPage":{"@id":"https:\/\/skaitytaknyga.lt\/produktas\/apie-gyvunus-trumpos-istorijos\/#primaryimage"},"image":{"@id":"https:\/\/skaitytaknyga.lt\/produktas\/apie-gyvunus-trumpos-istorijos\/#primaryimage"},"thumbnailUrl":"https:\/\/skaitytaknyga.lt\/wp-content\/uploads\/2025\/06\/Apie-gyvunus.-Trumpos-istorijos.jpg","datePublished":"2025-06-28T14:08:31+00:00","dateModified":"2025-07-02T12:15:04+00:00","description":"Ar \u017einote, kad K\u0119stu\u010dio Kasparavi\u010diaus sukurt\u0173 istorij\u0173 m\u0117gsta klausytis ne tik vaikai, bet ir daiktai, kurie gyvena dailininko namuose? Bet kai t\u0105 pa\u010di\u0105","breadcrumb":{"@id":"https:\/\/skaitytaknyga.lt\/produktas\/apie-gyvunus-trumpos-istorijos\/#breadcrumb"},"inLanguage":"en-GB","potentialAction":[{"@type":"ReadAction","target":["https:\/\/skaitytaknyga.lt\/produktas\/apie-gyvunus-trumpos-istorijos\/"]}]},{"@type":"ImageObject","inLanguage":"en-GB","@id":"https:\/\/skaitytaknyga.lt\/produktas\/apie-gyvunus-trumpos-istorijos\/#primaryimage","url":"https:\/\/skaitytaknyga.lt\/wp-content\/uploads\/2025\/06\/Apie-gyvunus.-Trumpos-istorijos.jpg","contentUrl":"https:\/\/skaitytaknyga.lt\/wp-content\/uploads\/2025\/06\/Apie-gyvunus.-Trumpos-istorijos.jpg","width":295,"height":322,"caption":"Apie gyv\u016bnus. Trumpos istorijos"},{"@type":"BreadcrumbList","@id":"https:\/\/skaitytaknyga.lt\/produktas\/apie-gyvunus-trumpos-istorijos\/#breadcrumb","itemListElement":[{"@type":"ListItem","position":1,"name":"Home","item":"https:\/\/skaitytaknyga.lt\/"},{"@type":"ListItem","position":2,"name":"Parduotuv\u0117","item":"https:\/\/skaitytaknyga.lt\/knygu-parduotuve\/"},{"@type":"ListItem","position":3,"name":"Apie gyv\u016bnus. Trumpos istorijos"}]},{"@type":"WebSite","@id":"https:\/\/skaitytaknyga.lt\/#website","url":"https:\/\/skaitytaknyga.lt\/","name":"skaitytaknyga.lt","description":"Skaitytaknyga.lt \u2013 tai ma\u017eas \u0161eimos verslas, kuris prasid\u0117jo nuo meil\u0117s knygoms ir siekio i\u0161gelb\u0117ti knygas nuo likimo prie konteinerio. Kas vienam nereikalingas daiktas \u2013 kitam lobis, o mes esame tarpininkai, kurie padeda abiems tapti laimingesniems ???? \u017dinome kaip nelengva i\u0161gyventi ma\u017eiems verslams, tad nuo \u0161iol, \u010dia rasite ir kit\u0173, ma\u017e\u0173 \u0161eim\u0173 versl\u0173, rank\u0173 darbo, dovan\u0173 sau ir artimiesiems.","publisher":{"@id":"https:\/\/skaitytaknyga.lt\/#organization"},"potentialAction":[{"@type":"SearchAction","target":{"@type":"EntryPoint","urlTemplate":"https:\/\/skaitytaknyga.lt\/?s={search_term_string}"},"query-input":{"@type":"PropertyValueSpecification","valueRequired":true,"valueName":"search_term_string"}}],"inLanguage":"en-GB"},{"@type":"Organization","@id":"https:\/\/skaitytaknyga.lt\/#organization","name":"skaitytaknyga.lt","url":"https:\/\/skaitytaknyga.lt\/","logo":{"@type":"ImageObject","inLanguage":"en-GB","@id":"https:\/\/skaitytaknyga.lt\/#\/schema\/logo\/image\/","url":"https:\/\/skaitytaknyga.lt\/wp-content\/uploads\/2024\/05\/cropped-cropped-cropped-02_00843_jt3bggkj1j3HLc7SyY6rEUpg.jpeg","contentUrl":"https:\/\/skaitytaknyga.lt\/wp-content\/uploads\/2024\/05\/cropped-cropped-cropped-02_00843_jt3bggkj1j3HLc7SyY6rEUpg.jpeg","width":1600,"height":1600,"caption":"skaitytaknyga.lt"},"image":{"@id":"https:\/\/skaitytaknyga.lt\/#\/schema\/logo\/image\/"},"sameAs":["https:\/\/www.facebook.com\/skaitytaknyga\/"]}]}},"_links":{"self":[{"href":"https:\/\/skaitytaknyga.lt\/en\/wp-json\/wp\/v2\/product\/19108","targetHints":{"allow":["GET"]}}],"collection":[{"href":"https:\/\/skaitytaknyga.lt\/en\/wp-json\/wp\/v2\/product"}],"about":[{"href":"https:\/\/skaitytaknyga.lt\/en\/wp-json\/wp\/v2\/types\/product"}],"replies":[{"embeddable":true,"href":"https:\/\/skaitytaknyga.lt\/en\/wp-json\/wp\/v2\/comments?post=19108"}],"wp:featuredmedia":[{"embeddable":true,"href":"https:\/\/skaitytaknyga.lt\/en\/wp-json\/wp\/v2\/media\/19120"}],"wp:attachment":[{"href":"https:\/\/skaitytaknyga.lt\/en\/wp-json\/wp\/v2\/media?parent=19108"}],"wp:term":[{"taxonomy":"product_brand","embeddable":true,"href":"https:\/\/skaitytaknyga.lt\/en\/wp-json\/wp\/v2\/product_brand?post=19108"},{"taxonomy":"product_cat","embeddable":true,"href":"https:\/\/skaitytaknyga.lt\/en\/wp-json\/wp\/v2\/product_cat?post=19108"},{"taxonomy":"product_tag","embeddable":true,"href":"https:\/\/skaitytaknyga.lt\/en\/wp-json\/wp\/v2\/product_tag?post=19108"}],"curies":[{"name":"wp","href":"https:\/\/api.w.org\/{rel}","templated":true}]}}