{"id":19106,"date":"2025-06-28T17:08:31","date_gmt":"2025-06-28T14:08:31","guid":{"rendered":"https:\/\/skaitytaknyga.lt\/?post_type=product&#038;p=19106"},"modified":"2026-03-18T11:28:12","modified_gmt":"2026-03-18T09:28:12","slug":"kilme","status":"publish","type":"product","link":"https:\/\/skaitytaknyga.lt\/en\/produktas\/kilme\/","title":{"rendered":"Kilm\u0117"},"content":{"rendered":"<p>Robertas Lengdonas, simbologijos ir religin\u0117s ikonografijos profesorius i\u0161 Harvardo universiteto, atvyksta \u012f ultramodern\u0173 Gugenheimo muziej\u0173 Bilbao dalyvauti labai svarbiame renginyje, per kur\u012f bus pristatytas atradimas, \u201eam\u017eiams pakeisiantis mokslo pavidal\u0105&#8221;.<\/p>\n<p>Vakaro \u0161eimininkas yra Edmondas Kir\u0161as, jaunas milijardierius, i\u0161gars\u0117j\u0119s pasaulyje savo nuostabiais, technologi\u0161kai pa\u017eangiais atradimais ir \u012f\u017e\u016bliomis ateities prognoz\u0117mis. Kir\u0161as prie\u0161 daugel\u012f met\u0173 mok\u0117si Harvardo universitete ir buvo vienas i\u0161 talentingiausi\u0173 Lengdono student\u0173 \u2014 dabar jis ketina prane\u0161ti apie \u012fsp\u016bding\u0105 atradim\u0105, kuris paskatins drasti\u0161k\u0105 mokslo prover\u017e\u012f&#8230; ir atsakys \u012f du esminius egzistencinius klausimus, kamuojan\u010dius \u017emonij\u0105 nuo seniausi\u0173 laik\u0173.<\/p>\n<p>Prasid\u0117jus Edmondo Kir\u0161o ir muziejaus direktor\u0117s Ambros Vidal skrupulingai suorganizuotai prezentacijai, vakar\u0105 greitai u\u017evaldo chaosas, priblo\u0161kiantis \u0161imtus sve\u010di\u0173 ir milijonus \u017ei\u016brov\u0173 i\u0161 viso pasaulio. I\u0161kyla gr\u0117sm\u0117 verting\u0105j\u012f Kir\u0161o atradim\u0105 prarasti am\u017eiams, tod\u0117l Lengdonui su Ambra \u017e\u016btb\u016bt tenka b\u0117gti \u012f Barselon\u0105 ir lenktyniaujant su laiku ie\u0161koti m\u012fslingo slapta\u017eod\u017eio, kuris leis prieiti prie Kir\u0161o paslapties, lemsian\u010dios mokslo perversm\u0105.<\/p>\n<p>Persekiojami \u012fsibauginusio pavojingo prie\u0161o, kuriam informacij\u0105, rodos, teikia patys Karali\u0161kieji r\u016bmai, Lengdonas su Ambra susidurs su tamsiausiais u\u017esl\u0117ptos istorijos ir radikalios religijos epizodais. \u0160iuolaikiniu menu ir sl\u0117piningais simboliais pa\u017eenklintame kelyje jie privalo per kelias valandas atskleisti Kir\u0161o \u012fstabaus tyrimo rezultatus&#8230; ir kvap\u0105 u\u017eiman\u010di\u0105 ties\u0105 apie \u017emonijos kilm\u0119 bei likim\u0105.<\/p>\n","protected":false},"excerpt":{"rendered":"<p>Robertas Lengdonas, simbologijos ir religin\u0117s ikonografijos profesorius i\u0161 Harvardo universiteto, atvyksta \u012f ultramodern\u0173 Gugenheimo muziej\u0173 Bilbao dalyvauti labai svarbiame renginyje, per kur\u012f bus pristatytas atradimas, \u201eam\u017eiams pakeisiantis mokslo pavidal\u0105&#8221;. Vakaro \u0161eimininkas yra Edmondas Kir\u0161as, jaunas milijardierius, i\u0161gars\u0117j\u0119s pasaulyje savo nuostabiais, technologi\u0161kai pa\u017eangiais atradimais ir \u012f\u017e\u016bliomis ateities prognoz\u0117mis. Kir\u0161as prie\u0161 daugel\u012f met\u0173 mok\u0117si Harvardo universitete ir buvo vienas i\u0161 talentingiausi\u0173 Lengdono student\u0173 \u2014 dabar jis ketina prane\u0161ti apie \u012fsp\u016bding\u0105 atradim\u0105, kuris paskatins drasti\u0161k\u0105 mokslo prover\u017e\u012f&#8230; ir atsakys \u012f du esminius egzistencinius klausimus, kamuojan\u010dius \u017emonij\u0105 nuo seniausi\u0173 laik\u0173. Prasid\u0117jus Edmondo Kir\u0161o ir muziejaus direktor\u0117s Ambros Vidal skrupulingai suorganizuotai prezentacijai, vakar\u0105 greitai u\u017evaldo chaosas, priblo\u0161kiantis \u0161imtus sve\u010di\u0173 ir milijonus \u017ei\u016brov\u0173 i\u0161 viso pasaulio. I\u0161kyla gr\u0117sm\u0117 verting\u0105j\u012f Kir\u0161o atradim\u0105 prarasti am\u017eiams, tod\u0117l Lengdonui su Ambra \u017e\u016btb\u016bt tenka b\u0117gti \u012f Barselon\u0105 ir lenktyniaujant su laiku ie\u0161koti m\u012fslingo slapta\u017eod\u017eio, kuris leis prieiti prie Kir\u0161o paslapties, lemsian\u010dios mokslo perversm\u0105. Persekiojami \u012fsibauginusio pavojingo prie\u0161o, kuriam informacij\u0105, rodos, teikia patys Karali\u0161kieji r\u016bmai, Lengdonas su Ambra susidurs su tamsiausiais u\u017esl\u0117ptos istorijos ir radikalios religijos epizodais. \u0160iuolaikiniu menu ir sl\u0117piningais simboliais pa\u017eenklintame kelyje jie privalo per kelias valandas atskleisti Kir\u0161o \u012fstabaus tyrimo rezultatus&#8230; ir kvap\u0105 u\u017eiman\u010di\u0105 ties\u0105 apie \u017emonijos kilm\u0119 bei likim\u0105.<\/p>\n","protected":false},"featured_media":19113,"comment_status":"open","ping_status":"closed","template":"","meta":{"_acf_changed":false,"site-sidebar-layout":"default","site-content-layout":"","ast-site-content-layout":"default","site-content-style":"default","site-sidebar-style":"default","ast-global-header-display":"","ast-banner-title-visibility":"","ast-main-header-display":"","ast-hfb-above-header-display":"","ast-hfb-below-header-display":"","ast-hfb-mobile-header-display":"","site-post-title":"","ast-breadcrumbs-content":"","ast-featured-img":"","footer-sml-layout":"","ast-disable-related-posts":"","theme-transparent-header-meta":"","adv-header-id-meta":"","stick-header-meta":"","header-above-stick-meta":"","header-main-stick-meta":"","header-below-stick-meta":"","astra-migrate-meta-layouts":"default","ast-page-background-enabled":"default","ast-page-background-meta":{"desktop":{"background-color":"","background-image":"","background-repeat":"repeat","background-position":"center center","background-size":"auto","background-attachment":"scroll","background-type":"","background-media":"","overlay-type":"","overlay-color":"","overlay-opacity":"","overlay-gradient":""},"tablet":{"background-color":"","background-image":"","background-repeat":"repeat","background-position":"center center","background-size":"auto","background-attachment":"scroll","background-type":"","background-media":"","overlay-type":"","overlay-color":"","overlay-opacity":"","overlay-gradient":""},"mobile":{"background-color":"","background-image":"","background-repeat":"repeat","background-position":"center center","background-size":"auto","background-attachment":"scroll","background-type":"","background-media":"","overlay-type":"","overlay-color":"","overlay-opacity":"","overlay-gradient":""}},"ast-content-background-meta":{"desktop":{"background-color":"var(--ast-global-color-4)","background-image":"","background-repeat":"repeat","background-position":"center center","background-size":"auto","background-attachment":"scroll","background-type":"","background-media":"","overlay-type":"","overlay-color":"","overlay-opacity":"","overlay-gradient":""},"tablet":{"background-color":"var(--ast-global-color-4)","background-image":"","background-repeat":"repeat","background-position":"center center","background-size":"auto","background-attachment":"scroll","background-type":"","background-media":"","overlay-type":"","overlay-color":"","overlay-opacity":"","overlay-gradient":""},"mobile":{"background-color":"var(--ast-global-color-4)","background-image":"","background-repeat":"repeat","background-position":"center center","background-size":"auto","background-attachment":"scroll","background-type":"","background-media":"","overlay-type":"","overlay-color":"","overlay-opacity":"","overlay-gradient":""}}},"product_brand":[],"product_cat":[9576],"product_tag":[],"class_list":{"0":"post-19106","1":"product","2":"type-product","3":"status-publish","4":"has-post-thumbnail","6":"product_cat-detektyvai","7":"desktop-align-left","8":"tablet-align-left","9":"mobile-align-left","11":"first","12":"instock","13":"shipping-taxable","14":"purchasable","15":"product-type-simple"},"acf":[],"yoast_head":"<!-- This site is optimized with the Yoast SEO plugin v27.4 - https:\/\/yoast.com\/product\/yoast-seo-wordpress\/ -->\n<title>Kilm\u0117<\/title>\n<meta name=\"description\" content=\"Robertas Lengdonas, simbologijos ir religin\u0117s ikonografijos profesorius i\u0161 Harvardo universiteto, atvyksta \u012f ultramodern\u0173 Gugenheimo muziej\u0173 Bilbao\" \/>\n<meta name=\"robots\" content=\"index, follow, max-snippet:-1, max-image-preview:large, max-video-preview:-1\" \/>\n<link rel=\"canonical\" href=\"https:\/\/skaitytaknyga.lt\/en\/produktas\/kilme\/\" \/>\n<meta property=\"og:locale\" content=\"en_GB\" \/>\n<meta property=\"og:locale:alternate\" content=\"lt_LT\" \/>\n<meta property=\"og:type\" content=\"article\" \/>\n<meta property=\"og:title\" content=\"Kilm\u0117\" \/>\n<meta property=\"og:description\" content=\"Robertas Lengdonas, simbologijos ir religin\u0117s ikonografijos profesorius i\u0161 Harvardo universiteto, atvyksta \u012f ultramodern\u0173 Gugenheimo muziej\u0173 Bilbao\" \/>\n<meta property=\"og:url\" content=\"https:\/\/skaitytaknyga.lt\/en\/produktas\/kilme\/\" \/>\n<meta property=\"og:site_name\" content=\"Skaitytaknyga\" \/>\n<meta property=\"article:publisher\" content=\"https:\/\/www.facebook.com\/skaitytaknyga\/\" \/>\n<meta property=\"article:modified_time\" content=\"2026-03-18T09:28:12+00:00\" \/>\n<meta property=\"og:image\" content=\"https:\/\/skaitytaknyga.lt\/wp-content\/uploads\/2025\/06\/KILME.webp\" \/>\n\t<meta property=\"og:image:width\" content=\"553\" \/>\n\t<meta property=\"og:image:height\" content=\"800\" \/>\n\t<meta property=\"og:image:type\" content=\"image\/webp\" \/>\n<meta name=\"twitter:card\" content=\"summary_large_image\" \/>\n<meta name=\"twitter:label1\" content=\"Estimated reading time\" \/>\n\t<meta name=\"twitter:data1\" content=\"1 minute\" \/>\n<script type=\"application\/ld+json\" class=\"yoast-schema-graph\">{\"@context\":\"https:\\\/\\\/schema.org\",\"@graph\":[{\"@type\":\"WebPage\",\"@id\":\"https:\\\/\\\/skaitytaknyga.lt\\\/produktas\\\/kilme\\\/\",\"url\":\"https:\\\/\\\/skaitytaknyga.lt\\\/produktas\\\/kilme\\\/\",\"name\":\"Kilm\u0117\",\"isPartOf\":{\"@id\":\"https:\\\/\\\/skaitytaknyga.lt\\\/#website\"},\"primaryImageOfPage\":{\"@id\":\"https:\\\/\\\/skaitytaknyga.lt\\\/produktas\\\/kilme\\\/#primaryimage\"},\"image\":{\"@id\":\"https:\\\/\\\/skaitytaknyga.lt\\\/produktas\\\/kilme\\\/#primaryimage\"},\"thumbnailUrl\":\"https:\\\/\\\/skaitytaknyga.lt\\\/wp-content\\\/uploads\\\/2025\\\/06\\\/KILME.webp\",\"datePublished\":\"2025-06-28T14:08:31+00:00\",\"dateModified\":\"2026-03-18T09:28:12+00:00\",\"description\":\"Robertas Lengdonas, simbologijos ir religin\u0117s ikonografijos profesorius i\u0161 Harvardo universiteto, atvyksta \u012f ultramodern\u0173 Gugenheimo muziej\u0173 Bilbao\",\"breadcrumb\":{\"@id\":\"https:\\\/\\\/skaitytaknyga.lt\\\/produktas\\\/kilme\\\/#breadcrumb\"},\"inLanguage\":\"en-GB\",\"potentialAction\":[{\"@type\":\"ReadAction\",\"target\":[\"https:\\\/\\\/skaitytaknyga.lt\\\/produktas\\\/kilme\\\/\"]}]},{\"@type\":\"ImageObject\",\"inLanguage\":\"en-GB\",\"@id\":\"https:\\\/\\\/skaitytaknyga.lt\\\/produktas\\\/kilme\\\/#primaryimage\",\"url\":\"https:\\\/\\\/skaitytaknyga.lt\\\/wp-content\\\/uploads\\\/2025\\\/06\\\/KILME.webp\",\"contentUrl\":\"https:\\\/\\\/skaitytaknyga.lt\\\/wp-content\\\/uploads\\\/2025\\\/06\\\/KILME.webp\",\"width\":553,\"height\":800,\"caption\":\"KILM\u0116\"},{\"@type\":\"BreadcrumbList\",\"@id\":\"https:\\\/\\\/skaitytaknyga.lt\\\/produktas\\\/kilme\\\/#breadcrumb\",\"itemListElement\":[{\"@type\":\"ListItem\",\"position\":1,\"name\":\"Home\",\"item\":\"https:\\\/\\\/skaitytaknyga.lt\\\/\"},{\"@type\":\"ListItem\",\"position\":2,\"name\":\"Parduotuv\u0117\",\"item\":\"https:\\\/\\\/skaitytaknyga.lt\\\/knygu-parduotuve\\\/\"},{\"@type\":\"ListItem\",\"position\":3,\"name\":\"Kilm\u0117\"}]},{\"@type\":\"WebSite\",\"@id\":\"https:\\\/\\\/skaitytaknyga.lt\\\/#website\",\"url\":\"https:\\\/\\\/skaitytaknyga.lt\\\/\",\"name\":\"skaitytaknyga.lt\",\"description\":\"Skaitytaknyga.lt \u2013 tai ma\u017eas \u0161eimos verslas, kuris prasid\u0117jo nuo meil\u0117s knygoms ir siekio i\u0161gelb\u0117ti knygas nuo likimo prie konteinerio. Kas vienam nereikalingas daiktas \u2013 kitam lobis, o mes esame tarpininkai, kurie padeda abiems tapti laimingesniems ???? \u017dinome kaip nelengva i\u0161gyventi ma\u017eiems verslams, tad nuo \u0161iol, \u010dia rasite ir kit\u0173, ma\u017e\u0173 \u0161eim\u0173 versl\u0173, rank\u0173 darbo, dovan\u0173 sau ir artimiesiems.\",\"publisher\":{\"@id\":\"https:\\\/\\\/skaitytaknyga.lt\\\/#organization\"},\"potentialAction\":[{\"@type\":\"SearchAction\",\"target\":{\"@type\":\"EntryPoint\",\"urlTemplate\":\"https:\\\/\\\/skaitytaknyga.lt\\\/?s={search_term_string}\"},\"query-input\":{\"@type\":\"PropertyValueSpecification\",\"valueRequired\":true,\"valueName\":\"search_term_string\"}}],\"inLanguage\":\"en-GB\"},{\"@type\":\"Organization\",\"@id\":\"https:\\\/\\\/skaitytaknyga.lt\\\/#organization\",\"name\":\"skaitytaknyga.lt\",\"url\":\"https:\\\/\\\/skaitytaknyga.lt\\\/\",\"logo\":{\"@type\":\"ImageObject\",\"inLanguage\":\"en-GB\",\"@id\":\"https:\\\/\\\/skaitytaknyga.lt\\\/#\\\/schema\\\/logo\\\/image\\\/\",\"url\":\"https:\\\/\\\/skaitytaknyga.lt\\\/wp-content\\\/uploads\\\/2024\\\/05\\\/cropped-cropped-cropped-02_00843_jt3bggkj1j3HLc7SyY6rEUpg.jpeg\",\"contentUrl\":\"https:\\\/\\\/skaitytaknyga.lt\\\/wp-content\\\/uploads\\\/2024\\\/05\\\/cropped-cropped-cropped-02_00843_jt3bggkj1j3HLc7SyY6rEUpg.jpeg\",\"width\":1600,\"height\":1600,\"caption\":\"skaitytaknyga.lt\"},\"image\":{\"@id\":\"https:\\\/\\\/skaitytaknyga.lt\\\/#\\\/schema\\\/logo\\\/image\\\/\"},\"sameAs\":[\"https:\\\/\\\/www.facebook.com\\\/skaitytaknyga\\\/\"]}]}<\/script>\n<!-- \/ Yoast SEO plugin. -->","yoast_head_json":{"title":"Kilm\u0117","description":"Robertas Lengdonas, simbologijos ir religin\u0117s ikonografijos profesorius i\u0161 Harvardo universiteto, atvyksta \u012f ultramodern\u0173 Gugenheimo muziej\u0173 Bilbao","robots":{"index":"index","follow":"follow","max-snippet":"max-snippet:-1","max-image-preview":"max-image-preview:large","max-video-preview":"max-video-preview:-1"},"canonical":"https:\/\/skaitytaknyga.lt\/en\/produktas\/kilme\/","og_locale":"en_GB","og_type":"article","og_title":"[:lt]Kilm\u0117[:] - Skaitytaknyga","og_description":"Robertas Lengdonas, simbologijos ir religin\u0117s ikonografijos profesorius i\u0161 Harvardo universiteto, atvyksta \u012f ultramodern\u0173 Gugenheimo muziej\u0173 Bilbao","og_url":"https:\/\/skaitytaknyga.lt\/en\/produktas\/kilme\/","og_site_name":"Skaitytaknyga","article_publisher":"https:\/\/www.facebook.com\/skaitytaknyga\/","article_modified_time":"2026-03-18T09:28:12+00:00","og_image":[{"width":553,"height":800,"url":"https:\/\/skaitytaknyga.lt\/wp-content\/uploads\/2025\/06\/KILME.webp","type":"image\/webp"}],"twitter_card":"summary_large_image","twitter_misc":{"Estimated reading time":"1 minute"},"schema":{"@context":"https:\/\/schema.org","@graph":[{"@type":"WebPage","@id":"https:\/\/skaitytaknyga.lt\/produktas\/kilme\/","url":"https:\/\/skaitytaknyga.lt\/produktas\/kilme\/","name":"Kilm\u0117","isPartOf":{"@id":"https:\/\/skaitytaknyga.lt\/#website"},"primaryImageOfPage":{"@id":"https:\/\/skaitytaknyga.lt\/produktas\/kilme\/#primaryimage"},"image":{"@id":"https:\/\/skaitytaknyga.lt\/produktas\/kilme\/#primaryimage"},"thumbnailUrl":"https:\/\/skaitytaknyga.lt\/wp-content\/uploads\/2025\/06\/KILME.webp","datePublished":"2025-06-28T14:08:31+00:00","dateModified":"2026-03-18T09:28:12+00:00","description":"Robertas Lengdonas, simbologijos ir religin\u0117s ikonografijos profesorius i\u0161 Harvardo universiteto, atvyksta \u012f ultramodern\u0173 Gugenheimo muziej\u0173 Bilbao","breadcrumb":{"@id":"https:\/\/skaitytaknyga.lt\/produktas\/kilme\/#breadcrumb"},"inLanguage":"en-GB","potentialAction":[{"@type":"ReadAction","target":["https:\/\/skaitytaknyga.lt\/produktas\/kilme\/"]}]},{"@type":"ImageObject","inLanguage":"en-GB","@id":"https:\/\/skaitytaknyga.lt\/produktas\/kilme\/#primaryimage","url":"https:\/\/skaitytaknyga.lt\/wp-content\/uploads\/2025\/06\/KILME.webp","contentUrl":"https:\/\/skaitytaknyga.lt\/wp-content\/uploads\/2025\/06\/KILME.webp","width":553,"height":800,"caption":"KILM\u0116"},{"@type":"BreadcrumbList","@id":"https:\/\/skaitytaknyga.lt\/produktas\/kilme\/#breadcrumb","itemListElement":[{"@type":"ListItem","position":1,"name":"Home","item":"https:\/\/skaitytaknyga.lt\/"},{"@type":"ListItem","position":2,"name":"Parduotuv\u0117","item":"https:\/\/skaitytaknyga.lt\/knygu-parduotuve\/"},{"@type":"ListItem","position":3,"name":"Kilm\u0117"}]},{"@type":"WebSite","@id":"https:\/\/skaitytaknyga.lt\/#website","url":"https:\/\/skaitytaknyga.lt\/","name":"skaitytaknyga.lt","description":"Skaitytaknyga.lt \u2013 tai ma\u017eas \u0161eimos verslas, kuris prasid\u0117jo nuo meil\u0117s knygoms ir siekio i\u0161gelb\u0117ti knygas nuo likimo prie konteinerio. Kas vienam nereikalingas daiktas \u2013 kitam lobis, o mes esame tarpininkai, kurie padeda abiems tapti laimingesniems ???? \u017dinome kaip nelengva i\u0161gyventi ma\u017eiems verslams, tad nuo \u0161iol, \u010dia rasite ir kit\u0173, ma\u017e\u0173 \u0161eim\u0173 versl\u0173, rank\u0173 darbo, dovan\u0173 sau ir artimiesiems.","publisher":{"@id":"https:\/\/skaitytaknyga.lt\/#organization"},"potentialAction":[{"@type":"SearchAction","target":{"@type":"EntryPoint","urlTemplate":"https:\/\/skaitytaknyga.lt\/?s={search_term_string}"},"query-input":{"@type":"PropertyValueSpecification","valueRequired":true,"valueName":"search_term_string"}}],"inLanguage":"en-GB"},{"@type":"Organization","@id":"https:\/\/skaitytaknyga.lt\/#organization","name":"skaitytaknyga.lt","url":"https:\/\/skaitytaknyga.lt\/","logo":{"@type":"ImageObject","inLanguage":"en-GB","@id":"https:\/\/skaitytaknyga.lt\/#\/schema\/logo\/image\/","url":"https:\/\/skaitytaknyga.lt\/wp-content\/uploads\/2024\/05\/cropped-cropped-cropped-02_00843_jt3bggkj1j3HLc7SyY6rEUpg.jpeg","contentUrl":"https:\/\/skaitytaknyga.lt\/wp-content\/uploads\/2024\/05\/cropped-cropped-cropped-02_00843_jt3bggkj1j3HLc7SyY6rEUpg.jpeg","width":1600,"height":1600,"caption":"skaitytaknyga.lt"},"image":{"@id":"https:\/\/skaitytaknyga.lt\/#\/schema\/logo\/image\/"},"sameAs":["https:\/\/www.facebook.com\/skaitytaknyga\/"]}]}},"_links":{"self":[{"href":"https:\/\/skaitytaknyga.lt\/en\/wp-json\/wp\/v2\/product\/19106","targetHints":{"allow":["GET"]}}],"collection":[{"href":"https:\/\/skaitytaknyga.lt\/en\/wp-json\/wp\/v2\/product"}],"about":[{"href":"https:\/\/skaitytaknyga.lt\/en\/wp-json\/wp\/v2\/types\/product"}],"replies":[{"embeddable":true,"href":"https:\/\/skaitytaknyga.lt\/en\/wp-json\/wp\/v2\/comments?post=19106"}],"wp:featuredmedia":[{"embeddable":true,"href":"https:\/\/skaitytaknyga.lt\/en\/wp-json\/wp\/v2\/media\/19113"}],"wp:attachment":[{"href":"https:\/\/skaitytaknyga.lt\/en\/wp-json\/wp\/v2\/media?parent=19106"}],"wp:term":[{"taxonomy":"product_brand","embeddable":true,"href":"https:\/\/skaitytaknyga.lt\/en\/wp-json\/wp\/v2\/product_brand?post=19106"},{"taxonomy":"product_cat","embeddable":true,"href":"https:\/\/skaitytaknyga.lt\/en\/wp-json\/wp\/v2\/product_cat?post=19106"},{"taxonomy":"product_tag","embeddable":true,"href":"https:\/\/skaitytaknyga.lt\/en\/wp-json\/wp\/v2\/product_tag?post=19106"}],"curies":[{"name":"wp","href":"https:\/\/api.w.org\/{rel}","templated":true}]}}