{"id":19105,"date":"2025-06-28T17:08:30","date_gmt":"2025-06-28T14:08:30","guid":{"rendered":"https:\/\/skaitytaknyga.lt\/?post_type=product&#038;p=19105"},"modified":"2025-07-02T14:44:55","modified_gmt":"2025-07-02T11:44:55","slug":"riteriai-iliustruotas-zinynas","status":"publish","type":"product","link":"https:\/\/skaitytaknyga.lt\/en\/produktas\/riteriai-iliustruotas-zinynas\/","title":{"rendered":"Riteriai. Iliustruotas \u017einynas"},"content":{"rendered":"<p>Trimit\u0173 skardenimas, \u017eirg\u0173 prunk\u0161timas, kanop\u0173 bilsmas ir kalavij\u0173 \u017evang\u0117jimas nutraukia ramaus kaimelio tyl\u0105. I\u0161 art\u0117jan\u010dio dulki\u0173 debesies i\u0161nyra spalvingos v\u0117liavos, plunksnoti \u0161almai, blizga riteri\u0173 \u0161arvai, styro atki\u0161tos ietys. Heraldiniai gyv\u016bnai \u2013 li\u016btai, ereliai ir drakonai \u2013 \u0161iepiasi nuo skyd\u0173, v\u0117jyje plev\u0117suoja apsiaustai&#8230; Taip istoriniuose ir nuotyki\u0173 filmuose vaizduojami ry\u017etingi viduram\u017ei\u0173 kariai \u2013 riteriai. Tik ar jie buvo tokie ne\u012fveikiami tikrov\u0117je? Ar t\u0173 laik\u0173 \u017emoni\u0173 gyvenimas buvo toks romanti\u0161kas?<\/p>\n<p>\u0160ioje knygoje rasite jaudinamus pasakojimus apie ginklane\u0161ius, kurie ruo\u0161iasi tapti riteriais, \u012f\u0161ventinimo ceremonij\u0105, garsiausius kry\u017eiuo\u010di\u0173 m\u016b\u0161ius, turnyrus ir pilis, susipa\u017einsite su riteri\u0173 ginkluote ir karyba. Istori\u0161kai tiksl\u016bs ir detal\u016bs pie\u0161iniai ne tik leis lengviau visa tai \u012fsivaizduoti, bet ir pad\u0117s pa\u010diam pasijusti t\u0173 tamsi\u0173 am\u017ei\u0173 kariu \u2013 bebaimiu riteriu!<\/p>\n","protected":false},"excerpt":{"rendered":"<p>Trimit\u0173 skardenimas, \u017eirg\u0173 prunk\u0161timas, kanop\u0173 bilsmas ir kalavij\u0173 \u017evang\u0117jimas nutraukia ramaus kaimelio tyl\u0105. I\u0161 art\u0117jan\u010dio dulki\u0173 debesies i\u0161nyra spalvingos v\u0117liavos, plunksnoti \u0161almai, blizga riteri\u0173 \u0161arvai, styro atki\u0161tos ietys. Heraldiniai gyv\u016bnai \u2013 li\u016btai, ereliai ir drakonai \u2013 \u0161iepiasi nuo skyd\u0173, v\u0117jyje plev\u0117suoja apsiaustai&#8230; Taip istoriniuose ir nuotyki\u0173 filmuose vaizduojami ry\u017etingi viduram\u017ei\u0173 kariai \u2013 riteriai. Tik ar jie buvo tokie ne\u012fveikiami tikrov\u0117je? Ar t\u0173 laik\u0173 \u017emoni\u0173 gyvenimas buvo toks romanti\u0161kas? \u0160ioje knygoje rasite jaudinamus pasakojimus apie ginklane\u0161ius, kurie ruo\u0161iasi tapti riteriais, \u012f\u0161ventinimo ceremonij\u0105, garsiausius kry\u017eiuo\u010di\u0173 m\u016b\u0161ius, turnyrus ir pilis, susipa\u017einsite su riteri\u0173 ginkluote ir karyba. Istori\u0161kai tiksl\u016bs ir detal\u016bs pie\u0161iniai ne tik leis lengviau visa tai \u012fsivaizduoti, bet ir pad\u0117s pa\u010diam pasijusti t\u0173 tamsi\u0173 am\u017ei\u0173 kariu \u2013 bebaimiu riteriu!<\/p>\n","protected":false},"featured_media":19110,"comment_status":"open","ping_status":"closed","template":"","meta":{"_acf_changed":false,"site-sidebar-layout":"default","site-content-layout":"","ast-site-content-layout":"default","site-content-style":"default","site-sidebar-style":"default","ast-global-header-display":"","ast-banner-title-visibility":"","ast-main-header-display":"","ast-hfb-above-header-display":"","ast-hfb-below-header-display":"","ast-hfb-mobile-header-display":"","site-post-title":"","ast-breadcrumbs-content":"","ast-featured-img":"","footer-sml-layout":"","ast-disable-related-posts":"","theme-transparent-header-meta":"","adv-header-id-meta":"","stick-header-meta":"","header-above-stick-meta":"","header-main-stick-meta":"","header-below-stick-meta":"","astra-migrate-meta-layouts":"default","ast-page-background-enabled":"default","ast-page-background-meta":{"desktop":{"background-color":"","background-image":"","background-repeat":"repeat","background-position":"center center","background-size":"auto","background-attachment":"scroll","background-type":"","background-media":"","overlay-type":"","overlay-color":"","overlay-opacity":"","overlay-gradient":""},"tablet":{"background-color":"","background-image":"","background-repeat":"repeat","background-position":"center center","background-size":"auto","background-attachment":"scroll","background-type":"","background-media":"","overlay-type":"","overlay-color":"","overlay-opacity":"","overlay-gradient":""},"mobile":{"background-color":"","background-image":"","background-repeat":"repeat","background-position":"center center","background-size":"auto","background-attachment":"scroll","background-type":"","background-media":"","overlay-type":"","overlay-color":"","overlay-opacity":"","overlay-gradient":""}},"ast-content-background-meta":{"desktop":{"background-color":"var(--ast-global-color-4)","background-image":"","background-repeat":"repeat","background-position":"center center","background-size":"auto","background-attachment":"scroll","background-type":"","background-media":"","overlay-type":"","overlay-color":"","overlay-opacity":"","overlay-gradient":""},"tablet":{"background-color":"var(--ast-global-color-4)","background-image":"","background-repeat":"repeat","background-position":"center center","background-size":"auto","background-attachment":"scroll","background-type":"","background-media":"","overlay-type":"","overlay-color":"","overlay-opacity":"","overlay-gradient":""},"mobile":{"background-color":"var(--ast-global-color-4)","background-image":"","background-repeat":"repeat","background-position":"center center","background-size":"auto","background-attachment":"scroll","background-type":"","background-media":"","overlay-type":"","overlay-color":"","overlay-opacity":"","overlay-gradient":""}}},"product_brand":[],"product_cat":[15],"product_tag":[],"class_list":{"0":"post-19105","1":"product","2":"type-product","3":"status-publish","4":"has-post-thumbnail","6":"product_cat-uncategorized","7":"desktop-align-left","8":"tablet-align-left","9":"mobile-align-left","11":"first","12":"outofstock","13":"shipping-taxable","14":"purchasable","15":"product-type-simple"},"acf":[],"yoast_head":"<!-- This site is optimized with the Yoast SEO plugin v27.4 - https:\/\/yoast.com\/product\/yoast-seo-wordpress\/ -->\n<title>Riteriai. Iliustruotas \u017einynas<\/title>\n<meta name=\"description\" content=\"Trimit\u0173 skardenimas, \u017eirg\u0173 prunk\u0161timas, kanop\u0173 bilsmas ir kalavij\u0173 \u017evang\u0117jimas nutraukia ramaus kaimelio tyl\u0105. I\u0161 art\u0117jan\u010dio dulki\u0173 debesies i\u0161nyra\" \/>\n<meta name=\"robots\" content=\"index, follow, max-snippet:-1, max-image-preview:large, max-video-preview:-1\" \/>\n<link rel=\"canonical\" href=\"https:\/\/skaitytaknyga.lt\/en\/produktas\/riteriai-iliustruotas-zinynas\/\" \/>\n<meta property=\"og:locale\" content=\"en_GB\" \/>\n<meta property=\"og:locale:alternate\" content=\"lt_LT\" \/>\n<meta property=\"og:type\" content=\"article\" \/>\n<meta property=\"og:title\" content=\"Riteriai. Iliustruotas \u017einynas\" \/>\n<meta property=\"og:description\" content=\"Trimit\u0173 skardenimas, \u017eirg\u0173 prunk\u0161timas, kanop\u0173 bilsmas ir kalavij\u0173 \u017evang\u0117jimas nutraukia ramaus kaimelio tyl\u0105. I\u0161 art\u0117jan\u010dio dulki\u0173 debesies i\u0161nyra\" \/>\n<meta property=\"og:url\" content=\"https:\/\/skaitytaknyga.lt\/en\/produktas\/riteriai-iliustruotas-zinynas\/\" \/>\n<meta property=\"og:site_name\" content=\"Skaitytaknyga\" \/>\n<meta property=\"article:publisher\" content=\"https:\/\/www.facebook.com\/skaitytaknyga\/\" \/>\n<meta property=\"article:modified_time\" content=\"2025-07-02T11:44:55+00:00\" \/>\n<meta property=\"og:image\" content=\"https:\/\/skaitytaknyga.lt\/wp-content\/uploads\/2025\/06\/Riteriai.-Iliustruotas-zinynas.jpg\" \/>\n\t<meta property=\"og:image:width\" content=\"330\" \/>\n\t<meta property=\"og:image:height\" content=\"450\" \/>\n\t<meta property=\"og:image:type\" content=\"image\/jpeg\" \/>\n<meta name=\"twitter:card\" content=\"summary_large_image\" \/>\n<meta name=\"twitter:label1\" content=\"Estimated reading time\" \/>\n\t<meta name=\"twitter:data1\" content=\"1 minute\" \/>\n<script type=\"application\/ld+json\" class=\"yoast-schema-graph\">{\"@context\":\"https:\\\/\\\/schema.org\",\"@graph\":[{\"@type\":\"WebPage\",\"@id\":\"https:\\\/\\\/skaitytaknyga.lt\\\/produktas\\\/riteriai-iliustruotas-zinynas\\\/\",\"url\":\"https:\\\/\\\/skaitytaknyga.lt\\\/produktas\\\/riteriai-iliustruotas-zinynas\\\/\",\"name\":\"Riteriai. Iliustruotas \u017einynas\",\"isPartOf\":{\"@id\":\"https:\\\/\\\/skaitytaknyga.lt\\\/#website\"},\"primaryImageOfPage\":{\"@id\":\"https:\\\/\\\/skaitytaknyga.lt\\\/produktas\\\/riteriai-iliustruotas-zinynas\\\/#primaryimage\"},\"image\":{\"@id\":\"https:\\\/\\\/skaitytaknyga.lt\\\/produktas\\\/riteriai-iliustruotas-zinynas\\\/#primaryimage\"},\"thumbnailUrl\":\"https:\\\/\\\/skaitytaknyga.lt\\\/wp-content\\\/uploads\\\/2025\\\/06\\\/Riteriai.-Iliustruotas-zinynas.jpg\",\"datePublished\":\"2025-06-28T14:08:30+00:00\",\"dateModified\":\"2025-07-02T11:44:55+00:00\",\"description\":\"Trimit\u0173 skardenimas, \u017eirg\u0173 prunk\u0161timas, kanop\u0173 bilsmas ir kalavij\u0173 \u017evang\u0117jimas nutraukia ramaus kaimelio tyl\u0105. I\u0161 art\u0117jan\u010dio dulki\u0173 debesies i\u0161nyra\",\"breadcrumb\":{\"@id\":\"https:\\\/\\\/skaitytaknyga.lt\\\/produktas\\\/riteriai-iliustruotas-zinynas\\\/#breadcrumb\"},\"inLanguage\":\"en-GB\",\"potentialAction\":[{\"@type\":\"ReadAction\",\"target\":[\"https:\\\/\\\/skaitytaknyga.lt\\\/produktas\\\/riteriai-iliustruotas-zinynas\\\/\"]}]},{\"@type\":\"ImageObject\",\"inLanguage\":\"en-GB\",\"@id\":\"https:\\\/\\\/skaitytaknyga.lt\\\/produktas\\\/riteriai-iliustruotas-zinynas\\\/#primaryimage\",\"url\":\"https:\\\/\\\/skaitytaknyga.lt\\\/wp-content\\\/uploads\\\/2025\\\/06\\\/Riteriai.-Iliustruotas-zinynas.jpg\",\"contentUrl\":\"https:\\\/\\\/skaitytaknyga.lt\\\/wp-content\\\/uploads\\\/2025\\\/06\\\/Riteriai.-Iliustruotas-zinynas.jpg\",\"width\":330,\"height\":450,\"caption\":\"Riteriai. Iliustruotas \u017einynas\"},{\"@type\":\"BreadcrumbList\",\"@id\":\"https:\\\/\\\/skaitytaknyga.lt\\\/produktas\\\/riteriai-iliustruotas-zinynas\\\/#breadcrumb\",\"itemListElement\":[{\"@type\":\"ListItem\",\"position\":1,\"name\":\"Home\",\"item\":\"https:\\\/\\\/skaitytaknyga.lt\\\/\"},{\"@type\":\"ListItem\",\"position\":2,\"name\":\"Parduotuv\u0117\",\"item\":\"https:\\\/\\\/skaitytaknyga.lt\\\/knygu-parduotuve\\\/\"},{\"@type\":\"ListItem\",\"position\":3,\"name\":\"Riteriai. Iliustruotas \u017einynas\"}]},{\"@type\":\"WebSite\",\"@id\":\"https:\\\/\\\/skaitytaknyga.lt\\\/#website\",\"url\":\"https:\\\/\\\/skaitytaknyga.lt\\\/\",\"name\":\"skaitytaknyga.lt\",\"description\":\"Skaitytaknyga.lt \u2013 tai ma\u017eas \u0161eimos verslas, kuris prasid\u0117jo nuo meil\u0117s knygoms ir siekio i\u0161gelb\u0117ti knygas nuo likimo prie konteinerio. Kas vienam nereikalingas daiktas \u2013 kitam lobis, o mes esame tarpininkai, kurie padeda abiems tapti laimingesniems ???? \u017dinome kaip nelengva i\u0161gyventi ma\u017eiems verslams, tad nuo \u0161iol, \u010dia rasite ir kit\u0173, ma\u017e\u0173 \u0161eim\u0173 versl\u0173, rank\u0173 darbo, dovan\u0173 sau ir artimiesiems.\",\"publisher\":{\"@id\":\"https:\\\/\\\/skaitytaknyga.lt\\\/#organization\"},\"potentialAction\":[{\"@type\":\"SearchAction\",\"target\":{\"@type\":\"EntryPoint\",\"urlTemplate\":\"https:\\\/\\\/skaitytaknyga.lt\\\/?s={search_term_string}\"},\"query-input\":{\"@type\":\"PropertyValueSpecification\",\"valueRequired\":true,\"valueName\":\"search_term_string\"}}],\"inLanguage\":\"en-GB\"},{\"@type\":\"Organization\",\"@id\":\"https:\\\/\\\/skaitytaknyga.lt\\\/#organization\",\"name\":\"skaitytaknyga.lt\",\"url\":\"https:\\\/\\\/skaitytaknyga.lt\\\/\",\"logo\":{\"@type\":\"ImageObject\",\"inLanguage\":\"en-GB\",\"@id\":\"https:\\\/\\\/skaitytaknyga.lt\\\/#\\\/schema\\\/logo\\\/image\\\/\",\"url\":\"https:\\\/\\\/skaitytaknyga.lt\\\/wp-content\\\/uploads\\\/2024\\\/05\\\/cropped-cropped-cropped-02_00843_jt3bggkj1j3HLc7SyY6rEUpg.jpeg\",\"contentUrl\":\"https:\\\/\\\/skaitytaknyga.lt\\\/wp-content\\\/uploads\\\/2024\\\/05\\\/cropped-cropped-cropped-02_00843_jt3bggkj1j3HLc7SyY6rEUpg.jpeg\",\"width\":1600,\"height\":1600,\"caption\":\"skaitytaknyga.lt\"},\"image\":{\"@id\":\"https:\\\/\\\/skaitytaknyga.lt\\\/#\\\/schema\\\/logo\\\/image\\\/\"},\"sameAs\":[\"https:\\\/\\\/www.facebook.com\\\/skaitytaknyga\\\/\"]}]}<\/script>\n<!-- \/ Yoast SEO plugin. -->","yoast_head_json":{"title":"Riteriai. Iliustruotas \u017einynas","description":"Trimit\u0173 skardenimas, \u017eirg\u0173 prunk\u0161timas, kanop\u0173 bilsmas ir kalavij\u0173 \u017evang\u0117jimas nutraukia ramaus kaimelio tyl\u0105. I\u0161 art\u0117jan\u010dio dulki\u0173 debesies i\u0161nyra","robots":{"index":"index","follow":"follow","max-snippet":"max-snippet:-1","max-image-preview":"max-image-preview:large","max-video-preview":"max-video-preview:-1"},"canonical":"https:\/\/skaitytaknyga.lt\/en\/produktas\/riteriai-iliustruotas-zinynas\/","og_locale":"en_GB","og_type":"article","og_title":"[:lt]Riteriai. Iliustruotas \u017einynas[:] - Skaitytaknyga","og_description":"Trimit\u0173 skardenimas, \u017eirg\u0173 prunk\u0161timas, kanop\u0173 bilsmas ir kalavij\u0173 \u017evang\u0117jimas nutraukia ramaus kaimelio tyl\u0105. I\u0161 art\u0117jan\u010dio dulki\u0173 debesies i\u0161nyra","og_url":"https:\/\/skaitytaknyga.lt\/en\/produktas\/riteriai-iliustruotas-zinynas\/","og_site_name":"Skaitytaknyga","article_publisher":"https:\/\/www.facebook.com\/skaitytaknyga\/","article_modified_time":"2025-07-02T11:44:55+00:00","og_image":[{"width":330,"height":450,"url":"https:\/\/skaitytaknyga.lt\/wp-content\/uploads\/2025\/06\/Riteriai.-Iliustruotas-zinynas.jpg","type":"image\/jpeg"}],"twitter_card":"summary_large_image","twitter_misc":{"Estimated reading time":"1 minute"},"schema":{"@context":"https:\/\/schema.org","@graph":[{"@type":"WebPage","@id":"https:\/\/skaitytaknyga.lt\/produktas\/riteriai-iliustruotas-zinynas\/","url":"https:\/\/skaitytaknyga.lt\/produktas\/riteriai-iliustruotas-zinynas\/","name":"Riteriai. Iliustruotas \u017einynas","isPartOf":{"@id":"https:\/\/skaitytaknyga.lt\/#website"},"primaryImageOfPage":{"@id":"https:\/\/skaitytaknyga.lt\/produktas\/riteriai-iliustruotas-zinynas\/#primaryimage"},"image":{"@id":"https:\/\/skaitytaknyga.lt\/produktas\/riteriai-iliustruotas-zinynas\/#primaryimage"},"thumbnailUrl":"https:\/\/skaitytaknyga.lt\/wp-content\/uploads\/2025\/06\/Riteriai.-Iliustruotas-zinynas.jpg","datePublished":"2025-06-28T14:08:30+00:00","dateModified":"2025-07-02T11:44:55+00:00","description":"Trimit\u0173 skardenimas, \u017eirg\u0173 prunk\u0161timas, kanop\u0173 bilsmas ir kalavij\u0173 \u017evang\u0117jimas nutraukia ramaus kaimelio tyl\u0105. I\u0161 art\u0117jan\u010dio dulki\u0173 debesies i\u0161nyra","breadcrumb":{"@id":"https:\/\/skaitytaknyga.lt\/produktas\/riteriai-iliustruotas-zinynas\/#breadcrumb"},"inLanguage":"en-GB","potentialAction":[{"@type":"ReadAction","target":["https:\/\/skaitytaknyga.lt\/produktas\/riteriai-iliustruotas-zinynas\/"]}]},{"@type":"ImageObject","inLanguage":"en-GB","@id":"https:\/\/skaitytaknyga.lt\/produktas\/riteriai-iliustruotas-zinynas\/#primaryimage","url":"https:\/\/skaitytaknyga.lt\/wp-content\/uploads\/2025\/06\/Riteriai.-Iliustruotas-zinynas.jpg","contentUrl":"https:\/\/skaitytaknyga.lt\/wp-content\/uploads\/2025\/06\/Riteriai.-Iliustruotas-zinynas.jpg","width":330,"height":450,"caption":"Riteriai. Iliustruotas \u017einynas"},{"@type":"BreadcrumbList","@id":"https:\/\/skaitytaknyga.lt\/produktas\/riteriai-iliustruotas-zinynas\/#breadcrumb","itemListElement":[{"@type":"ListItem","position":1,"name":"Home","item":"https:\/\/skaitytaknyga.lt\/"},{"@type":"ListItem","position":2,"name":"Parduotuv\u0117","item":"https:\/\/skaitytaknyga.lt\/knygu-parduotuve\/"},{"@type":"ListItem","position":3,"name":"Riteriai. Iliustruotas \u017einynas"}]},{"@type":"WebSite","@id":"https:\/\/skaitytaknyga.lt\/#website","url":"https:\/\/skaitytaknyga.lt\/","name":"skaitytaknyga.lt","description":"Skaitytaknyga.lt \u2013 tai ma\u017eas \u0161eimos verslas, kuris prasid\u0117jo nuo meil\u0117s knygoms ir siekio i\u0161gelb\u0117ti knygas nuo likimo prie konteinerio. Kas vienam nereikalingas daiktas \u2013 kitam lobis, o mes esame tarpininkai, kurie padeda abiems tapti laimingesniems ???? \u017dinome kaip nelengva i\u0161gyventi ma\u017eiems verslams, tad nuo \u0161iol, \u010dia rasite ir kit\u0173, ma\u017e\u0173 \u0161eim\u0173 versl\u0173, rank\u0173 darbo, dovan\u0173 sau ir artimiesiems.","publisher":{"@id":"https:\/\/skaitytaknyga.lt\/#organization"},"potentialAction":[{"@type":"SearchAction","target":{"@type":"EntryPoint","urlTemplate":"https:\/\/skaitytaknyga.lt\/?s={search_term_string}"},"query-input":{"@type":"PropertyValueSpecification","valueRequired":true,"valueName":"search_term_string"}}],"inLanguage":"en-GB"},{"@type":"Organization","@id":"https:\/\/skaitytaknyga.lt\/#organization","name":"skaitytaknyga.lt","url":"https:\/\/skaitytaknyga.lt\/","logo":{"@type":"ImageObject","inLanguage":"en-GB","@id":"https:\/\/skaitytaknyga.lt\/#\/schema\/logo\/image\/","url":"https:\/\/skaitytaknyga.lt\/wp-content\/uploads\/2024\/05\/cropped-cropped-cropped-02_00843_jt3bggkj1j3HLc7SyY6rEUpg.jpeg","contentUrl":"https:\/\/skaitytaknyga.lt\/wp-content\/uploads\/2024\/05\/cropped-cropped-cropped-02_00843_jt3bggkj1j3HLc7SyY6rEUpg.jpeg","width":1600,"height":1600,"caption":"skaitytaknyga.lt"},"image":{"@id":"https:\/\/skaitytaknyga.lt\/#\/schema\/logo\/image\/"},"sameAs":["https:\/\/www.facebook.com\/skaitytaknyga\/"]}]}},"_links":{"self":[{"href":"https:\/\/skaitytaknyga.lt\/en\/wp-json\/wp\/v2\/product\/19105","targetHints":{"allow":["GET"]}}],"collection":[{"href":"https:\/\/skaitytaknyga.lt\/en\/wp-json\/wp\/v2\/product"}],"about":[{"href":"https:\/\/skaitytaknyga.lt\/en\/wp-json\/wp\/v2\/types\/product"}],"replies":[{"embeddable":true,"href":"https:\/\/skaitytaknyga.lt\/en\/wp-json\/wp\/v2\/comments?post=19105"}],"wp:featuredmedia":[{"embeddable":true,"href":"https:\/\/skaitytaknyga.lt\/en\/wp-json\/wp\/v2\/media\/19110"}],"wp:attachment":[{"href":"https:\/\/skaitytaknyga.lt\/en\/wp-json\/wp\/v2\/media?parent=19105"}],"wp:term":[{"taxonomy":"product_brand","embeddable":true,"href":"https:\/\/skaitytaknyga.lt\/en\/wp-json\/wp\/v2\/product_brand?post=19105"},{"taxonomy":"product_cat","embeddable":true,"href":"https:\/\/skaitytaknyga.lt\/en\/wp-json\/wp\/v2\/product_cat?post=19105"},{"taxonomy":"product_tag","embeddable":true,"href":"https:\/\/skaitytaknyga.lt\/en\/wp-json\/wp\/v2\/product_tag?post=19105"}],"curies":[{"name":"wp","href":"https:\/\/api.w.org\/{rel}","templated":true}]}}