{"id":19098,"date":"2025-06-28T16:49:32","date_gmt":"2025-06-28T13:49:32","guid":{"rendered":"https:\/\/skaitytaknyga.lt\/?post_type=product&#038;p=19098"},"modified":"2025-08-01T08:24:17","modified_gmt":"2025-08-01T05:24:17","slug":"verslas-minties-greiciu","status":"publish","type":"product","link":"https:\/\/skaitytaknyga.lt\/en\/produktas\/verslas-minties-greiciu\/","title":{"rendered":"Verslas minties grei\u010diu"},"content":{"rendered":"<p>Billas Gatesas \u2013 \u017emogus, kurio vizija pakeit\u0117 m\u016bs\u0173 pasaul\u012f. Savo knygoje \u201eVerslas minties grei\u010diu\u201c jis imasi vedlio vaidmens, kad parodyt\u0173 keli\u0105 \u012f skaitmenin\u0119 s\u0117km\u0119 \u2013 apra\u0161o 12 esmini\u0173 \u017eingsni\u0173, kaip i\u0161naudoti informacines technologijas ir pirmauti naujajame t\u016bkstantmetyje.<\/p>\n<p>\u201eInformacin\u0117s technologijos lemia dinami\u0161kus poky\u010dius visuomen\u0117s gyvenime, nauj\u0173 preki\u0173, paslaug\u0173, verslo modeli\u0173 atsiradim\u0105. Jos atveria naujas verslo galimybes, skatina siekti ir tobul\u0117ti. Technologijoms tampant i\u0161tekliu, kur\u012f paprasta \u012fsigyti, kritin\u0119 reik\u0161m\u0119 \u012fgauna k\u016brybi\u0161kas j\u0173 panaudojimas, kuriantis prid\u0117tin\u0119 vert\u0119 ir konkurencin\u012f prana\u0161um\u0105. Efektyvus technologij\u0173 panaudojimas padeda rasti keli\u0105 \u012f s\u0117km\u0119, kuriuo, tikiu, \u0161i knyga pad\u0117s ver\u017eliai \u017eengti.\u201c<\/p>\n","protected":false},"excerpt":{"rendered":"<p>Billas Gatesas \u2013 \u017emogus, kurio vizija pakeit\u0117 m\u016bs\u0173 pasaul\u012f. Savo knygoje \u201eVerslas minties grei\u010diu\u201c jis imasi vedlio vaidmens, kad parodyt\u0173 keli\u0105 \u012f skaitmenin\u0119 s\u0117km\u0119 \u2013 apra\u0161o 12 esmini\u0173 \u017eingsni\u0173, kaip i\u0161naudoti informacines technologijas ir pirmauti naujajame t\u016bkstantmetyje. \u201eInformacin\u0117s technologijos lemia dinami\u0161kus poky\u010dius visuomen\u0117s gyvenime, nauj\u0173 preki\u0173, paslaug\u0173, verslo modeli\u0173 atsiradim\u0105. Jos atveria naujas verslo galimybes, skatina siekti ir tobul\u0117ti. Technologijoms tampant i\u0161tekliu, kur\u012f paprasta \u012fsigyti, kritin\u0119 reik\u0161m\u0119 \u012fgauna k\u016brybi\u0161kas j\u0173 panaudojimas, kuriantis prid\u0117tin\u0119 vert\u0119 ir konkurencin\u012f prana\u0161um\u0105. Efektyvus technologij\u0173 panaudojimas padeda rasti keli\u0105 \u012f s\u0117km\u0119, kuriuo, tikiu, \u0161i knyga pad\u0117s ver\u017eliai \u017eengti.\u201c<\/p>\n","protected":false},"featured_media":19104,"comment_status":"open","ping_status":"closed","template":"","meta":{"_acf_changed":false,"site-sidebar-layout":"default","site-content-layout":"","ast-site-content-layout":"default","site-content-style":"default","site-sidebar-style":"default","ast-global-header-display":"","ast-banner-title-visibility":"","ast-main-header-display":"","ast-hfb-above-header-display":"","ast-hfb-below-header-display":"","ast-hfb-mobile-header-display":"","site-post-title":"","ast-breadcrumbs-content":"","ast-featured-img":"","footer-sml-layout":"","ast-disable-related-posts":"","theme-transparent-header-meta":"","adv-header-id-meta":"","stick-header-meta":"","header-above-stick-meta":"","header-main-stick-meta":"","header-below-stick-meta":"","astra-migrate-meta-layouts":"default","ast-page-background-enabled":"default","ast-page-background-meta":{"desktop":{"background-color":"","background-image":"","background-repeat":"repeat","background-position":"center center","background-size":"auto","background-attachment":"scroll","background-type":"","background-media":"","overlay-type":"","overlay-color":"","overlay-opacity":"","overlay-gradient":""},"tablet":{"background-color":"","background-image":"","background-repeat":"repeat","background-position":"center center","background-size":"auto","background-attachment":"scroll","background-type":"","background-media":"","overlay-type":"","overlay-color":"","overlay-opacity":"","overlay-gradient":""},"mobile":{"background-color":"","background-image":"","background-repeat":"repeat","background-position":"center center","background-size":"auto","background-attachment":"scroll","background-type":"","background-media":"","overlay-type":"","overlay-color":"","overlay-opacity":"","overlay-gradient":""}},"ast-content-background-meta":{"desktop":{"background-color":"var(--ast-global-color-4)","background-image":"","background-repeat":"repeat","background-position":"center center","background-size":"auto","background-attachment":"scroll","background-type":"","background-media":"","overlay-type":"","overlay-color":"","overlay-opacity":"","overlay-gradient":""},"tablet":{"background-color":"var(--ast-global-color-4)","background-image":"","background-repeat":"repeat","background-position":"center center","background-size":"auto","background-attachment":"scroll","background-type":"","background-media":"","overlay-type":"","overlay-color":"","overlay-opacity":"","overlay-gradient":""},"mobile":{"background-color":"var(--ast-global-color-4)","background-image":"","background-repeat":"repeat","background-position":"center center","background-size":"auto","background-attachment":"scroll","background-type":"","background-media":"","overlay-type":"","overlay-color":"","overlay-opacity":"","overlay-gradient":""}}},"product_brand":[],"product_cat":[26],"product_tag":[],"class_list":{"0":"post-19098","1":"product","2":"type-product","3":"status-publish","4":"has-post-thumbnail","6":"product_cat-verslas-vadyba-ir-finansai","7":"desktop-align-left","8":"tablet-align-left","9":"mobile-align-left","11":"first","12":"outofstock","13":"shipping-taxable","14":"purchasable","15":"product-type-simple"},"acf":[],"yoast_head":"<!-- This site is optimized with the Yoast SEO plugin v27.4 - https:\/\/yoast.com\/product\/yoast-seo-wordpress\/ -->\n<title>Verslas minties grei\u010diu<\/title>\n<meta name=\"description\" content=\"Billas Gatesas \u2013 \u017emogus, kurio vizija pakeit\u0117 m\u016bs\u0173 pasaul\u012f. Savo knygoje \u201eVerslas minties grei\u010diu\u201c jis imasi vedlio vaidmens, kad parodyt\u0173 keli\u0105 \u012f\" \/>\n<meta name=\"robots\" content=\"index, follow, max-snippet:-1, max-image-preview:large, max-video-preview:-1\" \/>\n<link rel=\"canonical\" href=\"https:\/\/skaitytaknyga.lt\/en\/produktas\/verslas-minties-greiciu\/\" \/>\n<meta property=\"og:locale\" content=\"en_GB\" \/>\n<meta property=\"og:locale:alternate\" content=\"lt_LT\" \/>\n<meta property=\"og:type\" content=\"article\" \/>\n<meta property=\"og:title\" content=\"Verslas minties grei\u010diu\" \/>\n<meta property=\"og:description\" content=\"Billas Gatesas \u2013 \u017emogus, kurio vizija pakeit\u0117 m\u016bs\u0173 pasaul\u012f. Savo knygoje \u201eVerslas minties grei\u010diu\u201c jis imasi vedlio vaidmens, kad parodyt\u0173 keli\u0105 \u012f\" \/>\n<meta property=\"og:url\" content=\"https:\/\/skaitytaknyga.lt\/en\/produktas\/verslas-minties-greiciu\/\" \/>\n<meta property=\"og:site_name\" content=\"Skaitytaknyga\" \/>\n<meta property=\"article:publisher\" content=\"https:\/\/www.facebook.com\/skaitytaknyga\/\" \/>\n<meta property=\"article:modified_time\" content=\"2025-08-01T05:24:17+00:00\" \/>\n<meta property=\"og:image\" content=\"https:\/\/skaitytaknyga.lt\/wp-content\/uploads\/2025\/06\/Verslas-minties-greiciu.webp\" \/>\n\t<meta property=\"og:image:width\" content=\"438\" \/>\n\t<meta property=\"og:image:height\" content=\"653\" \/>\n\t<meta property=\"og:image:type\" content=\"image\/webp\" \/>\n<meta name=\"twitter:card\" content=\"summary_large_image\" \/>\n<meta name=\"twitter:label1\" content=\"Estimated reading time\" \/>\n\t<meta name=\"twitter:data1\" content=\"1 minute\" \/>\n<script type=\"application\/ld+json\" class=\"yoast-schema-graph\">{\"@context\":\"https:\\\/\\\/schema.org\",\"@graph\":[{\"@type\":\"WebPage\",\"@id\":\"https:\\\/\\\/skaitytaknyga.lt\\\/produktas\\\/verslas-minties-greiciu\\\/\",\"url\":\"https:\\\/\\\/skaitytaknyga.lt\\\/produktas\\\/verslas-minties-greiciu\\\/\",\"name\":\"Verslas minties grei\u010diu\",\"isPartOf\":{\"@id\":\"https:\\\/\\\/skaitytaknyga.lt\\\/#website\"},\"primaryImageOfPage\":{\"@id\":\"https:\\\/\\\/skaitytaknyga.lt\\\/produktas\\\/verslas-minties-greiciu\\\/#primaryimage\"},\"image\":{\"@id\":\"https:\\\/\\\/skaitytaknyga.lt\\\/produktas\\\/verslas-minties-greiciu\\\/#primaryimage\"},\"thumbnailUrl\":\"https:\\\/\\\/skaitytaknyga.lt\\\/wp-content\\\/uploads\\\/2025\\\/06\\\/Verslas-minties-greiciu.webp\",\"datePublished\":\"2025-06-28T13:49:32+00:00\",\"dateModified\":\"2025-08-01T05:24:17+00:00\",\"description\":\"Billas Gatesas \u2013 \u017emogus, kurio vizija pakeit\u0117 m\u016bs\u0173 pasaul\u012f. Savo knygoje \u201eVerslas minties grei\u010diu\u201c jis imasi vedlio vaidmens, kad parodyt\u0173 keli\u0105 \u012f\",\"breadcrumb\":{\"@id\":\"https:\\\/\\\/skaitytaknyga.lt\\\/produktas\\\/verslas-minties-greiciu\\\/#breadcrumb\"},\"inLanguage\":\"en-GB\",\"potentialAction\":[{\"@type\":\"ReadAction\",\"target\":[\"https:\\\/\\\/skaitytaknyga.lt\\\/produktas\\\/verslas-minties-greiciu\\\/\"]}]},{\"@type\":\"ImageObject\",\"inLanguage\":\"en-GB\",\"@id\":\"https:\\\/\\\/skaitytaknyga.lt\\\/produktas\\\/verslas-minties-greiciu\\\/#primaryimage\",\"url\":\"https:\\\/\\\/skaitytaknyga.lt\\\/wp-content\\\/uploads\\\/2025\\\/06\\\/Verslas-minties-greiciu.webp\",\"contentUrl\":\"https:\\\/\\\/skaitytaknyga.lt\\\/wp-content\\\/uploads\\\/2025\\\/06\\\/Verslas-minties-greiciu.webp\",\"width\":438,\"height\":653,\"caption\":\"Verslas minties grei\u010diu\"},{\"@type\":\"BreadcrumbList\",\"@id\":\"https:\\\/\\\/skaitytaknyga.lt\\\/produktas\\\/verslas-minties-greiciu\\\/#breadcrumb\",\"itemListElement\":[{\"@type\":\"ListItem\",\"position\":1,\"name\":\"Home\",\"item\":\"https:\\\/\\\/skaitytaknyga.lt\\\/\"},{\"@type\":\"ListItem\",\"position\":2,\"name\":\"Parduotuv\u0117\",\"item\":\"https:\\\/\\\/skaitytaknyga.lt\\\/knygu-parduotuve\\\/\"},{\"@type\":\"ListItem\",\"position\":3,\"name\":\"Verslas minties grei\u010diu\"}]},{\"@type\":\"WebSite\",\"@id\":\"https:\\\/\\\/skaitytaknyga.lt\\\/#website\",\"url\":\"https:\\\/\\\/skaitytaknyga.lt\\\/\",\"name\":\"skaitytaknyga.lt\",\"description\":\"Skaitytaknyga.lt \u2013 tai ma\u017eas \u0161eimos verslas, kuris prasid\u0117jo nuo meil\u0117s knygoms ir siekio i\u0161gelb\u0117ti knygas nuo likimo prie konteinerio. Kas vienam nereikalingas daiktas \u2013 kitam lobis, o mes esame tarpininkai, kurie padeda abiems tapti laimingesniems ???? \u017dinome kaip nelengva i\u0161gyventi ma\u017eiems verslams, tad nuo \u0161iol, \u010dia rasite ir kit\u0173, ma\u017e\u0173 \u0161eim\u0173 versl\u0173, rank\u0173 darbo, dovan\u0173 sau ir artimiesiems.\",\"publisher\":{\"@id\":\"https:\\\/\\\/skaitytaknyga.lt\\\/#organization\"},\"potentialAction\":[{\"@type\":\"SearchAction\",\"target\":{\"@type\":\"EntryPoint\",\"urlTemplate\":\"https:\\\/\\\/skaitytaknyga.lt\\\/?s={search_term_string}\"},\"query-input\":{\"@type\":\"PropertyValueSpecification\",\"valueRequired\":true,\"valueName\":\"search_term_string\"}}],\"inLanguage\":\"en-GB\"},{\"@type\":\"Organization\",\"@id\":\"https:\\\/\\\/skaitytaknyga.lt\\\/#organization\",\"name\":\"skaitytaknyga.lt\",\"url\":\"https:\\\/\\\/skaitytaknyga.lt\\\/\",\"logo\":{\"@type\":\"ImageObject\",\"inLanguage\":\"en-GB\",\"@id\":\"https:\\\/\\\/skaitytaknyga.lt\\\/#\\\/schema\\\/logo\\\/image\\\/\",\"url\":\"https:\\\/\\\/skaitytaknyga.lt\\\/wp-content\\\/uploads\\\/2024\\\/05\\\/cropped-cropped-cropped-02_00843_jt3bggkj1j3HLc7SyY6rEUpg.jpeg\",\"contentUrl\":\"https:\\\/\\\/skaitytaknyga.lt\\\/wp-content\\\/uploads\\\/2024\\\/05\\\/cropped-cropped-cropped-02_00843_jt3bggkj1j3HLc7SyY6rEUpg.jpeg\",\"width\":1600,\"height\":1600,\"caption\":\"skaitytaknyga.lt\"},\"image\":{\"@id\":\"https:\\\/\\\/skaitytaknyga.lt\\\/#\\\/schema\\\/logo\\\/image\\\/\"},\"sameAs\":[\"https:\\\/\\\/www.facebook.com\\\/skaitytaknyga\\\/\"]}]}<\/script>\n<!-- \/ Yoast SEO plugin. -->","yoast_head_json":{"title":"Verslas minties grei\u010diu","description":"Billas Gatesas \u2013 \u017emogus, kurio vizija pakeit\u0117 m\u016bs\u0173 pasaul\u012f. Savo knygoje \u201eVerslas minties grei\u010diu\u201c jis imasi vedlio vaidmens, kad parodyt\u0173 keli\u0105 \u012f","robots":{"index":"index","follow":"follow","max-snippet":"max-snippet:-1","max-image-preview":"max-image-preview:large","max-video-preview":"max-video-preview:-1"},"canonical":"https:\/\/skaitytaknyga.lt\/en\/produktas\/verslas-minties-greiciu\/","og_locale":"en_GB","og_type":"article","og_title":"[:lt]Verslas minties grei\u010diu[:] - Skaitytaknyga","og_description":"Billas Gatesas \u2013 \u017emogus, kurio vizija pakeit\u0117 m\u016bs\u0173 pasaul\u012f. Savo knygoje \u201eVerslas minties grei\u010diu\u201c jis imasi vedlio vaidmens, kad parodyt\u0173 keli\u0105 \u012f","og_url":"https:\/\/skaitytaknyga.lt\/en\/produktas\/verslas-minties-greiciu\/","og_site_name":"Skaitytaknyga","article_publisher":"https:\/\/www.facebook.com\/skaitytaknyga\/","article_modified_time":"2025-08-01T05:24:17+00:00","og_image":[{"width":438,"height":653,"url":"https:\/\/skaitytaknyga.lt\/wp-content\/uploads\/2025\/06\/Verslas-minties-greiciu.webp","type":"image\/webp"}],"twitter_card":"summary_large_image","twitter_misc":{"Estimated reading time":"1 minute"},"schema":{"@context":"https:\/\/schema.org","@graph":[{"@type":"WebPage","@id":"https:\/\/skaitytaknyga.lt\/produktas\/verslas-minties-greiciu\/","url":"https:\/\/skaitytaknyga.lt\/produktas\/verslas-minties-greiciu\/","name":"Verslas minties grei\u010diu","isPartOf":{"@id":"https:\/\/skaitytaknyga.lt\/#website"},"primaryImageOfPage":{"@id":"https:\/\/skaitytaknyga.lt\/produktas\/verslas-minties-greiciu\/#primaryimage"},"image":{"@id":"https:\/\/skaitytaknyga.lt\/produktas\/verslas-minties-greiciu\/#primaryimage"},"thumbnailUrl":"https:\/\/skaitytaknyga.lt\/wp-content\/uploads\/2025\/06\/Verslas-minties-greiciu.webp","datePublished":"2025-06-28T13:49:32+00:00","dateModified":"2025-08-01T05:24:17+00:00","description":"Billas Gatesas \u2013 \u017emogus, kurio vizija pakeit\u0117 m\u016bs\u0173 pasaul\u012f. Savo knygoje \u201eVerslas minties grei\u010diu\u201c jis imasi vedlio vaidmens, kad parodyt\u0173 keli\u0105 \u012f","breadcrumb":{"@id":"https:\/\/skaitytaknyga.lt\/produktas\/verslas-minties-greiciu\/#breadcrumb"},"inLanguage":"en-GB","potentialAction":[{"@type":"ReadAction","target":["https:\/\/skaitytaknyga.lt\/produktas\/verslas-minties-greiciu\/"]}]},{"@type":"ImageObject","inLanguage":"en-GB","@id":"https:\/\/skaitytaknyga.lt\/produktas\/verslas-minties-greiciu\/#primaryimage","url":"https:\/\/skaitytaknyga.lt\/wp-content\/uploads\/2025\/06\/Verslas-minties-greiciu.webp","contentUrl":"https:\/\/skaitytaknyga.lt\/wp-content\/uploads\/2025\/06\/Verslas-minties-greiciu.webp","width":438,"height":653,"caption":"Verslas minties grei\u010diu"},{"@type":"BreadcrumbList","@id":"https:\/\/skaitytaknyga.lt\/produktas\/verslas-minties-greiciu\/#breadcrumb","itemListElement":[{"@type":"ListItem","position":1,"name":"Home","item":"https:\/\/skaitytaknyga.lt\/"},{"@type":"ListItem","position":2,"name":"Parduotuv\u0117","item":"https:\/\/skaitytaknyga.lt\/knygu-parduotuve\/"},{"@type":"ListItem","position":3,"name":"Verslas minties grei\u010diu"}]},{"@type":"WebSite","@id":"https:\/\/skaitytaknyga.lt\/#website","url":"https:\/\/skaitytaknyga.lt\/","name":"skaitytaknyga.lt","description":"Skaitytaknyga.lt \u2013 tai ma\u017eas \u0161eimos verslas, kuris prasid\u0117jo nuo meil\u0117s knygoms ir siekio i\u0161gelb\u0117ti knygas nuo likimo prie konteinerio. Kas vienam nereikalingas daiktas \u2013 kitam lobis, o mes esame tarpininkai, kurie padeda abiems tapti laimingesniems ???? \u017dinome kaip nelengva i\u0161gyventi ma\u017eiems verslams, tad nuo \u0161iol, \u010dia rasite ir kit\u0173, ma\u017e\u0173 \u0161eim\u0173 versl\u0173, rank\u0173 darbo, dovan\u0173 sau ir artimiesiems.","publisher":{"@id":"https:\/\/skaitytaknyga.lt\/#organization"},"potentialAction":[{"@type":"SearchAction","target":{"@type":"EntryPoint","urlTemplate":"https:\/\/skaitytaknyga.lt\/?s={search_term_string}"},"query-input":{"@type":"PropertyValueSpecification","valueRequired":true,"valueName":"search_term_string"}}],"inLanguage":"en-GB"},{"@type":"Organization","@id":"https:\/\/skaitytaknyga.lt\/#organization","name":"skaitytaknyga.lt","url":"https:\/\/skaitytaknyga.lt\/","logo":{"@type":"ImageObject","inLanguage":"en-GB","@id":"https:\/\/skaitytaknyga.lt\/#\/schema\/logo\/image\/","url":"https:\/\/skaitytaknyga.lt\/wp-content\/uploads\/2024\/05\/cropped-cropped-cropped-02_00843_jt3bggkj1j3HLc7SyY6rEUpg.jpeg","contentUrl":"https:\/\/skaitytaknyga.lt\/wp-content\/uploads\/2024\/05\/cropped-cropped-cropped-02_00843_jt3bggkj1j3HLc7SyY6rEUpg.jpeg","width":1600,"height":1600,"caption":"skaitytaknyga.lt"},"image":{"@id":"https:\/\/skaitytaknyga.lt\/#\/schema\/logo\/image\/"},"sameAs":["https:\/\/www.facebook.com\/skaitytaknyga\/"]}]}},"_links":{"self":[{"href":"https:\/\/skaitytaknyga.lt\/en\/wp-json\/wp\/v2\/product\/19098","targetHints":{"allow":["GET"]}}],"collection":[{"href":"https:\/\/skaitytaknyga.lt\/en\/wp-json\/wp\/v2\/product"}],"about":[{"href":"https:\/\/skaitytaknyga.lt\/en\/wp-json\/wp\/v2\/types\/product"}],"replies":[{"embeddable":true,"href":"https:\/\/skaitytaknyga.lt\/en\/wp-json\/wp\/v2\/comments?post=19098"}],"wp:featuredmedia":[{"embeddable":true,"href":"https:\/\/skaitytaknyga.lt\/en\/wp-json\/wp\/v2\/media\/19104"}],"wp:attachment":[{"href":"https:\/\/skaitytaknyga.lt\/en\/wp-json\/wp\/v2\/media?parent=19098"}],"wp:term":[{"taxonomy":"product_brand","embeddable":true,"href":"https:\/\/skaitytaknyga.lt\/en\/wp-json\/wp\/v2\/product_brand?post=19098"},{"taxonomy":"product_cat","embeddable":true,"href":"https:\/\/skaitytaknyga.lt\/en\/wp-json\/wp\/v2\/product_cat?post=19098"},{"taxonomy":"product_tag","embeddable":true,"href":"https:\/\/skaitytaknyga.lt\/en\/wp-json\/wp\/v2\/product_tag?post=19098"}],"curies":[{"name":"wp","href":"https:\/\/api.w.org\/{rel}","templated":true}]}}