{"id":19097,"date":"2025-06-28T16:49:32","date_gmt":"2025-06-28T13:49:32","guid":{"rendered":"https:\/\/skaitytaknyga.lt\/?post_type=product&#038;p=19097"},"modified":"2025-07-02T14:44:07","modified_gmt":"2025-07-02T11:44:07","slug":"frida-fridos-kahlo-biografija","status":"publish","type":"product","link":"https:\/\/skaitytaknyga.lt\/en\/produktas\/frida-fridos-kahlo-biografija\/","title":{"rendered":"FRIDA: Fridos Kahlo biografija"},"content":{"rendered":"<p>Naujas Fridos Kahlo biografijos leidimas su iliustracijomis.<\/p>\n<p>Fridos Kahlo gyvenimas ir k\u016bryba buvo i\u0161\u0161\u016bkis jos laikme\u010diui. \u0160i moteris \u012fk\u016bnijo svarbias XX a. iliuzijas ir siekiamybes \u2013 Meksikos revoliucij\u0105 ir moters emancipacij\u0105, liudijo begalin\u0119 aistr\u0105 gyventi ir kurti. Tokia aistra \u012fveikia net fizin\u0119 negali\u0105.<\/p>\n<p>Fridos asmenyb\u0119 formavo sunki jaunyst\u0117je patirta trauma, vedybos su to meto \u017eymiausiu Meksikos tapytoju Diego Rivera, bohemi\u0161kas gyvenimo b\u016bdas, daugyb\u0117 meil\u0117s roman\u0173. Tarp j\u0173 \u2013 su Levu Trockiu ir Andr\u00e9 Bretono \u017emona Jacqueline. Po mirties pra\u0117jus daugiau nei penkiasde\u0161im\u010diai met\u0173, F. Kahlo i\u0161lieka viena ry\u0161kiausi\u0173 modernizmo ikon\u0173, o jos paveiksl\u0173 parodos toliau keliauja po did\u017ei\u0105sias pasaulio galerijas.<\/p>\n<p>Biograf\u0117s ir istorik\u0117s Hayden Herreros Fridos Kahlo biografijoje itin detaliai, remiantis pa\u010dios meninink\u0117s lai\u0161kais ir dienora\u0161\u010diais, draug\u0173 ir mylim\u0173j\u0173 jai ra\u0161ytais lai\u0161kais ir gausybe pasakojim\u0173, perteikta nepaprasta talentingos dailinink\u0117s gyvenimo istorija. \u0160i studija laikoma tiksliausia ir i\u0161samiausia meninink\u0117s biografija. Pagal \u0161i\u0105 knyg\u0105 2002 m. sukurtas filmas buvo apdovanotas dviem \u201eOskarais\u201c.<\/p>\n","protected":false},"excerpt":{"rendered":"<p>Naujas Fridos Kahlo biografijos leidimas su iliustracijomis. Fridos Kahlo gyvenimas ir k\u016bryba buvo i\u0161\u0161\u016bkis jos laikme\u010diui. \u0160i moteris \u012fk\u016bnijo svarbias XX a. iliuzijas ir siekiamybes \u2013 Meksikos revoliucij\u0105 ir moters emancipacij\u0105, liudijo begalin\u0119 aistr\u0105 gyventi ir kurti. Tokia aistra \u012fveikia net fizin\u0119 negali\u0105. Fridos asmenyb\u0119 formavo sunki jaunyst\u0117je patirta trauma, vedybos su to meto \u017eymiausiu Meksikos tapytoju Diego Rivera, bohemi\u0161kas gyvenimo b\u016bdas, daugyb\u0117 meil\u0117s roman\u0173. Tarp j\u0173 \u2013 su Levu Trockiu ir Andr\u00e9 Bretono \u017emona Jacqueline. Po mirties pra\u0117jus daugiau nei penkiasde\u0161im\u010diai met\u0173, F. Kahlo i\u0161lieka viena ry\u0161kiausi\u0173 modernizmo ikon\u0173, o jos paveiksl\u0173 parodos toliau keliauja po did\u017ei\u0105sias pasaulio galerijas. Biograf\u0117s ir istorik\u0117s Hayden Herreros Fridos Kahlo biografijoje itin detaliai, remiantis pa\u010dios meninink\u0117s lai\u0161kais ir dienora\u0161\u010diais, draug\u0173 ir mylim\u0173j\u0173 jai ra\u0161ytais lai\u0161kais ir gausybe pasakojim\u0173, perteikta nepaprasta talentingos dailinink\u0117s gyvenimo istorija. \u0160i studija laikoma tiksliausia ir i\u0161samiausia meninink\u0117s biografija. Pagal \u0161i\u0105 knyg\u0105 2002 m. sukurtas filmas buvo apdovanotas dviem \u201eOskarais\u201c.<\/p>\n","protected":false},"featured_media":19103,"comment_status":"open","ping_status":"closed","template":"","meta":{"_acf_changed":false,"site-sidebar-layout":"default","site-content-layout":"","ast-site-content-layout":"default","site-content-style":"default","site-sidebar-style":"default","ast-global-header-display":"","ast-banner-title-visibility":"","ast-main-header-display":"","ast-hfb-above-header-display":"","ast-hfb-below-header-display":"","ast-hfb-mobile-header-display":"","site-post-title":"","ast-breadcrumbs-content":"","ast-featured-img":"","footer-sml-layout":"","ast-disable-related-posts":"","theme-transparent-header-meta":"","adv-header-id-meta":"","stick-header-meta":"","header-above-stick-meta":"","header-main-stick-meta":"","header-below-stick-meta":"","astra-migrate-meta-layouts":"default","ast-page-background-enabled":"default","ast-page-background-meta":{"desktop":{"background-color":"","background-image":"","background-repeat":"repeat","background-position":"center center","background-size":"auto","background-attachment":"scroll","background-type":"","background-media":"","overlay-type":"","overlay-color":"","overlay-opacity":"","overlay-gradient":""},"tablet":{"background-color":"","background-image":"","background-repeat":"repeat","background-position":"center center","background-size":"auto","background-attachment":"scroll","background-type":"","background-media":"","overlay-type":"","overlay-color":"","overlay-opacity":"","overlay-gradient":""},"mobile":{"background-color":"","background-image":"","background-repeat":"repeat","background-position":"center center","background-size":"auto","background-attachment":"scroll","background-type":"","background-media":"","overlay-type":"","overlay-color":"","overlay-opacity":"","overlay-gradient":""}},"ast-content-background-meta":{"desktop":{"background-color":"var(--ast-global-color-4)","background-image":"","background-repeat":"repeat","background-position":"center center","background-size":"auto","background-attachment":"scroll","background-type":"","background-media":"","overlay-type":"","overlay-color":"","overlay-opacity":"","overlay-gradient":""},"tablet":{"background-color":"var(--ast-global-color-4)","background-image":"","background-repeat":"repeat","background-position":"center center","background-size":"auto","background-attachment":"scroll","background-type":"","background-media":"","overlay-type":"","overlay-color":"","overlay-opacity":"","overlay-gradient":""},"mobile":{"background-color":"var(--ast-global-color-4)","background-image":"","background-repeat":"repeat","background-position":"center center","background-size":"auto","background-attachment":"scroll","background-type":"","background-media":"","overlay-type":"","overlay-color":"","overlay-opacity":"","overlay-gradient":""}}},"product_brand":[],"product_cat":[15],"product_tag":[],"class_list":{"0":"post-19097","1":"product","2":"type-product","3":"status-publish","4":"has-post-thumbnail","6":"product_cat-uncategorized","7":"desktop-align-left","8":"tablet-align-left","9":"mobile-align-left","11":"first","12":"instock","13":"shipping-taxable","14":"purchasable","15":"product-type-simple"},"acf":[],"yoast_head":"<!-- This site is optimized with the Yoast SEO plugin v27.4 - https:\/\/yoast.com\/product\/yoast-seo-wordpress\/ -->\n<title>FRIDA: Fridos Kahlo biografija<\/title>\n<meta name=\"description\" content=\"Naujas Fridos Kahlo biografijos leidimas su iliustracijomis. Fridos Kahlo gyvenimas ir k\u016bryba buvo i\u0161\u0161\u016bkis jos laikme\u010diui. \u0160i moteris \u012fk\u016bnijo svarbias XX\" \/>\n<meta name=\"robots\" content=\"index, follow, max-snippet:-1, max-image-preview:large, max-video-preview:-1\" \/>\n<link rel=\"canonical\" href=\"https:\/\/skaitytaknyga.lt\/en\/produktas\/frida-fridos-kahlo-biografija\/\" \/>\n<meta property=\"og:locale\" content=\"en_GB\" \/>\n<meta property=\"og:locale:alternate\" content=\"lt_LT\" \/>\n<meta property=\"og:type\" content=\"article\" \/>\n<meta property=\"og:title\" content=\"FRIDA: Fridos Kahlo biografija\" \/>\n<meta property=\"og:description\" content=\"Naujas Fridos Kahlo biografijos leidimas su iliustracijomis. Fridos Kahlo gyvenimas ir k\u016bryba buvo i\u0161\u0161\u016bkis jos laikme\u010diui. \u0160i moteris \u012fk\u016bnijo svarbias XX\" \/>\n<meta property=\"og:url\" content=\"https:\/\/skaitytaknyga.lt\/en\/produktas\/frida-fridos-kahlo-biografija\/\" \/>\n<meta property=\"og:site_name\" content=\"Skaitytaknyga\" \/>\n<meta property=\"article:publisher\" content=\"https:\/\/www.facebook.com\/skaitytaknyga\/\" \/>\n<meta property=\"article:modified_time\" content=\"2025-07-02T11:44:07+00:00\" \/>\n<meta property=\"og:image\" content=\"https:\/\/skaitytaknyga.lt\/wp-content\/uploads\/2025\/06\/FRIDA-Fridos-Kahlo-biografija.webp\" \/>\n\t<meta property=\"og:image:width\" content=\"525\" \/>\n\t<meta property=\"og:image:height\" content=\"801\" \/>\n\t<meta property=\"og:image:type\" content=\"image\/webp\" \/>\n<meta name=\"twitter:card\" content=\"summary_large_image\" \/>\n<meta name=\"twitter:label1\" content=\"Estimated reading time\" \/>\n\t<meta name=\"twitter:data1\" content=\"1 minute\" \/>\n<script type=\"application\/ld+json\" class=\"yoast-schema-graph\">{\"@context\":\"https:\\\/\\\/schema.org\",\"@graph\":[{\"@type\":\"WebPage\",\"@id\":\"https:\\\/\\\/skaitytaknyga.lt\\\/produktas\\\/frida-fridos-kahlo-biografija\\\/\",\"url\":\"https:\\\/\\\/skaitytaknyga.lt\\\/produktas\\\/frida-fridos-kahlo-biografija\\\/\",\"name\":\"FRIDA: Fridos Kahlo biografija\",\"isPartOf\":{\"@id\":\"https:\\\/\\\/skaitytaknyga.lt\\\/#website\"},\"primaryImageOfPage\":{\"@id\":\"https:\\\/\\\/skaitytaknyga.lt\\\/produktas\\\/frida-fridos-kahlo-biografija\\\/#primaryimage\"},\"image\":{\"@id\":\"https:\\\/\\\/skaitytaknyga.lt\\\/produktas\\\/frida-fridos-kahlo-biografija\\\/#primaryimage\"},\"thumbnailUrl\":\"https:\\\/\\\/skaitytaknyga.lt\\\/wp-content\\\/uploads\\\/2025\\\/06\\\/FRIDA-Fridos-Kahlo-biografija.webp\",\"datePublished\":\"2025-06-28T13:49:32+00:00\",\"dateModified\":\"2025-07-02T11:44:07+00:00\",\"description\":\"Naujas Fridos Kahlo biografijos leidimas su iliustracijomis. Fridos Kahlo gyvenimas ir k\u016bryba buvo i\u0161\u0161\u016bkis jos laikme\u010diui. \u0160i moteris \u012fk\u016bnijo svarbias XX\",\"breadcrumb\":{\"@id\":\"https:\\\/\\\/skaitytaknyga.lt\\\/produktas\\\/frida-fridos-kahlo-biografija\\\/#breadcrumb\"},\"inLanguage\":\"en-GB\",\"potentialAction\":[{\"@type\":\"ReadAction\",\"target\":[\"https:\\\/\\\/skaitytaknyga.lt\\\/produktas\\\/frida-fridos-kahlo-biografija\\\/\"]}]},{\"@type\":\"ImageObject\",\"inLanguage\":\"en-GB\",\"@id\":\"https:\\\/\\\/skaitytaknyga.lt\\\/produktas\\\/frida-fridos-kahlo-biografija\\\/#primaryimage\",\"url\":\"https:\\\/\\\/skaitytaknyga.lt\\\/wp-content\\\/uploads\\\/2025\\\/06\\\/FRIDA-Fridos-Kahlo-biografija.webp\",\"contentUrl\":\"https:\\\/\\\/skaitytaknyga.lt\\\/wp-content\\\/uploads\\\/2025\\\/06\\\/FRIDA-Fridos-Kahlo-biografija.webp\",\"width\":525,\"height\":801,\"caption\":\"FRIDA: Fridos Kahlo biografija\"},{\"@type\":\"BreadcrumbList\",\"@id\":\"https:\\\/\\\/skaitytaknyga.lt\\\/produktas\\\/frida-fridos-kahlo-biografija\\\/#breadcrumb\",\"itemListElement\":[{\"@type\":\"ListItem\",\"position\":1,\"name\":\"Home\",\"item\":\"https:\\\/\\\/skaitytaknyga.lt\\\/\"},{\"@type\":\"ListItem\",\"position\":2,\"name\":\"Parduotuv\u0117\",\"item\":\"https:\\\/\\\/skaitytaknyga.lt\\\/knygu-parduotuve\\\/\"},{\"@type\":\"ListItem\",\"position\":3,\"name\":\"FRIDA: Fridos Kahlo biografija\"}]},{\"@type\":\"WebSite\",\"@id\":\"https:\\\/\\\/skaitytaknyga.lt\\\/#website\",\"url\":\"https:\\\/\\\/skaitytaknyga.lt\\\/\",\"name\":\"skaitytaknyga.lt\",\"description\":\"Skaitytaknyga.lt \u2013 tai ma\u017eas \u0161eimos verslas, kuris prasid\u0117jo nuo meil\u0117s knygoms ir siekio i\u0161gelb\u0117ti knygas nuo likimo prie konteinerio. Kas vienam nereikalingas daiktas \u2013 kitam lobis, o mes esame tarpininkai, kurie padeda abiems tapti laimingesniems ???? \u017dinome kaip nelengva i\u0161gyventi ma\u017eiems verslams, tad nuo \u0161iol, \u010dia rasite ir kit\u0173, ma\u017e\u0173 \u0161eim\u0173 versl\u0173, rank\u0173 darbo, dovan\u0173 sau ir artimiesiems.\",\"publisher\":{\"@id\":\"https:\\\/\\\/skaitytaknyga.lt\\\/#organization\"},\"potentialAction\":[{\"@type\":\"SearchAction\",\"target\":{\"@type\":\"EntryPoint\",\"urlTemplate\":\"https:\\\/\\\/skaitytaknyga.lt\\\/?s={search_term_string}\"},\"query-input\":{\"@type\":\"PropertyValueSpecification\",\"valueRequired\":true,\"valueName\":\"search_term_string\"}}],\"inLanguage\":\"en-GB\"},{\"@type\":\"Organization\",\"@id\":\"https:\\\/\\\/skaitytaknyga.lt\\\/#organization\",\"name\":\"skaitytaknyga.lt\",\"url\":\"https:\\\/\\\/skaitytaknyga.lt\\\/\",\"logo\":{\"@type\":\"ImageObject\",\"inLanguage\":\"en-GB\",\"@id\":\"https:\\\/\\\/skaitytaknyga.lt\\\/#\\\/schema\\\/logo\\\/image\\\/\",\"url\":\"https:\\\/\\\/skaitytaknyga.lt\\\/wp-content\\\/uploads\\\/2024\\\/05\\\/cropped-cropped-cropped-02_00843_jt3bggkj1j3HLc7SyY6rEUpg.jpeg\",\"contentUrl\":\"https:\\\/\\\/skaitytaknyga.lt\\\/wp-content\\\/uploads\\\/2024\\\/05\\\/cropped-cropped-cropped-02_00843_jt3bggkj1j3HLc7SyY6rEUpg.jpeg\",\"width\":1600,\"height\":1600,\"caption\":\"skaitytaknyga.lt\"},\"image\":{\"@id\":\"https:\\\/\\\/skaitytaknyga.lt\\\/#\\\/schema\\\/logo\\\/image\\\/\"},\"sameAs\":[\"https:\\\/\\\/www.facebook.com\\\/skaitytaknyga\\\/\"]}]}<\/script>\n<!-- \/ Yoast SEO plugin. -->","yoast_head_json":{"title":"FRIDA: Fridos Kahlo biografija","description":"Naujas Fridos Kahlo biografijos leidimas su iliustracijomis. Fridos Kahlo gyvenimas ir k\u016bryba buvo i\u0161\u0161\u016bkis jos laikme\u010diui. \u0160i moteris \u012fk\u016bnijo svarbias XX","robots":{"index":"index","follow":"follow","max-snippet":"max-snippet:-1","max-image-preview":"max-image-preview:large","max-video-preview":"max-video-preview:-1"},"canonical":"https:\/\/skaitytaknyga.lt\/en\/produktas\/frida-fridos-kahlo-biografija\/","og_locale":"en_GB","og_type":"article","og_title":"[:lt]FRIDA: Fridos Kahlo biografija[:] - Skaitytaknyga","og_description":"Naujas Fridos Kahlo biografijos leidimas su iliustracijomis. Fridos Kahlo gyvenimas ir k\u016bryba buvo i\u0161\u0161\u016bkis jos laikme\u010diui. \u0160i moteris \u012fk\u016bnijo svarbias XX","og_url":"https:\/\/skaitytaknyga.lt\/en\/produktas\/frida-fridos-kahlo-biografija\/","og_site_name":"Skaitytaknyga","article_publisher":"https:\/\/www.facebook.com\/skaitytaknyga\/","article_modified_time":"2025-07-02T11:44:07+00:00","og_image":[{"width":525,"height":801,"url":"https:\/\/skaitytaknyga.lt\/wp-content\/uploads\/2025\/06\/FRIDA-Fridos-Kahlo-biografija.webp","type":"image\/webp"}],"twitter_card":"summary_large_image","twitter_misc":{"Estimated reading time":"1 minute"},"schema":{"@context":"https:\/\/schema.org","@graph":[{"@type":"WebPage","@id":"https:\/\/skaitytaknyga.lt\/produktas\/frida-fridos-kahlo-biografija\/","url":"https:\/\/skaitytaknyga.lt\/produktas\/frida-fridos-kahlo-biografija\/","name":"FRIDA: Fridos Kahlo biografija","isPartOf":{"@id":"https:\/\/skaitytaknyga.lt\/#website"},"primaryImageOfPage":{"@id":"https:\/\/skaitytaknyga.lt\/produktas\/frida-fridos-kahlo-biografija\/#primaryimage"},"image":{"@id":"https:\/\/skaitytaknyga.lt\/produktas\/frida-fridos-kahlo-biografija\/#primaryimage"},"thumbnailUrl":"https:\/\/skaitytaknyga.lt\/wp-content\/uploads\/2025\/06\/FRIDA-Fridos-Kahlo-biografija.webp","datePublished":"2025-06-28T13:49:32+00:00","dateModified":"2025-07-02T11:44:07+00:00","description":"Naujas Fridos Kahlo biografijos leidimas su iliustracijomis. Fridos Kahlo gyvenimas ir k\u016bryba buvo i\u0161\u0161\u016bkis jos laikme\u010diui. \u0160i moteris \u012fk\u016bnijo svarbias XX","breadcrumb":{"@id":"https:\/\/skaitytaknyga.lt\/produktas\/frida-fridos-kahlo-biografija\/#breadcrumb"},"inLanguage":"en-GB","potentialAction":[{"@type":"ReadAction","target":["https:\/\/skaitytaknyga.lt\/produktas\/frida-fridos-kahlo-biografija\/"]}]},{"@type":"ImageObject","inLanguage":"en-GB","@id":"https:\/\/skaitytaknyga.lt\/produktas\/frida-fridos-kahlo-biografija\/#primaryimage","url":"https:\/\/skaitytaknyga.lt\/wp-content\/uploads\/2025\/06\/FRIDA-Fridos-Kahlo-biografija.webp","contentUrl":"https:\/\/skaitytaknyga.lt\/wp-content\/uploads\/2025\/06\/FRIDA-Fridos-Kahlo-biografija.webp","width":525,"height":801,"caption":"FRIDA: Fridos Kahlo biografija"},{"@type":"BreadcrumbList","@id":"https:\/\/skaitytaknyga.lt\/produktas\/frida-fridos-kahlo-biografija\/#breadcrumb","itemListElement":[{"@type":"ListItem","position":1,"name":"Home","item":"https:\/\/skaitytaknyga.lt\/"},{"@type":"ListItem","position":2,"name":"Parduotuv\u0117","item":"https:\/\/skaitytaknyga.lt\/knygu-parduotuve\/"},{"@type":"ListItem","position":3,"name":"FRIDA: Fridos Kahlo biografija"}]},{"@type":"WebSite","@id":"https:\/\/skaitytaknyga.lt\/#website","url":"https:\/\/skaitytaknyga.lt\/","name":"skaitytaknyga.lt","description":"Skaitytaknyga.lt \u2013 tai ma\u017eas \u0161eimos verslas, kuris prasid\u0117jo nuo meil\u0117s knygoms ir siekio i\u0161gelb\u0117ti knygas nuo likimo prie konteinerio. Kas vienam nereikalingas daiktas \u2013 kitam lobis, o mes esame tarpininkai, kurie padeda abiems tapti laimingesniems ???? \u017dinome kaip nelengva i\u0161gyventi ma\u017eiems verslams, tad nuo \u0161iol, \u010dia rasite ir kit\u0173, ma\u017e\u0173 \u0161eim\u0173 versl\u0173, rank\u0173 darbo, dovan\u0173 sau ir artimiesiems.","publisher":{"@id":"https:\/\/skaitytaknyga.lt\/#organization"},"potentialAction":[{"@type":"SearchAction","target":{"@type":"EntryPoint","urlTemplate":"https:\/\/skaitytaknyga.lt\/?s={search_term_string}"},"query-input":{"@type":"PropertyValueSpecification","valueRequired":true,"valueName":"search_term_string"}}],"inLanguage":"en-GB"},{"@type":"Organization","@id":"https:\/\/skaitytaknyga.lt\/#organization","name":"skaitytaknyga.lt","url":"https:\/\/skaitytaknyga.lt\/","logo":{"@type":"ImageObject","inLanguage":"en-GB","@id":"https:\/\/skaitytaknyga.lt\/#\/schema\/logo\/image\/","url":"https:\/\/skaitytaknyga.lt\/wp-content\/uploads\/2024\/05\/cropped-cropped-cropped-02_00843_jt3bggkj1j3HLc7SyY6rEUpg.jpeg","contentUrl":"https:\/\/skaitytaknyga.lt\/wp-content\/uploads\/2024\/05\/cropped-cropped-cropped-02_00843_jt3bggkj1j3HLc7SyY6rEUpg.jpeg","width":1600,"height":1600,"caption":"skaitytaknyga.lt"},"image":{"@id":"https:\/\/skaitytaknyga.lt\/#\/schema\/logo\/image\/"},"sameAs":["https:\/\/www.facebook.com\/skaitytaknyga\/"]}]}},"_links":{"self":[{"href":"https:\/\/skaitytaknyga.lt\/en\/wp-json\/wp\/v2\/product\/19097","targetHints":{"allow":["GET"]}}],"collection":[{"href":"https:\/\/skaitytaknyga.lt\/en\/wp-json\/wp\/v2\/product"}],"about":[{"href":"https:\/\/skaitytaknyga.lt\/en\/wp-json\/wp\/v2\/types\/product"}],"replies":[{"embeddable":true,"href":"https:\/\/skaitytaknyga.lt\/en\/wp-json\/wp\/v2\/comments?post=19097"}],"wp:featuredmedia":[{"embeddable":true,"href":"https:\/\/skaitytaknyga.lt\/en\/wp-json\/wp\/v2\/media\/19103"}],"wp:attachment":[{"href":"https:\/\/skaitytaknyga.lt\/en\/wp-json\/wp\/v2\/media?parent=19097"}],"wp:term":[{"taxonomy":"product_brand","embeddable":true,"href":"https:\/\/skaitytaknyga.lt\/en\/wp-json\/wp\/v2\/product_brand?post=19097"},{"taxonomy":"product_cat","embeddable":true,"href":"https:\/\/skaitytaknyga.lt\/en\/wp-json\/wp\/v2\/product_cat?post=19097"},{"taxonomy":"product_tag","embeddable":true,"href":"https:\/\/skaitytaknyga.lt\/en\/wp-json\/wp\/v2\/product_tag?post=19097"}],"curies":[{"name":"wp","href":"https:\/\/api.w.org\/{rel}","templated":true}]}}