{"id":19093,"date":"2025-06-28T16:49:13","date_gmt":"2025-06-28T13:49:13","guid":{"rendered":"https:\/\/skaitytaknyga.lt\/?post_type=product&#038;p=19093"},"modified":"2025-07-31T08:00:58","modified_gmt":"2025-07-31T05:00:58","slug":"vinetu-1-knyga","status":"publish","type":"product","link":"https:\/\/skaitytaknyga.lt\/en\/produktas\/vinetu-1-knyga\/","title":{"rendered":"Vinetu. 1 knyga"},"content":{"rendered":"<p>Amerikoje tiesiamas gele\u017einkelis. Apa\u010diai, per kuri\u0173 \u017eemes jis nusidrieks, trukdo statyb\u0105, nes \u017eino, kad \u201eugninis \u017eirgas\u201c atve\u0161 daugyb\u0119 baltaveid\u017ei\u0173, kurie i\u0161stums juos i\u0161 gimt\u0173j\u0173 viet\u0173. I\u0161 Europos atvyk\u0119s jaunasis matininkas, patyr\u0119s ind\u0117n\u0173 (ne)svetingum\u0105 ir  koleg\u0173 (ne)s\u0105\u017einingum\u0105, nuo\u0161ird\u017eiausiai susidraugauja su apa\u010di\u0173 vadu Vinetu \u2013 jie tampa kraujo broliais, nes \u201esiela gyvena kraujyje\u201c, o savo dr\u0105sa ir sumanumu jis nusipelno Old \u0160eterhendo \u2013 Triu\u0161kinan\u010dios rankos \u2013 karo vardo. Laukiniuose Vakaruose prasideda ind\u0117n\u0173 kova d\u0117l savo teisi\u0173, ir Old \u0160eterhendas stoja j\u0173 pus\u0117n.<\/p>\n<p>\u201eRaudonodis guli mirties patale!\u201c \u2013 su \u0161ia fraze u\u017eaugo ne viena europie\u010di\u0173 skaitytoj\u0173 karta, o Karlo May\u2019aus Laukini\u0173 Vakar\u0173 roman\u0173 serija apie did\u017eio apa\u010di\u0173 vado Vinetu ir baltojo Old \u0160eterhendo nuotykius tapo kultine ir idealistine ind\u0117n\u0173 pasaulio vizija vakarie\u010di\u0173 akyse.<\/p>\n<p>Karlas May\u2019us (Karlas Majus, 1842\u20131912) \u2013 vokie\u010di\u0173 ra\u0161ytojas, skaitytojui itin pamilti jo nuotyki\u0173 romanai apie senuosius, autenti\u0161kus Amerikos Laukinius Vakarus. Be to, ra\u0161\u0119s ir apie Tolimuosius ir Centrinius Rytus, Piet\u0173 Amerik\u0105, k\u016br\u0117 poezij\u0105 ir muzik\u0105, buvo \u012fgud\u0119s muzikantas \u2013 grojo ne vienu muzikos instrumentu. Pagal daugel\u012f jo roman\u0173 sukurti kino filmai, teatro spektakliai, net komiksai.<\/p>\n<p>Pasipuo\u0161\u0119 baltai i\u0161dirbtos odos \u0161varkais raudonom si\u016bl\u0117m ir led\u017eingais, dygliakiaul\u0117s dygliais siuvin\u0117tais mokasinais, romano puslapiais keliaujame drauge su ind\u0117n\u0173 skvo, pasipuo\u0161usiomis ind\u0117ni\u0161komis stiklini\u0173 karoliuk\u0173 arabeskoms, ind\u0117n\u0173 kariais, kupinais vidinio susikaupimo, \u201egeriame\u201c tabak\u0105, o aplink siaut\u0117ja mirties tomahaukai ir at\u0117j\u016bn\u0173 \u201epy\u0161kalai\u201c. Greta ir Manitu, geroji Did\u017eioji Dvasia, greta ir am\u017einosios med\u017eiokl\u0117s plotai&#8230;<\/p>\n","protected":false},"excerpt":{"rendered":"<p>Amerikoje tiesiamas gele\u017einkelis. Apa\u010diai, per kuri\u0173 \u017eemes jis nusidrieks, trukdo statyb\u0105, nes \u017eino, kad \u201eugninis \u017eirgas\u201c atve\u0161 daugyb\u0119 baltaveid\u017ei\u0173, kurie i\u0161stums juos i\u0161 gimt\u0173j\u0173 viet\u0173. I\u0161 Europos atvyk\u0119s jaunasis matininkas, patyr\u0119s ind\u0117n\u0173 (ne)svetingum\u0105 ir koleg\u0173 (ne)s\u0105\u017einingum\u0105, nuo\u0161ird\u017eiausiai susidraugauja su apa\u010di\u0173 vadu Vinetu \u2013 jie tampa kraujo broliais, nes \u201esiela gyvena kraujyje\u201c, o savo dr\u0105sa ir sumanumu jis nusipelno Old \u0160eterhendo \u2013 Triu\u0161kinan\u010dios rankos \u2013 karo vardo. Laukiniuose Vakaruose prasideda ind\u0117n\u0173 kova d\u0117l savo teisi\u0173, ir Old \u0160eterhendas stoja j\u0173 pus\u0117n. \u201eRaudonodis guli mirties patale!\u201c \u2013 su \u0161ia fraze u\u017eaugo ne viena europie\u010di\u0173 skaitytoj\u0173 karta, o Karlo May\u2019aus Laukini\u0173 Vakar\u0173 roman\u0173 serija apie did\u017eio apa\u010di\u0173 vado Vinetu ir baltojo Old \u0160eterhendo nuotykius tapo kultine ir idealistine ind\u0117n\u0173 pasaulio vizija vakarie\u010di\u0173 akyse. Karlas May\u2019us (Karlas Majus, 1842\u20131912) \u2013 vokie\u010di\u0173 ra\u0161ytojas, skaitytojui itin pamilti jo nuotyki\u0173 romanai apie senuosius, autenti\u0161kus Amerikos Laukinius Vakarus. Be to, ra\u0161\u0119s ir apie Tolimuosius ir Centrinius Rytus, Piet\u0173 Amerik\u0105, k\u016br\u0117 poezij\u0105 ir muzik\u0105, buvo \u012fgud\u0119s muzikantas \u2013 grojo ne vienu muzikos instrumentu. Pagal daugel\u012f jo roman\u0173 sukurti kino filmai, teatro spektakliai, net komiksai. Pasipuo\u0161\u0119 baltai i\u0161dirbtos odos \u0161varkais raudonom si\u016bl\u0117m ir led\u017eingais, dygliakiaul\u0117s dygliais siuvin\u0117tais mokasinais, romano puslapiais keliaujame drauge su ind\u0117n\u0173 skvo, pasipuo\u0161usiomis ind\u0117ni\u0161komis stiklini\u0173 karoliuk\u0173 arabeskoms, ind\u0117n\u0173 kariais, kupinais vidinio susikaupimo, \u201egeriame\u201c tabak\u0105, o aplink siaut\u0117ja mirties tomahaukai ir at\u0117j\u016bn\u0173 \u201epy\u0161kalai\u201c. Greta ir Manitu, geroji Did\u017eioji Dvasia, greta ir am\u017einosios med\u017eiokl\u0117s plotai&#8230;<\/p>\n","protected":false},"featured_media":19133,"comment_status":"open","ping_status":"closed","template":"","meta":{"_acf_changed":false,"site-sidebar-layout":"default","site-content-layout":"","ast-site-content-layout":"default","site-content-style":"default","site-sidebar-style":"default","ast-global-header-display":"","ast-banner-title-visibility":"","ast-main-header-display":"","ast-hfb-above-header-display":"","ast-hfb-below-header-display":"","ast-hfb-mobile-header-display":"","site-post-title":"","ast-breadcrumbs-content":"","ast-featured-img":"","footer-sml-layout":"","ast-disable-related-posts":"","theme-transparent-header-meta":"","adv-header-id-meta":"","stick-header-meta":"","header-above-stick-meta":"","header-main-stick-meta":"","header-below-stick-meta":"","astra-migrate-meta-layouts":"default","ast-page-background-enabled":"default","ast-page-background-meta":{"desktop":{"background-color":"","background-image":"","background-repeat":"repeat","background-position":"center center","background-size":"auto","background-attachment":"scroll","background-type":"","background-media":"","overlay-type":"","overlay-color":"","overlay-opacity":"","overlay-gradient":""},"tablet":{"background-color":"","background-image":"","background-repeat":"repeat","background-position":"center center","background-size":"auto","background-attachment":"scroll","background-type":"","background-media":"","overlay-type":"","overlay-color":"","overlay-opacity":"","overlay-gradient":""},"mobile":{"background-color":"","background-image":"","background-repeat":"repeat","background-position":"center center","background-size":"auto","background-attachment":"scroll","background-type":"","background-media":"","overlay-type":"","overlay-color":"","overlay-opacity":"","overlay-gradient":""}},"ast-content-background-meta":{"desktop":{"background-color":"var(--ast-global-color-4)","background-image":"","background-repeat":"repeat","background-position":"center center","background-size":"auto","background-attachment":"scroll","background-type":"","background-media":"","overlay-type":"","overlay-color":"","overlay-opacity":"","overlay-gradient":""},"tablet":{"background-color":"var(--ast-global-color-4)","background-image":"","background-repeat":"repeat","background-position":"center center","background-size":"auto","background-attachment":"scroll","background-type":"","background-media":"","overlay-type":"","overlay-color":"","overlay-opacity":"","overlay-gradient":""},"mobile":{"background-color":"var(--ast-global-color-4)","background-image":"","background-repeat":"repeat","background-position":"center center","background-size":"auto","background-attachment":"scroll","background-type":"","background-media":"","overlay-type":"","overlay-color":"","overlay-opacity":"","overlay-gradient":""}}},"product_brand":[],"product_cat":[31],"product_tag":[7056,1647,3375,7057,7055],"class_list":{"0":"post-19093","1":"product","2":"type-product","3":"status-publish","4":"has-post-thumbnail","6":"product_cat-grozine-literatura","7":"product_tag-apaciai","8":"product_tag-draugyste","9":"product_tag-indenai","10":"product_tag-karl-may","11":"product_tag-laukiniai-vakarai","12":"desktop-align-left","13":"tablet-align-left","14":"mobile-align-left","16":"first","17":"instock","18":"shipping-taxable","19":"purchasable","20":"product-type-simple"},"acf":[],"yoast_head":"<!-- This site is optimized with the Yoast SEO plugin v27.0 - https:\/\/yoast.com\/product\/yoast-seo-wordpress\/ -->\n<title>Vinetu. 1 knyga<\/title>\n<meta name=\"description\" content=\"Amerikoje tiesiamas gele\u017einkelis. Apa\u010diai, per kuri\u0173 \u017eemes jis nusidrieks, trukdo statyb\u0105, nes \u017eino, kad \u201eugninis \u017eirgas\u201c atve\u0161 daugyb\u0119 baltaveid\u017ei\u0173,\" \/>\n<meta name=\"robots\" content=\"index, follow, max-snippet:-1, max-image-preview:large, max-video-preview:-1\" \/>\n<link rel=\"canonical\" href=\"https:\/\/skaitytaknyga.lt\/en\/produktas\/vinetu-1-knyga\/\" \/>\n<meta property=\"og:locale\" content=\"en_GB\" \/>\n<meta property=\"og:locale:alternate\" content=\"lt_LT\" \/>\n<meta property=\"og:type\" content=\"article\" \/>\n<meta property=\"og:title\" content=\"Vinetu. 1 knyga\" \/>\n<meta property=\"og:description\" content=\"Amerikoje tiesiamas gele\u017einkelis. Apa\u010diai, per kuri\u0173 \u017eemes jis nusidrieks, trukdo statyb\u0105, nes \u017eino, kad \u201eugninis \u017eirgas\u201c atve\u0161 daugyb\u0119 baltaveid\u017ei\u0173,\" \/>\n<meta property=\"og:url\" content=\"https:\/\/skaitytaknyga.lt\/en\/produktas\/vinetu-1-knyga\/\" \/>\n<meta property=\"og:site_name\" content=\"Skaitytaknyga\" \/>\n<meta property=\"article:publisher\" content=\"https:\/\/www.facebook.com\/skaitytaknyga\/\" \/>\n<meta property=\"article:modified_time\" content=\"2025-07-31T05:00:58+00:00\" \/>\n<meta property=\"og:image\" content=\"https:\/\/skaitytaknyga.lt\/wp-content\/uploads\/2025\/07\/Vinetu.-1-knyga.webp\" \/>\n\t<meta property=\"og:image:width\" content=\"500\" \/>\n\t<meta property=\"og:image:height\" content=\"741\" \/>\n\t<meta property=\"og:image:type\" content=\"image\/webp\" \/>\n<meta name=\"twitter:card\" content=\"summary_large_image\" \/>\n<meta name=\"twitter:label1\" content=\"Estimated reading time\" \/>\n\t<meta name=\"twitter:data1\" content=\"1 minute\" \/>\n<script type=\"application\/ld+json\" class=\"yoast-schema-graph\">{\"@context\":\"https:\/\/schema.org\",\"@graph\":[{\"@type\":\"WebPage\",\"@id\":\"https:\/\/skaitytaknyga.lt\/produktas\/vinetu-1-knyga\/\",\"url\":\"https:\/\/skaitytaknyga.lt\/produktas\/vinetu-1-knyga\/\",\"name\":\"Vinetu. 1 knyga\",\"isPartOf\":{\"@id\":\"https:\/\/skaitytaknyga.lt\/#website\"},\"primaryImageOfPage\":{\"@id\":\"https:\/\/skaitytaknyga.lt\/produktas\/vinetu-1-knyga\/#primaryimage\"},\"image\":{\"@id\":\"https:\/\/skaitytaknyga.lt\/produktas\/vinetu-1-knyga\/#primaryimage\"},\"thumbnailUrl\":\"https:\/\/skaitytaknyga.lt\/wp-content\/uploads\/2025\/07\/Vinetu.-1-knyga.webp\",\"datePublished\":\"2025-06-28T13:49:13+00:00\",\"dateModified\":\"2025-07-31T05:00:58+00:00\",\"description\":\"Amerikoje tiesiamas gele\u017einkelis. Apa\u010diai, per kuri\u0173 \u017eemes jis nusidrieks, trukdo statyb\u0105, nes \u017eino, kad \u201eugninis \u017eirgas\u201c atve\u0161 daugyb\u0119 baltaveid\u017ei\u0173,\",\"breadcrumb\":{\"@id\":\"https:\/\/skaitytaknyga.lt\/produktas\/vinetu-1-knyga\/#breadcrumb\"},\"inLanguage\":\"en-GB\",\"potentialAction\":[{\"@type\":\"ReadAction\",\"target\":[\"https:\/\/skaitytaknyga.lt\/produktas\/vinetu-1-knyga\/\"]}]},{\"@type\":\"ImageObject\",\"inLanguage\":\"en-GB\",\"@id\":\"https:\/\/skaitytaknyga.lt\/produktas\/vinetu-1-knyga\/#primaryimage\",\"url\":\"https:\/\/skaitytaknyga.lt\/wp-content\/uploads\/2025\/07\/Vinetu.-1-knyga.webp\",\"contentUrl\":\"https:\/\/skaitytaknyga.lt\/wp-content\/uploads\/2025\/07\/Vinetu.-1-knyga.webp\",\"width\":500,\"height\":741,\"caption\":\"Vinetu. 1 knyga\"},{\"@type\":\"BreadcrumbList\",\"@id\":\"https:\/\/skaitytaknyga.lt\/produktas\/vinetu-1-knyga\/#breadcrumb\",\"itemListElement\":[{\"@type\":\"ListItem\",\"position\":1,\"name\":\"Home\",\"item\":\"https:\/\/skaitytaknyga.lt\/\"},{\"@type\":\"ListItem\",\"position\":2,\"name\":\"Parduotuv\u0117\",\"item\":\"https:\/\/skaitytaknyga.lt\/knygu-parduotuve\/\"},{\"@type\":\"ListItem\",\"position\":3,\"name\":\"Vinetu. 1 knyga\"}]},{\"@type\":\"WebSite\",\"@id\":\"https:\/\/skaitytaknyga.lt\/#website\",\"url\":\"https:\/\/skaitytaknyga.lt\/\",\"name\":\"skaitytaknyga.lt\",\"description\":\"Skaitytaknyga.lt \u2013 tai ma\u017eas \u0161eimos verslas, kuris prasid\u0117jo nuo meil\u0117s knygoms ir siekio i\u0161gelb\u0117ti knygas nuo likimo prie konteinerio. Kas vienam nereikalingas daiktas \u2013 kitam lobis, o mes esame tarpininkai, kurie padeda abiems tapti laimingesniems ???? \u017dinome kaip nelengva i\u0161gyventi ma\u017eiems verslams, tad nuo \u0161iol, \u010dia rasite ir kit\u0173, ma\u017e\u0173 \u0161eim\u0173 versl\u0173, rank\u0173 darbo, dovan\u0173 sau ir artimiesiems.\",\"publisher\":{\"@id\":\"https:\/\/skaitytaknyga.lt\/#organization\"},\"potentialAction\":[{\"@type\":\"SearchAction\",\"target\":{\"@type\":\"EntryPoint\",\"urlTemplate\":\"https:\/\/skaitytaknyga.lt\/?s={search_term_string}\"},\"query-input\":{\"@type\":\"PropertyValueSpecification\",\"valueRequired\":true,\"valueName\":\"search_term_string\"}}],\"inLanguage\":\"en-GB\"},{\"@type\":\"Organization\",\"@id\":\"https:\/\/skaitytaknyga.lt\/#organization\",\"name\":\"skaitytaknyga.lt\",\"url\":\"https:\/\/skaitytaknyga.lt\/\",\"logo\":{\"@type\":\"ImageObject\",\"inLanguage\":\"en-GB\",\"@id\":\"https:\/\/skaitytaknyga.lt\/#\/schema\/logo\/image\/\",\"url\":\"https:\/\/skaitytaknyga.lt\/wp-content\/uploads\/2024\/05\/cropped-cropped-cropped-02_00843_jt3bggkj1j3HLc7SyY6rEUpg.jpeg\",\"contentUrl\":\"https:\/\/skaitytaknyga.lt\/wp-content\/uploads\/2024\/05\/cropped-cropped-cropped-02_00843_jt3bggkj1j3HLc7SyY6rEUpg.jpeg\",\"width\":1600,\"height\":1600,\"caption\":\"skaitytaknyga.lt\"},\"image\":{\"@id\":\"https:\/\/skaitytaknyga.lt\/#\/schema\/logo\/image\/\"},\"sameAs\":[\"https:\/\/www.facebook.com\/skaitytaknyga\/\"]}]}<\/script>\n<!-- \/ Yoast SEO plugin. -->","yoast_head_json":{"title":"Vinetu. 1 knyga","description":"Amerikoje tiesiamas gele\u017einkelis. Apa\u010diai, per kuri\u0173 \u017eemes jis nusidrieks, trukdo statyb\u0105, nes \u017eino, kad \u201eugninis \u017eirgas\u201c atve\u0161 daugyb\u0119 baltaveid\u017ei\u0173,","robots":{"index":"index","follow":"follow","max-snippet":"max-snippet:-1","max-image-preview":"max-image-preview:large","max-video-preview":"max-video-preview:-1"},"canonical":"https:\/\/skaitytaknyga.lt\/en\/produktas\/vinetu-1-knyga\/","og_locale":"en_GB","og_type":"article","og_title":"[:lt]Vinetu. 1 knyga[:] - Skaitytaknyga","og_description":"Amerikoje tiesiamas gele\u017einkelis. Apa\u010diai, per kuri\u0173 \u017eemes jis nusidrieks, trukdo statyb\u0105, nes \u017eino, kad \u201eugninis \u017eirgas\u201c atve\u0161 daugyb\u0119 baltaveid\u017ei\u0173,","og_url":"https:\/\/skaitytaknyga.lt\/en\/produktas\/vinetu-1-knyga\/","og_site_name":"Skaitytaknyga","article_publisher":"https:\/\/www.facebook.com\/skaitytaknyga\/","article_modified_time":"2025-07-31T05:00:58+00:00","og_image":[{"width":500,"height":741,"url":"https:\/\/skaitytaknyga.lt\/wp-content\/uploads\/2025\/07\/Vinetu.-1-knyga.webp","type":"image\/webp"}],"twitter_card":"summary_large_image","twitter_misc":{"Estimated reading time":"1 minute"},"schema":{"@context":"https:\/\/schema.org","@graph":[{"@type":"WebPage","@id":"https:\/\/skaitytaknyga.lt\/produktas\/vinetu-1-knyga\/","url":"https:\/\/skaitytaknyga.lt\/produktas\/vinetu-1-knyga\/","name":"Vinetu. 1 knyga","isPartOf":{"@id":"https:\/\/skaitytaknyga.lt\/#website"},"primaryImageOfPage":{"@id":"https:\/\/skaitytaknyga.lt\/produktas\/vinetu-1-knyga\/#primaryimage"},"image":{"@id":"https:\/\/skaitytaknyga.lt\/produktas\/vinetu-1-knyga\/#primaryimage"},"thumbnailUrl":"https:\/\/skaitytaknyga.lt\/wp-content\/uploads\/2025\/07\/Vinetu.-1-knyga.webp","datePublished":"2025-06-28T13:49:13+00:00","dateModified":"2025-07-31T05:00:58+00:00","description":"Amerikoje tiesiamas gele\u017einkelis. Apa\u010diai, per kuri\u0173 \u017eemes jis nusidrieks, trukdo statyb\u0105, nes \u017eino, kad \u201eugninis \u017eirgas\u201c atve\u0161 daugyb\u0119 baltaveid\u017ei\u0173,","breadcrumb":{"@id":"https:\/\/skaitytaknyga.lt\/produktas\/vinetu-1-knyga\/#breadcrumb"},"inLanguage":"en-GB","potentialAction":[{"@type":"ReadAction","target":["https:\/\/skaitytaknyga.lt\/produktas\/vinetu-1-knyga\/"]}]},{"@type":"ImageObject","inLanguage":"en-GB","@id":"https:\/\/skaitytaknyga.lt\/produktas\/vinetu-1-knyga\/#primaryimage","url":"https:\/\/skaitytaknyga.lt\/wp-content\/uploads\/2025\/07\/Vinetu.-1-knyga.webp","contentUrl":"https:\/\/skaitytaknyga.lt\/wp-content\/uploads\/2025\/07\/Vinetu.-1-knyga.webp","width":500,"height":741,"caption":"Vinetu. 1 knyga"},{"@type":"BreadcrumbList","@id":"https:\/\/skaitytaknyga.lt\/produktas\/vinetu-1-knyga\/#breadcrumb","itemListElement":[{"@type":"ListItem","position":1,"name":"Home","item":"https:\/\/skaitytaknyga.lt\/"},{"@type":"ListItem","position":2,"name":"Parduotuv\u0117","item":"https:\/\/skaitytaknyga.lt\/knygu-parduotuve\/"},{"@type":"ListItem","position":3,"name":"Vinetu. 1 knyga"}]},{"@type":"WebSite","@id":"https:\/\/skaitytaknyga.lt\/#website","url":"https:\/\/skaitytaknyga.lt\/","name":"skaitytaknyga.lt","description":"Skaitytaknyga.lt \u2013 tai ma\u017eas \u0161eimos verslas, kuris prasid\u0117jo nuo meil\u0117s knygoms ir siekio i\u0161gelb\u0117ti knygas nuo likimo prie konteinerio. Kas vienam nereikalingas daiktas \u2013 kitam lobis, o mes esame tarpininkai, kurie padeda abiems tapti laimingesniems ???? \u017dinome kaip nelengva i\u0161gyventi ma\u017eiems verslams, tad nuo \u0161iol, \u010dia rasite ir kit\u0173, ma\u017e\u0173 \u0161eim\u0173 versl\u0173, rank\u0173 darbo, dovan\u0173 sau ir artimiesiems.","publisher":{"@id":"https:\/\/skaitytaknyga.lt\/#organization"},"potentialAction":[{"@type":"SearchAction","target":{"@type":"EntryPoint","urlTemplate":"https:\/\/skaitytaknyga.lt\/?s={search_term_string}"},"query-input":{"@type":"PropertyValueSpecification","valueRequired":true,"valueName":"search_term_string"}}],"inLanguage":"en-GB"},{"@type":"Organization","@id":"https:\/\/skaitytaknyga.lt\/#organization","name":"skaitytaknyga.lt","url":"https:\/\/skaitytaknyga.lt\/","logo":{"@type":"ImageObject","inLanguage":"en-GB","@id":"https:\/\/skaitytaknyga.lt\/#\/schema\/logo\/image\/","url":"https:\/\/skaitytaknyga.lt\/wp-content\/uploads\/2024\/05\/cropped-cropped-cropped-02_00843_jt3bggkj1j3HLc7SyY6rEUpg.jpeg","contentUrl":"https:\/\/skaitytaknyga.lt\/wp-content\/uploads\/2024\/05\/cropped-cropped-cropped-02_00843_jt3bggkj1j3HLc7SyY6rEUpg.jpeg","width":1600,"height":1600,"caption":"skaitytaknyga.lt"},"image":{"@id":"https:\/\/skaitytaknyga.lt\/#\/schema\/logo\/image\/"},"sameAs":["https:\/\/www.facebook.com\/skaitytaknyga\/"]}]}},"_links":{"self":[{"href":"https:\/\/skaitytaknyga.lt\/en\/wp-json\/wp\/v2\/product\/19093","targetHints":{"allow":["GET"]}}],"collection":[{"href":"https:\/\/skaitytaknyga.lt\/en\/wp-json\/wp\/v2\/product"}],"about":[{"href":"https:\/\/skaitytaknyga.lt\/en\/wp-json\/wp\/v2\/types\/product"}],"replies":[{"embeddable":true,"href":"https:\/\/skaitytaknyga.lt\/en\/wp-json\/wp\/v2\/comments?post=19093"}],"wp:featuredmedia":[{"embeddable":true,"href":"https:\/\/skaitytaknyga.lt\/en\/wp-json\/wp\/v2\/media\/19133"}],"wp:attachment":[{"href":"https:\/\/skaitytaknyga.lt\/en\/wp-json\/wp\/v2\/media?parent=19093"}],"wp:term":[{"taxonomy":"product_brand","embeddable":true,"href":"https:\/\/skaitytaknyga.lt\/en\/wp-json\/wp\/v2\/product_brand?post=19093"},{"taxonomy":"product_cat","embeddable":true,"href":"https:\/\/skaitytaknyga.lt\/en\/wp-json\/wp\/v2\/product_cat?post=19093"},{"taxonomy":"product_tag","embeddable":true,"href":"https:\/\/skaitytaknyga.lt\/en\/wp-json\/wp\/v2\/product_tag?post=19093"}],"curies":[{"name":"wp","href":"https:\/\/api.w.org\/{rel}","templated":true}]}}