{"id":19092,"date":"2025-06-28T16:49:04","date_gmt":"2025-06-28T13:49:04","guid":{"rendered":"https:\/\/skaitytaknyga.lt\/?post_type=product&#038;p=19092"},"modified":"2025-09-04T21:25:28","modified_gmt":"2025-09-04T18:25:28","slug":"trauma-ir-isgijimas","status":"publish","type":"product","link":"https:\/\/skaitytaknyga.lt\/en\/produktas\/trauma-ir-isgijimas\/","title":{"rendered":"Trauma ir i\u0161gijimas"},"content":{"rendered":"<p>Dr. Judith Lewis Herman \u2013 viena \u017eymiausi\u0173 pasaulyje traum\u0173 tyr\u0117j\u0173, Harvardo universiteto psichiatrijos profesor\u0117 ir Kembrid\u017eo ligonin\u0117s smurto auk\u0173 programos vadov\u0117, daugel\u012f apdovanojim\u0173 pelniusi\u0173 knyg\u0173 autor\u0117.<\/p>\n<p>Knygoje \u201eTrauma ir i\u0161gijimas&#8221; analizuojamas ry\u0161io atk\u016brimas tarp vie\u0161ojo ir asmeninio pasaulio, tarp individo ir bendruomen\u0117s, tarp vyr\u0173 ir moter\u0173. Tai knyga apie bendrum\u0105, kuris sieja prievartos aukas ir karo veteranus, smurt\u0105 patirian\u010dias moteris ir politinius kalinius, \u017emones, kurie i\u0161liko po tautas vald\u017eiusi\u0173 diktatori\u0173 sumanytose koncentracijos stovyklose patirto siaubo, ir t\u0173, kurie i\u0161tv\u0117r\u0117 priva\u010dias, slaptas \u201ekoncentracijos stovyklas&#8221;, \u012fkurtas namuose vie\u0161pataujan\u010di\u0173 tiron\u0173.<\/p>\n<p>\u201ePa\u010dios sunkiausios traumos \u2013 ne tos, kurias patiria \u017emon\u0117s, u\u017eklupti gamtos katastrof\u0173 ar technini\u0173 avarij\u0173, \u2013 toki\u0173 \u012fvyki\u0173 ty\u010dia niekas nesukelia, juose n\u0117ra piktos intencijos, jie i\u0161gyvenami kaip nelaimingi atsitikimai. Baisiausios mums \u2013 kit\u0173 \u017emoni\u0173 sukeltos kan\u010dios. Jos palieka skaud\u017eiausius p\u0117dsakus, nes tuomet susiduriame su kit\u0173 \u017emoni\u0173 pikta valia ir brutalia j\u0117ga, kuri\u0105 jie naudoja prie\u0161 mus. \u0160i knyga \u2013 apie i\u0161tv\u0117rusius tokias kan\u010dias. Apie sunkius ir ilgalaikius smurto padarinius. Apie daug kantryb\u0117s ir profesionalumo reikalaujant\u012f traum\u0173 auk\u0173 gydym\u0105.&#8221;<\/p>\n","protected":false},"excerpt":{"rendered":"<p>Dr. Judith Lewis Herman \u2013 viena \u017eymiausi\u0173 pasaulyje traum\u0173 tyr\u0117j\u0173, Harvardo universiteto psichiatrijos profesor\u0117 ir Kembrid\u017eo ligonin\u0117s smurto auk\u0173 programos vadov\u0117, daugel\u012f apdovanojim\u0173 pelniusi\u0173 knyg\u0173 autor\u0117. Knygoje \u201eTrauma ir i\u0161gijimas&#8221; analizuojamas ry\u0161io atk\u016brimas tarp vie\u0161ojo ir asmeninio pasaulio, tarp individo ir bendruomen\u0117s, tarp vyr\u0173 ir moter\u0173. Tai knyga apie bendrum\u0105, kuris sieja prievartos aukas ir karo veteranus, smurt\u0105 patirian\u010dias moteris ir politinius kalinius, \u017emones, kurie i\u0161liko po tautas vald\u017eiusi\u0173 diktatori\u0173 sumanytose koncentracijos stovyklose patirto siaubo, ir t\u0173, kurie i\u0161tv\u0117r\u0117 priva\u010dias, slaptas \u201ekoncentracijos stovyklas&#8221;, \u012fkurtas namuose vie\u0161pataujan\u010di\u0173 tiron\u0173. \u201ePa\u010dios sunkiausios traumos \u2013 ne tos, kurias patiria \u017emon\u0117s, u\u017eklupti gamtos katastrof\u0173 ar technini\u0173 avarij\u0173, \u2013 toki\u0173 \u012fvyki\u0173 ty\u010dia niekas nesukelia, juose n\u0117ra piktos intencijos, jie i\u0161gyvenami kaip nelaimingi atsitikimai. Baisiausios mums \u2013 kit\u0173 \u017emoni\u0173 sukeltos kan\u010dios. Jos palieka skaud\u017eiausius p\u0117dsakus, nes tuomet susiduriame su kit\u0173 \u017emoni\u0173 pikta valia ir brutalia j\u0117ga, kuri\u0105 jie naudoja prie\u0161 mus. \u0160i knyga \u2013 apie i\u0161tv\u0117rusius tokias kan\u010dias. Apie sunkius ir ilgalaikius smurto padarinius. Apie daug kantryb\u0117s ir profesionalumo reikalaujant\u012f traum\u0173 auk\u0173 gydym\u0105.&#8221;<\/p>\n","protected":false},"featured_media":19134,"comment_status":"open","ping_status":"closed","template":"","meta":{"_acf_changed":false,"site-sidebar-layout":"default","site-content-layout":"","ast-site-content-layout":"default","site-content-style":"default","site-sidebar-style":"default","ast-global-header-display":"","ast-banner-title-visibility":"","ast-main-header-display":"","ast-hfb-above-header-display":"","ast-hfb-below-header-display":"","ast-hfb-mobile-header-display":"","site-post-title":"","ast-breadcrumbs-content":"","ast-featured-img":"","footer-sml-layout":"","ast-disable-related-posts":"","theme-transparent-header-meta":"","adv-header-id-meta":"","stick-header-meta":"","header-above-stick-meta":"","header-main-stick-meta":"","header-below-stick-meta":"","astra-migrate-meta-layouts":"default","ast-page-background-enabled":"default","ast-page-background-meta":{"desktop":{"background-color":"","background-image":"","background-repeat":"repeat","background-position":"center center","background-size":"auto","background-attachment":"scroll","background-type":"","background-media":"","overlay-type":"","overlay-color":"","overlay-opacity":"","overlay-gradient":""},"tablet":{"background-color":"","background-image":"","background-repeat":"repeat","background-position":"center center","background-size":"auto","background-attachment":"scroll","background-type":"","background-media":"","overlay-type":"","overlay-color":"","overlay-opacity":"","overlay-gradient":""},"mobile":{"background-color":"","background-image":"","background-repeat":"repeat","background-position":"center center","background-size":"auto","background-attachment":"scroll","background-type":"","background-media":"","overlay-type":"","overlay-color":"","overlay-opacity":"","overlay-gradient":""}},"ast-content-background-meta":{"desktop":{"background-color":"var(--ast-global-color-4)","background-image":"","background-repeat":"repeat","background-position":"center center","background-size":"auto","background-attachment":"scroll","background-type":"","background-media":"","overlay-type":"","overlay-color":"","overlay-opacity":"","overlay-gradient":""},"tablet":{"background-color":"var(--ast-global-color-4)","background-image":"","background-repeat":"repeat","background-position":"center center","background-size":"auto","background-attachment":"scroll","background-type":"","background-media":"","overlay-type":"","overlay-color":"","overlay-opacity":"","overlay-gradient":""},"mobile":{"background-color":"var(--ast-global-color-4)","background-image":"","background-repeat":"repeat","background-position":"center center","background-size":"auto","background-attachment":"scroll","background-type":"","background-media":"","overlay-type":"","overlay-color":"","overlay-opacity":"","overlay-gradient":""}}},"product_brand":[],"product_cat":[15],"product_tag":[],"class_list":{"0":"post-19092","1":"product","2":"type-product","3":"status-publish","4":"has-post-thumbnail","6":"product_cat-uncategorized","7":"desktop-align-left","8":"tablet-align-left","9":"mobile-align-left","11":"first","12":"outofstock","13":"shipping-taxable","14":"purchasable","15":"product-type-simple"},"acf":[],"yoast_head":"<!-- This site is optimized with the Yoast SEO plugin v27.4 - https:\/\/yoast.com\/product\/yoast-seo-wordpress\/ -->\n<title>Trauma ir i\u0161gijimas<\/title>\n<meta name=\"description\" content=\"Dr. Judith Lewis Herman \u2013 viena \u017eymiausi\u0173 pasaulyje traum\u0173 tyr\u0117j\u0173, Harvardo universiteto psichiatrijos profesor\u0117 ir Kembrid\u017eo ligonin\u0117s smurto auk\u0173\" \/>\n<meta name=\"robots\" content=\"index, follow, max-snippet:-1, max-image-preview:large, max-video-preview:-1\" \/>\n<link rel=\"canonical\" href=\"https:\/\/skaitytaknyga.lt\/en\/produktas\/trauma-ir-isgijimas\/\" \/>\n<meta property=\"og:locale\" content=\"en_GB\" \/>\n<meta property=\"og:locale:alternate\" content=\"lt_LT\" \/>\n<meta property=\"og:type\" content=\"article\" \/>\n<meta property=\"og:title\" content=\"Trauma ir i\u0161gijimas\" \/>\n<meta property=\"og:description\" content=\"Dr. Judith Lewis Herman \u2013 viena \u017eymiausi\u0173 pasaulyje traum\u0173 tyr\u0117j\u0173, Harvardo universiteto psichiatrijos profesor\u0117 ir Kembrid\u017eo ligonin\u0117s smurto auk\u0173\" \/>\n<meta property=\"og:url\" content=\"https:\/\/skaitytaknyga.lt\/en\/produktas\/trauma-ir-isgijimas\/\" \/>\n<meta property=\"og:site_name\" content=\"Skaitytaknyga\" \/>\n<meta property=\"article:publisher\" content=\"https:\/\/www.facebook.com\/skaitytaknyga\/\" \/>\n<meta property=\"article:modified_time\" content=\"2025-09-04T18:25:28+00:00\" \/>\n<meta property=\"og:image\" content=\"https:\/\/skaitytaknyga.lt\/wp-content\/uploads\/2025\/07\/Trauma-ir-isgijimas-e1751455497642.webp\" \/>\n\t<meta property=\"og:image:width\" content=\"267\" \/>\n\t<meta property=\"og:image:height\" content=\"409\" \/>\n\t<meta property=\"og:image:type\" content=\"image\/webp\" \/>\n<meta name=\"twitter:card\" content=\"summary_large_image\" \/>\n<meta name=\"twitter:label1\" content=\"Estimated reading time\" \/>\n\t<meta name=\"twitter:data1\" content=\"1 minute\" \/>\n<script type=\"application\/ld+json\" class=\"yoast-schema-graph\">{\"@context\":\"https:\\\/\\\/schema.org\",\"@graph\":[{\"@type\":\"WebPage\",\"@id\":\"https:\\\/\\\/skaitytaknyga.lt\\\/produktas\\\/trauma-ir-isgijimas\\\/\",\"url\":\"https:\\\/\\\/skaitytaknyga.lt\\\/produktas\\\/trauma-ir-isgijimas\\\/\",\"name\":\"Trauma ir i\u0161gijimas\",\"isPartOf\":{\"@id\":\"https:\\\/\\\/skaitytaknyga.lt\\\/#website\"},\"primaryImageOfPage\":{\"@id\":\"https:\\\/\\\/skaitytaknyga.lt\\\/produktas\\\/trauma-ir-isgijimas\\\/#primaryimage\"},\"image\":{\"@id\":\"https:\\\/\\\/skaitytaknyga.lt\\\/produktas\\\/trauma-ir-isgijimas\\\/#primaryimage\"},\"thumbnailUrl\":\"https:\\\/\\\/skaitytaknyga.lt\\\/wp-content\\\/uploads\\\/2025\\\/07\\\/Trauma-ir-isgijimas-e1751455497642.webp\",\"datePublished\":\"2025-06-28T13:49:04+00:00\",\"dateModified\":\"2025-09-04T18:25:28+00:00\",\"description\":\"Dr. Judith Lewis Herman \u2013 viena \u017eymiausi\u0173 pasaulyje traum\u0173 tyr\u0117j\u0173, Harvardo universiteto psichiatrijos profesor\u0117 ir Kembrid\u017eo ligonin\u0117s smurto auk\u0173\",\"breadcrumb\":{\"@id\":\"https:\\\/\\\/skaitytaknyga.lt\\\/produktas\\\/trauma-ir-isgijimas\\\/#breadcrumb\"},\"inLanguage\":\"en-GB\",\"potentialAction\":[{\"@type\":\"ReadAction\",\"target\":[\"https:\\\/\\\/skaitytaknyga.lt\\\/produktas\\\/trauma-ir-isgijimas\\\/\"]}]},{\"@type\":\"ImageObject\",\"inLanguage\":\"en-GB\",\"@id\":\"https:\\\/\\\/skaitytaknyga.lt\\\/produktas\\\/trauma-ir-isgijimas\\\/#primaryimage\",\"url\":\"https:\\\/\\\/skaitytaknyga.lt\\\/wp-content\\\/uploads\\\/2025\\\/07\\\/Trauma-ir-isgijimas-e1751455497642.webp\",\"contentUrl\":\"https:\\\/\\\/skaitytaknyga.lt\\\/wp-content\\\/uploads\\\/2025\\\/07\\\/Trauma-ir-isgijimas-e1751455497642.webp\",\"width\":267,\"height\":409,\"caption\":\"Trauma ir i\u0161gijimas\"},{\"@type\":\"BreadcrumbList\",\"@id\":\"https:\\\/\\\/skaitytaknyga.lt\\\/produktas\\\/trauma-ir-isgijimas\\\/#breadcrumb\",\"itemListElement\":[{\"@type\":\"ListItem\",\"position\":1,\"name\":\"Home\",\"item\":\"https:\\\/\\\/skaitytaknyga.lt\\\/\"},{\"@type\":\"ListItem\",\"position\":2,\"name\":\"Parduotuv\u0117\",\"item\":\"https:\\\/\\\/skaitytaknyga.lt\\\/knygu-parduotuve\\\/\"},{\"@type\":\"ListItem\",\"position\":3,\"name\":\"Trauma ir i\u0161gijimas\"}]},{\"@type\":\"WebSite\",\"@id\":\"https:\\\/\\\/skaitytaknyga.lt\\\/#website\",\"url\":\"https:\\\/\\\/skaitytaknyga.lt\\\/\",\"name\":\"skaitytaknyga.lt\",\"description\":\"Skaitytaknyga.lt \u2013 tai ma\u017eas \u0161eimos verslas, kuris prasid\u0117jo nuo meil\u0117s knygoms ir siekio i\u0161gelb\u0117ti knygas nuo likimo prie konteinerio. Kas vienam nereikalingas daiktas \u2013 kitam lobis, o mes esame tarpininkai, kurie padeda abiems tapti laimingesniems ???? \u017dinome kaip nelengva i\u0161gyventi ma\u017eiems verslams, tad nuo \u0161iol, \u010dia rasite ir kit\u0173, ma\u017e\u0173 \u0161eim\u0173 versl\u0173, rank\u0173 darbo, dovan\u0173 sau ir artimiesiems.\",\"publisher\":{\"@id\":\"https:\\\/\\\/skaitytaknyga.lt\\\/#organization\"},\"potentialAction\":[{\"@type\":\"SearchAction\",\"target\":{\"@type\":\"EntryPoint\",\"urlTemplate\":\"https:\\\/\\\/skaitytaknyga.lt\\\/?s={search_term_string}\"},\"query-input\":{\"@type\":\"PropertyValueSpecification\",\"valueRequired\":true,\"valueName\":\"search_term_string\"}}],\"inLanguage\":\"en-GB\"},{\"@type\":\"Organization\",\"@id\":\"https:\\\/\\\/skaitytaknyga.lt\\\/#organization\",\"name\":\"skaitytaknyga.lt\",\"url\":\"https:\\\/\\\/skaitytaknyga.lt\\\/\",\"logo\":{\"@type\":\"ImageObject\",\"inLanguage\":\"en-GB\",\"@id\":\"https:\\\/\\\/skaitytaknyga.lt\\\/#\\\/schema\\\/logo\\\/image\\\/\",\"url\":\"https:\\\/\\\/skaitytaknyga.lt\\\/wp-content\\\/uploads\\\/2024\\\/05\\\/cropped-cropped-cropped-02_00843_jt3bggkj1j3HLc7SyY6rEUpg.jpeg\",\"contentUrl\":\"https:\\\/\\\/skaitytaknyga.lt\\\/wp-content\\\/uploads\\\/2024\\\/05\\\/cropped-cropped-cropped-02_00843_jt3bggkj1j3HLc7SyY6rEUpg.jpeg\",\"width\":1600,\"height\":1600,\"caption\":\"skaitytaknyga.lt\"},\"image\":{\"@id\":\"https:\\\/\\\/skaitytaknyga.lt\\\/#\\\/schema\\\/logo\\\/image\\\/\"},\"sameAs\":[\"https:\\\/\\\/www.facebook.com\\\/skaitytaknyga\\\/\"]}]}<\/script>\n<!-- \/ Yoast SEO plugin. -->","yoast_head_json":{"title":"Trauma ir i\u0161gijimas","description":"Dr. Judith Lewis Herman \u2013 viena \u017eymiausi\u0173 pasaulyje traum\u0173 tyr\u0117j\u0173, Harvardo universiteto psichiatrijos profesor\u0117 ir Kembrid\u017eo ligonin\u0117s smurto auk\u0173","robots":{"index":"index","follow":"follow","max-snippet":"max-snippet:-1","max-image-preview":"max-image-preview:large","max-video-preview":"max-video-preview:-1"},"canonical":"https:\/\/skaitytaknyga.lt\/en\/produktas\/trauma-ir-isgijimas\/","og_locale":"en_GB","og_type":"article","og_title":"[:lt]Trauma ir i\u0161gijimas[:] - Skaitytaknyga","og_description":"Dr. Judith Lewis Herman \u2013 viena \u017eymiausi\u0173 pasaulyje traum\u0173 tyr\u0117j\u0173, Harvardo universiteto psichiatrijos profesor\u0117 ir Kembrid\u017eo ligonin\u0117s smurto auk\u0173","og_url":"https:\/\/skaitytaknyga.lt\/en\/produktas\/trauma-ir-isgijimas\/","og_site_name":"Skaitytaknyga","article_publisher":"https:\/\/www.facebook.com\/skaitytaknyga\/","article_modified_time":"2025-09-04T18:25:28+00:00","og_image":[{"width":267,"height":409,"url":"https:\/\/skaitytaknyga.lt\/wp-content\/uploads\/2025\/07\/Trauma-ir-isgijimas-e1751455497642.webp","type":"image\/webp"}],"twitter_card":"summary_large_image","twitter_misc":{"Estimated reading time":"1 minute"},"schema":{"@context":"https:\/\/schema.org","@graph":[{"@type":"WebPage","@id":"https:\/\/skaitytaknyga.lt\/produktas\/trauma-ir-isgijimas\/","url":"https:\/\/skaitytaknyga.lt\/produktas\/trauma-ir-isgijimas\/","name":"Trauma ir i\u0161gijimas","isPartOf":{"@id":"https:\/\/skaitytaknyga.lt\/#website"},"primaryImageOfPage":{"@id":"https:\/\/skaitytaknyga.lt\/produktas\/trauma-ir-isgijimas\/#primaryimage"},"image":{"@id":"https:\/\/skaitytaknyga.lt\/produktas\/trauma-ir-isgijimas\/#primaryimage"},"thumbnailUrl":"https:\/\/skaitytaknyga.lt\/wp-content\/uploads\/2025\/07\/Trauma-ir-isgijimas-e1751455497642.webp","datePublished":"2025-06-28T13:49:04+00:00","dateModified":"2025-09-04T18:25:28+00:00","description":"Dr. Judith Lewis Herman \u2013 viena \u017eymiausi\u0173 pasaulyje traum\u0173 tyr\u0117j\u0173, Harvardo universiteto psichiatrijos profesor\u0117 ir Kembrid\u017eo ligonin\u0117s smurto auk\u0173","breadcrumb":{"@id":"https:\/\/skaitytaknyga.lt\/produktas\/trauma-ir-isgijimas\/#breadcrumb"},"inLanguage":"en-GB","potentialAction":[{"@type":"ReadAction","target":["https:\/\/skaitytaknyga.lt\/produktas\/trauma-ir-isgijimas\/"]}]},{"@type":"ImageObject","inLanguage":"en-GB","@id":"https:\/\/skaitytaknyga.lt\/produktas\/trauma-ir-isgijimas\/#primaryimage","url":"https:\/\/skaitytaknyga.lt\/wp-content\/uploads\/2025\/07\/Trauma-ir-isgijimas-e1751455497642.webp","contentUrl":"https:\/\/skaitytaknyga.lt\/wp-content\/uploads\/2025\/07\/Trauma-ir-isgijimas-e1751455497642.webp","width":267,"height":409,"caption":"Trauma ir i\u0161gijimas"},{"@type":"BreadcrumbList","@id":"https:\/\/skaitytaknyga.lt\/produktas\/trauma-ir-isgijimas\/#breadcrumb","itemListElement":[{"@type":"ListItem","position":1,"name":"Home","item":"https:\/\/skaitytaknyga.lt\/"},{"@type":"ListItem","position":2,"name":"Parduotuv\u0117","item":"https:\/\/skaitytaknyga.lt\/knygu-parduotuve\/"},{"@type":"ListItem","position":3,"name":"Trauma ir i\u0161gijimas"}]},{"@type":"WebSite","@id":"https:\/\/skaitytaknyga.lt\/#website","url":"https:\/\/skaitytaknyga.lt\/","name":"skaitytaknyga.lt","description":"Skaitytaknyga.lt \u2013 tai ma\u017eas \u0161eimos verslas, kuris prasid\u0117jo nuo meil\u0117s knygoms ir siekio i\u0161gelb\u0117ti knygas nuo likimo prie konteinerio. Kas vienam nereikalingas daiktas \u2013 kitam lobis, o mes esame tarpininkai, kurie padeda abiems tapti laimingesniems ???? \u017dinome kaip nelengva i\u0161gyventi ma\u017eiems verslams, tad nuo \u0161iol, \u010dia rasite ir kit\u0173, ma\u017e\u0173 \u0161eim\u0173 versl\u0173, rank\u0173 darbo, dovan\u0173 sau ir artimiesiems.","publisher":{"@id":"https:\/\/skaitytaknyga.lt\/#organization"},"potentialAction":[{"@type":"SearchAction","target":{"@type":"EntryPoint","urlTemplate":"https:\/\/skaitytaknyga.lt\/?s={search_term_string}"},"query-input":{"@type":"PropertyValueSpecification","valueRequired":true,"valueName":"search_term_string"}}],"inLanguage":"en-GB"},{"@type":"Organization","@id":"https:\/\/skaitytaknyga.lt\/#organization","name":"skaitytaknyga.lt","url":"https:\/\/skaitytaknyga.lt\/","logo":{"@type":"ImageObject","inLanguage":"en-GB","@id":"https:\/\/skaitytaknyga.lt\/#\/schema\/logo\/image\/","url":"https:\/\/skaitytaknyga.lt\/wp-content\/uploads\/2024\/05\/cropped-cropped-cropped-02_00843_jt3bggkj1j3HLc7SyY6rEUpg.jpeg","contentUrl":"https:\/\/skaitytaknyga.lt\/wp-content\/uploads\/2024\/05\/cropped-cropped-cropped-02_00843_jt3bggkj1j3HLc7SyY6rEUpg.jpeg","width":1600,"height":1600,"caption":"skaitytaknyga.lt"},"image":{"@id":"https:\/\/skaitytaknyga.lt\/#\/schema\/logo\/image\/"},"sameAs":["https:\/\/www.facebook.com\/skaitytaknyga\/"]}]}},"_links":{"self":[{"href":"https:\/\/skaitytaknyga.lt\/en\/wp-json\/wp\/v2\/product\/19092","targetHints":{"allow":["GET"]}}],"collection":[{"href":"https:\/\/skaitytaknyga.lt\/en\/wp-json\/wp\/v2\/product"}],"about":[{"href":"https:\/\/skaitytaknyga.lt\/en\/wp-json\/wp\/v2\/types\/product"}],"replies":[{"embeddable":true,"href":"https:\/\/skaitytaknyga.lt\/en\/wp-json\/wp\/v2\/comments?post=19092"}],"wp:featuredmedia":[{"embeddable":true,"href":"https:\/\/skaitytaknyga.lt\/en\/wp-json\/wp\/v2\/media\/19134"}],"wp:attachment":[{"href":"https:\/\/skaitytaknyga.lt\/en\/wp-json\/wp\/v2\/media?parent=19092"}],"wp:term":[{"taxonomy":"product_brand","embeddable":true,"href":"https:\/\/skaitytaknyga.lt\/en\/wp-json\/wp\/v2\/product_brand?post=19092"},{"taxonomy":"product_cat","embeddable":true,"href":"https:\/\/skaitytaknyga.lt\/en\/wp-json\/wp\/v2\/product_cat?post=19092"},{"taxonomy":"product_tag","embeddable":true,"href":"https:\/\/skaitytaknyga.lt\/en\/wp-json\/wp\/v2\/product_tag?post=19092"}],"curies":[{"name":"wp","href":"https:\/\/api.w.org\/{rel}","templated":true}]}}