{"id":19091,"date":"2025-06-28T16:49:01","date_gmt":"2025-06-28T13:49:01","guid":{"rendered":"https:\/\/skaitytaknyga.lt\/?post_type=product&#038;p=19091"},"modified":"2025-08-01T08:24:17","modified_gmt":"2025-08-01T05:24:17","slug":"rinkodara-nuo-klasikines-teorijos-iki-siuolaikinio-pritaikymo","status":"publish","type":"product","link":"https:\/\/skaitytaknyga.lt\/en\/produktas\/rinkodara-nuo-klasikines-teorijos-iki-siuolaikinio-pritaikymo\/","title":{"rendered":"Rinkodara: nuo klasikin\u0117s teorijos iki \u0161iuolaikinio pritaikymo"},"content":{"rendered":"<p>Leidinio med\u017eiaga sudomins smalsius \u017emones, neturin\u010dius laiko skaityti stor\u0173 knyg\u0173, ta\u010diau norin\u010dius suprasti rinkodaros esm\u0119, nuodugniau pa\u017einti praktines rinkodaros komplekso priemoni\u0173 taikymo galimybes kuriant nauj\u0105 prek\u0119, suprasti, kokiems rinkodaros specialistams priklauso ateitis: ar tiems, kurie fizi\u0161kai nepaj\u0117gdami susiie\u0161koti vartotoj\u0173 dideliais kiekiais siun\u010dia nepageidaujamus rinkodaros prane\u0161imus, tik\u0117damiesi, kad \u0161ie atsi\u0173s jiems pinig\u0173, ar tiems, kurie sukuria pagrind\u0105 ir veikia ten, kur susidom\u0117j\u0119 \u017emon\u0117s gali tarpusavyje vykdyti rinkodar\u0105, suburia vartotoj\u0173 tinklus, pasitraukia i\u0161 kelio ir leid\u017eia vartotojams kalb\u0117ti.<\/p>\n","protected":false},"excerpt":{"rendered":"<p>Leidinio med\u017eiaga sudomins smalsius \u017emones, neturin\u010dius laiko skaityti stor\u0173 knyg\u0173, ta\u010diau norin\u010dius suprasti rinkodaros esm\u0119, nuodugniau pa\u017einti praktines rinkodaros komplekso priemoni\u0173 taikymo galimybes kuriant nauj\u0105 prek\u0119, suprasti, kokiems rinkodaros specialistams priklauso ateitis: ar tiems, kurie fizi\u0161kai nepaj\u0117gdami susiie\u0161koti vartotoj\u0173 dideliais kiekiais siun\u010dia nepageidaujamus rinkodaros prane\u0161imus, tik\u0117damiesi, kad \u0161ie atsi\u0173s jiems pinig\u0173, ar tiems, kurie sukuria pagrind\u0105 ir veikia ten, kur susidom\u0117j\u0119 \u017emon\u0117s gali tarpusavyje vykdyti rinkodar\u0105, suburia vartotoj\u0173 tinklus, pasitraukia i\u0161 kelio ir leid\u017eia vartotojams kalb\u0117ti.<\/p>\n","protected":false},"featured_media":19135,"comment_status":"open","ping_status":"closed","template":"","meta":{"_acf_changed":false,"site-sidebar-layout":"default","site-content-layout":"","ast-site-content-layout":"default","site-content-style":"default","site-sidebar-style":"default","ast-global-header-display":"","ast-banner-title-visibility":"","ast-main-header-display":"","ast-hfb-above-header-display":"","ast-hfb-below-header-display":"","ast-hfb-mobile-header-display":"","site-post-title":"","ast-breadcrumbs-content":"","ast-featured-img":"","footer-sml-layout":"","ast-disable-related-posts":"","theme-transparent-header-meta":"","adv-header-id-meta":"","stick-header-meta":"","header-above-stick-meta":"","header-main-stick-meta":"","header-below-stick-meta":"","astra-migrate-meta-layouts":"default","ast-page-background-enabled":"default","ast-page-background-meta":{"desktop":{"background-color":"","background-image":"","background-repeat":"repeat","background-position":"center center","background-size":"auto","background-attachment":"scroll","background-type":"","background-media":"","overlay-type":"","overlay-color":"","overlay-opacity":"","overlay-gradient":""},"tablet":{"background-color":"","background-image":"","background-repeat":"repeat","background-position":"center center","background-size":"auto","background-attachment":"scroll","background-type":"","background-media":"","overlay-type":"","overlay-color":"","overlay-opacity":"","overlay-gradient":""},"mobile":{"background-color":"","background-image":"","background-repeat":"repeat","background-position":"center center","background-size":"auto","background-attachment":"scroll","background-type":"","background-media":"","overlay-type":"","overlay-color":"","overlay-opacity":"","overlay-gradient":""}},"ast-content-background-meta":{"desktop":{"background-color":"var(--ast-global-color-4)","background-image":"","background-repeat":"repeat","background-position":"center center","background-size":"auto","background-attachment":"scroll","background-type":"","background-media":"","overlay-type":"","overlay-color":"","overlay-opacity":"","overlay-gradient":""},"tablet":{"background-color":"var(--ast-global-color-4)","background-image":"","background-repeat":"repeat","background-position":"center center","background-size":"auto","background-attachment":"scroll","background-type":"","background-media":"","overlay-type":"","overlay-color":"","overlay-opacity":"","overlay-gradient":""},"mobile":{"background-color":"var(--ast-global-color-4)","background-image":"","background-repeat":"repeat","background-position":"center center","background-size":"auto","background-attachment":"scroll","background-type":"","background-media":"","overlay-type":"","overlay-color":"","overlay-opacity":"","overlay-gradient":""}}},"product_brand":[],"product_cat":[26],"product_tag":[],"class_list":{"0":"post-19091","1":"product","2":"type-product","3":"status-publish","4":"has-post-thumbnail","6":"product_cat-verslas-vadyba-ir-finansai","7":"desktop-align-left","8":"tablet-align-left","9":"mobile-align-left","11":"first","12":"instock","13":"shipping-taxable","14":"purchasable","15":"product-type-simple"},"acf":[],"yoast_head":"<!-- This site is optimized with the Yoast SEO plugin v27.4 - https:\/\/yoast.com\/product\/yoast-seo-wordpress\/ -->\n<title>Rinkodara: nuo klasikin\u0117s teorijos iki \u0161iuolaikinio pritaikymo<\/title>\n<meta name=\"description\" content=\"Leidinio med\u017eiaga sudomins smalsius \u017emones, neturin\u010dius laiko skaityti stor\u0173 knyg\u0173, ta\u010diau norin\u010dius suprasti rinkodaros esm\u0119, nuodugniau pa\u017einti\" \/>\n<meta name=\"robots\" content=\"index, follow, max-snippet:-1, max-image-preview:large, max-video-preview:-1\" \/>\n<link rel=\"canonical\" href=\"https:\/\/skaitytaknyga.lt\/en\/produktas\/rinkodara-nuo-klasikines-teorijos-iki-siuolaikinio-pritaikymo\/\" \/>\n<meta property=\"og:locale\" content=\"en_GB\" \/>\n<meta property=\"og:locale:alternate\" content=\"lt_LT\" \/>\n<meta property=\"og:type\" content=\"article\" \/>\n<meta property=\"og:title\" content=\"Rinkodara: nuo klasikin\u0117s teorijos iki \u0161iuolaikinio pritaikymo\" \/>\n<meta property=\"og:description\" content=\"Leidinio med\u017eiaga sudomins smalsius \u017emones, neturin\u010dius laiko skaityti stor\u0173 knyg\u0173, ta\u010diau norin\u010dius suprasti rinkodaros esm\u0119, nuodugniau pa\u017einti\" \/>\n<meta property=\"og:url\" content=\"https:\/\/skaitytaknyga.lt\/en\/produktas\/rinkodara-nuo-klasikines-teorijos-iki-siuolaikinio-pritaikymo\/\" \/>\n<meta property=\"og:site_name\" content=\"Skaitytaknyga\" \/>\n<meta property=\"article:publisher\" content=\"https:\/\/www.facebook.com\/skaitytaknyga\/\" \/>\n<meta property=\"article:modified_time\" content=\"2025-08-01T05:24:17+00:00\" \/>\n<meta property=\"og:image\" content=\"https:\/\/skaitytaknyga.lt\/wp-content\/uploads\/2025\/07\/Rinkodara-nuo-klasikines-teorijos-iki-siuolaikinio-pritaikymo.webp\" \/>\n\t<meta property=\"og:image:width\" content=\"519\" \/>\n\t<meta property=\"og:image:height\" content=\"801\" \/>\n\t<meta property=\"og:image:type\" content=\"image\/webp\" \/>\n<meta name=\"twitter:card\" content=\"summary_large_image\" \/>\n<script type=\"application\/ld+json\" class=\"yoast-schema-graph\">{\"@context\":\"https:\\\/\\\/schema.org\",\"@graph\":[{\"@type\":\"WebPage\",\"@id\":\"https:\\\/\\\/skaitytaknyga.lt\\\/produktas\\\/rinkodara-nuo-klasikines-teorijos-iki-siuolaikinio-pritaikymo\\\/\",\"url\":\"https:\\\/\\\/skaitytaknyga.lt\\\/produktas\\\/rinkodara-nuo-klasikines-teorijos-iki-siuolaikinio-pritaikymo\\\/\",\"name\":\"Rinkodara: nuo klasikin\u0117s teorijos iki \u0161iuolaikinio pritaikymo\",\"isPartOf\":{\"@id\":\"https:\\\/\\\/skaitytaknyga.lt\\\/#website\"},\"primaryImageOfPage\":{\"@id\":\"https:\\\/\\\/skaitytaknyga.lt\\\/produktas\\\/rinkodara-nuo-klasikines-teorijos-iki-siuolaikinio-pritaikymo\\\/#primaryimage\"},\"image\":{\"@id\":\"https:\\\/\\\/skaitytaknyga.lt\\\/produktas\\\/rinkodara-nuo-klasikines-teorijos-iki-siuolaikinio-pritaikymo\\\/#primaryimage\"},\"thumbnailUrl\":\"https:\\\/\\\/skaitytaknyga.lt\\\/wp-content\\\/uploads\\\/2025\\\/07\\\/Rinkodara-nuo-klasikines-teorijos-iki-siuolaikinio-pritaikymo.webp\",\"datePublished\":\"2025-06-28T13:49:01+00:00\",\"dateModified\":\"2025-08-01T05:24:17+00:00\",\"description\":\"Leidinio med\u017eiaga sudomins smalsius \u017emones, neturin\u010dius laiko skaityti stor\u0173 knyg\u0173, ta\u010diau norin\u010dius suprasti rinkodaros esm\u0119, nuodugniau pa\u017einti\",\"breadcrumb\":{\"@id\":\"https:\\\/\\\/skaitytaknyga.lt\\\/produktas\\\/rinkodara-nuo-klasikines-teorijos-iki-siuolaikinio-pritaikymo\\\/#breadcrumb\"},\"inLanguage\":\"en-GB\",\"potentialAction\":[{\"@type\":\"ReadAction\",\"target\":[\"https:\\\/\\\/skaitytaknyga.lt\\\/produktas\\\/rinkodara-nuo-klasikines-teorijos-iki-siuolaikinio-pritaikymo\\\/\"]}]},{\"@type\":\"ImageObject\",\"inLanguage\":\"en-GB\",\"@id\":\"https:\\\/\\\/skaitytaknyga.lt\\\/produktas\\\/rinkodara-nuo-klasikines-teorijos-iki-siuolaikinio-pritaikymo\\\/#primaryimage\",\"url\":\"https:\\\/\\\/skaitytaknyga.lt\\\/wp-content\\\/uploads\\\/2025\\\/07\\\/Rinkodara-nuo-klasikines-teorijos-iki-siuolaikinio-pritaikymo.webp\",\"contentUrl\":\"https:\\\/\\\/skaitytaknyga.lt\\\/wp-content\\\/uploads\\\/2025\\\/07\\\/Rinkodara-nuo-klasikines-teorijos-iki-siuolaikinio-pritaikymo.webp\",\"width\":519,\"height\":801,\"caption\":\"Rinkodara: nuo klasikin\u0117s teorijos iki \u0161iuolaikinio pritaikymo\"},{\"@type\":\"BreadcrumbList\",\"@id\":\"https:\\\/\\\/skaitytaknyga.lt\\\/produktas\\\/rinkodara-nuo-klasikines-teorijos-iki-siuolaikinio-pritaikymo\\\/#breadcrumb\",\"itemListElement\":[{\"@type\":\"ListItem\",\"position\":1,\"name\":\"Home\",\"item\":\"https:\\\/\\\/skaitytaknyga.lt\\\/\"},{\"@type\":\"ListItem\",\"position\":2,\"name\":\"Parduotuv\u0117\",\"item\":\"https:\\\/\\\/skaitytaknyga.lt\\\/knygu-parduotuve\\\/\"},{\"@type\":\"ListItem\",\"position\":3,\"name\":\"Rinkodara: nuo klasikin\u0117s teorijos iki \u0161iuolaikinio pritaikymo\"}]},{\"@type\":\"WebSite\",\"@id\":\"https:\\\/\\\/skaitytaknyga.lt\\\/#website\",\"url\":\"https:\\\/\\\/skaitytaknyga.lt\\\/\",\"name\":\"skaitytaknyga.lt\",\"description\":\"Skaitytaknyga.lt \u2013 tai ma\u017eas \u0161eimos verslas, kuris prasid\u0117jo nuo meil\u0117s knygoms ir siekio i\u0161gelb\u0117ti knygas nuo likimo prie konteinerio. Kas vienam nereikalingas daiktas \u2013 kitam lobis, o mes esame tarpininkai, kurie padeda abiems tapti laimingesniems ???? \u017dinome kaip nelengva i\u0161gyventi ma\u017eiems verslams, tad nuo \u0161iol, \u010dia rasite ir kit\u0173, ma\u017e\u0173 \u0161eim\u0173 versl\u0173, rank\u0173 darbo, dovan\u0173 sau ir artimiesiems.\",\"publisher\":{\"@id\":\"https:\\\/\\\/skaitytaknyga.lt\\\/#organization\"},\"potentialAction\":[{\"@type\":\"SearchAction\",\"target\":{\"@type\":\"EntryPoint\",\"urlTemplate\":\"https:\\\/\\\/skaitytaknyga.lt\\\/?s={search_term_string}\"},\"query-input\":{\"@type\":\"PropertyValueSpecification\",\"valueRequired\":true,\"valueName\":\"search_term_string\"}}],\"inLanguage\":\"en-GB\"},{\"@type\":\"Organization\",\"@id\":\"https:\\\/\\\/skaitytaknyga.lt\\\/#organization\",\"name\":\"skaitytaknyga.lt\",\"url\":\"https:\\\/\\\/skaitytaknyga.lt\\\/\",\"logo\":{\"@type\":\"ImageObject\",\"inLanguage\":\"en-GB\",\"@id\":\"https:\\\/\\\/skaitytaknyga.lt\\\/#\\\/schema\\\/logo\\\/image\\\/\",\"url\":\"https:\\\/\\\/skaitytaknyga.lt\\\/wp-content\\\/uploads\\\/2024\\\/05\\\/cropped-cropped-cropped-02_00843_jt3bggkj1j3HLc7SyY6rEUpg.jpeg\",\"contentUrl\":\"https:\\\/\\\/skaitytaknyga.lt\\\/wp-content\\\/uploads\\\/2024\\\/05\\\/cropped-cropped-cropped-02_00843_jt3bggkj1j3HLc7SyY6rEUpg.jpeg\",\"width\":1600,\"height\":1600,\"caption\":\"skaitytaknyga.lt\"},\"image\":{\"@id\":\"https:\\\/\\\/skaitytaknyga.lt\\\/#\\\/schema\\\/logo\\\/image\\\/\"},\"sameAs\":[\"https:\\\/\\\/www.facebook.com\\\/skaitytaknyga\\\/\"]}]}<\/script>\n<!-- \/ Yoast SEO plugin. -->","yoast_head_json":{"title":"Rinkodara: nuo klasikin\u0117s teorijos iki \u0161iuolaikinio pritaikymo","description":"Leidinio med\u017eiaga sudomins smalsius \u017emones, neturin\u010dius laiko skaityti stor\u0173 knyg\u0173, ta\u010diau norin\u010dius suprasti rinkodaros esm\u0119, nuodugniau pa\u017einti","robots":{"index":"index","follow":"follow","max-snippet":"max-snippet:-1","max-image-preview":"max-image-preview:large","max-video-preview":"max-video-preview:-1"},"canonical":"https:\/\/skaitytaknyga.lt\/en\/produktas\/rinkodara-nuo-klasikines-teorijos-iki-siuolaikinio-pritaikymo\/","og_locale":"en_GB","og_type":"article","og_title":"[:lt]Rinkodara: nuo klasikin\u0117s teorijos iki \u0161iuolaikinio pritaikymo[:] - Skaitytaknyga","og_description":"Leidinio med\u017eiaga sudomins smalsius \u017emones, neturin\u010dius laiko skaityti stor\u0173 knyg\u0173, ta\u010diau norin\u010dius suprasti rinkodaros esm\u0119, nuodugniau pa\u017einti","og_url":"https:\/\/skaitytaknyga.lt\/en\/produktas\/rinkodara-nuo-klasikines-teorijos-iki-siuolaikinio-pritaikymo\/","og_site_name":"Skaitytaknyga","article_publisher":"https:\/\/www.facebook.com\/skaitytaknyga\/","article_modified_time":"2025-08-01T05:24:17+00:00","og_image":[{"width":519,"height":801,"url":"https:\/\/skaitytaknyga.lt\/wp-content\/uploads\/2025\/07\/Rinkodara-nuo-klasikines-teorijos-iki-siuolaikinio-pritaikymo.webp","type":"image\/webp"}],"twitter_card":"summary_large_image","schema":{"@context":"https:\/\/schema.org","@graph":[{"@type":"WebPage","@id":"https:\/\/skaitytaknyga.lt\/produktas\/rinkodara-nuo-klasikines-teorijos-iki-siuolaikinio-pritaikymo\/","url":"https:\/\/skaitytaknyga.lt\/produktas\/rinkodara-nuo-klasikines-teorijos-iki-siuolaikinio-pritaikymo\/","name":"Rinkodara: nuo klasikin\u0117s teorijos iki \u0161iuolaikinio pritaikymo","isPartOf":{"@id":"https:\/\/skaitytaknyga.lt\/#website"},"primaryImageOfPage":{"@id":"https:\/\/skaitytaknyga.lt\/produktas\/rinkodara-nuo-klasikines-teorijos-iki-siuolaikinio-pritaikymo\/#primaryimage"},"image":{"@id":"https:\/\/skaitytaknyga.lt\/produktas\/rinkodara-nuo-klasikines-teorijos-iki-siuolaikinio-pritaikymo\/#primaryimage"},"thumbnailUrl":"https:\/\/skaitytaknyga.lt\/wp-content\/uploads\/2025\/07\/Rinkodara-nuo-klasikines-teorijos-iki-siuolaikinio-pritaikymo.webp","datePublished":"2025-06-28T13:49:01+00:00","dateModified":"2025-08-01T05:24:17+00:00","description":"Leidinio med\u017eiaga sudomins smalsius \u017emones, neturin\u010dius laiko skaityti stor\u0173 knyg\u0173, ta\u010diau norin\u010dius suprasti rinkodaros esm\u0119, nuodugniau pa\u017einti","breadcrumb":{"@id":"https:\/\/skaitytaknyga.lt\/produktas\/rinkodara-nuo-klasikines-teorijos-iki-siuolaikinio-pritaikymo\/#breadcrumb"},"inLanguage":"en-GB","potentialAction":[{"@type":"ReadAction","target":["https:\/\/skaitytaknyga.lt\/produktas\/rinkodara-nuo-klasikines-teorijos-iki-siuolaikinio-pritaikymo\/"]}]},{"@type":"ImageObject","inLanguage":"en-GB","@id":"https:\/\/skaitytaknyga.lt\/produktas\/rinkodara-nuo-klasikines-teorijos-iki-siuolaikinio-pritaikymo\/#primaryimage","url":"https:\/\/skaitytaknyga.lt\/wp-content\/uploads\/2025\/07\/Rinkodara-nuo-klasikines-teorijos-iki-siuolaikinio-pritaikymo.webp","contentUrl":"https:\/\/skaitytaknyga.lt\/wp-content\/uploads\/2025\/07\/Rinkodara-nuo-klasikines-teorijos-iki-siuolaikinio-pritaikymo.webp","width":519,"height":801,"caption":"Rinkodara: nuo klasikin\u0117s teorijos iki \u0161iuolaikinio pritaikymo"},{"@type":"BreadcrumbList","@id":"https:\/\/skaitytaknyga.lt\/produktas\/rinkodara-nuo-klasikines-teorijos-iki-siuolaikinio-pritaikymo\/#breadcrumb","itemListElement":[{"@type":"ListItem","position":1,"name":"Home","item":"https:\/\/skaitytaknyga.lt\/"},{"@type":"ListItem","position":2,"name":"Parduotuv\u0117","item":"https:\/\/skaitytaknyga.lt\/knygu-parduotuve\/"},{"@type":"ListItem","position":3,"name":"Rinkodara: nuo klasikin\u0117s teorijos iki \u0161iuolaikinio pritaikymo"}]},{"@type":"WebSite","@id":"https:\/\/skaitytaknyga.lt\/#website","url":"https:\/\/skaitytaknyga.lt\/","name":"skaitytaknyga.lt","description":"Skaitytaknyga.lt \u2013 tai ma\u017eas \u0161eimos verslas, kuris prasid\u0117jo nuo meil\u0117s knygoms ir siekio i\u0161gelb\u0117ti knygas nuo likimo prie konteinerio. Kas vienam nereikalingas daiktas \u2013 kitam lobis, o mes esame tarpininkai, kurie padeda abiems tapti laimingesniems ???? \u017dinome kaip nelengva i\u0161gyventi ma\u017eiems verslams, tad nuo \u0161iol, \u010dia rasite ir kit\u0173, ma\u017e\u0173 \u0161eim\u0173 versl\u0173, rank\u0173 darbo, dovan\u0173 sau ir artimiesiems.","publisher":{"@id":"https:\/\/skaitytaknyga.lt\/#organization"},"potentialAction":[{"@type":"SearchAction","target":{"@type":"EntryPoint","urlTemplate":"https:\/\/skaitytaknyga.lt\/?s={search_term_string}"},"query-input":{"@type":"PropertyValueSpecification","valueRequired":true,"valueName":"search_term_string"}}],"inLanguage":"en-GB"},{"@type":"Organization","@id":"https:\/\/skaitytaknyga.lt\/#organization","name":"skaitytaknyga.lt","url":"https:\/\/skaitytaknyga.lt\/","logo":{"@type":"ImageObject","inLanguage":"en-GB","@id":"https:\/\/skaitytaknyga.lt\/#\/schema\/logo\/image\/","url":"https:\/\/skaitytaknyga.lt\/wp-content\/uploads\/2024\/05\/cropped-cropped-cropped-02_00843_jt3bggkj1j3HLc7SyY6rEUpg.jpeg","contentUrl":"https:\/\/skaitytaknyga.lt\/wp-content\/uploads\/2024\/05\/cropped-cropped-cropped-02_00843_jt3bggkj1j3HLc7SyY6rEUpg.jpeg","width":1600,"height":1600,"caption":"skaitytaknyga.lt"},"image":{"@id":"https:\/\/skaitytaknyga.lt\/#\/schema\/logo\/image\/"},"sameAs":["https:\/\/www.facebook.com\/skaitytaknyga\/"]}]}},"_links":{"self":[{"href":"https:\/\/skaitytaknyga.lt\/en\/wp-json\/wp\/v2\/product\/19091","targetHints":{"allow":["GET"]}}],"collection":[{"href":"https:\/\/skaitytaknyga.lt\/en\/wp-json\/wp\/v2\/product"}],"about":[{"href":"https:\/\/skaitytaknyga.lt\/en\/wp-json\/wp\/v2\/types\/product"}],"replies":[{"embeddable":true,"href":"https:\/\/skaitytaknyga.lt\/en\/wp-json\/wp\/v2\/comments?post=19091"}],"wp:featuredmedia":[{"embeddable":true,"href":"https:\/\/skaitytaknyga.lt\/en\/wp-json\/wp\/v2\/media\/19135"}],"wp:attachment":[{"href":"https:\/\/skaitytaknyga.lt\/en\/wp-json\/wp\/v2\/media?parent=19091"}],"wp:term":[{"taxonomy":"product_brand","embeddable":true,"href":"https:\/\/skaitytaknyga.lt\/en\/wp-json\/wp\/v2\/product_brand?post=19091"},{"taxonomy":"product_cat","embeddable":true,"href":"https:\/\/skaitytaknyga.lt\/en\/wp-json\/wp\/v2\/product_cat?post=19091"},{"taxonomy":"product_tag","embeddable":true,"href":"https:\/\/skaitytaknyga.lt\/en\/wp-json\/wp\/v2\/product_tag?post=19091"}],"curies":[{"name":"wp","href":"https:\/\/api.w.org\/{rel}","templated":true}]}}