{"id":19089,"date":"2025-06-28T16:48:30","date_gmt":"2025-06-28T13:48:30","guid":{"rendered":"https:\/\/skaitytaknyga.lt\/?post_type=product&#038;p=19089"},"modified":"2025-07-02T14:44:45","modified_gmt":"2025-07-02T11:44:45","slug":"diana-princeses-istorija","status":"publish","type":"product","link":"https:\/\/skaitytaknyga.lt\/en\/produktas\/diana-princeses-istorija\/","title":{"rendered":"Diana. Princes\u0117s istorija"},"content":{"rendered":"<p>Dar niekada Velso princes\u0117s Dianos gyvenimas nebuvo apra\u0161ytas taip \u012f\u017evalgiai ir kompetentingai. \u0160i knyga yra subtilus ir s\u0105\u017einingas portretas, i\u0161vengiantis \u0161ali\u0161kumo ir praeities pagra\u017einim\u0173.<\/p>\n<p>Atlik\u0119 nauj\u0105 tyrim\u0105 ir pareng\u0119 de\u0161imtis interviu (daugel\u012f j\u0173 dav\u0117 anks\u010diau \u0161ia tema nekalb\u0117j\u0119 vyresnieji karali\u0161k\u0173j\u0173 r\u016bm\u0173 darbuotojai), knygos DIANA. PRINCES\u0116S ISTORIJA autoriai paai\u0161kina, kaip drovi paaugl\u0117 virto \u017eymiausia moterimi pasaulyje ir kod\u0117l ji v\u0117liau tapo tokia atkakli karali\u0161kosios \u0161eimos kritik\u0117.<\/p>\n<p>\u201eDiana. Princes\u0117s istorija\u201c \u2013 tai  pasakojimas apie itin i\u0161moning\u0105 manipuliavim\u0105 visuomen\u0117s nuomone. Pateikiant intriguojan\u010di\u0173 detali\u0173 knygoje atskleid\u017eiama, kaip princes\u0117 ir jos vyras siek\u0117 patraukti savo pus\u0117n \u017einiasklaid\u0105, nu\u0161vie\u010dian\u010di\u0105 j\u0173 \u017elungan\u010di\u0105 santuok\u0105 ir vis\u0105 gyvenim\u0105.<\/p>\n<p>\u201e\u012etikinantis ir jaudinantis portretas.\u201c<\/p>\n<p>Sunday Telegraph<\/p>\n","protected":false},"excerpt":{"rendered":"<p>Dar niekada Velso princes\u0117s Dianos gyvenimas nebuvo apra\u0161ytas taip \u012f\u017evalgiai ir kompetentingai. \u0160i knyga yra subtilus ir s\u0105\u017einingas portretas, i\u0161vengiantis \u0161ali\u0161kumo ir praeities pagra\u017einim\u0173. Atlik\u0119 nauj\u0105 tyrim\u0105 ir pareng\u0119 de\u0161imtis interviu (daugel\u012f j\u0173 dav\u0117 anks\u010diau \u0161ia tema nekalb\u0117j\u0119 vyresnieji karali\u0161k\u0173j\u0173 r\u016bm\u0173 darbuotojai), knygos DIANA. PRINCES\u0116S ISTORIJA autoriai paai\u0161kina, kaip drovi paaugl\u0117 virto \u017eymiausia moterimi pasaulyje ir kod\u0117l ji v\u0117liau tapo tokia atkakli karali\u0161kosios \u0161eimos kritik\u0117. \u201eDiana. Princes\u0117s istorija\u201c \u2013 tai pasakojimas apie itin i\u0161moning\u0105 manipuliavim\u0105 visuomen\u0117s nuomone. Pateikiant intriguojan\u010di\u0173 detali\u0173 knygoje atskleid\u017eiama, kaip princes\u0117 ir jos vyras siek\u0117 patraukti savo pus\u0117n \u017einiasklaid\u0105, nu\u0161vie\u010dian\u010di\u0105 j\u0173 \u017elungan\u010di\u0105 santuok\u0105 ir vis\u0105 gyvenim\u0105. \u201e\u012etikinantis ir jaudinantis portretas.\u201c Sunday Telegraph<\/p>\n","protected":false},"featured_media":19137,"comment_status":"open","ping_status":"closed","template":"","meta":{"_acf_changed":false,"site-sidebar-layout":"default","site-content-layout":"","ast-site-content-layout":"default","site-content-style":"default","site-sidebar-style":"default","ast-global-header-display":"","ast-banner-title-visibility":"","ast-main-header-display":"","ast-hfb-above-header-display":"","ast-hfb-below-header-display":"","ast-hfb-mobile-header-display":"","site-post-title":"","ast-breadcrumbs-content":"","ast-featured-img":"","footer-sml-layout":"","ast-disable-related-posts":"","theme-transparent-header-meta":"","adv-header-id-meta":"","stick-header-meta":"","header-above-stick-meta":"","header-main-stick-meta":"","header-below-stick-meta":"","astra-migrate-meta-layouts":"default","ast-page-background-enabled":"default","ast-page-background-meta":{"desktop":{"background-color":"","background-image":"","background-repeat":"repeat","background-position":"center center","background-size":"auto","background-attachment":"scroll","background-type":"","background-media":"","overlay-type":"","overlay-color":"","overlay-opacity":"","overlay-gradient":""},"tablet":{"background-color":"","background-image":"","background-repeat":"repeat","background-position":"center center","background-size":"auto","background-attachment":"scroll","background-type":"","background-media":"","overlay-type":"","overlay-color":"","overlay-opacity":"","overlay-gradient":""},"mobile":{"background-color":"","background-image":"","background-repeat":"repeat","background-position":"center center","background-size":"auto","background-attachment":"scroll","background-type":"","background-media":"","overlay-type":"","overlay-color":"","overlay-opacity":"","overlay-gradient":""}},"ast-content-background-meta":{"desktop":{"background-color":"var(--ast-global-color-4)","background-image":"","background-repeat":"repeat","background-position":"center center","background-size":"auto","background-attachment":"scroll","background-type":"","background-media":"","overlay-type":"","overlay-color":"","overlay-opacity":"","overlay-gradient":""},"tablet":{"background-color":"var(--ast-global-color-4)","background-image":"","background-repeat":"repeat","background-position":"center center","background-size":"auto","background-attachment":"scroll","background-type":"","background-media":"","overlay-type":"","overlay-color":"","overlay-opacity":"","overlay-gradient":""},"mobile":{"background-color":"var(--ast-global-color-4)","background-image":"","background-repeat":"repeat","background-position":"center center","background-size":"auto","background-attachment":"scroll","background-type":"","background-media":"","overlay-type":"","overlay-color":"","overlay-opacity":"","overlay-gradient":""}}},"product_brand":[],"product_cat":[15],"product_tag":[],"class_list":{"0":"post-19089","1":"product","2":"type-product","3":"status-publish","4":"has-post-thumbnail","6":"product_cat-uncategorized","7":"desktop-align-left","8":"tablet-align-left","9":"mobile-align-left","11":"first","12":"instock","13":"shipping-taxable","14":"purchasable","15":"product-type-simple"},"acf":[],"yoast_head":"<!-- This site is optimized with the Yoast SEO plugin v27.4 - https:\/\/yoast.com\/product\/yoast-seo-wordpress\/ -->\n<title>Diana. Princes\u0117s istorija<\/title>\n<meta name=\"description\" content=\"Dar niekada Velso princes\u0117s Dianos gyvenimas nebuvo apra\u0161ytas taip \u012f\u017evalgiai ir kompetentingai. \u0160i knyga yra subtilus ir s\u0105\u017einingas portretas,\" \/>\n<meta name=\"robots\" content=\"index, follow, max-snippet:-1, max-image-preview:large, max-video-preview:-1\" \/>\n<link rel=\"canonical\" href=\"https:\/\/skaitytaknyga.lt\/en\/produktas\/diana-princeses-istorija\/\" \/>\n<meta property=\"og:locale\" content=\"en_GB\" \/>\n<meta property=\"og:locale:alternate\" content=\"lt_LT\" \/>\n<meta property=\"og:type\" content=\"article\" \/>\n<meta property=\"og:title\" content=\"Diana. Princes\u0117s istorija\" \/>\n<meta property=\"og:description\" content=\"Dar niekada Velso princes\u0117s Dianos gyvenimas nebuvo apra\u0161ytas taip \u012f\u017evalgiai ir kompetentingai. \u0160i knyga yra subtilus ir s\u0105\u017einingas portretas,\" \/>\n<meta property=\"og:url\" content=\"https:\/\/skaitytaknyga.lt\/en\/produktas\/diana-princeses-istorija\/\" \/>\n<meta property=\"og:site_name\" content=\"Skaitytaknyga\" \/>\n<meta property=\"article:publisher\" content=\"https:\/\/www.facebook.com\/skaitytaknyga\/\" \/>\n<meta property=\"article:modified_time\" content=\"2025-07-02T11:44:45+00:00\" \/>\n<meta property=\"og:image\" content=\"https:\/\/skaitytaknyga.lt\/wp-content\/uploads\/2025\/07\/Diana.-Princeses-istorija.webp\" \/>\n\t<meta property=\"og:image:width\" content=\"500\" \/>\n\t<meta property=\"og:image:height\" content=\"714\" \/>\n\t<meta property=\"og:image:type\" content=\"image\/webp\" \/>\n<meta name=\"twitter:card\" content=\"summary_large_image\" \/>\n<meta name=\"twitter:label1\" content=\"Estimated reading time\" \/>\n\t<meta name=\"twitter:data1\" content=\"1 minute\" \/>\n<script type=\"application\/ld+json\" class=\"yoast-schema-graph\">{\"@context\":\"https:\\\/\\\/schema.org\",\"@graph\":[{\"@type\":\"WebPage\",\"@id\":\"https:\\\/\\\/skaitytaknyga.lt\\\/produktas\\\/diana-princeses-istorija\\\/\",\"url\":\"https:\\\/\\\/skaitytaknyga.lt\\\/produktas\\\/diana-princeses-istorija\\\/\",\"name\":\"Diana. Princes\u0117s istorija\",\"isPartOf\":{\"@id\":\"https:\\\/\\\/skaitytaknyga.lt\\\/#website\"},\"primaryImageOfPage\":{\"@id\":\"https:\\\/\\\/skaitytaknyga.lt\\\/produktas\\\/diana-princeses-istorija\\\/#primaryimage\"},\"image\":{\"@id\":\"https:\\\/\\\/skaitytaknyga.lt\\\/produktas\\\/diana-princeses-istorija\\\/#primaryimage\"},\"thumbnailUrl\":\"https:\\\/\\\/skaitytaknyga.lt\\\/wp-content\\\/uploads\\\/2025\\\/07\\\/Diana.-Princeses-istorija.webp\",\"datePublished\":\"2025-06-28T13:48:30+00:00\",\"dateModified\":\"2025-07-02T11:44:45+00:00\",\"description\":\"Dar niekada Velso princes\u0117s Dianos gyvenimas nebuvo apra\u0161ytas taip \u012f\u017evalgiai ir kompetentingai. \u0160i knyga yra subtilus ir s\u0105\u017einingas portretas,\",\"breadcrumb\":{\"@id\":\"https:\\\/\\\/skaitytaknyga.lt\\\/produktas\\\/diana-princeses-istorija\\\/#breadcrumb\"},\"inLanguage\":\"en-GB\",\"potentialAction\":[{\"@type\":\"ReadAction\",\"target\":[\"https:\\\/\\\/skaitytaknyga.lt\\\/produktas\\\/diana-princeses-istorija\\\/\"]}]},{\"@type\":\"ImageObject\",\"inLanguage\":\"en-GB\",\"@id\":\"https:\\\/\\\/skaitytaknyga.lt\\\/produktas\\\/diana-princeses-istorija\\\/#primaryimage\",\"url\":\"https:\\\/\\\/skaitytaknyga.lt\\\/wp-content\\\/uploads\\\/2025\\\/07\\\/Diana.-Princeses-istorija.webp\",\"contentUrl\":\"https:\\\/\\\/skaitytaknyga.lt\\\/wp-content\\\/uploads\\\/2025\\\/07\\\/Diana.-Princeses-istorija.webp\",\"width\":500,\"height\":714,\"caption\":\"Diana. Princes\u0117s istorija\"},{\"@type\":\"BreadcrumbList\",\"@id\":\"https:\\\/\\\/skaitytaknyga.lt\\\/produktas\\\/diana-princeses-istorija\\\/#breadcrumb\",\"itemListElement\":[{\"@type\":\"ListItem\",\"position\":1,\"name\":\"Home\",\"item\":\"https:\\\/\\\/skaitytaknyga.lt\\\/\"},{\"@type\":\"ListItem\",\"position\":2,\"name\":\"Parduotuv\u0117\",\"item\":\"https:\\\/\\\/skaitytaknyga.lt\\\/knygu-parduotuve\\\/\"},{\"@type\":\"ListItem\",\"position\":3,\"name\":\"Diana. Princes\u0117s istorija\"}]},{\"@type\":\"WebSite\",\"@id\":\"https:\\\/\\\/skaitytaknyga.lt\\\/#website\",\"url\":\"https:\\\/\\\/skaitytaknyga.lt\\\/\",\"name\":\"skaitytaknyga.lt\",\"description\":\"Skaitytaknyga.lt \u2013 tai ma\u017eas \u0161eimos verslas, kuris prasid\u0117jo nuo meil\u0117s knygoms ir siekio i\u0161gelb\u0117ti knygas nuo likimo prie konteinerio. Kas vienam nereikalingas daiktas \u2013 kitam lobis, o mes esame tarpininkai, kurie padeda abiems tapti laimingesniems ???? \u017dinome kaip nelengva i\u0161gyventi ma\u017eiems verslams, tad nuo \u0161iol, \u010dia rasite ir kit\u0173, ma\u017e\u0173 \u0161eim\u0173 versl\u0173, rank\u0173 darbo, dovan\u0173 sau ir artimiesiems.\",\"publisher\":{\"@id\":\"https:\\\/\\\/skaitytaknyga.lt\\\/#organization\"},\"potentialAction\":[{\"@type\":\"SearchAction\",\"target\":{\"@type\":\"EntryPoint\",\"urlTemplate\":\"https:\\\/\\\/skaitytaknyga.lt\\\/?s={search_term_string}\"},\"query-input\":{\"@type\":\"PropertyValueSpecification\",\"valueRequired\":true,\"valueName\":\"search_term_string\"}}],\"inLanguage\":\"en-GB\"},{\"@type\":\"Organization\",\"@id\":\"https:\\\/\\\/skaitytaknyga.lt\\\/#organization\",\"name\":\"skaitytaknyga.lt\",\"url\":\"https:\\\/\\\/skaitytaknyga.lt\\\/\",\"logo\":{\"@type\":\"ImageObject\",\"inLanguage\":\"en-GB\",\"@id\":\"https:\\\/\\\/skaitytaknyga.lt\\\/#\\\/schema\\\/logo\\\/image\\\/\",\"url\":\"https:\\\/\\\/skaitytaknyga.lt\\\/wp-content\\\/uploads\\\/2024\\\/05\\\/cropped-cropped-cropped-02_00843_jt3bggkj1j3HLc7SyY6rEUpg.jpeg\",\"contentUrl\":\"https:\\\/\\\/skaitytaknyga.lt\\\/wp-content\\\/uploads\\\/2024\\\/05\\\/cropped-cropped-cropped-02_00843_jt3bggkj1j3HLc7SyY6rEUpg.jpeg\",\"width\":1600,\"height\":1600,\"caption\":\"skaitytaknyga.lt\"},\"image\":{\"@id\":\"https:\\\/\\\/skaitytaknyga.lt\\\/#\\\/schema\\\/logo\\\/image\\\/\"},\"sameAs\":[\"https:\\\/\\\/www.facebook.com\\\/skaitytaknyga\\\/\"]}]}<\/script>\n<!-- \/ Yoast SEO plugin. -->","yoast_head_json":{"title":"Diana. Princes\u0117s istorija","description":"Dar niekada Velso princes\u0117s Dianos gyvenimas nebuvo apra\u0161ytas taip \u012f\u017evalgiai ir kompetentingai. \u0160i knyga yra subtilus ir s\u0105\u017einingas portretas,","robots":{"index":"index","follow":"follow","max-snippet":"max-snippet:-1","max-image-preview":"max-image-preview:large","max-video-preview":"max-video-preview:-1"},"canonical":"https:\/\/skaitytaknyga.lt\/en\/produktas\/diana-princeses-istorija\/","og_locale":"en_GB","og_type":"article","og_title":"[:lt]Diana. Princes\u0117s istorija[:] - Skaitytaknyga","og_description":"Dar niekada Velso princes\u0117s Dianos gyvenimas nebuvo apra\u0161ytas taip \u012f\u017evalgiai ir kompetentingai. \u0160i knyga yra subtilus ir s\u0105\u017einingas portretas,","og_url":"https:\/\/skaitytaknyga.lt\/en\/produktas\/diana-princeses-istorija\/","og_site_name":"Skaitytaknyga","article_publisher":"https:\/\/www.facebook.com\/skaitytaknyga\/","article_modified_time":"2025-07-02T11:44:45+00:00","og_image":[{"width":500,"height":714,"url":"https:\/\/skaitytaknyga.lt\/wp-content\/uploads\/2025\/07\/Diana.-Princeses-istorija.webp","type":"image\/webp"}],"twitter_card":"summary_large_image","twitter_misc":{"Estimated reading time":"1 minute"},"schema":{"@context":"https:\/\/schema.org","@graph":[{"@type":"WebPage","@id":"https:\/\/skaitytaknyga.lt\/produktas\/diana-princeses-istorija\/","url":"https:\/\/skaitytaknyga.lt\/produktas\/diana-princeses-istorija\/","name":"Diana. Princes\u0117s istorija","isPartOf":{"@id":"https:\/\/skaitytaknyga.lt\/#website"},"primaryImageOfPage":{"@id":"https:\/\/skaitytaknyga.lt\/produktas\/diana-princeses-istorija\/#primaryimage"},"image":{"@id":"https:\/\/skaitytaknyga.lt\/produktas\/diana-princeses-istorija\/#primaryimage"},"thumbnailUrl":"https:\/\/skaitytaknyga.lt\/wp-content\/uploads\/2025\/07\/Diana.-Princeses-istorija.webp","datePublished":"2025-06-28T13:48:30+00:00","dateModified":"2025-07-02T11:44:45+00:00","description":"Dar niekada Velso princes\u0117s Dianos gyvenimas nebuvo apra\u0161ytas taip \u012f\u017evalgiai ir kompetentingai. \u0160i knyga yra subtilus ir s\u0105\u017einingas portretas,","breadcrumb":{"@id":"https:\/\/skaitytaknyga.lt\/produktas\/diana-princeses-istorija\/#breadcrumb"},"inLanguage":"en-GB","potentialAction":[{"@type":"ReadAction","target":["https:\/\/skaitytaknyga.lt\/produktas\/diana-princeses-istorija\/"]}]},{"@type":"ImageObject","inLanguage":"en-GB","@id":"https:\/\/skaitytaknyga.lt\/produktas\/diana-princeses-istorija\/#primaryimage","url":"https:\/\/skaitytaknyga.lt\/wp-content\/uploads\/2025\/07\/Diana.-Princeses-istorija.webp","contentUrl":"https:\/\/skaitytaknyga.lt\/wp-content\/uploads\/2025\/07\/Diana.-Princeses-istorija.webp","width":500,"height":714,"caption":"Diana. Princes\u0117s istorija"},{"@type":"BreadcrumbList","@id":"https:\/\/skaitytaknyga.lt\/produktas\/diana-princeses-istorija\/#breadcrumb","itemListElement":[{"@type":"ListItem","position":1,"name":"Home","item":"https:\/\/skaitytaknyga.lt\/"},{"@type":"ListItem","position":2,"name":"Parduotuv\u0117","item":"https:\/\/skaitytaknyga.lt\/knygu-parduotuve\/"},{"@type":"ListItem","position":3,"name":"Diana. Princes\u0117s istorija"}]},{"@type":"WebSite","@id":"https:\/\/skaitytaknyga.lt\/#website","url":"https:\/\/skaitytaknyga.lt\/","name":"skaitytaknyga.lt","description":"Skaitytaknyga.lt \u2013 tai ma\u017eas \u0161eimos verslas, kuris prasid\u0117jo nuo meil\u0117s knygoms ir siekio i\u0161gelb\u0117ti knygas nuo likimo prie konteinerio. Kas vienam nereikalingas daiktas \u2013 kitam lobis, o mes esame tarpininkai, kurie padeda abiems tapti laimingesniems ???? \u017dinome kaip nelengva i\u0161gyventi ma\u017eiems verslams, tad nuo \u0161iol, \u010dia rasite ir kit\u0173, ma\u017e\u0173 \u0161eim\u0173 versl\u0173, rank\u0173 darbo, dovan\u0173 sau ir artimiesiems.","publisher":{"@id":"https:\/\/skaitytaknyga.lt\/#organization"},"potentialAction":[{"@type":"SearchAction","target":{"@type":"EntryPoint","urlTemplate":"https:\/\/skaitytaknyga.lt\/?s={search_term_string}"},"query-input":{"@type":"PropertyValueSpecification","valueRequired":true,"valueName":"search_term_string"}}],"inLanguage":"en-GB"},{"@type":"Organization","@id":"https:\/\/skaitytaknyga.lt\/#organization","name":"skaitytaknyga.lt","url":"https:\/\/skaitytaknyga.lt\/","logo":{"@type":"ImageObject","inLanguage":"en-GB","@id":"https:\/\/skaitytaknyga.lt\/#\/schema\/logo\/image\/","url":"https:\/\/skaitytaknyga.lt\/wp-content\/uploads\/2024\/05\/cropped-cropped-cropped-02_00843_jt3bggkj1j3HLc7SyY6rEUpg.jpeg","contentUrl":"https:\/\/skaitytaknyga.lt\/wp-content\/uploads\/2024\/05\/cropped-cropped-cropped-02_00843_jt3bggkj1j3HLc7SyY6rEUpg.jpeg","width":1600,"height":1600,"caption":"skaitytaknyga.lt"},"image":{"@id":"https:\/\/skaitytaknyga.lt\/#\/schema\/logo\/image\/"},"sameAs":["https:\/\/www.facebook.com\/skaitytaknyga\/"]}]}},"_links":{"self":[{"href":"https:\/\/skaitytaknyga.lt\/en\/wp-json\/wp\/v2\/product\/19089","targetHints":{"allow":["GET"]}}],"collection":[{"href":"https:\/\/skaitytaknyga.lt\/en\/wp-json\/wp\/v2\/product"}],"about":[{"href":"https:\/\/skaitytaknyga.lt\/en\/wp-json\/wp\/v2\/types\/product"}],"replies":[{"embeddable":true,"href":"https:\/\/skaitytaknyga.lt\/en\/wp-json\/wp\/v2\/comments?post=19089"}],"wp:featuredmedia":[{"embeddable":true,"href":"https:\/\/skaitytaknyga.lt\/en\/wp-json\/wp\/v2\/media\/19137"}],"wp:attachment":[{"href":"https:\/\/skaitytaknyga.lt\/en\/wp-json\/wp\/v2\/media?parent=19089"}],"wp:term":[{"taxonomy":"product_brand","embeddable":true,"href":"https:\/\/skaitytaknyga.lt\/en\/wp-json\/wp\/v2\/product_brand?post=19089"},{"taxonomy":"product_cat","embeddable":true,"href":"https:\/\/skaitytaknyga.lt\/en\/wp-json\/wp\/v2\/product_cat?post=19089"},{"taxonomy":"product_tag","embeddable":true,"href":"https:\/\/skaitytaknyga.lt\/en\/wp-json\/wp\/v2\/product_tag?post=19089"}],"curies":[{"name":"wp","href":"https:\/\/api.w.org\/{rel}","templated":true}]}}