{"id":19087,"date":"2025-06-28T13:47:46","date_gmt":"2025-06-28T10:47:46","guid":{"rendered":"https:\/\/skaitytaknyga.lt\/?post_type=product&#038;p=19087"},"modified":"2025-07-02T14:44:45","modified_gmt":"2025-07-02T11:44:45","slug":"bukime-prieky-moterys-darbas-ir-siekis-vadovauti","status":"publish","type":"product","link":"https:\/\/skaitytaknyga.lt\/en\/produktas\/bukime-prieky-moterys-darbas-ir-siekis-vadovauti\/","title":{"rendered":"B\u016bkime prieky. Moterys, darbas ir siekis vadovauti"},"content":{"rendered":"<p>Nors jau prie\u0161 trisde\u0161imt met\u0173 JAV koled\u017e\u0173 absolven\u010di\u0173 skai\u010dius pasiek\u0117 50 procent\u0173, daugum\u0105 Vyriausyb\u0117s ir verslo vadov\u0173 pozicij\u0173 iki \u0161iol u\u017eima vyrai. Vadinasi, priimant visiems mums svarbius sprendimus, \u012f moter\u0173 bals\u0105 vis dar n\u0117ra atsi\u017evelgiama pagal lygiateisi\u0161kumo princip\u0105.<\/p>\n<p>Didelio populiarumo sulaukusioje knygoje B\u016bkime prieky. Moterys, darbas ir siekis vadovauti Sheryl Sandberg pasakoja apie savo pa\u010dios pasirinkim\u0105, klaidas bei kasdien\u0119 kov\u0105 \u2013 to prireik\u0117 norint priimti teisingus sprendimus, susijusius su savimi, darbu ir \u0161eima. Sandberg pateikia prakti\u0161k\u0173 patarim\u0173 apie derybas, mentorius ir apie tai, kaip susikurti pasitenkinim\u0105 teikian\u010di\u0105 karjer\u0105, skatina moteris u\u017esibr\u0117\u017eti ribas ir pamir\u0161ti mit\u0105, kad \u201egalima tur\u0117ti visk\u0105\u201c. Ji apra\u0161o konkre\u010dius veiksmus, kuri\u0173 gali imtis moterys, kad atrast\u0173 pusiausvyr\u0105 tarp savo profesini\u0173 sieki\u0173 bei asmeninio pasitenkinimo, ir \u012frodo, kad vyrams gali b\u016bti labai naudinga palaikyti moteris darbe ir \u0161eimoje.<\/p>\n<p>2010 m. knygos autor\u0117 pasak\u0117 u\u017edegan\u010di\u0105 \u201eTEDTalk\u201c kalb\u0105, kurioje paai\u0161kino, kaip moterys neju\u010diomis susilaiko nuo karjeros. \u0160io garsiai nuskamb\u0117jusio pasisakymo \u012fra\u0161as buvo per\u017ei\u016br\u0117tas daugiau nei tris milijonus kart\u0173.<\/p>\n","protected":false},"excerpt":{"rendered":"<p>Nors jau prie\u0161 trisde\u0161imt met\u0173 JAV koled\u017e\u0173 absolven\u010di\u0173 skai\u010dius pasiek\u0117 50 procent\u0173, daugum\u0105 Vyriausyb\u0117s ir verslo vadov\u0173 pozicij\u0173 iki \u0161iol u\u017eima vyrai. Vadinasi, priimant visiems mums svarbius sprendimus, \u012f moter\u0173 bals\u0105 vis dar n\u0117ra atsi\u017evelgiama pagal lygiateisi\u0161kumo princip\u0105. Didelio populiarumo sulaukusioje knygoje B\u016bkime prieky. Moterys, darbas ir siekis vadovauti Sheryl Sandberg pasakoja apie savo pa\u010dios pasirinkim\u0105, klaidas bei kasdien\u0119 kov\u0105 \u2013 to prireik\u0117 norint priimti teisingus sprendimus, susijusius su savimi, darbu ir \u0161eima. Sandberg pateikia prakti\u0161k\u0173 patarim\u0173 apie derybas, mentorius ir apie tai, kaip susikurti pasitenkinim\u0105 teikian\u010di\u0105 karjer\u0105, skatina moteris u\u017esibr\u0117\u017eti ribas ir pamir\u0161ti mit\u0105, kad \u201egalima tur\u0117ti visk\u0105\u201c. Ji apra\u0161o konkre\u010dius veiksmus, kuri\u0173 gali imtis moterys, kad atrast\u0173 pusiausvyr\u0105 tarp savo profesini\u0173 sieki\u0173 bei asmeninio pasitenkinimo, ir \u012frodo, kad vyrams gali b\u016bti labai naudinga palaikyti moteris darbe ir \u0161eimoje. 2010 m. knygos autor\u0117 pasak\u0117 u\u017edegan\u010di\u0105 \u201eTEDTalk\u201c kalb\u0105, kurioje paai\u0161kino, kaip moterys neju\u010diomis susilaiko nuo karjeros. \u0160io garsiai nuskamb\u0117jusio pasisakymo \u012fra\u0161as buvo per\u017ei\u016br\u0117tas daugiau nei tris milijonus kart\u0173.<\/p>\n","protected":false},"featured_media":19088,"comment_status":"open","ping_status":"closed","template":"","meta":{"_acf_changed":false,"site-sidebar-layout":"default","site-content-layout":"","ast-site-content-layout":"default","site-content-style":"default","site-sidebar-style":"default","ast-global-header-display":"","ast-banner-title-visibility":"","ast-main-header-display":"","ast-hfb-above-header-display":"","ast-hfb-below-header-display":"","ast-hfb-mobile-header-display":"","site-post-title":"","ast-breadcrumbs-content":"","ast-featured-img":"","footer-sml-layout":"","ast-disable-related-posts":"","theme-transparent-header-meta":"","adv-header-id-meta":"","stick-header-meta":"","header-above-stick-meta":"","header-main-stick-meta":"","header-below-stick-meta":"","astra-migrate-meta-layouts":"default","ast-page-background-enabled":"default","ast-page-background-meta":{"desktop":{"background-color":"","background-image":"","background-repeat":"repeat","background-position":"center center","background-size":"auto","background-attachment":"scroll","background-type":"","background-media":"","overlay-type":"","overlay-color":"","overlay-opacity":"","overlay-gradient":""},"tablet":{"background-color":"","background-image":"","background-repeat":"repeat","background-position":"center center","background-size":"auto","background-attachment":"scroll","background-type":"","background-media":"","overlay-type":"","overlay-color":"","overlay-opacity":"","overlay-gradient":""},"mobile":{"background-color":"","background-image":"","background-repeat":"repeat","background-position":"center center","background-size":"auto","background-attachment":"scroll","background-type":"","background-media":"","overlay-type":"","overlay-color":"","overlay-opacity":"","overlay-gradient":""}},"ast-content-background-meta":{"desktop":{"background-color":"var(--ast-global-color-4)","background-image":"","background-repeat":"repeat","background-position":"center center","background-size":"auto","background-attachment":"scroll","background-type":"","background-media":"","overlay-type":"","overlay-color":"","overlay-opacity":"","overlay-gradient":""},"tablet":{"background-color":"var(--ast-global-color-4)","background-image":"","background-repeat":"repeat","background-position":"center center","background-size":"auto","background-attachment":"scroll","background-type":"","background-media":"","overlay-type":"","overlay-color":"","overlay-opacity":"","overlay-gradient":""},"mobile":{"background-color":"var(--ast-global-color-4)","background-image":"","background-repeat":"repeat","background-position":"center center","background-size":"auto","background-attachment":"scroll","background-type":"","background-media":"","overlay-type":"","overlay-color":"","overlay-opacity":"","overlay-gradient":""}}},"product_brand":[],"product_cat":[15],"product_tag":[],"class_list":{"0":"post-19087","1":"product","2":"type-product","3":"status-publish","4":"has-post-thumbnail","6":"product_cat-uncategorized","7":"desktop-align-left","8":"tablet-align-left","9":"mobile-align-left","11":"first","12":"instock","13":"shipping-taxable","14":"purchasable","15":"product-type-simple"},"acf":[],"yoast_head":"<!-- This site is optimized with the Yoast SEO plugin v27.4 - https:\/\/yoast.com\/product\/yoast-seo-wordpress\/ -->\n<title>B\u016bkime prieky. Moterys, darbas ir siekis vadovauti<\/title>\n<meta name=\"description\" content=\"Nors jau prie\u0161 trisde\u0161imt met\u0173 JAV koled\u017e\u0173 absolven\u010di\u0173 skai\u010dius pasiek\u0117 50 procent\u0173, daugum\u0105 Vyriausyb\u0117s ir verslo vadov\u0173 pozicij\u0173 iki \u0161iol u\u017eima vyrai.\" \/>\n<meta name=\"robots\" content=\"index, follow, max-snippet:-1, max-image-preview:large, max-video-preview:-1\" \/>\n<link rel=\"canonical\" href=\"https:\/\/skaitytaknyga.lt\/en\/produktas\/bukime-prieky-moterys-darbas-ir-siekis-vadovauti\/\" \/>\n<meta property=\"og:locale\" content=\"en_GB\" \/>\n<meta property=\"og:locale:alternate\" content=\"lt_LT\" \/>\n<meta property=\"og:type\" content=\"article\" \/>\n<meta property=\"og:title\" content=\"B\u016bkime prieky. Moterys, darbas ir siekis vadovauti\" \/>\n<meta property=\"og:description\" content=\"Nors jau prie\u0161 trisde\u0161imt met\u0173 JAV koled\u017e\u0173 absolven\u010di\u0173 skai\u010dius pasiek\u0117 50 procent\u0173, daugum\u0105 Vyriausyb\u0117s ir verslo vadov\u0173 pozicij\u0173 iki \u0161iol u\u017eima vyrai.\" \/>\n<meta property=\"og:url\" content=\"https:\/\/skaitytaknyga.lt\/en\/produktas\/bukime-prieky-moterys-darbas-ir-siekis-vadovauti\/\" \/>\n<meta property=\"og:site_name\" content=\"Skaitytaknyga\" \/>\n<meta property=\"article:publisher\" content=\"https:\/\/www.facebook.com\/skaitytaknyga\/\" \/>\n<meta property=\"article:modified_time\" content=\"2025-07-02T11:44:45+00:00\" \/>\n<meta property=\"og:image\" content=\"https:\/\/skaitytaknyga.lt\/wp-content\/uploads\/2025\/06\/Bukime-prieky.-Moterys-darbas-ir-siekis-vadovauti.webp\" \/>\n\t<meta property=\"og:image:width\" content=\"405\" \/>\n\t<meta property=\"og:image:height\" content=\"652\" \/>\n\t<meta property=\"og:image:type\" content=\"image\/webp\" \/>\n<meta name=\"twitter:card\" content=\"summary_large_image\" \/>\n<meta name=\"twitter:label1\" content=\"Estimated reading time\" \/>\n\t<meta name=\"twitter:data1\" content=\"1 minute\" \/>\n<script type=\"application\/ld+json\" class=\"yoast-schema-graph\">{\"@context\":\"https:\\\/\\\/schema.org\",\"@graph\":[{\"@type\":\"WebPage\",\"@id\":\"https:\\\/\\\/skaitytaknyga.lt\\\/produktas\\\/bukime-prieky-moterys-darbas-ir-siekis-vadovauti\\\/\",\"url\":\"https:\\\/\\\/skaitytaknyga.lt\\\/produktas\\\/bukime-prieky-moterys-darbas-ir-siekis-vadovauti\\\/\",\"name\":\"B\u016bkime prieky. Moterys, darbas ir siekis vadovauti\",\"isPartOf\":{\"@id\":\"https:\\\/\\\/skaitytaknyga.lt\\\/#website\"},\"primaryImageOfPage\":{\"@id\":\"https:\\\/\\\/skaitytaknyga.lt\\\/produktas\\\/bukime-prieky-moterys-darbas-ir-siekis-vadovauti\\\/#primaryimage\"},\"image\":{\"@id\":\"https:\\\/\\\/skaitytaknyga.lt\\\/produktas\\\/bukime-prieky-moterys-darbas-ir-siekis-vadovauti\\\/#primaryimage\"},\"thumbnailUrl\":\"https:\\\/\\\/skaitytaknyga.lt\\\/wp-content\\\/uploads\\\/2025\\\/06\\\/Bukime-prieky.-Moterys-darbas-ir-siekis-vadovauti.webp\",\"datePublished\":\"2025-06-28T10:47:46+00:00\",\"dateModified\":\"2025-07-02T11:44:45+00:00\",\"description\":\"Nors jau prie\u0161 trisde\u0161imt met\u0173 JAV koled\u017e\u0173 absolven\u010di\u0173 skai\u010dius pasiek\u0117 50 procent\u0173, daugum\u0105 Vyriausyb\u0117s ir verslo vadov\u0173 pozicij\u0173 iki \u0161iol u\u017eima vyrai.\",\"breadcrumb\":{\"@id\":\"https:\\\/\\\/skaitytaknyga.lt\\\/produktas\\\/bukime-prieky-moterys-darbas-ir-siekis-vadovauti\\\/#breadcrumb\"},\"inLanguage\":\"en-GB\",\"potentialAction\":[{\"@type\":\"ReadAction\",\"target\":[\"https:\\\/\\\/skaitytaknyga.lt\\\/produktas\\\/bukime-prieky-moterys-darbas-ir-siekis-vadovauti\\\/\"]}]},{\"@type\":\"ImageObject\",\"inLanguage\":\"en-GB\",\"@id\":\"https:\\\/\\\/skaitytaknyga.lt\\\/produktas\\\/bukime-prieky-moterys-darbas-ir-siekis-vadovauti\\\/#primaryimage\",\"url\":\"https:\\\/\\\/skaitytaknyga.lt\\\/wp-content\\\/uploads\\\/2025\\\/06\\\/Bukime-prieky.-Moterys-darbas-ir-siekis-vadovauti.webp\",\"contentUrl\":\"https:\\\/\\\/skaitytaknyga.lt\\\/wp-content\\\/uploads\\\/2025\\\/06\\\/Bukime-prieky.-Moterys-darbas-ir-siekis-vadovauti.webp\",\"width\":405,\"height\":652,\"caption\":\"B\u016bkime prieky. Moterys, darbas ir siekis vadovauti\"},{\"@type\":\"BreadcrumbList\",\"@id\":\"https:\\\/\\\/skaitytaknyga.lt\\\/produktas\\\/bukime-prieky-moterys-darbas-ir-siekis-vadovauti\\\/#breadcrumb\",\"itemListElement\":[{\"@type\":\"ListItem\",\"position\":1,\"name\":\"Home\",\"item\":\"https:\\\/\\\/skaitytaknyga.lt\\\/\"},{\"@type\":\"ListItem\",\"position\":2,\"name\":\"Parduotuv\u0117\",\"item\":\"https:\\\/\\\/skaitytaknyga.lt\\\/knygu-parduotuve\\\/\"},{\"@type\":\"ListItem\",\"position\":3,\"name\":\"B\u016bkime prieky. Moterys, darbas ir siekis vadovauti\"}]},{\"@type\":\"WebSite\",\"@id\":\"https:\\\/\\\/skaitytaknyga.lt\\\/#website\",\"url\":\"https:\\\/\\\/skaitytaknyga.lt\\\/\",\"name\":\"skaitytaknyga.lt\",\"description\":\"Skaitytaknyga.lt \u2013 tai ma\u017eas \u0161eimos verslas, kuris prasid\u0117jo nuo meil\u0117s knygoms ir siekio i\u0161gelb\u0117ti knygas nuo likimo prie konteinerio. Kas vienam nereikalingas daiktas \u2013 kitam lobis, o mes esame tarpininkai, kurie padeda abiems tapti laimingesniems ???? \u017dinome kaip nelengva i\u0161gyventi ma\u017eiems verslams, tad nuo \u0161iol, \u010dia rasite ir kit\u0173, ma\u017e\u0173 \u0161eim\u0173 versl\u0173, rank\u0173 darbo, dovan\u0173 sau ir artimiesiems.\",\"publisher\":{\"@id\":\"https:\\\/\\\/skaitytaknyga.lt\\\/#organization\"},\"potentialAction\":[{\"@type\":\"SearchAction\",\"target\":{\"@type\":\"EntryPoint\",\"urlTemplate\":\"https:\\\/\\\/skaitytaknyga.lt\\\/?s={search_term_string}\"},\"query-input\":{\"@type\":\"PropertyValueSpecification\",\"valueRequired\":true,\"valueName\":\"search_term_string\"}}],\"inLanguage\":\"en-GB\"},{\"@type\":\"Organization\",\"@id\":\"https:\\\/\\\/skaitytaknyga.lt\\\/#organization\",\"name\":\"skaitytaknyga.lt\",\"url\":\"https:\\\/\\\/skaitytaknyga.lt\\\/\",\"logo\":{\"@type\":\"ImageObject\",\"inLanguage\":\"en-GB\",\"@id\":\"https:\\\/\\\/skaitytaknyga.lt\\\/#\\\/schema\\\/logo\\\/image\\\/\",\"url\":\"https:\\\/\\\/skaitytaknyga.lt\\\/wp-content\\\/uploads\\\/2024\\\/05\\\/cropped-cropped-cropped-02_00843_jt3bggkj1j3HLc7SyY6rEUpg.jpeg\",\"contentUrl\":\"https:\\\/\\\/skaitytaknyga.lt\\\/wp-content\\\/uploads\\\/2024\\\/05\\\/cropped-cropped-cropped-02_00843_jt3bggkj1j3HLc7SyY6rEUpg.jpeg\",\"width\":1600,\"height\":1600,\"caption\":\"skaitytaknyga.lt\"},\"image\":{\"@id\":\"https:\\\/\\\/skaitytaknyga.lt\\\/#\\\/schema\\\/logo\\\/image\\\/\"},\"sameAs\":[\"https:\\\/\\\/www.facebook.com\\\/skaitytaknyga\\\/\"]}]}<\/script>\n<!-- \/ Yoast SEO plugin. -->","yoast_head_json":{"title":"B\u016bkime prieky. Moterys, darbas ir siekis vadovauti","description":"Nors jau prie\u0161 trisde\u0161imt met\u0173 JAV koled\u017e\u0173 absolven\u010di\u0173 skai\u010dius pasiek\u0117 50 procent\u0173, daugum\u0105 Vyriausyb\u0117s ir verslo vadov\u0173 pozicij\u0173 iki \u0161iol u\u017eima vyrai.","robots":{"index":"index","follow":"follow","max-snippet":"max-snippet:-1","max-image-preview":"max-image-preview:large","max-video-preview":"max-video-preview:-1"},"canonical":"https:\/\/skaitytaknyga.lt\/en\/produktas\/bukime-prieky-moterys-darbas-ir-siekis-vadovauti\/","og_locale":"en_GB","og_type":"article","og_title":"[:lt]B\u016bkime prieky. Moterys, darbas ir siekis vadovauti[:] - Skaitytaknyga","og_description":"Nors jau prie\u0161 trisde\u0161imt met\u0173 JAV koled\u017e\u0173 absolven\u010di\u0173 skai\u010dius pasiek\u0117 50 procent\u0173, daugum\u0105 Vyriausyb\u0117s ir verslo vadov\u0173 pozicij\u0173 iki \u0161iol u\u017eima vyrai.","og_url":"https:\/\/skaitytaknyga.lt\/en\/produktas\/bukime-prieky-moterys-darbas-ir-siekis-vadovauti\/","og_site_name":"Skaitytaknyga","article_publisher":"https:\/\/www.facebook.com\/skaitytaknyga\/","article_modified_time":"2025-07-02T11:44:45+00:00","og_image":[{"width":405,"height":652,"url":"https:\/\/skaitytaknyga.lt\/wp-content\/uploads\/2025\/06\/Bukime-prieky.-Moterys-darbas-ir-siekis-vadovauti.webp","type":"image\/webp"}],"twitter_card":"summary_large_image","twitter_misc":{"Estimated reading time":"1 minute"},"schema":{"@context":"https:\/\/schema.org","@graph":[{"@type":"WebPage","@id":"https:\/\/skaitytaknyga.lt\/produktas\/bukime-prieky-moterys-darbas-ir-siekis-vadovauti\/","url":"https:\/\/skaitytaknyga.lt\/produktas\/bukime-prieky-moterys-darbas-ir-siekis-vadovauti\/","name":"B\u016bkime prieky. Moterys, darbas ir siekis vadovauti","isPartOf":{"@id":"https:\/\/skaitytaknyga.lt\/#website"},"primaryImageOfPage":{"@id":"https:\/\/skaitytaknyga.lt\/produktas\/bukime-prieky-moterys-darbas-ir-siekis-vadovauti\/#primaryimage"},"image":{"@id":"https:\/\/skaitytaknyga.lt\/produktas\/bukime-prieky-moterys-darbas-ir-siekis-vadovauti\/#primaryimage"},"thumbnailUrl":"https:\/\/skaitytaknyga.lt\/wp-content\/uploads\/2025\/06\/Bukime-prieky.-Moterys-darbas-ir-siekis-vadovauti.webp","datePublished":"2025-06-28T10:47:46+00:00","dateModified":"2025-07-02T11:44:45+00:00","description":"Nors jau prie\u0161 trisde\u0161imt met\u0173 JAV koled\u017e\u0173 absolven\u010di\u0173 skai\u010dius pasiek\u0117 50 procent\u0173, daugum\u0105 Vyriausyb\u0117s ir verslo vadov\u0173 pozicij\u0173 iki \u0161iol u\u017eima vyrai.","breadcrumb":{"@id":"https:\/\/skaitytaknyga.lt\/produktas\/bukime-prieky-moterys-darbas-ir-siekis-vadovauti\/#breadcrumb"},"inLanguage":"en-GB","potentialAction":[{"@type":"ReadAction","target":["https:\/\/skaitytaknyga.lt\/produktas\/bukime-prieky-moterys-darbas-ir-siekis-vadovauti\/"]}]},{"@type":"ImageObject","inLanguage":"en-GB","@id":"https:\/\/skaitytaknyga.lt\/produktas\/bukime-prieky-moterys-darbas-ir-siekis-vadovauti\/#primaryimage","url":"https:\/\/skaitytaknyga.lt\/wp-content\/uploads\/2025\/06\/Bukime-prieky.-Moterys-darbas-ir-siekis-vadovauti.webp","contentUrl":"https:\/\/skaitytaknyga.lt\/wp-content\/uploads\/2025\/06\/Bukime-prieky.-Moterys-darbas-ir-siekis-vadovauti.webp","width":405,"height":652,"caption":"B\u016bkime prieky. Moterys, darbas ir siekis vadovauti"},{"@type":"BreadcrumbList","@id":"https:\/\/skaitytaknyga.lt\/produktas\/bukime-prieky-moterys-darbas-ir-siekis-vadovauti\/#breadcrumb","itemListElement":[{"@type":"ListItem","position":1,"name":"Home","item":"https:\/\/skaitytaknyga.lt\/"},{"@type":"ListItem","position":2,"name":"Parduotuv\u0117","item":"https:\/\/skaitytaknyga.lt\/knygu-parduotuve\/"},{"@type":"ListItem","position":3,"name":"B\u016bkime prieky. Moterys, darbas ir siekis vadovauti"}]},{"@type":"WebSite","@id":"https:\/\/skaitytaknyga.lt\/#website","url":"https:\/\/skaitytaknyga.lt\/","name":"skaitytaknyga.lt","description":"Skaitytaknyga.lt \u2013 tai ma\u017eas \u0161eimos verslas, kuris prasid\u0117jo nuo meil\u0117s knygoms ir siekio i\u0161gelb\u0117ti knygas nuo likimo prie konteinerio. Kas vienam nereikalingas daiktas \u2013 kitam lobis, o mes esame tarpininkai, kurie padeda abiems tapti laimingesniems ???? \u017dinome kaip nelengva i\u0161gyventi ma\u017eiems verslams, tad nuo \u0161iol, \u010dia rasite ir kit\u0173, ma\u017e\u0173 \u0161eim\u0173 versl\u0173, rank\u0173 darbo, dovan\u0173 sau ir artimiesiems.","publisher":{"@id":"https:\/\/skaitytaknyga.lt\/#organization"},"potentialAction":[{"@type":"SearchAction","target":{"@type":"EntryPoint","urlTemplate":"https:\/\/skaitytaknyga.lt\/?s={search_term_string}"},"query-input":{"@type":"PropertyValueSpecification","valueRequired":true,"valueName":"search_term_string"}}],"inLanguage":"en-GB"},{"@type":"Organization","@id":"https:\/\/skaitytaknyga.lt\/#organization","name":"skaitytaknyga.lt","url":"https:\/\/skaitytaknyga.lt\/","logo":{"@type":"ImageObject","inLanguage":"en-GB","@id":"https:\/\/skaitytaknyga.lt\/#\/schema\/logo\/image\/","url":"https:\/\/skaitytaknyga.lt\/wp-content\/uploads\/2024\/05\/cropped-cropped-cropped-02_00843_jt3bggkj1j3HLc7SyY6rEUpg.jpeg","contentUrl":"https:\/\/skaitytaknyga.lt\/wp-content\/uploads\/2024\/05\/cropped-cropped-cropped-02_00843_jt3bggkj1j3HLc7SyY6rEUpg.jpeg","width":1600,"height":1600,"caption":"skaitytaknyga.lt"},"image":{"@id":"https:\/\/skaitytaknyga.lt\/#\/schema\/logo\/image\/"},"sameAs":["https:\/\/www.facebook.com\/skaitytaknyga\/"]}]}},"_links":{"self":[{"href":"https:\/\/skaitytaknyga.lt\/en\/wp-json\/wp\/v2\/product\/19087","targetHints":{"allow":["GET"]}}],"collection":[{"href":"https:\/\/skaitytaknyga.lt\/en\/wp-json\/wp\/v2\/product"}],"about":[{"href":"https:\/\/skaitytaknyga.lt\/en\/wp-json\/wp\/v2\/types\/product"}],"replies":[{"embeddable":true,"href":"https:\/\/skaitytaknyga.lt\/en\/wp-json\/wp\/v2\/comments?post=19087"}],"wp:featuredmedia":[{"embeddable":true,"href":"https:\/\/skaitytaknyga.lt\/en\/wp-json\/wp\/v2\/media\/19088"}],"wp:attachment":[{"href":"https:\/\/skaitytaknyga.lt\/en\/wp-json\/wp\/v2\/media?parent=19087"}],"wp:term":[{"taxonomy":"product_brand","embeddable":true,"href":"https:\/\/skaitytaknyga.lt\/en\/wp-json\/wp\/v2\/product_brand?post=19087"},{"taxonomy":"product_cat","embeddable":true,"href":"https:\/\/skaitytaknyga.lt\/en\/wp-json\/wp\/v2\/product_cat?post=19087"},{"taxonomy":"product_tag","embeddable":true,"href":"https:\/\/skaitytaknyga.lt\/en\/wp-json\/wp\/v2\/product_tag?post=19087"}],"curies":[{"name":"wp","href":"https:\/\/api.w.org\/{rel}","templated":true}]}}