{"id":19081,"date":"2025-06-28T12:51:38","date_gmt":"2025-06-28T09:51:38","guid":{"rendered":"https:\/\/skaitytaknyga.lt\/?post_type=product&#038;p=19081"},"modified":"2025-06-28T17:00:55","modified_gmt":"2025-06-28T14:00:55","slug":"kalbekime-patys-girdekime-kitus","status":"publish","type":"product","link":"https:\/\/skaitytaknyga.lt\/en\/produktas\/kalbekime-patys-girdekime-kitus\/","title":{"rendered":"Kalb\u0117kime patys, gird\u0117kime kitus"},"content":{"rendered":"<p>&#8220;Kalb\u0117kime patys, gird\u0117kime kitus. Tragi\u0161kieji istorijos 1940-1941 metai&#8221; &#8211; tai \u017eurnalisto, publicisto, redaktoriaus, politikos ir kult\u016bros ap\u017evalgininko Didmanto Valiu\u0161ai\u010dio knyga. Autorius domisi valstyb\u0117s ir demokratin\u0117s visuomen\u0117s raida, tarpukario nepriklausomos Lietuvos, pokario lietuvi\u0173 i\u0161eivijos visuomeniniais, politiniais, kult\u016briniais procesais, stebi dabartin\u0117s Lietuvos kult\u016bros, \u0161vietimo, politikos procesus, juos komentuoja vie\u0161ojoje erdv\u0117je. \u201eKnygoje sud\u0117ti tekstai \u2013 labai \u012fvair\u016bs. Visa \u017eurnalistikos \u017eanr\u0173 palet\u0117. Nuo komentar\u0173 dienra\u0161\u010diams ir interneto portalams, analitini\u0173 straipsni\u0173 knygoms ir savaitra\u0161\u010diams, iki interviu periodinei spaudai, reporta\u017e\u0173 Laisvosios Europos radijui, net \u017dini\u0173 radijo diskusij\u0173 laidos &#8220;\u017diniasklaidos anatomija&#8221; i\u0161klotini\u0173. Tekst\u0173 jungiamoji grandis \u2013 probleminis istorijos nervas. Knyg\u0105 sudaro penki skyriai ir nedidelis priedas. Pirmajame \u2013 keturi tekstai, savoti\u0161kai \u012fvesdinantys skaitytoj\u0105 \u012f \u0161ios knygos problematikos epicentr\u0105 \u2013 tragi\u0161kuosius 1940\u20131941 metus, kada prasid\u0117jo, sakytum, pramoninis Lietuvos \u017emoni\u0173 kankinimas ir naikinimas. Antrajame skyriuje sutelkti to meto \u012fvyki\u0173 dalyvi\u0173 liudijimai. Tre\u010diajame i\u0161ry\u0161kinami Juozo Brazai\u010dio asmenyb\u0117s bruo\u017eai. Ketvirtasis \u2013 diskusij\u0173 d\u0117l J.Brazai\u010dio pelen\u0173 perlaidojimo pasekm\u0117. Ir penktasis \u2013 tam tikras klausimo svarstymas platesniame kontekste. Knyga u\u017ebaigiama priedu \u2013 dviem trumpais ypatingo \u017emogaus tekstais, turin\u010diais, kaip taikliai buvo \u012fvardyta dienra\u0161\u010dio &#8220;Draugas&#8221; publikacijoje, testamentin\u0117s prasm\u0117s. Tai chemijos moksl\u0173 daktar\u0117s Ro\u017e\u0117s \u0160omkait\u0117s pad\u0117kos \u017eod\u017eiai tarti konferencijoje &#8220;Juozo Brazai\u010dio mokslin\u0117, \u0161viet\u0117ji\u0161ka, rezistencin\u0117 ir politin\u0117 veikla&#8221; Kauno miesto savivaldyb\u0117s did\u017eiojoje sal\u0117je 2012 m. gegu\u017e\u0117s 19 d. ir Kauno<\/p>\n","protected":false},"excerpt":{"rendered":"<p>&#8220;Kalb\u0117kime patys, gird\u0117kime kitus. Tragi\u0161kieji istorijos 1940-1941 metai&#8221; &#8211; tai \u017eurnalisto, publicisto, redaktoriaus, politikos ir kult\u016bros ap\u017evalgininko Didmanto Valiu\u0161ai\u010dio knyga. Autorius domisi valstyb\u0117s ir demokratin\u0117s visuomen\u0117s raida, tarpukario nepriklausomos Lietuvos, pokario lietuvi\u0173 i\u0161eivijos visuomeniniais, politiniais, kult\u016briniais procesais, stebi dabartin\u0117s Lietuvos kult\u016bros, \u0161vietimo, politikos procesus, juos komentuoja vie\u0161ojoje erdv\u0117je. \u201eKnygoje sud\u0117ti tekstai \u2013 labai \u012fvair\u016bs. Visa \u017eurnalistikos \u017eanr\u0173 palet\u0117. Nuo komentar\u0173 dienra\u0161\u010diams ir interneto portalams, analitini\u0173 straipsni\u0173 knygoms ir savaitra\u0161\u010diams, iki interviu periodinei spaudai, reporta\u017e\u0173 Laisvosios Europos radijui, net \u017dini\u0173 radijo diskusij\u0173 laidos &#8220;\u017diniasklaidos anatomija&#8221; i\u0161klotini\u0173. Tekst\u0173 jungiamoji grandis \u2013 probleminis istorijos nervas. Knyg\u0105 sudaro penki skyriai ir nedidelis priedas. Pirmajame \u2013 keturi tekstai, savoti\u0161kai \u012fvesdinantys skaitytoj\u0105 \u012f \u0161ios knygos problematikos epicentr\u0105 \u2013 tragi\u0161kuosius 1940\u20131941 metus, kada prasid\u0117jo, sakytum, pramoninis Lietuvos \u017emoni\u0173 kankinimas ir naikinimas. Antrajame skyriuje sutelkti to meto \u012fvyki\u0173 dalyvi\u0173 liudijimai. Tre\u010diajame i\u0161ry\u0161kinami Juozo Brazai\u010dio asmenyb\u0117s bruo\u017eai. Ketvirtasis \u2013 diskusij\u0173 d\u0117l J.Brazai\u010dio pelen\u0173 perlaidojimo pasekm\u0117. Ir penktasis \u2013 tam tikras klausimo svarstymas platesniame kontekste. Knyga u\u017ebaigiama priedu \u2013 dviem trumpais ypatingo \u017emogaus tekstais, turin\u010diais, kaip taikliai buvo \u012fvardyta dienra\u0161\u010dio &#8220;Draugas&#8221; publikacijoje, testamentin\u0117s prasm\u0117s. Tai chemijos moksl\u0173 daktar\u0117s Ro\u017e\u0117s \u0160omkait\u0117s pad\u0117kos \u017eod\u017eiai tarti konferencijoje &#8220;Juozo Brazai\u010dio mokslin\u0117, \u0161viet\u0117ji\u0161ka, rezistencin\u0117 ir politin\u0117 veikla&#8221; Kauno miesto savivaldyb\u0117s did\u017eiojoje sal\u0117je 2012 m. gegu\u017e\u0117s 19 d. ir Kauno<\/p>\n","protected":false},"featured_media":19086,"comment_status":"open","ping_status":"closed","template":"","meta":{"_acf_changed":false,"site-sidebar-layout":"default","site-content-layout":"","ast-site-content-layout":"default","site-content-style":"default","site-sidebar-style":"default","ast-global-header-display":"","ast-banner-title-visibility":"","ast-main-header-display":"","ast-hfb-above-header-display":"","ast-hfb-below-header-display":"","ast-hfb-mobile-header-display":"","site-post-title":"","ast-breadcrumbs-content":"","ast-featured-img":"","footer-sml-layout":"","ast-disable-related-posts":"","theme-transparent-header-meta":"","adv-header-id-meta":"","stick-header-meta":"","header-above-stick-meta":"","header-main-stick-meta":"","header-below-stick-meta":"","astra-migrate-meta-layouts":"default","ast-page-background-enabled":"default","ast-page-background-meta":{"desktop":{"background-color":"","background-image":"","background-repeat":"repeat","background-position":"center center","background-size":"auto","background-attachment":"scroll","background-type":"","background-media":"","overlay-type":"","overlay-color":"","overlay-opacity":"","overlay-gradient":""},"tablet":{"background-color":"","background-image":"","background-repeat":"repeat","background-position":"center center","background-size":"auto","background-attachment":"scroll","background-type":"","background-media":"","overlay-type":"","overlay-color":"","overlay-opacity":"","overlay-gradient":""},"mobile":{"background-color":"","background-image":"","background-repeat":"repeat","background-position":"center center","background-size":"auto","background-attachment":"scroll","background-type":"","background-media":"","overlay-type":"","overlay-color":"","overlay-opacity":"","overlay-gradient":""}},"ast-content-background-meta":{"desktop":{"background-color":"var(--ast-global-color-4)","background-image":"","background-repeat":"repeat","background-position":"center center","background-size":"auto","background-attachment":"scroll","background-type":"","background-media":"","overlay-type":"","overlay-color":"","overlay-opacity":"","overlay-gradient":""},"tablet":{"background-color":"var(--ast-global-color-4)","background-image":"","background-repeat":"repeat","background-position":"center center","background-size":"auto","background-attachment":"scroll","background-type":"","background-media":"","overlay-type":"","overlay-color":"","overlay-opacity":"","overlay-gradient":""},"mobile":{"background-color":"var(--ast-global-color-4)","background-image":"","background-repeat":"repeat","background-position":"center center","background-size":"auto","background-attachment":"scroll","background-type":"","background-media":"","overlay-type":"","overlay-color":"","overlay-opacity":"","overlay-gradient":""}}},"product_brand":[],"product_cat":[15],"product_tag":[],"class_list":{"0":"post-19081","1":"product","2":"type-product","3":"status-publish","4":"has-post-thumbnail","6":"product_cat-uncategorized","7":"desktop-align-left","8":"tablet-align-left","9":"mobile-align-left","11":"first","12":"instock","13":"shipping-taxable","14":"purchasable","15":"product-type-simple"},"acf":[],"yoast_head":"<!-- This site is optimized with the Yoast SEO plugin v27.4 - https:\/\/yoast.com\/product\/yoast-seo-wordpress\/ -->\n<title>Kalb\u0117kime patys, gird\u0117kime kitus<\/title>\n<meta name=\"description\" content=\"&quot;Kalb\u0117kime patys, gird\u0117kime kitus. Tragi\u0161kieji istorijos 1940-1941 metai&quot; - tai \u017eurnalisto, publicisto, redaktoriaus, politikos ir kult\u016bros ap\u017evalgininko\" \/>\n<meta name=\"robots\" content=\"index, follow, max-snippet:-1, max-image-preview:large, max-video-preview:-1\" \/>\n<link rel=\"canonical\" href=\"https:\/\/skaitytaknyga.lt\/en\/produktas\/kalbekime-patys-girdekime-kitus\/\" \/>\n<meta property=\"og:locale\" content=\"en_GB\" \/>\n<meta property=\"og:locale:alternate\" content=\"lt_LT\" \/>\n<meta property=\"og:type\" content=\"article\" \/>\n<meta property=\"og:title\" content=\"Kalb\u0117kime patys, gird\u0117kime kitus\" \/>\n<meta property=\"og:description\" content=\"&quot;Kalb\u0117kime patys, gird\u0117kime kitus. Tragi\u0161kieji istorijos 1940-1941 metai&quot; - tai \u017eurnalisto, publicisto, redaktoriaus, politikos ir kult\u016bros ap\u017evalgininko\" \/>\n<meta property=\"og:url\" content=\"https:\/\/skaitytaknyga.lt\/en\/produktas\/kalbekime-patys-girdekime-kitus\/\" \/>\n<meta property=\"og:site_name\" content=\"Skaitytaknyga\" \/>\n<meta property=\"article:publisher\" content=\"https:\/\/www.facebook.com\/skaitytaknyga\/\" \/>\n<meta property=\"article:modified_time\" content=\"2025-06-28T14:00:55+00:00\" \/>\n<meta property=\"og:image\" content=\"https:\/\/skaitytaknyga.lt\/wp-content\/uploads\/2025\/06\/Kalbekime-patys-girdekime-kitus.jpg\" \/>\n\t<meta property=\"og:image:width\" content=\"270\" \/>\n\t<meta property=\"og:image:height\" content=\"390\" \/>\n\t<meta property=\"og:image:type\" content=\"image\/jpeg\" \/>\n<meta name=\"twitter:card\" content=\"summary_large_image\" \/>\n<meta name=\"twitter:label1\" content=\"Estimated reading time\" \/>\n\t<meta name=\"twitter:data1\" content=\"1 minute\" \/>\n<script type=\"application\/ld+json\" class=\"yoast-schema-graph\">{\"@context\":\"https:\\\/\\\/schema.org\",\"@graph\":[{\"@type\":\"WebPage\",\"@id\":\"https:\\\/\\\/skaitytaknyga.lt\\\/produktas\\\/kalbekime-patys-girdekime-kitus\\\/\",\"url\":\"https:\\\/\\\/skaitytaknyga.lt\\\/produktas\\\/kalbekime-patys-girdekime-kitus\\\/\",\"name\":\"Kalb\u0117kime patys, gird\u0117kime kitus\",\"isPartOf\":{\"@id\":\"https:\\\/\\\/skaitytaknyga.lt\\\/#website\"},\"primaryImageOfPage\":{\"@id\":\"https:\\\/\\\/skaitytaknyga.lt\\\/produktas\\\/kalbekime-patys-girdekime-kitus\\\/#primaryimage\"},\"image\":{\"@id\":\"https:\\\/\\\/skaitytaknyga.lt\\\/produktas\\\/kalbekime-patys-girdekime-kitus\\\/#primaryimage\"},\"thumbnailUrl\":\"https:\\\/\\\/skaitytaknyga.lt\\\/wp-content\\\/uploads\\\/2025\\\/06\\\/Kalbekime-patys-girdekime-kitus.jpg\",\"datePublished\":\"2025-06-28T09:51:38+00:00\",\"dateModified\":\"2025-06-28T14:00:55+00:00\",\"description\":\"\\\"Kalb\u0117kime patys, gird\u0117kime kitus. Tragi\u0161kieji istorijos 1940-1941 metai\\\" - tai \u017eurnalisto, publicisto, redaktoriaus, politikos ir kult\u016bros ap\u017evalgininko\",\"breadcrumb\":{\"@id\":\"https:\\\/\\\/skaitytaknyga.lt\\\/produktas\\\/kalbekime-patys-girdekime-kitus\\\/#breadcrumb\"},\"inLanguage\":\"en-GB\",\"potentialAction\":[{\"@type\":\"ReadAction\",\"target\":[\"https:\\\/\\\/skaitytaknyga.lt\\\/produktas\\\/kalbekime-patys-girdekime-kitus\\\/\"]}]},{\"@type\":\"ImageObject\",\"inLanguage\":\"en-GB\",\"@id\":\"https:\\\/\\\/skaitytaknyga.lt\\\/produktas\\\/kalbekime-patys-girdekime-kitus\\\/#primaryimage\",\"url\":\"https:\\\/\\\/skaitytaknyga.lt\\\/wp-content\\\/uploads\\\/2025\\\/06\\\/Kalbekime-patys-girdekime-kitus.jpg\",\"contentUrl\":\"https:\\\/\\\/skaitytaknyga.lt\\\/wp-content\\\/uploads\\\/2025\\\/06\\\/Kalbekime-patys-girdekime-kitus.jpg\",\"width\":270,\"height\":390,\"caption\":\"Kalb\u0117kime patys, gird\u0117kime kitus\"},{\"@type\":\"BreadcrumbList\",\"@id\":\"https:\\\/\\\/skaitytaknyga.lt\\\/produktas\\\/kalbekime-patys-girdekime-kitus\\\/#breadcrumb\",\"itemListElement\":[{\"@type\":\"ListItem\",\"position\":1,\"name\":\"Home\",\"item\":\"https:\\\/\\\/skaitytaknyga.lt\\\/\"},{\"@type\":\"ListItem\",\"position\":2,\"name\":\"Parduotuv\u0117\",\"item\":\"https:\\\/\\\/skaitytaknyga.lt\\\/knygu-parduotuve\\\/\"},{\"@type\":\"ListItem\",\"position\":3,\"name\":\"Kalb\u0117kime patys, gird\u0117kime kitus\"}]},{\"@type\":\"WebSite\",\"@id\":\"https:\\\/\\\/skaitytaknyga.lt\\\/#website\",\"url\":\"https:\\\/\\\/skaitytaknyga.lt\\\/\",\"name\":\"skaitytaknyga.lt\",\"description\":\"Skaitytaknyga.lt \u2013 tai ma\u017eas \u0161eimos verslas, kuris prasid\u0117jo nuo meil\u0117s knygoms ir siekio i\u0161gelb\u0117ti knygas nuo likimo prie konteinerio. Kas vienam nereikalingas daiktas \u2013 kitam lobis, o mes esame tarpininkai, kurie padeda abiems tapti laimingesniems ???? \u017dinome kaip nelengva i\u0161gyventi ma\u017eiems verslams, tad nuo \u0161iol, \u010dia rasite ir kit\u0173, ma\u017e\u0173 \u0161eim\u0173 versl\u0173, rank\u0173 darbo, dovan\u0173 sau ir artimiesiems.\",\"publisher\":{\"@id\":\"https:\\\/\\\/skaitytaknyga.lt\\\/#organization\"},\"potentialAction\":[{\"@type\":\"SearchAction\",\"target\":{\"@type\":\"EntryPoint\",\"urlTemplate\":\"https:\\\/\\\/skaitytaknyga.lt\\\/?s={search_term_string}\"},\"query-input\":{\"@type\":\"PropertyValueSpecification\",\"valueRequired\":true,\"valueName\":\"search_term_string\"}}],\"inLanguage\":\"en-GB\"},{\"@type\":\"Organization\",\"@id\":\"https:\\\/\\\/skaitytaknyga.lt\\\/#organization\",\"name\":\"skaitytaknyga.lt\",\"url\":\"https:\\\/\\\/skaitytaknyga.lt\\\/\",\"logo\":{\"@type\":\"ImageObject\",\"inLanguage\":\"en-GB\",\"@id\":\"https:\\\/\\\/skaitytaknyga.lt\\\/#\\\/schema\\\/logo\\\/image\\\/\",\"url\":\"https:\\\/\\\/skaitytaknyga.lt\\\/wp-content\\\/uploads\\\/2024\\\/05\\\/cropped-cropped-cropped-02_00843_jt3bggkj1j3HLc7SyY6rEUpg.jpeg\",\"contentUrl\":\"https:\\\/\\\/skaitytaknyga.lt\\\/wp-content\\\/uploads\\\/2024\\\/05\\\/cropped-cropped-cropped-02_00843_jt3bggkj1j3HLc7SyY6rEUpg.jpeg\",\"width\":1600,\"height\":1600,\"caption\":\"skaitytaknyga.lt\"},\"image\":{\"@id\":\"https:\\\/\\\/skaitytaknyga.lt\\\/#\\\/schema\\\/logo\\\/image\\\/\"},\"sameAs\":[\"https:\\\/\\\/www.facebook.com\\\/skaitytaknyga\\\/\"]}]}<\/script>\n<!-- \/ Yoast SEO plugin. -->","yoast_head_json":{"title":"Kalb\u0117kime patys, gird\u0117kime kitus","description":"\"Kalb\u0117kime patys, gird\u0117kime kitus. Tragi\u0161kieji istorijos 1940-1941 metai\" - tai \u017eurnalisto, publicisto, redaktoriaus, politikos ir kult\u016bros ap\u017evalgininko","robots":{"index":"index","follow":"follow","max-snippet":"max-snippet:-1","max-image-preview":"max-image-preview:large","max-video-preview":"max-video-preview:-1"},"canonical":"https:\/\/skaitytaknyga.lt\/en\/produktas\/kalbekime-patys-girdekime-kitus\/","og_locale":"en_GB","og_type":"article","og_title":"[:lt]Kalb\u0117kime patys, gird\u0117kime kitus[:] - Skaitytaknyga","og_description":"\"Kalb\u0117kime patys, gird\u0117kime kitus. Tragi\u0161kieji istorijos 1940-1941 metai\" - tai \u017eurnalisto, publicisto, redaktoriaus, politikos ir kult\u016bros ap\u017evalgininko","og_url":"https:\/\/skaitytaknyga.lt\/en\/produktas\/kalbekime-patys-girdekime-kitus\/","og_site_name":"Skaitytaknyga","article_publisher":"https:\/\/www.facebook.com\/skaitytaknyga\/","article_modified_time":"2025-06-28T14:00:55+00:00","og_image":[{"width":270,"height":390,"url":"https:\/\/skaitytaknyga.lt\/wp-content\/uploads\/2025\/06\/Kalbekime-patys-girdekime-kitus.jpg","type":"image\/jpeg"}],"twitter_card":"summary_large_image","twitter_misc":{"Estimated reading time":"1 minute"},"schema":{"@context":"https:\/\/schema.org","@graph":[{"@type":"WebPage","@id":"https:\/\/skaitytaknyga.lt\/produktas\/kalbekime-patys-girdekime-kitus\/","url":"https:\/\/skaitytaknyga.lt\/produktas\/kalbekime-patys-girdekime-kitus\/","name":"Kalb\u0117kime patys, gird\u0117kime kitus","isPartOf":{"@id":"https:\/\/skaitytaknyga.lt\/#website"},"primaryImageOfPage":{"@id":"https:\/\/skaitytaknyga.lt\/produktas\/kalbekime-patys-girdekime-kitus\/#primaryimage"},"image":{"@id":"https:\/\/skaitytaknyga.lt\/produktas\/kalbekime-patys-girdekime-kitus\/#primaryimage"},"thumbnailUrl":"https:\/\/skaitytaknyga.lt\/wp-content\/uploads\/2025\/06\/Kalbekime-patys-girdekime-kitus.jpg","datePublished":"2025-06-28T09:51:38+00:00","dateModified":"2025-06-28T14:00:55+00:00","description":"\"Kalb\u0117kime patys, gird\u0117kime kitus. Tragi\u0161kieji istorijos 1940-1941 metai\" - tai \u017eurnalisto, publicisto, redaktoriaus, politikos ir kult\u016bros ap\u017evalgininko","breadcrumb":{"@id":"https:\/\/skaitytaknyga.lt\/produktas\/kalbekime-patys-girdekime-kitus\/#breadcrumb"},"inLanguage":"en-GB","potentialAction":[{"@type":"ReadAction","target":["https:\/\/skaitytaknyga.lt\/produktas\/kalbekime-patys-girdekime-kitus\/"]}]},{"@type":"ImageObject","inLanguage":"en-GB","@id":"https:\/\/skaitytaknyga.lt\/produktas\/kalbekime-patys-girdekime-kitus\/#primaryimage","url":"https:\/\/skaitytaknyga.lt\/wp-content\/uploads\/2025\/06\/Kalbekime-patys-girdekime-kitus.jpg","contentUrl":"https:\/\/skaitytaknyga.lt\/wp-content\/uploads\/2025\/06\/Kalbekime-patys-girdekime-kitus.jpg","width":270,"height":390,"caption":"Kalb\u0117kime patys, gird\u0117kime kitus"},{"@type":"BreadcrumbList","@id":"https:\/\/skaitytaknyga.lt\/produktas\/kalbekime-patys-girdekime-kitus\/#breadcrumb","itemListElement":[{"@type":"ListItem","position":1,"name":"Home","item":"https:\/\/skaitytaknyga.lt\/"},{"@type":"ListItem","position":2,"name":"Parduotuv\u0117","item":"https:\/\/skaitytaknyga.lt\/knygu-parduotuve\/"},{"@type":"ListItem","position":3,"name":"Kalb\u0117kime patys, gird\u0117kime kitus"}]},{"@type":"WebSite","@id":"https:\/\/skaitytaknyga.lt\/#website","url":"https:\/\/skaitytaknyga.lt\/","name":"skaitytaknyga.lt","description":"Skaitytaknyga.lt \u2013 tai ma\u017eas \u0161eimos verslas, kuris prasid\u0117jo nuo meil\u0117s knygoms ir siekio i\u0161gelb\u0117ti knygas nuo likimo prie konteinerio. Kas vienam nereikalingas daiktas \u2013 kitam lobis, o mes esame tarpininkai, kurie padeda abiems tapti laimingesniems ???? \u017dinome kaip nelengva i\u0161gyventi ma\u017eiems verslams, tad nuo \u0161iol, \u010dia rasite ir kit\u0173, ma\u017e\u0173 \u0161eim\u0173 versl\u0173, rank\u0173 darbo, dovan\u0173 sau ir artimiesiems.","publisher":{"@id":"https:\/\/skaitytaknyga.lt\/#organization"},"potentialAction":[{"@type":"SearchAction","target":{"@type":"EntryPoint","urlTemplate":"https:\/\/skaitytaknyga.lt\/?s={search_term_string}"},"query-input":{"@type":"PropertyValueSpecification","valueRequired":true,"valueName":"search_term_string"}}],"inLanguage":"en-GB"},{"@type":"Organization","@id":"https:\/\/skaitytaknyga.lt\/#organization","name":"skaitytaknyga.lt","url":"https:\/\/skaitytaknyga.lt\/","logo":{"@type":"ImageObject","inLanguage":"en-GB","@id":"https:\/\/skaitytaknyga.lt\/#\/schema\/logo\/image\/","url":"https:\/\/skaitytaknyga.lt\/wp-content\/uploads\/2024\/05\/cropped-cropped-cropped-02_00843_jt3bggkj1j3HLc7SyY6rEUpg.jpeg","contentUrl":"https:\/\/skaitytaknyga.lt\/wp-content\/uploads\/2024\/05\/cropped-cropped-cropped-02_00843_jt3bggkj1j3HLc7SyY6rEUpg.jpeg","width":1600,"height":1600,"caption":"skaitytaknyga.lt"},"image":{"@id":"https:\/\/skaitytaknyga.lt\/#\/schema\/logo\/image\/"},"sameAs":["https:\/\/www.facebook.com\/skaitytaknyga\/"]}]}},"_links":{"self":[{"href":"https:\/\/skaitytaknyga.lt\/en\/wp-json\/wp\/v2\/product\/19081","targetHints":{"allow":["GET"]}}],"collection":[{"href":"https:\/\/skaitytaknyga.lt\/en\/wp-json\/wp\/v2\/product"}],"about":[{"href":"https:\/\/skaitytaknyga.lt\/en\/wp-json\/wp\/v2\/types\/product"}],"replies":[{"embeddable":true,"href":"https:\/\/skaitytaknyga.lt\/en\/wp-json\/wp\/v2\/comments?post=19081"}],"wp:featuredmedia":[{"embeddable":true,"href":"https:\/\/skaitytaknyga.lt\/en\/wp-json\/wp\/v2\/media\/19086"}],"wp:attachment":[{"href":"https:\/\/skaitytaknyga.lt\/en\/wp-json\/wp\/v2\/media?parent=19081"}],"wp:term":[{"taxonomy":"product_brand","embeddable":true,"href":"https:\/\/skaitytaknyga.lt\/en\/wp-json\/wp\/v2\/product_brand?post=19081"},{"taxonomy":"product_cat","embeddable":true,"href":"https:\/\/skaitytaknyga.lt\/en\/wp-json\/wp\/v2\/product_cat?post=19081"},{"taxonomy":"product_tag","embeddable":true,"href":"https:\/\/skaitytaknyga.lt\/en\/wp-json\/wp\/v2\/product_tag?post=19081"}],"curies":[{"name":"wp","href":"https:\/\/api.w.org\/{rel}","templated":true}]}}