{"id":19080,"date":"2025-06-28T12:51:38","date_gmt":"2025-06-28T09:51:38","guid":{"rendered":"https:\/\/skaitytaknyga.lt\/?post_type=product&#038;p=19080"},"modified":"2025-07-07T09:54:42","modified_gmt":"2025-07-07T06:54:42","slug":"lengvas-gyvenimas-krikscioniskosios-psichologijos-etiudai-sutuoktiniams","status":"publish","type":"product","link":"https:\/\/skaitytaknyga.lt\/en\/produktas\/lengvas-gyvenimas-krikscioniskosios-psichologijos-etiudai-sutuoktiniams\/","title":{"rendered":"Lengvas gyvenimas: krik\u0161\u010dioni\u0161kosios psichologijos etiudai sutuoktiniams"},"content":{"rendered":"<p>Knygoje pabr\u0117\u017eiama dvasinio augimo ir santuokin\u0117s psichologijos pa\u017einimo svarba siekiant harmonijos \u0161eimos gyvenime. Savo teiginius autorius gausiai iliustruoja kasdienio gyvenimo pavyzd\u017eiais, gilios \u012f\u017evalgos derinamos su konkre\u010diais patarimais.<\/p>\n","protected":false},"excerpt":{"rendered":"<p>Knygoje pabr\u0117\u017eiama dvasinio augimo ir santuokin\u0117s psichologijos pa\u017einimo svarba siekiant harmonijos \u0161eimos gyvenime. Savo teiginius autorius gausiai iliustruoja kasdienio gyvenimo pavyzd\u017eiais, gilios \u012f\u017evalgos derinamos su konkre\u010diais patarimais.<\/p>\n","protected":false},"featured_media":19085,"comment_status":"open","ping_status":"closed","template":"","meta":{"_acf_changed":false,"site-sidebar-layout":"default","site-content-layout":"","ast-site-content-layout":"default","site-content-style":"default","site-sidebar-style":"default","ast-global-header-display":"","ast-banner-title-visibility":"","ast-main-header-display":"","ast-hfb-above-header-display":"","ast-hfb-below-header-display":"","ast-hfb-mobile-header-display":"","site-post-title":"","ast-breadcrumbs-content":"","ast-featured-img":"","footer-sml-layout":"","ast-disable-related-posts":"","theme-transparent-header-meta":"","adv-header-id-meta":"","stick-header-meta":"","header-above-stick-meta":"","header-main-stick-meta":"","header-below-stick-meta":"","astra-migrate-meta-layouts":"default","ast-page-background-enabled":"default","ast-page-background-meta":{"desktop":{"background-color":"","background-image":"","background-repeat":"repeat","background-position":"center center","background-size":"auto","background-attachment":"scroll","background-type":"","background-media":"","overlay-type":"","overlay-color":"","overlay-opacity":"","overlay-gradient":""},"tablet":{"background-color":"","background-image":"","background-repeat":"repeat","background-position":"center center","background-size":"auto","background-attachment":"scroll","background-type":"","background-media":"","overlay-type":"","overlay-color":"","overlay-opacity":"","overlay-gradient":""},"mobile":{"background-color":"","background-image":"","background-repeat":"repeat","background-position":"center center","background-size":"auto","background-attachment":"scroll","background-type":"","background-media":"","overlay-type":"","overlay-color":"","overlay-opacity":"","overlay-gradient":""}},"ast-content-background-meta":{"desktop":{"background-color":"var(--ast-global-color-4)","background-image":"","background-repeat":"repeat","background-position":"center center","background-size":"auto","background-attachment":"scroll","background-type":"","background-media":"","overlay-type":"","overlay-color":"","overlay-opacity":"","overlay-gradient":""},"tablet":{"background-color":"var(--ast-global-color-4)","background-image":"","background-repeat":"repeat","background-position":"center center","background-size":"auto","background-attachment":"scroll","background-type":"","background-media":"","overlay-type":"","overlay-color":"","overlay-opacity":"","overlay-gradient":""},"mobile":{"background-color":"var(--ast-global-color-4)","background-image":"","background-repeat":"repeat","background-position":"center center","background-size":"auto","background-attachment":"scroll","background-type":"","background-media":"","overlay-type":"","overlay-color":"","overlay-opacity":"","overlay-gradient":""}}},"product_brand":[],"product_cat":[165],"product_tag":[],"class_list":{"0":"post-19080","1":"product","2":"type-product","3":"status-publish","4":"has-post-thumbnail","6":"product_cat-religija-filosofija-ir-ezoterika","7":"desktop-align-left","8":"tablet-align-left","9":"mobile-align-left","11":"first","12":"instock","13":"shipping-taxable","14":"purchasable","15":"product-type-simple"},"acf":[],"yoast_head":"<!-- This site is optimized with the Yoast SEO plugin v27.4 - https:\/\/yoast.com\/product\/yoast-seo-wordpress\/ -->\n<title>Lengvas gyvenimas: krik\u0161\u010dioni\u0161kosios psichologijos etiudai sutuoktiniams<\/title>\n<meta name=\"description\" content=\"Knygoje pabr\u0117\u017eiama dvasinio augimo ir santuokin\u0117s psichologijos pa\u017einimo svarba siekiant harmonijos \u0161eimos gyvenime. Savo teiginius autorius gausiai\" \/>\n<meta name=\"robots\" content=\"index, follow, max-snippet:-1, max-image-preview:large, max-video-preview:-1\" \/>\n<link rel=\"canonical\" href=\"https:\/\/skaitytaknyga.lt\/en\/produktas\/lengvas-gyvenimas-krikscioniskosios-psichologijos-etiudai-sutuoktiniams\/\" \/>\n<meta property=\"og:locale\" content=\"en_GB\" \/>\n<meta property=\"og:locale:alternate\" content=\"lt_LT\" \/>\n<meta property=\"og:type\" content=\"article\" \/>\n<meta property=\"og:title\" content=\"Lengvas gyvenimas: krik\u0161\u010dioni\u0161kosios psichologijos etiudai sutuoktiniams\" \/>\n<meta property=\"og:description\" content=\"Knygoje pabr\u0117\u017eiama dvasinio augimo ir santuokin\u0117s psichologijos pa\u017einimo svarba siekiant harmonijos \u0161eimos gyvenime. Savo teiginius autorius gausiai\" \/>\n<meta property=\"og:url\" content=\"https:\/\/skaitytaknyga.lt\/en\/produktas\/lengvas-gyvenimas-krikscioniskosios-psichologijos-etiudai-sutuoktiniams\/\" \/>\n<meta property=\"og:site_name\" content=\"Skaitytaknyga\" \/>\n<meta property=\"article:publisher\" content=\"https:\/\/www.facebook.com\/skaitytaknyga\/\" \/>\n<meta property=\"article:modified_time\" content=\"2025-07-07T06:54:42+00:00\" \/>\n<meta property=\"og:image\" content=\"https:\/\/skaitytaknyga.lt\/wp-content\/uploads\/2025\/06\/Lengvas-gyvenimas-krikscioniskosios-psichologijos-etiudai-sutuoktiniams.webp\" \/>\n\t<meta property=\"og:image:width\" content=\"503\" \/>\n\t<meta property=\"og:image:height\" content=\"801\" \/>\n\t<meta property=\"og:image:type\" content=\"image\/webp\" \/>\n<meta name=\"twitter:card\" content=\"summary_large_image\" \/>\n<script type=\"application\/ld+json\" class=\"yoast-schema-graph\">{\"@context\":\"https:\\\/\\\/schema.org\",\"@graph\":[{\"@type\":\"WebPage\",\"@id\":\"https:\\\/\\\/skaitytaknyga.lt\\\/produktas\\\/lengvas-gyvenimas-krikscioniskosios-psichologijos-etiudai-sutuoktiniams\\\/\",\"url\":\"https:\\\/\\\/skaitytaknyga.lt\\\/produktas\\\/lengvas-gyvenimas-krikscioniskosios-psichologijos-etiudai-sutuoktiniams\\\/\",\"name\":\"Lengvas gyvenimas: krik\u0161\u010dioni\u0161kosios psichologijos etiudai sutuoktiniams\",\"isPartOf\":{\"@id\":\"https:\\\/\\\/skaitytaknyga.lt\\\/#website\"},\"primaryImageOfPage\":{\"@id\":\"https:\\\/\\\/skaitytaknyga.lt\\\/produktas\\\/lengvas-gyvenimas-krikscioniskosios-psichologijos-etiudai-sutuoktiniams\\\/#primaryimage\"},\"image\":{\"@id\":\"https:\\\/\\\/skaitytaknyga.lt\\\/produktas\\\/lengvas-gyvenimas-krikscioniskosios-psichologijos-etiudai-sutuoktiniams\\\/#primaryimage\"},\"thumbnailUrl\":\"https:\\\/\\\/skaitytaknyga.lt\\\/wp-content\\\/uploads\\\/2025\\\/06\\\/Lengvas-gyvenimas-krikscioniskosios-psichologijos-etiudai-sutuoktiniams.webp\",\"datePublished\":\"2025-06-28T09:51:38+00:00\",\"dateModified\":\"2025-07-07T06:54:42+00:00\",\"description\":\"Knygoje pabr\u0117\u017eiama dvasinio augimo ir santuokin\u0117s psichologijos pa\u017einimo svarba siekiant harmonijos \u0161eimos gyvenime. Savo teiginius autorius gausiai\",\"breadcrumb\":{\"@id\":\"https:\\\/\\\/skaitytaknyga.lt\\\/produktas\\\/lengvas-gyvenimas-krikscioniskosios-psichologijos-etiudai-sutuoktiniams\\\/#breadcrumb\"},\"inLanguage\":\"en-GB\",\"potentialAction\":[{\"@type\":\"ReadAction\",\"target\":[\"https:\\\/\\\/skaitytaknyga.lt\\\/produktas\\\/lengvas-gyvenimas-krikscioniskosios-psichologijos-etiudai-sutuoktiniams\\\/\"]}]},{\"@type\":\"ImageObject\",\"inLanguage\":\"en-GB\",\"@id\":\"https:\\\/\\\/skaitytaknyga.lt\\\/produktas\\\/lengvas-gyvenimas-krikscioniskosios-psichologijos-etiudai-sutuoktiniams\\\/#primaryimage\",\"url\":\"https:\\\/\\\/skaitytaknyga.lt\\\/wp-content\\\/uploads\\\/2025\\\/06\\\/Lengvas-gyvenimas-krikscioniskosios-psichologijos-etiudai-sutuoktiniams.webp\",\"contentUrl\":\"https:\\\/\\\/skaitytaknyga.lt\\\/wp-content\\\/uploads\\\/2025\\\/06\\\/Lengvas-gyvenimas-krikscioniskosios-psichologijos-etiudai-sutuoktiniams.webp\",\"width\":503,\"height\":801,\"caption\":\"Lengvas gyvenimas: krik\u0161\u010dioni\u0161kosios psichologijos etiudai sutuoktiniams\"},{\"@type\":\"BreadcrumbList\",\"@id\":\"https:\\\/\\\/skaitytaknyga.lt\\\/produktas\\\/lengvas-gyvenimas-krikscioniskosios-psichologijos-etiudai-sutuoktiniams\\\/#breadcrumb\",\"itemListElement\":[{\"@type\":\"ListItem\",\"position\":1,\"name\":\"Home\",\"item\":\"https:\\\/\\\/skaitytaknyga.lt\\\/\"},{\"@type\":\"ListItem\",\"position\":2,\"name\":\"Parduotuv\u0117\",\"item\":\"https:\\\/\\\/skaitytaknyga.lt\\\/knygu-parduotuve\\\/\"},{\"@type\":\"ListItem\",\"position\":3,\"name\":\"Lengvas gyvenimas: krik\u0161\u010dioni\u0161kosios psichologijos etiudai sutuoktiniams\"}]},{\"@type\":\"WebSite\",\"@id\":\"https:\\\/\\\/skaitytaknyga.lt\\\/#website\",\"url\":\"https:\\\/\\\/skaitytaknyga.lt\\\/\",\"name\":\"skaitytaknyga.lt\",\"description\":\"Skaitytaknyga.lt \u2013 tai ma\u017eas \u0161eimos verslas, kuris prasid\u0117jo nuo meil\u0117s knygoms ir siekio i\u0161gelb\u0117ti knygas nuo likimo prie konteinerio. Kas vienam nereikalingas daiktas \u2013 kitam lobis, o mes esame tarpininkai, kurie padeda abiems tapti laimingesniems ???? \u017dinome kaip nelengva i\u0161gyventi ma\u017eiems verslams, tad nuo \u0161iol, \u010dia rasite ir kit\u0173, ma\u017e\u0173 \u0161eim\u0173 versl\u0173, rank\u0173 darbo, dovan\u0173 sau ir artimiesiems.\",\"publisher\":{\"@id\":\"https:\\\/\\\/skaitytaknyga.lt\\\/#organization\"},\"potentialAction\":[{\"@type\":\"SearchAction\",\"target\":{\"@type\":\"EntryPoint\",\"urlTemplate\":\"https:\\\/\\\/skaitytaknyga.lt\\\/?s={search_term_string}\"},\"query-input\":{\"@type\":\"PropertyValueSpecification\",\"valueRequired\":true,\"valueName\":\"search_term_string\"}}],\"inLanguage\":\"en-GB\"},{\"@type\":\"Organization\",\"@id\":\"https:\\\/\\\/skaitytaknyga.lt\\\/#organization\",\"name\":\"skaitytaknyga.lt\",\"url\":\"https:\\\/\\\/skaitytaknyga.lt\\\/\",\"logo\":{\"@type\":\"ImageObject\",\"inLanguage\":\"en-GB\",\"@id\":\"https:\\\/\\\/skaitytaknyga.lt\\\/#\\\/schema\\\/logo\\\/image\\\/\",\"url\":\"https:\\\/\\\/skaitytaknyga.lt\\\/wp-content\\\/uploads\\\/2024\\\/05\\\/cropped-cropped-cropped-02_00843_jt3bggkj1j3HLc7SyY6rEUpg.jpeg\",\"contentUrl\":\"https:\\\/\\\/skaitytaknyga.lt\\\/wp-content\\\/uploads\\\/2024\\\/05\\\/cropped-cropped-cropped-02_00843_jt3bggkj1j3HLc7SyY6rEUpg.jpeg\",\"width\":1600,\"height\":1600,\"caption\":\"skaitytaknyga.lt\"},\"image\":{\"@id\":\"https:\\\/\\\/skaitytaknyga.lt\\\/#\\\/schema\\\/logo\\\/image\\\/\"},\"sameAs\":[\"https:\\\/\\\/www.facebook.com\\\/skaitytaknyga\\\/\"]}]}<\/script>\n<!-- \/ Yoast SEO plugin. -->","yoast_head_json":{"title":"Lengvas gyvenimas: krik\u0161\u010dioni\u0161kosios psichologijos etiudai sutuoktiniams","description":"Knygoje pabr\u0117\u017eiama dvasinio augimo ir santuokin\u0117s psichologijos pa\u017einimo svarba siekiant harmonijos \u0161eimos gyvenime. Savo teiginius autorius gausiai","robots":{"index":"index","follow":"follow","max-snippet":"max-snippet:-1","max-image-preview":"max-image-preview:large","max-video-preview":"max-video-preview:-1"},"canonical":"https:\/\/skaitytaknyga.lt\/en\/produktas\/lengvas-gyvenimas-krikscioniskosios-psichologijos-etiudai-sutuoktiniams\/","og_locale":"en_GB","og_type":"article","og_title":"[:lt]Lengvas gyvenimas: krik\u0161\u010dioni\u0161kosios psichologijos etiudai sutuoktiniams[:] - Skaitytaknyga","og_description":"Knygoje pabr\u0117\u017eiama dvasinio augimo ir santuokin\u0117s psichologijos pa\u017einimo svarba siekiant harmonijos \u0161eimos gyvenime. Savo teiginius autorius gausiai","og_url":"https:\/\/skaitytaknyga.lt\/en\/produktas\/lengvas-gyvenimas-krikscioniskosios-psichologijos-etiudai-sutuoktiniams\/","og_site_name":"Skaitytaknyga","article_publisher":"https:\/\/www.facebook.com\/skaitytaknyga\/","article_modified_time":"2025-07-07T06:54:42+00:00","og_image":[{"width":503,"height":801,"url":"https:\/\/skaitytaknyga.lt\/wp-content\/uploads\/2025\/06\/Lengvas-gyvenimas-krikscioniskosios-psichologijos-etiudai-sutuoktiniams.webp","type":"image\/webp"}],"twitter_card":"summary_large_image","schema":{"@context":"https:\/\/schema.org","@graph":[{"@type":"WebPage","@id":"https:\/\/skaitytaknyga.lt\/produktas\/lengvas-gyvenimas-krikscioniskosios-psichologijos-etiudai-sutuoktiniams\/","url":"https:\/\/skaitytaknyga.lt\/produktas\/lengvas-gyvenimas-krikscioniskosios-psichologijos-etiudai-sutuoktiniams\/","name":"Lengvas gyvenimas: krik\u0161\u010dioni\u0161kosios psichologijos etiudai sutuoktiniams","isPartOf":{"@id":"https:\/\/skaitytaknyga.lt\/#website"},"primaryImageOfPage":{"@id":"https:\/\/skaitytaknyga.lt\/produktas\/lengvas-gyvenimas-krikscioniskosios-psichologijos-etiudai-sutuoktiniams\/#primaryimage"},"image":{"@id":"https:\/\/skaitytaknyga.lt\/produktas\/lengvas-gyvenimas-krikscioniskosios-psichologijos-etiudai-sutuoktiniams\/#primaryimage"},"thumbnailUrl":"https:\/\/skaitytaknyga.lt\/wp-content\/uploads\/2025\/06\/Lengvas-gyvenimas-krikscioniskosios-psichologijos-etiudai-sutuoktiniams.webp","datePublished":"2025-06-28T09:51:38+00:00","dateModified":"2025-07-07T06:54:42+00:00","description":"Knygoje pabr\u0117\u017eiama dvasinio augimo ir santuokin\u0117s psichologijos pa\u017einimo svarba siekiant harmonijos \u0161eimos gyvenime. Savo teiginius autorius gausiai","breadcrumb":{"@id":"https:\/\/skaitytaknyga.lt\/produktas\/lengvas-gyvenimas-krikscioniskosios-psichologijos-etiudai-sutuoktiniams\/#breadcrumb"},"inLanguage":"en-GB","potentialAction":[{"@type":"ReadAction","target":["https:\/\/skaitytaknyga.lt\/produktas\/lengvas-gyvenimas-krikscioniskosios-psichologijos-etiudai-sutuoktiniams\/"]}]},{"@type":"ImageObject","inLanguage":"en-GB","@id":"https:\/\/skaitytaknyga.lt\/produktas\/lengvas-gyvenimas-krikscioniskosios-psichologijos-etiudai-sutuoktiniams\/#primaryimage","url":"https:\/\/skaitytaknyga.lt\/wp-content\/uploads\/2025\/06\/Lengvas-gyvenimas-krikscioniskosios-psichologijos-etiudai-sutuoktiniams.webp","contentUrl":"https:\/\/skaitytaknyga.lt\/wp-content\/uploads\/2025\/06\/Lengvas-gyvenimas-krikscioniskosios-psichologijos-etiudai-sutuoktiniams.webp","width":503,"height":801,"caption":"Lengvas gyvenimas: krik\u0161\u010dioni\u0161kosios psichologijos etiudai sutuoktiniams"},{"@type":"BreadcrumbList","@id":"https:\/\/skaitytaknyga.lt\/produktas\/lengvas-gyvenimas-krikscioniskosios-psichologijos-etiudai-sutuoktiniams\/#breadcrumb","itemListElement":[{"@type":"ListItem","position":1,"name":"Home","item":"https:\/\/skaitytaknyga.lt\/"},{"@type":"ListItem","position":2,"name":"Parduotuv\u0117","item":"https:\/\/skaitytaknyga.lt\/knygu-parduotuve\/"},{"@type":"ListItem","position":3,"name":"Lengvas gyvenimas: krik\u0161\u010dioni\u0161kosios psichologijos etiudai sutuoktiniams"}]},{"@type":"WebSite","@id":"https:\/\/skaitytaknyga.lt\/#website","url":"https:\/\/skaitytaknyga.lt\/","name":"skaitytaknyga.lt","description":"Skaitytaknyga.lt \u2013 tai ma\u017eas \u0161eimos verslas, kuris prasid\u0117jo nuo meil\u0117s knygoms ir siekio i\u0161gelb\u0117ti knygas nuo likimo prie konteinerio. Kas vienam nereikalingas daiktas \u2013 kitam lobis, o mes esame tarpininkai, kurie padeda abiems tapti laimingesniems ???? \u017dinome kaip nelengva i\u0161gyventi ma\u017eiems verslams, tad nuo \u0161iol, \u010dia rasite ir kit\u0173, ma\u017e\u0173 \u0161eim\u0173 versl\u0173, rank\u0173 darbo, dovan\u0173 sau ir artimiesiems.","publisher":{"@id":"https:\/\/skaitytaknyga.lt\/#organization"},"potentialAction":[{"@type":"SearchAction","target":{"@type":"EntryPoint","urlTemplate":"https:\/\/skaitytaknyga.lt\/?s={search_term_string}"},"query-input":{"@type":"PropertyValueSpecification","valueRequired":true,"valueName":"search_term_string"}}],"inLanguage":"en-GB"},{"@type":"Organization","@id":"https:\/\/skaitytaknyga.lt\/#organization","name":"skaitytaknyga.lt","url":"https:\/\/skaitytaknyga.lt\/","logo":{"@type":"ImageObject","inLanguage":"en-GB","@id":"https:\/\/skaitytaknyga.lt\/#\/schema\/logo\/image\/","url":"https:\/\/skaitytaknyga.lt\/wp-content\/uploads\/2024\/05\/cropped-cropped-cropped-02_00843_jt3bggkj1j3HLc7SyY6rEUpg.jpeg","contentUrl":"https:\/\/skaitytaknyga.lt\/wp-content\/uploads\/2024\/05\/cropped-cropped-cropped-02_00843_jt3bggkj1j3HLc7SyY6rEUpg.jpeg","width":1600,"height":1600,"caption":"skaitytaknyga.lt"},"image":{"@id":"https:\/\/skaitytaknyga.lt\/#\/schema\/logo\/image\/"},"sameAs":["https:\/\/www.facebook.com\/skaitytaknyga\/"]}]}},"_links":{"self":[{"href":"https:\/\/skaitytaknyga.lt\/en\/wp-json\/wp\/v2\/product\/19080","targetHints":{"allow":["GET"]}}],"collection":[{"href":"https:\/\/skaitytaknyga.lt\/en\/wp-json\/wp\/v2\/product"}],"about":[{"href":"https:\/\/skaitytaknyga.lt\/en\/wp-json\/wp\/v2\/types\/product"}],"replies":[{"embeddable":true,"href":"https:\/\/skaitytaknyga.lt\/en\/wp-json\/wp\/v2\/comments?post=19080"}],"wp:featuredmedia":[{"embeddable":true,"href":"https:\/\/skaitytaknyga.lt\/en\/wp-json\/wp\/v2\/media\/19085"}],"wp:attachment":[{"href":"https:\/\/skaitytaknyga.lt\/en\/wp-json\/wp\/v2\/media?parent=19080"}],"wp:term":[{"taxonomy":"product_brand","embeddable":true,"href":"https:\/\/skaitytaknyga.lt\/en\/wp-json\/wp\/v2\/product_brand?post=19080"},{"taxonomy":"product_cat","embeddable":true,"href":"https:\/\/skaitytaknyga.lt\/en\/wp-json\/wp\/v2\/product_cat?post=19080"},{"taxonomy":"product_tag","embeddable":true,"href":"https:\/\/skaitytaknyga.lt\/en\/wp-json\/wp\/v2\/product_tag?post=19080"}],"curies":[{"name":"wp","href":"https:\/\/api.w.org\/{rel}","templated":true}]}}