{"id":19079,"date":"2025-06-28T12:51:38","date_gmt":"2025-06-28T09:51:38","guid":{"rendered":"https:\/\/skaitytaknyga.lt\/?post_type=product&#038;p=19079"},"modified":"2025-07-02T14:44:45","modified_gmt":"2025-07-02T11:44:45","slug":"paslaptingoji-sala-paklijuota-nugarele","status":"publish","type":"product","link":"https:\/\/skaitytaknyga.lt\/en\/produktas\/paslaptingoji-sala-paklijuota-nugarele\/","title":{"rendered":"Paslaptingoji sala (paklijuota nugar\u0117l\u0117)"},"content":{"rendered":"<p>Fantastinis nuotyki\u0173 romanas \u201ePaslaptingoji sala\u201c \u2013 vienas labiausiai skaitytoj\u0173 pam\u0117gt\u0173 \u017diulio Verno roman\u0173. Pietie\u010di\u0173 mai\u0161to metu palik\u0119 gimt\u0105j\u0105 \u0161al\u012f keturi \u0161iaurie\u010diai JAV pilietinio karo dalyviai \u2013 in\u017einierius Sairas Smitas, jo tarnas Nabuchodonosaras (maloniai vadinamas Nabu), karo korespondentas Gedeonas Spiletas, j\u016breivis Penkrofas, jauniausias komandos narys Herbertas Braunas \u2013 bei \u0161uo Topas po oro baliono katastrofos nukrenta \u012f negyvenam\u0105 Ramiojo vandenyno sal\u0105. Bet ar ji tikrai negyvenama?<\/p>\n<p>Naujieji \u201erobinzonai\u201c, kurdamiesi saloje, susiduria su daugybe paslapting\u0173 dalyk\u0173. Jie ie\u0161ko \u017emoni\u0173, bet j\u0173 neranda. O nuojauta sako, kad ka\u017ekas tur\u0117t\u0173 b\u016bti. Ka\u017ekas patyliukais globoja kolonistus, kai gamta jiems ruo\u0161ia ka\u017ek\u0105 tokio, ko \u012fveikti nepad\u0117s jokios \u017einios&#8230;<\/p>\n","protected":false},"excerpt":{"rendered":"<p>Fantastinis nuotyki\u0173 romanas \u201ePaslaptingoji sala\u201c \u2013 vienas labiausiai skaitytoj\u0173 pam\u0117gt\u0173 \u017diulio Verno roman\u0173. Pietie\u010di\u0173 mai\u0161to metu palik\u0119 gimt\u0105j\u0105 \u0161al\u012f keturi \u0161iaurie\u010diai JAV pilietinio karo dalyviai \u2013 in\u017einierius Sairas Smitas, jo tarnas Nabuchodonosaras (maloniai vadinamas Nabu), karo korespondentas Gedeonas Spiletas, j\u016breivis Penkrofas, jauniausias komandos narys Herbertas Braunas \u2013 bei \u0161uo Topas po oro baliono katastrofos nukrenta \u012f negyvenam\u0105 Ramiojo vandenyno sal\u0105. Bet ar ji tikrai negyvenama? Naujieji \u201erobinzonai\u201c, kurdamiesi saloje, susiduria su daugybe paslapting\u0173 dalyk\u0173. Jie ie\u0161ko \u017emoni\u0173, bet j\u0173 neranda. O nuojauta sako, kad ka\u017ekas tur\u0117t\u0173 b\u016bti. Ka\u017ekas patyliukais globoja kolonistus, kai gamta jiems ruo\u0161ia ka\u017ek\u0105 tokio, ko \u012fveikti nepad\u0117s jokios \u017einios&#8230;<\/p>\n","protected":false},"featured_media":19084,"comment_status":"open","ping_status":"closed","template":"","meta":{"_acf_changed":false,"site-sidebar-layout":"default","site-content-layout":"","ast-site-content-layout":"default","site-content-style":"default","site-sidebar-style":"default","ast-global-header-display":"","ast-banner-title-visibility":"","ast-main-header-display":"","ast-hfb-above-header-display":"","ast-hfb-below-header-display":"","ast-hfb-mobile-header-display":"","site-post-title":"","ast-breadcrumbs-content":"","ast-featured-img":"","footer-sml-layout":"","ast-disable-related-posts":"","theme-transparent-header-meta":"","adv-header-id-meta":"","stick-header-meta":"","header-above-stick-meta":"","header-main-stick-meta":"","header-below-stick-meta":"","astra-migrate-meta-layouts":"default","ast-page-background-enabled":"default","ast-page-background-meta":{"desktop":{"background-color":"","background-image":"","background-repeat":"repeat","background-position":"center center","background-size":"auto","background-attachment":"scroll","background-type":"","background-media":"","overlay-type":"","overlay-color":"","overlay-opacity":"","overlay-gradient":""},"tablet":{"background-color":"","background-image":"","background-repeat":"repeat","background-position":"center center","background-size":"auto","background-attachment":"scroll","background-type":"","background-media":"","overlay-type":"","overlay-color":"","overlay-opacity":"","overlay-gradient":""},"mobile":{"background-color":"","background-image":"","background-repeat":"repeat","background-position":"center center","background-size":"auto","background-attachment":"scroll","background-type":"","background-media":"","overlay-type":"","overlay-color":"","overlay-opacity":"","overlay-gradient":""}},"ast-content-background-meta":{"desktop":{"background-color":"var(--ast-global-color-4)","background-image":"","background-repeat":"repeat","background-position":"center center","background-size":"auto","background-attachment":"scroll","background-type":"","background-media":"","overlay-type":"","overlay-color":"","overlay-opacity":"","overlay-gradient":""},"tablet":{"background-color":"var(--ast-global-color-4)","background-image":"","background-repeat":"repeat","background-position":"center center","background-size":"auto","background-attachment":"scroll","background-type":"","background-media":"","overlay-type":"","overlay-color":"","overlay-opacity":"","overlay-gradient":""},"mobile":{"background-color":"var(--ast-global-color-4)","background-image":"","background-repeat":"repeat","background-position":"center center","background-size":"auto","background-attachment":"scroll","background-type":"","background-media":"","overlay-type":"","overlay-color":"","overlay-opacity":"","overlay-gradient":""}}},"product_brand":[],"product_cat":[15],"product_tag":[],"class_list":{"0":"post-19079","1":"product","2":"type-product","3":"status-publish","4":"has-post-thumbnail","6":"product_cat-uncategorized","7":"desktop-align-left","8":"tablet-align-left","9":"mobile-align-left","11":"first","12":"instock","13":"shipping-taxable","14":"purchasable","15":"product-type-simple"},"acf":[],"yoast_head":"<!-- This site is optimized with the Yoast SEO plugin v27.4 - https:\/\/yoast.com\/product\/yoast-seo-wordpress\/ -->\n<title>Paslaptingoji sala (paklijuota nugar\u0117l\u0117)<\/title>\n<meta name=\"description\" content=\"Fantastinis nuotyki\u0173 romanas \u201ePaslaptingoji sala\u201c \u2013 vienas labiausiai skaitytoj\u0173 pam\u0117gt\u0173 \u017diulio Verno roman\u0173. Pietie\u010di\u0173 mai\u0161to metu palik\u0119 gimt\u0105j\u0105 \u0161al\u012f\" \/>\n<meta name=\"robots\" content=\"index, follow, max-snippet:-1, max-image-preview:large, max-video-preview:-1\" \/>\n<link rel=\"canonical\" href=\"https:\/\/skaitytaknyga.lt\/en\/produktas\/paslaptingoji-sala-paklijuota-nugarele\/\" \/>\n<meta property=\"og:locale\" content=\"en_GB\" \/>\n<meta property=\"og:locale:alternate\" content=\"lt_LT\" \/>\n<meta property=\"og:type\" content=\"article\" \/>\n<meta property=\"og:title\" content=\"Paslaptingoji sala (paklijuota nugar\u0117l\u0117)\" \/>\n<meta property=\"og:description\" content=\"Fantastinis nuotyki\u0173 romanas \u201ePaslaptingoji sala\u201c \u2013 vienas labiausiai skaitytoj\u0173 pam\u0117gt\u0173 \u017diulio Verno roman\u0173. Pietie\u010di\u0173 mai\u0161to metu palik\u0119 gimt\u0105j\u0105 \u0161al\u012f\" \/>\n<meta property=\"og:url\" content=\"https:\/\/skaitytaknyga.lt\/en\/produktas\/paslaptingoji-sala-paklijuota-nugarele\/\" \/>\n<meta property=\"og:site_name\" content=\"Skaitytaknyga\" \/>\n<meta property=\"article:publisher\" content=\"https:\/\/www.facebook.com\/skaitytaknyga\/\" \/>\n<meta property=\"article:modified_time\" content=\"2025-07-02T11:44:45+00:00\" \/>\n<meta property=\"og:image\" content=\"https:\/\/skaitytaknyga.lt\/wp-content\/uploads\/2025\/06\/Paslaptingoji-sala.webp\" \/>\n\t<meta property=\"og:image:width\" content=\"539\" \/>\n\t<meta property=\"og:image:height\" content=\"801\" \/>\n\t<meta property=\"og:image:type\" content=\"image\/webp\" \/>\n<meta name=\"twitter:card\" content=\"summary_large_image\" \/>\n<meta name=\"twitter:label1\" content=\"Estimated reading time\" \/>\n\t<meta name=\"twitter:data1\" content=\"1 minute\" \/>\n<script type=\"application\/ld+json\" class=\"yoast-schema-graph\">{\"@context\":\"https:\\\/\\\/schema.org\",\"@graph\":[{\"@type\":\"WebPage\",\"@id\":\"https:\\\/\\\/skaitytaknyga.lt\\\/produktas\\\/paslaptingoji-sala-paklijuota-nugarele\\\/\",\"url\":\"https:\\\/\\\/skaitytaknyga.lt\\\/produktas\\\/paslaptingoji-sala-paklijuota-nugarele\\\/\",\"name\":\"Paslaptingoji sala (paklijuota nugar\u0117l\u0117)\",\"isPartOf\":{\"@id\":\"https:\\\/\\\/skaitytaknyga.lt\\\/#website\"},\"primaryImageOfPage\":{\"@id\":\"https:\\\/\\\/skaitytaknyga.lt\\\/produktas\\\/paslaptingoji-sala-paklijuota-nugarele\\\/#primaryimage\"},\"image\":{\"@id\":\"https:\\\/\\\/skaitytaknyga.lt\\\/produktas\\\/paslaptingoji-sala-paklijuota-nugarele\\\/#primaryimage\"},\"thumbnailUrl\":\"https:\\\/\\\/skaitytaknyga.lt\\\/wp-content\\\/uploads\\\/2025\\\/06\\\/Paslaptingoji-sala.webp\",\"datePublished\":\"2025-06-28T09:51:38+00:00\",\"dateModified\":\"2025-07-02T11:44:45+00:00\",\"description\":\"Fantastinis nuotyki\u0173 romanas \u201ePaslaptingoji sala\u201c \u2013 vienas labiausiai skaitytoj\u0173 pam\u0117gt\u0173 \u017diulio Verno roman\u0173. Pietie\u010di\u0173 mai\u0161to metu palik\u0119 gimt\u0105j\u0105 \u0161al\u012f\",\"breadcrumb\":{\"@id\":\"https:\\\/\\\/skaitytaknyga.lt\\\/produktas\\\/paslaptingoji-sala-paklijuota-nugarele\\\/#breadcrumb\"},\"inLanguage\":\"en-GB\",\"potentialAction\":[{\"@type\":\"ReadAction\",\"target\":[\"https:\\\/\\\/skaitytaknyga.lt\\\/produktas\\\/paslaptingoji-sala-paklijuota-nugarele\\\/\"]}]},{\"@type\":\"ImageObject\",\"inLanguage\":\"en-GB\",\"@id\":\"https:\\\/\\\/skaitytaknyga.lt\\\/produktas\\\/paslaptingoji-sala-paklijuota-nugarele\\\/#primaryimage\",\"url\":\"https:\\\/\\\/skaitytaknyga.lt\\\/wp-content\\\/uploads\\\/2025\\\/06\\\/Paslaptingoji-sala.webp\",\"contentUrl\":\"https:\\\/\\\/skaitytaknyga.lt\\\/wp-content\\\/uploads\\\/2025\\\/06\\\/Paslaptingoji-sala.webp\",\"width\":539,\"height\":801,\"caption\":\"Paslaptingoji sala\"},{\"@type\":\"BreadcrumbList\",\"@id\":\"https:\\\/\\\/skaitytaknyga.lt\\\/produktas\\\/paslaptingoji-sala-paklijuota-nugarele\\\/#breadcrumb\",\"itemListElement\":[{\"@type\":\"ListItem\",\"position\":1,\"name\":\"Home\",\"item\":\"https:\\\/\\\/skaitytaknyga.lt\\\/\"},{\"@type\":\"ListItem\",\"position\":2,\"name\":\"Parduotuv\u0117\",\"item\":\"https:\\\/\\\/skaitytaknyga.lt\\\/knygu-parduotuve\\\/\"},{\"@type\":\"ListItem\",\"position\":3,\"name\":\"Paslaptingoji sala (paklijuota nugar\u0117l\u0117)\"}]},{\"@type\":\"WebSite\",\"@id\":\"https:\\\/\\\/skaitytaknyga.lt\\\/#website\",\"url\":\"https:\\\/\\\/skaitytaknyga.lt\\\/\",\"name\":\"skaitytaknyga.lt\",\"description\":\"Skaitytaknyga.lt \u2013 tai ma\u017eas \u0161eimos verslas, kuris prasid\u0117jo nuo meil\u0117s knygoms ir siekio i\u0161gelb\u0117ti knygas nuo likimo prie konteinerio. Kas vienam nereikalingas daiktas \u2013 kitam lobis, o mes esame tarpininkai, kurie padeda abiems tapti laimingesniems ???? \u017dinome kaip nelengva i\u0161gyventi ma\u017eiems verslams, tad nuo \u0161iol, \u010dia rasite ir kit\u0173, ma\u017e\u0173 \u0161eim\u0173 versl\u0173, rank\u0173 darbo, dovan\u0173 sau ir artimiesiems.\",\"publisher\":{\"@id\":\"https:\\\/\\\/skaitytaknyga.lt\\\/#organization\"},\"potentialAction\":[{\"@type\":\"SearchAction\",\"target\":{\"@type\":\"EntryPoint\",\"urlTemplate\":\"https:\\\/\\\/skaitytaknyga.lt\\\/?s={search_term_string}\"},\"query-input\":{\"@type\":\"PropertyValueSpecification\",\"valueRequired\":true,\"valueName\":\"search_term_string\"}}],\"inLanguage\":\"en-GB\"},{\"@type\":\"Organization\",\"@id\":\"https:\\\/\\\/skaitytaknyga.lt\\\/#organization\",\"name\":\"skaitytaknyga.lt\",\"url\":\"https:\\\/\\\/skaitytaknyga.lt\\\/\",\"logo\":{\"@type\":\"ImageObject\",\"inLanguage\":\"en-GB\",\"@id\":\"https:\\\/\\\/skaitytaknyga.lt\\\/#\\\/schema\\\/logo\\\/image\\\/\",\"url\":\"https:\\\/\\\/skaitytaknyga.lt\\\/wp-content\\\/uploads\\\/2024\\\/05\\\/cropped-cropped-cropped-02_00843_jt3bggkj1j3HLc7SyY6rEUpg.jpeg\",\"contentUrl\":\"https:\\\/\\\/skaitytaknyga.lt\\\/wp-content\\\/uploads\\\/2024\\\/05\\\/cropped-cropped-cropped-02_00843_jt3bggkj1j3HLc7SyY6rEUpg.jpeg\",\"width\":1600,\"height\":1600,\"caption\":\"skaitytaknyga.lt\"},\"image\":{\"@id\":\"https:\\\/\\\/skaitytaknyga.lt\\\/#\\\/schema\\\/logo\\\/image\\\/\"},\"sameAs\":[\"https:\\\/\\\/www.facebook.com\\\/skaitytaknyga\\\/\"]}]}<\/script>\n<!-- \/ Yoast SEO plugin. -->","yoast_head_json":{"title":"Paslaptingoji sala (paklijuota nugar\u0117l\u0117)","description":"Fantastinis nuotyki\u0173 romanas \u201ePaslaptingoji sala\u201c \u2013 vienas labiausiai skaitytoj\u0173 pam\u0117gt\u0173 \u017diulio Verno roman\u0173. Pietie\u010di\u0173 mai\u0161to metu palik\u0119 gimt\u0105j\u0105 \u0161al\u012f","robots":{"index":"index","follow":"follow","max-snippet":"max-snippet:-1","max-image-preview":"max-image-preview:large","max-video-preview":"max-video-preview:-1"},"canonical":"https:\/\/skaitytaknyga.lt\/en\/produktas\/paslaptingoji-sala-paklijuota-nugarele\/","og_locale":"en_GB","og_type":"article","og_title":"[:lt]Paslaptingoji sala (paklijuota nugar\u0117l\u0117)[:] - Skaitytaknyga","og_description":"Fantastinis nuotyki\u0173 romanas \u201ePaslaptingoji sala\u201c \u2013 vienas labiausiai skaitytoj\u0173 pam\u0117gt\u0173 \u017diulio Verno roman\u0173. Pietie\u010di\u0173 mai\u0161to metu palik\u0119 gimt\u0105j\u0105 \u0161al\u012f","og_url":"https:\/\/skaitytaknyga.lt\/en\/produktas\/paslaptingoji-sala-paklijuota-nugarele\/","og_site_name":"Skaitytaknyga","article_publisher":"https:\/\/www.facebook.com\/skaitytaknyga\/","article_modified_time":"2025-07-02T11:44:45+00:00","og_image":[{"width":539,"height":801,"url":"https:\/\/skaitytaknyga.lt\/wp-content\/uploads\/2025\/06\/Paslaptingoji-sala.webp","type":"image\/webp"}],"twitter_card":"summary_large_image","twitter_misc":{"Estimated reading time":"1 minute"},"schema":{"@context":"https:\/\/schema.org","@graph":[{"@type":"WebPage","@id":"https:\/\/skaitytaknyga.lt\/produktas\/paslaptingoji-sala-paklijuota-nugarele\/","url":"https:\/\/skaitytaknyga.lt\/produktas\/paslaptingoji-sala-paklijuota-nugarele\/","name":"Paslaptingoji sala (paklijuota nugar\u0117l\u0117)","isPartOf":{"@id":"https:\/\/skaitytaknyga.lt\/#website"},"primaryImageOfPage":{"@id":"https:\/\/skaitytaknyga.lt\/produktas\/paslaptingoji-sala-paklijuota-nugarele\/#primaryimage"},"image":{"@id":"https:\/\/skaitytaknyga.lt\/produktas\/paslaptingoji-sala-paklijuota-nugarele\/#primaryimage"},"thumbnailUrl":"https:\/\/skaitytaknyga.lt\/wp-content\/uploads\/2025\/06\/Paslaptingoji-sala.webp","datePublished":"2025-06-28T09:51:38+00:00","dateModified":"2025-07-02T11:44:45+00:00","description":"Fantastinis nuotyki\u0173 romanas \u201ePaslaptingoji sala\u201c \u2013 vienas labiausiai skaitytoj\u0173 pam\u0117gt\u0173 \u017diulio Verno roman\u0173. Pietie\u010di\u0173 mai\u0161to metu palik\u0119 gimt\u0105j\u0105 \u0161al\u012f","breadcrumb":{"@id":"https:\/\/skaitytaknyga.lt\/produktas\/paslaptingoji-sala-paklijuota-nugarele\/#breadcrumb"},"inLanguage":"en-GB","potentialAction":[{"@type":"ReadAction","target":["https:\/\/skaitytaknyga.lt\/produktas\/paslaptingoji-sala-paklijuota-nugarele\/"]}]},{"@type":"ImageObject","inLanguage":"en-GB","@id":"https:\/\/skaitytaknyga.lt\/produktas\/paslaptingoji-sala-paklijuota-nugarele\/#primaryimage","url":"https:\/\/skaitytaknyga.lt\/wp-content\/uploads\/2025\/06\/Paslaptingoji-sala.webp","contentUrl":"https:\/\/skaitytaknyga.lt\/wp-content\/uploads\/2025\/06\/Paslaptingoji-sala.webp","width":539,"height":801,"caption":"Paslaptingoji sala"},{"@type":"BreadcrumbList","@id":"https:\/\/skaitytaknyga.lt\/produktas\/paslaptingoji-sala-paklijuota-nugarele\/#breadcrumb","itemListElement":[{"@type":"ListItem","position":1,"name":"Home","item":"https:\/\/skaitytaknyga.lt\/"},{"@type":"ListItem","position":2,"name":"Parduotuv\u0117","item":"https:\/\/skaitytaknyga.lt\/knygu-parduotuve\/"},{"@type":"ListItem","position":3,"name":"Paslaptingoji sala (paklijuota nugar\u0117l\u0117)"}]},{"@type":"WebSite","@id":"https:\/\/skaitytaknyga.lt\/#website","url":"https:\/\/skaitytaknyga.lt\/","name":"skaitytaknyga.lt","description":"Skaitytaknyga.lt \u2013 tai ma\u017eas \u0161eimos verslas, kuris prasid\u0117jo nuo meil\u0117s knygoms ir siekio i\u0161gelb\u0117ti knygas nuo likimo prie konteinerio. Kas vienam nereikalingas daiktas \u2013 kitam lobis, o mes esame tarpininkai, kurie padeda abiems tapti laimingesniems ???? \u017dinome kaip nelengva i\u0161gyventi ma\u017eiems verslams, tad nuo \u0161iol, \u010dia rasite ir kit\u0173, ma\u017e\u0173 \u0161eim\u0173 versl\u0173, rank\u0173 darbo, dovan\u0173 sau ir artimiesiems.","publisher":{"@id":"https:\/\/skaitytaknyga.lt\/#organization"},"potentialAction":[{"@type":"SearchAction","target":{"@type":"EntryPoint","urlTemplate":"https:\/\/skaitytaknyga.lt\/?s={search_term_string}"},"query-input":{"@type":"PropertyValueSpecification","valueRequired":true,"valueName":"search_term_string"}}],"inLanguage":"en-GB"},{"@type":"Organization","@id":"https:\/\/skaitytaknyga.lt\/#organization","name":"skaitytaknyga.lt","url":"https:\/\/skaitytaknyga.lt\/","logo":{"@type":"ImageObject","inLanguage":"en-GB","@id":"https:\/\/skaitytaknyga.lt\/#\/schema\/logo\/image\/","url":"https:\/\/skaitytaknyga.lt\/wp-content\/uploads\/2024\/05\/cropped-cropped-cropped-02_00843_jt3bggkj1j3HLc7SyY6rEUpg.jpeg","contentUrl":"https:\/\/skaitytaknyga.lt\/wp-content\/uploads\/2024\/05\/cropped-cropped-cropped-02_00843_jt3bggkj1j3HLc7SyY6rEUpg.jpeg","width":1600,"height":1600,"caption":"skaitytaknyga.lt"},"image":{"@id":"https:\/\/skaitytaknyga.lt\/#\/schema\/logo\/image\/"},"sameAs":["https:\/\/www.facebook.com\/skaitytaknyga\/"]}]}},"_links":{"self":[{"href":"https:\/\/skaitytaknyga.lt\/en\/wp-json\/wp\/v2\/product\/19079","targetHints":{"allow":["GET"]}}],"collection":[{"href":"https:\/\/skaitytaknyga.lt\/en\/wp-json\/wp\/v2\/product"}],"about":[{"href":"https:\/\/skaitytaknyga.lt\/en\/wp-json\/wp\/v2\/types\/product"}],"replies":[{"embeddable":true,"href":"https:\/\/skaitytaknyga.lt\/en\/wp-json\/wp\/v2\/comments?post=19079"}],"wp:featuredmedia":[{"embeddable":true,"href":"https:\/\/skaitytaknyga.lt\/en\/wp-json\/wp\/v2\/media\/19084"}],"wp:attachment":[{"href":"https:\/\/skaitytaknyga.lt\/en\/wp-json\/wp\/v2\/media?parent=19079"}],"wp:term":[{"taxonomy":"product_brand","embeddable":true,"href":"https:\/\/skaitytaknyga.lt\/en\/wp-json\/wp\/v2\/product_brand?post=19079"},{"taxonomy":"product_cat","embeddable":true,"href":"https:\/\/skaitytaknyga.lt\/en\/wp-json\/wp\/v2\/product_cat?post=19079"},{"taxonomy":"product_tag","embeddable":true,"href":"https:\/\/skaitytaknyga.lt\/en\/wp-json\/wp\/v2\/product_tag?post=19079"}],"curies":[{"name":"wp","href":"https:\/\/api.w.org\/{rel}","templated":true}]}}