{"id":19078,"date":"2025-06-28T12:51:38","date_gmt":"2025-06-28T09:51:38","guid":{"rendered":"https:\/\/skaitytaknyga.lt\/?post_type=product&#038;p=19078"},"modified":"2025-07-02T14:44:45","modified_gmt":"2025-07-02T11:44:45","slug":"20-000-myliu-po-vandeniu","status":"publish","type":"product","link":"https:\/\/skaitytaknyga.lt\/en\/produktas\/20-000-myliu-po-vandeniu\/","title":{"rendered":"20 000 myli\u0173 po vandeniu"},"content":{"rendered":"<p>Gelmi\u0173 \u017einovas profesorius Pjeras Aronaksas gauna netik\u0117t\u0105 kvietim\u0105 \u012f amerikie\u010di\u0173 ekspedicij\u0105. Fregata \u201eAbraomas Linkolnas\u201c, persekiodama laivus skandinan\u010di\u0105 gelmi\u0173 pabais\u0105, susiduria ne su gyvu padaru, o su ne\u012ftikimu \u017emogaus i\u0161radimu \u2013 fantasti\u0161ku povandeniniu laivu, vadovaujamu paslaptingojo kapitono Nemo. Staiga baisus sprogimas palieka gyvus tik tris fregatos keleivius: profesori\u0173 su tarnu Konseliu ir \u016bmaus b\u016bdo kanadiet\u012f, \u017eeberklinink\u0105 Ned\u0105 Lend\u0105. Jie tampa mirt\u012f ne\u0161an\u010dio Nemo laivo kaliniais ir prie\u0161 savo vali\u0105 leid\u017eiasi \u012f povandenin\u0119 odis\u0117j\u0105 aplink pasaul\u012f pradedant nuo perlais gars\u0117jan\u010di\u0173 Ceilono vanden\u0173, baigiant krauj\u0105 stingdan\u010diais Piet\u0173 a\u0161igalio pavojais, kol kapitonas Nemas ker\u0161ija visai \u017emonijai.<\/p>\n","protected":false},"excerpt":{"rendered":"<p>Gelmi\u0173 \u017einovas profesorius Pjeras Aronaksas gauna netik\u0117t\u0105 kvietim\u0105 \u012f amerikie\u010di\u0173 ekspedicij\u0105. Fregata \u201eAbraomas Linkolnas\u201c, persekiodama laivus skandinan\u010di\u0105 gelmi\u0173 pabais\u0105, susiduria ne su gyvu padaru, o su ne\u012ftikimu \u017emogaus i\u0161radimu \u2013 fantasti\u0161ku povandeniniu laivu, vadovaujamu paslaptingojo kapitono Nemo. Staiga baisus sprogimas palieka gyvus tik tris fregatos keleivius: profesori\u0173 su tarnu Konseliu ir \u016bmaus b\u016bdo kanadiet\u012f, \u017eeberklinink\u0105 Ned\u0105 Lend\u0105. Jie tampa mirt\u012f ne\u0161an\u010dio Nemo laivo kaliniais ir prie\u0161 savo vali\u0105 leid\u017eiasi \u012f povandenin\u0119 odis\u0117j\u0105 aplink pasaul\u012f pradedant nuo perlais gars\u0117jan\u010di\u0173 Ceilono vanden\u0173, baigiant krauj\u0105 stingdan\u010diais Piet\u0173 a\u0161igalio pavojais, kol kapitonas Nemas ker\u0161ija visai \u017emonijai.<\/p>\n","protected":false},"featured_media":19083,"comment_status":"open","ping_status":"closed","template":"","meta":{"_acf_changed":false,"site-sidebar-layout":"default","site-content-layout":"","ast-site-content-layout":"default","site-content-style":"default","site-sidebar-style":"default","ast-global-header-display":"","ast-banner-title-visibility":"","ast-main-header-display":"","ast-hfb-above-header-display":"","ast-hfb-below-header-display":"","ast-hfb-mobile-header-display":"","site-post-title":"","ast-breadcrumbs-content":"","ast-featured-img":"","footer-sml-layout":"","ast-disable-related-posts":"","theme-transparent-header-meta":"","adv-header-id-meta":"","stick-header-meta":"","header-above-stick-meta":"","header-main-stick-meta":"","header-below-stick-meta":"","astra-migrate-meta-layouts":"default","ast-page-background-enabled":"default","ast-page-background-meta":{"desktop":{"background-color":"","background-image":"","background-repeat":"repeat","background-position":"center center","background-size":"auto","background-attachment":"scroll","background-type":"","background-media":"","overlay-type":"","overlay-color":"","overlay-opacity":"","overlay-gradient":""},"tablet":{"background-color":"","background-image":"","background-repeat":"repeat","background-position":"center center","background-size":"auto","background-attachment":"scroll","background-type":"","background-media":"","overlay-type":"","overlay-color":"","overlay-opacity":"","overlay-gradient":""},"mobile":{"background-color":"","background-image":"","background-repeat":"repeat","background-position":"center center","background-size":"auto","background-attachment":"scroll","background-type":"","background-media":"","overlay-type":"","overlay-color":"","overlay-opacity":"","overlay-gradient":""}},"ast-content-background-meta":{"desktop":{"background-color":"var(--ast-global-color-4)","background-image":"","background-repeat":"repeat","background-position":"center center","background-size":"auto","background-attachment":"scroll","background-type":"","background-media":"","overlay-type":"","overlay-color":"","overlay-opacity":"","overlay-gradient":""},"tablet":{"background-color":"var(--ast-global-color-4)","background-image":"","background-repeat":"repeat","background-position":"center center","background-size":"auto","background-attachment":"scroll","background-type":"","background-media":"","overlay-type":"","overlay-color":"","overlay-opacity":"","overlay-gradient":""},"mobile":{"background-color":"var(--ast-global-color-4)","background-image":"","background-repeat":"repeat","background-position":"center center","background-size":"auto","background-attachment":"scroll","background-type":"","background-media":"","overlay-type":"","overlay-color":"","overlay-opacity":"","overlay-gradient":""}}},"product_brand":[],"product_cat":[15],"product_tag":[],"class_list":{"0":"post-19078","1":"product","2":"type-product","3":"status-publish","4":"has-post-thumbnail","6":"product_cat-uncategorized","7":"desktop-align-left","8":"tablet-align-left","9":"mobile-align-left","11":"first","12":"instock","13":"shipping-taxable","14":"purchasable","15":"product-type-simple"},"acf":[],"yoast_head":"<!-- This site is optimized with the Yoast SEO plugin v27.4 - https:\/\/yoast.com\/product\/yoast-seo-wordpress\/ -->\n<title>20 000 myli\u0173 po vandeniu<\/title>\n<meta name=\"description\" content=\"Gelmi\u0173 \u017einovas profesorius Pjeras Aronaksas gauna netik\u0117t\u0105 kvietim\u0105 \u012f amerikie\u010di\u0173 ekspedicij\u0105. Fregata \u201eAbraomas Linkolnas\u201c, persekiodama laivus\" \/>\n<meta name=\"robots\" content=\"index, follow, max-snippet:-1, max-image-preview:large, max-video-preview:-1\" \/>\n<link rel=\"canonical\" href=\"https:\/\/skaitytaknyga.lt\/en\/produktas\/20-000-myliu-po-vandeniu\/\" \/>\n<meta property=\"og:locale\" content=\"en_GB\" \/>\n<meta property=\"og:locale:alternate\" content=\"lt_LT\" \/>\n<meta property=\"og:type\" content=\"article\" \/>\n<meta property=\"og:title\" content=\"20 000 myli\u0173 po vandeniu\" \/>\n<meta property=\"og:description\" content=\"Gelmi\u0173 \u017einovas profesorius Pjeras Aronaksas gauna netik\u0117t\u0105 kvietim\u0105 \u012f amerikie\u010di\u0173 ekspedicij\u0105. Fregata \u201eAbraomas Linkolnas\u201c, persekiodama laivus\" \/>\n<meta property=\"og:url\" content=\"https:\/\/skaitytaknyga.lt\/en\/produktas\/20-000-myliu-po-vandeniu\/\" \/>\n<meta property=\"og:site_name\" content=\"Skaitytaknyga\" \/>\n<meta property=\"article:publisher\" content=\"https:\/\/www.facebook.com\/skaitytaknyga\/\" \/>\n<meta property=\"article:modified_time\" content=\"2025-07-02T11:44:45+00:00\" \/>\n<meta property=\"og:image\" content=\"https:\/\/skaitytaknyga.lt\/wp-content\/uploads\/2025\/06\/20-000-MYLIU-PO-VANDENIU.webp\" \/>\n\t<meta property=\"og:image:width\" content=\"540\" \/>\n\t<meta property=\"og:image:height\" content=\"800\" \/>\n\t<meta property=\"og:image:type\" content=\"image\/webp\" \/>\n<meta name=\"twitter:card\" content=\"summary_large_image\" \/>\n<meta name=\"twitter:label1\" content=\"Estimated reading time\" \/>\n\t<meta name=\"twitter:data1\" content=\"1 minute\" \/>\n<script type=\"application\/ld+json\" class=\"yoast-schema-graph\">{\"@context\":\"https:\\\/\\\/schema.org\",\"@graph\":[{\"@type\":\"WebPage\",\"@id\":\"https:\\\/\\\/skaitytaknyga.lt\\\/produktas\\\/20-000-myliu-po-vandeniu\\\/\",\"url\":\"https:\\\/\\\/skaitytaknyga.lt\\\/produktas\\\/20-000-myliu-po-vandeniu\\\/\",\"name\":\"20 000 myli\u0173 po vandeniu\",\"isPartOf\":{\"@id\":\"https:\\\/\\\/skaitytaknyga.lt\\\/#website\"},\"primaryImageOfPage\":{\"@id\":\"https:\\\/\\\/skaitytaknyga.lt\\\/produktas\\\/20-000-myliu-po-vandeniu\\\/#primaryimage\"},\"image\":{\"@id\":\"https:\\\/\\\/skaitytaknyga.lt\\\/produktas\\\/20-000-myliu-po-vandeniu\\\/#primaryimage\"},\"thumbnailUrl\":\"https:\\\/\\\/skaitytaknyga.lt\\\/wp-content\\\/uploads\\\/2025\\\/06\\\/20-000-MYLIU-PO-VANDENIU.webp\",\"datePublished\":\"2025-06-28T09:51:38+00:00\",\"dateModified\":\"2025-07-02T11:44:45+00:00\",\"description\":\"Gelmi\u0173 \u017einovas profesorius Pjeras Aronaksas gauna netik\u0117t\u0105 kvietim\u0105 \u012f amerikie\u010di\u0173 ekspedicij\u0105. Fregata \u201eAbraomas Linkolnas\u201c, persekiodama laivus\",\"breadcrumb\":{\"@id\":\"https:\\\/\\\/skaitytaknyga.lt\\\/produktas\\\/20-000-myliu-po-vandeniu\\\/#breadcrumb\"},\"inLanguage\":\"en-GB\",\"potentialAction\":[{\"@type\":\"ReadAction\",\"target\":[\"https:\\\/\\\/skaitytaknyga.lt\\\/produktas\\\/20-000-myliu-po-vandeniu\\\/\"]}]},{\"@type\":\"ImageObject\",\"inLanguage\":\"en-GB\",\"@id\":\"https:\\\/\\\/skaitytaknyga.lt\\\/produktas\\\/20-000-myliu-po-vandeniu\\\/#primaryimage\",\"url\":\"https:\\\/\\\/skaitytaknyga.lt\\\/wp-content\\\/uploads\\\/2025\\\/06\\\/20-000-MYLIU-PO-VANDENIU.webp\",\"contentUrl\":\"https:\\\/\\\/skaitytaknyga.lt\\\/wp-content\\\/uploads\\\/2025\\\/06\\\/20-000-MYLIU-PO-VANDENIU.webp\",\"width\":540,\"height\":800,\"caption\":\"20 000 MYLI\u0172 PO VANDENIU\"},{\"@type\":\"BreadcrumbList\",\"@id\":\"https:\\\/\\\/skaitytaknyga.lt\\\/produktas\\\/20-000-myliu-po-vandeniu\\\/#breadcrumb\",\"itemListElement\":[{\"@type\":\"ListItem\",\"position\":1,\"name\":\"Home\",\"item\":\"https:\\\/\\\/skaitytaknyga.lt\\\/\"},{\"@type\":\"ListItem\",\"position\":2,\"name\":\"Parduotuv\u0117\",\"item\":\"https:\\\/\\\/skaitytaknyga.lt\\\/knygu-parduotuve\\\/\"},{\"@type\":\"ListItem\",\"position\":3,\"name\":\"20 000 myli\u0173 po vandeniu\"}]},{\"@type\":\"WebSite\",\"@id\":\"https:\\\/\\\/skaitytaknyga.lt\\\/#website\",\"url\":\"https:\\\/\\\/skaitytaknyga.lt\\\/\",\"name\":\"skaitytaknyga.lt\",\"description\":\"Skaitytaknyga.lt \u2013 tai ma\u017eas \u0161eimos verslas, kuris prasid\u0117jo nuo meil\u0117s knygoms ir siekio i\u0161gelb\u0117ti knygas nuo likimo prie konteinerio. Kas vienam nereikalingas daiktas \u2013 kitam lobis, o mes esame tarpininkai, kurie padeda abiems tapti laimingesniems ???? \u017dinome kaip nelengva i\u0161gyventi ma\u017eiems verslams, tad nuo \u0161iol, \u010dia rasite ir kit\u0173, ma\u017e\u0173 \u0161eim\u0173 versl\u0173, rank\u0173 darbo, dovan\u0173 sau ir artimiesiems.\",\"publisher\":{\"@id\":\"https:\\\/\\\/skaitytaknyga.lt\\\/#organization\"},\"potentialAction\":[{\"@type\":\"SearchAction\",\"target\":{\"@type\":\"EntryPoint\",\"urlTemplate\":\"https:\\\/\\\/skaitytaknyga.lt\\\/?s={search_term_string}\"},\"query-input\":{\"@type\":\"PropertyValueSpecification\",\"valueRequired\":true,\"valueName\":\"search_term_string\"}}],\"inLanguage\":\"en-GB\"},{\"@type\":\"Organization\",\"@id\":\"https:\\\/\\\/skaitytaknyga.lt\\\/#organization\",\"name\":\"skaitytaknyga.lt\",\"url\":\"https:\\\/\\\/skaitytaknyga.lt\\\/\",\"logo\":{\"@type\":\"ImageObject\",\"inLanguage\":\"en-GB\",\"@id\":\"https:\\\/\\\/skaitytaknyga.lt\\\/#\\\/schema\\\/logo\\\/image\\\/\",\"url\":\"https:\\\/\\\/skaitytaknyga.lt\\\/wp-content\\\/uploads\\\/2024\\\/05\\\/cropped-cropped-cropped-02_00843_jt3bggkj1j3HLc7SyY6rEUpg.jpeg\",\"contentUrl\":\"https:\\\/\\\/skaitytaknyga.lt\\\/wp-content\\\/uploads\\\/2024\\\/05\\\/cropped-cropped-cropped-02_00843_jt3bggkj1j3HLc7SyY6rEUpg.jpeg\",\"width\":1600,\"height\":1600,\"caption\":\"skaitytaknyga.lt\"},\"image\":{\"@id\":\"https:\\\/\\\/skaitytaknyga.lt\\\/#\\\/schema\\\/logo\\\/image\\\/\"},\"sameAs\":[\"https:\\\/\\\/www.facebook.com\\\/skaitytaknyga\\\/\"]}]}<\/script>\n<!-- \/ Yoast SEO plugin. -->","yoast_head_json":{"title":"20 000 myli\u0173 po vandeniu","description":"Gelmi\u0173 \u017einovas profesorius Pjeras Aronaksas gauna netik\u0117t\u0105 kvietim\u0105 \u012f amerikie\u010di\u0173 ekspedicij\u0105. Fregata \u201eAbraomas Linkolnas\u201c, persekiodama laivus","robots":{"index":"index","follow":"follow","max-snippet":"max-snippet:-1","max-image-preview":"max-image-preview:large","max-video-preview":"max-video-preview:-1"},"canonical":"https:\/\/skaitytaknyga.lt\/en\/produktas\/20-000-myliu-po-vandeniu\/","og_locale":"en_GB","og_type":"article","og_title":"[:lt]20 000 myli\u0173 po vandeniu[:] - Skaitytaknyga","og_description":"Gelmi\u0173 \u017einovas profesorius Pjeras Aronaksas gauna netik\u0117t\u0105 kvietim\u0105 \u012f amerikie\u010di\u0173 ekspedicij\u0105. Fregata \u201eAbraomas Linkolnas\u201c, persekiodama laivus","og_url":"https:\/\/skaitytaknyga.lt\/en\/produktas\/20-000-myliu-po-vandeniu\/","og_site_name":"Skaitytaknyga","article_publisher":"https:\/\/www.facebook.com\/skaitytaknyga\/","article_modified_time":"2025-07-02T11:44:45+00:00","og_image":[{"width":540,"height":800,"url":"https:\/\/skaitytaknyga.lt\/wp-content\/uploads\/2025\/06\/20-000-MYLIU-PO-VANDENIU.webp","type":"image\/webp"}],"twitter_card":"summary_large_image","twitter_misc":{"Estimated reading time":"1 minute"},"schema":{"@context":"https:\/\/schema.org","@graph":[{"@type":"WebPage","@id":"https:\/\/skaitytaknyga.lt\/produktas\/20-000-myliu-po-vandeniu\/","url":"https:\/\/skaitytaknyga.lt\/produktas\/20-000-myliu-po-vandeniu\/","name":"20 000 myli\u0173 po vandeniu","isPartOf":{"@id":"https:\/\/skaitytaknyga.lt\/#website"},"primaryImageOfPage":{"@id":"https:\/\/skaitytaknyga.lt\/produktas\/20-000-myliu-po-vandeniu\/#primaryimage"},"image":{"@id":"https:\/\/skaitytaknyga.lt\/produktas\/20-000-myliu-po-vandeniu\/#primaryimage"},"thumbnailUrl":"https:\/\/skaitytaknyga.lt\/wp-content\/uploads\/2025\/06\/20-000-MYLIU-PO-VANDENIU.webp","datePublished":"2025-06-28T09:51:38+00:00","dateModified":"2025-07-02T11:44:45+00:00","description":"Gelmi\u0173 \u017einovas profesorius Pjeras Aronaksas gauna netik\u0117t\u0105 kvietim\u0105 \u012f amerikie\u010di\u0173 ekspedicij\u0105. Fregata \u201eAbraomas Linkolnas\u201c, persekiodama laivus","breadcrumb":{"@id":"https:\/\/skaitytaknyga.lt\/produktas\/20-000-myliu-po-vandeniu\/#breadcrumb"},"inLanguage":"en-GB","potentialAction":[{"@type":"ReadAction","target":["https:\/\/skaitytaknyga.lt\/produktas\/20-000-myliu-po-vandeniu\/"]}]},{"@type":"ImageObject","inLanguage":"en-GB","@id":"https:\/\/skaitytaknyga.lt\/produktas\/20-000-myliu-po-vandeniu\/#primaryimage","url":"https:\/\/skaitytaknyga.lt\/wp-content\/uploads\/2025\/06\/20-000-MYLIU-PO-VANDENIU.webp","contentUrl":"https:\/\/skaitytaknyga.lt\/wp-content\/uploads\/2025\/06\/20-000-MYLIU-PO-VANDENIU.webp","width":540,"height":800,"caption":"20 000 MYLI\u0172 PO VANDENIU"},{"@type":"BreadcrumbList","@id":"https:\/\/skaitytaknyga.lt\/produktas\/20-000-myliu-po-vandeniu\/#breadcrumb","itemListElement":[{"@type":"ListItem","position":1,"name":"Home","item":"https:\/\/skaitytaknyga.lt\/"},{"@type":"ListItem","position":2,"name":"Parduotuv\u0117","item":"https:\/\/skaitytaknyga.lt\/knygu-parduotuve\/"},{"@type":"ListItem","position":3,"name":"20 000 myli\u0173 po vandeniu"}]},{"@type":"WebSite","@id":"https:\/\/skaitytaknyga.lt\/#website","url":"https:\/\/skaitytaknyga.lt\/","name":"skaitytaknyga.lt","description":"Skaitytaknyga.lt \u2013 tai ma\u017eas \u0161eimos verslas, kuris prasid\u0117jo nuo meil\u0117s knygoms ir siekio i\u0161gelb\u0117ti knygas nuo likimo prie konteinerio. Kas vienam nereikalingas daiktas \u2013 kitam lobis, o mes esame tarpininkai, kurie padeda abiems tapti laimingesniems ???? \u017dinome kaip nelengva i\u0161gyventi ma\u017eiems verslams, tad nuo \u0161iol, \u010dia rasite ir kit\u0173, ma\u017e\u0173 \u0161eim\u0173 versl\u0173, rank\u0173 darbo, dovan\u0173 sau ir artimiesiems.","publisher":{"@id":"https:\/\/skaitytaknyga.lt\/#organization"},"potentialAction":[{"@type":"SearchAction","target":{"@type":"EntryPoint","urlTemplate":"https:\/\/skaitytaknyga.lt\/?s={search_term_string}"},"query-input":{"@type":"PropertyValueSpecification","valueRequired":true,"valueName":"search_term_string"}}],"inLanguage":"en-GB"},{"@type":"Organization","@id":"https:\/\/skaitytaknyga.lt\/#organization","name":"skaitytaknyga.lt","url":"https:\/\/skaitytaknyga.lt\/","logo":{"@type":"ImageObject","inLanguage":"en-GB","@id":"https:\/\/skaitytaknyga.lt\/#\/schema\/logo\/image\/","url":"https:\/\/skaitytaknyga.lt\/wp-content\/uploads\/2024\/05\/cropped-cropped-cropped-02_00843_jt3bggkj1j3HLc7SyY6rEUpg.jpeg","contentUrl":"https:\/\/skaitytaknyga.lt\/wp-content\/uploads\/2024\/05\/cropped-cropped-cropped-02_00843_jt3bggkj1j3HLc7SyY6rEUpg.jpeg","width":1600,"height":1600,"caption":"skaitytaknyga.lt"},"image":{"@id":"https:\/\/skaitytaknyga.lt\/#\/schema\/logo\/image\/"},"sameAs":["https:\/\/www.facebook.com\/skaitytaknyga\/"]}]}},"_links":{"self":[{"href":"https:\/\/skaitytaknyga.lt\/en\/wp-json\/wp\/v2\/product\/19078","targetHints":{"allow":["GET"]}}],"collection":[{"href":"https:\/\/skaitytaknyga.lt\/en\/wp-json\/wp\/v2\/product"}],"about":[{"href":"https:\/\/skaitytaknyga.lt\/en\/wp-json\/wp\/v2\/types\/product"}],"replies":[{"embeddable":true,"href":"https:\/\/skaitytaknyga.lt\/en\/wp-json\/wp\/v2\/comments?post=19078"}],"wp:featuredmedia":[{"embeddable":true,"href":"https:\/\/skaitytaknyga.lt\/en\/wp-json\/wp\/v2\/media\/19083"}],"wp:attachment":[{"href":"https:\/\/skaitytaknyga.lt\/en\/wp-json\/wp\/v2\/media?parent=19078"}],"wp:term":[{"taxonomy":"product_brand","embeddable":true,"href":"https:\/\/skaitytaknyga.lt\/en\/wp-json\/wp\/v2\/product_brand?post=19078"},{"taxonomy":"product_cat","embeddable":true,"href":"https:\/\/skaitytaknyga.lt\/en\/wp-json\/wp\/v2\/product_cat?post=19078"},{"taxonomy":"product_tag","embeddable":true,"href":"https:\/\/skaitytaknyga.lt\/en\/wp-json\/wp\/v2\/product_tag?post=19078"}],"curies":[{"name":"wp","href":"https:\/\/api.w.org\/{rel}","templated":true}]}}