{"id":19077,"date":"2025-06-28T12:51:38","date_gmt":"2025-06-28T09:51:38","guid":{"rendered":"https:\/\/skaitytaknyga.lt\/?post_type=product&#038;p=19077"},"modified":"2025-07-02T14:44:45","modified_gmt":"2025-07-02T11:44:45","slug":"zvejo-abc-megeju-zukles-vadovas","status":"publish","type":"product","link":"https:\/\/skaitytaknyga.lt\/en\/produktas\/zvejo-abc-megeju-zukles-vadovas\/","title":{"rendered":"\u017dvejo ABC. Meg\u0117j\u0173 \u017e\u016bkl\u0117s vadovas"},"content":{"rendered":"<p>Knygoje supa\u017eindinama su m\u0117g\u0117j\u0173 \u017e\u016bkl\u0117s tvarka, \u017evejybos apribojimais Lietuvoje, gaudom\u0173 \u017euv\u0173 r\u016b\u0161imis. Apra\u0161oma, kaip pasirinkti \u017e\u016bkl\u0117s \u012frankius ir masalus. Aptariama, kokie me\u0161keri\u0173 tipai tinkami \u017e\u016bklei stovin\u010dio ir tekan\u010dio vandens telkiniuose, pateikiama masal\u0173 ir jauk\u0173 pasigaminimo pavyzd\u017ei\u0173, duodama patarim\u0173, kaip pasirinkti \u017e\u016bklaviet\u0119, \u017evejoti pl\u016bdine, dugnine, museline me\u0161ker\u0117mis ir spiningu.<\/p>\n<p>Skiriama visiems, kurie m\u0117gsta leisti laisvalaik\u012f gamtoje, dar tik pradeda \u017evejoti ar nori i\u0161bandyti \u012fvairius \u017evejybos b\u016bdus.<\/p>\n","protected":false},"excerpt":{"rendered":"<p>Knygoje supa\u017eindinama su m\u0117g\u0117j\u0173 \u017e\u016bkl\u0117s tvarka, \u017evejybos apribojimais Lietuvoje, gaudom\u0173 \u017euv\u0173 r\u016b\u0161imis. Apra\u0161oma, kaip pasirinkti \u017e\u016bkl\u0117s \u012frankius ir masalus. Aptariama, kokie me\u0161keri\u0173 tipai tinkami \u017e\u016bklei stovin\u010dio ir tekan\u010dio vandens telkiniuose, pateikiama masal\u0173 ir jauk\u0173 pasigaminimo pavyzd\u017ei\u0173, duodama patarim\u0173, kaip pasirinkti \u017e\u016bklaviet\u0119, \u017evejoti pl\u016bdine, dugnine, museline me\u0161ker\u0117mis ir spiningu. Skiriama visiems, kurie m\u0117gsta leisti laisvalaik\u012f gamtoje, dar tik pradeda \u017evejoti ar nori i\u0161bandyti \u012fvairius \u017evejybos b\u016bdus.<\/p>\n","protected":false},"featured_media":19082,"comment_status":"open","ping_status":"closed","template":"","meta":{"_acf_changed":false,"site-sidebar-layout":"default","site-content-layout":"","ast-site-content-layout":"default","site-content-style":"default","site-sidebar-style":"default","ast-global-header-display":"","ast-banner-title-visibility":"","ast-main-header-display":"","ast-hfb-above-header-display":"","ast-hfb-below-header-display":"","ast-hfb-mobile-header-display":"","site-post-title":"","ast-breadcrumbs-content":"","ast-featured-img":"","footer-sml-layout":"","ast-disable-related-posts":"","theme-transparent-header-meta":"","adv-header-id-meta":"","stick-header-meta":"","header-above-stick-meta":"","header-main-stick-meta":"","header-below-stick-meta":"","astra-migrate-meta-layouts":"default","ast-page-background-enabled":"default","ast-page-background-meta":{"desktop":{"background-color":"","background-image":"","background-repeat":"repeat","background-position":"center center","background-size":"auto","background-attachment":"scroll","background-type":"","background-media":"","overlay-type":"","overlay-color":"","overlay-opacity":"","overlay-gradient":""},"tablet":{"background-color":"","background-image":"","background-repeat":"repeat","background-position":"center center","background-size":"auto","background-attachment":"scroll","background-type":"","background-media":"","overlay-type":"","overlay-color":"","overlay-opacity":"","overlay-gradient":""},"mobile":{"background-color":"","background-image":"","background-repeat":"repeat","background-position":"center center","background-size":"auto","background-attachment":"scroll","background-type":"","background-media":"","overlay-type":"","overlay-color":"","overlay-opacity":"","overlay-gradient":""}},"ast-content-background-meta":{"desktop":{"background-color":"var(--ast-global-color-4)","background-image":"","background-repeat":"repeat","background-position":"center center","background-size":"auto","background-attachment":"scroll","background-type":"","background-media":"","overlay-type":"","overlay-color":"","overlay-opacity":"","overlay-gradient":""},"tablet":{"background-color":"var(--ast-global-color-4)","background-image":"","background-repeat":"repeat","background-position":"center center","background-size":"auto","background-attachment":"scroll","background-type":"","background-media":"","overlay-type":"","overlay-color":"","overlay-opacity":"","overlay-gradient":""},"mobile":{"background-color":"var(--ast-global-color-4)","background-image":"","background-repeat":"repeat","background-position":"center center","background-size":"auto","background-attachment":"scroll","background-type":"","background-media":"","overlay-type":"","overlay-color":"","overlay-opacity":"","overlay-gradient":""}}},"product_brand":[],"product_cat":[15],"product_tag":[],"class_list":{"0":"post-19077","1":"product","2":"type-product","3":"status-publish","4":"has-post-thumbnail","6":"product_cat-uncategorized","7":"desktop-align-left","8":"tablet-align-left","9":"mobile-align-left","11":"first","12":"instock","13":"shipping-taxable","14":"purchasable","15":"product-type-simple"},"acf":[],"yoast_head":"<!-- This site is optimized with the Yoast SEO plugin v27.4 - https:\/\/yoast.com\/product\/yoast-seo-wordpress\/ -->\n<title>\u017dvejo ABC. Meg\u0117j\u0173 \u017e\u016bkl\u0117s vadovas<\/title>\n<meta name=\"description\" content=\"Knygoje supa\u017eindinama su m\u0117g\u0117j\u0173 \u017e\u016bkl\u0117s tvarka, \u017evejybos apribojimais Lietuvoje, gaudom\u0173 \u017euv\u0173 r\u016b\u0161imis. Apra\u0161oma, kaip pasirinkti \u017e\u016bkl\u0117s \u012frankius ir\" \/>\n<meta name=\"robots\" content=\"index, follow, max-snippet:-1, max-image-preview:large, max-video-preview:-1\" \/>\n<link rel=\"canonical\" href=\"https:\/\/skaitytaknyga.lt\/en\/produktas\/zvejo-abc-megeju-zukles-vadovas\/\" \/>\n<meta property=\"og:locale\" content=\"en_GB\" \/>\n<meta property=\"og:locale:alternate\" content=\"lt_LT\" \/>\n<meta property=\"og:type\" content=\"article\" \/>\n<meta property=\"og:title\" content=\"\u017dvejo ABC. Meg\u0117j\u0173 \u017e\u016bkl\u0117s vadovas\" \/>\n<meta property=\"og:description\" content=\"Knygoje supa\u017eindinama su m\u0117g\u0117j\u0173 \u017e\u016bkl\u0117s tvarka, \u017evejybos apribojimais Lietuvoje, gaudom\u0173 \u017euv\u0173 r\u016b\u0161imis. Apra\u0161oma, kaip pasirinkti \u017e\u016bkl\u0117s \u012frankius ir\" \/>\n<meta property=\"og:url\" content=\"https:\/\/skaitytaknyga.lt\/en\/produktas\/zvejo-abc-megeju-zukles-vadovas\/\" \/>\n<meta property=\"og:site_name\" content=\"Skaitytaknyga\" \/>\n<meta property=\"article:publisher\" content=\"https:\/\/www.facebook.com\/skaitytaknyga\/\" \/>\n<meta property=\"article:modified_time\" content=\"2025-07-02T11:44:45+00:00\" \/>\n<meta property=\"og:image\" content=\"https:\/\/skaitytaknyga.lt\/wp-content\/uploads\/2025\/06\/Zvejo-ABC.-Megeju-zukles-vadovas.webp\" \/>\n\t<meta property=\"og:image:width\" content=\"571\" \/>\n\t<meta property=\"og:image:height\" content=\"801\" \/>\n\t<meta property=\"og:image:type\" content=\"image\/webp\" \/>\n<meta name=\"twitter:card\" content=\"summary_large_image\" \/>\n<script type=\"application\/ld+json\" class=\"yoast-schema-graph\">{\"@context\":\"https:\\\/\\\/schema.org\",\"@graph\":[{\"@type\":\"WebPage\",\"@id\":\"https:\\\/\\\/skaitytaknyga.lt\\\/produktas\\\/zvejo-abc-megeju-zukles-vadovas\\\/\",\"url\":\"https:\\\/\\\/skaitytaknyga.lt\\\/produktas\\\/zvejo-abc-megeju-zukles-vadovas\\\/\",\"name\":\"\u017dvejo ABC. Meg\u0117j\u0173 \u017e\u016bkl\u0117s vadovas\",\"isPartOf\":{\"@id\":\"https:\\\/\\\/skaitytaknyga.lt\\\/#website\"},\"primaryImageOfPage\":{\"@id\":\"https:\\\/\\\/skaitytaknyga.lt\\\/produktas\\\/zvejo-abc-megeju-zukles-vadovas\\\/#primaryimage\"},\"image\":{\"@id\":\"https:\\\/\\\/skaitytaknyga.lt\\\/produktas\\\/zvejo-abc-megeju-zukles-vadovas\\\/#primaryimage\"},\"thumbnailUrl\":\"https:\\\/\\\/skaitytaknyga.lt\\\/wp-content\\\/uploads\\\/2025\\\/06\\\/Zvejo-ABC.-Megeju-zukles-vadovas.webp\",\"datePublished\":\"2025-06-28T09:51:38+00:00\",\"dateModified\":\"2025-07-02T11:44:45+00:00\",\"description\":\"Knygoje supa\u017eindinama su m\u0117g\u0117j\u0173 \u017e\u016bkl\u0117s tvarka, \u017evejybos apribojimais Lietuvoje, gaudom\u0173 \u017euv\u0173 r\u016b\u0161imis. Apra\u0161oma, kaip pasirinkti \u017e\u016bkl\u0117s \u012frankius ir\",\"breadcrumb\":{\"@id\":\"https:\\\/\\\/skaitytaknyga.lt\\\/produktas\\\/zvejo-abc-megeju-zukles-vadovas\\\/#breadcrumb\"},\"inLanguage\":\"en-GB\",\"potentialAction\":[{\"@type\":\"ReadAction\",\"target\":[\"https:\\\/\\\/skaitytaknyga.lt\\\/produktas\\\/zvejo-abc-megeju-zukles-vadovas\\\/\"]}]},{\"@type\":\"ImageObject\",\"inLanguage\":\"en-GB\",\"@id\":\"https:\\\/\\\/skaitytaknyga.lt\\\/produktas\\\/zvejo-abc-megeju-zukles-vadovas\\\/#primaryimage\",\"url\":\"https:\\\/\\\/skaitytaknyga.lt\\\/wp-content\\\/uploads\\\/2025\\\/06\\\/Zvejo-ABC.-Megeju-zukles-vadovas.webp\",\"contentUrl\":\"https:\\\/\\\/skaitytaknyga.lt\\\/wp-content\\\/uploads\\\/2025\\\/06\\\/Zvejo-ABC.-Megeju-zukles-vadovas.webp\",\"width\":571,\"height\":801,\"caption\":\"\u017dvejo ABC. Meg\u0117j\u0173 \u017e\u016bkl\u0117s vadovas\"},{\"@type\":\"BreadcrumbList\",\"@id\":\"https:\\\/\\\/skaitytaknyga.lt\\\/produktas\\\/zvejo-abc-megeju-zukles-vadovas\\\/#breadcrumb\",\"itemListElement\":[{\"@type\":\"ListItem\",\"position\":1,\"name\":\"Home\",\"item\":\"https:\\\/\\\/skaitytaknyga.lt\\\/\"},{\"@type\":\"ListItem\",\"position\":2,\"name\":\"Parduotuv\u0117\",\"item\":\"https:\\\/\\\/skaitytaknyga.lt\\\/knygu-parduotuve\\\/\"},{\"@type\":\"ListItem\",\"position\":3,\"name\":\"\u017dvejo ABC. Meg\u0117j\u0173 \u017e\u016bkl\u0117s vadovas\"}]},{\"@type\":\"WebSite\",\"@id\":\"https:\\\/\\\/skaitytaknyga.lt\\\/#website\",\"url\":\"https:\\\/\\\/skaitytaknyga.lt\\\/\",\"name\":\"skaitytaknyga.lt\",\"description\":\"Skaitytaknyga.lt \u2013 tai ma\u017eas \u0161eimos verslas, kuris prasid\u0117jo nuo meil\u0117s knygoms ir siekio i\u0161gelb\u0117ti knygas nuo likimo prie konteinerio. Kas vienam nereikalingas daiktas \u2013 kitam lobis, o mes esame tarpininkai, kurie padeda abiems tapti laimingesniems ???? \u017dinome kaip nelengva i\u0161gyventi ma\u017eiems verslams, tad nuo \u0161iol, \u010dia rasite ir kit\u0173, ma\u017e\u0173 \u0161eim\u0173 versl\u0173, rank\u0173 darbo, dovan\u0173 sau ir artimiesiems.\",\"publisher\":{\"@id\":\"https:\\\/\\\/skaitytaknyga.lt\\\/#organization\"},\"potentialAction\":[{\"@type\":\"SearchAction\",\"target\":{\"@type\":\"EntryPoint\",\"urlTemplate\":\"https:\\\/\\\/skaitytaknyga.lt\\\/?s={search_term_string}\"},\"query-input\":{\"@type\":\"PropertyValueSpecification\",\"valueRequired\":true,\"valueName\":\"search_term_string\"}}],\"inLanguage\":\"en-GB\"},{\"@type\":\"Organization\",\"@id\":\"https:\\\/\\\/skaitytaknyga.lt\\\/#organization\",\"name\":\"skaitytaknyga.lt\",\"url\":\"https:\\\/\\\/skaitytaknyga.lt\\\/\",\"logo\":{\"@type\":\"ImageObject\",\"inLanguage\":\"en-GB\",\"@id\":\"https:\\\/\\\/skaitytaknyga.lt\\\/#\\\/schema\\\/logo\\\/image\\\/\",\"url\":\"https:\\\/\\\/skaitytaknyga.lt\\\/wp-content\\\/uploads\\\/2024\\\/05\\\/cropped-cropped-cropped-02_00843_jt3bggkj1j3HLc7SyY6rEUpg.jpeg\",\"contentUrl\":\"https:\\\/\\\/skaitytaknyga.lt\\\/wp-content\\\/uploads\\\/2024\\\/05\\\/cropped-cropped-cropped-02_00843_jt3bggkj1j3HLc7SyY6rEUpg.jpeg\",\"width\":1600,\"height\":1600,\"caption\":\"skaitytaknyga.lt\"},\"image\":{\"@id\":\"https:\\\/\\\/skaitytaknyga.lt\\\/#\\\/schema\\\/logo\\\/image\\\/\"},\"sameAs\":[\"https:\\\/\\\/www.facebook.com\\\/skaitytaknyga\\\/\"]}]}<\/script>\n<!-- \/ Yoast SEO plugin. -->","yoast_head_json":{"title":"\u017dvejo ABC. Meg\u0117j\u0173 \u017e\u016bkl\u0117s vadovas","description":"Knygoje supa\u017eindinama su m\u0117g\u0117j\u0173 \u017e\u016bkl\u0117s tvarka, \u017evejybos apribojimais Lietuvoje, gaudom\u0173 \u017euv\u0173 r\u016b\u0161imis. Apra\u0161oma, kaip pasirinkti \u017e\u016bkl\u0117s \u012frankius ir","robots":{"index":"index","follow":"follow","max-snippet":"max-snippet:-1","max-image-preview":"max-image-preview:large","max-video-preview":"max-video-preview:-1"},"canonical":"https:\/\/skaitytaknyga.lt\/en\/produktas\/zvejo-abc-megeju-zukles-vadovas\/","og_locale":"en_GB","og_type":"article","og_title":"[:lt]\u017dvejo ABC. Meg\u0117j\u0173 \u017e\u016bkl\u0117s vadovas[:] - Skaitytaknyga","og_description":"Knygoje supa\u017eindinama su m\u0117g\u0117j\u0173 \u017e\u016bkl\u0117s tvarka, \u017evejybos apribojimais Lietuvoje, gaudom\u0173 \u017euv\u0173 r\u016b\u0161imis. Apra\u0161oma, kaip pasirinkti \u017e\u016bkl\u0117s \u012frankius ir","og_url":"https:\/\/skaitytaknyga.lt\/en\/produktas\/zvejo-abc-megeju-zukles-vadovas\/","og_site_name":"Skaitytaknyga","article_publisher":"https:\/\/www.facebook.com\/skaitytaknyga\/","article_modified_time":"2025-07-02T11:44:45+00:00","og_image":[{"width":571,"height":801,"url":"https:\/\/skaitytaknyga.lt\/wp-content\/uploads\/2025\/06\/Zvejo-ABC.-Megeju-zukles-vadovas.webp","type":"image\/webp"}],"twitter_card":"summary_large_image","schema":{"@context":"https:\/\/schema.org","@graph":[{"@type":"WebPage","@id":"https:\/\/skaitytaknyga.lt\/produktas\/zvejo-abc-megeju-zukles-vadovas\/","url":"https:\/\/skaitytaknyga.lt\/produktas\/zvejo-abc-megeju-zukles-vadovas\/","name":"\u017dvejo ABC. Meg\u0117j\u0173 \u017e\u016bkl\u0117s vadovas","isPartOf":{"@id":"https:\/\/skaitytaknyga.lt\/#website"},"primaryImageOfPage":{"@id":"https:\/\/skaitytaknyga.lt\/produktas\/zvejo-abc-megeju-zukles-vadovas\/#primaryimage"},"image":{"@id":"https:\/\/skaitytaknyga.lt\/produktas\/zvejo-abc-megeju-zukles-vadovas\/#primaryimage"},"thumbnailUrl":"https:\/\/skaitytaknyga.lt\/wp-content\/uploads\/2025\/06\/Zvejo-ABC.-Megeju-zukles-vadovas.webp","datePublished":"2025-06-28T09:51:38+00:00","dateModified":"2025-07-02T11:44:45+00:00","description":"Knygoje supa\u017eindinama su m\u0117g\u0117j\u0173 \u017e\u016bkl\u0117s tvarka, \u017evejybos apribojimais Lietuvoje, gaudom\u0173 \u017euv\u0173 r\u016b\u0161imis. Apra\u0161oma, kaip pasirinkti \u017e\u016bkl\u0117s \u012frankius ir","breadcrumb":{"@id":"https:\/\/skaitytaknyga.lt\/produktas\/zvejo-abc-megeju-zukles-vadovas\/#breadcrumb"},"inLanguage":"en-GB","potentialAction":[{"@type":"ReadAction","target":["https:\/\/skaitytaknyga.lt\/produktas\/zvejo-abc-megeju-zukles-vadovas\/"]}]},{"@type":"ImageObject","inLanguage":"en-GB","@id":"https:\/\/skaitytaknyga.lt\/produktas\/zvejo-abc-megeju-zukles-vadovas\/#primaryimage","url":"https:\/\/skaitytaknyga.lt\/wp-content\/uploads\/2025\/06\/Zvejo-ABC.-Megeju-zukles-vadovas.webp","contentUrl":"https:\/\/skaitytaknyga.lt\/wp-content\/uploads\/2025\/06\/Zvejo-ABC.-Megeju-zukles-vadovas.webp","width":571,"height":801,"caption":"\u017dvejo ABC. Meg\u0117j\u0173 \u017e\u016bkl\u0117s vadovas"},{"@type":"BreadcrumbList","@id":"https:\/\/skaitytaknyga.lt\/produktas\/zvejo-abc-megeju-zukles-vadovas\/#breadcrumb","itemListElement":[{"@type":"ListItem","position":1,"name":"Home","item":"https:\/\/skaitytaknyga.lt\/"},{"@type":"ListItem","position":2,"name":"Parduotuv\u0117","item":"https:\/\/skaitytaknyga.lt\/knygu-parduotuve\/"},{"@type":"ListItem","position":3,"name":"\u017dvejo ABC. Meg\u0117j\u0173 \u017e\u016bkl\u0117s vadovas"}]},{"@type":"WebSite","@id":"https:\/\/skaitytaknyga.lt\/#website","url":"https:\/\/skaitytaknyga.lt\/","name":"skaitytaknyga.lt","description":"Skaitytaknyga.lt \u2013 tai ma\u017eas \u0161eimos verslas, kuris prasid\u0117jo nuo meil\u0117s knygoms ir siekio i\u0161gelb\u0117ti knygas nuo likimo prie konteinerio. Kas vienam nereikalingas daiktas \u2013 kitam lobis, o mes esame tarpininkai, kurie padeda abiems tapti laimingesniems ???? \u017dinome kaip nelengva i\u0161gyventi ma\u017eiems verslams, tad nuo \u0161iol, \u010dia rasite ir kit\u0173, ma\u017e\u0173 \u0161eim\u0173 versl\u0173, rank\u0173 darbo, dovan\u0173 sau ir artimiesiems.","publisher":{"@id":"https:\/\/skaitytaknyga.lt\/#organization"},"potentialAction":[{"@type":"SearchAction","target":{"@type":"EntryPoint","urlTemplate":"https:\/\/skaitytaknyga.lt\/?s={search_term_string}"},"query-input":{"@type":"PropertyValueSpecification","valueRequired":true,"valueName":"search_term_string"}}],"inLanguage":"en-GB"},{"@type":"Organization","@id":"https:\/\/skaitytaknyga.lt\/#organization","name":"skaitytaknyga.lt","url":"https:\/\/skaitytaknyga.lt\/","logo":{"@type":"ImageObject","inLanguage":"en-GB","@id":"https:\/\/skaitytaknyga.lt\/#\/schema\/logo\/image\/","url":"https:\/\/skaitytaknyga.lt\/wp-content\/uploads\/2024\/05\/cropped-cropped-cropped-02_00843_jt3bggkj1j3HLc7SyY6rEUpg.jpeg","contentUrl":"https:\/\/skaitytaknyga.lt\/wp-content\/uploads\/2024\/05\/cropped-cropped-cropped-02_00843_jt3bggkj1j3HLc7SyY6rEUpg.jpeg","width":1600,"height":1600,"caption":"skaitytaknyga.lt"},"image":{"@id":"https:\/\/skaitytaknyga.lt\/#\/schema\/logo\/image\/"},"sameAs":["https:\/\/www.facebook.com\/skaitytaknyga\/"]}]}},"_links":{"self":[{"href":"https:\/\/skaitytaknyga.lt\/en\/wp-json\/wp\/v2\/product\/19077","targetHints":{"allow":["GET"]}}],"collection":[{"href":"https:\/\/skaitytaknyga.lt\/en\/wp-json\/wp\/v2\/product"}],"about":[{"href":"https:\/\/skaitytaknyga.lt\/en\/wp-json\/wp\/v2\/types\/product"}],"replies":[{"embeddable":true,"href":"https:\/\/skaitytaknyga.lt\/en\/wp-json\/wp\/v2\/comments?post=19077"}],"wp:featuredmedia":[{"embeddable":true,"href":"https:\/\/skaitytaknyga.lt\/en\/wp-json\/wp\/v2\/media\/19082"}],"wp:attachment":[{"href":"https:\/\/skaitytaknyga.lt\/en\/wp-json\/wp\/v2\/media?parent=19077"}],"wp:term":[{"taxonomy":"product_brand","embeddable":true,"href":"https:\/\/skaitytaknyga.lt\/en\/wp-json\/wp\/v2\/product_brand?post=19077"},{"taxonomy":"product_cat","embeddable":true,"href":"https:\/\/skaitytaknyga.lt\/en\/wp-json\/wp\/v2\/product_cat?post=19077"},{"taxonomy":"product_tag","embeddable":true,"href":"https:\/\/skaitytaknyga.lt\/en\/wp-json\/wp\/v2\/product_tag?post=19077"}],"curies":[{"name":"wp","href":"https:\/\/api.w.org\/{rel}","templated":true}]}}