{"id":19073,"date":"2025-06-28T12:36:26","date_gmt":"2025-06-28T09:36:26","guid":{"rendered":"https:\/\/skaitytaknyga.lt\/?post_type=product&#038;p=19073"},"modified":"2025-06-30T22:11:40","modified_gmt":"2025-06-30T19:11:40","slug":"mano-pirmoji-zukles-knyga","status":"publish","type":"product","link":"https:\/\/skaitytaknyga.lt\/en\/produktas\/mano-pirmoji-zukles-knyga\/","title":{"rendered":"Mano pirmoji \u017e\u016bkl\u0117s knyga"},"content":{"rendered":"<p>Dovana jaunajam \u017evejui. Jei gali valand\u0173 valandas steb\u0117ti me\u0161keriotoj\u0105, tave \u017eavi vandens stichija, m\u0117gsti gamt\u0105 \u2013 \u0161i knyga tau! Nuostabiai iliustruota knygel\u0117 patars, kaip ir kur \u017evejoti, kad pagautum daugiau \u017euv\u0173. Taip pat su\u017einok:\u2022 kaip pasirinkti me\u0161ker\u0119 ir val\u0105 \u2022 kaip me\u0161kerioti su pl\u016bdine me\u0161kere \u2022 kaip spiningauti \u2022 kaip me\u0161kerioti su musel\u0117mis \u2022 k\u0105 daryti su laimikiu. Nei \u017evyno, nei uodegos!<\/p>\n<p>Autorius: Berndt Sundsten, J\u00e4n Jager<br \/>\nLeid\u0117jas: Obuoliukas<br \/>\nMetai: 2012<br \/>\nPuslapiai: 48<br \/>\nISBN: 9786094033490<br \/>\nVersijos kodas: PT.<br \/>\nFormatas: 19,4 x 26,5 cm, kieti vir\u0161eliai<br \/>\nKalba: Lietuvi\u0173<br \/>\nVert\u0117jas: Nade\u017eda Ku\u0161ner<\/p>\n","protected":false},"excerpt":{"rendered":"<p>Dovana jaunajam \u017evejui. Jei gali valand\u0173 valandas steb\u0117ti me\u0161keriotoj\u0105, tave \u017eavi vandens stichija, m\u0117gsti gamt\u0105 \u2013 \u0161i knyga tau! Nuostabiai iliustruota knygel\u0117 patars, kaip ir kur \u017evejoti, kad pagautum daugiau \u017euv\u0173. Taip pat su\u017einok:\u2022 kaip pasirinkti me\u0161ker\u0119 ir val\u0105 \u2022 kaip me\u0161kerioti su pl\u016bdine me\u0161kere \u2022 kaip spiningauti \u2022 kaip me\u0161kerioti su musel\u0117mis \u2022 k\u0105 daryti su laimikiu. Nei \u017evyno, nei uodegos! Autorius: Berndt Sundsten, J\u00e4n Jager Leid\u0117jas: Obuoliukas Metai: 2012 Puslapiai: 48 ISBN: 9786094033490 Versijos kodas: PT. Formatas: 19,4 x 26,5 cm, kieti vir\u0161eliai Kalba: Lietuvi\u0173 Vert\u0117jas: Nade\u017eda Ku\u0161ner<\/p>\n","protected":false},"featured_media":19075,"comment_status":"open","ping_status":"closed","template":"","meta":{"_acf_changed":false,"site-sidebar-layout":"default","site-content-layout":"","ast-site-content-layout":"default","site-content-style":"default","site-sidebar-style":"default","ast-global-header-display":"","ast-banner-title-visibility":"","ast-main-header-display":"","ast-hfb-above-header-display":"","ast-hfb-below-header-display":"","ast-hfb-mobile-header-display":"","site-post-title":"","ast-breadcrumbs-content":"","ast-featured-img":"","footer-sml-layout":"","ast-disable-related-posts":"","theme-transparent-header-meta":"default","adv-header-id-meta":"","stick-header-meta":"","header-above-stick-meta":"","header-main-stick-meta":"","header-below-stick-meta":"","astra-migrate-meta-layouts":"set","ast-page-background-enabled":"default","ast-page-background-meta":{"desktop":{"background-color":"","background-image":"","background-repeat":"repeat","background-position":"center center","background-size":"auto","background-attachment":"scroll","background-type":"","background-media":"","overlay-type":"","overlay-color":"","overlay-opacity":"","overlay-gradient":""},"tablet":{"background-color":"","background-image":"","background-repeat":"repeat","background-position":"center center","background-size":"auto","background-attachment":"scroll","background-type":"","background-media":"","overlay-type":"","overlay-color":"","overlay-opacity":"","overlay-gradient":""},"mobile":{"background-color":"","background-image":"","background-repeat":"repeat","background-position":"center center","background-size":"auto","background-attachment":"scroll","background-type":"","background-media":"","overlay-type":"","overlay-color":"","overlay-opacity":"","overlay-gradient":""}},"ast-content-background-meta":{"desktop":{"background-color":"var(--ast-global-color-4)","background-image":"","background-repeat":"repeat","background-position":"center center","background-size":"auto","background-attachment":"scroll","background-type":"","background-media":"","overlay-type":"","overlay-color":"","overlay-opacity":"","overlay-gradient":""},"tablet":{"background-color":"var(--ast-global-color-4)","background-image":"","background-repeat":"repeat","background-position":"center center","background-size":"auto","background-attachment":"scroll","background-type":"","background-media":"","overlay-type":"","overlay-color":"","overlay-opacity":"","overlay-gradient":""},"mobile":{"background-color":"var(--ast-global-color-4)","background-image":"","background-repeat":"repeat","background-position":"center center","background-size":"auto","background-attachment":"scroll","background-type":"","background-media":"","overlay-type":"","overlay-color":"","overlay-opacity":"","overlay-gradient":""}}},"product_brand":[],"product_cat":[27,35,15],"product_tag":[],"class_list":{"0":"post-19073","1":"product","2":"type-product","3":"status-publish","4":"has-post-thumbnail","6":"product_cat-sportas-laisvalaikis-rankdarbiai","7":"product_cat-vaikams-ir-paaugliams","8":"product_cat-uncategorized","9":"desktop-align-left","10":"tablet-align-left","11":"mobile-align-left","13":"first","14":"outofstock","15":"shipping-taxable","16":"purchasable","17":"product-type-simple"},"acf":[],"yoast_head":"<!-- This site is optimized with the Yoast SEO plugin v27.4 - https:\/\/yoast.com\/product\/yoast-seo-wordpress\/ -->\n<title>Mano pirmoji \u017e\u016bkl\u0117s knyga<\/title>\n<meta name=\"description\" content=\"Dovana jaunajam \u017evejui. Jei gali valand\u0173 valandas steb\u0117ti me\u0161keriotoj\u0105, tave \u017eavi vandens stichija, m\u0117gsti gamt\u0105 \u2013 \u0161i knyga tau! Nuostabiai iliustruota\" \/>\n<meta name=\"robots\" content=\"index, follow, max-snippet:-1, max-image-preview:large, max-video-preview:-1\" \/>\n<link rel=\"canonical\" href=\"https:\/\/skaitytaknyga.lt\/en\/produktas\/mano-pirmoji-zukles-knyga\/\" \/>\n<meta property=\"og:locale\" content=\"en_GB\" \/>\n<meta property=\"og:locale:alternate\" content=\"lt_LT\" \/>\n<meta property=\"og:type\" content=\"article\" \/>\n<meta property=\"og:title\" content=\"Mano pirmoji \u017e\u016bkl\u0117s knyga\" \/>\n<meta property=\"og:description\" content=\"Dovana jaunajam \u017evejui. Jei gali valand\u0173 valandas steb\u0117ti me\u0161keriotoj\u0105, tave \u017eavi vandens stichija, m\u0117gsti gamt\u0105 \u2013 \u0161i knyga tau! Nuostabiai iliustruota\" \/>\n<meta property=\"og:url\" content=\"https:\/\/skaitytaknyga.lt\/en\/produktas\/mano-pirmoji-zukles-knyga\/\" \/>\n<meta property=\"og:site_name\" content=\"Skaitytaknyga\" \/>\n<meta property=\"article:publisher\" content=\"https:\/\/www.facebook.com\/skaitytaknyga\/\" \/>\n<meta property=\"article:modified_time\" content=\"2025-06-30T19:11:40+00:00\" \/>\n<meta property=\"og:image\" content=\"https:\/\/skaitytaknyga.lt\/wp-content\/uploads\/2025\/06\/Mano-pirmoji-zukles-knyga.jpg\" \/>\n\t<meta property=\"og:image:width\" content=\"295\" \/>\n\t<meta property=\"og:image:height\" content=\"388\" \/>\n\t<meta property=\"og:image:type\" content=\"image\/jpeg\" \/>\n<meta name=\"twitter:card\" content=\"summary_large_image\" \/>\n<meta name=\"twitter:label1\" content=\"Estimated reading time\" \/>\n\t<meta name=\"twitter:data1\" content=\"1 minute\" \/>\n<script type=\"application\/ld+json\" class=\"yoast-schema-graph\">{\"@context\":\"https:\\\/\\\/schema.org\",\"@graph\":[{\"@type\":\"WebPage\",\"@id\":\"https:\\\/\\\/skaitytaknyga.lt\\\/produktas\\\/mano-pirmoji-zukles-knyga\\\/\",\"url\":\"https:\\\/\\\/skaitytaknyga.lt\\\/produktas\\\/mano-pirmoji-zukles-knyga\\\/\",\"name\":\"Mano pirmoji \u017e\u016bkl\u0117s knyga\",\"isPartOf\":{\"@id\":\"https:\\\/\\\/skaitytaknyga.lt\\\/#website\"},\"primaryImageOfPage\":{\"@id\":\"https:\\\/\\\/skaitytaknyga.lt\\\/produktas\\\/mano-pirmoji-zukles-knyga\\\/#primaryimage\"},\"image\":{\"@id\":\"https:\\\/\\\/skaitytaknyga.lt\\\/produktas\\\/mano-pirmoji-zukles-knyga\\\/#primaryimage\"},\"thumbnailUrl\":\"https:\\\/\\\/skaitytaknyga.lt\\\/wp-content\\\/uploads\\\/2025\\\/06\\\/Mano-pirmoji-zukles-knyga.jpg\",\"datePublished\":\"2025-06-28T09:36:26+00:00\",\"dateModified\":\"2025-06-30T19:11:40+00:00\",\"description\":\"Dovana jaunajam \u017evejui. Jei gali valand\u0173 valandas steb\u0117ti me\u0161keriotoj\u0105, tave \u017eavi vandens stichija, m\u0117gsti gamt\u0105 \u2013 \u0161i knyga tau! Nuostabiai iliustruota\",\"breadcrumb\":{\"@id\":\"https:\\\/\\\/skaitytaknyga.lt\\\/produktas\\\/mano-pirmoji-zukles-knyga\\\/#breadcrumb\"},\"inLanguage\":\"en-GB\",\"potentialAction\":[{\"@type\":\"ReadAction\",\"target\":[\"https:\\\/\\\/skaitytaknyga.lt\\\/produktas\\\/mano-pirmoji-zukles-knyga\\\/\"]}]},{\"@type\":\"ImageObject\",\"inLanguage\":\"en-GB\",\"@id\":\"https:\\\/\\\/skaitytaknyga.lt\\\/produktas\\\/mano-pirmoji-zukles-knyga\\\/#primaryimage\",\"url\":\"https:\\\/\\\/skaitytaknyga.lt\\\/wp-content\\\/uploads\\\/2025\\\/06\\\/Mano-pirmoji-zukles-knyga.jpg\",\"contentUrl\":\"https:\\\/\\\/skaitytaknyga.lt\\\/wp-content\\\/uploads\\\/2025\\\/06\\\/Mano-pirmoji-zukles-knyga.jpg\",\"width\":295,\"height\":388,\"caption\":\"Mano pirmoji \u017e\u016bkl\u0117s knyga\"},{\"@type\":\"BreadcrumbList\",\"@id\":\"https:\\\/\\\/skaitytaknyga.lt\\\/produktas\\\/mano-pirmoji-zukles-knyga\\\/#breadcrumb\",\"itemListElement\":[{\"@type\":\"ListItem\",\"position\":1,\"name\":\"Home\",\"item\":\"https:\\\/\\\/skaitytaknyga.lt\\\/\"},{\"@type\":\"ListItem\",\"position\":2,\"name\":\"Parduotuv\u0117\",\"item\":\"https:\\\/\\\/skaitytaknyga.lt\\\/knygu-parduotuve\\\/\"},{\"@type\":\"ListItem\",\"position\":3,\"name\":\"Mano pirmoji \u017e\u016bkl\u0117s knyga\"}]},{\"@type\":\"WebSite\",\"@id\":\"https:\\\/\\\/skaitytaknyga.lt\\\/#website\",\"url\":\"https:\\\/\\\/skaitytaknyga.lt\\\/\",\"name\":\"skaitytaknyga.lt\",\"description\":\"Skaitytaknyga.lt \u2013 tai ma\u017eas \u0161eimos verslas, kuris prasid\u0117jo nuo meil\u0117s knygoms ir siekio i\u0161gelb\u0117ti knygas nuo likimo prie konteinerio. Kas vienam nereikalingas daiktas \u2013 kitam lobis, o mes esame tarpininkai, kurie padeda abiems tapti laimingesniems ???? \u017dinome kaip nelengva i\u0161gyventi ma\u017eiems verslams, tad nuo \u0161iol, \u010dia rasite ir kit\u0173, ma\u017e\u0173 \u0161eim\u0173 versl\u0173, rank\u0173 darbo, dovan\u0173 sau ir artimiesiems.\",\"publisher\":{\"@id\":\"https:\\\/\\\/skaitytaknyga.lt\\\/#organization\"},\"potentialAction\":[{\"@type\":\"SearchAction\",\"target\":{\"@type\":\"EntryPoint\",\"urlTemplate\":\"https:\\\/\\\/skaitytaknyga.lt\\\/?s={search_term_string}\"},\"query-input\":{\"@type\":\"PropertyValueSpecification\",\"valueRequired\":true,\"valueName\":\"search_term_string\"}}],\"inLanguage\":\"en-GB\"},{\"@type\":\"Organization\",\"@id\":\"https:\\\/\\\/skaitytaknyga.lt\\\/#organization\",\"name\":\"skaitytaknyga.lt\",\"url\":\"https:\\\/\\\/skaitytaknyga.lt\\\/\",\"logo\":{\"@type\":\"ImageObject\",\"inLanguage\":\"en-GB\",\"@id\":\"https:\\\/\\\/skaitytaknyga.lt\\\/#\\\/schema\\\/logo\\\/image\\\/\",\"url\":\"https:\\\/\\\/skaitytaknyga.lt\\\/wp-content\\\/uploads\\\/2024\\\/05\\\/cropped-cropped-cropped-02_00843_jt3bggkj1j3HLc7SyY6rEUpg.jpeg\",\"contentUrl\":\"https:\\\/\\\/skaitytaknyga.lt\\\/wp-content\\\/uploads\\\/2024\\\/05\\\/cropped-cropped-cropped-02_00843_jt3bggkj1j3HLc7SyY6rEUpg.jpeg\",\"width\":1600,\"height\":1600,\"caption\":\"skaitytaknyga.lt\"},\"image\":{\"@id\":\"https:\\\/\\\/skaitytaknyga.lt\\\/#\\\/schema\\\/logo\\\/image\\\/\"},\"sameAs\":[\"https:\\\/\\\/www.facebook.com\\\/skaitytaknyga\\\/\"]}]}<\/script>\n<!-- \/ Yoast SEO plugin. -->","yoast_head_json":{"title":"Mano pirmoji \u017e\u016bkl\u0117s knyga","description":"Dovana jaunajam \u017evejui. Jei gali valand\u0173 valandas steb\u0117ti me\u0161keriotoj\u0105, tave \u017eavi vandens stichija, m\u0117gsti gamt\u0105 \u2013 \u0161i knyga tau! Nuostabiai iliustruota","robots":{"index":"index","follow":"follow","max-snippet":"max-snippet:-1","max-image-preview":"max-image-preview:large","max-video-preview":"max-video-preview:-1"},"canonical":"https:\/\/skaitytaknyga.lt\/en\/produktas\/mano-pirmoji-zukles-knyga\/","og_locale":"en_GB","og_type":"article","og_title":"[:lt]Mano pirmoji \u017e\u016bkl\u0117s knyga[:] - Skaitytaknyga","og_description":"Dovana jaunajam \u017evejui. Jei gali valand\u0173 valandas steb\u0117ti me\u0161keriotoj\u0105, tave \u017eavi vandens stichija, m\u0117gsti gamt\u0105 \u2013 \u0161i knyga tau! Nuostabiai iliustruota","og_url":"https:\/\/skaitytaknyga.lt\/en\/produktas\/mano-pirmoji-zukles-knyga\/","og_site_name":"Skaitytaknyga","article_publisher":"https:\/\/www.facebook.com\/skaitytaknyga\/","article_modified_time":"2025-06-30T19:11:40+00:00","og_image":[{"width":295,"height":388,"url":"https:\/\/skaitytaknyga.lt\/wp-content\/uploads\/2025\/06\/Mano-pirmoji-zukles-knyga.jpg","type":"image\/jpeg"}],"twitter_card":"summary_large_image","twitter_misc":{"Estimated reading time":"1 minute"},"schema":{"@context":"https:\/\/schema.org","@graph":[{"@type":"WebPage","@id":"https:\/\/skaitytaknyga.lt\/produktas\/mano-pirmoji-zukles-knyga\/","url":"https:\/\/skaitytaknyga.lt\/produktas\/mano-pirmoji-zukles-knyga\/","name":"Mano pirmoji \u017e\u016bkl\u0117s knyga","isPartOf":{"@id":"https:\/\/skaitytaknyga.lt\/#website"},"primaryImageOfPage":{"@id":"https:\/\/skaitytaknyga.lt\/produktas\/mano-pirmoji-zukles-knyga\/#primaryimage"},"image":{"@id":"https:\/\/skaitytaknyga.lt\/produktas\/mano-pirmoji-zukles-knyga\/#primaryimage"},"thumbnailUrl":"https:\/\/skaitytaknyga.lt\/wp-content\/uploads\/2025\/06\/Mano-pirmoji-zukles-knyga.jpg","datePublished":"2025-06-28T09:36:26+00:00","dateModified":"2025-06-30T19:11:40+00:00","description":"Dovana jaunajam \u017evejui. Jei gali valand\u0173 valandas steb\u0117ti me\u0161keriotoj\u0105, tave \u017eavi vandens stichija, m\u0117gsti gamt\u0105 \u2013 \u0161i knyga tau! Nuostabiai iliustruota","breadcrumb":{"@id":"https:\/\/skaitytaknyga.lt\/produktas\/mano-pirmoji-zukles-knyga\/#breadcrumb"},"inLanguage":"en-GB","potentialAction":[{"@type":"ReadAction","target":["https:\/\/skaitytaknyga.lt\/produktas\/mano-pirmoji-zukles-knyga\/"]}]},{"@type":"ImageObject","inLanguage":"en-GB","@id":"https:\/\/skaitytaknyga.lt\/produktas\/mano-pirmoji-zukles-knyga\/#primaryimage","url":"https:\/\/skaitytaknyga.lt\/wp-content\/uploads\/2025\/06\/Mano-pirmoji-zukles-knyga.jpg","contentUrl":"https:\/\/skaitytaknyga.lt\/wp-content\/uploads\/2025\/06\/Mano-pirmoji-zukles-knyga.jpg","width":295,"height":388,"caption":"Mano pirmoji \u017e\u016bkl\u0117s knyga"},{"@type":"BreadcrumbList","@id":"https:\/\/skaitytaknyga.lt\/produktas\/mano-pirmoji-zukles-knyga\/#breadcrumb","itemListElement":[{"@type":"ListItem","position":1,"name":"Home","item":"https:\/\/skaitytaknyga.lt\/"},{"@type":"ListItem","position":2,"name":"Parduotuv\u0117","item":"https:\/\/skaitytaknyga.lt\/knygu-parduotuve\/"},{"@type":"ListItem","position":3,"name":"Mano pirmoji \u017e\u016bkl\u0117s knyga"}]},{"@type":"WebSite","@id":"https:\/\/skaitytaknyga.lt\/#website","url":"https:\/\/skaitytaknyga.lt\/","name":"skaitytaknyga.lt","description":"Skaitytaknyga.lt \u2013 tai ma\u017eas \u0161eimos verslas, kuris prasid\u0117jo nuo meil\u0117s knygoms ir siekio i\u0161gelb\u0117ti knygas nuo likimo prie konteinerio. Kas vienam nereikalingas daiktas \u2013 kitam lobis, o mes esame tarpininkai, kurie padeda abiems tapti laimingesniems ???? \u017dinome kaip nelengva i\u0161gyventi ma\u017eiems verslams, tad nuo \u0161iol, \u010dia rasite ir kit\u0173, ma\u017e\u0173 \u0161eim\u0173 versl\u0173, rank\u0173 darbo, dovan\u0173 sau ir artimiesiems.","publisher":{"@id":"https:\/\/skaitytaknyga.lt\/#organization"},"potentialAction":[{"@type":"SearchAction","target":{"@type":"EntryPoint","urlTemplate":"https:\/\/skaitytaknyga.lt\/?s={search_term_string}"},"query-input":{"@type":"PropertyValueSpecification","valueRequired":true,"valueName":"search_term_string"}}],"inLanguage":"en-GB"},{"@type":"Organization","@id":"https:\/\/skaitytaknyga.lt\/#organization","name":"skaitytaknyga.lt","url":"https:\/\/skaitytaknyga.lt\/","logo":{"@type":"ImageObject","inLanguage":"en-GB","@id":"https:\/\/skaitytaknyga.lt\/#\/schema\/logo\/image\/","url":"https:\/\/skaitytaknyga.lt\/wp-content\/uploads\/2024\/05\/cropped-cropped-cropped-02_00843_jt3bggkj1j3HLc7SyY6rEUpg.jpeg","contentUrl":"https:\/\/skaitytaknyga.lt\/wp-content\/uploads\/2024\/05\/cropped-cropped-cropped-02_00843_jt3bggkj1j3HLc7SyY6rEUpg.jpeg","width":1600,"height":1600,"caption":"skaitytaknyga.lt"},"image":{"@id":"https:\/\/skaitytaknyga.lt\/#\/schema\/logo\/image\/"},"sameAs":["https:\/\/www.facebook.com\/skaitytaknyga\/"]}]}},"_links":{"self":[{"href":"https:\/\/skaitytaknyga.lt\/en\/wp-json\/wp\/v2\/product\/19073","targetHints":{"allow":["GET"]}}],"collection":[{"href":"https:\/\/skaitytaknyga.lt\/en\/wp-json\/wp\/v2\/product"}],"about":[{"href":"https:\/\/skaitytaknyga.lt\/en\/wp-json\/wp\/v2\/types\/product"}],"replies":[{"embeddable":true,"href":"https:\/\/skaitytaknyga.lt\/en\/wp-json\/wp\/v2\/comments?post=19073"}],"wp:featuredmedia":[{"embeddable":true,"href":"https:\/\/skaitytaknyga.lt\/en\/wp-json\/wp\/v2\/media\/19075"}],"wp:attachment":[{"href":"https:\/\/skaitytaknyga.lt\/en\/wp-json\/wp\/v2\/media?parent=19073"}],"wp:term":[{"taxonomy":"product_brand","embeddable":true,"href":"https:\/\/skaitytaknyga.lt\/en\/wp-json\/wp\/v2\/product_brand?post=19073"},{"taxonomy":"product_cat","embeddable":true,"href":"https:\/\/skaitytaknyga.lt\/en\/wp-json\/wp\/v2\/product_cat?post=19073"},{"taxonomy":"product_tag","embeddable":true,"href":"https:\/\/skaitytaknyga.lt\/en\/wp-json\/wp\/v2\/product_tag?post=19073"}],"curies":[{"name":"wp","href":"https:\/\/api.w.org\/{rel}","templated":true}]}}