{"id":19067,"date":"2025-06-28T12:27:49","date_gmt":"2025-06-28T09:27:49","guid":{"rendered":"https:\/\/skaitytaknyga.lt\/?post_type=product&#038;p=19067"},"modified":"2026-02-21T19:44:25","modified_gmt":"2026-02-21T17:44:25","slug":"demonu-apsestas-pasaulis","status":"publish","type":"product","link":"https:\/\/skaitytaknyga.lt\/en\/produktas\/demonu-apsestas-pasaulis\/","title":{"rendered":"Demon\u0173 aps\u0117stas pasaulis"},"content":{"rendered":"<p>Turb\u016bt n\u0117 vienas XX a. \u017emogus tiek nedav\u0117 kosmoso mokslui kiek\u00a0<strong>Carlas Saganas<\/strong>\u00a0(1934-1996). Jis apdovanotas NASA medaliais u\u017e i\u0161skirtin\u0119 visuomenin\u0119 veikl\u0105, jo vardu pavadintas asteroidas\u00a0<em>2709 Sagan<\/em>. Aistringai tik\u0117j\u0119s NSO ir kosmini\u0173 kontakt\u0173 galimyb\u0117mis, inspirav\u0119s NASA veikl\u0105 Amerikoje, \u012fk\u016br\u0119s pasaulin\u0119 Planet\u0173 studij\u0173 draugij\u0105 ir buv\u0119s jos prezidentu, C. Saganas a\u0161tuoniose savo knygose sensacij\u0173 m\u0117g\u0117jams i\u0161kelia mokslo ties\u0105.<\/p>\n<p>Anot C. Sagano, viena i\u0161 mokslo teikiam\u0173 dovan\u0173 yra galimyb\u0117 atpa\u017einti nes\u0105mones. Am\u017ei\u0173 sand\u016broje pseudomokslai su\u0161vinta i\u0161 naujo: tada su\u017eadinami etniniai nacionaliniai prietarai, perkainojamos vertyb\u0117s, vietos ir paskirtys pasaulyje bei kosmose. Tada u\u017eslenka tamsa, ima ku\u017ed\u0117ti demonai.<\/p>\n<p>\u0160i knyga ne tik atskiria moksl\u0105 nuo nemokslo, bet ir apra\u0161o tikrus mokslo stebuklus, kurie \u012fsp\u016bdingesni u\u017e demon\u0173 ku\u017edesius. \u0160i specialisto knyga \u2013 apie tai, kas tik vadinama mokslu.<\/p>\n<p>\u012e klausim\u0105, kod\u0117l b\u016bdamas tokio rango \u0161vaisto laik\u0105 kosmoso ai\u0161kinimui, C. Saganas atsak\u0117: \u201e\u0160i knyga yra mano asmeninis parei\u0161kimas, atskleid\u017eiantis vis\u0105 gyvenim\u0105 trunkan\u010di\u0105 meil\u0119 mokslui.\u201c<\/p>\n<p>Autorius: Carl Sagan<br \/>\nLeid\u0117jas: Tyto alba<br \/>\nMetai: 2001<br \/>\nPuslapiai: 481<br \/>\nISBN: 9789986161813<br \/>\nFormatas: 15 x 21 cm, kieti vir\u0161eliai<br \/>\nKalba: Lietuvi\u0173<br \/>\nVert\u0117jas: Ieva Skar\u017einskait\u0117<\/p>\n","protected":false},"excerpt":{"rendered":"<p>Turb\u016bt n\u0117 vienas XX a. \u017emogus tiek nedav\u0117 kosmoso mokslui kiek\u00a0Carlas Saganas\u00a0(1934-1996). Jis apdovanotas NASA medaliais u\u017e i\u0161skirtin\u0119 visuomenin\u0119 veikl\u0105, jo vardu pavadintas asteroidas\u00a02709 Sagan. Aistringai tik\u0117j\u0119s NSO ir kosmini\u0173 kontakt\u0173 galimyb\u0117mis, inspirav\u0119s NASA veikl\u0105 Amerikoje, \u012fk\u016br\u0119s pasaulin\u0119 Planet\u0173 studij\u0173 draugij\u0105 ir buv\u0119s jos prezidentu, C. Saganas a\u0161tuoniose savo knygose sensacij\u0173 m\u0117g\u0117jams i\u0161kelia mokslo ties\u0105. Anot C. Sagano, viena i\u0161 mokslo teikiam\u0173 dovan\u0173 yra galimyb\u0117 atpa\u017einti nes\u0105mones. Am\u017ei\u0173 sand\u016broje pseudomokslai su\u0161vinta i\u0161 naujo: tada su\u017eadinami etniniai nacionaliniai prietarai, perkainojamos vertyb\u0117s, vietos ir paskirtys pasaulyje bei kosmose. Tada u\u017eslenka tamsa, ima ku\u017ed\u0117ti demonai. \u0160i knyga ne tik atskiria moksl\u0105 nuo nemokslo, bet ir apra\u0161o tikrus mokslo stebuklus, kurie \u012fsp\u016bdingesni u\u017e demon\u0173 ku\u017edesius. \u0160i specialisto knyga \u2013 apie tai, kas tik vadinama mokslu. \u012e klausim\u0105, kod\u0117l b\u016bdamas tokio rango \u0161vaisto laik\u0105 kosmoso ai\u0161kinimui, C. Saganas atsak\u0117: \u201e\u0160i knyga yra mano asmeninis parei\u0161kimas, atskleid\u017eiantis vis\u0105 gyvenim\u0105 trunkan\u010di\u0105 meil\u0119 mokslui.\u201c Autorius: Carl Sagan Leid\u0117jas: Tyto alba Metai: 2001 Puslapiai: 481 ISBN: 9789986161813 Formatas: 15 x 21 cm, kieti vir\u0161eliai Kalba: Lietuvi\u0173 Vert\u0117jas: Ieva Skar\u017einskait\u0117<\/p>\n","protected":false},"featured_media":19068,"comment_status":"open","ping_status":"closed","template":"","meta":{"_acf_changed":false,"site-sidebar-layout":"default","site-content-layout":"","ast-site-content-layout":"default","site-content-style":"default","site-sidebar-style":"default","ast-global-header-display":"","ast-banner-title-visibility":"","ast-main-header-display":"","ast-hfb-above-header-display":"","ast-hfb-below-header-display":"","ast-hfb-mobile-header-display":"","site-post-title":"","ast-breadcrumbs-content":"","ast-featured-img":"","footer-sml-layout":"","ast-disable-related-posts":"","theme-transparent-header-meta":"default","adv-header-id-meta":"","stick-header-meta":"","header-above-stick-meta":"","header-main-stick-meta":"","header-below-stick-meta":"","astra-migrate-meta-layouts":"set","ast-page-background-enabled":"default","ast-page-background-meta":{"desktop":{"background-color":"","background-image":"","background-repeat":"repeat","background-position":"center center","background-size":"auto","background-attachment":"scroll","background-type":"","background-media":"","overlay-type":"","overlay-color":"","overlay-opacity":"","overlay-gradient":""},"tablet":{"background-color":"","background-image":"","background-repeat":"repeat","background-position":"center center","background-size":"auto","background-attachment":"scroll","background-type":"","background-media":"","overlay-type":"","overlay-color":"","overlay-opacity":"","overlay-gradient":""},"mobile":{"background-color":"","background-image":"","background-repeat":"repeat","background-position":"center center","background-size":"auto","background-attachment":"scroll","background-type":"","background-media":"","overlay-type":"","overlay-color":"","overlay-opacity":"","overlay-gradient":""}},"ast-content-background-meta":{"desktop":{"background-color":"var(--ast-global-color-4)","background-image":"","background-repeat":"repeat","background-position":"center center","background-size":"auto","background-attachment":"scroll","background-type":"","background-media":"","overlay-type":"","overlay-color":"","overlay-opacity":"","overlay-gradient":""},"tablet":{"background-color":"var(--ast-global-color-4)","background-image":"","background-repeat":"repeat","background-position":"center center","background-size":"auto","background-attachment":"scroll","background-type":"","background-media":"","overlay-type":"","overlay-color":"","overlay-opacity":"","overlay-gradient":""},"mobile":{"background-color":"var(--ast-global-color-4)","background-image":"","background-repeat":"repeat","background-position":"center center","background-size":"auto","background-attachment":"scroll","background-type":"","background-media":"","overlay-type":"","overlay-color":"","overlay-opacity":"","overlay-gradient":""}}},"product_brand":[],"product_cat":[31,15],"product_tag":[],"class_list":{"0":"post-19067","1":"product","2":"type-product","3":"status-publish","4":"has-post-thumbnail","6":"product_cat-grozine-literatura","7":"product_cat-uncategorized","8":"desktop-align-left","9":"tablet-align-left","10":"mobile-align-left","12":"first","13":"outofstock","14":"shipping-taxable","15":"purchasable","16":"product-type-simple"},"acf":[],"yoast_head":"<!-- This site is optimized with the Yoast SEO plugin v27.4 - https:\/\/yoast.com\/product\/yoast-seo-wordpress\/ -->\n<title>Demon\u0173 aps\u0117stas pasaulis<\/title>\n<meta name=\"description\" content=\"Turb\u016bt n\u0117 vienas XX a. \u017emogus tiek nedav\u0117 kosmoso mokslui kiek\u00a0Carlas Saganas\u00a0(1934-1996). Jis apdovanotas NASA medaliais u\u017e i\u0161skirtin\u0119 visuomenin\u0119\" \/>\n<meta name=\"robots\" content=\"index, follow, max-snippet:-1, max-image-preview:large, max-video-preview:-1\" \/>\n<link rel=\"canonical\" href=\"https:\/\/skaitytaknyga.lt\/en\/produktas\/demonu-apsestas-pasaulis\/\" \/>\n<meta property=\"og:locale\" content=\"en_GB\" \/>\n<meta property=\"og:locale:alternate\" content=\"lt_LT\" \/>\n<meta property=\"og:type\" content=\"article\" \/>\n<meta property=\"og:title\" content=\"Demon\u0173 aps\u0117stas pasaulis\" \/>\n<meta property=\"og:description\" content=\"Turb\u016bt n\u0117 vienas XX a. \u017emogus tiek nedav\u0117 kosmoso mokslui kiek\u00a0Carlas Saganas\u00a0(1934-1996). Jis apdovanotas NASA medaliais u\u017e i\u0161skirtin\u0119 visuomenin\u0119\" \/>\n<meta property=\"og:url\" content=\"https:\/\/skaitytaknyga.lt\/en\/produktas\/demonu-apsestas-pasaulis\/\" \/>\n<meta property=\"og:site_name\" content=\"Skaitytaknyga\" \/>\n<meta property=\"article:publisher\" content=\"https:\/\/www.facebook.com\/skaitytaknyga\/\" \/>\n<meta property=\"article:modified_time\" content=\"2026-02-21T17:44:25+00:00\" \/>\n<meta property=\"og:image\" content=\"https:\/\/skaitytaknyga.lt\/wp-content\/uploads\/2025\/06\/Demonu-apsestas-pasaulis.webp\" \/>\n\t<meta property=\"og:image:width\" content=\"525\" \/>\n\t<meta property=\"og:image:height\" content=\"800\" \/>\n\t<meta property=\"og:image:type\" content=\"image\/webp\" \/>\n<meta name=\"twitter:card\" content=\"summary_large_image\" \/>\n<meta name=\"twitter:label1\" content=\"Estimated reading time\" \/>\n\t<meta name=\"twitter:data1\" content=\"2 minutes\" \/>\n<script type=\"application\/ld+json\" class=\"yoast-schema-graph\">{\"@context\":\"https:\\\/\\\/schema.org\",\"@graph\":[{\"@type\":\"WebPage\",\"@id\":\"https:\\\/\\\/skaitytaknyga.lt\\\/produktas\\\/demonu-apsestas-pasaulis\\\/\",\"url\":\"https:\\\/\\\/skaitytaknyga.lt\\\/produktas\\\/demonu-apsestas-pasaulis\\\/\",\"name\":\"Demon\u0173 aps\u0117stas pasaulis\",\"isPartOf\":{\"@id\":\"https:\\\/\\\/skaitytaknyga.lt\\\/#website\"},\"primaryImageOfPage\":{\"@id\":\"https:\\\/\\\/skaitytaknyga.lt\\\/produktas\\\/demonu-apsestas-pasaulis\\\/#primaryimage\"},\"image\":{\"@id\":\"https:\\\/\\\/skaitytaknyga.lt\\\/produktas\\\/demonu-apsestas-pasaulis\\\/#primaryimage\"},\"thumbnailUrl\":\"https:\\\/\\\/skaitytaknyga.lt\\\/wp-content\\\/uploads\\\/2025\\\/06\\\/Demonu-apsestas-pasaulis.webp\",\"datePublished\":\"2025-06-28T09:27:49+00:00\",\"dateModified\":\"2026-02-21T17:44:25+00:00\",\"description\":\"Turb\u016bt n\u0117 vienas XX a. \u017emogus tiek nedav\u0117 kosmoso mokslui kiek\u00a0Carlas Saganas\u00a0(1934-1996). Jis apdovanotas NASA medaliais u\u017e i\u0161skirtin\u0119 visuomenin\u0119\",\"breadcrumb\":{\"@id\":\"https:\\\/\\\/skaitytaknyga.lt\\\/produktas\\\/demonu-apsestas-pasaulis\\\/#breadcrumb\"},\"inLanguage\":\"en-GB\",\"potentialAction\":[{\"@type\":\"ReadAction\",\"target\":[\"https:\\\/\\\/skaitytaknyga.lt\\\/produktas\\\/demonu-apsestas-pasaulis\\\/\"]}]},{\"@type\":\"ImageObject\",\"inLanguage\":\"en-GB\",\"@id\":\"https:\\\/\\\/skaitytaknyga.lt\\\/produktas\\\/demonu-apsestas-pasaulis\\\/#primaryimage\",\"url\":\"https:\\\/\\\/skaitytaknyga.lt\\\/wp-content\\\/uploads\\\/2025\\\/06\\\/Demonu-apsestas-pasaulis.webp\",\"contentUrl\":\"https:\\\/\\\/skaitytaknyga.lt\\\/wp-content\\\/uploads\\\/2025\\\/06\\\/Demonu-apsestas-pasaulis.webp\",\"width\":525,\"height\":800,\"caption\":\"Demon\u0173 aps\u0117stas pasaulis\"},{\"@type\":\"BreadcrumbList\",\"@id\":\"https:\\\/\\\/skaitytaknyga.lt\\\/produktas\\\/demonu-apsestas-pasaulis\\\/#breadcrumb\",\"itemListElement\":[{\"@type\":\"ListItem\",\"position\":1,\"name\":\"Home\",\"item\":\"https:\\\/\\\/skaitytaknyga.lt\\\/\"},{\"@type\":\"ListItem\",\"position\":2,\"name\":\"Parduotuv\u0117\",\"item\":\"https:\\\/\\\/skaitytaknyga.lt\\\/knygu-parduotuve\\\/\"},{\"@type\":\"ListItem\",\"position\":3,\"name\":\"Demon\u0173 aps\u0117stas pasaulis\"}]},{\"@type\":\"WebSite\",\"@id\":\"https:\\\/\\\/skaitytaknyga.lt\\\/#website\",\"url\":\"https:\\\/\\\/skaitytaknyga.lt\\\/\",\"name\":\"skaitytaknyga.lt\",\"description\":\"Skaitytaknyga.lt \u2013 tai ma\u017eas \u0161eimos verslas, kuris prasid\u0117jo nuo meil\u0117s knygoms ir siekio i\u0161gelb\u0117ti knygas nuo likimo prie konteinerio. Kas vienam nereikalingas daiktas \u2013 kitam lobis, o mes esame tarpininkai, kurie padeda abiems tapti laimingesniems ???? \u017dinome kaip nelengva i\u0161gyventi ma\u017eiems verslams, tad nuo \u0161iol, \u010dia rasite ir kit\u0173, ma\u017e\u0173 \u0161eim\u0173 versl\u0173, rank\u0173 darbo, dovan\u0173 sau ir artimiesiems.\",\"publisher\":{\"@id\":\"https:\\\/\\\/skaitytaknyga.lt\\\/#organization\"},\"potentialAction\":[{\"@type\":\"SearchAction\",\"target\":{\"@type\":\"EntryPoint\",\"urlTemplate\":\"https:\\\/\\\/skaitytaknyga.lt\\\/?s={search_term_string}\"},\"query-input\":{\"@type\":\"PropertyValueSpecification\",\"valueRequired\":true,\"valueName\":\"search_term_string\"}}],\"inLanguage\":\"en-GB\"},{\"@type\":\"Organization\",\"@id\":\"https:\\\/\\\/skaitytaknyga.lt\\\/#organization\",\"name\":\"skaitytaknyga.lt\",\"url\":\"https:\\\/\\\/skaitytaknyga.lt\\\/\",\"logo\":{\"@type\":\"ImageObject\",\"inLanguage\":\"en-GB\",\"@id\":\"https:\\\/\\\/skaitytaknyga.lt\\\/#\\\/schema\\\/logo\\\/image\\\/\",\"url\":\"https:\\\/\\\/skaitytaknyga.lt\\\/wp-content\\\/uploads\\\/2024\\\/05\\\/cropped-cropped-cropped-02_00843_jt3bggkj1j3HLc7SyY6rEUpg.jpeg\",\"contentUrl\":\"https:\\\/\\\/skaitytaknyga.lt\\\/wp-content\\\/uploads\\\/2024\\\/05\\\/cropped-cropped-cropped-02_00843_jt3bggkj1j3HLc7SyY6rEUpg.jpeg\",\"width\":1600,\"height\":1600,\"caption\":\"skaitytaknyga.lt\"},\"image\":{\"@id\":\"https:\\\/\\\/skaitytaknyga.lt\\\/#\\\/schema\\\/logo\\\/image\\\/\"},\"sameAs\":[\"https:\\\/\\\/www.facebook.com\\\/skaitytaknyga\\\/\"]}]}<\/script>\n<!-- \/ Yoast SEO plugin. -->","yoast_head_json":{"title":"Demon\u0173 aps\u0117stas pasaulis","description":"Turb\u016bt n\u0117 vienas XX a. \u017emogus tiek nedav\u0117 kosmoso mokslui kiek\u00a0Carlas Saganas\u00a0(1934-1996). Jis apdovanotas NASA medaliais u\u017e i\u0161skirtin\u0119 visuomenin\u0119","robots":{"index":"index","follow":"follow","max-snippet":"max-snippet:-1","max-image-preview":"max-image-preview:large","max-video-preview":"max-video-preview:-1"},"canonical":"https:\/\/skaitytaknyga.lt\/en\/produktas\/demonu-apsestas-pasaulis\/","og_locale":"en_GB","og_type":"article","og_title":"[:lt]Demon\u0173 aps\u0117stas pasaulis[:] - Skaitytaknyga","og_description":"Turb\u016bt n\u0117 vienas XX a. \u017emogus tiek nedav\u0117 kosmoso mokslui kiek\u00a0Carlas Saganas\u00a0(1934-1996). Jis apdovanotas NASA medaliais u\u017e i\u0161skirtin\u0119 visuomenin\u0119","og_url":"https:\/\/skaitytaknyga.lt\/en\/produktas\/demonu-apsestas-pasaulis\/","og_site_name":"Skaitytaknyga","article_publisher":"https:\/\/www.facebook.com\/skaitytaknyga\/","article_modified_time":"2026-02-21T17:44:25+00:00","og_image":[{"width":525,"height":800,"url":"https:\/\/skaitytaknyga.lt\/wp-content\/uploads\/2025\/06\/Demonu-apsestas-pasaulis.webp","type":"image\/webp"}],"twitter_card":"summary_large_image","twitter_misc":{"Estimated reading time":"2 minutes"},"schema":{"@context":"https:\/\/schema.org","@graph":[{"@type":"WebPage","@id":"https:\/\/skaitytaknyga.lt\/produktas\/demonu-apsestas-pasaulis\/","url":"https:\/\/skaitytaknyga.lt\/produktas\/demonu-apsestas-pasaulis\/","name":"Demon\u0173 aps\u0117stas pasaulis","isPartOf":{"@id":"https:\/\/skaitytaknyga.lt\/#website"},"primaryImageOfPage":{"@id":"https:\/\/skaitytaknyga.lt\/produktas\/demonu-apsestas-pasaulis\/#primaryimage"},"image":{"@id":"https:\/\/skaitytaknyga.lt\/produktas\/demonu-apsestas-pasaulis\/#primaryimage"},"thumbnailUrl":"https:\/\/skaitytaknyga.lt\/wp-content\/uploads\/2025\/06\/Demonu-apsestas-pasaulis.webp","datePublished":"2025-06-28T09:27:49+00:00","dateModified":"2026-02-21T17:44:25+00:00","description":"Turb\u016bt n\u0117 vienas XX a. \u017emogus tiek nedav\u0117 kosmoso mokslui kiek\u00a0Carlas Saganas\u00a0(1934-1996). Jis apdovanotas NASA medaliais u\u017e i\u0161skirtin\u0119 visuomenin\u0119","breadcrumb":{"@id":"https:\/\/skaitytaknyga.lt\/produktas\/demonu-apsestas-pasaulis\/#breadcrumb"},"inLanguage":"en-GB","potentialAction":[{"@type":"ReadAction","target":["https:\/\/skaitytaknyga.lt\/produktas\/demonu-apsestas-pasaulis\/"]}]},{"@type":"ImageObject","inLanguage":"en-GB","@id":"https:\/\/skaitytaknyga.lt\/produktas\/demonu-apsestas-pasaulis\/#primaryimage","url":"https:\/\/skaitytaknyga.lt\/wp-content\/uploads\/2025\/06\/Demonu-apsestas-pasaulis.webp","contentUrl":"https:\/\/skaitytaknyga.lt\/wp-content\/uploads\/2025\/06\/Demonu-apsestas-pasaulis.webp","width":525,"height":800,"caption":"Demon\u0173 aps\u0117stas pasaulis"},{"@type":"BreadcrumbList","@id":"https:\/\/skaitytaknyga.lt\/produktas\/demonu-apsestas-pasaulis\/#breadcrumb","itemListElement":[{"@type":"ListItem","position":1,"name":"Home","item":"https:\/\/skaitytaknyga.lt\/"},{"@type":"ListItem","position":2,"name":"Parduotuv\u0117","item":"https:\/\/skaitytaknyga.lt\/knygu-parduotuve\/"},{"@type":"ListItem","position":3,"name":"Demon\u0173 aps\u0117stas pasaulis"}]},{"@type":"WebSite","@id":"https:\/\/skaitytaknyga.lt\/#website","url":"https:\/\/skaitytaknyga.lt\/","name":"skaitytaknyga.lt","description":"Skaitytaknyga.lt \u2013 tai ma\u017eas \u0161eimos verslas, kuris prasid\u0117jo nuo meil\u0117s knygoms ir siekio i\u0161gelb\u0117ti knygas nuo likimo prie konteinerio. Kas vienam nereikalingas daiktas \u2013 kitam lobis, o mes esame tarpininkai, kurie padeda abiems tapti laimingesniems ???? \u017dinome kaip nelengva i\u0161gyventi ma\u017eiems verslams, tad nuo \u0161iol, \u010dia rasite ir kit\u0173, ma\u017e\u0173 \u0161eim\u0173 versl\u0173, rank\u0173 darbo, dovan\u0173 sau ir artimiesiems.","publisher":{"@id":"https:\/\/skaitytaknyga.lt\/#organization"},"potentialAction":[{"@type":"SearchAction","target":{"@type":"EntryPoint","urlTemplate":"https:\/\/skaitytaknyga.lt\/?s={search_term_string}"},"query-input":{"@type":"PropertyValueSpecification","valueRequired":true,"valueName":"search_term_string"}}],"inLanguage":"en-GB"},{"@type":"Organization","@id":"https:\/\/skaitytaknyga.lt\/#organization","name":"skaitytaknyga.lt","url":"https:\/\/skaitytaknyga.lt\/","logo":{"@type":"ImageObject","inLanguage":"en-GB","@id":"https:\/\/skaitytaknyga.lt\/#\/schema\/logo\/image\/","url":"https:\/\/skaitytaknyga.lt\/wp-content\/uploads\/2024\/05\/cropped-cropped-cropped-02_00843_jt3bggkj1j3HLc7SyY6rEUpg.jpeg","contentUrl":"https:\/\/skaitytaknyga.lt\/wp-content\/uploads\/2024\/05\/cropped-cropped-cropped-02_00843_jt3bggkj1j3HLc7SyY6rEUpg.jpeg","width":1600,"height":1600,"caption":"skaitytaknyga.lt"},"image":{"@id":"https:\/\/skaitytaknyga.lt\/#\/schema\/logo\/image\/"},"sameAs":["https:\/\/www.facebook.com\/skaitytaknyga\/"]}]}},"_links":{"self":[{"href":"https:\/\/skaitytaknyga.lt\/en\/wp-json\/wp\/v2\/product\/19067","targetHints":{"allow":["GET"]}}],"collection":[{"href":"https:\/\/skaitytaknyga.lt\/en\/wp-json\/wp\/v2\/product"}],"about":[{"href":"https:\/\/skaitytaknyga.lt\/en\/wp-json\/wp\/v2\/types\/product"}],"replies":[{"embeddable":true,"href":"https:\/\/skaitytaknyga.lt\/en\/wp-json\/wp\/v2\/comments?post=19067"}],"wp:featuredmedia":[{"embeddable":true,"href":"https:\/\/skaitytaknyga.lt\/en\/wp-json\/wp\/v2\/media\/19068"}],"wp:attachment":[{"href":"https:\/\/skaitytaknyga.lt\/en\/wp-json\/wp\/v2\/media?parent=19067"}],"wp:term":[{"taxonomy":"product_brand","embeddable":true,"href":"https:\/\/skaitytaknyga.lt\/en\/wp-json\/wp\/v2\/product_brand?post=19067"},{"taxonomy":"product_cat","embeddable":true,"href":"https:\/\/skaitytaknyga.lt\/en\/wp-json\/wp\/v2\/product_cat?post=19067"},{"taxonomy":"product_tag","embeddable":true,"href":"https:\/\/skaitytaknyga.lt\/en\/wp-json\/wp\/v2\/product_tag?post=19067"}],"curies":[{"name":"wp","href":"https:\/\/api.w.org\/{rel}","templated":true}]}}