{"id":19065,"date":"2025-06-28T12:26:14","date_gmt":"2025-06-28T09:26:14","guid":{"rendered":"https:\/\/skaitytaknyga.lt\/?post_type=product&#038;p=19065"},"modified":"2025-06-28T12:27:15","modified_gmt":"2025-06-28T09:27:15","slug":"prisukamas-apelsinas","status":"publish","type":"product","link":"https:\/\/skaitytaknyga.lt\/en\/produktas\/prisukamas-apelsinas\/","title":{"rendered":"Prisukamas apelsinas"},"content":{"rendered":"<p><strong>\u201ePrisukamas apelsinas\u201c<\/strong>\u00a0\u2013 XX a. literat\u016bros legenda, kelianti nepatogius klausimus ir ver\u010dianti abejoti visuotinai priimtomis nuostatomis.<\/p>\n<p>Garsiausias\u00a0<strong>Anthony Burgesso<\/strong>\u00a0romanas\u00a0<strong>\u201ePrisukamas apelsinas\u201c<\/strong>, \u012fkv\u0117p\u0119s Stanley Kubrick\u0105 pastatyti film\u0105 ir peln\u0119s knygos autoriui pasaulin\u0119 \u0161lov\u0119, pasakoja apie paaugl\u012f Aleks\u0105. Knygos herojus kaip ir dauguma paaugli\u0173 mai\u0161tauja. Jo mai\u0161tas \u2013 tai destruktyvus, savitikslis smurtas, \u201eultrasmurtas\u201c. Jo kasdienyb\u0117 \u2013 pl\u0117\u0161imai, mu\u0161tyn\u0117s ir net \u017emog\u017eudyst\u0117s. Rafinuotam klasikin\u0117s muzikos gerb\u0117jui Aleksui smurtas \u012fkvepia k\u016brybinio entuziazmo ir suteikia prasm\u0117s gyventi.<\/p>\n<p>Romanas buvo i\u0161leistas 1962 m., ta\u010diau kai kurios scenos \u017eiaurumu \u0161okiruoja ir \u0161iais laikais. D\u0117l \u201esmurto propagavimo\u201c romanas ir filmas laikomi pavojingais ir nepageidaujamais, buvo u\u017edrausti rodyti daugelyje valstybi\u0173. Ta\u010diau Alekso brutalumas n\u0117ra betikslis, tai kova prie\u0161 asmenybes \u201eprisukamais apelsinais\u201c ver\u010dian\u010di\u0105 ateities visuomen\u0119, kuri siekia Aleks\u0105 peraukl\u0117ti bet kokia kaina.<\/p>\n<ul class=\"about-product d-none d-xl-block mt-4\">\n<li><strong>Autorius:<\/strong>\u00a0Anthony Burgess<\/li>\n<li><strong>Leid\u0117jas:<\/strong>\u00a0Lietuvos rytas<\/li>\n<li><strong>Metai:<\/strong> 1999<\/li>\n<li><strong>Puslapiai:<\/strong>\u00a0185<\/li>\n<li><strong>ISBN:<\/strong>\u00a09788498197174<\/li>\n<li><strong>Formatas:<\/strong>\u00a012,2 x 21 cm, kieti vir\u0161eliai<\/li>\n<li><strong>Kalba:<\/strong>\u00a0Lietuvi\u0173<\/li>\n<li><strong>Vert\u0117jas:<\/strong>\u00a0Saulius Dagys<\/li>\n<\/ul>\n","protected":false},"excerpt":{"rendered":"<p>\u201ePrisukamas apelsinas\u201c\u00a0\u2013 XX a. literat\u016bros legenda, kelianti nepatogius klausimus ir ver\u010dianti abejoti visuotinai priimtomis nuostatomis. Garsiausias\u00a0Anthony Burgesso\u00a0romanas\u00a0\u201ePrisukamas apelsinas\u201c, \u012fkv\u0117p\u0119s Stanley Kubrick\u0105 pastatyti film\u0105 ir peln\u0119s knygos autoriui pasaulin\u0119 \u0161lov\u0119, pasakoja apie paaugl\u012f Aleks\u0105. Knygos herojus kaip ir dauguma paaugli\u0173 mai\u0161tauja. Jo mai\u0161tas \u2013 tai destruktyvus, savitikslis smurtas, \u201eultrasmurtas\u201c. Jo kasdienyb\u0117 \u2013 pl\u0117\u0161imai, mu\u0161tyn\u0117s ir net \u017emog\u017eudyst\u0117s. Rafinuotam klasikin\u0117s muzikos gerb\u0117jui Aleksui smurtas \u012fkvepia k\u016brybinio entuziazmo ir suteikia prasm\u0117s gyventi. Romanas buvo i\u0161leistas 1962 m., ta\u010diau kai kurios scenos \u017eiaurumu \u0161okiruoja ir \u0161iais laikais. D\u0117l \u201esmurto propagavimo\u201c romanas ir filmas laikomi pavojingais ir nepageidaujamais, buvo u\u017edrausti rodyti daugelyje valstybi\u0173. Ta\u010diau Alekso brutalumas n\u0117ra betikslis, tai kova prie\u0161 asmenybes \u201eprisukamais apelsinais\u201c ver\u010dian\u010di\u0105 ateities visuomen\u0119, kuri siekia Aleks\u0105 peraukl\u0117ti bet kokia kaina. Autorius:\u00a0Anthony Burgess Leid\u0117jas:\u00a0Lietuvos rytas Metai: 1999 Puslapiai:\u00a0185 ISBN:\u00a09788498197174 Formatas:\u00a012,2 x 21 cm, kieti vir\u0161eliai Kalba:\u00a0Lietuvi\u0173 Vert\u0117jas:\u00a0Saulius Dagys<\/p>\n","protected":false},"featured_media":19066,"comment_status":"open","ping_status":"closed","template":"","meta":{"_acf_changed":false,"site-sidebar-layout":"default","site-content-layout":"","ast-site-content-layout":"default","site-content-style":"default","site-sidebar-style":"default","ast-global-header-display":"","ast-banner-title-visibility":"","ast-main-header-display":"","ast-hfb-above-header-display":"","ast-hfb-below-header-display":"","ast-hfb-mobile-header-display":"","site-post-title":"","ast-breadcrumbs-content":"","ast-featured-img":"","footer-sml-layout":"","ast-disable-related-posts":"","theme-transparent-header-meta":"default","adv-header-id-meta":"","stick-header-meta":"","header-above-stick-meta":"","header-main-stick-meta":"","header-below-stick-meta":"","astra-migrate-meta-layouts":"set","ast-page-background-enabled":"default","ast-page-background-meta":{"desktop":{"background-color":"","background-image":"","background-repeat":"repeat","background-position":"center center","background-size":"auto","background-attachment":"scroll","background-type":"","background-media":"","overlay-type":"","overlay-color":"","overlay-opacity":"","overlay-gradient":""},"tablet":{"background-color":"","background-image":"","background-repeat":"repeat","background-position":"center center","background-size":"auto","background-attachment":"scroll","background-type":"","background-media":"","overlay-type":"","overlay-color":"","overlay-opacity":"","overlay-gradient":""},"mobile":{"background-color":"","background-image":"","background-repeat":"repeat","background-position":"center center","background-size":"auto","background-attachment":"scroll","background-type":"","background-media":"","overlay-type":"","overlay-color":"","overlay-opacity":"","overlay-gradient":""}},"ast-content-background-meta":{"desktop":{"background-color":"var(--ast-global-color-4)","background-image":"","background-repeat":"repeat","background-position":"center center","background-size":"auto","background-attachment":"scroll","background-type":"","background-media":"","overlay-type":"","overlay-color":"","overlay-opacity":"","overlay-gradient":""},"tablet":{"background-color":"var(--ast-global-color-4)","background-image":"","background-repeat":"repeat","background-position":"center center","background-size":"auto","background-attachment":"scroll","background-type":"","background-media":"","overlay-type":"","overlay-color":"","overlay-opacity":"","overlay-gradient":""},"mobile":{"background-color":"var(--ast-global-color-4)","background-image":"","background-repeat":"repeat","background-position":"center center","background-size":"auto","background-attachment":"scroll","background-type":"","background-media":"","overlay-type":"","overlay-color":"","overlay-opacity":"","overlay-gradient":""}}},"product_brand":[],"product_cat":[31,15],"product_tag":[],"class_list":{"0":"post-19065","1":"product","2":"type-product","3":"status-publish","4":"has-post-thumbnail","6":"product_cat-grozine-literatura","7":"product_cat-uncategorized","8":"desktop-align-left","9":"tablet-align-left","10":"mobile-align-left","12":"first","13":"instock","14":"shipping-taxable","15":"purchasable","16":"product-type-simple"},"acf":[],"yoast_head":"<!-- This site is optimized with the Yoast SEO plugin v27.4 - https:\/\/yoast.com\/product\/yoast-seo-wordpress\/ -->\n<title>Prisukamas apelsinas<\/title>\n<meta name=\"description\" content=\"\u201ePrisukamas apelsinas\u201c\u00a0\u2013 XX a. literat\u016bros legenda, kelianti nepatogius klausimus ir ver\u010dianti abejoti visuotinai priimtomis nuostatomis.\" \/>\n<meta name=\"robots\" content=\"index, follow, max-snippet:-1, max-image-preview:large, max-video-preview:-1\" \/>\n<link rel=\"canonical\" href=\"https:\/\/skaitytaknyga.lt\/en\/produktas\/prisukamas-apelsinas\/\" \/>\n<meta property=\"og:locale\" content=\"en_GB\" \/>\n<meta property=\"og:locale:alternate\" content=\"lt_LT\" \/>\n<meta property=\"og:type\" content=\"article\" \/>\n<meta property=\"og:title\" content=\"Prisukamas apelsinas\" \/>\n<meta property=\"og:description\" content=\"\u201ePrisukamas apelsinas\u201c\u00a0\u2013 XX a. literat\u016bros legenda, kelianti nepatogius klausimus ir ver\u010dianti abejoti visuotinai priimtomis nuostatomis.\" \/>\n<meta property=\"og:url\" content=\"https:\/\/skaitytaknyga.lt\/en\/produktas\/prisukamas-apelsinas\/\" \/>\n<meta property=\"og:site_name\" content=\"Skaitytaknyga\" \/>\n<meta property=\"article:publisher\" content=\"https:\/\/www.facebook.com\/skaitytaknyga\/\" \/>\n<meta property=\"article:modified_time\" content=\"2025-06-28T09:27:15+00:00\" \/>\n<meta property=\"og:image\" content=\"https:\/\/skaitytaknyga.lt\/wp-content\/uploads\/2025\/06\/Prisukamas-apelsinas.webp\" \/>\n\t<meta property=\"og:image:width\" content=\"567\" \/>\n\t<meta property=\"og:image:height\" content=\"801\" \/>\n\t<meta property=\"og:image:type\" content=\"image\/webp\" \/>\n<meta name=\"twitter:card\" content=\"summary_large_image\" \/>\n<meta name=\"twitter:label1\" content=\"Estimated reading time\" \/>\n\t<meta name=\"twitter:data1\" content=\"1 minute\" \/>\n<script type=\"application\/ld+json\" class=\"yoast-schema-graph\">{\"@context\":\"https:\\\/\\\/schema.org\",\"@graph\":[{\"@type\":\"WebPage\",\"@id\":\"https:\\\/\\\/skaitytaknyga.lt\\\/produktas\\\/prisukamas-apelsinas\\\/\",\"url\":\"https:\\\/\\\/skaitytaknyga.lt\\\/produktas\\\/prisukamas-apelsinas\\\/\",\"name\":\"Prisukamas apelsinas\",\"isPartOf\":{\"@id\":\"https:\\\/\\\/skaitytaknyga.lt\\\/#website\"},\"primaryImageOfPage\":{\"@id\":\"https:\\\/\\\/skaitytaknyga.lt\\\/produktas\\\/prisukamas-apelsinas\\\/#primaryimage\"},\"image\":{\"@id\":\"https:\\\/\\\/skaitytaknyga.lt\\\/produktas\\\/prisukamas-apelsinas\\\/#primaryimage\"},\"thumbnailUrl\":\"https:\\\/\\\/skaitytaknyga.lt\\\/wp-content\\\/uploads\\\/2025\\\/06\\\/Prisukamas-apelsinas.webp\",\"datePublished\":\"2025-06-28T09:26:14+00:00\",\"dateModified\":\"2025-06-28T09:27:15+00:00\",\"description\":\"\u201ePrisukamas apelsinas\u201c\u00a0\u2013 XX a. literat\u016bros legenda, kelianti nepatogius klausimus ir ver\u010dianti abejoti visuotinai priimtomis nuostatomis.\",\"breadcrumb\":{\"@id\":\"https:\\\/\\\/skaitytaknyga.lt\\\/produktas\\\/prisukamas-apelsinas\\\/#breadcrumb\"},\"inLanguage\":\"en-GB\",\"potentialAction\":[{\"@type\":\"ReadAction\",\"target\":[\"https:\\\/\\\/skaitytaknyga.lt\\\/produktas\\\/prisukamas-apelsinas\\\/\"]}]},{\"@type\":\"ImageObject\",\"inLanguage\":\"en-GB\",\"@id\":\"https:\\\/\\\/skaitytaknyga.lt\\\/produktas\\\/prisukamas-apelsinas\\\/#primaryimage\",\"url\":\"https:\\\/\\\/skaitytaknyga.lt\\\/wp-content\\\/uploads\\\/2025\\\/06\\\/Prisukamas-apelsinas.webp\",\"contentUrl\":\"https:\\\/\\\/skaitytaknyga.lt\\\/wp-content\\\/uploads\\\/2025\\\/06\\\/Prisukamas-apelsinas.webp\",\"width\":567,\"height\":801,\"caption\":\"Prisukamas apelsinas\"},{\"@type\":\"BreadcrumbList\",\"@id\":\"https:\\\/\\\/skaitytaknyga.lt\\\/produktas\\\/prisukamas-apelsinas\\\/#breadcrumb\",\"itemListElement\":[{\"@type\":\"ListItem\",\"position\":1,\"name\":\"Home\",\"item\":\"https:\\\/\\\/skaitytaknyga.lt\\\/\"},{\"@type\":\"ListItem\",\"position\":2,\"name\":\"Parduotuv\u0117\",\"item\":\"https:\\\/\\\/skaitytaknyga.lt\\\/knygu-parduotuve\\\/\"},{\"@type\":\"ListItem\",\"position\":3,\"name\":\"Prisukamas apelsinas\"}]},{\"@type\":\"WebSite\",\"@id\":\"https:\\\/\\\/skaitytaknyga.lt\\\/#website\",\"url\":\"https:\\\/\\\/skaitytaknyga.lt\\\/\",\"name\":\"skaitytaknyga.lt\",\"description\":\"Skaitytaknyga.lt \u2013 tai ma\u017eas \u0161eimos verslas, kuris prasid\u0117jo nuo meil\u0117s knygoms ir siekio i\u0161gelb\u0117ti knygas nuo likimo prie konteinerio. Kas vienam nereikalingas daiktas \u2013 kitam lobis, o mes esame tarpininkai, kurie padeda abiems tapti laimingesniems ???? \u017dinome kaip nelengva i\u0161gyventi ma\u017eiems verslams, tad nuo \u0161iol, \u010dia rasite ir kit\u0173, ma\u017e\u0173 \u0161eim\u0173 versl\u0173, rank\u0173 darbo, dovan\u0173 sau ir artimiesiems.\",\"publisher\":{\"@id\":\"https:\\\/\\\/skaitytaknyga.lt\\\/#organization\"},\"potentialAction\":[{\"@type\":\"SearchAction\",\"target\":{\"@type\":\"EntryPoint\",\"urlTemplate\":\"https:\\\/\\\/skaitytaknyga.lt\\\/?s={search_term_string}\"},\"query-input\":{\"@type\":\"PropertyValueSpecification\",\"valueRequired\":true,\"valueName\":\"search_term_string\"}}],\"inLanguage\":\"en-GB\"},{\"@type\":\"Organization\",\"@id\":\"https:\\\/\\\/skaitytaknyga.lt\\\/#organization\",\"name\":\"skaitytaknyga.lt\",\"url\":\"https:\\\/\\\/skaitytaknyga.lt\\\/\",\"logo\":{\"@type\":\"ImageObject\",\"inLanguage\":\"en-GB\",\"@id\":\"https:\\\/\\\/skaitytaknyga.lt\\\/#\\\/schema\\\/logo\\\/image\\\/\",\"url\":\"https:\\\/\\\/skaitytaknyga.lt\\\/wp-content\\\/uploads\\\/2024\\\/05\\\/cropped-cropped-cropped-02_00843_jt3bggkj1j3HLc7SyY6rEUpg.jpeg\",\"contentUrl\":\"https:\\\/\\\/skaitytaknyga.lt\\\/wp-content\\\/uploads\\\/2024\\\/05\\\/cropped-cropped-cropped-02_00843_jt3bggkj1j3HLc7SyY6rEUpg.jpeg\",\"width\":1600,\"height\":1600,\"caption\":\"skaitytaknyga.lt\"},\"image\":{\"@id\":\"https:\\\/\\\/skaitytaknyga.lt\\\/#\\\/schema\\\/logo\\\/image\\\/\"},\"sameAs\":[\"https:\\\/\\\/www.facebook.com\\\/skaitytaknyga\\\/\"]}]}<\/script>\n<!-- \/ Yoast SEO plugin. -->","yoast_head_json":{"title":"Prisukamas apelsinas","description":"\u201ePrisukamas apelsinas\u201c\u00a0\u2013 XX a. literat\u016bros legenda, kelianti nepatogius klausimus ir ver\u010dianti abejoti visuotinai priimtomis nuostatomis.","robots":{"index":"index","follow":"follow","max-snippet":"max-snippet:-1","max-image-preview":"max-image-preview:large","max-video-preview":"max-video-preview:-1"},"canonical":"https:\/\/skaitytaknyga.lt\/en\/produktas\/prisukamas-apelsinas\/","og_locale":"en_GB","og_type":"article","og_title":"[:lt]Prisukamas apelsinas[:] - Skaitytaknyga","og_description":"\u201ePrisukamas apelsinas\u201c\u00a0\u2013 XX a. literat\u016bros legenda, kelianti nepatogius klausimus ir ver\u010dianti abejoti visuotinai priimtomis nuostatomis.","og_url":"https:\/\/skaitytaknyga.lt\/en\/produktas\/prisukamas-apelsinas\/","og_site_name":"Skaitytaknyga","article_publisher":"https:\/\/www.facebook.com\/skaitytaknyga\/","article_modified_time":"2025-06-28T09:27:15+00:00","og_image":[{"width":567,"height":801,"url":"https:\/\/skaitytaknyga.lt\/wp-content\/uploads\/2025\/06\/Prisukamas-apelsinas.webp","type":"image\/webp"}],"twitter_card":"summary_large_image","twitter_misc":{"Estimated reading time":"1 minute"},"schema":{"@context":"https:\/\/schema.org","@graph":[{"@type":"WebPage","@id":"https:\/\/skaitytaknyga.lt\/produktas\/prisukamas-apelsinas\/","url":"https:\/\/skaitytaknyga.lt\/produktas\/prisukamas-apelsinas\/","name":"Prisukamas apelsinas","isPartOf":{"@id":"https:\/\/skaitytaknyga.lt\/#website"},"primaryImageOfPage":{"@id":"https:\/\/skaitytaknyga.lt\/produktas\/prisukamas-apelsinas\/#primaryimage"},"image":{"@id":"https:\/\/skaitytaknyga.lt\/produktas\/prisukamas-apelsinas\/#primaryimage"},"thumbnailUrl":"https:\/\/skaitytaknyga.lt\/wp-content\/uploads\/2025\/06\/Prisukamas-apelsinas.webp","datePublished":"2025-06-28T09:26:14+00:00","dateModified":"2025-06-28T09:27:15+00:00","description":"\u201ePrisukamas apelsinas\u201c\u00a0\u2013 XX a. literat\u016bros legenda, kelianti nepatogius klausimus ir ver\u010dianti abejoti visuotinai priimtomis nuostatomis.","breadcrumb":{"@id":"https:\/\/skaitytaknyga.lt\/produktas\/prisukamas-apelsinas\/#breadcrumb"},"inLanguage":"en-GB","potentialAction":[{"@type":"ReadAction","target":["https:\/\/skaitytaknyga.lt\/produktas\/prisukamas-apelsinas\/"]}]},{"@type":"ImageObject","inLanguage":"en-GB","@id":"https:\/\/skaitytaknyga.lt\/produktas\/prisukamas-apelsinas\/#primaryimage","url":"https:\/\/skaitytaknyga.lt\/wp-content\/uploads\/2025\/06\/Prisukamas-apelsinas.webp","contentUrl":"https:\/\/skaitytaknyga.lt\/wp-content\/uploads\/2025\/06\/Prisukamas-apelsinas.webp","width":567,"height":801,"caption":"Prisukamas apelsinas"},{"@type":"BreadcrumbList","@id":"https:\/\/skaitytaknyga.lt\/produktas\/prisukamas-apelsinas\/#breadcrumb","itemListElement":[{"@type":"ListItem","position":1,"name":"Home","item":"https:\/\/skaitytaknyga.lt\/"},{"@type":"ListItem","position":2,"name":"Parduotuv\u0117","item":"https:\/\/skaitytaknyga.lt\/knygu-parduotuve\/"},{"@type":"ListItem","position":3,"name":"Prisukamas apelsinas"}]},{"@type":"WebSite","@id":"https:\/\/skaitytaknyga.lt\/#website","url":"https:\/\/skaitytaknyga.lt\/","name":"skaitytaknyga.lt","description":"Skaitytaknyga.lt \u2013 tai ma\u017eas \u0161eimos verslas, kuris prasid\u0117jo nuo meil\u0117s knygoms ir siekio i\u0161gelb\u0117ti knygas nuo likimo prie konteinerio. Kas vienam nereikalingas daiktas \u2013 kitam lobis, o mes esame tarpininkai, kurie padeda abiems tapti laimingesniems ???? \u017dinome kaip nelengva i\u0161gyventi ma\u017eiems verslams, tad nuo \u0161iol, \u010dia rasite ir kit\u0173, ma\u017e\u0173 \u0161eim\u0173 versl\u0173, rank\u0173 darbo, dovan\u0173 sau ir artimiesiems.","publisher":{"@id":"https:\/\/skaitytaknyga.lt\/#organization"},"potentialAction":[{"@type":"SearchAction","target":{"@type":"EntryPoint","urlTemplate":"https:\/\/skaitytaknyga.lt\/?s={search_term_string}"},"query-input":{"@type":"PropertyValueSpecification","valueRequired":true,"valueName":"search_term_string"}}],"inLanguage":"en-GB"},{"@type":"Organization","@id":"https:\/\/skaitytaknyga.lt\/#organization","name":"skaitytaknyga.lt","url":"https:\/\/skaitytaknyga.lt\/","logo":{"@type":"ImageObject","inLanguage":"en-GB","@id":"https:\/\/skaitytaknyga.lt\/#\/schema\/logo\/image\/","url":"https:\/\/skaitytaknyga.lt\/wp-content\/uploads\/2024\/05\/cropped-cropped-cropped-02_00843_jt3bggkj1j3HLc7SyY6rEUpg.jpeg","contentUrl":"https:\/\/skaitytaknyga.lt\/wp-content\/uploads\/2024\/05\/cropped-cropped-cropped-02_00843_jt3bggkj1j3HLc7SyY6rEUpg.jpeg","width":1600,"height":1600,"caption":"skaitytaknyga.lt"},"image":{"@id":"https:\/\/skaitytaknyga.lt\/#\/schema\/logo\/image\/"},"sameAs":["https:\/\/www.facebook.com\/skaitytaknyga\/"]}]}},"_links":{"self":[{"href":"https:\/\/skaitytaknyga.lt\/en\/wp-json\/wp\/v2\/product\/19065","targetHints":{"allow":["GET"]}}],"collection":[{"href":"https:\/\/skaitytaknyga.lt\/en\/wp-json\/wp\/v2\/product"}],"about":[{"href":"https:\/\/skaitytaknyga.lt\/en\/wp-json\/wp\/v2\/types\/product"}],"replies":[{"embeddable":true,"href":"https:\/\/skaitytaknyga.lt\/en\/wp-json\/wp\/v2\/comments?post=19065"}],"wp:featuredmedia":[{"embeddable":true,"href":"https:\/\/skaitytaknyga.lt\/en\/wp-json\/wp\/v2\/media\/19066"}],"wp:attachment":[{"href":"https:\/\/skaitytaknyga.lt\/en\/wp-json\/wp\/v2\/media?parent=19065"}],"wp:term":[{"taxonomy":"product_brand","embeddable":true,"href":"https:\/\/skaitytaknyga.lt\/en\/wp-json\/wp\/v2\/product_brand?post=19065"},{"taxonomy":"product_cat","embeddable":true,"href":"https:\/\/skaitytaknyga.lt\/en\/wp-json\/wp\/v2\/product_cat?post=19065"},{"taxonomy":"product_tag","embeddable":true,"href":"https:\/\/skaitytaknyga.lt\/en\/wp-json\/wp\/v2\/product_tag?post=19065"}],"curies":[{"name":"wp","href":"https:\/\/api.w.org\/{rel}","templated":true}]}}