{"id":19060,"date":"2025-06-26T15:15:45","date_gmt":"2025-06-26T12:15:45","guid":{"rendered":"https:\/\/skaitytaknyga.lt\/?post_type=product&#038;p=19060"},"modified":"2025-06-26T15:18:38","modified_gmt":"2025-06-26T12:18:38","slug":"mijo-mano-mijo","status":"publish","type":"product","link":"https:\/\/skaitytaknyga.lt\/en\/produktas\/mijo-mano-mijo\/","title":{"rendered":"Mijo, mano Mijo"},"content":{"rendered":"<p>Pasaulin\u0117s vaik\u0173 literat\u016bros \u0161edevras Astrid Lindgren k\u016brinys \u201eMijo, mano Mijo\u201c pasakoja apie devynmet\u012f berniuk\u0105 Bu Vilhelm\u0105 Ulson\u0105, kuris gyvena \u0161i\u0173 dien\u0173 Stokholme, ta\u010diau netik\u0117tai dingsta i\u0161 savo nam\u0173 ir patenka \u012f stebukling\u0105 Toli\u0173 \u0160al\u012f, kur berniuko jau laukia jo t\u0117tis karalius. T\u0117tis karalius gr\u0105\u017eina berniukui tikr\u0105j\u012f vard\u0105 \u2013 Mijo. Kad \u012f Toli\u0173 \u0160al\u012f gr\u012f\u017et\u0173 laimingi laikai, princas Mijo turi nukauti nuo\u017em\u0173j\u012f Anapus \u0160alies riter\u012f Kato. Mijo leid\u017eiasi \u012f kelion\u0119&#8230;<\/p>\n<p>Ka\u017ein, ar pernai spalio penkiolikt\u0105 kas nors klaus\u0117si radijo? Ar gird\u0117jo prane\u0161im\u0105, jog dingo berniukas? \u0160tai kas buvo pasakyta:<\/p>\n<p>\u201eStokholmo policija ie\u0161ko devynme\u010dio Bu Vilhelmo Ulsono, kuris vakar apie a\u0161tuoniolikt\u0105 valand\u0105 dingo i\u0161 savo nam\u0173 Uplando gatv\u0117je 13. Bu Vilhelmas Ulsonas \u0161viesiaplaukis, m\u0117lyn\u0173 aki\u0173, tuo metu d\u0117v\u0117jo trumpas rudas kelnes, pilk\u0105 megztin\u012f ir raudon\u0105 kepur\u0117l\u0119. K\u0105 nors \u017einan\u010dius apie prading\u0117l\u012f malon\u0117kite prane\u0161ti policijos paie\u0161k\u0173 skyriui\u201c.<\/p>\n<p>\u0160tai kaip jie pasak\u0117. Bet k\u0105 nors \u017einan\u010di\u0173 apie Bu Vilhelm\u0105 Ulson\u0105 neatsirado. Jis buvo ding\u0119s. Ir niekas niekada nesu\u017einojo, kur jis i\u0161keliavo. Ir niekas ne\u017eino. Daugiau u\u017e mane. Nes a\u0161 ir esu Bu Vilhelmas Ulsonas.<\/p>\n<p>Kaip b\u016bt\u0173 gera, kad gal\u0117\u010diau visk\u0105 papasakoti nors Benkai. A\u0161 su juo \u017eaisdavau. Jis taip pat gyvena Uplando gatv\u0117je. Tikras jo vardas Bengtas, bet visi vadina Benka. \u017dinoma, ir \u012f mane niekas nesikreipia Bu Vilhelmai Ulsonai. Sako tiesiog Bose.<\/p>\n<p>Tikriau, sakydavo, t\u0105 tur\u0117jau galvoje. Dabar, kai esu ding\u0119s, juk nebegali nieko sakyti. Tik teta Edla ir d\u0117d\u0117 Sikstenas vadindavo mane Bu Vilhelmu. Beje, d\u0117d\u0117 Sikstenas niekaip nevadindavo. Juk jis niekada nekalbindavo man\u0119s.<\/p>\n<p>A\u0161 buvau tetos Edlos ir d\u0117d\u0117s Siksteno augintinis.<\/p>\n","protected":false},"excerpt":{"rendered":"<p>Pasaulin\u0117s vaik\u0173 literat\u016bros \u0161edevras Astrid Lindgren k\u016brinys \u201eMijo, mano Mijo\u201c pasakoja apie devynmet\u012f berniuk\u0105 Bu Vilhelm\u0105 Ulson\u0105, kuris gyvena \u0161i\u0173 dien\u0173 Stokholme, ta\u010diau netik\u0117tai dingsta i\u0161 savo nam\u0173 ir patenka \u012f stebukling\u0105 Toli\u0173 \u0160al\u012f, kur berniuko jau laukia jo t\u0117tis karalius. T\u0117tis karalius gr\u0105\u017eina berniukui tikr\u0105j\u012f vard\u0105 \u2013 Mijo. Kad \u012f Toli\u0173 \u0160al\u012f gr\u012f\u017et\u0173 laimingi laikai, princas Mijo turi nukauti nuo\u017em\u0173j\u012f Anapus \u0160alies riter\u012f Kato. Mijo leid\u017eiasi \u012f kelion\u0119&#8230; Ka\u017ein, ar pernai spalio penkiolikt\u0105 kas nors klaus\u0117si radijo? Ar gird\u0117jo prane\u0161im\u0105, jog dingo berniukas? \u0160tai kas buvo pasakyta: \u201eStokholmo policija ie\u0161ko devynme\u010dio Bu Vilhelmo Ulsono, kuris vakar apie a\u0161tuoniolikt\u0105 valand\u0105 dingo i\u0161 savo nam\u0173 Uplando gatv\u0117je 13. Bu Vilhelmas Ulsonas \u0161viesiaplaukis, m\u0117lyn\u0173 aki\u0173, tuo metu d\u0117v\u0117jo trumpas rudas kelnes, pilk\u0105 megztin\u012f ir raudon\u0105 kepur\u0117l\u0119. K\u0105 nors \u017einan\u010dius apie prading\u0117l\u012f malon\u0117kite prane\u0161ti policijos paie\u0161k\u0173 skyriui\u201c. \u0160tai kaip jie pasak\u0117. Bet k\u0105 nors \u017einan\u010di\u0173 apie Bu Vilhelm\u0105 Ulson\u0105 neatsirado. Jis buvo ding\u0119s. Ir niekas niekada nesu\u017einojo, kur jis i\u0161keliavo. Ir niekas ne\u017eino. Daugiau u\u017e mane. Nes a\u0161 ir esu Bu Vilhelmas Ulsonas. Kaip b\u016bt\u0173 gera, kad gal\u0117\u010diau visk\u0105 papasakoti nors Benkai. A\u0161 su juo \u017eaisdavau. Jis taip pat gyvena Uplando gatv\u0117je. Tikras jo vardas Bengtas, bet visi vadina Benka. \u017dinoma, ir \u012f mane niekas nesikreipia Bu Vilhelmai Ulsonai. Sako tiesiog Bose. Tikriau, sakydavo, t\u0105 tur\u0117jau galvoje. Dabar, kai esu ding\u0119s, juk nebegali nieko sakyti. Tik teta Edla ir d\u0117d\u0117 Sikstenas vadindavo mane Bu Vilhelmu. Beje, d\u0117d\u0117 Sikstenas niekaip nevadindavo. Juk jis niekada nekalbindavo man\u0119s. A\u0161 buvau tetos Edlos ir d\u0117d\u0117s Siksteno augintinis.<\/p>\n","protected":false},"featured_media":19062,"comment_status":"open","ping_status":"closed","template":"","meta":{"_acf_changed":false,"site-sidebar-layout":"default","site-content-layout":"","ast-site-content-layout":"default","site-content-style":"default","site-sidebar-style":"default","ast-global-header-display":"","ast-banner-title-visibility":"","ast-main-header-display":"","ast-hfb-above-header-display":"","ast-hfb-below-header-display":"","ast-hfb-mobile-header-display":"","site-post-title":"","ast-breadcrumbs-content":"","ast-featured-img":"","footer-sml-layout":"","ast-disable-related-posts":"","theme-transparent-header-meta":"","adv-header-id-meta":"","stick-header-meta":"","header-above-stick-meta":"","header-main-stick-meta":"","header-below-stick-meta":"","astra-migrate-meta-layouts":"default","ast-page-background-enabled":"default","ast-page-background-meta":{"desktop":{"background-color":"","background-image":"","background-repeat":"repeat","background-position":"center center","background-size":"auto","background-attachment":"scroll","background-type":"","background-media":"","overlay-type":"","overlay-color":"","overlay-opacity":"","overlay-gradient":""},"tablet":{"background-color":"","background-image":"","background-repeat":"repeat","background-position":"center center","background-size":"auto","background-attachment":"scroll","background-type":"","background-media":"","overlay-type":"","overlay-color":"","overlay-opacity":"","overlay-gradient":""},"mobile":{"background-color":"","background-image":"","background-repeat":"repeat","background-position":"center center","background-size":"auto","background-attachment":"scroll","background-type":"","background-media":"","overlay-type":"","overlay-color":"","overlay-opacity":"","overlay-gradient":""}},"ast-content-background-meta":{"desktop":{"background-color":"var(--ast-global-color-4)","background-image":"","background-repeat":"repeat","background-position":"center center","background-size":"auto","background-attachment":"scroll","background-type":"","background-media":"","overlay-type":"","overlay-color":"","overlay-opacity":"","overlay-gradient":""},"tablet":{"background-color":"var(--ast-global-color-4)","background-image":"","background-repeat":"repeat","background-position":"center center","background-size":"auto","background-attachment":"scroll","background-type":"","background-media":"","overlay-type":"","overlay-color":"","overlay-opacity":"","overlay-gradient":""},"mobile":{"background-color":"var(--ast-global-color-4)","background-image":"","background-repeat":"repeat","background-position":"center center","background-size":"auto","background-attachment":"scroll","background-type":"","background-media":"","overlay-type":"","overlay-color":"","overlay-opacity":"","overlay-gradient":""}}},"product_brand":[],"product_cat":[15],"product_tag":[5754,1504,5755,1451,1645],"class_list":{"0":"post-19060","1":"product","2":"type-product","3":"status-publish","4":"has-post-thumbnail","6":"product_cat-uncategorized","7":"product_tag-astrid-lindgren","8":"product_tag-fantastika","9":"product_tag-garnelis","10":"product_tag-nuotykiai","11":"product_tag-vaiku-literatura","12":"desktop-align-left","13":"tablet-align-left","14":"mobile-align-left","16":"first","17":"instock","18":"shipping-taxable","19":"purchasable","20":"product-type-simple"},"acf":[],"yoast_head":"<!-- This site is optimized with the Yoast SEO plugin v27.0 - https:\/\/yoast.com\/product\/yoast-seo-wordpress\/ -->\n<title>Mijo, mano Mijo<\/title>\n<meta name=\"description\" content=\"Pasaulin\u0117s vaik\u0173 literat\u016bros \u0161edevras Astrid Lindgren k\u016brinys \u201eMijo, mano Mijo\u201c pasakoja apie devynmet\u012f berniuk\u0105 Bu Vilhelm\u0105 Ulson\u0105, kuris gyvena \u0161i\u0173\" \/>\n<meta name=\"robots\" content=\"index, follow, max-snippet:-1, max-image-preview:large, max-video-preview:-1\" \/>\n<link rel=\"canonical\" href=\"https:\/\/skaitytaknyga.lt\/en\/produktas\/mijo-mano-mijo\/\" \/>\n<meta property=\"og:locale\" content=\"en_GB\" \/>\n<meta property=\"og:locale:alternate\" content=\"lt_LT\" \/>\n<meta property=\"og:type\" content=\"article\" \/>\n<meta property=\"og:title\" content=\"Mijo, mano Mijo\" \/>\n<meta property=\"og:description\" content=\"Pasaulin\u0117s vaik\u0173 literat\u016bros \u0161edevras Astrid Lindgren k\u016brinys \u201eMijo, mano Mijo\u201c pasakoja apie devynmet\u012f berniuk\u0105 Bu Vilhelm\u0105 Ulson\u0105, kuris gyvena \u0161i\u0173\" \/>\n<meta property=\"og:url\" content=\"https:\/\/skaitytaknyga.lt\/en\/produktas\/mijo-mano-mijo\/\" \/>\n<meta property=\"og:site_name\" content=\"Skaitytaknyga\" \/>\n<meta property=\"article:publisher\" content=\"https:\/\/www.facebook.com\/skaitytaknyga\/\" \/>\n<meta property=\"article:modified_time\" content=\"2025-06-26T12:18:38+00:00\" \/>\n<meta property=\"og:image\" content=\"https:\/\/skaitytaknyga.lt\/wp-content\/uploads\/2025\/06\/Mijo-mano-Mijo.webp\" \/>\n\t<meta property=\"og:image:width\" content=\"575\" \/>\n\t<meta property=\"og:image:height\" content=\"801\" \/>\n\t<meta property=\"og:image:type\" content=\"image\/webp\" \/>\n<meta name=\"twitter:card\" content=\"summary_large_image\" \/>\n<meta name=\"twitter:label1\" content=\"Estimated reading time\" \/>\n\t<meta name=\"twitter:data1\" content=\"1 minute\" \/>\n<script type=\"application\/ld+json\" class=\"yoast-schema-graph\">{\"@context\":\"https:\/\/schema.org\",\"@graph\":[{\"@type\":\"WebPage\",\"@id\":\"https:\/\/skaitytaknyga.lt\/produktas\/mijo-mano-mijo\/\",\"url\":\"https:\/\/skaitytaknyga.lt\/produktas\/mijo-mano-mijo\/\",\"name\":\"Mijo, mano Mijo\",\"isPartOf\":{\"@id\":\"https:\/\/skaitytaknyga.lt\/#website\"},\"primaryImageOfPage\":{\"@id\":\"https:\/\/skaitytaknyga.lt\/produktas\/mijo-mano-mijo\/#primaryimage\"},\"image\":{\"@id\":\"https:\/\/skaitytaknyga.lt\/produktas\/mijo-mano-mijo\/#primaryimage\"},\"thumbnailUrl\":\"https:\/\/skaitytaknyga.lt\/wp-content\/uploads\/2025\/06\/Mijo-mano-Mijo.webp\",\"datePublished\":\"2025-06-26T12:15:45+00:00\",\"dateModified\":\"2025-06-26T12:18:38+00:00\",\"description\":\"Pasaulin\u0117s vaik\u0173 literat\u016bros \u0161edevras Astrid Lindgren k\u016brinys \u201eMijo, mano Mijo\u201c pasakoja apie devynmet\u012f berniuk\u0105 Bu Vilhelm\u0105 Ulson\u0105, kuris gyvena \u0161i\u0173\",\"breadcrumb\":{\"@id\":\"https:\/\/skaitytaknyga.lt\/produktas\/mijo-mano-mijo\/#breadcrumb\"},\"inLanguage\":\"en-GB\",\"potentialAction\":[{\"@type\":\"ReadAction\",\"target\":[\"https:\/\/skaitytaknyga.lt\/produktas\/mijo-mano-mijo\/\"]}]},{\"@type\":\"ImageObject\",\"inLanguage\":\"en-GB\",\"@id\":\"https:\/\/skaitytaknyga.lt\/produktas\/mijo-mano-mijo\/#primaryimage\",\"url\":\"https:\/\/skaitytaknyga.lt\/wp-content\/uploads\/2025\/06\/Mijo-mano-Mijo.webp\",\"contentUrl\":\"https:\/\/skaitytaknyga.lt\/wp-content\/uploads\/2025\/06\/Mijo-mano-Mijo.webp\",\"width\":575,\"height\":801,\"caption\":\"Mijo, mano Mijo\"},{\"@type\":\"BreadcrumbList\",\"@id\":\"https:\/\/skaitytaknyga.lt\/produktas\/mijo-mano-mijo\/#breadcrumb\",\"itemListElement\":[{\"@type\":\"ListItem\",\"position\":1,\"name\":\"Home\",\"item\":\"https:\/\/skaitytaknyga.lt\/\"},{\"@type\":\"ListItem\",\"position\":2,\"name\":\"Parduotuv\u0117\",\"item\":\"https:\/\/skaitytaknyga.lt\/knygu-parduotuve\/\"},{\"@type\":\"ListItem\",\"position\":3,\"name\":\"Mijo, mano Mijo\"}]},{\"@type\":\"WebSite\",\"@id\":\"https:\/\/skaitytaknyga.lt\/#website\",\"url\":\"https:\/\/skaitytaknyga.lt\/\",\"name\":\"skaitytaknyga.lt\",\"description\":\"Skaitytaknyga.lt \u2013 tai ma\u017eas \u0161eimos verslas, kuris prasid\u0117jo nuo meil\u0117s knygoms ir siekio i\u0161gelb\u0117ti knygas nuo likimo prie konteinerio. Kas vienam nereikalingas daiktas \u2013 kitam lobis, o mes esame tarpininkai, kurie padeda abiems tapti laimingesniems ???? \u017dinome kaip nelengva i\u0161gyventi ma\u017eiems verslams, tad nuo \u0161iol, \u010dia rasite ir kit\u0173, ma\u017e\u0173 \u0161eim\u0173 versl\u0173, rank\u0173 darbo, dovan\u0173 sau ir artimiesiems.\",\"publisher\":{\"@id\":\"https:\/\/skaitytaknyga.lt\/#organization\"},\"potentialAction\":[{\"@type\":\"SearchAction\",\"target\":{\"@type\":\"EntryPoint\",\"urlTemplate\":\"https:\/\/skaitytaknyga.lt\/?s={search_term_string}\"},\"query-input\":{\"@type\":\"PropertyValueSpecification\",\"valueRequired\":true,\"valueName\":\"search_term_string\"}}],\"inLanguage\":\"en-GB\"},{\"@type\":\"Organization\",\"@id\":\"https:\/\/skaitytaknyga.lt\/#organization\",\"name\":\"skaitytaknyga.lt\",\"url\":\"https:\/\/skaitytaknyga.lt\/\",\"logo\":{\"@type\":\"ImageObject\",\"inLanguage\":\"en-GB\",\"@id\":\"https:\/\/skaitytaknyga.lt\/#\/schema\/logo\/image\/\",\"url\":\"https:\/\/skaitytaknyga.lt\/wp-content\/uploads\/2024\/05\/cropped-cropped-cropped-02_00843_jt3bggkj1j3HLc7SyY6rEUpg.jpeg\",\"contentUrl\":\"https:\/\/skaitytaknyga.lt\/wp-content\/uploads\/2024\/05\/cropped-cropped-cropped-02_00843_jt3bggkj1j3HLc7SyY6rEUpg.jpeg\",\"width\":1600,\"height\":1600,\"caption\":\"skaitytaknyga.lt\"},\"image\":{\"@id\":\"https:\/\/skaitytaknyga.lt\/#\/schema\/logo\/image\/\"},\"sameAs\":[\"https:\/\/www.facebook.com\/skaitytaknyga\/\"]}]}<\/script>\n<!-- \/ Yoast SEO plugin. -->","yoast_head_json":{"title":"Mijo, mano Mijo","description":"Pasaulin\u0117s vaik\u0173 literat\u016bros \u0161edevras Astrid Lindgren k\u016brinys \u201eMijo, mano Mijo\u201c pasakoja apie devynmet\u012f berniuk\u0105 Bu Vilhelm\u0105 Ulson\u0105, kuris gyvena \u0161i\u0173","robots":{"index":"index","follow":"follow","max-snippet":"max-snippet:-1","max-image-preview":"max-image-preview:large","max-video-preview":"max-video-preview:-1"},"canonical":"https:\/\/skaitytaknyga.lt\/en\/produktas\/mijo-mano-mijo\/","og_locale":"en_GB","og_type":"article","og_title":"[:lt]Mijo, mano Mijo[:] - Skaitytaknyga","og_description":"Pasaulin\u0117s vaik\u0173 literat\u016bros \u0161edevras Astrid Lindgren k\u016brinys \u201eMijo, mano Mijo\u201c pasakoja apie devynmet\u012f berniuk\u0105 Bu Vilhelm\u0105 Ulson\u0105, kuris gyvena \u0161i\u0173","og_url":"https:\/\/skaitytaknyga.lt\/en\/produktas\/mijo-mano-mijo\/","og_site_name":"Skaitytaknyga","article_publisher":"https:\/\/www.facebook.com\/skaitytaknyga\/","article_modified_time":"2025-06-26T12:18:38+00:00","og_image":[{"width":575,"height":801,"url":"https:\/\/skaitytaknyga.lt\/wp-content\/uploads\/2025\/06\/Mijo-mano-Mijo.webp","type":"image\/webp"}],"twitter_card":"summary_large_image","twitter_misc":{"Estimated reading time":"1 minute"},"schema":{"@context":"https:\/\/schema.org","@graph":[{"@type":"WebPage","@id":"https:\/\/skaitytaknyga.lt\/produktas\/mijo-mano-mijo\/","url":"https:\/\/skaitytaknyga.lt\/produktas\/mijo-mano-mijo\/","name":"Mijo, mano Mijo","isPartOf":{"@id":"https:\/\/skaitytaknyga.lt\/#website"},"primaryImageOfPage":{"@id":"https:\/\/skaitytaknyga.lt\/produktas\/mijo-mano-mijo\/#primaryimage"},"image":{"@id":"https:\/\/skaitytaknyga.lt\/produktas\/mijo-mano-mijo\/#primaryimage"},"thumbnailUrl":"https:\/\/skaitytaknyga.lt\/wp-content\/uploads\/2025\/06\/Mijo-mano-Mijo.webp","datePublished":"2025-06-26T12:15:45+00:00","dateModified":"2025-06-26T12:18:38+00:00","description":"Pasaulin\u0117s vaik\u0173 literat\u016bros \u0161edevras Astrid Lindgren k\u016brinys \u201eMijo, mano Mijo\u201c pasakoja apie devynmet\u012f berniuk\u0105 Bu Vilhelm\u0105 Ulson\u0105, kuris gyvena \u0161i\u0173","breadcrumb":{"@id":"https:\/\/skaitytaknyga.lt\/produktas\/mijo-mano-mijo\/#breadcrumb"},"inLanguage":"en-GB","potentialAction":[{"@type":"ReadAction","target":["https:\/\/skaitytaknyga.lt\/produktas\/mijo-mano-mijo\/"]}]},{"@type":"ImageObject","inLanguage":"en-GB","@id":"https:\/\/skaitytaknyga.lt\/produktas\/mijo-mano-mijo\/#primaryimage","url":"https:\/\/skaitytaknyga.lt\/wp-content\/uploads\/2025\/06\/Mijo-mano-Mijo.webp","contentUrl":"https:\/\/skaitytaknyga.lt\/wp-content\/uploads\/2025\/06\/Mijo-mano-Mijo.webp","width":575,"height":801,"caption":"Mijo, mano Mijo"},{"@type":"BreadcrumbList","@id":"https:\/\/skaitytaknyga.lt\/produktas\/mijo-mano-mijo\/#breadcrumb","itemListElement":[{"@type":"ListItem","position":1,"name":"Home","item":"https:\/\/skaitytaknyga.lt\/"},{"@type":"ListItem","position":2,"name":"Parduotuv\u0117","item":"https:\/\/skaitytaknyga.lt\/knygu-parduotuve\/"},{"@type":"ListItem","position":3,"name":"Mijo, mano Mijo"}]},{"@type":"WebSite","@id":"https:\/\/skaitytaknyga.lt\/#website","url":"https:\/\/skaitytaknyga.lt\/","name":"skaitytaknyga.lt","description":"Skaitytaknyga.lt \u2013 tai ma\u017eas \u0161eimos verslas, kuris prasid\u0117jo nuo meil\u0117s knygoms ir siekio i\u0161gelb\u0117ti knygas nuo likimo prie konteinerio. Kas vienam nereikalingas daiktas \u2013 kitam lobis, o mes esame tarpininkai, kurie padeda abiems tapti laimingesniems ???? \u017dinome kaip nelengva i\u0161gyventi ma\u017eiems verslams, tad nuo \u0161iol, \u010dia rasite ir kit\u0173, ma\u017e\u0173 \u0161eim\u0173 versl\u0173, rank\u0173 darbo, dovan\u0173 sau ir artimiesiems.","publisher":{"@id":"https:\/\/skaitytaknyga.lt\/#organization"},"potentialAction":[{"@type":"SearchAction","target":{"@type":"EntryPoint","urlTemplate":"https:\/\/skaitytaknyga.lt\/?s={search_term_string}"},"query-input":{"@type":"PropertyValueSpecification","valueRequired":true,"valueName":"search_term_string"}}],"inLanguage":"en-GB"},{"@type":"Organization","@id":"https:\/\/skaitytaknyga.lt\/#organization","name":"skaitytaknyga.lt","url":"https:\/\/skaitytaknyga.lt\/","logo":{"@type":"ImageObject","inLanguage":"en-GB","@id":"https:\/\/skaitytaknyga.lt\/#\/schema\/logo\/image\/","url":"https:\/\/skaitytaknyga.lt\/wp-content\/uploads\/2024\/05\/cropped-cropped-cropped-02_00843_jt3bggkj1j3HLc7SyY6rEUpg.jpeg","contentUrl":"https:\/\/skaitytaknyga.lt\/wp-content\/uploads\/2024\/05\/cropped-cropped-cropped-02_00843_jt3bggkj1j3HLc7SyY6rEUpg.jpeg","width":1600,"height":1600,"caption":"skaitytaknyga.lt"},"image":{"@id":"https:\/\/skaitytaknyga.lt\/#\/schema\/logo\/image\/"},"sameAs":["https:\/\/www.facebook.com\/skaitytaknyga\/"]}]}},"_links":{"self":[{"href":"https:\/\/skaitytaknyga.lt\/en\/wp-json\/wp\/v2\/product\/19060","targetHints":{"allow":["GET"]}}],"collection":[{"href":"https:\/\/skaitytaknyga.lt\/en\/wp-json\/wp\/v2\/product"}],"about":[{"href":"https:\/\/skaitytaknyga.lt\/en\/wp-json\/wp\/v2\/types\/product"}],"replies":[{"embeddable":true,"href":"https:\/\/skaitytaknyga.lt\/en\/wp-json\/wp\/v2\/comments?post=19060"}],"wp:featuredmedia":[{"embeddable":true,"href":"https:\/\/skaitytaknyga.lt\/en\/wp-json\/wp\/v2\/media\/19062"}],"wp:attachment":[{"href":"https:\/\/skaitytaknyga.lt\/en\/wp-json\/wp\/v2\/media?parent=19060"}],"wp:term":[{"taxonomy":"product_brand","embeddable":true,"href":"https:\/\/skaitytaknyga.lt\/en\/wp-json\/wp\/v2\/product_brand?post=19060"},{"taxonomy":"product_cat","embeddable":true,"href":"https:\/\/skaitytaknyga.lt\/en\/wp-json\/wp\/v2\/product_cat?post=19060"},{"taxonomy":"product_tag","embeddable":true,"href":"https:\/\/skaitytaknyga.lt\/en\/wp-json\/wp\/v2\/product_tag?post=19060"}],"curies":[{"name":"wp","href":"https:\/\/api.w.org\/{rel}","templated":true}]}}