{"id":19049,"date":"2025-06-26T14:31:52","date_gmt":"2025-06-26T11:31:52","guid":{"rendered":"https:\/\/skaitytaknyga.lt\/?post_type=product&#038;p=19049"},"modified":"2025-06-26T15:06:29","modified_gmt":"2025-06-26T12:06:29","slug":"zemyn-galva-i-australija","status":"publish","type":"product","link":"https:\/\/skaitytaknyga.lt\/en\/produktas\/zemyn-galva-i-australija\/","title":{"rendered":"\u017demyn galva \u012f Australij\u0105"},"content":{"rendered":"<p>Ketvirtojoje Martyno Starkaus knygoje \u201e\u017demyn galva \u012f Australij\u0105\u201c pasakojama apie kelione\u0328 i\u0328 Australija\u0328 su vienu pagrindiniu\u0328 savo knygu\u0328 veike\u0307ju\u0328 Vytaru Radzevic\u030ciumi ir kitais dviem nuolatiniais bendrakeleiviais.<\/p>\n<p>I\u0328prastas Martyno Starkaus knygu\u0328, taip pat ir \u0161ios, bruo\u017eas \u2013 \u0161elmi\u0161kas, intelektualus ir gera\u0161irdi\u0161kas humoras, su niekuo nesupainiojamas stilius, daugybe\u0307s skaitytoju\u0328 simpatijas pelniusi gyvenimo kelione\u0307s filosofija.<\/p>\n<p>\u012eprasta \u0161io ketverto keliavimo koncepcija \u2013 sa\u0328moningai i\u0161e\u0307jus i\u0161 komforto zonos pamatyti kuo daugiau lankomu\u0328 kra\u0161tu\u0328 gyvenimo u\u017e paradinio fasado, ie\u0161kant ir randant tai, kas vienija viso pasaulio \u017emones, jaudinantys susitikimai su tolimiausiuose pasaulio kampeliuose sutinkamais tautiec\u030ciais.<\/p>\n<p>\u012e \u0161al\u012f, kurioje yra viena uola, vienas koralinis rifas, viena opera ir milijardas musi\u0173, kurios gyventojai \u0160iaur\u0117s pusrutulio \u010diabuvi\u0173 at\u017evilgiu vaik\u0161to auk\u0161tyn kojom, \u0161ios knygos herojai n\u0117r\u0117 \u017eemyn galva kaip \u012f nei\u0161vengiam\u0105 pavoj\u0173. D\u0117l dr\u0105sos u\u017esiaugin\u0119 \u016bsus ir barzdas, kad b\u016bt\u0173 lengviau aklimatizuotis tarp austral\u0173, kurie \u017ei\u016br\u0117tuose filmuose \u0161iam vyri\u0161kumo atributui atrod\u0117 i\u0161tikimi kaip musulmon\u0173 pasaulio atstovai. Dr\u0105sos reik\u0117jo d\u0117l to, kad kaip visada lietuvi\u0173 ketvertas ruo\u0161\u0117si keliauti ne vien turistams saugiai paruo\u0161tais takais, bet ir leistis \u012f laukines, ne iki galo i\u0161tyrin\u0117tas Australijos platybes, kuriose knib\u017ed\u0117te knib\u017eda pavojing\u0173 padar\u0173 \u2013 nors b\u0117k nuo j\u0173 \u012f vandenyn\u0105, kuriame svetingai i\u0161\u0161iep\u0119 dantis laukia rykliai. Ta\u010diau kelrod\u0117 \u017evaig\u017ed\u0117 ir v\u0117l neapvyl\u0117 \u2013 nors \u017ead\u0117tas automobilis, skirtas t\u016bkstan\u010diams kilometr\u0173 po Australij\u0105, liko tik mira\u017eas, pagelb\u0117jo supratingas nuomos punkto savininkas, i\u0161kart lietuvi\u0173 asmenyje atpa\u017ein\u0119s giminingas sielas, gera valia \u017eengian\u010dias u\u017e komforto zonos rib\u0173; nors liko nieko nepe\u0161\u0119 opal\u0173 kasyklose, ta\u010diau laimingai i\u0161sisuko nuo GPS si\u016blomos nakvyn\u0117s (kas \u017eino \u2013 galb\u016bt am\u017einos) seneli\u0173 namuose.<\/p>\n<p>Ir nors iki galo taip ir nesuprato, kada australai juokauja, kada kalba rimtai, vis\u0105 kelion\u0119 lyd\u0117j\u0119s draugi\u0161kas j\u0173 posakis \u201eNo worries, mate\u201c (\u201eNesijaudink, bi\u010diuli\u201c) daug reg\u0117jusiems lietuviams pad\u0117jo atrasti dar vien\u0105 roj\u0173 \u017eem\u0117je.<\/p>\n","protected":false},"excerpt":{"rendered":"<p>Ketvirtojoje Martyno Starkaus knygoje \u201e\u017demyn galva \u012f Australij\u0105\u201c pasakojama apie kelione\u0328 i\u0328 Australija\u0328 su vienu pagrindiniu\u0328 savo knygu\u0328 veike\u0307ju\u0328 Vytaru Radzevic\u030ciumi ir kitais dviem nuolatiniais bendrakeleiviais. I\u0328prastas Martyno Starkaus knygu\u0328, taip pat ir \u0161ios, bruo\u017eas \u2013 \u0161elmi\u0161kas, intelektualus ir gera\u0161irdi\u0161kas humoras, su niekuo nesupainiojamas stilius, daugybe\u0307s skaitytoju\u0328 simpatijas pelniusi gyvenimo kelione\u0307s filosofija. \u012eprasta \u0161io ketverto keliavimo koncepcija \u2013 sa\u0328moningai i\u0161e\u0307jus i\u0161 komforto zonos pamatyti kuo daugiau lankomu\u0328 kra\u0161tu\u0328 gyvenimo u\u017e paradinio fasado, ie\u0161kant ir randant tai, kas vienija viso pasaulio \u017emones, jaudinantys susitikimai su tolimiausiuose pasaulio kampeliuose sutinkamais tautiec\u030ciais. \u012e \u0161al\u012f, kurioje yra viena uola, vienas koralinis rifas, viena opera ir milijardas musi\u0173, kurios gyventojai \u0160iaur\u0117s pusrutulio \u010diabuvi\u0173 at\u017evilgiu vaik\u0161to auk\u0161tyn kojom, \u0161ios knygos herojai n\u0117r\u0117 \u017eemyn galva kaip \u012f nei\u0161vengiam\u0105 pavoj\u0173. D\u0117l dr\u0105sos u\u017esiaugin\u0119 \u016bsus ir barzdas, kad b\u016bt\u0173 lengviau aklimatizuotis tarp austral\u0173, kurie \u017ei\u016br\u0117tuose filmuose \u0161iam vyri\u0161kumo atributui atrod\u0117 i\u0161tikimi kaip musulmon\u0173 pasaulio atstovai. Dr\u0105sos reik\u0117jo d\u0117l to, kad kaip visada lietuvi\u0173 ketvertas ruo\u0161\u0117si keliauti ne vien turistams saugiai paruo\u0161tais takais, bet ir leistis \u012f laukines, ne iki galo i\u0161tyrin\u0117tas Australijos platybes, kuriose knib\u017ed\u0117te knib\u017eda pavojing\u0173 padar\u0173 \u2013 nors b\u0117k nuo j\u0173 \u012f vandenyn\u0105, kuriame svetingai i\u0161\u0161iep\u0119 dantis laukia rykliai. Ta\u010diau kelrod\u0117 \u017evaig\u017ed\u0117 ir v\u0117l neapvyl\u0117 \u2013 nors \u017ead\u0117tas automobilis, skirtas t\u016bkstan\u010diams kilometr\u0173 po Australij\u0105, liko tik mira\u017eas, pagelb\u0117jo supratingas nuomos punkto savininkas, i\u0161kart lietuvi\u0173 asmenyje atpa\u017ein\u0119s giminingas sielas, gera valia \u017eengian\u010dias u\u017e komforto zonos rib\u0173; nors liko nieko nepe\u0161\u0119 opal\u0173 kasyklose, ta\u010diau laimingai i\u0161sisuko nuo GPS si\u016blomos nakvyn\u0117s (kas \u017eino \u2013 galb\u016bt am\u017einos) seneli\u0173 namuose. Ir nors iki galo taip ir nesuprato, kada australai juokauja, kada kalba rimtai, vis\u0105 kelion\u0119 lyd\u0117j\u0119s draugi\u0161kas j\u0173 posakis \u201eNo worries, mate\u201c (\u201eNesijaudink, bi\u010diuli\u201c) daug reg\u0117jusiems lietuviams pad\u0117jo atrasti dar vien\u0105 roj\u0173 \u017eem\u0117je.<\/p>\n","protected":false},"featured_media":19054,"comment_status":"open","ping_status":"closed","template":"","meta":{"_acf_changed":false,"site-sidebar-layout":"default","site-content-layout":"","ast-site-content-layout":"default","site-content-style":"default","site-sidebar-style":"default","ast-global-header-display":"","ast-banner-title-visibility":"","ast-main-header-display":"","ast-hfb-above-header-display":"","ast-hfb-below-header-display":"","ast-hfb-mobile-header-display":"","site-post-title":"","ast-breadcrumbs-content":"","ast-featured-img":"","footer-sml-layout":"","ast-disable-related-posts":"","theme-transparent-header-meta":"","adv-header-id-meta":"","stick-header-meta":"","header-above-stick-meta":"","header-main-stick-meta":"","header-below-stick-meta":"","astra-migrate-meta-layouts":"default","ast-page-background-enabled":"default","ast-page-background-meta":{"desktop":{"background-color":"","background-image":"","background-repeat":"repeat","background-position":"center center","background-size":"auto","background-attachment":"scroll","background-type":"","background-media":"","overlay-type":"","overlay-color":"","overlay-opacity":"","overlay-gradient":""},"tablet":{"background-color":"","background-image":"","background-repeat":"repeat","background-position":"center center","background-size":"auto","background-attachment":"scroll","background-type":"","background-media":"","overlay-type":"","overlay-color":"","overlay-opacity":"","overlay-gradient":""},"mobile":{"background-color":"","background-image":"","background-repeat":"repeat","background-position":"center center","background-size":"auto","background-attachment":"scroll","background-type":"","background-media":"","overlay-type":"","overlay-color":"","overlay-opacity":"","overlay-gradient":""}},"ast-content-background-meta":{"desktop":{"background-color":"var(--ast-global-color-4)","background-image":"","background-repeat":"repeat","background-position":"center center","background-size":"auto","background-attachment":"scroll","background-type":"","background-media":"","overlay-type":"","overlay-color":"","overlay-opacity":"","overlay-gradient":""},"tablet":{"background-color":"var(--ast-global-color-4)","background-image":"","background-repeat":"repeat","background-position":"center center","background-size":"auto","background-attachment":"scroll","background-type":"","background-media":"","overlay-type":"","overlay-color":"","overlay-opacity":"","overlay-gradient":""},"mobile":{"background-color":"var(--ast-global-color-4)","background-image":"","background-repeat":"repeat","background-position":"center center","background-size":"auto","background-attachment":"scroll","background-type":"","background-media":"","overlay-type":"","overlay-color":"","overlay-opacity":"","overlay-gradient":""}}},"product_brand":[],"product_cat":[15],"product_tag":[5603,4964,2056,5600,1980,1445,5601,1451,5602],"class_list":{"0":"post-19049","1":"product","2":"type-product","3":"status-publish","4":"has-post-thumbnail","6":"product_cat-uncategorized","7":"product_tag-aklimatizacija","8":"product_tag-australija","9":"product_tag-drasa","10":"product_tag-gyvenimo-filosofija","11":"product_tag-humoras","12":"product_tag-keliones","13":"product_tag-lietuviu-kelione","14":"product_tag-nuotykiai","15":"product_tag-pavojingi-padarai","16":"desktop-align-left","17":"tablet-align-left","18":"mobile-align-left","20":"first","21":"instock","22":"shipping-taxable","23":"purchasable","24":"product-type-simple"},"acf":[],"yoast_head":"<!-- This site is optimized with the Yoast SEO plugin v27.0 - https:\/\/yoast.com\/product\/yoast-seo-wordpress\/ -->\n<title>\u017demyn galva \u012f Australij\u0105<\/title>\n<meta name=\"description\" content=\"Ketvirtojoje Martyno Starkaus knygoje \u201e\u017demyn galva \u012f Australij\u0105\u201c pasakojama apie kelione\u0328 i\u0328 Australija\u0328 su vienu pagrindiniu\u0328 savo knygu\u0328 veike\u0307ju\u0328\" \/>\n<meta name=\"robots\" content=\"index, follow, max-snippet:-1, max-image-preview:large, max-video-preview:-1\" \/>\n<link rel=\"canonical\" href=\"https:\/\/skaitytaknyga.lt\/en\/produktas\/zemyn-galva-i-australija\/\" \/>\n<meta property=\"og:locale\" content=\"en_GB\" \/>\n<meta property=\"og:locale:alternate\" content=\"lt_LT\" \/>\n<meta property=\"og:type\" content=\"article\" \/>\n<meta property=\"og:title\" content=\"\u017demyn galva \u012f Australij\u0105\" \/>\n<meta property=\"og:description\" content=\"Ketvirtojoje Martyno Starkaus knygoje \u201e\u017demyn galva \u012f Australij\u0105\u201c pasakojama apie kelione\u0328 i\u0328 Australija\u0328 su vienu pagrindiniu\u0328 savo knygu\u0328 veike\u0307ju\u0328\" \/>\n<meta property=\"og:url\" content=\"https:\/\/skaitytaknyga.lt\/en\/produktas\/zemyn-galva-i-australija\/\" \/>\n<meta property=\"og:site_name\" content=\"Skaitytaknyga\" \/>\n<meta property=\"article:publisher\" content=\"https:\/\/www.facebook.com\/skaitytaknyga\/\" \/>\n<meta property=\"article:modified_time\" content=\"2025-06-26T12:06:29+00:00\" \/>\n<meta property=\"og:image\" content=\"https:\/\/skaitytaknyga.lt\/wp-content\/uploads\/2025\/06\/Zemyn-galva-i-Australija.webp\" \/>\n\t<meta property=\"og:image:width\" content=\"500\" \/>\n\t<meta property=\"og:image:height\" content=\"730\" \/>\n\t<meta property=\"og:image:type\" content=\"image\/webp\" \/>\n<meta name=\"twitter:card\" content=\"summary_large_image\" \/>\n<meta name=\"twitter:label1\" content=\"Estimated reading time\" \/>\n\t<meta name=\"twitter:data1\" content=\"2 minutes\" \/>\n<script type=\"application\/ld+json\" class=\"yoast-schema-graph\">{\"@context\":\"https:\/\/schema.org\",\"@graph\":[{\"@type\":\"WebPage\",\"@id\":\"https:\/\/skaitytaknyga.lt\/produktas\/zemyn-galva-i-australija\/\",\"url\":\"https:\/\/skaitytaknyga.lt\/produktas\/zemyn-galva-i-australija\/\",\"name\":\"\u017demyn galva \u012f Australij\u0105\",\"isPartOf\":{\"@id\":\"https:\/\/skaitytaknyga.lt\/#website\"},\"primaryImageOfPage\":{\"@id\":\"https:\/\/skaitytaknyga.lt\/produktas\/zemyn-galva-i-australija\/#primaryimage\"},\"image\":{\"@id\":\"https:\/\/skaitytaknyga.lt\/produktas\/zemyn-galva-i-australija\/#primaryimage\"},\"thumbnailUrl\":\"https:\/\/skaitytaknyga.lt\/wp-content\/uploads\/2025\/06\/Zemyn-galva-i-Australija.webp\",\"datePublished\":\"2025-06-26T11:31:52+00:00\",\"dateModified\":\"2025-06-26T12:06:29+00:00\",\"description\":\"Ketvirtojoje Martyno Starkaus knygoje \u201e\u017demyn galva \u012f Australij\u0105\u201c pasakojama apie kelione\u0328 i\u0328 Australija\u0328 su vienu pagrindiniu\u0328 savo knygu\u0328 veike\u0307ju\u0328\",\"breadcrumb\":{\"@id\":\"https:\/\/skaitytaknyga.lt\/produktas\/zemyn-galva-i-australija\/#breadcrumb\"},\"inLanguage\":\"en-GB\",\"potentialAction\":[{\"@type\":\"ReadAction\",\"target\":[\"https:\/\/skaitytaknyga.lt\/produktas\/zemyn-galva-i-australija\/\"]}]},{\"@type\":\"ImageObject\",\"inLanguage\":\"en-GB\",\"@id\":\"https:\/\/skaitytaknyga.lt\/produktas\/zemyn-galva-i-australija\/#primaryimage\",\"url\":\"https:\/\/skaitytaknyga.lt\/wp-content\/uploads\/2025\/06\/Zemyn-galva-i-Australija.webp\",\"contentUrl\":\"https:\/\/skaitytaknyga.lt\/wp-content\/uploads\/2025\/06\/Zemyn-galva-i-Australija.webp\",\"width\":500,\"height\":730},{\"@type\":\"BreadcrumbList\",\"@id\":\"https:\/\/skaitytaknyga.lt\/produktas\/zemyn-galva-i-australija\/#breadcrumb\",\"itemListElement\":[{\"@type\":\"ListItem\",\"position\":1,\"name\":\"Home\",\"item\":\"https:\/\/skaitytaknyga.lt\/\"},{\"@type\":\"ListItem\",\"position\":2,\"name\":\"Parduotuv\u0117\",\"item\":\"https:\/\/skaitytaknyga.lt\/knygu-parduotuve\/\"},{\"@type\":\"ListItem\",\"position\":3,\"name\":\"\u017demyn galva \u012f Australij\u0105\"}]},{\"@type\":\"WebSite\",\"@id\":\"https:\/\/skaitytaknyga.lt\/#website\",\"url\":\"https:\/\/skaitytaknyga.lt\/\",\"name\":\"skaitytaknyga.lt\",\"description\":\"Skaitytaknyga.lt \u2013 tai ma\u017eas \u0161eimos verslas, kuris prasid\u0117jo nuo meil\u0117s knygoms ir siekio i\u0161gelb\u0117ti knygas nuo likimo prie konteinerio. Kas vienam nereikalingas daiktas \u2013 kitam lobis, o mes esame tarpininkai, kurie padeda abiems tapti laimingesniems ???? \u017dinome kaip nelengva i\u0161gyventi ma\u017eiems verslams, tad nuo \u0161iol, \u010dia rasite ir kit\u0173, ma\u017e\u0173 \u0161eim\u0173 versl\u0173, rank\u0173 darbo, dovan\u0173 sau ir artimiesiems.\",\"publisher\":{\"@id\":\"https:\/\/skaitytaknyga.lt\/#organization\"},\"potentialAction\":[{\"@type\":\"SearchAction\",\"target\":{\"@type\":\"EntryPoint\",\"urlTemplate\":\"https:\/\/skaitytaknyga.lt\/?s={search_term_string}\"},\"query-input\":{\"@type\":\"PropertyValueSpecification\",\"valueRequired\":true,\"valueName\":\"search_term_string\"}}],\"inLanguage\":\"en-GB\"},{\"@type\":\"Organization\",\"@id\":\"https:\/\/skaitytaknyga.lt\/#organization\",\"name\":\"skaitytaknyga.lt\",\"url\":\"https:\/\/skaitytaknyga.lt\/\",\"logo\":{\"@type\":\"ImageObject\",\"inLanguage\":\"en-GB\",\"@id\":\"https:\/\/skaitytaknyga.lt\/#\/schema\/logo\/image\/\",\"url\":\"https:\/\/skaitytaknyga.lt\/wp-content\/uploads\/2024\/05\/cropped-cropped-cropped-02_00843_jt3bggkj1j3HLc7SyY6rEUpg.jpeg\",\"contentUrl\":\"https:\/\/skaitytaknyga.lt\/wp-content\/uploads\/2024\/05\/cropped-cropped-cropped-02_00843_jt3bggkj1j3HLc7SyY6rEUpg.jpeg\",\"width\":1600,\"height\":1600,\"caption\":\"skaitytaknyga.lt\"},\"image\":{\"@id\":\"https:\/\/skaitytaknyga.lt\/#\/schema\/logo\/image\/\"},\"sameAs\":[\"https:\/\/www.facebook.com\/skaitytaknyga\/\"]}]}<\/script>\n<!-- \/ Yoast SEO plugin. -->","yoast_head_json":{"title":"\u017demyn galva \u012f Australij\u0105","description":"Ketvirtojoje Martyno Starkaus knygoje \u201e\u017demyn galva \u012f Australij\u0105\u201c pasakojama apie kelione\u0328 i\u0328 Australija\u0328 su vienu pagrindiniu\u0328 savo knygu\u0328 veike\u0307ju\u0328","robots":{"index":"index","follow":"follow","max-snippet":"max-snippet:-1","max-image-preview":"max-image-preview:large","max-video-preview":"max-video-preview:-1"},"canonical":"https:\/\/skaitytaknyga.lt\/en\/produktas\/zemyn-galva-i-australija\/","og_locale":"en_GB","og_type":"article","og_title":"[:lt]\u017demyn galva \u012f Australij\u0105[:] - Skaitytaknyga","og_description":"Ketvirtojoje Martyno Starkaus knygoje \u201e\u017demyn galva \u012f Australij\u0105\u201c pasakojama apie kelione\u0328 i\u0328 Australija\u0328 su vienu pagrindiniu\u0328 savo knygu\u0328 veike\u0307ju\u0328","og_url":"https:\/\/skaitytaknyga.lt\/en\/produktas\/zemyn-galva-i-australija\/","og_site_name":"Skaitytaknyga","article_publisher":"https:\/\/www.facebook.com\/skaitytaknyga\/","article_modified_time":"2025-06-26T12:06:29+00:00","og_image":[{"width":500,"height":730,"url":"https:\/\/skaitytaknyga.lt\/wp-content\/uploads\/2025\/06\/Zemyn-galva-i-Australija.webp","type":"image\/webp"}],"twitter_card":"summary_large_image","twitter_misc":{"Estimated reading time":"2 minutes"},"schema":{"@context":"https:\/\/schema.org","@graph":[{"@type":"WebPage","@id":"https:\/\/skaitytaknyga.lt\/produktas\/zemyn-galva-i-australija\/","url":"https:\/\/skaitytaknyga.lt\/produktas\/zemyn-galva-i-australija\/","name":"\u017demyn galva \u012f Australij\u0105","isPartOf":{"@id":"https:\/\/skaitytaknyga.lt\/#website"},"primaryImageOfPage":{"@id":"https:\/\/skaitytaknyga.lt\/produktas\/zemyn-galva-i-australija\/#primaryimage"},"image":{"@id":"https:\/\/skaitytaknyga.lt\/produktas\/zemyn-galva-i-australija\/#primaryimage"},"thumbnailUrl":"https:\/\/skaitytaknyga.lt\/wp-content\/uploads\/2025\/06\/Zemyn-galva-i-Australija.webp","datePublished":"2025-06-26T11:31:52+00:00","dateModified":"2025-06-26T12:06:29+00:00","description":"Ketvirtojoje Martyno Starkaus knygoje \u201e\u017demyn galva \u012f Australij\u0105\u201c pasakojama apie kelione\u0328 i\u0328 Australija\u0328 su vienu pagrindiniu\u0328 savo knygu\u0328 veike\u0307ju\u0328","breadcrumb":{"@id":"https:\/\/skaitytaknyga.lt\/produktas\/zemyn-galva-i-australija\/#breadcrumb"},"inLanguage":"en-GB","potentialAction":[{"@type":"ReadAction","target":["https:\/\/skaitytaknyga.lt\/produktas\/zemyn-galva-i-australija\/"]}]},{"@type":"ImageObject","inLanguage":"en-GB","@id":"https:\/\/skaitytaknyga.lt\/produktas\/zemyn-galva-i-australija\/#primaryimage","url":"https:\/\/skaitytaknyga.lt\/wp-content\/uploads\/2025\/06\/Zemyn-galva-i-Australija.webp","contentUrl":"https:\/\/skaitytaknyga.lt\/wp-content\/uploads\/2025\/06\/Zemyn-galva-i-Australija.webp","width":500,"height":730},{"@type":"BreadcrumbList","@id":"https:\/\/skaitytaknyga.lt\/produktas\/zemyn-galva-i-australija\/#breadcrumb","itemListElement":[{"@type":"ListItem","position":1,"name":"Home","item":"https:\/\/skaitytaknyga.lt\/"},{"@type":"ListItem","position":2,"name":"Parduotuv\u0117","item":"https:\/\/skaitytaknyga.lt\/knygu-parduotuve\/"},{"@type":"ListItem","position":3,"name":"\u017demyn galva \u012f Australij\u0105"}]},{"@type":"WebSite","@id":"https:\/\/skaitytaknyga.lt\/#website","url":"https:\/\/skaitytaknyga.lt\/","name":"skaitytaknyga.lt","description":"Skaitytaknyga.lt \u2013 tai ma\u017eas \u0161eimos verslas, kuris prasid\u0117jo nuo meil\u0117s knygoms ir siekio i\u0161gelb\u0117ti knygas nuo likimo prie konteinerio. Kas vienam nereikalingas daiktas \u2013 kitam lobis, o mes esame tarpininkai, kurie padeda abiems tapti laimingesniems ???? \u017dinome kaip nelengva i\u0161gyventi ma\u017eiems verslams, tad nuo \u0161iol, \u010dia rasite ir kit\u0173, ma\u017e\u0173 \u0161eim\u0173 versl\u0173, rank\u0173 darbo, dovan\u0173 sau ir artimiesiems.","publisher":{"@id":"https:\/\/skaitytaknyga.lt\/#organization"},"potentialAction":[{"@type":"SearchAction","target":{"@type":"EntryPoint","urlTemplate":"https:\/\/skaitytaknyga.lt\/?s={search_term_string}"},"query-input":{"@type":"PropertyValueSpecification","valueRequired":true,"valueName":"search_term_string"}}],"inLanguage":"en-GB"},{"@type":"Organization","@id":"https:\/\/skaitytaknyga.lt\/#organization","name":"skaitytaknyga.lt","url":"https:\/\/skaitytaknyga.lt\/","logo":{"@type":"ImageObject","inLanguage":"en-GB","@id":"https:\/\/skaitytaknyga.lt\/#\/schema\/logo\/image\/","url":"https:\/\/skaitytaknyga.lt\/wp-content\/uploads\/2024\/05\/cropped-cropped-cropped-02_00843_jt3bggkj1j3HLc7SyY6rEUpg.jpeg","contentUrl":"https:\/\/skaitytaknyga.lt\/wp-content\/uploads\/2024\/05\/cropped-cropped-cropped-02_00843_jt3bggkj1j3HLc7SyY6rEUpg.jpeg","width":1600,"height":1600,"caption":"skaitytaknyga.lt"},"image":{"@id":"https:\/\/skaitytaknyga.lt\/#\/schema\/logo\/image\/"},"sameAs":["https:\/\/www.facebook.com\/skaitytaknyga\/"]}]}},"_links":{"self":[{"href":"https:\/\/skaitytaknyga.lt\/en\/wp-json\/wp\/v2\/product\/19049","targetHints":{"allow":["GET"]}}],"collection":[{"href":"https:\/\/skaitytaknyga.lt\/en\/wp-json\/wp\/v2\/product"}],"about":[{"href":"https:\/\/skaitytaknyga.lt\/en\/wp-json\/wp\/v2\/types\/product"}],"replies":[{"embeddable":true,"href":"https:\/\/skaitytaknyga.lt\/en\/wp-json\/wp\/v2\/comments?post=19049"}],"wp:featuredmedia":[{"embeddable":true,"href":"https:\/\/skaitytaknyga.lt\/en\/wp-json\/wp\/v2\/media\/19054"}],"wp:attachment":[{"href":"https:\/\/skaitytaknyga.lt\/en\/wp-json\/wp\/v2\/media?parent=19049"}],"wp:term":[{"taxonomy":"product_brand","embeddable":true,"href":"https:\/\/skaitytaknyga.lt\/en\/wp-json\/wp\/v2\/product_brand?post=19049"},{"taxonomy":"product_cat","embeddable":true,"href":"https:\/\/skaitytaknyga.lt\/en\/wp-json\/wp\/v2\/product_cat?post=19049"},{"taxonomy":"product_tag","embeddable":true,"href":"https:\/\/skaitytaknyga.lt\/en\/wp-json\/wp\/v2\/product_tag?post=19049"}],"curies":[{"name":"wp","href":"https:\/\/api.w.org\/{rel}","templated":true}]}}