{"id":19048,"date":"2025-06-26T14:31:52","date_gmt":"2025-06-26T11:31:52","guid":{"rendered":"https:\/\/skaitytaknyga.lt\/?post_type=product&#038;p=19048"},"modified":"2025-06-26T15:06:29","modified_gmt":"2025-06-26T12:06:29","slug":"sumaistis-kaip-salys-isgyvena-krizes","status":"publish","type":"product","link":"https:\/\/skaitytaknyga.lt\/en\/produktas\/sumaistis-kaip-salys-isgyvena-krizes\/","title":{"rendered":"Sumai\u0161tis: kaip \u0161alys i\u0161gyvena krizes"},"content":{"rendered":"<p>\u201eGinkl\u0173, mikrob\u0173 ir plieno&#8221; \u2013 knygos, laikomos viena svarbiausi\u0173 norint suvokti civilizacij\u0173 raid\u0105, \u2013 autorius dabar paai\u0161kina, kaip \u012fvairi\u0173 krizi\u0173 i\u0161tiktoms \u0161alims pavyksta atsigauti \u012fgyvendinus pasirinktines permainas.<\/p>\n<p>Pulitzerio premijos laim\u0117tojas J. Diamondas lygina \u0161e\u0161ias vienok\u012f ar kitok\u012f neram\u0173 met\u0105 pastaraisiais laikais i\u0161gyvenusias \u0161alis: Japonij\u0105, kuri, atvykus JAV komodorui Perry\u02bciui buvo priversta atsiverti pasauliui, Suomij\u0105, su kuria prad\u0117jo kar\u0105 Soviet\u0173 S\u0105junga, \u010cil\u0119 ir Indonezij\u0105, i\u0161gyvenusias kruvinus perversmus, ir po Antrojo pasaulinio karo persimainiusias Vokietij\u0105 bei Australij\u0105. Penkiose i\u0161 \u0161e\u0161i\u0173 lyginam\u0173 \u0161ali\u0173 autorius yra gyven\u0119s ir moka vietines kalbas. Prisi\u0117musios atsakomyb\u0119, ne\u0161ali\u0161kai save \u012fvertinusios ir mokydamosi i\u0161 sektin\u0173 pavyzd\u017ei\u0173 \u2013 visai kaip \u017emon\u0117s \u2013 \u0161e\u0161ios \u0161alys sunkumus \u012fveik\u0117 s\u0117kmingai. J. Diamondas svarsto, kaip pasauliui sekasi kovoti su pavojingomis dabartin\u0117mis kriz\u0117mis? Ar pasimokysime i\u0161 praeities?<\/p>\n<p>Visiems Diamondo veikalams b\u016bdingus nuodugnaus istorinio, geografinio, biologinio ir antropologinio tyrimo motyvus \u0161ioje knygoje papildo psichologinis matmuo: atskleid\u017eiami veiksniai, lemiantys, kaip patirdami sunkius j\u0117g\u0173 i\u0161bandymus reaguoja atskiri \u017emon\u0117s ir kaip patekusios \u012f toki\u0105 pad\u0117t\u012f gali elgtis \u0161alys.<\/p>\n","protected":false},"excerpt":{"rendered":"<p>\u201eGinkl\u0173, mikrob\u0173 ir plieno&#8221; \u2013 knygos, laikomos viena svarbiausi\u0173 norint suvokti civilizacij\u0173 raid\u0105, \u2013 autorius dabar paai\u0161kina, kaip \u012fvairi\u0173 krizi\u0173 i\u0161tiktoms \u0161alims pavyksta atsigauti \u012fgyvendinus pasirinktines permainas. Pulitzerio premijos laim\u0117tojas J. Diamondas lygina \u0161e\u0161ias vienok\u012f ar kitok\u012f neram\u0173 met\u0105 pastaraisiais laikais i\u0161gyvenusias \u0161alis: Japonij\u0105, kuri, atvykus JAV komodorui Perry\u02bciui buvo priversta atsiverti pasauliui, Suomij\u0105, su kuria prad\u0117jo kar\u0105 Soviet\u0173 S\u0105junga, \u010cil\u0119 ir Indonezij\u0105, i\u0161gyvenusias kruvinus perversmus, ir po Antrojo pasaulinio karo persimainiusias Vokietij\u0105 bei Australij\u0105. Penkiose i\u0161 \u0161e\u0161i\u0173 lyginam\u0173 \u0161ali\u0173 autorius yra gyven\u0119s ir moka vietines kalbas. Prisi\u0117musios atsakomyb\u0119, ne\u0161ali\u0161kai save \u012fvertinusios ir mokydamosi i\u0161 sektin\u0173 pavyzd\u017ei\u0173 \u2013 visai kaip \u017emon\u0117s \u2013 \u0161e\u0161ios \u0161alys sunkumus \u012fveik\u0117 s\u0117kmingai. J. Diamondas svarsto, kaip pasauliui sekasi kovoti su pavojingomis dabartin\u0117mis kriz\u0117mis? Ar pasimokysime i\u0161 praeities? Visiems Diamondo veikalams b\u016bdingus nuodugnaus istorinio, geografinio, biologinio ir antropologinio tyrimo motyvus \u0161ioje knygoje papildo psichologinis matmuo: atskleid\u017eiami veiksniai, lemiantys, kaip patirdami sunkius j\u0117g\u0173 i\u0161bandymus reaguoja atskiri \u017emon\u0117s ir kaip patekusios \u012f toki\u0105 pad\u0117t\u012f gali elgtis \u0161alys.<\/p>\n","protected":false},"featured_media":19053,"comment_status":"open","ping_status":"closed","template":"","meta":{"_acf_changed":false,"site-sidebar-layout":"default","site-content-layout":"","ast-site-content-layout":"default","site-content-style":"default","site-sidebar-style":"default","ast-global-header-display":"","ast-banner-title-visibility":"","ast-main-header-display":"","ast-hfb-above-header-display":"","ast-hfb-below-header-display":"","ast-hfb-mobile-header-display":"","site-post-title":"","ast-breadcrumbs-content":"","ast-featured-img":"","footer-sml-layout":"","ast-disable-related-posts":"","theme-transparent-header-meta":"","adv-header-id-meta":"","stick-header-meta":"","header-above-stick-meta":"","header-main-stick-meta":"","header-below-stick-meta":"","astra-migrate-meta-layouts":"default","ast-page-background-enabled":"default","ast-page-background-meta":{"desktop":{"background-color":"","background-image":"","background-repeat":"repeat","background-position":"center center","background-size":"auto","background-attachment":"scroll","background-type":"","background-media":"","overlay-type":"","overlay-color":"","overlay-opacity":"","overlay-gradient":""},"tablet":{"background-color":"","background-image":"","background-repeat":"repeat","background-position":"center center","background-size":"auto","background-attachment":"scroll","background-type":"","background-media":"","overlay-type":"","overlay-color":"","overlay-opacity":"","overlay-gradient":""},"mobile":{"background-color":"","background-image":"","background-repeat":"repeat","background-position":"center center","background-size":"auto","background-attachment":"scroll","background-type":"","background-media":"","overlay-type":"","overlay-color":"","overlay-opacity":"","overlay-gradient":""}},"ast-content-background-meta":{"desktop":{"background-color":"var(--ast-global-color-4)","background-image":"","background-repeat":"repeat","background-position":"center center","background-size":"auto","background-attachment":"scroll","background-type":"","background-media":"","overlay-type":"","overlay-color":"","overlay-opacity":"","overlay-gradient":""},"tablet":{"background-color":"var(--ast-global-color-4)","background-image":"","background-repeat":"repeat","background-position":"center center","background-size":"auto","background-attachment":"scroll","background-type":"","background-media":"","overlay-type":"","overlay-color":"","overlay-opacity":"","overlay-gradient":""},"mobile":{"background-color":"var(--ast-global-color-4)","background-image":"","background-repeat":"repeat","background-position":"center center","background-size":"auto","background-attachment":"scroll","background-type":"","background-media":"","overlay-type":"","overlay-color":"","overlay-opacity":"","overlay-gradient":""}}},"product_brand":[],"product_cat":[15],"product_tag":[4486,4240,5598,5595,5597,2224,5390,5596,1392,5599],"class_list":{"0":"post-19048","1":"product","2":"type-product","3":"status-publish","4":"has-post-thumbnail","6":"product_cat-uncategorized","7":"product_tag-antropologija","8":"product_tag-atsparumas","9":"product_tag-biologija","10":"product_tag-civilizaciju-raida","11":"product_tag-geografiniai-tyrimai","12":"product_tag-istorija","13":"product_tag-krizes","14":"product_tag-permainos","15":"product_tag-psichologija","16":"product_tag-saliu-krizes","17":"desktop-align-left","18":"tablet-align-left","19":"mobile-align-left","21":"first","22":"instock","23":"shipping-taxable","24":"purchasable","25":"product-type-simple"},"acf":[],"yoast_head":"<!-- This site is optimized with the Yoast SEO plugin v27.0 - https:\/\/yoast.com\/product\/yoast-seo-wordpress\/ -->\n<title>Sumai\u0161tis: kaip \u0161alys i\u0161gyvena krizes<\/title>\n<meta name=\"description\" content=\"\u201eGinkl\u0173, mikrob\u0173 ir plieno&quot; \u2013 knygos, laikomos viena svarbiausi\u0173 norint suvokti civilizacij\u0173 raid\u0105, \u2013 autorius dabar paai\u0161kina, kaip \u012fvairi\u0173 krizi\u0173\" \/>\n<meta name=\"robots\" content=\"index, follow, max-snippet:-1, max-image-preview:large, max-video-preview:-1\" \/>\n<link rel=\"canonical\" href=\"https:\/\/skaitytaknyga.lt\/en\/produktas\/sumaistis-kaip-salys-isgyvena-krizes\/\" \/>\n<meta property=\"og:locale\" content=\"en_GB\" \/>\n<meta property=\"og:locale:alternate\" content=\"lt_LT\" \/>\n<meta property=\"og:type\" content=\"article\" \/>\n<meta property=\"og:title\" content=\"Sumai\u0161tis: kaip \u0161alys i\u0161gyvena krizes\" \/>\n<meta property=\"og:description\" content=\"\u201eGinkl\u0173, mikrob\u0173 ir plieno&quot; \u2013 knygos, laikomos viena svarbiausi\u0173 norint suvokti civilizacij\u0173 raid\u0105, \u2013 autorius dabar paai\u0161kina, kaip \u012fvairi\u0173 krizi\u0173\" \/>\n<meta property=\"og:url\" content=\"https:\/\/skaitytaknyga.lt\/en\/produktas\/sumaistis-kaip-salys-isgyvena-krizes\/\" \/>\n<meta property=\"og:site_name\" content=\"Skaitytaknyga\" \/>\n<meta property=\"article:publisher\" content=\"https:\/\/www.facebook.com\/skaitytaknyga\/\" \/>\n<meta property=\"article:modified_time\" content=\"2025-06-26T12:06:29+00:00\" \/>\n<meta property=\"og:image\" content=\"https:\/\/skaitytaknyga.lt\/wp-content\/uploads\/2025\/06\/Sumaistis-kaip-salys-isgyvena-krizes.webp\" \/>\n\t<meta property=\"og:image:width\" content=\"527\" \/>\n\t<meta property=\"og:image:height\" content=\"801\" \/>\n\t<meta property=\"og:image:type\" content=\"image\/webp\" \/>\n<meta name=\"twitter:card\" content=\"summary_large_image\" \/>\n<meta name=\"twitter:label1\" content=\"Estimated reading time\" \/>\n\t<meta name=\"twitter:data1\" content=\"1 minute\" \/>\n<script type=\"application\/ld+json\" class=\"yoast-schema-graph\">{\"@context\":\"https:\/\/schema.org\",\"@graph\":[{\"@type\":\"WebPage\",\"@id\":\"https:\/\/skaitytaknyga.lt\/produktas\/sumaistis-kaip-salys-isgyvena-krizes\/\",\"url\":\"https:\/\/skaitytaknyga.lt\/produktas\/sumaistis-kaip-salys-isgyvena-krizes\/\",\"name\":\"Sumai\u0161tis: kaip \u0161alys i\u0161gyvena krizes\",\"isPartOf\":{\"@id\":\"https:\/\/skaitytaknyga.lt\/#website\"},\"primaryImageOfPage\":{\"@id\":\"https:\/\/skaitytaknyga.lt\/produktas\/sumaistis-kaip-salys-isgyvena-krizes\/#primaryimage\"},\"image\":{\"@id\":\"https:\/\/skaitytaknyga.lt\/produktas\/sumaistis-kaip-salys-isgyvena-krizes\/#primaryimage\"},\"thumbnailUrl\":\"https:\/\/skaitytaknyga.lt\/wp-content\/uploads\/2025\/06\/Sumaistis-kaip-salys-isgyvena-krizes.webp\",\"datePublished\":\"2025-06-26T11:31:52+00:00\",\"dateModified\":\"2025-06-26T12:06:29+00:00\",\"description\":\"\u201eGinkl\u0173, mikrob\u0173 ir plieno\\\" \u2013 knygos, laikomos viena svarbiausi\u0173 norint suvokti civilizacij\u0173 raid\u0105, \u2013 autorius dabar paai\u0161kina, kaip \u012fvairi\u0173 krizi\u0173\",\"breadcrumb\":{\"@id\":\"https:\/\/skaitytaknyga.lt\/produktas\/sumaistis-kaip-salys-isgyvena-krizes\/#breadcrumb\"},\"inLanguage\":\"en-GB\",\"potentialAction\":[{\"@type\":\"ReadAction\",\"target\":[\"https:\/\/skaitytaknyga.lt\/produktas\/sumaistis-kaip-salys-isgyvena-krizes\/\"]}]},{\"@type\":\"ImageObject\",\"inLanguage\":\"en-GB\",\"@id\":\"https:\/\/skaitytaknyga.lt\/produktas\/sumaistis-kaip-salys-isgyvena-krizes\/#primaryimage\",\"url\":\"https:\/\/skaitytaknyga.lt\/wp-content\/uploads\/2025\/06\/Sumaistis-kaip-salys-isgyvena-krizes.webp\",\"contentUrl\":\"https:\/\/skaitytaknyga.lt\/wp-content\/uploads\/2025\/06\/Sumaistis-kaip-salys-isgyvena-krizes.webp\",\"width\":527,\"height\":801,\"caption\":\"Sumai\u0161tis: kaip \u0161alys i\u0161gyvena krizes\"},{\"@type\":\"BreadcrumbList\",\"@id\":\"https:\/\/skaitytaknyga.lt\/produktas\/sumaistis-kaip-salys-isgyvena-krizes\/#breadcrumb\",\"itemListElement\":[{\"@type\":\"ListItem\",\"position\":1,\"name\":\"Home\",\"item\":\"https:\/\/skaitytaknyga.lt\/\"},{\"@type\":\"ListItem\",\"position\":2,\"name\":\"Parduotuv\u0117\",\"item\":\"https:\/\/skaitytaknyga.lt\/knygu-parduotuve\/\"},{\"@type\":\"ListItem\",\"position\":3,\"name\":\"Sumai\u0161tis: kaip \u0161alys i\u0161gyvena krizes\"}]},{\"@type\":\"WebSite\",\"@id\":\"https:\/\/skaitytaknyga.lt\/#website\",\"url\":\"https:\/\/skaitytaknyga.lt\/\",\"name\":\"skaitytaknyga.lt\",\"description\":\"Skaitytaknyga.lt \u2013 tai ma\u017eas \u0161eimos verslas, kuris prasid\u0117jo nuo meil\u0117s knygoms ir siekio i\u0161gelb\u0117ti knygas nuo likimo prie konteinerio. Kas vienam nereikalingas daiktas \u2013 kitam lobis, o mes esame tarpininkai, kurie padeda abiems tapti laimingesniems ???? \u017dinome kaip nelengva i\u0161gyventi ma\u017eiems verslams, tad nuo \u0161iol, \u010dia rasite ir kit\u0173, ma\u017e\u0173 \u0161eim\u0173 versl\u0173, rank\u0173 darbo, dovan\u0173 sau ir artimiesiems.\",\"publisher\":{\"@id\":\"https:\/\/skaitytaknyga.lt\/#organization\"},\"potentialAction\":[{\"@type\":\"SearchAction\",\"target\":{\"@type\":\"EntryPoint\",\"urlTemplate\":\"https:\/\/skaitytaknyga.lt\/?s={search_term_string}\"},\"query-input\":{\"@type\":\"PropertyValueSpecification\",\"valueRequired\":true,\"valueName\":\"search_term_string\"}}],\"inLanguage\":\"en-GB\"},{\"@type\":\"Organization\",\"@id\":\"https:\/\/skaitytaknyga.lt\/#organization\",\"name\":\"skaitytaknyga.lt\",\"url\":\"https:\/\/skaitytaknyga.lt\/\",\"logo\":{\"@type\":\"ImageObject\",\"inLanguage\":\"en-GB\",\"@id\":\"https:\/\/skaitytaknyga.lt\/#\/schema\/logo\/image\/\",\"url\":\"https:\/\/skaitytaknyga.lt\/wp-content\/uploads\/2024\/05\/cropped-cropped-cropped-02_00843_jt3bggkj1j3HLc7SyY6rEUpg.jpeg\",\"contentUrl\":\"https:\/\/skaitytaknyga.lt\/wp-content\/uploads\/2024\/05\/cropped-cropped-cropped-02_00843_jt3bggkj1j3HLc7SyY6rEUpg.jpeg\",\"width\":1600,\"height\":1600,\"caption\":\"skaitytaknyga.lt\"},\"image\":{\"@id\":\"https:\/\/skaitytaknyga.lt\/#\/schema\/logo\/image\/\"},\"sameAs\":[\"https:\/\/www.facebook.com\/skaitytaknyga\/\"]}]}<\/script>\n<!-- \/ Yoast SEO plugin. -->","yoast_head_json":{"title":"Sumai\u0161tis: kaip \u0161alys i\u0161gyvena krizes","description":"\u201eGinkl\u0173, mikrob\u0173 ir plieno\" \u2013 knygos, laikomos viena svarbiausi\u0173 norint suvokti civilizacij\u0173 raid\u0105, \u2013 autorius dabar paai\u0161kina, kaip \u012fvairi\u0173 krizi\u0173","robots":{"index":"index","follow":"follow","max-snippet":"max-snippet:-1","max-image-preview":"max-image-preview:large","max-video-preview":"max-video-preview:-1"},"canonical":"https:\/\/skaitytaknyga.lt\/en\/produktas\/sumaistis-kaip-salys-isgyvena-krizes\/","og_locale":"en_GB","og_type":"article","og_title":"[:lt]Sumai\u0161tis: kaip \u0161alys i\u0161gyvena krizes[:] - Skaitytaknyga","og_description":"\u201eGinkl\u0173, mikrob\u0173 ir plieno\" \u2013 knygos, laikomos viena svarbiausi\u0173 norint suvokti civilizacij\u0173 raid\u0105, \u2013 autorius dabar paai\u0161kina, kaip \u012fvairi\u0173 krizi\u0173","og_url":"https:\/\/skaitytaknyga.lt\/en\/produktas\/sumaistis-kaip-salys-isgyvena-krizes\/","og_site_name":"Skaitytaknyga","article_publisher":"https:\/\/www.facebook.com\/skaitytaknyga\/","article_modified_time":"2025-06-26T12:06:29+00:00","og_image":[{"width":527,"height":801,"url":"https:\/\/skaitytaknyga.lt\/wp-content\/uploads\/2025\/06\/Sumaistis-kaip-salys-isgyvena-krizes.webp","type":"image\/webp"}],"twitter_card":"summary_large_image","twitter_misc":{"Estimated reading time":"1 minute"},"schema":{"@context":"https:\/\/schema.org","@graph":[{"@type":"WebPage","@id":"https:\/\/skaitytaknyga.lt\/produktas\/sumaistis-kaip-salys-isgyvena-krizes\/","url":"https:\/\/skaitytaknyga.lt\/produktas\/sumaistis-kaip-salys-isgyvena-krizes\/","name":"Sumai\u0161tis: kaip \u0161alys i\u0161gyvena krizes","isPartOf":{"@id":"https:\/\/skaitytaknyga.lt\/#website"},"primaryImageOfPage":{"@id":"https:\/\/skaitytaknyga.lt\/produktas\/sumaistis-kaip-salys-isgyvena-krizes\/#primaryimage"},"image":{"@id":"https:\/\/skaitytaknyga.lt\/produktas\/sumaistis-kaip-salys-isgyvena-krizes\/#primaryimage"},"thumbnailUrl":"https:\/\/skaitytaknyga.lt\/wp-content\/uploads\/2025\/06\/Sumaistis-kaip-salys-isgyvena-krizes.webp","datePublished":"2025-06-26T11:31:52+00:00","dateModified":"2025-06-26T12:06:29+00:00","description":"\u201eGinkl\u0173, mikrob\u0173 ir plieno\" \u2013 knygos, laikomos viena svarbiausi\u0173 norint suvokti civilizacij\u0173 raid\u0105, \u2013 autorius dabar paai\u0161kina, kaip \u012fvairi\u0173 krizi\u0173","breadcrumb":{"@id":"https:\/\/skaitytaknyga.lt\/produktas\/sumaistis-kaip-salys-isgyvena-krizes\/#breadcrumb"},"inLanguage":"en-GB","potentialAction":[{"@type":"ReadAction","target":["https:\/\/skaitytaknyga.lt\/produktas\/sumaistis-kaip-salys-isgyvena-krizes\/"]}]},{"@type":"ImageObject","inLanguage":"en-GB","@id":"https:\/\/skaitytaknyga.lt\/produktas\/sumaistis-kaip-salys-isgyvena-krizes\/#primaryimage","url":"https:\/\/skaitytaknyga.lt\/wp-content\/uploads\/2025\/06\/Sumaistis-kaip-salys-isgyvena-krizes.webp","contentUrl":"https:\/\/skaitytaknyga.lt\/wp-content\/uploads\/2025\/06\/Sumaistis-kaip-salys-isgyvena-krizes.webp","width":527,"height":801,"caption":"Sumai\u0161tis: kaip \u0161alys i\u0161gyvena krizes"},{"@type":"BreadcrumbList","@id":"https:\/\/skaitytaknyga.lt\/produktas\/sumaistis-kaip-salys-isgyvena-krizes\/#breadcrumb","itemListElement":[{"@type":"ListItem","position":1,"name":"Home","item":"https:\/\/skaitytaknyga.lt\/"},{"@type":"ListItem","position":2,"name":"Parduotuv\u0117","item":"https:\/\/skaitytaknyga.lt\/knygu-parduotuve\/"},{"@type":"ListItem","position":3,"name":"Sumai\u0161tis: kaip \u0161alys i\u0161gyvena krizes"}]},{"@type":"WebSite","@id":"https:\/\/skaitytaknyga.lt\/#website","url":"https:\/\/skaitytaknyga.lt\/","name":"skaitytaknyga.lt","description":"Skaitytaknyga.lt \u2013 tai ma\u017eas \u0161eimos verslas, kuris prasid\u0117jo nuo meil\u0117s knygoms ir siekio i\u0161gelb\u0117ti knygas nuo likimo prie konteinerio. Kas vienam nereikalingas daiktas \u2013 kitam lobis, o mes esame tarpininkai, kurie padeda abiems tapti laimingesniems ???? \u017dinome kaip nelengva i\u0161gyventi ma\u017eiems verslams, tad nuo \u0161iol, \u010dia rasite ir kit\u0173, ma\u017e\u0173 \u0161eim\u0173 versl\u0173, rank\u0173 darbo, dovan\u0173 sau ir artimiesiems.","publisher":{"@id":"https:\/\/skaitytaknyga.lt\/#organization"},"potentialAction":[{"@type":"SearchAction","target":{"@type":"EntryPoint","urlTemplate":"https:\/\/skaitytaknyga.lt\/?s={search_term_string}"},"query-input":{"@type":"PropertyValueSpecification","valueRequired":true,"valueName":"search_term_string"}}],"inLanguage":"en-GB"},{"@type":"Organization","@id":"https:\/\/skaitytaknyga.lt\/#organization","name":"skaitytaknyga.lt","url":"https:\/\/skaitytaknyga.lt\/","logo":{"@type":"ImageObject","inLanguage":"en-GB","@id":"https:\/\/skaitytaknyga.lt\/#\/schema\/logo\/image\/","url":"https:\/\/skaitytaknyga.lt\/wp-content\/uploads\/2024\/05\/cropped-cropped-cropped-02_00843_jt3bggkj1j3HLc7SyY6rEUpg.jpeg","contentUrl":"https:\/\/skaitytaknyga.lt\/wp-content\/uploads\/2024\/05\/cropped-cropped-cropped-02_00843_jt3bggkj1j3HLc7SyY6rEUpg.jpeg","width":1600,"height":1600,"caption":"skaitytaknyga.lt"},"image":{"@id":"https:\/\/skaitytaknyga.lt\/#\/schema\/logo\/image\/"},"sameAs":["https:\/\/www.facebook.com\/skaitytaknyga\/"]}]}},"_links":{"self":[{"href":"https:\/\/skaitytaknyga.lt\/en\/wp-json\/wp\/v2\/product\/19048","targetHints":{"allow":["GET"]}}],"collection":[{"href":"https:\/\/skaitytaknyga.lt\/en\/wp-json\/wp\/v2\/product"}],"about":[{"href":"https:\/\/skaitytaknyga.lt\/en\/wp-json\/wp\/v2\/types\/product"}],"replies":[{"embeddable":true,"href":"https:\/\/skaitytaknyga.lt\/en\/wp-json\/wp\/v2\/comments?post=19048"}],"wp:featuredmedia":[{"embeddable":true,"href":"https:\/\/skaitytaknyga.lt\/en\/wp-json\/wp\/v2\/media\/19053"}],"wp:attachment":[{"href":"https:\/\/skaitytaknyga.lt\/en\/wp-json\/wp\/v2\/media?parent=19048"}],"wp:term":[{"taxonomy":"product_brand","embeddable":true,"href":"https:\/\/skaitytaknyga.lt\/en\/wp-json\/wp\/v2\/product_brand?post=19048"},{"taxonomy":"product_cat","embeddable":true,"href":"https:\/\/skaitytaknyga.lt\/en\/wp-json\/wp\/v2\/product_cat?post=19048"},{"taxonomy":"product_tag","embeddable":true,"href":"https:\/\/skaitytaknyga.lt\/en\/wp-json\/wp\/v2\/product_tag?post=19048"}],"curies":[{"name":"wp","href":"https:\/\/api.w.org\/{rel}","templated":true}]}}